{"id":9796,"date":"2021-06-11T01:30:52","date_gmt":"2021-06-11T05:30:52","guid":{"rendered":"https:\/\/thelitigator.com\/charlotte-nc\/workers-compensation-lawyers\/"},"modified":"2023-09-17T19:58:51","modified_gmt":"2023-09-17T23:58:51","slug":"abogados-de-compensacion-laboral","status":"publish","type":"page","link":"https:\/\/thelitigator.com\/es\/charlotte-nc\/abogados-de-compensacion-laboral\/","title":{"rendered":"ABOGADOS DE COMPENSACI\u00d3N LABORAL DE CHARLOTTE"},"content":{"rendered":"\n<h2 class=\"wp-block-heading\">\u00bfQu\u00e9 es la Compensaci\u00f3n Laboral y c\u00f3mo funciona?<\/h2>\n\n\n\n<p>Seg\u00fan la Ley de Compensaci\u00f3n Laboral de Carolina del Norte, todos los empleadores deben tener un seguro de compensaci\u00f3n laboral si tienen tres o m\u00e1s empleados.&nbsp;Esta ley se aplica a casi todos los empleadores de Charlotte, sin importar su industria o tipo de empresa.&nbsp;En algunas situaciones, es posible que un empleador tenga que proporcionar cobertura de compensaci\u00f3n laboral sin importar cu\u00e1ntas personas emplee.&nbsp;Por ejemplo, todas las empresas que tienen empleados que trabajan en presencia de radiaci\u00f3n deben ofrecer compensaci\u00f3n laboral.&nbsp;<\/p>\n\n\n\n<p>Las industrias que est\u00e1n exentas de la ley incluyen aquellas que emplean&nbsp;empleados eventuales, empleados dom\u00e9sticos, empleados de ciertos ferrocarriles, empleados del gobierno federal en Carolina del Norte y algunos vendedores de productos agr\u00edcolas.&nbsp;&nbsp;<\/p>\n\n\n\n<p>Si un empleador debe tener un seguro de compensaci\u00f3n laboral y&nbsp;no&nbsp;tiene cobertura o no sigue la ley, podr\u00eda recibir multas o encarcelamiento.<\/p>\n\n\n\n<h2 class=\"wp-block-heading\">\u00bfQu\u00e9 debe hacer si se lesiona en el trabajo en Charlotte?<\/h2>\n\n\n\n<p>Si se lesiona en el trabajo en Charlotte, debe notificar a su empleador de manera oportuna. Documente su lesi\u00f3n y c\u00f3mo se siente todos los d\u00edas. El siguiente paso es buscar tratamiento m\u00e9dico, incluso si no cree que la lesi\u00f3n sea grave. Las lesiones aparentemente leves suelen convertirse en graves. Si su reclamo es complejo o recibi\u00f3 una denegaci\u00f3n, comun\u00edquese de inmediato con los abogados de compensaci\u00f3n laboral de Charlotte en las Oficinas Legales de Jason E. Taylor P.C.<\/p>\n\n\n\n<h2 class=\"wp-block-heading\">\u00bfCu\u00e1les son los desaf\u00edos comunes a las reclamaciones de compensaci\u00f3n laboral?<\/h2>\n\n\n\n<p>Si se est\u00e1 preparando para presentar un caso de compensaci\u00f3n laboral en Charlotte, comprenda que podr\u00eda enfrentar desaf\u00edos en el camino.&nbsp;Sin embargo, no todas las denegaciones son injustificadas.&nbsp;En los casos en que las lesiones de un empleado sean el resultado de actos intencionales, el jugueteo mientras trabaja o actividades realizadas bajo la influencia de drogas o alcohol, los beneficios de compensaci\u00f3n laboral&nbsp;no se&nbsp;aplicar\u00e1n.&nbsp;Otras denegaciones implican un descuido accidental del empleado, incluyendo el no poder comprobar que la lesi\u00f3n estaba relacionada con el trabajo, no notificar al empleador dentro del l\u00edmite de tiempo, no seguir el tratamiento o cometer errores en los formularios.&nbsp;<\/p>\n\n\n\n<p>En algunas situaciones, la compa\u00f1\u00eda aseguradora de compensaci\u00f3n laboral comete un error. Recuerde, estas compa\u00f1\u00edas de seguros son negocios con fines de lucro y su objetivo es reducir o eliminar el monto de su pago. Pueden afirmar que sus lesiones son exageradas, preexistentes o no relacionadas con el trabajo. Es posible que le autoricen a regresar al trabajo incluso si no est\u00e1 de acuerdo, o podr\u00edan cuestionar su estado de elegibilidad diciendo que es un contratista independiente, aunque claramente cumpla con la definici\u00f3n de empleado.<\/p>\n\n\n\n<h2 class=\"wp-block-heading\">\u00bfNecesita un abogado de compensaci\u00f3n laboral en Charlotte?<\/h2>\n\n\n\n<p>Si una compa\u00f1\u00eda de seguros niega su reclamo, hable con nuestros abogados de compensaci\u00f3n laboral de Charlotte de inmediato. Debido a que probablemente no est\u00e9 familiarizado con el proceso legal, corre el riesgo de perder el derecho a sus beneficios si no obtiene la ayuda de un abogado. Su abogado de compensaci\u00f3n laboral puede ayudarlo a luchar por los beneficios que se merece.<\/p>\n\n\n\n<h2 class=\"wp-block-heading\">\u00bfQu\u00e9 papel desempe\u00f1a la Comisi\u00f3n Industrial de Carolina del Norte (CICN) en estos casos?<\/h2>\n\n\n\n<p>La CICN supervisa directamente la Ley de Compensaci\u00f3n Laboral de Carolina del Norte y administra la ley trabajando hacia resoluciones de reclamos en disputa. Intentar\u00e1 resolver una disputa recomendando la mediaci\u00f3n y proporcionando una decisi\u00f3n imparcial. La agencia estatal tambi\u00e9n investiga presuntas violaciones criminales de la ley y brinda capacitaci\u00f3n a los empleadores para ayudar a reducir los posibles accidentes en el lugar de trabajo. La CICN puede facilitar la atenci\u00f3n m\u00e9dica y la rehabilitaci\u00f3n de los trabajadores lesionados cuando sea necesario.<\/p>\n\n\n\n<h2 class=\"wp-block-heading\">\u00bfC\u00f3mo solicitar Compensaci\u00f3n Laboral en Charlotte?<\/h2>\n\n\n\n<p>Informe a su empleador sobre cualquier accidente o enfermedad relacionada con el trabajo y busque tratamiento m\u00e9dico de inmediato.&nbsp;Su empleador debe describir el protocolo de compensaci\u00f3n laboral de la empresa.&nbsp;Antes de poder presentar una reclamaci\u00f3n, necesita un diagn\u00f3stico m\u00e9dico.&nbsp;Cuando busque tratamiento, inf\u00f3rmele al m\u00e9dico que su lesi\u00f3n o enfermedad est\u00e1 relacionada con su trabajo y proporcione el nombre y la informaci\u00f3n de contacto de su empleador para que sepan a qui\u00e9n facturar.&nbsp;<\/p>\n\n\n\n<p>A continuaci\u00f3n, debe proporcionar una notificaci\u00f3n por escrito a su empleador dentro de los 30 d\u00edas. Guarde una copia de la carta para sus registros. Si tiene otras pruebas, como fotograf\u00edas, guarde tambi\u00e9n copias de estas en sus registros. Su m\u00e9dico de compensaci\u00f3n laboral desarrollar\u00e1 un plan de tratamiento, que debe seguir. De lo contrario, la compa\u00f1\u00eda de seguros podr\u00eda rechazar su reclamo por no seguir el tratamiento recomendado.<\/p>\n\n\n\n<h2 class=\"wp-block-heading\">\u00bfCu\u00e1nto tiempo tiene para solicitar los beneficios de Compensaci\u00f3n Laboral?<\/h2>\n\n\n\n<p>Debe informar a su empleador en un plazo de 30 d\u00edas de su accidente o enfermedad.&nbsp;Puede presentar un Formulario 18 ante la CICN, que a menudo satisface el requisito de 30 d\u00edas.&nbsp;El estatuto de limitaciones o la ley de prescripci\u00f3n para los casos de compensaci\u00f3n laboral es de dos a\u00f1os.&nbsp;Si para entonces no tiene archivado el formulario 18 con la CICN, perder\u00e1 su derecho a los beneficios.<\/p>\n\n\n\n<h2 class=\"wp-block-heading\">\u00bfQu\u00e9 sucede si le niegan los beneficios de Compensaci\u00f3n Laboral?<\/h2>\n\n\n\n<p>Si su reclamo es denegado, no se asuste.&nbsp; No&nbsp;quiere decir que no obtendr\u00e1 beneficios.&nbsp;Tiene varias opciones de apelaci\u00f3n, pero el tiempo es muy limitado.&nbsp;Por ejemplo, solo tiene 14 d\u00edas a partir de la fecha en que recibe la denegaci\u00f3n para presentar una apelaci\u00f3n.&nbsp;Por&nbsp;eso es tan importante ponerse en contacto con un abogado de inmediato.&nbsp;<\/p>\n\n\n\n<h2 class=\"wp-block-heading\">Preguntas Frecuentes<\/h2>\n\n\n\n<p>Comprensiblemente, los clientes potenciales tienen muchas preguntas sobre c\u00f3mo funcionan los beneficios de compensaci\u00f3n laboral.&nbsp;Aqu\u00ed est\u00e1n las respuestas a las preguntas comunes que recibimos:<\/p>\n\n\n\n<h2 class=\"wp-block-heading\" id=\"elementor-tab-title-1821\"><a>\u00bfPuede ser despedido mientras est\u00e9 en Compensaci\u00f3n Laboral?<\/a><\/h2>\n\n\n\n<p>En Charlotte, no puede ser despedido por presentar un reclamo de compensaci\u00f3n laboral o como acto de represalia.&nbsp;Sin embargo, puede ser despedido por una raz\u00f3n leg\u00edtima mientras recibe beneficios de compensaci\u00f3n laboral.&nbsp;Si sus lesiones lo llevaron al despido, entonces podr\u00eda ser elegible para recibir el reintegro de los beneficios por discapacidad temporal total o parcial.&nbsp;<\/p>\n\n\n\n<h2 class=\"wp-block-heading\" id=\"elementor-tab-title-1822\"><a>\u00bfPuedes demandar si aceptas Compensaci\u00f3n Laboral?<\/a><\/h2>\n\n\n\n<p>Por lo general, no puede demandar a su empleador si recibe beneficios de compensaci\u00f3n laboral.&nbsp;Sin embargo, es posible que tenga la opci\u00f3n de presentar una demanda contra un tercero que contribuy\u00f3 a sus lesiones.&nbsp;Por ejemplo, si estaba haciendo un tr\u00e1mite relacionado con el trabajo en un autom\u00f3vil y fue atropellado por otro veh\u00edculo, podr\u00eda presentar una demanda contra el conductor.&nbsp;Esa demanda ser\u00eda independiente de los beneficios de compensaci\u00f3n laboral.<\/p>\n\n\n\n<h2 class=\"wp-block-heading\" id=\"elementor-tab-title-1823\"><a>\u00bfLa Compensaci\u00f3n Laboral siempre ofrece un acuerdo de resoluci\u00f3n?<\/a><\/h2>\n\n\n\n<p>Recibir beneficios&nbsp;no&nbsp;garantiza que recibir\u00e1 una oferta de acuerdo.&nbsp;No todos los casos en Charlotte se resuelven y usted no puede obligar a la compa\u00f1\u00eda de seguros de compensaci\u00f3n laboral a que lo haga.&nbsp;Dependiendo de sus circunstancias, podr\u00eda ser mejor dejar su caso abierto.&nbsp;En algunas situaciones, la compa\u00f1\u00eda de seguros podr\u00eda ofrecerle una suma global para resolver su reclamo de compensaci\u00f3n laboral, lo que cerrar\u00eda su caso por completo.&nbsp;Eso significa que, si sufre problemas en el futuro y necesita tratamiento m\u00e9dico adicional, no puede regresar por m\u00e1s dinero o beneficios.&nbsp;<\/p>\n\n\n\n<h2 class=\"wp-block-heading\" id=\"elementor-tab-title-1824\"><a>\u00bfTengo que pagar impuestos por un acuerdo en Compensaci\u00f3n Laboral?<\/a><\/h2>\n\n\n\n<p>No, no est\u00e1 obligado a enumerar los beneficios de compensaci\u00f3n laboral como ingresos gravables en sus impuestos federales o estatales de Carolina del Norte.&nbsp;Lo mismo se aplica si recibe un acuerdo de suma global de la compa\u00f1\u00eda de compensaci\u00f3n laboral.&nbsp;Sin embargo, en algunas situaciones, los pagos de compensaci\u00f3n laboral se vuelven m\u00e1s complicados y, como resultado, es posible que vea implicaciones fiscales.&nbsp;Por ejemplo, si recibe beneficios por discapacidad del Seguro Social (SSD) al mismo tiempo que la compensaci\u00f3n laboral, podr\u00eda ver los fondos informados a trav\u00e9s de su estado de cuenta de SSD.&nbsp;<\/p>\n\n\n\n<h2 class=\"wp-block-heading\" id=\"elementor-tab-title-1825\"><a>\u00bfTengo que comprobar la negligencia del empleador en Charlotte?<\/a><\/h2>\n\n\n\n<p>No, no es necesario que demuestre que su empleador o compa\u00f1ero de trabajo hizo algo que le provoc\u00f3 una lesi\u00f3n o una enfermedad.&nbsp;Incluso si su propia negligencia contribuy\u00f3 a su&nbsp;lesi\u00f3n,&nbsp;no&nbsp;contar\u00e1 en su contra.&nbsp;El sistema de compensaci\u00f3n laboral est\u00e1 configurado como un programa sin culpa para garantizar que obtenga los beneficios a los&nbsp;que tiene&nbsp;derecho cuando sufre una lesi\u00f3n o enfermedad en el trabajo.&nbsp;<\/p>\n\n\n\n<h2 class=\"wp-block-heading\">Comun\u00edquese con nuestros abogados de Compensaci\u00f3n Laboral en Charlotte, NC.<\/h2>\n\n\n\n<p>Si est\u00e1 presentando un reclamo de compensaci\u00f3n laboral y tiene preguntas, comun\u00edquese hoy mismo con los abogados de compensaci\u00f3n laboral de Charlotte en las Oficinas Legales de Jason E. Taylor PC. Tenemos a\u00f1os de experiencia tratando con los beneficios de compensaci\u00f3n laboral de Carolina del Norte. Hemos representado a muchos clientes para ayudarlos a obtener con \u00e9xito los beneficios de compensaci\u00f3n laboral y el acuerdo que merecen. Para saber c\u00f3mo podemos ayudarlo, comun\u00edquese con nuestra oficina hoy mismo y programe una consulta.<\/p>\n","protected":false},"excerpt":{"rendered":"<p>Cuando se lesiona en el trabajo, espera que la compensaci\u00f3n laboral de su empleador proporcione pagos muy necesarios para cubrir el tiempo en el que se encuentra imposibilitado para trabajar adem\u00e1s de sus facturas m\u00e9dicas. Desafortunadamente, algunas reclamaciones leg\u00edtimas terminan injustamente denegadas, esto puede suceder por una variedad de razones, pero independientemente de la causa, sepa que tiene derecho a apelar la decisi\u00f3n si cree que fue un error. <\/p>\n<p>No se rinda sin antes hablar con un abogado de compensaci\u00f3n laboral en Charlotte, NC. en las Oficinas Legales de Jason E. Taylor PC ayudamos a trabajadores como usted, que merecen beneficios de compensaci\u00f3n laboral. <\/p>\n","protected":false},"author":8,"featured_media":9120,"parent":9731,"menu_order":0,"comment_status":"closed","ping_status":"closed","template":"","meta":{"_acf_changed":false,"footnotes":""},"categories":[1297,1447],"tags":[],"attorney":[],"class_list":["post-9796","page","type-page","status-publish","has-post-thumbnail","hentry","category-charlotte-es","category-workers-compensation-es"],"acf":[],"yoast_head":"<!-- This site is optimized with the Yoast SEO plugin v27.5 - https:\/\/yoast.com\/product\/yoast-seo-wordpress\/ -->\n<title>Abogados de Compensaci\u00f3n Laboral de Charlotte<\/title>\n<meta name=\"description\" content=\"Si est\u00e1 presentando un reclamo de compensaci\u00f3n para trabajadores y tiene preguntas, comun\u00edquese con los abogados de compensaci\u00f3n para trabajadores de Charlotte en las Oficinas Legales de Jason E. Taylor P.C. hoy.\" \/>\n<meta name=\"robots\" content=\"index, follow, max-snippet:-1, max-image-preview:large, max-video-preview:-1\" \/>\n<link rel=\"canonical\" href=\"https:\/\/thelitigator.com\/es\/charlotte-nc\/abogados-de-compensacion-laboral\/\" \/>\n<meta property=\"og:locale\" content=\"es_ES\" \/>\n<meta property=\"og:type\" content=\"article\" \/>\n<meta property=\"og:title\" content=\"Abogados de Compensaci\u00f3n Laboral de Charlotte\" \/>\n<meta property=\"og:description\" content=\"Si est\u00e1 presentando un reclamo de compensaci\u00f3n para trabajadores y tiene preguntas, comun\u00edquese con los abogados de compensaci\u00f3n para trabajadores de Charlotte en las Oficinas Legales de Jason E. Taylor P.C. hoy.\" \/>\n<meta property=\"og:url\" content=\"https:\/\/thelitigator.com\/es\/charlotte-nc\/abogados-de-compensacion-laboral\/\" \/>\n<meta property=\"og:site_name\" content=\"Taylor | Serbin Injury Lawyers\" \/>\n<meta property=\"article:publisher\" content=\"https:\/\/www.facebook.com\/TheLawOfficesOfJasonETaylor\/\" \/>\n<meta property=\"article:modified_time\" content=\"2023-09-17T23:58:51+00:00\" \/>\n<meta property=\"og:image\" content=\"https:\/\/thelitigator.com\/wp-content\/uploads\/2023\/05\/workers-comp-cases.png\" \/>\n\t<meta property=\"og:image:width\" content=\"973\" \/>\n\t<meta property=\"og:image:height\" content=\"943\" \/>\n\t<meta property=\"og:image:type\" content=\"image\/png\" \/>\n<meta name=\"twitter:card\" content=\"summary_large_image\" \/>\n<meta name=\"twitter:site\" content=\"@lawyerjet\" \/>\n<meta name=\"twitter:label1\" content=\"Est. reading time\" \/>\n\t<meta name=\"twitter:data1\" content=\"7 minutes\" \/>\n<script type=\"application\/ld+json\" class=\"yoast-schema-graph\">{\"@context\":\"https:\\\/\\\/schema.org\",\"@graph\":[{\"@type\":\"WebPage\",\"@id\":\"https:\\\/\\\/thelitigator.com\\\/es\\\/charlotte-nc\\\/abogados-de-compensacion-laboral\\\/\",\"url\":\"https:\\\/\\\/thelitigator.com\\\/es\\\/charlotte-nc\\\/abogados-de-compensacion-laboral\\\/\",\"name\":\"Abogados de Compensaci\u00f3n Laboral de Charlotte\",\"isPartOf\":{\"@id\":\"https:\\\/\\\/thelitigator.com\\\/es\\\/#website\"},\"primaryImageOfPage\":{\"@id\":\"https:\\\/\\\/thelitigator.com\\\/es\\\/charlotte-nc\\\/abogados-de-compensacion-laboral\\\/#primaryimage\"},\"image\":{\"@id\":\"https:\\\/\\\/thelitigator.com\\\/es\\\/charlotte-nc\\\/abogados-de-compensacion-laboral\\\/#primaryimage\"},\"thumbnailUrl\":\"https:\\\/\\\/thelitigator.com\\\/wp-content\\\/uploads\\\/2023\\\/05\\\/workers-comp-cases.png\",\"datePublished\":\"2021-06-11T05:30:52+00:00\",\"dateModified\":\"2023-09-17T23:58:51+00:00\",\"description\":\"Si est\u00e1 presentando un reclamo de compensaci\u00f3n para trabajadores y tiene preguntas, comun\u00edquese con los abogados de compensaci\u00f3n para trabajadores de Charlotte en las Oficinas Legales de Jason E. Taylor P.C. hoy.\",\"breadcrumb\":{\"@id\":\"https:\\\/\\\/thelitigator.com\\\/es\\\/charlotte-nc\\\/abogados-de-compensacion-laboral\\\/#breadcrumb\"},\"inLanguage\":\"es-US\",\"potentialAction\":[{\"@type\":\"ReadAction\",\"target\":[\"https:\\\/\\\/thelitigator.com\\\/es\\\/charlotte-nc\\\/abogados-de-compensacion-laboral\\\/\"]}]},{\"@type\":\"ImageObject\",\"inLanguage\":\"es-US\",\"@id\":\"https:\\\/\\\/thelitigator.com\\\/es\\\/charlotte-nc\\\/abogados-de-compensacion-laboral\\\/#primaryimage\",\"url\":\"https:\\\/\\\/thelitigator.com\\\/wp-content\\\/uploads\\\/2023\\\/05\\\/workers-comp-cases.png\",\"contentUrl\":\"https:\\\/\\\/thelitigator.com\\\/wp-content\\\/uploads\\\/2023\\\/05\\\/workers-comp-cases.png\",\"width\":973,\"height\":943,\"caption\":\"Workers' Compensation For Construction Workers in North and South Carolina\"},{\"@type\":\"BreadcrumbList\",\"@id\":\"https:\\\/\\\/thelitigator.com\\\/es\\\/charlotte-nc\\\/abogados-de-compensacion-laboral\\\/#breadcrumb\",\"itemListElement\":[{\"@type\":\"ListItem\",\"position\":1,\"name\":\"Home\",\"item\":\"https:\\\/\\\/thelitigator.com\\\/es\\\/\"},{\"@type\":\"ListItem\",\"position\":2,\"name\":\"Abogados de lesiones personales de Charlotte\",\"item\":\"https:\\\/\\\/thelitigator.com\\\/es\\\/charlotte-nc\\\/\"},{\"@type\":\"ListItem\",\"position\":3,\"name\":\"ABOGADOS DE COMPENSACI\u00d3N LABORAL DE CHARLOTTE\"}]},{\"@type\":\"WebSite\",\"@id\":\"https:\\\/\\\/thelitigator.com\\\/es\\\/#website\",\"url\":\"https:\\\/\\\/thelitigator.com\\\/es\\\/\",\"name\":\"Taylor | Serbin Injury Lawyers\",\"description\":\"Taylor | Serbin Injury Lawyers Serving North and South Carolina Areas\",\"publisher\":{\"@id\":\"https:\\\/\\\/thelitigator.com\\\/es\\\/#organization\"},\"potentialAction\":[{\"@type\":\"SearchAction\",\"target\":{\"@type\":\"EntryPoint\",\"urlTemplate\":\"https:\\\/\\\/thelitigator.com\\\/es\\\/?s={search_term_string}\"},\"query-input\":{\"@type\":\"PropertyValueSpecification\",\"valueRequired\":true,\"valueName\":\"search_term_string\"}}],\"inLanguage\":\"es-US\"},{\"@type\":\"Organization\",\"@id\":\"https:\\\/\\\/thelitigator.com\\\/es\\\/#organization\",\"name\":\"Taylor | Serbin Injury Lawyers\",\"url\":\"https:\\\/\\\/thelitigator.com\\\/es\\\/\",\"logo\":{\"@type\":\"ImageObject\",\"inLanguage\":\"es-US\",\"@id\":\"https:\\\/\\\/thelitigator.com\\\/es\\\/#\\\/schema\\\/logo\\\/image\\\/\",\"url\":\"https:\\\/\\\/thelitigator.com\\\/wp-content\\\/uploads\\\/2025\\\/12\\\/TSL-brand-final-01.svg\",\"contentUrl\":\"https:\\\/\\\/thelitigator.com\\\/wp-content\\\/uploads\\\/2025\\\/12\\\/TSL-brand-final-01.svg\",\"width\":288,\"height\":198,\"caption\":\"Taylor | Serbin Injury Lawyers\"},\"image\":{\"@id\":\"https:\\\/\\\/thelitigator.com\\\/es\\\/#\\\/schema\\\/logo\\\/image\\\/\"},\"sameAs\":[\"https:\\\/\\\/www.facebook.com\\\/TheLawOfficesOfJasonETaylor\\\/\",\"https:\\\/\\\/x.com\\\/lawyerjet\"]}]}<\/script>\n<!-- \/ Yoast SEO plugin. -->","yoast_head_json":{"title":"Abogados de Compensaci\u00f3n Laboral de Charlotte","description":"Si est\u00e1 presentando un reclamo de compensaci\u00f3n para trabajadores y tiene preguntas, comun\u00edquese con los abogados de compensaci\u00f3n para trabajadores de Charlotte en las Oficinas Legales de Jason E. Taylor P.C. hoy.","robots":{"index":"index","follow":"follow","max-snippet":"max-snippet:-1","max-image-preview":"max-image-preview:large","max-video-preview":"max-video-preview:-1"},"canonical":"https:\/\/thelitigator.com\/es\/charlotte-nc\/abogados-de-compensacion-laboral\/","og_locale":"es_ES","og_type":"article","og_title":"Abogados de Compensaci\u00f3n Laboral de Charlotte","og_description":"Si est\u00e1 presentando un reclamo de compensaci\u00f3n para trabajadores y tiene preguntas, comun\u00edquese con los abogados de compensaci\u00f3n para trabajadores de Charlotte en las Oficinas Legales de Jason E. Taylor P.C. hoy.","og_url":"https:\/\/thelitigator.com\/es\/charlotte-nc\/abogados-de-compensacion-laboral\/","og_site_name":"Taylor | Serbin Injury Lawyers","article_publisher":"https:\/\/www.facebook.com\/TheLawOfficesOfJasonETaylor\/","article_modified_time":"2023-09-17T23:58:51+00:00","og_image":[{"width":973,"height":943,"url":"https:\/\/thelitigator.com\/wp-content\/uploads\/2023\/05\/workers-comp-cases.png","type":"image\/png"}],"twitter_card":"summary_large_image","twitter_site":"@lawyerjet","twitter_misc":{"Est. reading time":"7 minutes"},"schema":{"@context":"https:\/\/schema.org","@graph":[{"@type":"WebPage","@id":"https:\/\/thelitigator.com\/es\/charlotte-nc\/abogados-de-compensacion-laboral\/","url":"https:\/\/thelitigator.com\/es\/charlotte-nc\/abogados-de-compensacion-laboral\/","name":"Abogados de Compensaci\u00f3n Laboral de Charlotte","isPartOf":{"@id":"https:\/\/thelitigator.com\/es\/#website"},"primaryImageOfPage":{"@id":"https:\/\/thelitigator.com\/es\/charlotte-nc\/abogados-de-compensacion-laboral\/#primaryimage"},"image":{"@id":"https:\/\/thelitigator.com\/es\/charlotte-nc\/abogados-de-compensacion-laboral\/#primaryimage"},"thumbnailUrl":"https:\/\/thelitigator.com\/wp-content\/uploads\/2023\/05\/workers-comp-cases.png","datePublished":"2021-06-11T05:30:52+00:00","dateModified":"2023-09-17T23:58:51+00:00","description":"Si est\u00e1 presentando un reclamo de compensaci\u00f3n para trabajadores y tiene preguntas, comun\u00edquese con los abogados de compensaci\u00f3n para trabajadores de Charlotte en las Oficinas Legales de Jason E. Taylor P.C. hoy.","breadcrumb":{"@id":"https:\/\/thelitigator.com\/es\/charlotte-nc\/abogados-de-compensacion-laboral\/#breadcrumb"},"inLanguage":"es-US","potentialAction":[{"@type":"ReadAction","target":["https:\/\/thelitigator.com\/es\/charlotte-nc\/abogados-de-compensacion-laboral\/"]}]},{"@type":"ImageObject","inLanguage":"es-US","@id":"https:\/\/thelitigator.com\/es\/charlotte-nc\/abogados-de-compensacion-laboral\/#primaryimage","url":"https:\/\/thelitigator.com\/wp-content\/uploads\/2023\/05\/workers-comp-cases.png","contentUrl":"https:\/\/thelitigator.com\/wp-content\/uploads\/2023\/05\/workers-comp-cases.png","width":973,"height":943,"caption":"Workers' Compensation For Construction Workers in North and South Carolina"},{"@type":"BreadcrumbList","@id":"https:\/\/thelitigator.com\/es\/charlotte-nc\/abogados-de-compensacion-laboral\/#breadcrumb","itemListElement":[{"@type":"ListItem","position":1,"name":"Home","item":"https:\/\/thelitigator.com\/es\/"},{"@type":"ListItem","position":2,"name":"Abogados de lesiones personales de Charlotte","item":"https:\/\/thelitigator.com\/es\/charlotte-nc\/"},{"@type":"ListItem","position":3,"name":"ABOGADOS DE COMPENSACI\u00d3N LABORAL DE CHARLOTTE"}]},{"@type":"WebSite","@id":"https:\/\/thelitigator.com\/es\/#website","url":"https:\/\/thelitigator.com\/es\/","name":"Taylor | Serbin Injury Lawyers","description":"Taylor | Serbin Injury Lawyers Serving North and South Carolina Areas","publisher":{"@id":"https:\/\/thelitigator.com\/es\/#organization"},"potentialAction":[{"@type":"SearchAction","target":{"@type":"EntryPoint","urlTemplate":"https:\/\/thelitigator.com\/es\/?s={search_term_string}"},"query-input":{"@type":"PropertyValueSpecification","valueRequired":true,"valueName":"search_term_string"}}],"inLanguage":"es-US"},{"@type":"Organization","@id":"https:\/\/thelitigator.com\/es\/#organization","name":"Taylor | Serbin Injury Lawyers","url":"https:\/\/thelitigator.com\/es\/","logo":{"@type":"ImageObject","inLanguage":"es-US","@id":"https:\/\/thelitigator.com\/es\/#\/schema\/logo\/image\/","url":"https:\/\/thelitigator.com\/wp-content\/uploads\/2025\/12\/TSL-brand-final-01.svg","contentUrl":"https:\/\/thelitigator.com\/wp-content\/uploads\/2025\/12\/TSL-brand-final-01.svg","width":288,"height":198,"caption":"Taylor | Serbin Injury Lawyers"},"image":{"@id":"https:\/\/thelitigator.com\/es\/#\/schema\/logo\/image\/"},"sameAs":["https:\/\/www.facebook.com\/TheLawOfficesOfJasonETaylor\/","https:\/\/x.com\/lawyerjet"]}]}},"_links":{"self":[{"href":"https:\/\/thelitigator.com\/es\/wp-json\/wp\/v2\/pages\/9796","targetHints":{"allow":["GET"]}}],"collection":[{"href":"https:\/\/thelitigator.com\/es\/wp-json\/wp\/v2\/pages"}],"about":[{"href":"https:\/\/thelitigator.com\/es\/wp-json\/wp\/v2\/types\/page"}],"author":[{"embeddable":true,"href":"https:\/\/thelitigator.com\/es\/wp-json\/wp\/v2\/users\/8"}],"replies":[{"embeddable":true,"href":"https:\/\/thelitigator.com\/es\/wp-json\/wp\/v2\/comments?post=9796"}],"version-history":[{"count":0,"href":"https:\/\/thelitigator.com\/es\/wp-json\/wp\/v2\/pages\/9796\/revisions"}],"up":[{"embeddable":true,"href":"https:\/\/thelitigator.com\/es\/wp-json\/wp\/v2\/pages\/9731"}],"wp:featuredmedia":[{"embeddable":true,"href":"https:\/\/thelitigator.com\/es\/wp-json\/wp\/v2\/media\/9120"}],"wp:attachment":[{"href":"https:\/\/thelitigator.com\/es\/wp-json\/wp\/v2\/media?parent=9796"}],"wp:term":[{"taxonomy":"category","embeddable":true,"href":"https:\/\/thelitigator.com\/es\/wp-json\/wp\/v2\/categories?post=9796"},{"taxonomy":"post_tag","embeddable":true,"href":"https:\/\/thelitigator.com\/es\/wp-json\/wp\/v2\/tags?post=9796"},{"taxonomy":"attorney","embeddable":true,"href":"https:\/\/thelitigator.com\/es\/wp-json\/wp\/v2\/attorney?post=9796"}],"curies":[{"name":"wp","href":"https:\/\/api.w.org\/{rel}","templated":true}]}}