{"id":9795,"date":"2022-03-06T10:13:49","date_gmt":"2022-03-06T15:13:49","guid":{"rendered":"https:\/\/thelitigator.com\/charlotte-nc\/truck-accident-lawyers\/"},"modified":"2023-09-18T08:51:42","modified_gmt":"2023-09-18T12:51:42","slug":"abogados-de-accidentes-de-camiones","status":"publish","type":"page","link":"https:\/\/thelitigator.com\/es\/charlotte-nc\/abogados-de-accidentes-de-camiones\/","title":{"rendered":"Abogados de accidentes de camiones en Charlotte"},"content":{"rendered":"\n<h2 class=\"wp-block-heading\">\u00bfCu\u00e1les son las causas comunes de accidentes de camiones en Charlotte NC?<\/h2>\n\n\n\n<p>Seg\u00fan la Divisi\u00f3n de Veh\u00edculos Motorizados de Carolina del Norte, en 2020 ocurrieron m\u00e1s de 8,000 accidentes de camiones en Carolina del Norte. Muchos factores diferentes contribuyen a un accidente de cami\u00f3n con remolque. Algunas de las causas m\u00e1s comunes de estos accidentes incluyen:<\/p>\n\n\n\n<ul class=\"wp-block-list\">\n<li>Exceso de velocidad<\/li>\n\n\n\n<li>Fatiga del conductor<\/li>\n\n\n\n<li>Cargas mal aseguradas<\/li>\n\n\n\n<li>Camiones mal mantenidos<\/li>\n\n\n\n<li>Inatenci\u00f3n<\/li>\n<\/ul>\n\n\n\n<h2 class=\"wp-block-heading\">\u00bfCu\u00e1les son algunas diferencias entre un accidente automovil\u00edstico y un reclamo por accidente de cami\u00f3n en Charlotte, NC?<\/h2>\n\n\n\n<p>Si bien tanto los accidentes automovil\u00edsticos como los accidentes de camiones pueden provocar lesiones graves, existen algunas diferencias clave entre estos dos tipos de reclamos. Una de las diferencias m\u00e1s significativas es la cantidad de da\u00f1o que puede causar un cami\u00f3n. Debido a su tama\u00f1o y peso, los veh\u00edculos comerciales suelen causar m\u00e1s da\u00f1os que un autom\u00f3vil. Esto significa que las reclamaciones por accidentes de camiones tienden a ser m\u00e1s complejas y, a menudo, implican lesiones m\u00e1s graves.<\/p>\n\n\n\n<p>Si ha estado involucrado en un accidente de cami\u00f3n, es importante hablar con un abogado de accidentes de camiones. En Las Oficinas Legales de Jason E. Taylor, podemos ayudarlo a navegar leyes complejas de camiones.<\/p>\n\n\n\n<h2 class=\"wp-block-heading\">\u00bfCu\u00e1nto vale mi reclamo por accidente de cami\u00f3n?<\/h2>\n\n\n\n<p>Esta es una pregunta dif\u00edcil de responder, ya que el valor de un reclamo por accidente de cami\u00f3n puede variar mucho seg\u00fan los hechos espec\u00edficos del caso. Sin embargo, algunos factores que pueden tenerse en cuenta incluyen:<\/p>\n\n\n\n<ul class=\"wp-block-list\">\n<li>La gravedad de sus lesiones.<\/li>\n\n\n\n<li>El monto de los da\u00f1os causados \u200b\u200bpor el accidente.<\/li>\n\n\n\n<li>Sus salarios perdidos y gastos m\u00e9dicos<\/li>\n\n\n\n<li>Si necesitar\u00e1 o no tratamiento m\u00e9dico en el futuro<\/li>\n\n\n\n<li>El impacto que el accidente ha tenido en su vida.<\/li>\n<\/ul>\n\n\n\n<h2 class=\"wp-block-heading\">\u00bfC\u00f3mo se construye un caso de compensaci\u00f3n m\u00e1xima despu\u00e9s de un accidente de cami\u00f3n en Charlotte?<\/h2>\n\n\n\n<p>Cuando presenta un reclamo por accidente, nuestro objetivo es obtener la compensaci\u00f3n m\u00e1xima disponible para usted. Esto significa reunir tanta evidencia como sea posible para respaldar su reclamo y probar que la otra parte fue negligente. Un abogado calificado en accidentes de camiones en Charlotte puede ayudarlo a recopilar esta evidencia y garantizar que su caso se presente de la mejor manera posible.<\/p>\n\n\n\n<h2 class=\"wp-block-heading\">\u00bfC\u00f3mo presentar un reclamo por accidente de cami\u00f3n en Charlotte?<\/h2>\n\n\n\n<p>Si result\u00f3 lesionado en un accidente de cami\u00f3n, es importante que tome las medidas necesarias para proteger sus derechos. Esto incluye presentar un reclamo ante la parte correspondiente lo antes posible.<\/p>\n\n\n\n<p>A continuaci\u00f3n se detallan los pasos que debe seguir para presentar un reclamo por accidente en Charlotte:<\/p>\n\n\n\n<ul class=\"wp-block-list\">\n<li>Avisa a la polic\u00eda y a los servicios de emergencia<\/li>\n\n\n\n<li>Obtenga atenci\u00f3n m\u00e9dica para sus lesiones<\/li>\n\n\n\n<li>P\u00f3ngase en contacto con un abogado con experiencia en accidentes de camiones<\/li>\n\n\n\n<li>Reunir evidencia en la escena del accidente.<\/li>\n\n\n\n<li>Mantenga un registro detallado de sus gastos m\u00e9dicos y salarios perdidos<\/li>\n\n\n\n<li>Presente su reclamo a tiempo<\/li>\n<\/ul>\n\n\n\n<h2 class=\"wp-block-heading\">\u00bfC\u00f3mo puede ayudarme un abogado de accidentes de camiones en Charlotte?<\/h2>\n\n\n\n<p>Despu\u00e9s de un accidente de cami\u00f3n, es posible que enfrente lesiones graves, facturas m\u00e9dicas crecientes y salarios perdidos. Un abogado con experiencia en accidentes de camiones en Charlotte puede ayudarlo a obtener la compensaci\u00f3n que merece.<\/p>\n\n\n\n<p>Nuestros abogados de accidentes de camiones en Charlotte investigar\u00e1n a fondo y reunir\u00e1n la evidencia que necesita para construir un reclamo s\u00f3lido. Tambi\u00e9n negociaremos con la compa\u00f1\u00eda de seguros en su nombre y nos aseguraremos de que reciba la m\u00e1xima compensaci\u00f3n posible.<\/p>\n\n\n\n<h2 class=\"wp-block-heading\">\u00bfQui\u00e9n es responsable de un accidente de cami\u00f3n?<\/h2>\n\n\n\n<p>Determinar qui\u00e9n es responsable de un accidente de cami\u00f3n puede ser complicado. Muchas partes diferentes pueden ser responsables, incluido el conductor del cami\u00f3n, la empresa de transporte y el fabricante del cami\u00f3n o sus piezas.<\/p>\n\n\n\n<h3 class=\"wp-block-heading\">Condiciones peligrosas de la carretera<\/h3>\n\n\n\n<p>Las condiciones peligrosas de las carreteras tambi\u00e9n pueden ser un factor en los accidentes de camiones. Si el gobierno estatal o local es responsable del mantenimiento de la carretera y no lo hace, puede ser responsable de los da\u00f1os que resulten de un accidente.<\/p>\n\n\n\n<h3 class=\"wp-block-heading\">Conducir en estado de ebriedad<\/h3>\n\n\n\n<p>Si el conductor del cami\u00f3n conduc\u00eda en estado de ebriedad o bajo la influencia de drogas, puede ser responsable de los accidentes resultantes.<\/p>\n\n\n\n<h3 class=\"wp-block-heading\">Empresas de camiones<\/h3>\n\n\n\n<p>La empresa de camiones puede ser responsable de un accidente en algunos casos. Esto puede ocurrir si la empresa no mantuvo adecuadamente el cami\u00f3n o no realiz\u00f3 una inspecci\u00f3n de seguridad.<\/p>\n\n\n\n<h2 class=\"wp-block-heading\">Comun\u00edquese con nuestros abogados de accidentes de camiones en Charlotte, NC.<\/h2>\n\n\n\n<p>Los accidentes de camiones en Charlotte son cada vez m\u00e1s comunes a medida que la ciudad crece y aumenta la cantidad de camiones en las carreteras. Si ha resultado lesionado en uno debido a la negligencia o imprudencia de otra persona, merece una compensaci\u00f3n justa por sus lesiones.<\/p>\n\n\n\n<p>Nuestros abogados de accidentes tienen experiencia con reclamos complejos de accidentes de camiones, y no tenemos miedo de contratar compa\u00f1\u00edas de seguros para ayudarlo a obtener una compensaci\u00f3n justa. Cont\u00e1ctenos hoy para su consulta inicial gratuita y obtenga m\u00e1s informaci\u00f3n sobre lo que podemos hacer para ayudarlo. Responderemos sus preguntas y le explicaremos todas sus opciones legales.<\/p>\n","protected":false},"excerpt":{"rendered":"<p>Si result\u00f3 lesionado en un accidente de cami\u00f3n, es importante que hable con un abogado de accidentes de camiones de Charlotte lo antes posible. Un abogado calificado puede ayudarlo a comprender sus derechos y guiarlo a trav\u00e9s del proceso legal.<br \/>\nEn Las Oficinas Legales de Jason E. Taylor, tenemos a\u00f1os de experiencia ayudando a las v\u00edctimas de accidentes de camiones a obtener la compensaci\u00f3n que merecen. P\u00f3ngase en contacto con nosotros hoy para una consulta gratuita.<\/p>\n","protected":false},"author":8,"featured_media":8921,"parent":9731,"menu_order":0,"comment_status":"closed","ping_status":"closed","template":"","meta":{"_acf_changed":false,"footnotes":""},"categories":[1297,1429],"tags":[],"attorney":[],"class_list":["post-9795","page","type-page","status-publish","has-post-thumbnail","hentry","category-charlotte-es","category-truck-accidents-es"],"acf":[],"yoast_head":"<!-- This site is optimized with the Yoast SEO plugin v27.3 - https:\/\/yoast.com\/product\/yoast-seo-wordpress\/ -->\n<title>Abogados de Accidentes de Camiones en Charlotte, NC<\/title>\n<meta name=\"description\" content=\"Demasiadas personas son v\u00edctimas de la negligencia de otros y nuestros abogados de accidentes de camiones en Charlotte quieren ayudar.\" \/>\n<meta name=\"robots\" content=\"index, follow, max-snippet:-1, max-image-preview:large, max-video-preview:-1\" \/>\n<link rel=\"canonical\" href=\"https:\/\/thelitigator.com\/es\/charlotte-nc\/abogados-de-accidentes-de-camiones\/\" \/>\n<meta property=\"og:locale\" content=\"es_ES\" \/>\n<meta property=\"og:type\" content=\"article\" \/>\n<meta property=\"og:title\" content=\"Abogados de Accidentes de Camiones en Charlotte, NC\" \/>\n<meta property=\"og:description\" content=\"Demasiadas personas son v\u00edctimas de la negligencia de otros y nuestros abogados de accidentes de camiones en Charlotte quieren ayudar.\" \/>\n<meta property=\"og:url\" content=\"https:\/\/thelitigator.com\/es\/charlotte-nc\/abogados-de-accidentes-de-camiones\/\" \/>\n<meta property=\"og:site_name\" content=\"Taylor | Serbin Injury Lawyers\" \/>\n<meta property=\"article:publisher\" content=\"https:\/\/www.facebook.com\/TheLawOfficesOfJasonETaylor\/\" \/>\n<meta property=\"article:modified_time\" content=\"2023-09-18T12:51:42+00:00\" \/>\n<meta property=\"og:image\" content=\"https:\/\/thelitigator.com\/wp-content\/uploads\/2022\/05\/2022-05-18_20-46-39.png\" \/>\n\t<meta property=\"og:image:width\" content=\"712\" \/>\n\t<meta property=\"og:image:height\" content=\"371\" \/>\n\t<meta property=\"og:image:type\" content=\"image\/png\" \/>\n<meta name=\"twitter:card\" content=\"summary_large_image\" \/>\n<meta name=\"twitter:site\" content=\"@lawyerjet\" \/>\n<meta name=\"twitter:label1\" content=\"Est. reading time\" \/>\n\t<meta name=\"twitter:data1\" content=\"4 minutes\" \/>\n<script type=\"application\/ld+json\" class=\"yoast-schema-graph\">{\"@context\":\"https:\\\/\\\/schema.org\",\"@graph\":[{\"@type\":\"WebPage\",\"@id\":\"https:\\\/\\\/thelitigator.com\\\/es\\\/charlotte-nc\\\/abogados-de-accidentes-de-camiones\\\/\",\"url\":\"https:\\\/\\\/thelitigator.com\\\/es\\\/charlotte-nc\\\/abogados-de-accidentes-de-camiones\\\/\",\"name\":\"Abogados de Accidentes de Camiones en Charlotte, NC\",\"isPartOf\":{\"@id\":\"https:\\\/\\\/thelitigator.com\\\/es\\\/#website\"},\"primaryImageOfPage\":{\"@id\":\"https:\\\/\\\/thelitigator.com\\\/es\\\/charlotte-nc\\\/abogados-de-accidentes-de-camiones\\\/#primaryimage\"},\"image\":{\"@id\":\"https:\\\/\\\/thelitigator.com\\\/es\\\/charlotte-nc\\\/abogados-de-accidentes-de-camiones\\\/#primaryimage\"},\"thumbnailUrl\":\"https:\\\/\\\/thelitigator.com\\\/wp-content\\\/uploads\\\/2022\\\/05\\\/2022-05-18_20-46-39.png\",\"datePublished\":\"2022-03-06T15:13:49+00:00\",\"dateModified\":\"2023-09-18T12:51:42+00:00\",\"description\":\"Demasiadas personas son v\u00edctimas de la negligencia de otros y nuestros abogados de accidentes de camiones en Charlotte quieren ayudar.\",\"breadcrumb\":{\"@id\":\"https:\\\/\\\/thelitigator.com\\\/es\\\/charlotte-nc\\\/abogados-de-accidentes-de-camiones\\\/#breadcrumb\"},\"inLanguage\":\"es-US\",\"potentialAction\":[{\"@type\":\"ReadAction\",\"target\":[\"https:\\\/\\\/thelitigator.com\\\/es\\\/charlotte-nc\\\/abogados-de-accidentes-de-camiones\\\/\"]}]},{\"@type\":\"ImageObject\",\"inLanguage\":\"es-US\",\"@id\":\"https:\\\/\\\/thelitigator.com\\\/es\\\/charlotte-nc\\\/abogados-de-accidentes-de-camiones\\\/#primaryimage\",\"url\":\"https:\\\/\\\/thelitigator.com\\\/wp-content\\\/uploads\\\/2022\\\/05\\\/2022-05-18_20-46-39.png\",\"contentUrl\":\"https:\\\/\\\/thelitigator.com\\\/wp-content\\\/uploads\\\/2022\\\/05\\\/2022-05-18_20-46-39.png\",\"width\":712,\"height\":371,\"caption\":\"Concord Truck Accident Lawyers\"},{\"@type\":\"BreadcrumbList\",\"@id\":\"https:\\\/\\\/thelitigator.com\\\/es\\\/charlotte-nc\\\/abogados-de-accidentes-de-camiones\\\/#breadcrumb\",\"itemListElement\":[{\"@type\":\"ListItem\",\"position\":1,\"name\":\"Home\",\"item\":\"https:\\\/\\\/thelitigator.com\\\/es\\\/\"},{\"@type\":\"ListItem\",\"position\":2,\"name\":\"Abogados de lesiones personales de Charlotte\",\"item\":\"https:\\\/\\\/thelitigator.com\\\/es\\\/charlotte-nc\\\/\"},{\"@type\":\"ListItem\",\"position\":3,\"name\":\"Abogados de accidentes de camiones en Charlotte\"}]},{\"@type\":\"WebSite\",\"@id\":\"https:\\\/\\\/thelitigator.com\\\/es\\\/#website\",\"url\":\"https:\\\/\\\/thelitigator.com\\\/es\\\/\",\"name\":\"Taylor | Serbin Injury Lawyers\",\"description\":\"Taylor | Serbin Injury Lawyers Serving North and South Carolina Areas\",\"publisher\":{\"@id\":\"https:\\\/\\\/thelitigator.com\\\/es\\\/#organization\"},\"potentialAction\":[{\"@type\":\"SearchAction\",\"target\":{\"@type\":\"EntryPoint\",\"urlTemplate\":\"https:\\\/\\\/thelitigator.com\\\/es\\\/?s={search_term_string}\"},\"query-input\":{\"@type\":\"PropertyValueSpecification\",\"valueRequired\":true,\"valueName\":\"search_term_string\"}}],\"inLanguage\":\"es-US\"},{\"@type\":\"Organization\",\"@id\":\"https:\\\/\\\/thelitigator.com\\\/es\\\/#organization\",\"name\":\"Taylor | Serbin Injury Lawyers\",\"url\":\"https:\\\/\\\/thelitigator.com\\\/es\\\/\",\"logo\":{\"@type\":\"ImageObject\",\"inLanguage\":\"es-US\",\"@id\":\"https:\\\/\\\/thelitigator.com\\\/es\\\/#\\\/schema\\\/logo\\\/image\\\/\",\"url\":\"https:\\\/\\\/thelitigator.com\\\/wp-content\\\/uploads\\\/2025\\\/12\\\/TSL-brand-final-01.svg\",\"contentUrl\":\"https:\\\/\\\/thelitigator.com\\\/wp-content\\\/uploads\\\/2025\\\/12\\\/TSL-brand-final-01.svg\",\"width\":288,\"height\":198,\"caption\":\"Taylor | Serbin Injury Lawyers\"},\"image\":{\"@id\":\"https:\\\/\\\/thelitigator.com\\\/es\\\/#\\\/schema\\\/logo\\\/image\\\/\"},\"sameAs\":[\"https:\\\/\\\/www.facebook.com\\\/TheLawOfficesOfJasonETaylor\\\/\",\"https:\\\/\\\/x.com\\\/lawyerjet\"]}]}<\/script>\n<!-- \/ Yoast SEO plugin. -->","yoast_head_json":{"title":"Abogados de Accidentes de Camiones en Charlotte, NC","description":"Demasiadas personas son v\u00edctimas de la negligencia de otros y nuestros abogados de accidentes de camiones en Charlotte quieren ayudar.","robots":{"index":"index","follow":"follow","max-snippet":"max-snippet:-1","max-image-preview":"max-image-preview:large","max-video-preview":"max-video-preview:-1"},"canonical":"https:\/\/thelitigator.com\/es\/charlotte-nc\/abogados-de-accidentes-de-camiones\/","og_locale":"es_ES","og_type":"article","og_title":"Abogados de Accidentes de Camiones en Charlotte, NC","og_description":"Demasiadas personas son v\u00edctimas de la negligencia de otros y nuestros abogados de accidentes de camiones en Charlotte quieren ayudar.","og_url":"https:\/\/thelitigator.com\/es\/charlotte-nc\/abogados-de-accidentes-de-camiones\/","og_site_name":"Taylor | Serbin Injury Lawyers","article_publisher":"https:\/\/www.facebook.com\/TheLawOfficesOfJasonETaylor\/","article_modified_time":"2023-09-18T12:51:42+00:00","og_image":[{"width":712,"height":371,"url":"https:\/\/thelitigator.com\/wp-content\/uploads\/2022\/05\/2022-05-18_20-46-39.png","type":"image\/png"}],"twitter_card":"summary_large_image","twitter_site":"@lawyerjet","twitter_misc":{"Est. reading time":"4 minutes"},"schema":{"@context":"https:\/\/schema.org","@graph":[{"@type":"WebPage","@id":"https:\/\/thelitigator.com\/es\/charlotte-nc\/abogados-de-accidentes-de-camiones\/","url":"https:\/\/thelitigator.com\/es\/charlotte-nc\/abogados-de-accidentes-de-camiones\/","name":"Abogados de Accidentes de Camiones en Charlotte, NC","isPartOf":{"@id":"https:\/\/thelitigator.com\/es\/#website"},"primaryImageOfPage":{"@id":"https:\/\/thelitigator.com\/es\/charlotte-nc\/abogados-de-accidentes-de-camiones\/#primaryimage"},"image":{"@id":"https:\/\/thelitigator.com\/es\/charlotte-nc\/abogados-de-accidentes-de-camiones\/#primaryimage"},"thumbnailUrl":"https:\/\/thelitigator.com\/wp-content\/uploads\/2022\/05\/2022-05-18_20-46-39.png","datePublished":"2022-03-06T15:13:49+00:00","dateModified":"2023-09-18T12:51:42+00:00","description":"Demasiadas personas son v\u00edctimas de la negligencia de otros y nuestros abogados de accidentes de camiones en Charlotte quieren ayudar.","breadcrumb":{"@id":"https:\/\/thelitigator.com\/es\/charlotte-nc\/abogados-de-accidentes-de-camiones\/#breadcrumb"},"inLanguage":"es-US","potentialAction":[{"@type":"ReadAction","target":["https:\/\/thelitigator.com\/es\/charlotte-nc\/abogados-de-accidentes-de-camiones\/"]}]},{"@type":"ImageObject","inLanguage":"es-US","@id":"https:\/\/thelitigator.com\/es\/charlotte-nc\/abogados-de-accidentes-de-camiones\/#primaryimage","url":"https:\/\/thelitigator.com\/wp-content\/uploads\/2022\/05\/2022-05-18_20-46-39.png","contentUrl":"https:\/\/thelitigator.com\/wp-content\/uploads\/2022\/05\/2022-05-18_20-46-39.png","width":712,"height":371,"caption":"Concord Truck Accident Lawyers"},{"@type":"BreadcrumbList","@id":"https:\/\/thelitigator.com\/es\/charlotte-nc\/abogados-de-accidentes-de-camiones\/#breadcrumb","itemListElement":[{"@type":"ListItem","position":1,"name":"Home","item":"https:\/\/thelitigator.com\/es\/"},{"@type":"ListItem","position":2,"name":"Abogados de lesiones personales de Charlotte","item":"https:\/\/thelitigator.com\/es\/charlotte-nc\/"},{"@type":"ListItem","position":3,"name":"Abogados de accidentes de camiones en Charlotte"}]},{"@type":"WebSite","@id":"https:\/\/thelitigator.com\/es\/#website","url":"https:\/\/thelitigator.com\/es\/","name":"Taylor | Serbin Injury Lawyers","description":"Taylor | Serbin Injury Lawyers Serving North and South Carolina Areas","publisher":{"@id":"https:\/\/thelitigator.com\/es\/#organization"},"potentialAction":[{"@type":"SearchAction","target":{"@type":"EntryPoint","urlTemplate":"https:\/\/thelitigator.com\/es\/?s={search_term_string}"},"query-input":{"@type":"PropertyValueSpecification","valueRequired":true,"valueName":"search_term_string"}}],"inLanguage":"es-US"},{"@type":"Organization","@id":"https:\/\/thelitigator.com\/es\/#organization","name":"Taylor | Serbin Injury Lawyers","url":"https:\/\/thelitigator.com\/es\/","logo":{"@type":"ImageObject","inLanguage":"es-US","@id":"https:\/\/thelitigator.com\/es\/#\/schema\/logo\/image\/","url":"https:\/\/thelitigator.com\/wp-content\/uploads\/2025\/12\/TSL-brand-final-01.svg","contentUrl":"https:\/\/thelitigator.com\/wp-content\/uploads\/2025\/12\/TSL-brand-final-01.svg","width":288,"height":198,"caption":"Taylor | Serbin Injury Lawyers"},"image":{"@id":"https:\/\/thelitigator.com\/es\/#\/schema\/logo\/image\/"},"sameAs":["https:\/\/www.facebook.com\/TheLawOfficesOfJasonETaylor\/","https:\/\/x.com\/lawyerjet"]}]}},"_links":{"self":[{"href":"https:\/\/thelitigator.com\/es\/wp-json\/wp\/v2\/pages\/9795","targetHints":{"allow":["GET"]}}],"collection":[{"href":"https:\/\/thelitigator.com\/es\/wp-json\/wp\/v2\/pages"}],"about":[{"href":"https:\/\/thelitigator.com\/es\/wp-json\/wp\/v2\/types\/page"}],"author":[{"embeddable":true,"href":"https:\/\/thelitigator.com\/es\/wp-json\/wp\/v2\/users\/8"}],"replies":[{"embeddable":true,"href":"https:\/\/thelitigator.com\/es\/wp-json\/wp\/v2\/comments?post=9795"}],"version-history":[{"count":0,"href":"https:\/\/thelitigator.com\/es\/wp-json\/wp\/v2\/pages\/9795\/revisions"}],"up":[{"embeddable":true,"href":"https:\/\/thelitigator.com\/es\/wp-json\/wp\/v2\/pages\/9731"}],"wp:featuredmedia":[{"embeddable":true,"href":"https:\/\/thelitigator.com\/es\/wp-json\/wp\/v2\/media\/8921"}],"wp:attachment":[{"href":"https:\/\/thelitigator.com\/es\/wp-json\/wp\/v2\/media?parent=9795"}],"wp:term":[{"taxonomy":"category","embeddable":true,"href":"https:\/\/thelitigator.com\/es\/wp-json\/wp\/v2\/categories?post=9795"},{"taxonomy":"post_tag","embeddable":true,"href":"https:\/\/thelitigator.com\/es\/wp-json\/wp\/v2\/tags?post=9795"},{"taxonomy":"attorney","embeddable":true,"href":"https:\/\/thelitigator.com\/es\/wp-json\/wp\/v2\/attorney?post=9795"}],"curies":[{"name":"wp","href":"https:\/\/api.w.org\/{rel}","templated":true}]}}