{"id":9794,"date":"2022-10-24T21:24:03","date_gmt":"2022-10-25T01:24:03","guid":{"rendered":"https:\/\/thelitigator.com\/charlotte-nc\/slip-and-fall-lawyers\/"},"modified":"2025-09-11T10:21:22","modified_gmt":"2025-09-11T14:21:22","slug":"abogados-de-resbalones-y-caidas","status":"publish","type":"page","link":"https:\/\/thelitigator.com\/es\/charlotte-nc\/abogados-de-resbalones-y-caidas\/","title":{"rendered":"Abogados de resbalones y ca\u00eddas en Charlotte"},"content":{"rendered":"\n<h2 class=\"wp-block-heading\">\u00bfQu\u00e9 es la Ley de Responsabilidad de Locales en Charlotte, NC?<\/h2>\n\n\n\n<p>En Carolina del Norte, la ley de responsabilidad de las instalaciones describe los deberes de los propietarios y ocupantes de las propiedades para con quienes visitan sus propiedades legalmente. Seg\u00fan esta ley, los propietarios y ocupantes deben tener un cuidado razonable para mantener sus instalaciones a salvo de condiciones peligrosas. Si no lo hacen y alguien resulta herido como resultado, pueden ser considerados responsables de los da\u00f1os de la v\u00edctima.<\/p>\n\n\n\n<p>Por ejemplo, si resbal\u00f3 y cay\u00f3 en el Northlake Mall, la administraci\u00f3n del centro comercial puede ser responsable de no mantener un entorno seguro. Si se resbal\u00f3 y cay\u00f3 en un piso mojado que no limpiaron de manera oportuna, es posible que tenga un reclamo de responsabilidad del local contra el centro comercial y\/o su servicio de conserjer\u00eda.<\/p>\n\n\n\n<h2 class=\"wp-block-heading\">Qu\u00e9 hacer despu\u00e9s de un resbal\u00f3n y ca\u00edda en Charlotte<\/h2>\n\n\n\n<p>Si usted o alguien a quien ama ha resultado lesionado en un accidente de resbal\u00f3n y ca\u00edda, hay ciertos pasos que debe seguir para proteger sus derechos. \u00c9stas incluyen:<\/p>\n\n\n\n<ol class=\"wp-block-list\">\n<li>Informe el incidente al propietario o administrador de la propiedad lo antes posible<\/li>\n\n\n\n<li>Obtenga atenci\u00f3n m\u00e9dica, incluso si no cree que est\u00e9 gravemente lesionado<\/li>\n\n\n\n<li>No firme nada sin hablar con un abogado.<\/li>\n\n\n\n<li>No entregue una declaraci\u00f3n grabada a la compa\u00f1\u00eda de seguros.<\/li>\n\n\n\n<li>Guarde cualquier evidencia del accidente, incluidas fotos e informaci\u00f3n de contacto de los testigos.<\/li>\n\n\n\n<li>P\u00f3ngase en contacto con un abogado con experiencia en lesiones personales<\/li>\n<\/ol>\n\n\n\n<p>El primer paso es informar el accidente al propietario o administrador de la propiedad. Esto asegurar\u00e1 que haya un registro del incidente y lo ayudar\u00e1 m\u00e1s adelante si necesita presentar un reclamo. Este tambi\u00e9n es un momento crucial en el que los empleados pueden hacer declaraciones espont\u00e1neas sobre lo sucedido que pueden ser \u00fatiles para el requisito de notificaci\u00f3n. Por ejemplo, si el empleado dijo, usted es la segunda persona hoy en decir eso, su declaraci\u00f3n implica que estaba al tanto de la condici\u00f3n.&nbsp;&nbsp;<\/p>\n\n\n\n<p>Tambi\u00e9n es importante obtener atenci\u00f3n m\u00e9dica, incluso si no cree que est\u00e9 gravemente lesionado. Algunas lesiones, como las conmociones cerebrales, pueden no ser evidentes de inmediato. Un m\u00e9dico podr\u00e1 diagnosticar y tratar sus lesiones y tambi\u00e9n proporcionar\u00e1 documentaci\u00f3n que puede usarse como evidencia en su caso.<\/p>\n\n\n\n<p>Si ha resultado lesionado en un resbal\u00f3n y ca\u00edda, cont\u00e1ctenos hoy para programar una consulta gratuita con uno de nuestros abogados de resbalones y ca\u00eddas. Revisaremos su caso y discutiremos sus opciones legales con usted.<\/p>\n\n\n\n<h2 class=\"wp-block-heading\">Prueba de negligencia en un caso de resbal\u00f3n y ca\u00edda en Charlotte<\/h2>\n\n\n\n<p>Las reclamaciones v\u00e1lidas por resbalones y ca\u00eddas deben probar:<\/p>\n\n\n\n<ul class=\"wp-block-list\">\n<li>Usted estaba legalmente en la propiedad (es decir, sin traspasar)<\/li>\n\n\n\n<li>Exist\u00eda una condici\u00f3n peligrosa<\/li>\n\n\n\n<li>El due\u00f1o de la propiedad sab\u00eda o deber\u00eda haber sabido sobre la condici\u00f3n<\/li>\n\n\n\n<li>No tomaron medidas razonables para mejorar, reparar o advertir a los visitantes legales sobre la condici\u00f3n peligrosa a tiempo.<\/li>\n\n\n\n<li>Result\u00f3 herido debido a la condici\u00f3n peligrosa.<\/li>\n\n\n\n<li>La condici\u00f3n peligrosa no era abierta y obvia.<\/li>\n\n\n\n<li>Usted sufri\u00f3 da\u00f1os econ\u00f3micos o no econ\u00f3micos<\/li>\n<\/ul>\n\n\n\n<p>Si bien los propietarios no tienen el deber de cuidar a los intrusos, a\u00fan tienen prohibido lesionarlos deliberada o intencionalmente (es decir, tender una trampa). Si se lesion\u00f3 mientras invad\u00eda la propiedad de otra persona, a\u00fan podr\u00eda tener un caso si el due\u00f1o de la propiedad actu\u00f3 de manera negligente o intencionalmente caus\u00f3 sus lesiones.<\/p>\n\n\n\n<h2 class=\"wp-block-heading\">Causas comunes de accidentes por resbalones y ca\u00eddas en Charlotte<\/h2>\n\n\n\n<p>Para tener un reclamo v\u00e1lido, debe demostrar causalidad, lo que significa que la negligencia del due\u00f1o de la propiedad condujo directamente a sus lesiones. Algunas de las causas m\u00e1s comunes de accidentes por resbalones y ca\u00eddas incluyen:<\/p>\n\n\n\n<ul class=\"wp-block-list\">\n<li>Suelos mojados o resbaladizos<\/li>\n\n\n\n<li>Superficies desiguales<\/li>\n\n\n\n<li>Baches en aceras o estacionamientos<\/li>\n\n\n\n<li>Alfombras o tapetes sueltos<\/li>\n\n\n\n<li>Objetos en pasillos<\/li>\n\n\n\n<li>Mala iluminaci\u00f3n<\/li>\n\n\n\n<li>Falta de pasamanos<\/li>\n\n\n\n<li>Pisos irregulares<\/li>\n\n\n\n<li>L\u00edquidos derramados<\/li>\n<\/ul>\n\n\n\n<p>Esta es una peque\u00f1a muestra de lo que puede causar un resbal\u00f3n y una ca\u00edda. Si result\u00f3 lesionado en un accidente en la propiedad de otra persona, es importante que hable con un abogado con experiencia en responsabilidad de locales de Charlotte para averiguar si tiene un caso.<\/p>\n\n\n\n<h2 class=\"wp-block-heading\">Lesiones comunes por resbalones y ca\u00eddas en Charlotte<\/h2>\n\n\n\n<p>Los accidentes por resbalones y ca\u00eddas pueden provocar una amplia gama de lesiones, algunas de las cuales pueden ser graves o incluso potencialmente mortales. Las lesiones comunes asociadas con estos accidentes incluyen:<\/p>\n\n\n\n<ul class=\"wp-block-list\">\n<li>Lesiones en la cabeza, incluidas conmociones cerebrales y lesiones cerebrales traum\u00e1ticas.<\/li>\n\n\n\n<li>Lesiones de cuello y espalda<\/li>\n\n\n\n<li>Lesiones de la m\u00e9dula espinal<\/li>\n\n\n\n<li>Huesos rotos<\/li>\n\n\n\n<li>Torceduras y esguinces<\/li>\n\n\n\n<li>Laceraciones<\/li>\n<\/ul>\n\n\n\n<h2 class=\"wp-block-heading\">\u00bfQui\u00e9n puede ser considerado responsable por un reclamo por resbal\u00f3n y ca\u00edda en Charlotte?<\/h2>\n\n\n\n<p>En la mayor\u00eda de los casos, el propietario o administrador de la propiedad ser\u00e1 responsable por resbalones y ca\u00eddas. Sin embargo, hay algunas circunstancias en las que otra parte puede ser considerada responsable. Otras partes que pueden ser consideradas responsables incluyen:<\/p>\n\n\n\n<ul class=\"wp-block-list\">\n<li>El negocio que arrienda la propiedad<\/li>\n\n\n\n<li>La empresa de gesti\u00f3n de la propiedad<\/li>\n\n\n\n<li>El constructor o la construcci\u00f3n.<\/li>\n\n\n\n<li>Agencia gubernamental propietaria de la propiedad<\/li>\n<\/ul>\n\n\n\n<p>Para determinar qui\u00e9n puede ser responsable de sus lesiones, es importante hablar con un abogado con experiencia en resbalones y ca\u00eddas de Charlotte.<\/p>\n\n\n\n<h2 class=\"wp-block-heading\">Tipos de da\u00f1os de un caso de lesiones por resbalones y ca\u00eddas<\/h2>\n\n\n\n<p>La compensaci\u00f3n a la que puede tener derecho depender\u00e1 de la gravedad de sus lesiones y su impacto en su vida. Algunos de los tipos m\u00e1s comunes de da\u00f1os incluyen:<\/p>\n\n\n\n<ul class=\"wp-block-list\">\n<li>Facturas m\u00e9dicas<\/li>\n\n\n\n<li>Salarios perdidos<\/li>\n\n\n\n<li>Dolor y sufrimiento<\/li>\n\n\n\n<li>P\u00e9rdida del disfrute de la vida.<\/li>\n<\/ul>\n\n\n\n<p>Si ha resultado lesionado en un resbal\u00f3n y ca\u00edda, cont\u00e1ctenos hoy para programar una consulta gratuita con uno de nuestros abogados con experiencia en lesiones personales. Revisaremos su caso y discutiremos sus opciones legales con usted.<\/p>\n\n\n\n<h2 class=\"wp-block-heading\">\u00bfCu\u00e1les son los estatutos de limitaciones para presentar un reclamo por lesiones personales por resbalones y ca\u00eddas en Charlotte?<\/h2>\n\n\n\n<p>El estatuto de limitaciones es la cantidad de tiempo que tiene para presentar un reclamo. En Carolina del Norte, el estatuto de limitaciones para la mayor\u00eda de los reclamos por lesiones personales, incluidos los accidentes por resbalones y ca\u00eddas, es de tres a\u00f1os a partir de la fecha del accidente. Esto significa que si no resuelve su reclamo o presenta una demanda para preservar el estatuto de limitaciones dentro de los tres a\u00f1os posteriores a la fecha del accidente, no podr\u00e1 recuperar la compensaci\u00f3n. El estatuto de limitaciones en su caso espec\u00edfico es algo que debe discutir con un abogado desde el principio.&nbsp;<\/p>\n\n\n\n<h2 class=\"wp-block-heading\">\u00bfCu\u00e1nto cobran los bufetes de abogados de lesiones personales de Charlotte por sus servicios?<\/h2>\n\n\n\n<p>La mayor\u00eda de los bufetes de abogados de lesiones personales en Charlotte trabajan con honorarios de contingencia. Esto significa que no tendr\u00e1 que pagar ninguna tarifa o costo por adelantado por nuestros servicios. Solo nos pagan si podemos recuperar una compensaci\u00f3n para usted. Si tenemos \u00e9xito, tomaremos un porcentaje del acuerdo o veredicto como nuestra tarifa y el reembolso de los costos incurridos para resolver su reclamo.<\/p>\n\n\n\n<figure class=\"wp-block-image\"><img decoding=\"async\" src=\"https:\/\/lh4.googleusercontent.com\/oZ6zB5aWBlV0FpWuYGp-Thay66KwiJYQDAbRbsHb5AnyFAEm4LCHLBIh9W74Bwtz7TuJ6Y2fdEuMpzOal_dIUi-6R80DRd6xoUSPlery8Gr_mDwXPzBbNVimOTiUv20i2_-6kfpNjkighcE3aFNFFTA\" alt=\"Abogados de resbalones y ca\u00eddas en Charlotte\"\/><\/figure>\n\n\n\n<h2 class=\"wp-block-heading\">Comun\u00edquese con nuestros abogados de resbalones y ca\u00eddas en Charlotte, NC.<\/h2>\n\n\n\n<p>Si usted o alguien a quien ama ha resultado lesionado en un resbal\u00f3n y una ca\u00edda, los abogados con experiencia en lesiones personales de Las Oficinas Legales de Jason E. Taylor est\u00e1n aqu\u00ed para ayudarlo. Hemos representado a v\u00edctimas de accidentes en Charlotte y Carolina del Norte durante m\u00e1s de 25 a\u00f1os. Valoramos la relaci\u00f3n abogado-cliente y lucharemos para obtener la compensaci\u00f3n que merece. Cont\u00e1ctenos hoy para programar una consulta gratis. Perm\u00edtanos poner nuestra experiencia a trabajar para usted.<\/p>\n","protected":false},"excerpt":{"rendered":"<p>Si bien nadie espera tener un accidente, los resbalones y las ca\u00eddas ocurren todos los d\u00edas. Si bien la mayor\u00eda de los accidentes se deben a peligros cotidianos, como derrames o charcos de agua, algunos resultan de la negligencia por parte del propietario del negocio, que tambi\u00e9n puede ser un derrame o charco de agua. Si result\u00f3 lesionado en un accidente de resbal\u00f3n y ca\u00edda en una tienda de comestibles, restaurante o cualquier propiedad de otra persona en Charlotte, hay ciertos pasos que debe seguir para proteger sus derechos legales.<br \/>\nAfortunadamente, puede confiar en los abogados con experiencia en lesiones personales de Las Oficinas Legales de Jason E. Taylor para guiarlo a trav\u00e9s del proceso y ayudarlo a obtener la compensaci\u00f3n que merece.<br \/>\nEn nuestra firma, tenemos una amplia experiencia en el manejo de reclamos por resbalones y ca\u00eddas en Charlotte y en toda Carolina del Norte. Entendemos los desaf\u00edos que enfrenta y lucharemos para proteger sus derechos. Investigaremos su accidente, recopilaremos pruebas y construiremos un caso s\u00f3lido en su nombre. Tambi\u00e9n negociaremos con las compa\u00f1\u00edas de seguros para llegar a un acuerdo justo. Si es necesario, llevaremos su caso a juicio.<br \/>\nSi result\u00f3 lesionado en un accidente por resbal\u00f3n y ca\u00edda, cont\u00e1ctenos hoy para programar una consulta gratuita con uno de nuestros abogados con experiencia en lesiones personales. Revisaremos su caso y discutiremos sus opciones legales con usted.<\/p>\n","protected":false},"author":8,"featured_media":9054,"parent":9731,"menu_order":0,"comment_status":"closed","ping_status":"closed","template":"","meta":{"_acf_changed":false,"footnotes":""},"categories":[1297,1433],"tags":[],"attorney":[],"class_list":["post-9794","page","type-page","status-publish","has-post-thumbnail","hentry","category-charlotte-es","category-slip-and-fall-es"],"acf":[],"yoast_head":"<!-- This site is optimized with the Yoast SEO plugin v27.3 - https:\/\/yoast.com\/product\/yoast-seo-wordpress\/ -->\n<title>Abogados de Resbalones y Ca\u00eddas de Charlotte, NC<\/title>\n<meta name=\"description\" content=\"Lesionado en un accidente de resbal\u00f3n y ca\u00edda en Charlotte, NC? Llame a las Oficinas Legales de Jason E. Taylor para una consulta gratuita hoy.\" \/>\n<meta name=\"robots\" content=\"index, follow, max-snippet:-1, max-image-preview:large, max-video-preview:-1\" \/>\n<link rel=\"canonical\" href=\"https:\/\/thelitigator.com\/es\/charlotte-nc\/abogados-de-resbalones-y-caidas\/\" \/>\n<meta property=\"og:locale\" content=\"es_ES\" \/>\n<meta property=\"og:type\" content=\"article\" \/>\n<meta property=\"og:title\" content=\"Abogados de Resbalones y Ca\u00eddas de Charlotte, NC\" \/>\n<meta property=\"og:description\" content=\"Lesionado en un accidente de resbal\u00f3n y ca\u00edda en Charlotte, NC? Llame a las Oficinas Legales de Jason E. Taylor para una consulta gratuita hoy.\" \/>\n<meta property=\"og:url\" content=\"https:\/\/thelitigator.com\/es\/charlotte-nc\/abogados-de-resbalones-y-caidas\/\" \/>\n<meta property=\"og:site_name\" content=\"Taylor | Serbin Injury Lawyers\" \/>\n<meta property=\"article:publisher\" content=\"https:\/\/www.facebook.com\/TheLawOfficesOfJasonETaylor\/\" \/>\n<meta property=\"article:modified_time\" content=\"2025-09-11T14:21:22+00:00\" \/>\n<meta property=\"og:image\" content=\"https:\/\/thelitigator.com\/wp-content\/uploads\/2022\/10\/oliver-hale-oTvU7Zmteic-unsplash-2-scaled.jpg\" \/>\n\t<meta property=\"og:image:width\" content=\"2560\" \/>\n\t<meta property=\"og:image:height\" content=\"1600\" \/>\n\t<meta property=\"og:image:type\" content=\"image\/jpeg\" \/>\n<meta name=\"twitter:card\" content=\"summary_large_image\" \/>\n<meta name=\"twitter:site\" content=\"@lawyerjet\" \/>\n<meta name=\"twitter:label1\" content=\"Est. reading time\" \/>\n\t<meta name=\"twitter:data1\" content=\"6 minutes\" \/>\n<script type=\"application\/ld+json\" class=\"yoast-schema-graph\">{\"@context\":\"https:\\\/\\\/schema.org\",\"@graph\":[{\"@type\":\"WebPage\",\"@id\":\"https:\\\/\\\/thelitigator.com\\\/es\\\/charlotte-nc\\\/abogados-de-resbalones-y-caidas\\\/\",\"url\":\"https:\\\/\\\/thelitigator.com\\\/es\\\/charlotte-nc\\\/abogados-de-resbalones-y-caidas\\\/\",\"name\":\"Abogados de Resbalones y Ca\u00eddas de Charlotte, NC\",\"isPartOf\":{\"@id\":\"https:\\\/\\\/thelitigator.com\\\/es\\\/#website\"},\"primaryImageOfPage\":{\"@id\":\"https:\\\/\\\/thelitigator.com\\\/es\\\/charlotte-nc\\\/abogados-de-resbalones-y-caidas\\\/#primaryimage\"},\"image\":{\"@id\":\"https:\\\/\\\/thelitigator.com\\\/es\\\/charlotte-nc\\\/abogados-de-resbalones-y-caidas\\\/#primaryimage\"},\"thumbnailUrl\":\"https:\\\/\\\/thelitigator.com\\\/wp-content\\\/uploads\\\/2022\\\/10\\\/oliver-hale-oTvU7Zmteic-unsplash-2-scaled.jpg\",\"datePublished\":\"2022-10-25T01:24:03+00:00\",\"dateModified\":\"2025-09-11T14:21:22+00:00\",\"description\":\"Lesionado en un accidente de resbal\u00f3n y ca\u00edda en Charlotte, NC? Llame a las Oficinas Legales de Jason E. Taylor para una consulta gratuita hoy.\",\"breadcrumb\":{\"@id\":\"https:\\\/\\\/thelitigator.com\\\/es\\\/charlotte-nc\\\/abogados-de-resbalones-y-caidas\\\/#breadcrumb\"},\"inLanguage\":\"es-US\",\"potentialAction\":[{\"@type\":\"ReadAction\",\"target\":[\"https:\\\/\\\/thelitigator.com\\\/es\\\/charlotte-nc\\\/abogados-de-resbalones-y-caidas\\\/\"]}]},{\"@type\":\"ImageObject\",\"inLanguage\":\"es-US\",\"@id\":\"https:\\\/\\\/thelitigator.com\\\/es\\\/charlotte-nc\\\/abogados-de-resbalones-y-caidas\\\/#primaryimage\",\"url\":\"https:\\\/\\\/thelitigator.com\\\/wp-content\\\/uploads\\\/2022\\\/10\\\/oliver-hale-oTvU7Zmteic-unsplash-2-scaled.jpg\",\"contentUrl\":\"https:\\\/\\\/thelitigator.com\\\/wp-content\\\/uploads\\\/2022\\\/10\\\/oliver-hale-oTvU7Zmteic-unsplash-2-scaled.jpg\",\"width\":2560,\"height\":1600,\"caption\":\"Greenville Slip and Fall Lawyers\"},{\"@type\":\"BreadcrumbList\",\"@id\":\"https:\\\/\\\/thelitigator.com\\\/es\\\/charlotte-nc\\\/abogados-de-resbalones-y-caidas\\\/#breadcrumb\",\"itemListElement\":[{\"@type\":\"ListItem\",\"position\":1,\"name\":\"Home\",\"item\":\"https:\\\/\\\/thelitigator.com\\\/es\\\/\"},{\"@type\":\"ListItem\",\"position\":2,\"name\":\"Abogados de lesiones personales de Charlotte\",\"item\":\"https:\\\/\\\/thelitigator.com\\\/es\\\/charlotte-nc\\\/\"},{\"@type\":\"ListItem\",\"position\":3,\"name\":\"Abogados de resbalones y ca\u00eddas en Charlotte\"}]},{\"@type\":\"WebSite\",\"@id\":\"https:\\\/\\\/thelitigator.com\\\/es\\\/#website\",\"url\":\"https:\\\/\\\/thelitigator.com\\\/es\\\/\",\"name\":\"Taylor | Serbin Injury Lawyers\",\"description\":\"Taylor | Serbin Injury Lawyers Serving North and South Carolina Areas\",\"publisher\":{\"@id\":\"https:\\\/\\\/thelitigator.com\\\/es\\\/#organization\"},\"potentialAction\":[{\"@type\":\"SearchAction\",\"target\":{\"@type\":\"EntryPoint\",\"urlTemplate\":\"https:\\\/\\\/thelitigator.com\\\/es\\\/?s={search_term_string}\"},\"query-input\":{\"@type\":\"PropertyValueSpecification\",\"valueRequired\":true,\"valueName\":\"search_term_string\"}}],\"inLanguage\":\"es-US\"},{\"@type\":\"Organization\",\"@id\":\"https:\\\/\\\/thelitigator.com\\\/es\\\/#organization\",\"name\":\"Taylor | Serbin Injury Lawyers\",\"url\":\"https:\\\/\\\/thelitigator.com\\\/es\\\/\",\"logo\":{\"@type\":\"ImageObject\",\"inLanguage\":\"es-US\",\"@id\":\"https:\\\/\\\/thelitigator.com\\\/es\\\/#\\\/schema\\\/logo\\\/image\\\/\",\"url\":\"https:\\\/\\\/thelitigator.com\\\/wp-content\\\/uploads\\\/2025\\\/12\\\/TSL-brand-final-01.svg\",\"contentUrl\":\"https:\\\/\\\/thelitigator.com\\\/wp-content\\\/uploads\\\/2025\\\/12\\\/TSL-brand-final-01.svg\",\"width\":288,\"height\":198,\"caption\":\"Taylor | Serbin Injury Lawyers\"},\"image\":{\"@id\":\"https:\\\/\\\/thelitigator.com\\\/es\\\/#\\\/schema\\\/logo\\\/image\\\/\"},\"sameAs\":[\"https:\\\/\\\/www.facebook.com\\\/TheLawOfficesOfJasonETaylor\\\/\",\"https:\\\/\\\/x.com\\\/lawyerjet\"]}]}<\/script>\n<!-- \/ Yoast SEO plugin. -->","yoast_head_json":{"title":"Abogados de Resbalones y Ca\u00eddas de Charlotte, NC","description":"Lesionado en un accidente de resbal\u00f3n y ca\u00edda en Charlotte, NC? Llame a las Oficinas Legales de Jason E. Taylor para una consulta gratuita hoy.","robots":{"index":"index","follow":"follow","max-snippet":"max-snippet:-1","max-image-preview":"max-image-preview:large","max-video-preview":"max-video-preview:-1"},"canonical":"https:\/\/thelitigator.com\/es\/charlotte-nc\/abogados-de-resbalones-y-caidas\/","og_locale":"es_ES","og_type":"article","og_title":"Abogados de Resbalones y Ca\u00eddas de Charlotte, NC","og_description":"Lesionado en un accidente de resbal\u00f3n y ca\u00edda en Charlotte, NC? Llame a las Oficinas Legales de Jason E. Taylor para una consulta gratuita hoy.","og_url":"https:\/\/thelitigator.com\/es\/charlotte-nc\/abogados-de-resbalones-y-caidas\/","og_site_name":"Taylor | Serbin Injury Lawyers","article_publisher":"https:\/\/www.facebook.com\/TheLawOfficesOfJasonETaylor\/","article_modified_time":"2025-09-11T14:21:22+00:00","og_image":[{"width":2560,"height":1600,"url":"https:\/\/thelitigator.com\/wp-content\/uploads\/2022\/10\/oliver-hale-oTvU7Zmteic-unsplash-2-scaled.jpg","type":"image\/jpeg"}],"twitter_card":"summary_large_image","twitter_site":"@lawyerjet","twitter_misc":{"Est. reading time":"6 minutes"},"schema":{"@context":"https:\/\/schema.org","@graph":[{"@type":"WebPage","@id":"https:\/\/thelitigator.com\/es\/charlotte-nc\/abogados-de-resbalones-y-caidas\/","url":"https:\/\/thelitigator.com\/es\/charlotte-nc\/abogados-de-resbalones-y-caidas\/","name":"Abogados de Resbalones y Ca\u00eddas de Charlotte, NC","isPartOf":{"@id":"https:\/\/thelitigator.com\/es\/#website"},"primaryImageOfPage":{"@id":"https:\/\/thelitigator.com\/es\/charlotte-nc\/abogados-de-resbalones-y-caidas\/#primaryimage"},"image":{"@id":"https:\/\/thelitigator.com\/es\/charlotte-nc\/abogados-de-resbalones-y-caidas\/#primaryimage"},"thumbnailUrl":"https:\/\/thelitigator.com\/wp-content\/uploads\/2022\/10\/oliver-hale-oTvU7Zmteic-unsplash-2-scaled.jpg","datePublished":"2022-10-25T01:24:03+00:00","dateModified":"2025-09-11T14:21:22+00:00","description":"Lesionado en un accidente de resbal\u00f3n y ca\u00edda en Charlotte, NC? Llame a las Oficinas Legales de Jason E. Taylor para una consulta gratuita hoy.","breadcrumb":{"@id":"https:\/\/thelitigator.com\/es\/charlotte-nc\/abogados-de-resbalones-y-caidas\/#breadcrumb"},"inLanguage":"es-US","potentialAction":[{"@type":"ReadAction","target":["https:\/\/thelitigator.com\/es\/charlotte-nc\/abogados-de-resbalones-y-caidas\/"]}]},{"@type":"ImageObject","inLanguage":"es-US","@id":"https:\/\/thelitigator.com\/es\/charlotte-nc\/abogados-de-resbalones-y-caidas\/#primaryimage","url":"https:\/\/thelitigator.com\/wp-content\/uploads\/2022\/10\/oliver-hale-oTvU7Zmteic-unsplash-2-scaled.jpg","contentUrl":"https:\/\/thelitigator.com\/wp-content\/uploads\/2022\/10\/oliver-hale-oTvU7Zmteic-unsplash-2-scaled.jpg","width":2560,"height":1600,"caption":"Greenville Slip and Fall Lawyers"},{"@type":"BreadcrumbList","@id":"https:\/\/thelitigator.com\/es\/charlotte-nc\/abogados-de-resbalones-y-caidas\/#breadcrumb","itemListElement":[{"@type":"ListItem","position":1,"name":"Home","item":"https:\/\/thelitigator.com\/es\/"},{"@type":"ListItem","position":2,"name":"Abogados de lesiones personales de Charlotte","item":"https:\/\/thelitigator.com\/es\/charlotte-nc\/"},{"@type":"ListItem","position":3,"name":"Abogados de resbalones y ca\u00eddas en Charlotte"}]},{"@type":"WebSite","@id":"https:\/\/thelitigator.com\/es\/#website","url":"https:\/\/thelitigator.com\/es\/","name":"Taylor | Serbin Injury Lawyers","description":"Taylor | Serbin Injury Lawyers Serving North and South Carolina Areas","publisher":{"@id":"https:\/\/thelitigator.com\/es\/#organization"},"potentialAction":[{"@type":"SearchAction","target":{"@type":"EntryPoint","urlTemplate":"https:\/\/thelitigator.com\/es\/?s={search_term_string}"},"query-input":{"@type":"PropertyValueSpecification","valueRequired":true,"valueName":"search_term_string"}}],"inLanguage":"es-US"},{"@type":"Organization","@id":"https:\/\/thelitigator.com\/es\/#organization","name":"Taylor | Serbin Injury Lawyers","url":"https:\/\/thelitigator.com\/es\/","logo":{"@type":"ImageObject","inLanguage":"es-US","@id":"https:\/\/thelitigator.com\/es\/#\/schema\/logo\/image\/","url":"https:\/\/thelitigator.com\/wp-content\/uploads\/2025\/12\/TSL-brand-final-01.svg","contentUrl":"https:\/\/thelitigator.com\/wp-content\/uploads\/2025\/12\/TSL-brand-final-01.svg","width":288,"height":198,"caption":"Taylor | Serbin Injury Lawyers"},"image":{"@id":"https:\/\/thelitigator.com\/es\/#\/schema\/logo\/image\/"},"sameAs":["https:\/\/www.facebook.com\/TheLawOfficesOfJasonETaylor\/","https:\/\/x.com\/lawyerjet"]}]}},"_links":{"self":[{"href":"https:\/\/thelitigator.com\/es\/wp-json\/wp\/v2\/pages\/9794","targetHints":{"allow":["GET"]}}],"collection":[{"href":"https:\/\/thelitigator.com\/es\/wp-json\/wp\/v2\/pages"}],"about":[{"href":"https:\/\/thelitigator.com\/es\/wp-json\/wp\/v2\/types\/page"}],"author":[{"embeddable":true,"href":"https:\/\/thelitigator.com\/es\/wp-json\/wp\/v2\/users\/8"}],"replies":[{"embeddable":true,"href":"https:\/\/thelitigator.com\/es\/wp-json\/wp\/v2\/comments?post=9794"}],"version-history":[{"count":0,"href":"https:\/\/thelitigator.com\/es\/wp-json\/wp\/v2\/pages\/9794\/revisions"}],"up":[{"embeddable":true,"href":"https:\/\/thelitigator.com\/es\/wp-json\/wp\/v2\/pages\/9731"}],"wp:featuredmedia":[{"embeddable":true,"href":"https:\/\/thelitigator.com\/es\/wp-json\/wp\/v2\/media\/9054"}],"wp:attachment":[{"href":"https:\/\/thelitigator.com\/es\/wp-json\/wp\/v2\/media?parent=9794"}],"wp:term":[{"taxonomy":"category","embeddable":true,"href":"https:\/\/thelitigator.com\/es\/wp-json\/wp\/v2\/categories?post=9794"},{"taxonomy":"post_tag","embeddable":true,"href":"https:\/\/thelitigator.com\/es\/wp-json\/wp\/v2\/tags?post=9794"},{"taxonomy":"attorney","embeddable":true,"href":"https:\/\/thelitigator.com\/es\/wp-json\/wp\/v2\/attorney?post=9794"}],"curies":[{"name":"wp","href":"https:\/\/api.w.org\/{rel}","templated":true}]}}