{"id":9793,"date":"2022-10-24T21:29:38","date_gmt":"2022-10-25T01:29:38","guid":{"rendered":"https:\/\/thelitigator.com\/charlotte-nc\/premises-liability-lawyers\/"},"modified":"2025-09-11T10:24:11","modified_gmt":"2025-09-11T14:24:11","slug":"abogado-de-responsabilidad-de-locales","status":"publish","type":"page","link":"https:\/\/thelitigator.com\/es\/charlotte-nc\/abogado-de-responsabilidad-de-locales\/","title":{"rendered":"Abogado de responsabilidad de locales de Charlotte"},"content":{"rendered":"\n<h2 class=\"wp-block-heading\">Leyes de responsabilidad de locales en Carolina del Norte<\/h2>\n\n\n\n<p>La responsabilidad de las instalaciones es la teor\u00eda legal que responsabiliza a los propietarios por las lesiones sufridas por los visitantes en su propiedad. Seg\u00fan la ley de Carolina del Norte, existen tres categor\u00edas de visitantes: invitados, licenciatarios e intrusos.<\/p>\n\n\n\n<p>Se invita a un invitado a la propiedad en beneficio del propietario o del ocupante, como un cliente en una tienda. Se permite a un titular de licencia en la propiedad para su propio beneficio, como un invitado social. Un intruso es alguien que no est\u00e1 autorizado a estar en la propiedad.<\/p>\n\n\n\n<p>Para recuperar da\u00f1os en un caso de responsabilidad de locales, el demandante debe probar que el propietario u ocupante de la propiedad fue negligente. Esto significa que no usaron un cuidado razonable para mantener su propiedad segura para los visitantes. El demandante tambi\u00e9n debe probar que esta negligencia caus\u00f3 sus lesiones.<\/p>\n\n\n\n<h2 class=\"wp-block-heading\">C\u00f3mo Probar Negligencia en un Reclamo de Responsabilidad de Locales de Charlotte<\/h2>\n\n\n\n<p>Para probar que el due\u00f1o de la propiedad fue negligente, deber\u00e1 demostrar que sab\u00eda o deber\u00eda haber sabido sobre el peligro y no tom\u00f3 las medidas razonables para solucionarlo. Puede hacer esto con evidencia como:<\/p>\n\n\n\n<ul class=\"wp-block-list\">\n<li>El testimonio de un testigo visual<\/li>\n\n\n\n<li>Fotograf\u00edas o videos del peligro.<\/li>\n\n\n\n<li>Registros de mantenimiento<\/li>\n\n\n\n<li>Informes de incidentes anteriores<\/li>\n<\/ul>\n\n\n\n<p>Para probar que sufri\u00f3 lesiones como resultado de su negligencia, es posible que necesite:<\/p>\n\n\n\n<ul class=\"wp-block-list\">\n<li>Registros m\u00e9dicos<\/li>\n\n\n\n<li>Recibos por tratamientos m\u00e9dicos<\/li>\n\n\n\n<li>Documentaci\u00f3n de salarios perdidos<\/li>\n<\/ul>\n\n\n\n<p>Si se lesion\u00f3 en la propiedad de otra persona, es posible que pueda presentar una demanda contra el due\u00f1o de la propiedad. P\u00f3ngase en contacto con uno de nuestros abogados de lesiones personales hoy para obtener m\u00e1s informaci\u00f3n sobre sus opciones legales.<\/p>\n\n\n\n<h2 class=\"wp-block-heading\">Ejemplos de negligencia del propietario<\/h2>\n\n\n\n<p>Hay muchas formas en que el propietario u ocupante de una propiedad puede ser negligente. Algunos ejemplos comunes incluyen:<\/p>\n\n\n\n<ul class=\"wp-block-list\">\n<li>No advertir a los visitantes de los peligros potenciales en la propiedad<\/li>\n\n\n\n<li>No reparar los riesgos conocidos en la propiedad<\/li>\n\n\n\n<li>No mantener la propiedad adecuadamente<\/li>\n\n\n\n<li>Crear condiciones peligrosas en la propiedad.<\/li>\n<\/ul>\n\n\n\n<h2 class=\"wp-block-heading\">Tipos comunes de casos de responsabilidad de locales en Charlotte<\/h2>\n\n\n\n<p>Hay muchos tipos diferentes de casos de responsabilidad de locales. Algunos ejemplos comunes incluyen:<\/p>\n\n\n\n<ul class=\"wp-block-list\">\n<li><a href=\"https:\/\/thelitigator.com\/es\/charlotte-nc\/abogados-de-resbalones-y-caidas\/\">Accidentes por resbalones y ca\u00eddas<\/a><\/li>\n\n\n\n<li>Accidentes de ascensores y escaleras mec\u00e1nicas<\/li>\n\n\n\n<li>accidentes de piscina<\/li>\n\n\n\n<li>Mordidas de perro<\/li>\n\n\n\n<li>Riesgos de incendio<\/li>\n\n\n\n<li>Exposici\u00f3n a sustancias peligrosas<\/li>\n<\/ul>\n\n\n\n<h2 class=\"wp-block-heading\">Recuperaci\u00f3n de compensaci\u00f3n por sus lesiones<\/h2>\n\n\n\n<p>Si ha resultado lesionado en la propiedad de otra persona, es posible que pueda recuperar los da\u00f1os por sus lesiones. Estos da\u00f1os pueden incluir:<\/p>\n\n\n\n<h3 class=\"wp-block-heading\">Compensaci\u00f3n por Gastos M\u00e9dicos<\/h3>\n\n\n\n<p>Es posible que pueda recuperar una compensaci\u00f3n por todos sus gastos m\u00e9dicos pasados \u200b\u200by futuros relacionados con sus lesiones. Esto puede incluir:<\/p>\n\n\n\n<ul class=\"wp-block-list\">\n<li>Hospitalizaci\u00f3n<\/li>\n\n\n\n<li>Cirug\u00eda<\/li>\n\n\n\n<li>Rehabilitaci\u00f3n<\/li>\n\n\n\n<li>Medicamento<\/li>\n<\/ul>\n\n\n\n<h3 class=\"wp-block-heading\">Compensaci\u00f3n por salarios perdidos<\/h3>\n\n\n\n<p>Si ha resultado lesionado, tambi\u00e9n puede recuperar una compensaci\u00f3n por cualquier salario que haya perdido debido a sus lesiones. Esto puede incluir:<\/p>\n\n\n\n<ul class=\"wp-block-list\">\n<li>Salarios perdidos por tiempo fuera del trabajo<\/li>\n\n\n\n<li>P\u00e9rdida de capacidad de ingresos si no puede volver a trabajar o solo puede volver a trabajar en una capacidad limitada<\/li>\n<\/ul>\n\n\n\n<h3 class=\"wp-block-heading\">Compensaci\u00f3n por el dolor y el sufrimiento<\/h3>\n\n\n\n<p>Tambi\u00e9n puede recuperar una compensaci\u00f3n por el dolor y el sufrimiento f\u00edsico y emocional que ha experimentado debido a sus lesiones.<\/p>\n\n\n\n<h2 class=\"wp-block-heading\">Estatuto de limitaciones para reclamos de responsabilidad de locales en Charlotte, NC<\/h2>\n\n\n\n<p>Es importante tener en cuenta que existe un estatuto de limitaciones para las reclamaciones de responsabilidad de locales en Carolina del Norte. Esto significa que solo tiene una cierta cantidad de tiempo para presentar su demanda. Por lo tanto, se le puede prohibir la recuperaci\u00f3n si no presenta su demanda dentro de este plazo.<\/p>\n\n\n\n<p>El estatuto de limitaciones para la mayor\u00eda de los casos de responsabilidad de locales en Carolina del Norte es de tres a\u00f1os a partir de la fecha del accidente. Sin embargo, hay algunas excepciones a esta regla. Si ha resultado lesionado en la propiedad de otra persona, es importante que hable con un abogado de responsabilidad de locales de Charlotte lo antes posible para asegurarse de que sus derechos est\u00e9n protegidos.<\/p>\n\n\n\n<h2 class=\"wp-block-heading\">Las Oficinas Legales de Jason E. Taylor: Abogados experimentados en responsabilidad de locales de Charlotte<\/h2>\n\n\n\n<p>Las Oficinas Legales de Jason E. Taylor es una firma de abogados de lesiones personales en Charlotte, Carolina del Norte, con m\u00e1s de 25 a\u00f1os de experiencia en el manejo de casos de responsabilidad de locales. Tenemos un historial comprobado de \u00e9xito y estamos dedicados a luchar por los derechos de nuestros clientes. Si usted o alguien a quien ama ha resultado lesionado en la propiedad de otra persona, podemos ayudarlo. P\u00f3ngase en contacto con nosotros hoy para una consulta gratuita. No cobramos ninguna tarifa a menos que recuperemos una compensaci\u00f3n por sus lesiones.<\/p>\n\n\n\n<figure class=\"wp-block-image\"><img decoding=\"async\" src=\"https:\/\/lh4.googleusercontent.com\/EhkCHyrMXacIcczWM-rpYGYF8xZpm0C3LW_ES33KzI-digceGYRq9hcAzWJ6b4m7LiVqyb6zSZSf1oC7_ZKOp3erA44IulwZlim-CGvEr34aXLMb2sDn0FyuAZcVFKtlzIUEp0D3b_do5QhKFdbdXBM\" alt=\"Abogado de responsabilidad de locales de Charlotte\"\/><\/figure>\n\n\n\n<h2 class=\"wp-block-heading\">P\u00f3ngase en contacto con nuestros abogados de responsabilidad de locales en Charlotte, NC.<\/h2>\n\n\n\n<p>Las Oficinas Legales de Jason E. Taylor es una firma de abogados de lesiones personales en Charlotte, Carolina del Norte, con m\u00e1s de 25 a\u00f1os de experiencia en el manejo de casos de responsabilidad de locales. Tenemos un historial comprobado de \u00e9xito y estamos dedicados a luchar por los derechos de nuestros clientes. Si usted o alguien a quien ama ha resultado lesionado en la propiedad de otra persona, podemos ayudarlo. P\u00f3ngase en contacto con nosotros hoy para una consulta gratuita. No cobramos ninguna tarifa a menos que recuperemos una compensaci\u00f3n por sus lesiones.<\/p>\n","protected":false},"excerpt":{"rendered":"<p>Cuando salimos de casa, lo \u00faltimo que esperamos es lesionarnos por la negligencia de otro. Pero desafortunadamente, los accidentes ocurren y el due\u00f1o de la propiedad puede ser considerado responsable cuando ocurren en la propiedad de otra persona. Si usted o un ser querido han resultado lesionados en la propiedad de otra persona, es importante hablar con un abogado con experiencia en responsabilidad de locales que pueda ayudarlo a recuperar la compensaci\u00f3n que merece.<br \/>\nEn las Oficinas Legales de Jason E. Taylor, nuestros abogados de responsabilidad de locales de Charlotte tienen m\u00e1s de 25 a\u00f1os de experiencia en el manejo de una amplia gama de demandas por lesiones personales. Tenemos el conocimiento y los recursos para manejar incluso los casos m\u00e1s complejos. Cont\u00e1ctenos hoy para programar una consulta gratuita con uno de nuestros abogados.<\/p>\n","protected":false},"author":8,"featured_media":9055,"parent":9731,"menu_order":0,"comment_status":"closed","ping_status":"closed","template":"","meta":{"_acf_changed":false,"footnotes":""},"categories":[1297,1437],"tags":[],"attorney":[],"class_list":["post-9793","page","type-page","status-publish","has-post-thumbnail","hentry","category-charlotte-es","category-premises-liability-es"],"acf":[],"yoast_head":"<!-- This site is optimized with the Yoast SEO plugin v27.5 - https:\/\/yoast.com\/product\/yoast-seo-wordpress\/ -->\n<title>Abogados de Responsabilidad de Locales de Charlotte, NC<\/title>\n<meta name=\"description\" content=\"Lesionado en la propiedad de otra persona en Charlotte, NC? Llame a las Oficinas Legales de Jason E. Taylor hoy para una consulta gratuita con un abogado experto.\" \/>\n<meta name=\"robots\" content=\"index, follow, max-snippet:-1, max-image-preview:large, max-video-preview:-1\" \/>\n<link rel=\"canonical\" href=\"https:\/\/thelitigator.com\/es\/charlotte-nc\/abogado-de-responsabilidad-de-locales\/\" \/>\n<meta property=\"og:locale\" content=\"es_ES\" \/>\n<meta property=\"og:type\" content=\"article\" \/>\n<meta property=\"og:title\" content=\"Abogados de Responsabilidad de Locales de Charlotte, NC\" \/>\n<meta property=\"og:description\" content=\"Lesionado en la propiedad de otra persona en Charlotte, NC? Llame a las Oficinas Legales de Jason E. Taylor hoy para una consulta gratuita con un abogado experto.\" \/>\n<meta property=\"og:url\" content=\"https:\/\/thelitigator.com\/es\/charlotte-nc\/abogado-de-responsabilidad-de-locales\/\" \/>\n<meta property=\"og:site_name\" content=\"Taylor | Serbin Injury Lawyers\" \/>\n<meta property=\"article:publisher\" content=\"https:\/\/www.facebook.com\/TheLawOfficesOfJasonETaylor\/\" \/>\n<meta property=\"article:modified_time\" content=\"2025-09-11T14:24:11+00:00\" \/>\n<meta property=\"og:image\" content=\"https:\/\/thelitigator.com\/wp-content\/uploads\/2022\/10\/t-h-chia-zkOg39koe80-unsplash-1-scaled.jpg\" \/>\n\t<meta property=\"og:image:width\" content=\"2560\" \/>\n\t<meta property=\"og:image:height\" content=\"1707\" \/>\n\t<meta property=\"og:image:type\" content=\"image\/jpeg\" \/>\n<meta name=\"twitter:card\" content=\"summary_large_image\" \/>\n<meta name=\"twitter:site\" content=\"@lawyerjet\" \/>\n<meta name=\"twitter:label1\" content=\"Est. reading time\" \/>\n\t<meta name=\"twitter:data1\" content=\"5 minutes\" \/>\n<script type=\"application\/ld+json\" class=\"yoast-schema-graph\">{\"@context\":\"https:\\\/\\\/schema.org\",\"@graph\":[{\"@type\":\"WebPage\",\"@id\":\"https:\\\/\\\/thelitigator.com\\\/es\\\/charlotte-nc\\\/abogado-de-responsabilidad-de-locales\\\/\",\"url\":\"https:\\\/\\\/thelitigator.com\\\/es\\\/charlotte-nc\\\/abogado-de-responsabilidad-de-locales\\\/\",\"name\":\"Abogados de Responsabilidad de Locales de Charlotte, NC\",\"isPartOf\":{\"@id\":\"https:\\\/\\\/thelitigator.com\\\/es\\\/#website\"},\"primaryImageOfPage\":{\"@id\":\"https:\\\/\\\/thelitigator.com\\\/es\\\/charlotte-nc\\\/abogado-de-responsabilidad-de-locales\\\/#primaryimage\"},\"image\":{\"@id\":\"https:\\\/\\\/thelitigator.com\\\/es\\\/charlotte-nc\\\/abogado-de-responsabilidad-de-locales\\\/#primaryimage\"},\"thumbnailUrl\":\"https:\\\/\\\/thelitigator.com\\\/wp-content\\\/uploads\\\/2022\\\/10\\\/t-h-chia-zkOg39koe80-unsplash-1-scaled.jpg\",\"datePublished\":\"2022-10-25T01:29:38+00:00\",\"dateModified\":\"2025-09-11T14:24:11+00:00\",\"description\":\"Lesionado en la propiedad de otra persona en Charlotte, NC? Llame a las Oficinas Legales de Jason E. Taylor hoy para una consulta gratuita con un abogado experto.\",\"breadcrumb\":{\"@id\":\"https:\\\/\\\/thelitigator.com\\\/es\\\/charlotte-nc\\\/abogado-de-responsabilidad-de-locales\\\/#breadcrumb\"},\"inLanguage\":\"es-US\",\"potentialAction\":[{\"@type\":\"ReadAction\",\"target\":[\"https:\\\/\\\/thelitigator.com\\\/es\\\/charlotte-nc\\\/abogado-de-responsabilidad-de-locales\\\/\"]}]},{\"@type\":\"ImageObject\",\"inLanguage\":\"es-US\",\"@id\":\"https:\\\/\\\/thelitigator.com\\\/es\\\/charlotte-nc\\\/abogado-de-responsabilidad-de-locales\\\/#primaryimage\",\"url\":\"https:\\\/\\\/thelitigator.com\\\/wp-content\\\/uploads\\\/2022\\\/10\\\/t-h-chia-zkOg39koe80-unsplash-1-scaled.jpg\",\"contentUrl\":\"https:\\\/\\\/thelitigator.com\\\/wp-content\\\/uploads\\\/2022\\\/10\\\/t-h-chia-zkOg39koe80-unsplash-1-scaled.jpg\",\"width\":2560,\"height\":1707,\"caption\":\"Premises Liability Lawyer Greenville, North Carolina\"},{\"@type\":\"BreadcrumbList\",\"@id\":\"https:\\\/\\\/thelitigator.com\\\/es\\\/charlotte-nc\\\/abogado-de-responsabilidad-de-locales\\\/#breadcrumb\",\"itemListElement\":[{\"@type\":\"ListItem\",\"position\":1,\"name\":\"Home\",\"item\":\"https:\\\/\\\/thelitigator.com\\\/es\\\/\"},{\"@type\":\"ListItem\",\"position\":2,\"name\":\"Abogados de lesiones personales de Charlotte\",\"item\":\"https:\\\/\\\/thelitigator.com\\\/es\\\/charlotte-nc\\\/\"},{\"@type\":\"ListItem\",\"position\":3,\"name\":\"Abogado de responsabilidad de locales de Charlotte\"}]},{\"@type\":\"WebSite\",\"@id\":\"https:\\\/\\\/thelitigator.com\\\/es\\\/#website\",\"url\":\"https:\\\/\\\/thelitigator.com\\\/es\\\/\",\"name\":\"Taylor | Serbin Injury Lawyers\",\"description\":\"Taylor | Serbin Injury Lawyers Serving North and South Carolina Areas\",\"publisher\":{\"@id\":\"https:\\\/\\\/thelitigator.com\\\/es\\\/#organization\"},\"potentialAction\":[{\"@type\":\"SearchAction\",\"target\":{\"@type\":\"EntryPoint\",\"urlTemplate\":\"https:\\\/\\\/thelitigator.com\\\/es\\\/?s={search_term_string}\"},\"query-input\":{\"@type\":\"PropertyValueSpecification\",\"valueRequired\":true,\"valueName\":\"search_term_string\"}}],\"inLanguage\":\"es-US\"},{\"@type\":\"Organization\",\"@id\":\"https:\\\/\\\/thelitigator.com\\\/es\\\/#organization\",\"name\":\"Taylor | Serbin Injury Lawyers\",\"url\":\"https:\\\/\\\/thelitigator.com\\\/es\\\/\",\"logo\":{\"@type\":\"ImageObject\",\"inLanguage\":\"es-US\",\"@id\":\"https:\\\/\\\/thelitigator.com\\\/es\\\/#\\\/schema\\\/logo\\\/image\\\/\",\"url\":\"https:\\\/\\\/thelitigator.com\\\/wp-content\\\/uploads\\\/2025\\\/12\\\/TSL-brand-final-01.svg\",\"contentUrl\":\"https:\\\/\\\/thelitigator.com\\\/wp-content\\\/uploads\\\/2025\\\/12\\\/TSL-brand-final-01.svg\",\"width\":288,\"height\":198,\"caption\":\"Taylor | Serbin Injury Lawyers\"},\"image\":{\"@id\":\"https:\\\/\\\/thelitigator.com\\\/es\\\/#\\\/schema\\\/logo\\\/image\\\/\"},\"sameAs\":[\"https:\\\/\\\/www.facebook.com\\\/TheLawOfficesOfJasonETaylor\\\/\",\"https:\\\/\\\/x.com\\\/lawyerjet\"]}]}<\/script>\n<!-- \/ Yoast SEO plugin. -->","yoast_head_json":{"title":"Abogados de Responsabilidad de Locales de Charlotte, NC","description":"Lesionado en la propiedad de otra persona en Charlotte, NC? Llame a las Oficinas Legales de Jason E. Taylor hoy para una consulta gratuita con un abogado experto.","robots":{"index":"index","follow":"follow","max-snippet":"max-snippet:-1","max-image-preview":"max-image-preview:large","max-video-preview":"max-video-preview:-1"},"canonical":"https:\/\/thelitigator.com\/es\/charlotte-nc\/abogado-de-responsabilidad-de-locales\/","og_locale":"es_ES","og_type":"article","og_title":"Abogados de Responsabilidad de Locales de Charlotte, NC","og_description":"Lesionado en la propiedad de otra persona en Charlotte, NC? Llame a las Oficinas Legales de Jason E. Taylor hoy para una consulta gratuita con un abogado experto.","og_url":"https:\/\/thelitigator.com\/es\/charlotte-nc\/abogado-de-responsabilidad-de-locales\/","og_site_name":"Taylor | Serbin Injury Lawyers","article_publisher":"https:\/\/www.facebook.com\/TheLawOfficesOfJasonETaylor\/","article_modified_time":"2025-09-11T14:24:11+00:00","og_image":[{"width":2560,"height":1707,"url":"https:\/\/thelitigator.com\/wp-content\/uploads\/2022\/10\/t-h-chia-zkOg39koe80-unsplash-1-scaled.jpg","type":"image\/jpeg"}],"twitter_card":"summary_large_image","twitter_site":"@lawyerjet","twitter_misc":{"Est. reading time":"5 minutes"},"schema":{"@context":"https:\/\/schema.org","@graph":[{"@type":"WebPage","@id":"https:\/\/thelitigator.com\/es\/charlotte-nc\/abogado-de-responsabilidad-de-locales\/","url":"https:\/\/thelitigator.com\/es\/charlotte-nc\/abogado-de-responsabilidad-de-locales\/","name":"Abogados de Responsabilidad de Locales de Charlotte, NC","isPartOf":{"@id":"https:\/\/thelitigator.com\/es\/#website"},"primaryImageOfPage":{"@id":"https:\/\/thelitigator.com\/es\/charlotte-nc\/abogado-de-responsabilidad-de-locales\/#primaryimage"},"image":{"@id":"https:\/\/thelitigator.com\/es\/charlotte-nc\/abogado-de-responsabilidad-de-locales\/#primaryimage"},"thumbnailUrl":"https:\/\/thelitigator.com\/wp-content\/uploads\/2022\/10\/t-h-chia-zkOg39koe80-unsplash-1-scaled.jpg","datePublished":"2022-10-25T01:29:38+00:00","dateModified":"2025-09-11T14:24:11+00:00","description":"Lesionado en la propiedad de otra persona en Charlotte, NC? Llame a las Oficinas Legales de Jason E. Taylor hoy para una consulta gratuita con un abogado experto.","breadcrumb":{"@id":"https:\/\/thelitigator.com\/es\/charlotte-nc\/abogado-de-responsabilidad-de-locales\/#breadcrumb"},"inLanguage":"es-US","potentialAction":[{"@type":"ReadAction","target":["https:\/\/thelitigator.com\/es\/charlotte-nc\/abogado-de-responsabilidad-de-locales\/"]}]},{"@type":"ImageObject","inLanguage":"es-US","@id":"https:\/\/thelitigator.com\/es\/charlotte-nc\/abogado-de-responsabilidad-de-locales\/#primaryimage","url":"https:\/\/thelitigator.com\/wp-content\/uploads\/2022\/10\/t-h-chia-zkOg39koe80-unsplash-1-scaled.jpg","contentUrl":"https:\/\/thelitigator.com\/wp-content\/uploads\/2022\/10\/t-h-chia-zkOg39koe80-unsplash-1-scaled.jpg","width":2560,"height":1707,"caption":"Premises Liability Lawyer Greenville, North Carolina"},{"@type":"BreadcrumbList","@id":"https:\/\/thelitigator.com\/es\/charlotte-nc\/abogado-de-responsabilidad-de-locales\/#breadcrumb","itemListElement":[{"@type":"ListItem","position":1,"name":"Home","item":"https:\/\/thelitigator.com\/es\/"},{"@type":"ListItem","position":2,"name":"Abogados de lesiones personales de Charlotte","item":"https:\/\/thelitigator.com\/es\/charlotte-nc\/"},{"@type":"ListItem","position":3,"name":"Abogado de responsabilidad de locales de Charlotte"}]},{"@type":"WebSite","@id":"https:\/\/thelitigator.com\/es\/#website","url":"https:\/\/thelitigator.com\/es\/","name":"Taylor | Serbin Injury Lawyers","description":"Taylor | Serbin Injury Lawyers Serving North and South Carolina Areas","publisher":{"@id":"https:\/\/thelitigator.com\/es\/#organization"},"potentialAction":[{"@type":"SearchAction","target":{"@type":"EntryPoint","urlTemplate":"https:\/\/thelitigator.com\/es\/?s={search_term_string}"},"query-input":{"@type":"PropertyValueSpecification","valueRequired":true,"valueName":"search_term_string"}}],"inLanguage":"es-US"},{"@type":"Organization","@id":"https:\/\/thelitigator.com\/es\/#organization","name":"Taylor | Serbin Injury Lawyers","url":"https:\/\/thelitigator.com\/es\/","logo":{"@type":"ImageObject","inLanguage":"es-US","@id":"https:\/\/thelitigator.com\/es\/#\/schema\/logo\/image\/","url":"https:\/\/thelitigator.com\/wp-content\/uploads\/2025\/12\/TSL-brand-final-01.svg","contentUrl":"https:\/\/thelitigator.com\/wp-content\/uploads\/2025\/12\/TSL-brand-final-01.svg","width":288,"height":198,"caption":"Taylor | Serbin Injury Lawyers"},"image":{"@id":"https:\/\/thelitigator.com\/es\/#\/schema\/logo\/image\/"},"sameAs":["https:\/\/www.facebook.com\/TheLawOfficesOfJasonETaylor\/","https:\/\/x.com\/lawyerjet"]}]}},"_links":{"self":[{"href":"https:\/\/thelitigator.com\/es\/wp-json\/wp\/v2\/pages\/9793","targetHints":{"allow":["GET"]}}],"collection":[{"href":"https:\/\/thelitigator.com\/es\/wp-json\/wp\/v2\/pages"}],"about":[{"href":"https:\/\/thelitigator.com\/es\/wp-json\/wp\/v2\/types\/page"}],"author":[{"embeddable":true,"href":"https:\/\/thelitigator.com\/es\/wp-json\/wp\/v2\/users\/8"}],"replies":[{"embeddable":true,"href":"https:\/\/thelitigator.com\/es\/wp-json\/wp\/v2\/comments?post=9793"}],"version-history":[{"count":0,"href":"https:\/\/thelitigator.com\/es\/wp-json\/wp\/v2\/pages\/9793\/revisions"}],"up":[{"embeddable":true,"href":"https:\/\/thelitigator.com\/es\/wp-json\/wp\/v2\/pages\/9731"}],"wp:featuredmedia":[{"embeddable":true,"href":"https:\/\/thelitigator.com\/es\/wp-json\/wp\/v2\/media\/9055"}],"wp:attachment":[{"href":"https:\/\/thelitigator.com\/es\/wp-json\/wp\/v2\/media?parent=9793"}],"wp:term":[{"taxonomy":"category","embeddable":true,"href":"https:\/\/thelitigator.com\/es\/wp-json\/wp\/v2\/categories?post=9793"},{"taxonomy":"post_tag","embeddable":true,"href":"https:\/\/thelitigator.com\/es\/wp-json\/wp\/v2\/tags?post=9793"},{"taxonomy":"attorney","embeddable":true,"href":"https:\/\/thelitigator.com\/es\/wp-json\/wp\/v2\/attorney?post=9793"}],"curies":[{"name":"wp","href":"https:\/\/api.w.org\/{rel}","templated":true}]}}