{"id":9792,"date":"2022-10-24T22:23:07","date_gmt":"2022-10-25T02:23:07","guid":{"rendered":"https:\/\/thelitigator.com\/charlotte-nc\/wrongful-death-attorneys\/"},"modified":"2025-09-11T10:22:40","modified_gmt":"2025-09-11T14:22:40","slug":"abogados-de-muerte-injusta","status":"publish","type":"page","link":"https:\/\/thelitigator.com\/es\/charlotte-nc\/abogados-de-muerte-injusta\/","title":{"rendered":"Abogados de Muerte Injusta de Charlotte"},"content":{"rendered":"\n<h2 class=\"wp-block-heading\">\u00bfQu\u00e9 es la muerte por negligencia?<\/h2>\n\n\n\n<p>La muerte por negligencia es una muerte que ocurre debido a la negligencia o imprudencia de otra persona. Para presentar una demanda por muerte por negligencia, los familiares del difunto deben probar que la otra parte tuvo la culpa de la muerte. Esto se puede hacer demostrando que la otra parte actu\u00f3 con negligencia o imprudencia y que esta negligencia o imprudencia condujo a la muerte de la v\u00edctima.<\/p>\n\n\n\n<h2 class=\"wp-block-heading\">\u00bfQui\u00e9n puede presentar una demanda por muerte por negligencia en Carolina del Norte?<\/h2>\n\n\n\n<p>En Carolina del Norte, un representante personal del difunto puede presentar una demanda por homicidio culposo. Esto puede incluir a los familiares sobrevivientes, como el c\u00f3nyuge, los hijos o los padres del difunto. Un bufete de abogados de lesiones personales en Charlotte puede ayudarte a determinar si es elegible para presentar un reclamo.<\/p>\n\n\n\n<h2 class=\"wp-block-heading\">Tipos y causas de accidentes fatales en Charlotte, NC<\/h2>\n\n\n\n<p>Charlotte es la ciudad m\u00e1s grande de Carolina del Norte y, como tal, no es ajena a los accidentes fatales. Hubo m\u00e1s de 300 accidentes automovil\u00edsticos mortales solo en la ciudad en 2021. Y aunque el c\u00e1ncer y las enfermedades card\u00edacas son las dos causas principales de muerte en el condado de Mecklenburg, las lesiones no intencionales ocupan el tercer lugar, lo que representa m\u00e1s de 400 muertes en los \u00faltimos a\u00f1os.<\/p>\n\n\n\n<p>Algunos de los accidentes fatales m\u00e1s comunes en Charlotte incluyen:<\/p>\n\n\n\n<ul class=\"wp-block-list\">\n<li>Accidentes automovil\u00edsticos<\/li>\n\n\n\n<li>Accidentes de Camiones<\/li>\n\n\n\n<li>Accidentes de motocicleta<\/li>\n\n\n\n<li>Accidentes de bicicleta<\/li>\n\n\n\n<li>Accidentes de peatones<\/li>\n\n\n\n<li>Accidentes de Trabajo<\/li>\n\n\n\n<li>Mordidas de perro<\/li>\n\n\n\n<li>Accidentes por resbalones y ca\u00eddas<\/li>\n<\/ul>\n\n\n\n<p>Si ha perdido a un ser querido en un accidente, comun\u00edquese con un abogado con experiencia en muerte por negligencia en Charlotte para analizar su caso. Es posible que tenga derecho a una compensaci\u00f3n por sus p\u00e9rdidas, incluidos los gastos m\u00e9dicos, los costos del funeral y el entierro, la p\u00e9rdida de ingresos y beneficios, y m\u00e1s. P\u00f3ngase en contacto con un abogado hoy para obtener m\u00e1s informaci\u00f3n.<\/p>\n\n\n\n<h2 class=\"wp-block-heading\">\u00bfCu\u00e1ndo necesito contratar a un abogado de muerte por negligencia en Charlotte?<\/h2>\n\n\n\n<p>Si ha perdido a un ser querido debido a las acciones de otra persona, es importante hablar con un abogado con experiencia en muerte por negligencia lo antes posible. Un abogado puede ayudarle a comprender sus derechos y opciones legales y luchar\u00e1 para obtener la compensaci\u00f3n que merece.<\/p>\n\n\n\n<h2 class=\"wp-block-heading\">\u00bfQu\u00e9 debo buscar al contratar a un abogado de muerte por negligencia en Charlotte?<\/h2>\n\n\n\n<p>Al contratar a un abogado, debe buscar a alguien con experiencia en el manejo de demandas por muerte injusta en Charlotte. Tambi\u00e9n debe buscar un abogado compasivo y comprensivo, as\u00ed como alguien agresivo y tenaz. Puede ponerse en contacto y programar consultas con algunos abogados para comenzar. Debes hacer preguntas como:<\/p>\n\n\n\n<ul class=\"wp-block-list\">\n<li>\u00bfCu\u00e1nto tiempo ha estado manejando casos de muerte por negligencia en Charlotte?<\/li>\n\n\n\n<li>\u00bfQu\u00e9 tipos de casos maneja normalmente?<\/li>\n\n\n\n<li>\u00bfCu\u00e1l es su enfoque para este tipo de casos?<\/li>\n\n\n\n<li>\u00bfCu\u00e1les son sus honorarios y costos asociados con un caso como este?<\/li>\n<\/ul>\n\n\n\n<p>Tambi\u00e9n debe sentirse c\u00f3modo con el abogado y estar seguro de que podr\u00e1 manejar su caso.<\/p>\n\n\n\n<p>En Las Oficinas Legales de Jason E. Taylor, entendemos el dolor y el sufrimiento por el que est\u00e1 pasando y lucharemos para obtener la compensaci\u00f3n que se merece. Tambi\u00e9n ofrecemos consultas gratuitas para obtener m\u00e1s informaci\u00f3n sobre sus derechos y opciones legales sin compromiso.<\/p>\n\n\n\n<h2 class=\"wp-block-heading\">C\u00f3mo probar la responsabilidad en un caso de muerte por negligencia en Charlotte, Carolina del Norte<\/h2>\n\n\n\n<p>Si ha perdido a un ser querido debido a la negligencia o imprudencia de otra persona, es posible que pueda presentar un reclamo por muerte injusta. Para probar que la otra parte tiene la culpa de la muerte de su ser querido, deber\u00e1 demostrar que actu\u00f3 de manera negligente o imprudente. Esto se puede hacer demostrando que la otra parte incumpli\u00f3 el deber de cuidado que se le deb\u00eda a su ser querido y que este incumplimiento result\u00f3 en su muerte.<\/p>\n\n\n\n<p>Por ejemplo, si un conductor se salt\u00f3 un sem\u00e1foro en rojo y golpe\u00f3 el auto de su ser querido, caus\u00e1ndole la muerte, podr\u00eda argumentar que el conductor fue negligente porque no obedeci\u00f3 las leyes de tr\u00e1nsito. Esta negligencia result\u00f3 en la muerte de su ser querido y podr\u00eda presentar una demanda por muerte injusta contra el conductor.<\/p>\n\n\n\n<p>Tenga en cuenta que, en algunos casos, la responsabilidad puede ser compleja. En algunos casos, varias partes pueden ser responsables por la muerte de su ser querido. Estas partes pueden incluir la parte negligente, su empleador o el fabricante de un producto defectuoso.<\/p>\n\n\n\n<p>Un abogado de homicidio culposo de las Oficinas Legales de Jason E. Taylor podr\u00e1 investigar su caso y determinar qui\u00e9n puede ser responsable de la muerte de su ser querido. P\u00f3ngase en contacto con un abogado hoy para comenzar.<\/p>\n\n\n\n<h2 class=\"wp-block-heading\">\u00bfCu\u00e1les son los da\u00f1os disponibles en un reclamo por muerte por negligencia en Charlotte?<\/h2>\n\n\n\n<p>Si tiene \u00e9xito en su reclamo por muerte injusta, es posible que pueda recuperar una variedad de da\u00f1os. Estos pueden incluir:<\/p>\n\n\n\n<ul class=\"wp-block-list\">\n<li>Gastos m\u00e9dicos: si su ser querido recibi\u00f3 tratamiento m\u00e9dico antes de su muerte, es posible que pueda recuperar el costo de estos gastos.<\/li>\n\n\n\n<li>Costos de funeral y entierro: Es posible que tambi\u00e9n pueda recuperar el costo de los gastos de funeral y entierro.<\/li>\n\n\n\n<li>P\u00e9rdida de ingresos: si su ser querido estaba trabajando en el momento de su muerte, es posible que pueda recuperar la p\u00e9rdida de sus ingresos.<\/li>\n\n\n\n<li>P\u00e9rdida de compa\u00f1\u00eda: Es posible que tambi\u00e9n pueda recuperar da\u00f1os por la p\u00e9rdida de la compa\u00f1\u00eda y el apoyo de su ser querido.<\/li>\n\n\n\n<li>Dolor y sufrimiento: Es posible que pueda recuperar los da\u00f1os por el dolor y el sufrimiento que soport\u00f3 su ser querido antes de su muerte.<\/li>\n\n\n\n<li>Angustia mental: tambi\u00e9n puede recuperar da\u00f1os por la angustia mental y la angustia emocional que ha sufrido desde la muerte de su ser querido.<\/li>\n\n\n\n<li>Da\u00f1os punitivos: en algunos casos, es posible que pueda recuperar da\u00f1os punitivos. Estos est\u00e1n dise\u00f1ados para castigar a la parte negligente y disuadirlos de participar en un comportamiento similar en el futuro.<\/li>\n<\/ul>\n\n\n\n<p>Nuestros abogados de muerte por negligencia en Charlotte podr\u00e1n ayudarle a comprender los tipos de da\u00f1os disponibles en su caso y luchar\u00e1n para obtener la compensaci\u00f3n que merece.<\/p>\n\n\n\n<h2 class=\"wp-block-heading\">\u00bfCu\u00e1nto tiempo tengo para presentar una demanda por muerte por negligencia en Charlotte, Carolina del Norte?<\/h2>\n\n\n\n<p>En Carolina del Norte, generalmente tiene dos a\u00f1os a partir de la fecha de muerte de su ser querido para presentar un reclamo por muerte injusta. Este plazo se conoce como plazo de prescripci\u00f3n. Si intenta presentar un reclamo despu\u00e9s de que haya vencido este per\u00edodo, es probable que el tribunal desestime su caso.<\/p>\n\n\n\n<p>Es importante tener en cuenta que el estatuto de limitaciones puede variar seg\u00fan los hechos de su caso. Si no est\u00e1 seguro de cu\u00e1nto tiempo tiene para presentar un reclamo, debe comunicarse con un abogado con experiencia en muerte por negligencia en Charlotte lo antes posible.<\/p>\n\n\n\n<figure class=\"wp-block-image\"><img decoding=\"async\" src=\"https:\/\/lh3.googleusercontent.com\/Y2H3vui2UYa2Qz9SPMX8ym2RQ-MxUz60k1eKvIFBMSUPtWjkVP5gEowb7Fl1zRJJKMKBgZquHT9fVNygVEpJMSPTuUBYzVjerCv4t8b4hwKuv7eHoAJKcW7pj4fk7BwVsgI1dr3VDGvZC-6fPjSWens\" alt=\"Abogado de Muerte Injusta Charlotte\"\/><\/figure>\n\n\n\n<h2 class=\"wp-block-heading\">Comun\u00edquese con nuestros abogados de muerte por negligencia en Charlotte, NC.<\/h2>\n\n\n\n<p>En las Oficinas Legales de Jason E. Taylor, entendemos lo devastador que puede ser perder a un ser querido debido a la negligencia o imprudencia de otra persona. Nuestro equipo de abogados experimentados en muerte por negligencia est\u00e1 aqu\u00ed para ayudarlo en este momento dif\u00edcil.<\/p>\n\n\n\n<p>Investigaremos su caso, determinaremos qui\u00e9n puede ser responsable de la muerte de su ser querido y lucharemos para obtener la compensaci\u00f3n que merece. Cont\u00e1ctenos hoy para programar una consulta gratis. Servimos a clientes en Charlotte y en todo Carolina del Norte.<\/p>\n","protected":false},"excerpt":{"rendered":"<p>Con 199 vecindarios, incluidos Plaza-Midwood, NoDa y University City, Charlotte es el hogar de innumerables familias que disfrutan de las muchas comodidades de la ciudad. Tr\u00e1gicamente, a veces un miembro de la familia muere debido a la negligencia de otro. Si ha perdido a un ser querido y cree que las acciones descuidadas de otra persona causaron su muerte, es posible que pueda emprender acciones legales.<br \/>\nComo uno de los principales abogados de muerte por negligencia del estado, las Oficinas Legales de Jason E. Taylor han representado a numerosas familias que han perdido a seres queridos debido a la negligencia de otra parte. Si ha perdido a un ser querido en Charlotte o sus alrededores, queremos ayudarlo a obtener justicia.<br \/>\nNuestra firma valora la relaci\u00f3n abogado-cliente. Investigaremos su caso, recopilaremos evidencia y construiremos un reclamo s\u00f3lido en su nombre. Sabemos c\u00f3mo tratar con las compa\u00f1\u00edas de seguros y otras partes involucradas en casos de muerte por negligencia, y lucharemos para obtener la compensaci\u00f3n que merece.<br \/>\nSi ha perdido a un ser querido debido a la negligencia de otra persona, comun\u00edquese con nuestra oficina hoy para programar una consulta gratuita con uno de nuestros abogados experimentados en muerte por negligencia en Charlotte.<\/p>\n","protected":false},"author":8,"featured_media":9056,"parent":9731,"menu_order":0,"comment_status":"closed","ping_status":"closed","template":"","meta":{"_acf_changed":false,"footnotes":""},"categories":[1297,1450],"tags":[],"attorney":[],"class_list":["post-9792","page","type-page","status-publish","has-post-thumbnail","hentry","category-charlotte-es","category-wrongful-death-es"],"acf":[],"yoast_head":"<!-- This site is optimized with the Yoast SEO plugin v27.4 - https:\/\/yoast.com\/product\/yoast-seo-wordpress\/ -->\n<title>Abogados de Muerte por Negligencia de Charlotte, NC<\/title>\n<meta name=\"description\" content=\"Perdi\u00f3 a un ser querido por muerte por negligencia en Charlotte, NC? Llame a las Oficinas Legales de Jason E. Taylor hoy para una consulta gratuita.\" \/>\n<meta name=\"robots\" content=\"index, follow, max-snippet:-1, max-image-preview:large, max-video-preview:-1\" \/>\n<link rel=\"canonical\" href=\"https:\/\/thelitigator.com\/es\/charlotte-nc\/abogados-de-muerte-injusta\/\" \/>\n<meta property=\"og:locale\" content=\"es_ES\" \/>\n<meta property=\"og:type\" content=\"article\" \/>\n<meta property=\"og:title\" content=\"Abogados de Muerte por Negligencia de Charlotte, NC\" \/>\n<meta property=\"og:description\" content=\"Perdi\u00f3 a un ser querido por muerte por negligencia en Charlotte, NC? Llame a las Oficinas Legales de Jason E. Taylor hoy para una consulta gratuita.\" \/>\n<meta property=\"og:url\" content=\"https:\/\/thelitigator.com\/es\/charlotte-nc\/abogados-de-muerte-injusta\/\" \/>\n<meta property=\"og:site_name\" content=\"Taylor | Serbin Injury Lawyers\" \/>\n<meta property=\"article:publisher\" content=\"https:\/\/www.facebook.com\/TheLawOfficesOfJasonETaylor\/\" \/>\n<meta property=\"article:modified_time\" content=\"2025-09-11T14:22:40+00:00\" \/>\n<meta property=\"og:image\" content=\"https:\/\/thelitigator.com\/wp-content\/uploads\/2022\/10\/ben-white-e92L8PwcHD4-unsplash-1-scaled.jpg\" \/>\n\t<meta property=\"og:image:width\" content=\"2560\" \/>\n\t<meta property=\"og:image:height\" content=\"1709\" \/>\n\t<meta property=\"og:image:type\" content=\"image\/jpeg\" \/>\n<meta name=\"twitter:card\" content=\"summary_large_image\" \/>\n<meta name=\"twitter:site\" content=\"@lawyerjet\" \/>\n<meta name=\"twitter:label1\" content=\"Est. reading time\" \/>\n\t<meta name=\"twitter:data1\" content=\"6 minutes\" \/>\n<script type=\"application\/ld+json\" class=\"yoast-schema-graph\">{\"@context\":\"https:\\\/\\\/schema.org\",\"@graph\":[{\"@type\":\"WebPage\",\"@id\":\"https:\\\/\\\/thelitigator.com\\\/es\\\/charlotte-nc\\\/abogados-de-muerte-injusta\\\/\",\"url\":\"https:\\\/\\\/thelitigator.com\\\/es\\\/charlotte-nc\\\/abogados-de-muerte-injusta\\\/\",\"name\":\"Abogados de Muerte por Negligencia de Charlotte, NC\",\"isPartOf\":{\"@id\":\"https:\\\/\\\/thelitigator.com\\\/es\\\/#website\"},\"primaryImageOfPage\":{\"@id\":\"https:\\\/\\\/thelitigator.com\\\/es\\\/charlotte-nc\\\/abogados-de-muerte-injusta\\\/#primaryimage\"},\"image\":{\"@id\":\"https:\\\/\\\/thelitigator.com\\\/es\\\/charlotte-nc\\\/abogados-de-muerte-injusta\\\/#primaryimage\"},\"thumbnailUrl\":\"https:\\\/\\\/thelitigator.com\\\/wp-content\\\/uploads\\\/2022\\\/10\\\/ben-white-e92L8PwcHD4-unsplash-1-scaled.jpg\",\"datePublished\":\"2022-10-25T02:23:07+00:00\",\"dateModified\":\"2025-09-11T14:22:40+00:00\",\"description\":\"Perdi\u00f3 a un ser querido por muerte por negligencia en Charlotte, NC? Llame a las Oficinas Legales de Jason E. Taylor hoy para una consulta gratuita.\",\"breadcrumb\":{\"@id\":\"https:\\\/\\\/thelitigator.com\\\/es\\\/charlotte-nc\\\/abogados-de-muerte-injusta\\\/#breadcrumb\"},\"inLanguage\":\"es-US\",\"potentialAction\":[{\"@type\":\"ReadAction\",\"target\":[\"https:\\\/\\\/thelitigator.com\\\/es\\\/charlotte-nc\\\/abogados-de-muerte-injusta\\\/\"]}]},{\"@type\":\"ImageObject\",\"inLanguage\":\"es-US\",\"@id\":\"https:\\\/\\\/thelitigator.com\\\/es\\\/charlotte-nc\\\/abogados-de-muerte-injusta\\\/#primaryimage\",\"url\":\"https:\\\/\\\/thelitigator.com\\\/wp-content\\\/uploads\\\/2022\\\/10\\\/ben-white-e92L8PwcHD4-unsplash-1-scaled.jpg\",\"contentUrl\":\"https:\\\/\\\/thelitigator.com\\\/wp-content\\\/uploads\\\/2022\\\/10\\\/ben-white-e92L8PwcHD4-unsplash-1-scaled.jpg\",\"width\":2560,\"height\":1709,\"caption\":\"Greenville Wrongful Death Lawyer\"},{\"@type\":\"BreadcrumbList\",\"@id\":\"https:\\\/\\\/thelitigator.com\\\/es\\\/charlotte-nc\\\/abogados-de-muerte-injusta\\\/#breadcrumb\",\"itemListElement\":[{\"@type\":\"ListItem\",\"position\":1,\"name\":\"Home\",\"item\":\"https:\\\/\\\/thelitigator.com\\\/es\\\/\"},{\"@type\":\"ListItem\",\"position\":2,\"name\":\"Abogados de lesiones personales de Charlotte\",\"item\":\"https:\\\/\\\/thelitigator.com\\\/es\\\/charlotte-nc\\\/\"},{\"@type\":\"ListItem\",\"position\":3,\"name\":\"Abogados de Muerte Injusta de Charlotte\"}]},{\"@type\":\"WebSite\",\"@id\":\"https:\\\/\\\/thelitigator.com\\\/es\\\/#website\",\"url\":\"https:\\\/\\\/thelitigator.com\\\/es\\\/\",\"name\":\"Taylor | Serbin Injury Lawyers\",\"description\":\"Taylor | Serbin Injury Lawyers Serving North and South Carolina Areas\",\"publisher\":{\"@id\":\"https:\\\/\\\/thelitigator.com\\\/es\\\/#organization\"},\"potentialAction\":[{\"@type\":\"SearchAction\",\"target\":{\"@type\":\"EntryPoint\",\"urlTemplate\":\"https:\\\/\\\/thelitigator.com\\\/es\\\/?s={search_term_string}\"},\"query-input\":{\"@type\":\"PropertyValueSpecification\",\"valueRequired\":true,\"valueName\":\"search_term_string\"}}],\"inLanguage\":\"es-US\"},{\"@type\":\"Organization\",\"@id\":\"https:\\\/\\\/thelitigator.com\\\/es\\\/#organization\",\"name\":\"Taylor | Serbin Injury Lawyers\",\"url\":\"https:\\\/\\\/thelitigator.com\\\/es\\\/\",\"logo\":{\"@type\":\"ImageObject\",\"inLanguage\":\"es-US\",\"@id\":\"https:\\\/\\\/thelitigator.com\\\/es\\\/#\\\/schema\\\/logo\\\/image\\\/\",\"url\":\"https:\\\/\\\/thelitigator.com\\\/wp-content\\\/uploads\\\/2025\\\/12\\\/TSL-brand-final-01.svg\",\"contentUrl\":\"https:\\\/\\\/thelitigator.com\\\/wp-content\\\/uploads\\\/2025\\\/12\\\/TSL-brand-final-01.svg\",\"width\":288,\"height\":198,\"caption\":\"Taylor | Serbin Injury Lawyers\"},\"image\":{\"@id\":\"https:\\\/\\\/thelitigator.com\\\/es\\\/#\\\/schema\\\/logo\\\/image\\\/\"},\"sameAs\":[\"https:\\\/\\\/www.facebook.com\\\/TheLawOfficesOfJasonETaylor\\\/\",\"https:\\\/\\\/x.com\\\/lawyerjet\"]}]}<\/script>\n<!-- \/ Yoast SEO plugin. -->","yoast_head_json":{"title":"Abogados de Muerte por Negligencia de Charlotte, NC","description":"Perdi\u00f3 a un ser querido por muerte por negligencia en Charlotte, NC? Llame a las Oficinas Legales de Jason E. Taylor hoy para una consulta gratuita.","robots":{"index":"index","follow":"follow","max-snippet":"max-snippet:-1","max-image-preview":"max-image-preview:large","max-video-preview":"max-video-preview:-1"},"canonical":"https:\/\/thelitigator.com\/es\/charlotte-nc\/abogados-de-muerte-injusta\/","og_locale":"es_ES","og_type":"article","og_title":"Abogados de Muerte por Negligencia de Charlotte, NC","og_description":"Perdi\u00f3 a un ser querido por muerte por negligencia en Charlotte, NC? Llame a las Oficinas Legales de Jason E. Taylor hoy para una consulta gratuita.","og_url":"https:\/\/thelitigator.com\/es\/charlotte-nc\/abogados-de-muerte-injusta\/","og_site_name":"Taylor | Serbin Injury Lawyers","article_publisher":"https:\/\/www.facebook.com\/TheLawOfficesOfJasonETaylor\/","article_modified_time":"2025-09-11T14:22:40+00:00","og_image":[{"width":2560,"height":1709,"url":"https:\/\/thelitigator.com\/wp-content\/uploads\/2022\/10\/ben-white-e92L8PwcHD4-unsplash-1-scaled.jpg","type":"image\/jpeg"}],"twitter_card":"summary_large_image","twitter_site":"@lawyerjet","twitter_misc":{"Est. reading time":"6 minutes"},"schema":{"@context":"https:\/\/schema.org","@graph":[{"@type":"WebPage","@id":"https:\/\/thelitigator.com\/es\/charlotte-nc\/abogados-de-muerte-injusta\/","url":"https:\/\/thelitigator.com\/es\/charlotte-nc\/abogados-de-muerte-injusta\/","name":"Abogados de Muerte por Negligencia de Charlotte, NC","isPartOf":{"@id":"https:\/\/thelitigator.com\/es\/#website"},"primaryImageOfPage":{"@id":"https:\/\/thelitigator.com\/es\/charlotte-nc\/abogados-de-muerte-injusta\/#primaryimage"},"image":{"@id":"https:\/\/thelitigator.com\/es\/charlotte-nc\/abogados-de-muerte-injusta\/#primaryimage"},"thumbnailUrl":"https:\/\/thelitigator.com\/wp-content\/uploads\/2022\/10\/ben-white-e92L8PwcHD4-unsplash-1-scaled.jpg","datePublished":"2022-10-25T02:23:07+00:00","dateModified":"2025-09-11T14:22:40+00:00","description":"Perdi\u00f3 a un ser querido por muerte por negligencia en Charlotte, NC? Llame a las Oficinas Legales de Jason E. Taylor hoy para una consulta gratuita.","breadcrumb":{"@id":"https:\/\/thelitigator.com\/es\/charlotte-nc\/abogados-de-muerte-injusta\/#breadcrumb"},"inLanguage":"es-US","potentialAction":[{"@type":"ReadAction","target":["https:\/\/thelitigator.com\/es\/charlotte-nc\/abogados-de-muerte-injusta\/"]}]},{"@type":"ImageObject","inLanguage":"es-US","@id":"https:\/\/thelitigator.com\/es\/charlotte-nc\/abogados-de-muerte-injusta\/#primaryimage","url":"https:\/\/thelitigator.com\/wp-content\/uploads\/2022\/10\/ben-white-e92L8PwcHD4-unsplash-1-scaled.jpg","contentUrl":"https:\/\/thelitigator.com\/wp-content\/uploads\/2022\/10\/ben-white-e92L8PwcHD4-unsplash-1-scaled.jpg","width":2560,"height":1709,"caption":"Greenville Wrongful Death Lawyer"},{"@type":"BreadcrumbList","@id":"https:\/\/thelitigator.com\/es\/charlotte-nc\/abogados-de-muerte-injusta\/#breadcrumb","itemListElement":[{"@type":"ListItem","position":1,"name":"Home","item":"https:\/\/thelitigator.com\/es\/"},{"@type":"ListItem","position":2,"name":"Abogados de lesiones personales de Charlotte","item":"https:\/\/thelitigator.com\/es\/charlotte-nc\/"},{"@type":"ListItem","position":3,"name":"Abogados de Muerte Injusta de Charlotte"}]},{"@type":"WebSite","@id":"https:\/\/thelitigator.com\/es\/#website","url":"https:\/\/thelitigator.com\/es\/","name":"Taylor | Serbin Injury Lawyers","description":"Taylor | Serbin Injury Lawyers Serving North and South Carolina Areas","publisher":{"@id":"https:\/\/thelitigator.com\/es\/#organization"},"potentialAction":[{"@type":"SearchAction","target":{"@type":"EntryPoint","urlTemplate":"https:\/\/thelitigator.com\/es\/?s={search_term_string}"},"query-input":{"@type":"PropertyValueSpecification","valueRequired":true,"valueName":"search_term_string"}}],"inLanguage":"es-US"},{"@type":"Organization","@id":"https:\/\/thelitigator.com\/es\/#organization","name":"Taylor | Serbin Injury Lawyers","url":"https:\/\/thelitigator.com\/es\/","logo":{"@type":"ImageObject","inLanguage":"es-US","@id":"https:\/\/thelitigator.com\/es\/#\/schema\/logo\/image\/","url":"https:\/\/thelitigator.com\/wp-content\/uploads\/2025\/12\/TSL-brand-final-01.svg","contentUrl":"https:\/\/thelitigator.com\/wp-content\/uploads\/2025\/12\/TSL-brand-final-01.svg","width":288,"height":198,"caption":"Taylor | Serbin Injury Lawyers"},"image":{"@id":"https:\/\/thelitigator.com\/es\/#\/schema\/logo\/image\/"},"sameAs":["https:\/\/www.facebook.com\/TheLawOfficesOfJasonETaylor\/","https:\/\/x.com\/lawyerjet"]}]}},"_links":{"self":[{"href":"https:\/\/thelitigator.com\/es\/wp-json\/wp\/v2\/pages\/9792","targetHints":{"allow":["GET"]}}],"collection":[{"href":"https:\/\/thelitigator.com\/es\/wp-json\/wp\/v2\/pages"}],"about":[{"href":"https:\/\/thelitigator.com\/es\/wp-json\/wp\/v2\/types\/page"}],"author":[{"embeddable":true,"href":"https:\/\/thelitigator.com\/es\/wp-json\/wp\/v2\/users\/8"}],"replies":[{"embeddable":true,"href":"https:\/\/thelitigator.com\/es\/wp-json\/wp\/v2\/comments?post=9792"}],"version-history":[{"count":0,"href":"https:\/\/thelitigator.com\/es\/wp-json\/wp\/v2\/pages\/9792\/revisions"}],"up":[{"embeddable":true,"href":"https:\/\/thelitigator.com\/es\/wp-json\/wp\/v2\/pages\/9731"}],"wp:featuredmedia":[{"embeddable":true,"href":"https:\/\/thelitigator.com\/es\/wp-json\/wp\/v2\/media\/9056"}],"wp:attachment":[{"href":"https:\/\/thelitigator.com\/es\/wp-json\/wp\/v2\/media?parent=9792"}],"wp:term":[{"taxonomy":"category","embeddable":true,"href":"https:\/\/thelitigator.com\/es\/wp-json\/wp\/v2\/categories?post=9792"},{"taxonomy":"post_tag","embeddable":true,"href":"https:\/\/thelitigator.com\/es\/wp-json\/wp\/v2\/tags?post=9792"},{"taxonomy":"attorney","embeddable":true,"href":"https:\/\/thelitigator.com\/es\/wp-json\/wp\/v2\/attorney?post=9792"}],"curies":[{"name":"wp","href":"https:\/\/api.w.org\/{rel}","templated":true}]}}