{"id":9790,"date":"2022-03-06T10:00:22","date_gmt":"2022-03-06T15:00:22","guid":{"rendered":"https:\/\/thelitigator.com\/charlotte-nc\/bicycle-accident-lawyers\/"},"modified":"2024-04-03T12:06:51","modified_gmt":"2024-04-03T16:06:51","slug":"abogados-de-accidentes-de-bicicleta","status":"publish","type":"page","link":"https:\/\/thelitigator.com\/es\/charlotte-nc\/abogados-de-accidentes-de-bicicleta\/","title":{"rendered":"Abogados de Accidentes de Bicicleta en Charlotte"},"content":{"rendered":"\n<h2 class=\"wp-block-heading\">\u00bfQu\u00e9 tan comunes son los accidentes de bicicleta en Charlotte, Carolina del Norte?<\/h2>\n\n\n\n<p>Seg\u00fan la Administraci\u00f3n Nacional de Seguridad del Tr\u00e1fico en las Carreteras (NHTSA), m\u00e1s de 800 muertes relacionadas con bicicletas ocurrieron en todo el pa\u00eds en 2019, y en 2020, m\u00e1s de 20 ciclistas murieron en las carreteras de Carolina del Norte. Cuatro de esas muertes ocurrieron en el \u00e1rea de Charlotte.<\/p>\n\n\n\n<h2 class=\"wp-block-heading\">\u00bfCu\u00e1les son algunas leyes de bicicletas de Carolina del Norte?<\/h2>\n\n\n\n<p>En Carolina del Norte, los ciclistas tienen los mismos derechos y responsabilidades que los automovilistas. Sin embargo, algunas leyes espec\u00edficas se refieren al ciclismo. Por ejemplo, es ilegal andar en bicicleta en una acera a menos que est\u00e9 expl\u00edcitamente marcado como carril bici. Los ciclistas tambi\u00e9n deben ceder el paso a los peatones y darles el derecho de paso.<\/p>\n\n\n\n<h3 class=\"wp-block-heading\">Leyes del casco<\/h3>\n\n\n\n<p>Ninguna ley en Carolina del Norte requiere que los ciclistas usen cascos mientras conducen a menos que sean menores de 16 a\u00f1os. Sin embargo, siempre se recomienda usar un casco, ya que puede ayudar a reducir la gravedad de las lesiones en caso de un choque.<\/p>\n\n\n\n<h3 class=\"wp-block-heading\">Requisitos del equipo<\/h3>\n\n\n\n<p>Seg\u00fan la ley de Carolina del Norte, todas las bicicletas deben estar equipadas con luces delanteras y traseras si se conduce de noche. Los ciclistas tambi\u00e9n deben tener una luz blanca en la parte delantera de su bicicleta y un reflector rojo en la parte trasera.<\/p>\n\n\n\n<h3 class=\"wp-block-heading\">Andar en bicicleta borracho<\/h3>\n\n\n\n<p>Es ilegal operar una bicicleta bajo la influencia del alcohol o las drogas en Carolina del Norte. Si lo atrapan andando en bicicleta mientras est\u00e1 incapacitado, puede enfrentar cargos penales.<\/p>\n\n\n\n<h3 class=\"wp-block-heading\">Girar y fusionarse en intersecciones<\/h3>\n\n\n\n<p>Al girar o incorporarse a las intersecciones, los ciclistas deben seguir las mismas reglas que los automovilistas. Esto significa que deben usar se\u00f1ales manuales para indicar sus intenciones y esperar hasta que sea seguro continuar.<\/p>\n\n\n\n<p>Si result\u00f3 lesionado en un accidente de bicicleta, comun\u00edquese hoy con un abogado de accidentes de bicicleta de Charlotte para que lo ayude a presentar un reclamo. Con representaci\u00f3n legal experimentada de su lado, puede obtener la compensaci\u00f3n que se merece.<\/p>\n\n\n\n<h2 class=\"wp-block-heading\">\u00bfCu\u00e1les son algunas causas comunes de accidentes de bicicleta?<\/h2>\n\n\n\n<p>Hay una variedad de factores que pueden contribuir a los accidentes de bicicleta. Algunas causas comunes incluyen:<\/p>\n\n\n\n<ul class=\"wp-block-list\">\n<li>Conducci\u00f3n distra\u00edda<\/li>\n\n\n\n<li>Exceso de velocidad<\/li>\n\n\n\n<li>Conducir ebrio<\/li>\n\n\n\n<li>Saltarse un sem\u00e1foro en rojo o una se\u00f1al de alto<\/li>\n\n\n\n<li>No ceder el derecho de paso<\/li>\n<\/ul>\n\n\n\n<p>Si result\u00f3 lesionado en un accidente de bicicleta, es importante que hable con un abogado de lesiones personales para conocer sus opciones legales. Con la ayuda de un abogado, puede presentar un reclamo y obtener la compensaci\u00f3n que merece.<\/p>\n\n\n\n<h2 class=\"wp-block-heading\">\u00bfCu\u00e1les son los tipos comunes de lesiones por accidentes de bicicleta en Charlotte?<\/h2>\n\n\n\n<p>Los accidentes de bicicleta pueden provocar lesiones graves. Algunas lesiones comunes incluyen:<\/p>\n\n\n\n<ul class=\"wp-block-list\">\n<li>Lesiones en la cabeza y el cerebro<\/li>\n\n\n\n<li>Lesiones de cuello y espalda<\/li>\n\n\n\n<li>Lesiones de la m\u00e9dula espinal<\/li>\n\n\n\n<li>Huesos rotos<\/li>\n\n\n\n<li>laceraciones<\/li>\n<\/ul>\n\n\n\n<p>Si ha resultado lesionado en un accidente de bicicleta, es importante buscar atenci\u00f3n m\u00e9dica de inmediato. Cuanto antes reciba tratamiento, antes podr\u00e1 recuperarse de sus lesiones.<\/p>\n\n\n\n<h2 class=\"wp-block-heading\">\u00bfCu\u00e1les son los desaf\u00edos para los ciclistas del \u00e1rea de Charlotte lesionados en un accidente?<\/h2>\n\n\n\n<p>Hay varios desaf\u00edos que los ciclistas del \u00e1rea de Charlotte pueden enfrentar cuando se lesionan en un accidente. Algunos desaf\u00edos comunes incluyen:<\/p>\n\n\n\n<ul class=\"wp-block-list\">\n<li>Prueba de negligencia<\/li>\n\n\n\n<li>Reuniendo evidencia<\/li>\n\n\n\n<li>Trato con compa\u00f1\u00edas de seguros<\/li>\n\n\n\n<li>Presentar una demanda<\/li>\n<\/ul>\n\n\n\n<p>Si result\u00f3 lesionado en un accidente de bicicleta, es importante que hable con un abogado que pueda ayudarlo a superar estos desaf\u00edos. Con la ayuda de un abogado, puede obtener la compensaci\u00f3n que merece por sus lesiones.<\/p>\n\n\n\n<h2 class=\"wp-block-heading\">\u00bfC\u00f3mo se define la negligencia en los accidentes de bicicleta en Charlotte?<\/h2>\n\n\n\n<p>Para presentar un reclamo por lesiones personales con \u00e9xito, deber\u00e1 demostrar que la otra parte fue negligente. Esto significa que no ejercieron un nivel razonable de cuidado, y esta falla provoc\u00f3 sus lesiones.<\/p>\n\n\n\n<p>Hay varias formas en que la negligencia puede ocurrir en un accidente de bicicleta. Por ejemplo, si un conductor no cede el derecho de paso o se salta un sem\u00e1foro en rojo, puede ser considerado negligente. Si puede probar que la otra parte fue negligente, es posible que pueda obtener una compensaci\u00f3n por sus lesiones.<\/p>\n\n\n\n<h3 class=\"wp-block-heading\">Prueba de responsabilidad en un caso de accidente de bicicleta en Charlotte<\/h3>\n\n\n\n<p>Una vez que haya probado que la otra parte fue negligente, deber\u00e1 probar que su negligencia provoc\u00f3 sus lesiones. Esto significa que deber\u00e1 demostrar que el accidente no habr\u00eda ocurrido si no fuera por la negligencia de la otra parte.<\/p>\n\n\n\n<p>Si puede probar que la otra parte es responsable de sus lesiones, es posible que pueda obtener una compensaci\u00f3n por sus facturas m\u00e9dicas, salarios perdidos y dolor y sufrimiento.<\/p>\n\n\n\n<h2 class=\"wp-block-heading\">\u00bfC\u00f3mo Probar Negligencia en un Caso de Accidente de Bicicleta en Charlotte?<\/h2>\n\n\n\n<p>Hay varias formas de probar la negligencia en un caso de accidente de bicicleta. Algunos m\u00e9todos comunes incluyen:<\/p>\n\n\n\n<ul class=\"wp-block-list\">\n<li>Declaraci\u00f3n del testigo<\/li>\n\n\n\n<li>Informes policiales<\/li>\n\n\n\n<li>Fotos y videos de la escena.<\/li>\n\n\n\n<li>Registros m\u00e9dicos<\/li>\n<\/ul>\n\n\n\n<p>Si result\u00f3 lesionado en un accidente de bicicleta, es importante que hable con un abogado que pueda ayudarlo a reunir las pruebas que necesita para probar la negligencia. Con la ayuda de un abogado, puede obtener la compensaci\u00f3n que merece por sus lesiones.<\/p>\n\n\n\n<h2 class=\"wp-block-heading\">\u00bfExiste un estatuto de limitaciones para las reclamaciones por accidentes de bicicleta?<\/h2>\n\n\n\n<p>S\u00ed, hay fechas l\u00edmite para recuperar da\u00f1os en un reclamo por accidente de bicicleta en Charlotte. En Carolina del Norte, generalmente tiene tres a\u00f1os para presentar una demanda por lesiones personales. Sin embargo, es importante hablar con un abogado lo antes posible para que pueda comenzar a recopilar evidencia, trabajar en probar y construir su caso y garantizar que se proteja el estatuto de limitaciones.&nbsp;&nbsp;<\/p>\n\n\n\n<h3 class=\"wp-block-heading\">La evidencia de su accidente de bicicleta podr\u00eda degradarse con el tiempo<\/h3>\n\n\n\n<p>Es importante hablar con un abogado lo antes posible despu\u00e9s de un accidente de bicicleta porque la evidencia puede degradarse con el tiempo. Por ejemplo, las marcas de derrape en la carretera pueden desaparecer y los testigos pueden olvidar lo que vieron o salir del \u00e1rea, lo que dificulta encontrarlos o lograr que cooperen.<\/p>\n\n\n\n<p>Si espera demasiado para hablar con un abogado, probar la negligencia y obtener la compensaci\u00f3n que merece puede ser m\u00e1s dif\u00edcil.<\/p>\n\n\n\n<h2 class=\"wp-block-heading\">\u00bfQu\u00e9 da\u00f1os son recuperables en casos de accidentes de bicicleta?<\/h2>\n\n\n\n<p>Los ciclistas lesionados pueden recuperar da\u00f1os por sus lesiones. Algunos da\u00f1os comunes que pueden estar disponibles en casos de lesiones personales de bicicletas incluyen:<\/p>\n\n\n\n<ul class=\"wp-block-list\">\n<li>Facturas m\u00e9dicas<\/li>\n\n\n\n<li>Salarios perdidos<\/li>\n\n\n\n<li>Dolor y sufrimiento<\/li>\n\n\n\n<li>Da\u00f1o a la propiedad<\/li>\n<\/ul>\n\n\n\n<h2 class=\"wp-block-heading\">\u00bfEs Necesario Contratar a un Abogado de Accidentes de Bicicleta?<\/h2>\n\n\n\n<p>No, no es necesario contratar a un abogado de accidentes de bicicleta para recuperar los da\u00f1os. Sin embargo, contratar a un abogado puede ser \u00fatil porque sabr\u00e1 c\u00f3mo navegar por el sistema legal y construir un caso en su nombre. Adem\u00e1s, las demandas por accidentes de bicicleta est\u00e1n listas para alegaciones de negligencia concurrente, lo que podr\u00eda impedirle recuperarse. Un abogado tambi\u00e9n lo ayudar\u00e1 a negociar con las compa\u00f1\u00edas de seguros y obtener la compensaci\u00f3n que merece.<\/p>\n\n\n\n<figure class=\"wp-block-image size-large\"><img fetchpriority=\"high\" decoding=\"async\" width=\"1024\" height=\"511\" src=\"https:\/\/thelitigator.com\/wp-content\/uploads\/2024\/03\/iStock-453376679-1024x511.jpg\" alt=\"Dangerous city traffic situation with a cyclist and cars in motion blur, moments before a bicycle accident\" class=\"wp-image-10989\" srcset=\"https:\/\/thelitigator.com\/wp-content\/uploads\/2024\/03\/iStock-453376679-1024x511.jpg 1024w, https:\/\/thelitigator.com\/wp-content\/uploads\/2024\/03\/iStock-453376679-300x150.jpg 300w, https:\/\/thelitigator.com\/wp-content\/uploads\/2024\/03\/iStock-453376679-768x383.jpg 768w, https:\/\/thelitigator.com\/wp-content\/uploads\/2024\/03\/iStock-453376679-1536x766.jpg 1536w, https:\/\/thelitigator.com\/wp-content\/uploads\/2024\/03\/iStock-453376679-2048x1022.jpg 2048w, https:\/\/thelitigator.com\/wp-content\/uploads\/2024\/03\/iStock-453376679-1200x599.jpg 1200w, https:\/\/thelitigator.com\/wp-content\/uploads\/2024\/03\/iStock-453376679-1980x988.jpg 1980w\" sizes=\"(max-width: 1024px) 100vw, 1024px\" \/><\/figure>\n\n\n\n<h2 class=\"wp-block-heading\">Comun\u00edquese con nuestros abogados de accidentes de bicicleta en Charlotte, NC.<\/h2>\n\n\n\n<p>Los accidentes de bicicleta pueden ocurrir en cualquier momento, y si ha resultado lesionado en uno debido a la negligencia o imprudencia de otra persona, merece una compensaci\u00f3n justa por sus lesiones. En Las Oficinas Legales de Jason E. Taylor, aceptamos compa\u00f1\u00edas de seguros y negociamos con ellas para garantizar que reciba un trato justo. Tampoco tenemos miedo de ir a juicio cuando es lo mejor para nuestros clientes.<\/p>\n\n\n\n<p>Si ha resultado lesionado en un accidente de bicicleta, es importante que hable con un abogado lo antes posible. Un abogado puede ayudarlo a reunir evidencia, probar negligencia y obtener la compensaci\u00f3n que merece por sus lesiones. P\u00f3ngase en contacto con nosotros hoy para una evaluaci\u00f3n gratuita de su caso.<\/p>\n","protected":false},"excerpt":{"rendered":"<p>Si ha resultado lesionado en un accidente de bicicleta, es importante que hable con un abogado calificado en lesiones personales lo antes posible. Un abogado de accidentes de bicicleta en Charlotte puede ayudar a presentar un reclamo y obtener la compensaci\u00f3n que merece.<br \/>\nEn las Oficinas Legales de Jason E. Taylor, nuestros abogados de accidentes tienen a\u00f1os de experiencia en casos de accidentes de bicicleta y sabemos c\u00f3mo obtener resultados. Obligamos a las partes responsables a aceptar las consecuencias de sus acciones y le proporcionamos la compensaci\u00f3n a la que tiene derecho.<br \/>\nSi usted o un ser querido ha resultado lesionado en un accidente de bicicleta causado por la negligencia de un conductor, un abogado puede ayudarlo de inmediato. Cont\u00e1ctenos hoy para programar una consulta gratis.<\/p>\n","protected":false},"author":8,"featured_media":9397,"parent":9731,"menu_order":0,"comment_status":"closed","ping_status":"closed","template":"","meta":{"_acf_changed":false,"footnotes":""},"categories":[1449,1297],"tags":[],"attorney":[],"class_list":["post-9790","page","type-page","status-publish","has-post-thumbnail","hentry","category-bicycle-accidents-es","category-charlotte-es"],"acf":[],"yoast_head":"<!-- This site is optimized with the Yoast SEO plugin v27.6 - https:\/\/yoast.com\/product\/yoast-seo-wordpress\/ -->\n<title>Abogados de Accidentes de Bicicleta en Charlotte, NC<\/title>\n<meta name=\"description\" content=\"P\u00f3ngase en contacto con nuestros abogados de accidentes de bicicleta en Charlotte de las Oficinas Legales de Jason E. Taylor P.C. si usted o un ser querido ha resultado lesionado por la negligencia de otra persona.\" \/>\n<meta name=\"robots\" content=\"index, follow, max-snippet:-1, max-image-preview:large, max-video-preview:-1\" \/>\n<link rel=\"canonical\" href=\"https:\/\/thelitigator.com\/es\/charlotte-nc\/abogados-de-accidentes-de-bicicleta\/\" \/>\n<meta property=\"og:locale\" content=\"es_ES\" \/>\n<meta property=\"og:type\" content=\"article\" \/>\n<meta property=\"og:title\" content=\"Abogados de Accidentes de Bicicleta en Charlotte, NC\" \/>\n<meta property=\"og:description\" content=\"P\u00f3ngase en contacto con nuestros abogados de accidentes de bicicleta en Charlotte de las Oficinas Legales de Jason E. Taylor P.C. si usted o un ser querido ha resultado lesionado por la negligencia de otra persona.\" \/>\n<meta property=\"og:url\" content=\"https:\/\/thelitigator.com\/es\/charlotte-nc\/abogados-de-accidentes-de-bicicleta\/\" \/>\n<meta property=\"og:site_name\" content=\"Taylor | Serbin Injury Lawyers\" \/>\n<meta property=\"article:publisher\" content=\"https:\/\/www.facebook.com\/TheLawOfficesOfJasonETaylor\/\" \/>\n<meta property=\"article:modified_time\" content=\"2024-04-03T16:06:51+00:00\" \/>\n<meta property=\"og:image\" content=\"https:\/\/thelitigator.com\/wp-content\/uploads\/2023\/08\/ian-valerio-9UxW_MqBGe4-unsplash-scaled.jpg\" \/>\n\t<meta property=\"og:image:width\" content=\"2560\" \/>\n\t<meta property=\"og:image:height\" content=\"1440\" \/>\n\t<meta property=\"og:image:type\" content=\"image\/jpeg\" \/>\n<meta name=\"twitter:card\" content=\"summary_large_image\" \/>\n<meta name=\"twitter:site\" content=\"@lawyerjet\" \/>\n<meta name=\"twitter:label1\" content=\"Est. reading time\" \/>\n\t<meta name=\"twitter:data1\" content=\"7 minutes\" \/>\n<script type=\"application\/ld+json\" class=\"yoast-schema-graph\">{\"@context\":\"https:\\\/\\\/schema.org\",\"@graph\":[{\"@type\":\"WebPage\",\"@id\":\"https:\\\/\\\/thelitigator.com\\\/es\\\/charlotte-nc\\\/abogados-de-accidentes-de-bicicleta\\\/\",\"url\":\"https:\\\/\\\/thelitigator.com\\\/es\\\/charlotte-nc\\\/abogados-de-accidentes-de-bicicleta\\\/\",\"name\":\"Abogados de Accidentes de Bicicleta en Charlotte, NC\",\"isPartOf\":{\"@id\":\"https:\\\/\\\/thelitigator.com\\\/es\\\/#website\"},\"primaryImageOfPage\":{\"@id\":\"https:\\\/\\\/thelitigator.com\\\/es\\\/charlotte-nc\\\/abogados-de-accidentes-de-bicicleta\\\/#primaryimage\"},\"image\":{\"@id\":\"https:\\\/\\\/thelitigator.com\\\/es\\\/charlotte-nc\\\/abogados-de-accidentes-de-bicicleta\\\/#primaryimage\"},\"thumbnailUrl\":\"https:\\\/\\\/thelitigator.com\\\/wp-content\\\/uploads\\\/2023\\\/08\\\/ian-valerio-9UxW_MqBGe4-unsplash-scaled.jpg\",\"datePublished\":\"2022-03-06T15:00:22+00:00\",\"dateModified\":\"2024-04-03T16:06:51+00:00\",\"description\":\"P\u00f3ngase en contacto con nuestros abogados de accidentes de bicicleta en Charlotte de las Oficinas Legales de Jason E. Taylor P.C. si usted o un ser querido ha resultado lesionado por la negligencia de otra persona.\",\"breadcrumb\":{\"@id\":\"https:\\\/\\\/thelitigator.com\\\/es\\\/charlotte-nc\\\/abogados-de-accidentes-de-bicicleta\\\/#breadcrumb\"},\"inLanguage\":\"es-US\",\"potentialAction\":[{\"@type\":\"ReadAction\",\"target\":[\"https:\\\/\\\/thelitigator.com\\\/es\\\/charlotte-nc\\\/abogados-de-accidentes-de-bicicleta\\\/\"]}]},{\"@type\":\"ImageObject\",\"inLanguage\":\"es-US\",\"@id\":\"https:\\\/\\\/thelitigator.com\\\/es\\\/charlotte-nc\\\/abogados-de-accidentes-de-bicicleta\\\/#primaryimage\",\"url\":\"https:\\\/\\\/thelitigator.com\\\/wp-content\\\/uploads\\\/2023\\\/08\\\/ian-valerio-9UxW_MqBGe4-unsplash-scaled.jpg\",\"contentUrl\":\"https:\\\/\\\/thelitigator.com\\\/wp-content\\\/uploads\\\/2023\\\/08\\\/ian-valerio-9UxW_MqBGe4-unsplash-scaled.jpg\",\"width\":2560,\"height\":1440},{\"@type\":\"BreadcrumbList\",\"@id\":\"https:\\\/\\\/thelitigator.com\\\/es\\\/charlotte-nc\\\/abogados-de-accidentes-de-bicicleta\\\/#breadcrumb\",\"itemListElement\":[{\"@type\":\"ListItem\",\"position\":1,\"name\":\"Home\",\"item\":\"https:\\\/\\\/thelitigator.com\\\/es\\\/\"},{\"@type\":\"ListItem\",\"position\":2,\"name\":\"Abogados de lesiones personales de Charlotte\",\"item\":\"https:\\\/\\\/thelitigator.com\\\/es\\\/charlotte-nc\\\/\"},{\"@type\":\"ListItem\",\"position\":3,\"name\":\"Abogados de Accidentes de Bicicleta en Charlotte\"}]},{\"@type\":\"WebSite\",\"@id\":\"https:\\\/\\\/thelitigator.com\\\/es\\\/#website\",\"url\":\"https:\\\/\\\/thelitigator.com\\\/es\\\/\",\"name\":\"Taylor | Serbin Injury Lawyers\",\"description\":\"Taylor | Serbin Injury Lawyers Serving North and South Carolina Areas\",\"publisher\":{\"@id\":\"https:\\\/\\\/thelitigator.com\\\/es\\\/#organization\"},\"potentialAction\":[{\"@type\":\"SearchAction\",\"target\":{\"@type\":\"EntryPoint\",\"urlTemplate\":\"https:\\\/\\\/thelitigator.com\\\/es\\\/?s={search_term_string}\"},\"query-input\":{\"@type\":\"PropertyValueSpecification\",\"valueRequired\":true,\"valueName\":\"search_term_string\"}}],\"inLanguage\":\"es-US\"},{\"@type\":\"Organization\",\"@id\":\"https:\\\/\\\/thelitigator.com\\\/es\\\/#organization\",\"name\":\"Taylor | Serbin Injury Lawyers\",\"url\":\"https:\\\/\\\/thelitigator.com\\\/es\\\/\",\"logo\":{\"@type\":\"ImageObject\",\"inLanguage\":\"es-US\",\"@id\":\"https:\\\/\\\/thelitigator.com\\\/es\\\/#\\\/schema\\\/logo\\\/image\\\/\",\"url\":\"https:\\\/\\\/thelitigator.com\\\/wp-content\\\/uploads\\\/2025\\\/12\\\/TSL-brand-final-01.svg\",\"contentUrl\":\"https:\\\/\\\/thelitigator.com\\\/wp-content\\\/uploads\\\/2025\\\/12\\\/TSL-brand-final-01.svg\",\"width\":288,\"height\":198,\"caption\":\"Taylor | Serbin Injury Lawyers\"},\"image\":{\"@id\":\"https:\\\/\\\/thelitigator.com\\\/es\\\/#\\\/schema\\\/logo\\\/image\\\/\"},\"sameAs\":[\"https:\\\/\\\/www.facebook.com\\\/TheLawOfficesOfJasonETaylor\\\/\",\"https:\\\/\\\/x.com\\\/lawyerjet\"]}]}<\/script>\n<!-- \/ Yoast SEO plugin. -->","yoast_head_json":{"title":"Abogados de Accidentes de Bicicleta en Charlotte, NC","description":"P\u00f3ngase en contacto con nuestros abogados de accidentes de bicicleta en Charlotte de las Oficinas Legales de Jason E. Taylor P.C. si usted o un ser querido ha resultado lesionado por la negligencia de otra persona.","robots":{"index":"index","follow":"follow","max-snippet":"max-snippet:-1","max-image-preview":"max-image-preview:large","max-video-preview":"max-video-preview:-1"},"canonical":"https:\/\/thelitigator.com\/es\/charlotte-nc\/abogados-de-accidentes-de-bicicleta\/","og_locale":"es_ES","og_type":"article","og_title":"Abogados de Accidentes de Bicicleta en Charlotte, NC","og_description":"P\u00f3ngase en contacto con nuestros abogados de accidentes de bicicleta en Charlotte de las Oficinas Legales de Jason E. Taylor P.C. si usted o un ser querido ha resultado lesionado por la negligencia de otra persona.","og_url":"https:\/\/thelitigator.com\/es\/charlotte-nc\/abogados-de-accidentes-de-bicicleta\/","og_site_name":"Taylor | Serbin Injury Lawyers","article_publisher":"https:\/\/www.facebook.com\/TheLawOfficesOfJasonETaylor\/","article_modified_time":"2024-04-03T16:06:51+00:00","og_image":[{"width":2560,"height":1440,"url":"https:\/\/thelitigator.com\/wp-content\/uploads\/2023\/08\/ian-valerio-9UxW_MqBGe4-unsplash-scaled.jpg","type":"image\/jpeg"}],"twitter_card":"summary_large_image","twitter_site":"@lawyerjet","twitter_misc":{"Est. reading time":"7 minutes"},"schema":{"@context":"https:\/\/schema.org","@graph":[{"@type":"WebPage","@id":"https:\/\/thelitigator.com\/es\/charlotte-nc\/abogados-de-accidentes-de-bicicleta\/","url":"https:\/\/thelitigator.com\/es\/charlotte-nc\/abogados-de-accidentes-de-bicicleta\/","name":"Abogados de Accidentes de Bicicleta en Charlotte, NC","isPartOf":{"@id":"https:\/\/thelitigator.com\/es\/#website"},"primaryImageOfPage":{"@id":"https:\/\/thelitigator.com\/es\/charlotte-nc\/abogados-de-accidentes-de-bicicleta\/#primaryimage"},"image":{"@id":"https:\/\/thelitigator.com\/es\/charlotte-nc\/abogados-de-accidentes-de-bicicleta\/#primaryimage"},"thumbnailUrl":"https:\/\/thelitigator.com\/wp-content\/uploads\/2023\/08\/ian-valerio-9UxW_MqBGe4-unsplash-scaled.jpg","datePublished":"2022-03-06T15:00:22+00:00","dateModified":"2024-04-03T16:06:51+00:00","description":"P\u00f3ngase en contacto con nuestros abogados de accidentes de bicicleta en Charlotte de las Oficinas Legales de Jason E. Taylor P.C. si usted o un ser querido ha resultado lesionado por la negligencia de otra persona.","breadcrumb":{"@id":"https:\/\/thelitigator.com\/es\/charlotte-nc\/abogados-de-accidentes-de-bicicleta\/#breadcrumb"},"inLanguage":"es-US","potentialAction":[{"@type":"ReadAction","target":["https:\/\/thelitigator.com\/es\/charlotte-nc\/abogados-de-accidentes-de-bicicleta\/"]}]},{"@type":"ImageObject","inLanguage":"es-US","@id":"https:\/\/thelitigator.com\/es\/charlotte-nc\/abogados-de-accidentes-de-bicicleta\/#primaryimage","url":"https:\/\/thelitigator.com\/wp-content\/uploads\/2023\/08\/ian-valerio-9UxW_MqBGe4-unsplash-scaled.jpg","contentUrl":"https:\/\/thelitigator.com\/wp-content\/uploads\/2023\/08\/ian-valerio-9UxW_MqBGe4-unsplash-scaled.jpg","width":2560,"height":1440},{"@type":"BreadcrumbList","@id":"https:\/\/thelitigator.com\/es\/charlotte-nc\/abogados-de-accidentes-de-bicicleta\/#breadcrumb","itemListElement":[{"@type":"ListItem","position":1,"name":"Home","item":"https:\/\/thelitigator.com\/es\/"},{"@type":"ListItem","position":2,"name":"Abogados de lesiones personales de Charlotte","item":"https:\/\/thelitigator.com\/es\/charlotte-nc\/"},{"@type":"ListItem","position":3,"name":"Abogados de Accidentes de Bicicleta en Charlotte"}]},{"@type":"WebSite","@id":"https:\/\/thelitigator.com\/es\/#website","url":"https:\/\/thelitigator.com\/es\/","name":"Taylor | Serbin Injury Lawyers","description":"Taylor | Serbin Injury Lawyers Serving North and South Carolina Areas","publisher":{"@id":"https:\/\/thelitigator.com\/es\/#organization"},"potentialAction":[{"@type":"SearchAction","target":{"@type":"EntryPoint","urlTemplate":"https:\/\/thelitigator.com\/es\/?s={search_term_string}"},"query-input":{"@type":"PropertyValueSpecification","valueRequired":true,"valueName":"search_term_string"}}],"inLanguage":"es-US"},{"@type":"Organization","@id":"https:\/\/thelitigator.com\/es\/#organization","name":"Taylor | Serbin Injury Lawyers","url":"https:\/\/thelitigator.com\/es\/","logo":{"@type":"ImageObject","inLanguage":"es-US","@id":"https:\/\/thelitigator.com\/es\/#\/schema\/logo\/image\/","url":"https:\/\/thelitigator.com\/wp-content\/uploads\/2025\/12\/TSL-brand-final-01.svg","contentUrl":"https:\/\/thelitigator.com\/wp-content\/uploads\/2025\/12\/TSL-brand-final-01.svg","width":288,"height":198,"caption":"Taylor | Serbin Injury Lawyers"},"image":{"@id":"https:\/\/thelitigator.com\/es\/#\/schema\/logo\/image\/"},"sameAs":["https:\/\/www.facebook.com\/TheLawOfficesOfJasonETaylor\/","https:\/\/x.com\/lawyerjet"]}]}},"_links":{"self":[{"href":"https:\/\/thelitigator.com\/es\/wp-json\/wp\/v2\/pages\/9790","targetHints":{"allow":["GET"]}}],"collection":[{"href":"https:\/\/thelitigator.com\/es\/wp-json\/wp\/v2\/pages"}],"about":[{"href":"https:\/\/thelitigator.com\/es\/wp-json\/wp\/v2\/types\/page"}],"author":[{"embeddable":true,"href":"https:\/\/thelitigator.com\/es\/wp-json\/wp\/v2\/users\/8"}],"replies":[{"embeddable":true,"href":"https:\/\/thelitigator.com\/es\/wp-json\/wp\/v2\/comments?post=9790"}],"version-history":[{"count":0,"href":"https:\/\/thelitigator.com\/es\/wp-json\/wp\/v2\/pages\/9790\/revisions"}],"up":[{"embeddable":true,"href":"https:\/\/thelitigator.com\/es\/wp-json\/wp\/v2\/pages\/9731"}],"wp:featuredmedia":[{"embeddable":true,"href":"https:\/\/thelitigator.com\/es\/wp-json\/wp\/v2\/media\/9397"}],"wp:attachment":[{"href":"https:\/\/thelitigator.com\/es\/wp-json\/wp\/v2\/media?parent=9790"}],"wp:term":[{"taxonomy":"category","embeddable":true,"href":"https:\/\/thelitigator.com\/es\/wp-json\/wp\/v2\/categories?post=9790"},{"taxonomy":"post_tag","embeddable":true,"href":"https:\/\/thelitigator.com\/es\/wp-json\/wp\/v2\/tags?post=9790"},{"taxonomy":"attorney","embeddable":true,"href":"https:\/\/thelitigator.com\/es\/wp-json\/wp\/v2\/attorney?post=9790"}],"curies":[{"name":"wp","href":"https:\/\/api.w.org\/{rel}","templated":true}]}}