{"id":9787,"date":"2022-04-22T09:10:54","date_gmt":"2022-04-22T13:10:54","guid":{"rendered":"https:\/\/thelitigator.com\/charlotte-nc\/delivery-truck-accident-lawyers\/"},"modified":"2023-09-18T08:51:42","modified_gmt":"2023-09-18T12:51:42","slug":"abogados-de-accidentes-de-camiones-de-reparto","status":"publish","type":"page","link":"https:\/\/thelitigator.com\/es\/charlotte-nc\/abogados-de-accidentes-de-camiones-de-reparto\/","title":{"rendered":"Abogados de accidentes de camiones de reparto de Charlotte"},"content":{"rendered":"\n<p><strong><img fetchpriority=\"high\" decoding=\"async\" alt=\"Accidentes de camiones de reparto de FedEx\" src=\"https:\/\/lh4.googleusercontent.com\/yALvR61GnpHIdXHmNtokDlQ-USzaBkItvKuJ3iKHRHTaAoOl5I57RcFEBxVQ6j4w_-5rjMWSMj48gTcwPWrJ1xixfEHm4FpliH0zyA5Vwp15W6YmodL35Sj2u5ixncpgsW4Dxx-r473DSkZUegcZ97M\" width=\"720\" height=\"481\"><\/strong><\/p>\n\n\n\n<h2 class=\"wp-block-heading\">Causas Comunes de Accidentes de Camiones de Reparto<\/h2>\n\n\n\n<p>Desde sus inicios, el comercio electr\u00f3nico ha crecido a pasos agigantados. Y contin\u00faa creciendo a medida que m\u00e1s empresas abandonan sus tiendas f\u00edsicas y se conectan estrictamente en l\u00ednea. Este impulso en las compras en l\u00ednea ha aumentado el n\u00famero de camiones de reparto en la carretera, y ahora, los conductores est\u00e1n bajo m\u00e1s presi\u00f3n que nunca. Est\u00e1n bajo limitaciones de tiempo m\u00e1s estrictas y abrumadas, lo que los cansa y los hace m\u00e1s propensos a cometer errores.<\/p>\n\n\n\n<p>Cuando los repartidores cometen un error o act\u00faan de manera negligente, puede tener graves consecuencias. Algunas causas comunes de accidentes de camiones de reparto incluyen:<\/p>\n\n\n\n<ul class=\"wp-block-list\">\n<li>Exceso de velocidad<\/li>\n\n\n\n<li>Conducir bajo la influencia de drogas o alcohol<\/li>\n\n\n\n<li>Fatiga<\/li>\n\n\n\n<li>Conducci\u00f3n temeraria<\/li>\n\n\n\n<li>Camiones mal mantenidos<\/li>\n\n\n\n<li>Malas condiciones clim\u00e1ticas<\/li>\n\n\n\n<li>Puntos ciegos<\/li>\n\n\n\n<li>carga sobrecargada<\/li>\n<\/ul>\n\n\n\n<h2 class=\"wp-block-heading\">Partes que pueden ser responsables de un accidente de cami\u00f3n de reparto<\/h2>\n\n\n\n<p>Si result\u00f3 lesionado en un accidente de cami\u00f3n de reparto, algunas partes diferentes pueden ser responsables de sus lesiones.<\/p>\n\n\n\n<ol class=\"wp-block-list\">\n<li>El conductor de la entrega. Si el conductor estaba acelerando, manejando bajo la influencia o actuando de manera imprudente, puede ser responsable de sus lesiones.<\/li>\n\n\n\n<li>La empresa privada propietaria del cami\u00f3n o que emplea al conductor. Si la empresa no sigui\u00f3 las normas de transporte por carretera o puso a un conductor sin experiencia en la carretera, pueden ser responsables de sus lesiones.<\/li>\n\n\n\n<li>Si el cami\u00f3n no recibi\u00f3 el mantenimiento adecuado, es posible que pueda presentar un reclamo contra la empresa de mantenimiento del cami\u00f3n.<\/li>\n\n\n\n<li>Los gobiernos locales, estatales o federales Si la carretera no recibi\u00f3 el mantenimiento adecuado y contribuy\u00f3 al accidente, pueden ser responsables de sus lesiones.<\/li>\n<\/ol>\n\n\n\n<figure class=\"wp-block-image\"><img decoding=\"async\" src=\"https:\/\/lh5.googleusercontent.com\/cEfKxX9LN6R8AkPjj8Bksk7mPvzSWKEwgygyjIslPfHb7Dt1Sl0ckYMPNZpjH7BAYxUL--bJ4-Uk6quNv9sQlpFJM9INpvAllVAIsz-i3aWaiko7UYDylcEykWPhm5FrZNmsrWkZppqjvKkxD6TR8Qw\" alt=\"Accidentes de camiones de entrega de UPS\"\/><\/figure>\n\n\n\n<h2 class=\"wp-block-heading\">Presentar un reclamo por accidente de cami\u00f3n de reparto en Charlotte<\/h2>\n\n\n\n<p>Si result\u00f3 lesionado en un accidente de cami\u00f3n de reparto, es posible que pueda presentar un reclamo contra el conductor o la empresa propietaria del cami\u00f3n. Un abogado de accidentes de camiones de Charlotte podr\u00e1 ayudarlo a determinar qui\u00e9n tiene la culpa del accidente y ayudarlo a obtener la compensaci\u00f3n que se merece.<\/p>\n\n\n\n<p>Para presentar un reclamo, deber\u00e1 demostrar que el conductor o la empresa fue negligente. Esto quiere decir que no tomaron las precauciones necesarias para evitar que ocurriera el accidente. Por ejemplo, si el conductor estaba acelerando, esto podr\u00eda considerarse negligencia. Si la empresa no mantuvo adecuadamente el cami\u00f3n, esto tambi\u00e9n podr\u00eda considerarse negligencia.<\/p>\n\n\n\n<p>Tambi\u00e9n deber\u00e1 demostrar que result\u00f3 herido en el accidente. Esto significa que necesitar\u00e1 tener registros m\u00e9dicos u otra documentaci\u00f3n para demostrar que result\u00f3 lesionado. Si no tiene esta documentaci\u00f3n, puede ser dif\u00edcil probar sus lesiones.<\/p>\n\n\n\n<h2 class=\"wp-block-heading\">Compensaci\u00f3n que puede recuperar<\/h2>\n\n\n\n<p>Hay algunos tipos diferentes de compensaci\u00f3n que puede recuperar en un reclamo por lesiones personales, que incluyen:<\/p>\n\n\n\n<ul class=\"wp-block-list\">\n<li>Gastos m\u00e9dicos<\/li>\n\n\n\n<li>Salarios perdidos<\/li>\n\n\n\n<li>Dolor y sufrimiento<\/li>\n\n\n\n<li>Estr\u00e9s emocional<\/li>\n\n\n\n<li>P\u00e9rdida del disfrute de la vida.<\/li>\n<\/ul>\n\n\n\n<figure class=\"wp-block-image\"><img decoding=\"async\" src=\"https:\/\/lh6.googleusercontent.com\/ktdu5YBCU78G2adk21QKeRMZNiJ6Y-3Wgt6woF4KFm0bdKG0O41ex-tWQmDPEzVf2-JlbqMZ25hbtP56YFFbpM5aFwt8xqaUm95aAKt0cN5mbeOZZw7r29GIEU24lYTXXQe9ToH0pslMJFf6jvsPnR8\" alt=\"Accidentes de camiones de reparto\"\/><\/figure>\n\n\n\n<h2 class=\"wp-block-heading\">Comun\u00edquese con nuestros abogados de accidentes de camiones de reparto en Charlotte, NC.<\/h2>\n\n\n\n<p>Si result\u00f3 lesionado en un accidente de cami\u00f3n de reparto, es importante que hable con un abogado de accidentes de camiones de Charlotte lo antes posible. Los abogados de Taylor | Serbin Injury Lawyers tienen experiencia en el manejo de estos casos y pueden ayudarlo a obtener la compensaci\u00f3n que merece.<\/p>\n","protected":false},"excerpt":{"rendered":"<p>Lo sepamos o no, utilizamos los servicios de entrega todos los d\u00edas. Probablemente haya pedido muebles de Ikea o elementos esenciales para el hogar de Target o Walmart si vive en Charlotte. La mayor\u00eda de los habitantes de Charlotte probablemente tambi\u00e9n han notado que un conductor de cami\u00f3n de reparto de Amazon deja paquetes m\u00e1s de un par de veces a la semana.<br \/>\nYa sea local o nacional, la mayor\u00eda de las empresas utilizan FedEx, UPS o USPS para entregar sus productos, lo que hace que los camiones de reparto desempe\u00f1en un papel vital en nuestra econom\u00eda. Sin camiones de reparto, no podr\u00edamos obtener las cosas que necesitamos. Desafortunadamente, los camiones de reparto tambi\u00e9n pueden ser muy peligrosos. Cada a\u00f1o, hay miles de accidentes que involucran camiones de reparto. Estos accidentes a menudo resultan en lesiones graves y, a veces, incluso en la muerte.<br \/>\nSi result\u00f3 lesionado en un accidente relacionado con un cami\u00f3n de reparto , debe hablar con un abogado de accidentes de camiones de Charlotte lo antes posible. En Las Oficinas Legales de Jason E. Taylor, nuestros abogados de lesiones personales tienen a\u00f1os de experiencia ayudando a las v\u00edctimas de accidentes de camiones de reparto a recuperar da\u00f1os por sus lesiones. P\u00f3ngase en contacto con nosotros hoy para una consulta gratuita.<\/p>\n","protected":false},"author":8,"featured_media":8904,"parent":9731,"menu_order":0,"comment_status":"closed","ping_status":"closed","template":"","meta":{"_acf_changed":false,"footnotes":""},"categories":[1297,1429],"tags":[],"attorney":[],"class_list":["post-9787","page","type-page","status-publish","has-post-thumbnail","hentry","category-charlotte-es","category-truck-accidents-es"],"acf":[],"yoast_head":"<!-- This site is optimized with the Yoast SEO plugin v27.4 - https:\/\/yoast.com\/product\/yoast-seo-wordpress\/ -->\n<title>Abogados de accidentes de camiones de reparto de Charlotte: FedEx, UPS, Lowes, Target<\/title>\n<meta name=\"description\" content=\"Si result\u00f3 lesionado en un accidente de Charlotte que involucr\u00f3 un cami\u00f3n de reparto, debe hablar con un abogado de accidentes de camiones de Charlotte lo antes posible.\" \/>\n<meta name=\"robots\" content=\"index, follow, max-snippet:-1, max-image-preview:large, max-video-preview:-1\" \/>\n<link rel=\"canonical\" href=\"https:\/\/thelitigator.com\/es\/charlotte-nc\/abogados-de-accidentes-de-camiones-de-reparto\/\" \/>\n<meta property=\"og:locale\" content=\"es_ES\" \/>\n<meta property=\"og:type\" content=\"article\" \/>\n<meta property=\"og:title\" content=\"Abogados de accidentes de camiones de reparto de Charlotte: FedEx, UPS, Lowes, Target\" \/>\n<meta property=\"og:description\" content=\"Si result\u00f3 lesionado en un accidente de Charlotte que involucr\u00f3 un cami\u00f3n de reparto, debe hablar con un abogado de accidentes de camiones de Charlotte lo antes posible.\" \/>\n<meta property=\"og:url\" content=\"https:\/\/thelitigator.com\/es\/charlotte-nc\/abogados-de-accidentes-de-camiones-de-reparto\/\" \/>\n<meta property=\"og:site_name\" content=\"Taylor | Serbin Injury Lawyers\" \/>\n<meta property=\"article:publisher\" content=\"https:\/\/www.facebook.com\/TheLawOfficesOfJasonETaylor\/\" \/>\n<meta property=\"article:modified_time\" content=\"2023-09-18T12:51:42+00:00\" \/>\n<meta property=\"og:image\" content=\"https:\/\/thelitigator.com\/wp-content\/uploads\/2022\/04\/bannon-morrissy-BfP3E4rpxl8-unsplash-scaled.jpg\" \/>\n\t<meta property=\"og:image:width\" content=\"2560\" \/>\n\t<meta property=\"og:image:height\" content=\"1709\" \/>\n\t<meta property=\"og:image:type\" content=\"image\/jpeg\" \/>\n<meta name=\"twitter:card\" content=\"summary_large_image\" \/>\n<meta name=\"twitter:site\" content=\"@lawyerjet\" \/>\n<meta name=\"twitter:label1\" content=\"Est. reading time\" \/>\n\t<meta name=\"twitter:data1\" content=\"3 minutes\" \/>\n<script type=\"application\/ld+json\" class=\"yoast-schema-graph\">{\"@context\":\"https:\\\/\\\/schema.org\",\"@graph\":[{\"@type\":\"WebPage\",\"@id\":\"https:\\\/\\\/thelitigator.com\\\/es\\\/charlotte-nc\\\/abogados-de-accidentes-de-camiones-de-reparto\\\/\",\"url\":\"https:\\\/\\\/thelitigator.com\\\/es\\\/charlotte-nc\\\/abogados-de-accidentes-de-camiones-de-reparto\\\/\",\"name\":\"Abogados de accidentes de camiones de reparto de Charlotte: FedEx, UPS, Lowes, Target\",\"isPartOf\":{\"@id\":\"https:\\\/\\\/thelitigator.com\\\/es\\\/#website\"},\"primaryImageOfPage\":{\"@id\":\"https:\\\/\\\/thelitigator.com\\\/es\\\/charlotte-nc\\\/abogados-de-accidentes-de-camiones-de-reparto\\\/#primaryimage\"},\"image\":{\"@id\":\"https:\\\/\\\/thelitigator.com\\\/es\\\/charlotte-nc\\\/abogados-de-accidentes-de-camiones-de-reparto\\\/#primaryimage\"},\"thumbnailUrl\":\"https:\\\/\\\/thelitigator.com\\\/wp-content\\\/uploads\\\/2022\\\/04\\\/bannon-morrissy-BfP3E4rpxl8-unsplash-scaled.jpg\",\"datePublished\":\"2022-04-22T13:10:54+00:00\",\"dateModified\":\"2023-09-18T12:51:42+00:00\",\"description\":\"Si result\u00f3 lesionado en un accidente de Charlotte que involucr\u00f3 un cami\u00f3n de reparto, debe hablar con un abogado de accidentes de camiones de Charlotte lo antes posible.\",\"breadcrumb\":{\"@id\":\"https:\\\/\\\/thelitigator.com\\\/es\\\/charlotte-nc\\\/abogados-de-accidentes-de-camiones-de-reparto\\\/#breadcrumb\"},\"inLanguage\":\"es-US\",\"potentialAction\":[{\"@type\":\"ReadAction\",\"target\":[\"https:\\\/\\\/thelitigator.com\\\/es\\\/charlotte-nc\\\/abogados-de-accidentes-de-camiones-de-reparto\\\/\"]}]},{\"@type\":\"ImageObject\",\"inLanguage\":\"es-US\",\"@id\":\"https:\\\/\\\/thelitigator.com\\\/es\\\/charlotte-nc\\\/abogados-de-accidentes-de-camiones-de-reparto\\\/#primaryimage\",\"url\":\"https:\\\/\\\/thelitigator.com\\\/wp-content\\\/uploads\\\/2022\\\/04\\\/bannon-morrissy-BfP3E4rpxl8-unsplash-scaled.jpg\",\"contentUrl\":\"https:\\\/\\\/thelitigator.com\\\/wp-content\\\/uploads\\\/2022\\\/04\\\/bannon-morrissy-BfP3E4rpxl8-unsplash-scaled.jpg\",\"width\":2560,\"height\":1709,\"caption\":\"FedEx Delivery Truck Accidents\"},{\"@type\":\"BreadcrumbList\",\"@id\":\"https:\\\/\\\/thelitigator.com\\\/es\\\/charlotte-nc\\\/abogados-de-accidentes-de-camiones-de-reparto\\\/#breadcrumb\",\"itemListElement\":[{\"@type\":\"ListItem\",\"position\":1,\"name\":\"Home\",\"item\":\"https:\\\/\\\/thelitigator.com\\\/es\\\/\"},{\"@type\":\"ListItem\",\"position\":2,\"name\":\"Abogados de lesiones personales de Charlotte\",\"item\":\"https:\\\/\\\/thelitigator.com\\\/es\\\/charlotte-nc\\\/\"},{\"@type\":\"ListItem\",\"position\":3,\"name\":\"Abogados de accidentes de camiones de reparto de Charlotte\"}]},{\"@type\":\"WebSite\",\"@id\":\"https:\\\/\\\/thelitigator.com\\\/es\\\/#website\",\"url\":\"https:\\\/\\\/thelitigator.com\\\/es\\\/\",\"name\":\"Taylor | Serbin Injury Lawyers\",\"description\":\"Taylor | Serbin Injury Lawyers Serving North and South Carolina Areas\",\"publisher\":{\"@id\":\"https:\\\/\\\/thelitigator.com\\\/es\\\/#organization\"},\"potentialAction\":[{\"@type\":\"SearchAction\",\"target\":{\"@type\":\"EntryPoint\",\"urlTemplate\":\"https:\\\/\\\/thelitigator.com\\\/es\\\/?s={search_term_string}\"},\"query-input\":{\"@type\":\"PropertyValueSpecification\",\"valueRequired\":true,\"valueName\":\"search_term_string\"}}],\"inLanguage\":\"es-US\"},{\"@type\":\"Organization\",\"@id\":\"https:\\\/\\\/thelitigator.com\\\/es\\\/#organization\",\"name\":\"Taylor | Serbin Injury Lawyers\",\"url\":\"https:\\\/\\\/thelitigator.com\\\/es\\\/\",\"logo\":{\"@type\":\"ImageObject\",\"inLanguage\":\"es-US\",\"@id\":\"https:\\\/\\\/thelitigator.com\\\/es\\\/#\\\/schema\\\/logo\\\/image\\\/\",\"url\":\"https:\\\/\\\/thelitigator.com\\\/wp-content\\\/uploads\\\/2025\\\/12\\\/TSL-brand-final-01.svg\",\"contentUrl\":\"https:\\\/\\\/thelitigator.com\\\/wp-content\\\/uploads\\\/2025\\\/12\\\/TSL-brand-final-01.svg\",\"width\":288,\"height\":198,\"caption\":\"Taylor | Serbin Injury Lawyers\"},\"image\":{\"@id\":\"https:\\\/\\\/thelitigator.com\\\/es\\\/#\\\/schema\\\/logo\\\/image\\\/\"},\"sameAs\":[\"https:\\\/\\\/www.facebook.com\\\/TheLawOfficesOfJasonETaylor\\\/\",\"https:\\\/\\\/x.com\\\/lawyerjet\"]}]}<\/script>\n<!-- \/ Yoast SEO plugin. -->","yoast_head_json":{"title":"Abogados de accidentes de camiones de reparto de Charlotte: FedEx, UPS, Lowes, Target","description":"Si result\u00f3 lesionado en un accidente de Charlotte que involucr\u00f3 un cami\u00f3n de reparto, debe hablar con un abogado de accidentes de camiones de Charlotte lo antes posible.","robots":{"index":"index","follow":"follow","max-snippet":"max-snippet:-1","max-image-preview":"max-image-preview:large","max-video-preview":"max-video-preview:-1"},"canonical":"https:\/\/thelitigator.com\/es\/charlotte-nc\/abogados-de-accidentes-de-camiones-de-reparto\/","og_locale":"es_ES","og_type":"article","og_title":"Abogados de accidentes de camiones de reparto de Charlotte: FedEx, UPS, Lowes, Target","og_description":"Si result\u00f3 lesionado en un accidente de Charlotte que involucr\u00f3 un cami\u00f3n de reparto, debe hablar con un abogado de accidentes de camiones de Charlotte lo antes posible.","og_url":"https:\/\/thelitigator.com\/es\/charlotte-nc\/abogados-de-accidentes-de-camiones-de-reparto\/","og_site_name":"Taylor | Serbin Injury Lawyers","article_publisher":"https:\/\/www.facebook.com\/TheLawOfficesOfJasonETaylor\/","article_modified_time":"2023-09-18T12:51:42+00:00","og_image":[{"width":2560,"height":1709,"url":"https:\/\/thelitigator.com\/wp-content\/uploads\/2022\/04\/bannon-morrissy-BfP3E4rpxl8-unsplash-scaled.jpg","type":"image\/jpeg"}],"twitter_card":"summary_large_image","twitter_site":"@lawyerjet","twitter_misc":{"Est. reading time":"3 minutes"},"schema":{"@context":"https:\/\/schema.org","@graph":[{"@type":"WebPage","@id":"https:\/\/thelitigator.com\/es\/charlotte-nc\/abogados-de-accidentes-de-camiones-de-reparto\/","url":"https:\/\/thelitigator.com\/es\/charlotte-nc\/abogados-de-accidentes-de-camiones-de-reparto\/","name":"Abogados de accidentes de camiones de reparto de Charlotte: FedEx, UPS, Lowes, Target","isPartOf":{"@id":"https:\/\/thelitigator.com\/es\/#website"},"primaryImageOfPage":{"@id":"https:\/\/thelitigator.com\/es\/charlotte-nc\/abogados-de-accidentes-de-camiones-de-reparto\/#primaryimage"},"image":{"@id":"https:\/\/thelitigator.com\/es\/charlotte-nc\/abogados-de-accidentes-de-camiones-de-reparto\/#primaryimage"},"thumbnailUrl":"https:\/\/thelitigator.com\/wp-content\/uploads\/2022\/04\/bannon-morrissy-BfP3E4rpxl8-unsplash-scaled.jpg","datePublished":"2022-04-22T13:10:54+00:00","dateModified":"2023-09-18T12:51:42+00:00","description":"Si result\u00f3 lesionado en un accidente de Charlotte que involucr\u00f3 un cami\u00f3n de reparto, debe hablar con un abogado de accidentes de camiones de Charlotte lo antes posible.","breadcrumb":{"@id":"https:\/\/thelitigator.com\/es\/charlotte-nc\/abogados-de-accidentes-de-camiones-de-reparto\/#breadcrumb"},"inLanguage":"es-US","potentialAction":[{"@type":"ReadAction","target":["https:\/\/thelitigator.com\/es\/charlotte-nc\/abogados-de-accidentes-de-camiones-de-reparto\/"]}]},{"@type":"ImageObject","inLanguage":"es-US","@id":"https:\/\/thelitigator.com\/es\/charlotte-nc\/abogados-de-accidentes-de-camiones-de-reparto\/#primaryimage","url":"https:\/\/thelitigator.com\/wp-content\/uploads\/2022\/04\/bannon-morrissy-BfP3E4rpxl8-unsplash-scaled.jpg","contentUrl":"https:\/\/thelitigator.com\/wp-content\/uploads\/2022\/04\/bannon-morrissy-BfP3E4rpxl8-unsplash-scaled.jpg","width":2560,"height":1709,"caption":"FedEx Delivery Truck Accidents"},{"@type":"BreadcrumbList","@id":"https:\/\/thelitigator.com\/es\/charlotte-nc\/abogados-de-accidentes-de-camiones-de-reparto\/#breadcrumb","itemListElement":[{"@type":"ListItem","position":1,"name":"Home","item":"https:\/\/thelitigator.com\/es\/"},{"@type":"ListItem","position":2,"name":"Abogados de lesiones personales de Charlotte","item":"https:\/\/thelitigator.com\/es\/charlotte-nc\/"},{"@type":"ListItem","position":3,"name":"Abogados de accidentes de camiones de reparto de Charlotte"}]},{"@type":"WebSite","@id":"https:\/\/thelitigator.com\/es\/#website","url":"https:\/\/thelitigator.com\/es\/","name":"Taylor | Serbin Injury Lawyers","description":"Taylor | Serbin Injury Lawyers Serving North and South Carolina Areas","publisher":{"@id":"https:\/\/thelitigator.com\/es\/#organization"},"potentialAction":[{"@type":"SearchAction","target":{"@type":"EntryPoint","urlTemplate":"https:\/\/thelitigator.com\/es\/?s={search_term_string}"},"query-input":{"@type":"PropertyValueSpecification","valueRequired":true,"valueName":"search_term_string"}}],"inLanguage":"es-US"},{"@type":"Organization","@id":"https:\/\/thelitigator.com\/es\/#organization","name":"Taylor | Serbin Injury Lawyers","url":"https:\/\/thelitigator.com\/es\/","logo":{"@type":"ImageObject","inLanguage":"es-US","@id":"https:\/\/thelitigator.com\/es\/#\/schema\/logo\/image\/","url":"https:\/\/thelitigator.com\/wp-content\/uploads\/2025\/12\/TSL-brand-final-01.svg","contentUrl":"https:\/\/thelitigator.com\/wp-content\/uploads\/2025\/12\/TSL-brand-final-01.svg","width":288,"height":198,"caption":"Taylor | Serbin Injury Lawyers"},"image":{"@id":"https:\/\/thelitigator.com\/es\/#\/schema\/logo\/image\/"},"sameAs":["https:\/\/www.facebook.com\/TheLawOfficesOfJasonETaylor\/","https:\/\/x.com\/lawyerjet"]}]}},"_links":{"self":[{"href":"https:\/\/thelitigator.com\/es\/wp-json\/wp\/v2\/pages\/9787","targetHints":{"allow":["GET"]}}],"collection":[{"href":"https:\/\/thelitigator.com\/es\/wp-json\/wp\/v2\/pages"}],"about":[{"href":"https:\/\/thelitigator.com\/es\/wp-json\/wp\/v2\/types\/page"}],"author":[{"embeddable":true,"href":"https:\/\/thelitigator.com\/es\/wp-json\/wp\/v2\/users\/8"}],"replies":[{"embeddable":true,"href":"https:\/\/thelitigator.com\/es\/wp-json\/wp\/v2\/comments?post=9787"}],"version-history":[{"count":0,"href":"https:\/\/thelitigator.com\/es\/wp-json\/wp\/v2\/pages\/9787\/revisions"}],"up":[{"embeddable":true,"href":"https:\/\/thelitigator.com\/es\/wp-json\/wp\/v2\/pages\/9731"}],"wp:featuredmedia":[{"embeddable":true,"href":"https:\/\/thelitigator.com\/es\/wp-json\/wp\/v2\/media\/8904"}],"wp:attachment":[{"href":"https:\/\/thelitigator.com\/es\/wp-json\/wp\/v2\/media?parent=9787"}],"wp:term":[{"taxonomy":"category","embeddable":true,"href":"https:\/\/thelitigator.com\/es\/wp-json\/wp\/v2\/categories?post=9787"},{"taxonomy":"post_tag","embeddable":true,"href":"https:\/\/thelitigator.com\/es\/wp-json\/wp\/v2\/tags?post=9787"},{"taxonomy":"attorney","embeddable":true,"href":"https:\/\/thelitigator.com\/es\/wp-json\/wp\/v2\/attorney?post=9787"}],"curies":[{"name":"wp","href":"https:\/\/api.w.org\/{rel}","templated":true}]}}