{"id":9786,"date":"2021-06-22T14:22:41","date_gmt":"2021-06-22T18:22:41","guid":{"rendered":"https:\/\/thelitigator.com\/charlotte-nc\/motorcycle-accident-lawyers\/"},"modified":"2023-09-18T08:51:43","modified_gmt":"2023-09-18T12:51:43","slug":"abogados-de-accidentes-de-motocicleta","status":"publish","type":"page","link":"https:\/\/thelitigator.com\/es\/charlotte-nc\/abogados-de-accidentes-de-motocicleta\/","title":{"rendered":"Abogados de accidentes de motocicleta en Charlotte"},"content":{"rendered":"\n<h2 class=\"wp-block-heading\">\u00bfC\u00f3mo se determina la responsabilidad en los accidentes de motocicleta en Charlotte?<\/h2>\n\n\n\n<p>Charlotte trabaja bajo lo que se llama \u201cnegligencia contributiva\u201d. La negligencia concurrente es la negligencia que contribuy\u00f3 al evento que condujo al da\u00f1o. Seg\u00fan la ley de Charlotte, cualquier persona que contribuy\u00f3 con alg\u00fan grado de negligencia al accidente se considera responsable y no tiene derecho a compensaci\u00f3n. Incluso si solo fuera el 1% de la causa, a\u00fan no obtiene nada.<\/p>\n\n\n\n<p>Cada accidente es causado por alguien que descuida su responsabilidad de mantener un camino seguro. Podr\u00eda haber sido otro conductor. Podr\u00eda haber sido NCDOT. Podr\u00eda ser por una reparaci\u00f3n defectuosa. Es el trabajo del jurado determinar qui\u00e9n tiene la culpa, y es nuestro trabajo como abogados de accidentes probar que no fue usted.<\/p>\n\n\n\n<h2 class=\"wp-block-heading\">\u00bfDebo obtener un abogado para un accidente de motocicleta? \u00bfVale la pena?<\/h2>\n\n\n\n<p>La negligencia contributiva significa que debe tener cuidado con lo que dice en cada paso del proceso de reclamos de seguros. Es muy f\u00e1cil arruinar esto y terminar sin compensaci\u00f3n. Incluso si hizo algo mal, digamos que va un par de millas por encima del l\u00edmite de velocidad porque Hemric acaba de hacer su \u00faltimo hoyo y tiene prisa por llegar a casa y llegar al final de la carrera, es posible que su negligencia no lo haga. han contribuido al accidente en s\u00ed. En cuyo caso, todav\u00eda tiene derecho a ser compensado por sus p\u00e9rdidas.<\/p>\n\n\n\n<p>Tener un abogado de accidentes que hable por usted lo protege de atestiguar falsamente la negligencia contributiva. Es como un escudo entre usted y las compa\u00f1\u00edas de seguros. Si su abogado dice algo, son rumores. Si dices algo, es un testimonio. Los abogados de accidentes no solo saben qu\u00e9 decir, sino que tambi\u00e9n lo protegemos de la autoincriminaci\u00f3n.<\/p>\n\n\n\n<p>Como tal, generalmente es prudente contratar representaci\u00f3n legal despu\u00e9s de haber tenido un accidente de motocicleta. Le brinda ese escudo de protecci\u00f3n, adem\u00e1s de poner a un abogado con experiencia entre usted y las compa\u00f1\u00edas de seguros que est\u00e1n tratando de no pagarle la compensaci\u00f3n que se merece. Perm\u00edtanos cuidar la sala del tribunal mientras usted cuida su salud.<\/p>\n\n\n\n<h2 class=\"wp-block-heading\">\u00bfCu\u00e1l es el pago promedio por un accidente de motocicleta?<\/h2>\n\n\n\n<p>Los abogados de accidentes en Charlotte ven a los reclamantes irse sin nada, y ven a los reclamantes irse con m\u00e1s de un mill\u00f3n. Pero, en promedio, los reclamantes reciben alrededor de $75,000.<\/p>\n\n\n\n<p>Tiene derecho a lo que se denomina \u201cda\u00f1os compensatorios\u201d. Usted merece volver a dondequiera que hubiera estado si el accidente nunca hubiera ocurrido, y los da\u00f1os compensatorios son lo que sea necesario para llevarlo all\u00ed.<\/p>\n\n\n\n<p>No existe una f\u00f3rmula para determinar los da\u00f1os compensatorios. Hay demasiadas variables. \u00bfQu\u00e9 tan mal est\u00e1s herido? \u00bfCu\u00e1nto tiempo estar\u00e1s sin trabajo? \u00bfTus pieles est\u00e1n da\u00f1adas? \u00bfCu\u00e1nto costaron? \u00bfCu\u00e1nto costar\u00e1 reparar o reemplazar su motocicleta? \u00bfHay alg\u00fan costo m\u00e9dico a largo plazo? Ese tipo de cosas.<\/p>\n\n\n\n<p>Escriba todo lo que pueda recordar tan pronto como sea posible. No podemos decir simplemente que perdiste estas cosas. Tenemos que demostrarlo. Un inventario escrito de las p\u00e9rdidas, idealmente realizado en la escena del accidente, si es posible, hace que sea mucho m\u00e1s f\u00e1cil probar el alcance de sus da\u00f1os.<\/p>\n\n\n\n<h2 class=\"wp-block-heading\">\u00bfQui\u00e9n tiene la culpa en la mayor\u00eda de los accidentes de motocicleta?<\/h2>\n\n\n\n<p>Por lo general, es alguien en un autom\u00f3vil o un cami\u00f3n. Todos hemos visto conductores enviando mensajes de texto, comiendo o jugando con la radio. Incluso vi a alguien afeit\u00e1ndose una vez. \u00bfCu\u00e1ndo fue la \u00faltima vez que viste a un ciclista afeit\u00e1ndose en la carretera? Los autos est\u00e1n llenos de distracciones que simplemente no existen en una motocicleta.<\/p>\n\n\n\n<p>Los autom\u00f3viles tambi\u00e9n tienen puntos ciegos y obstrucciones para ver. Las motocicletas son lo suficientemente peque\u00f1as como para pasar desapercibidas en una revisi\u00f3n r\u00e1pida de punto ciego, y la mayor\u00eda de los automovilistas no buscan algo con un perfil tan peque\u00f1o, para empezar. Esto pone a los motociclistas en gran riesgo debido a los conductores distra\u00eddos.<\/p>\n\n\n\n<p>Sin la protecci\u00f3n de una jaula de acero a nuestro alrededor, los motociclistas est\u00e1n constantemente atentos a los veh\u00edculos que nos rodean. Como tal, es mucho menos probable que seamos la causa de accidentes de varios veh\u00edculos.<\/p>\n\n\n\n<p>A pesar de esto, aproximadamente la mitad de las lesiones graves en motocicletas no involucran a nadie m\u00e1s que al motociclista. Por lo general, es alguien que no redujo la velocidad lo suficiente antes de una curva y sali\u00f3 volando de la carretera o choc\u00f3 contra la barandilla.<\/p>\n\n\n\n<p>Dicho esto, siempre que el accidente involucra a m\u00e1s de un veh\u00edculo, es probable que la persona en el autom\u00f3vil sea la parte culpable.<\/p>\n\n\n\n<h2 class=\"wp-block-heading\">\u00bfCu\u00e1les son las probabilidades de sobrevivir a un accidente de motocicleta?<\/h2>\n\n\n\n<p>Un sorprendente 80% de los accidentes de motocicleta resultan en lesiones o muerte. Un poco m\u00e1s del 6% de ellos son fatales. Entonces, si bien tiene un 95% de posibilidades de sobrevivir a un accidente, s\u00f3lo tiene un 20% de posibilidades de salir ileso.<\/p>\n\n\n\n<p>No eres impotente ante esos n\u00fameros. La mayor\u00eda de esas lesiones y muertes se deben a traumatismos craneales. Puede aumentar sus posibilidades de supervivencia en m\u00e1s de un tercio simplemente usando un casco.<\/p>\n\n\n\n<p>La p\u00e9rdida de un ser querido no es un da\u00f1o para el que exista una indemnizaci\u00f3n adecuada. Tu vida es lo m\u00e1s valioso que puedes poseer. Nada de lo que pueda hacer lo protege a usted y a sus seres queridos del mayor da\u00f1o imaginable m\u00e1s que usar un casco.<\/p>\n\n\n\n<h2 class=\"wp-block-heading\">\u00bfCu\u00e1nto tiempo toma una demanda por accidente de motocicleta?<\/h2>\n\n\n\n<p>La mayor\u00eda de los casos tienden a resolverse en varios meses, pero hay muchas cosas que hacen que algunos casos tarden m\u00e1s que otros. A las compa\u00f1\u00edas de seguros les gusta jugar duro y esperar a que pase el tiempo de su estatuto de limitaciones. Y si hubo m\u00e1s de dos partes involucradas en el accidente, habr\u00e1 m\u00e1s compa\u00f1\u00edas de seguros con las que lidiar.<\/p>\n\n\n\n<p>Algunas personas llegan a un acuerdo con la compa\u00f1\u00eda de seguros antes de que su caso vaya a juicio. Algunos juicios tienen m\u00e1s testigos que otros. Algunos jurados llegan a un veredicto r\u00e1pidamente. Cada caso es diferente.<\/p>\n\n\n\n<p>Sin embargo, en t\u00e9rminos generales, los casos en Charlotte rara vez duran m\u00e1s de un par de meses.<\/p>\n\n\n\n<h2 class=\"wp-block-heading\">\u00bfCu\u00e1l es la causa m\u00e1s com\u00fan de los accidentes de motocicleta?<\/h2>\n\n\n\n<p>Ninguna categor\u00eda de persona causa m\u00e1s accidentes de motocicleta que un automovilista distra\u00eddo, la mayor\u00eda de las veces al girar a la izquierda. Simplemente no nos ven.<\/p>\n\n\n\n<p>El \u00fanico lado positivo aqu\u00ed es que si lo atropella un automovilista que gira a la izquierda, es casi seguro que recibir\u00e1 una compensaci\u00f3n.<\/p>\n\n\n\n<p>Si est\u00e1 involucrado en un accidente de motocicleta de cualquier tipo, comun\u00edquese con un abogado experimentado en accidentes de motocicleta de Charlotte para una consulta gratuita lo antes posible.<\/p>\n\n\n\n<h2 class=\"wp-block-heading\">Comun\u00edquese con nuestros abogados de accidentes de motocicleta en Charlotte, NC.<\/h2>\n\n\n\n<p>Nuestro equipo de abogados, investigadores y administradores de casos con experiencia en accidentes de motocicleta y lesiones personales est\u00e1 listo para servirle en nuestra oficina de Charlotte, NC:<\/p>\n","protected":false},"excerpt":{"rendered":"<p>Siempre hemos tenido una conexi\u00f3n especial con los motociclistas aqu\u00ed en las Oficinas Legales de Jason E. Taylor. El propio litigante, Jason E. Taylor, todav\u00eda conduce su Harley a la oficina y lo ha hecho durante d\u00e9cadas. Se cuenta a s\u00ed mismo como miembro de muchos grupos de motociclistas de Charlotte, como la Asociaci\u00f3n Estadounidense de Motociclistas, la fundaci\u00f3n Bikers for Bikers y el Independence Harley Owners Group.<br \/>\nNuestro bufete de abogados es miembro fundador de Bikers and Needy Children Foundation, y una parte de nuestros honorarios se les dona cada vez que ayudamos a un ciclista, incluso si el caso no tiene nada que ver con accidentes de motocicleta.<br \/>\nNuestra profunda conexi\u00f3n con las bicicletas y los ciclistas significa que puede confiar en que nuestros abogados de accidentes de motocicletas en Charlotte tienen la experiencia y los conocimientos que necesita cuando ha tenido un accidente. Nadie en Charlotte sabe m\u00e1s sobre casos de accidentes de motocicleta que nosotros.<\/p>\n","protected":false},"author":8,"featured_media":9156,"parent":9731,"menu_order":0,"comment_status":"closed","ping_status":"closed","template":"","meta":{"_acf_changed":false,"footnotes":""},"categories":[1297,1448],"tags":[],"attorney":[],"class_list":["post-9786","page","type-page","status-publish","has-post-thumbnail","hentry","category-charlotte-es","category-motorcycle-accidents-es"],"acf":[],"yoast_head":"<!-- This site is optimized with the Yoast SEO plugin v27.4 - https:\/\/yoast.com\/product\/yoast-seo-wordpress\/ -->\n<title>Abogados de Accidentes de Motocicleta en Charlotte, NC<\/title>\n<meta name=\"description\" content=\"Demasiadas personas son v\u00edctimas de la negligencia de otros, y nuestros abogados de accidentes de motocicleta en Charlotte quieren ayudar.\" \/>\n<meta name=\"robots\" content=\"index, follow, max-snippet:-1, max-image-preview:large, max-video-preview:-1\" \/>\n<link rel=\"canonical\" href=\"https:\/\/thelitigator.com\/es\/charlotte-nc\/abogados-de-accidentes-de-motocicleta\/\" \/>\n<meta property=\"og:locale\" content=\"es_ES\" \/>\n<meta property=\"og:type\" content=\"article\" \/>\n<meta property=\"og:title\" content=\"Abogados de Accidentes de Motocicleta en Charlotte, NC\" \/>\n<meta property=\"og:description\" content=\"Demasiadas personas son v\u00edctimas de la negligencia de otros, y nuestros abogados de accidentes de motocicleta en Charlotte quieren ayudar.\" \/>\n<meta property=\"og:url\" content=\"https:\/\/thelitigator.com\/es\/charlotte-nc\/abogados-de-accidentes-de-motocicleta\/\" \/>\n<meta property=\"og:site_name\" content=\"Taylor | Serbin Injury Lawyers\" \/>\n<meta property=\"article:publisher\" content=\"https:\/\/www.facebook.com\/TheLawOfficesOfJasonETaylor\/\" \/>\n<meta property=\"article:modified_time\" content=\"2023-09-18T12:51:43+00:00\" \/>\n<meta property=\"og:image\" content=\"https:\/\/thelitigator.com\/wp-content\/uploads\/2023\/06\/IMG_8180-scaled.jpg\" \/>\n\t<meta property=\"og:image:width\" content=\"2560\" \/>\n\t<meta property=\"og:image:height\" content=\"1920\" \/>\n\t<meta property=\"og:image:type\" content=\"image\/jpeg\" \/>\n<meta name=\"twitter:card\" content=\"summary_large_image\" \/>\n<meta name=\"twitter:site\" content=\"@lawyerjet\" \/>\n<meta name=\"twitter:label1\" content=\"Est. reading time\" \/>\n\t<meta name=\"twitter:data1\" content=\"6 minutes\" \/>\n<script type=\"application\/ld+json\" class=\"yoast-schema-graph\">{\"@context\":\"https:\\\/\\\/schema.org\",\"@graph\":[{\"@type\":\"WebPage\",\"@id\":\"https:\\\/\\\/thelitigator.com\\\/es\\\/charlotte-nc\\\/abogados-de-accidentes-de-motocicleta\\\/\",\"url\":\"https:\\\/\\\/thelitigator.com\\\/es\\\/charlotte-nc\\\/abogados-de-accidentes-de-motocicleta\\\/\",\"name\":\"Abogados de Accidentes de Motocicleta en Charlotte, NC\",\"isPartOf\":{\"@id\":\"https:\\\/\\\/thelitigator.com\\\/es\\\/#website\"},\"primaryImageOfPage\":{\"@id\":\"https:\\\/\\\/thelitigator.com\\\/es\\\/charlotte-nc\\\/abogados-de-accidentes-de-motocicleta\\\/#primaryimage\"},\"image\":{\"@id\":\"https:\\\/\\\/thelitigator.com\\\/es\\\/charlotte-nc\\\/abogados-de-accidentes-de-motocicleta\\\/#primaryimage\"},\"thumbnailUrl\":\"https:\\\/\\\/thelitigator.com\\\/wp-content\\\/uploads\\\/2023\\\/06\\\/IMG_8180-scaled.jpg\",\"datePublished\":\"2021-06-22T18:22:41+00:00\",\"dateModified\":\"2023-09-18T12:51:43+00:00\",\"description\":\"Demasiadas personas son v\u00edctimas de la negligencia de otros, y nuestros abogados de accidentes de motocicleta en Charlotte quieren ayudar.\",\"breadcrumb\":{\"@id\":\"https:\\\/\\\/thelitigator.com\\\/es\\\/charlotte-nc\\\/abogados-de-accidentes-de-motocicleta\\\/#breadcrumb\"},\"inLanguage\":\"es-US\",\"potentialAction\":[{\"@type\":\"ReadAction\",\"target\":[\"https:\\\/\\\/thelitigator.com\\\/es\\\/charlotte-nc\\\/abogados-de-accidentes-de-motocicleta\\\/\"]}]},{\"@type\":\"ImageObject\",\"inLanguage\":\"es-US\",\"@id\":\"https:\\\/\\\/thelitigator.com\\\/es\\\/charlotte-nc\\\/abogados-de-accidentes-de-motocicleta\\\/#primaryimage\",\"url\":\"https:\\\/\\\/thelitigator.com\\\/wp-content\\\/uploads\\\/2023\\\/06\\\/IMG_8180-scaled.jpg\",\"contentUrl\":\"https:\\\/\\\/thelitigator.com\\\/wp-content\\\/uploads\\\/2023\\\/06\\\/IMG_8180-scaled.jpg\",\"width\":2560,\"height\":1920,\"caption\":\"Harley Davidson Heritage Classic 2019 en aparcamiento\"},{\"@type\":\"BreadcrumbList\",\"@id\":\"https:\\\/\\\/thelitigator.com\\\/es\\\/charlotte-nc\\\/abogados-de-accidentes-de-motocicleta\\\/#breadcrumb\",\"itemListElement\":[{\"@type\":\"ListItem\",\"position\":1,\"name\":\"Home\",\"item\":\"https:\\\/\\\/thelitigator.com\\\/es\\\/\"},{\"@type\":\"ListItem\",\"position\":2,\"name\":\"Abogados de lesiones personales de Charlotte\",\"item\":\"https:\\\/\\\/thelitigator.com\\\/es\\\/charlotte-nc\\\/\"},{\"@type\":\"ListItem\",\"position\":3,\"name\":\"Abogados de accidentes de motocicleta en Charlotte\"}]},{\"@type\":\"WebSite\",\"@id\":\"https:\\\/\\\/thelitigator.com\\\/es\\\/#website\",\"url\":\"https:\\\/\\\/thelitigator.com\\\/es\\\/\",\"name\":\"Taylor | Serbin Injury Lawyers\",\"description\":\"Taylor | Serbin Injury Lawyers Serving North and South Carolina Areas\",\"publisher\":{\"@id\":\"https:\\\/\\\/thelitigator.com\\\/es\\\/#organization\"},\"potentialAction\":[{\"@type\":\"SearchAction\",\"target\":{\"@type\":\"EntryPoint\",\"urlTemplate\":\"https:\\\/\\\/thelitigator.com\\\/es\\\/?s={search_term_string}\"},\"query-input\":{\"@type\":\"PropertyValueSpecification\",\"valueRequired\":true,\"valueName\":\"search_term_string\"}}],\"inLanguage\":\"es-US\"},{\"@type\":\"Organization\",\"@id\":\"https:\\\/\\\/thelitigator.com\\\/es\\\/#organization\",\"name\":\"Taylor | Serbin Injury Lawyers\",\"url\":\"https:\\\/\\\/thelitigator.com\\\/es\\\/\",\"logo\":{\"@type\":\"ImageObject\",\"inLanguage\":\"es-US\",\"@id\":\"https:\\\/\\\/thelitigator.com\\\/es\\\/#\\\/schema\\\/logo\\\/image\\\/\",\"url\":\"https:\\\/\\\/thelitigator.com\\\/wp-content\\\/uploads\\\/2025\\\/12\\\/TSL-brand-final-01.svg\",\"contentUrl\":\"https:\\\/\\\/thelitigator.com\\\/wp-content\\\/uploads\\\/2025\\\/12\\\/TSL-brand-final-01.svg\",\"width\":288,\"height\":198,\"caption\":\"Taylor | Serbin Injury Lawyers\"},\"image\":{\"@id\":\"https:\\\/\\\/thelitigator.com\\\/es\\\/#\\\/schema\\\/logo\\\/image\\\/\"},\"sameAs\":[\"https:\\\/\\\/www.facebook.com\\\/TheLawOfficesOfJasonETaylor\\\/\",\"https:\\\/\\\/x.com\\\/lawyerjet\"]}]}<\/script>\n<!-- \/ Yoast SEO plugin. -->","yoast_head_json":{"title":"Abogados de Accidentes de Motocicleta en Charlotte, NC","description":"Demasiadas personas son v\u00edctimas de la negligencia de otros, y nuestros abogados de accidentes de motocicleta en Charlotte quieren ayudar.","robots":{"index":"index","follow":"follow","max-snippet":"max-snippet:-1","max-image-preview":"max-image-preview:large","max-video-preview":"max-video-preview:-1"},"canonical":"https:\/\/thelitigator.com\/es\/charlotte-nc\/abogados-de-accidentes-de-motocicleta\/","og_locale":"es_ES","og_type":"article","og_title":"Abogados de Accidentes de Motocicleta en Charlotte, NC","og_description":"Demasiadas personas son v\u00edctimas de la negligencia de otros, y nuestros abogados de accidentes de motocicleta en Charlotte quieren ayudar.","og_url":"https:\/\/thelitigator.com\/es\/charlotte-nc\/abogados-de-accidentes-de-motocicleta\/","og_site_name":"Taylor | Serbin Injury Lawyers","article_publisher":"https:\/\/www.facebook.com\/TheLawOfficesOfJasonETaylor\/","article_modified_time":"2023-09-18T12:51:43+00:00","og_image":[{"width":2560,"height":1920,"url":"https:\/\/thelitigator.com\/wp-content\/uploads\/2023\/06\/IMG_8180-scaled.jpg","type":"image\/jpeg"}],"twitter_card":"summary_large_image","twitter_site":"@lawyerjet","twitter_misc":{"Est. reading time":"6 minutes"},"schema":{"@context":"https:\/\/schema.org","@graph":[{"@type":"WebPage","@id":"https:\/\/thelitigator.com\/es\/charlotte-nc\/abogados-de-accidentes-de-motocicleta\/","url":"https:\/\/thelitigator.com\/es\/charlotte-nc\/abogados-de-accidentes-de-motocicleta\/","name":"Abogados de Accidentes de Motocicleta en Charlotte, NC","isPartOf":{"@id":"https:\/\/thelitigator.com\/es\/#website"},"primaryImageOfPage":{"@id":"https:\/\/thelitigator.com\/es\/charlotte-nc\/abogados-de-accidentes-de-motocicleta\/#primaryimage"},"image":{"@id":"https:\/\/thelitigator.com\/es\/charlotte-nc\/abogados-de-accidentes-de-motocicleta\/#primaryimage"},"thumbnailUrl":"https:\/\/thelitigator.com\/wp-content\/uploads\/2023\/06\/IMG_8180-scaled.jpg","datePublished":"2021-06-22T18:22:41+00:00","dateModified":"2023-09-18T12:51:43+00:00","description":"Demasiadas personas son v\u00edctimas de la negligencia de otros, y nuestros abogados de accidentes de motocicleta en Charlotte quieren ayudar.","breadcrumb":{"@id":"https:\/\/thelitigator.com\/es\/charlotte-nc\/abogados-de-accidentes-de-motocicleta\/#breadcrumb"},"inLanguage":"es-US","potentialAction":[{"@type":"ReadAction","target":["https:\/\/thelitigator.com\/es\/charlotte-nc\/abogados-de-accidentes-de-motocicleta\/"]}]},{"@type":"ImageObject","inLanguage":"es-US","@id":"https:\/\/thelitigator.com\/es\/charlotte-nc\/abogados-de-accidentes-de-motocicleta\/#primaryimage","url":"https:\/\/thelitigator.com\/wp-content\/uploads\/2023\/06\/IMG_8180-scaled.jpg","contentUrl":"https:\/\/thelitigator.com\/wp-content\/uploads\/2023\/06\/IMG_8180-scaled.jpg","width":2560,"height":1920,"caption":"Harley Davidson Heritage Classic 2019 en aparcamiento"},{"@type":"BreadcrumbList","@id":"https:\/\/thelitigator.com\/es\/charlotte-nc\/abogados-de-accidentes-de-motocicleta\/#breadcrumb","itemListElement":[{"@type":"ListItem","position":1,"name":"Home","item":"https:\/\/thelitigator.com\/es\/"},{"@type":"ListItem","position":2,"name":"Abogados de lesiones personales de Charlotte","item":"https:\/\/thelitigator.com\/es\/charlotte-nc\/"},{"@type":"ListItem","position":3,"name":"Abogados de accidentes de motocicleta en Charlotte"}]},{"@type":"WebSite","@id":"https:\/\/thelitigator.com\/es\/#website","url":"https:\/\/thelitigator.com\/es\/","name":"Taylor | Serbin Injury Lawyers","description":"Taylor | Serbin Injury Lawyers Serving North and South Carolina Areas","publisher":{"@id":"https:\/\/thelitigator.com\/es\/#organization"},"potentialAction":[{"@type":"SearchAction","target":{"@type":"EntryPoint","urlTemplate":"https:\/\/thelitigator.com\/es\/?s={search_term_string}"},"query-input":{"@type":"PropertyValueSpecification","valueRequired":true,"valueName":"search_term_string"}}],"inLanguage":"es-US"},{"@type":"Organization","@id":"https:\/\/thelitigator.com\/es\/#organization","name":"Taylor | Serbin Injury Lawyers","url":"https:\/\/thelitigator.com\/es\/","logo":{"@type":"ImageObject","inLanguage":"es-US","@id":"https:\/\/thelitigator.com\/es\/#\/schema\/logo\/image\/","url":"https:\/\/thelitigator.com\/wp-content\/uploads\/2025\/12\/TSL-brand-final-01.svg","contentUrl":"https:\/\/thelitigator.com\/wp-content\/uploads\/2025\/12\/TSL-brand-final-01.svg","width":288,"height":198,"caption":"Taylor | Serbin Injury Lawyers"},"image":{"@id":"https:\/\/thelitigator.com\/es\/#\/schema\/logo\/image\/"},"sameAs":["https:\/\/www.facebook.com\/TheLawOfficesOfJasonETaylor\/","https:\/\/x.com\/lawyerjet"]}]}},"_links":{"self":[{"href":"https:\/\/thelitigator.com\/es\/wp-json\/wp\/v2\/pages\/9786","targetHints":{"allow":["GET"]}}],"collection":[{"href":"https:\/\/thelitigator.com\/es\/wp-json\/wp\/v2\/pages"}],"about":[{"href":"https:\/\/thelitigator.com\/es\/wp-json\/wp\/v2\/types\/page"}],"author":[{"embeddable":true,"href":"https:\/\/thelitigator.com\/es\/wp-json\/wp\/v2\/users\/8"}],"replies":[{"embeddable":true,"href":"https:\/\/thelitigator.com\/es\/wp-json\/wp\/v2\/comments?post=9786"}],"version-history":[{"count":0,"href":"https:\/\/thelitigator.com\/es\/wp-json\/wp\/v2\/pages\/9786\/revisions"}],"up":[{"embeddable":true,"href":"https:\/\/thelitigator.com\/es\/wp-json\/wp\/v2\/pages\/9731"}],"wp:featuredmedia":[{"embeddable":true,"href":"https:\/\/thelitigator.com\/es\/wp-json\/wp\/v2\/media\/9156"}],"wp:attachment":[{"href":"https:\/\/thelitigator.com\/es\/wp-json\/wp\/v2\/media?parent=9786"}],"wp:term":[{"taxonomy":"category","embeddable":true,"href":"https:\/\/thelitigator.com\/es\/wp-json\/wp\/v2\/categories?post=9786"},{"taxonomy":"post_tag","embeddable":true,"href":"https:\/\/thelitigator.com\/es\/wp-json\/wp\/v2\/tags?post=9786"},{"taxonomy":"attorney","embeddable":true,"href":"https:\/\/thelitigator.com\/es\/wp-json\/wp\/v2\/attorney?post=9786"}],"curies":[{"name":"wp","href":"https:\/\/api.w.org\/{rel}","templated":true}]}}