{"id":9782,"date":"2022-01-06T09:49:47","date_gmt":"2022-01-06T14:49:47","guid":{"rendered":"https:\/\/thelitigator.com\/rock-hill-sc\/workers-compensation-lawyers\/"},"modified":"2024-04-03T12:21:13","modified_gmt":"2024-04-03T16:21:13","slug":"abogados-de-compensacion-de-trabajadores","status":"publish","type":"page","link":"https:\/\/thelitigator.com\/es\/rock-hill-sc\/abogados-de-compensacion-de-trabajadores\/","title":{"rendered":"ABOGADOS DE COMPENSACI\u00d3N DE TRABAJADORES DE ROCK HILL"},"content":{"rendered":"\n<h2 class=\"wp-block-heading\">\u00bfQu\u00e9 cubre la compensaci\u00f3n de trabajadores en Rock Hill, SC?<\/h2>\n\n\n\n<p>El seguro de compensaci\u00f3n para trabajadores en Rock Hill, Carolina del Sur, cubre salarios perdidos y tratamiento m\u00e9dico, as\u00ed como beneficios por discapacidad y muerte.<\/p>\n\n\n\n<p>Las facturas m\u00e9dicas de una lesi\u00f3n relacionada con el trabajo pueden abrumar r\u00e1pidamente a alguien, especialmente si hay salarios perdidos como resultado de la lesi\u00f3n en el trabajo.&nbsp;El seguro de compensaci\u00f3n para trabajadores est\u00e1 dise\u00f1ado para proteger al trabajador lesionado.<\/p>\n\n\n\n<h2 class=\"wp-block-heading\">\u00bfCu\u00e1les son mis derechos si sufr\u00ed una lesi\u00f3n en el lugar de trabajo en Rock Hill?<\/h2>\n\n\n\n<p><a href=\"https:\/\/www.scstatehouse.gov\/code\/t42c001.php\"><strong>El T\u00edtulo 42<\/strong><\/a>&nbsp;del C\u00f3digo de Carolina del Sur&nbsp;establece que, en caso de que est\u00e9 involucrado en un accidente laboral, el sistema de compensaci\u00f3n para trabajadores est\u00e1 dise\u00f1ado para investigar las lesiones relacionadas con el trabajo y proporcionar beneficios para cubrir el salario semanal promedio y los gastos m\u00e9dicos relacionados con las lesiones.<\/p>\n\n\n\n<h2 class=\"wp-block-heading\">\u00bfC\u00f3mo se presenta un reclamo de compensaci\u00f3n para trabajadores de Rock Hill?<\/h2>\n\n\n\n<p>Los abogados de compensaci\u00f3n laboral de Rock Hill lo ayudar\u00e1n a guiarlo a trav\u00e9s del proceso de presentaci\u00f3n de un reclamo de compensaci\u00f3n laboral ante la compa\u00f1\u00eda de seguros de su empleador.&nbsp;Los pasos b\u00e1sicos son los siguientes:<\/p>\n\n\n\n<h4 class=\"wp-block-heading\"><strong>1.&nbsp;&nbsp;&nbsp;&nbsp;Presente un informe con su empleador<\/strong><\/h4>\n\n\n\n<p>No se demore en presentar un informe de lesiones a su empleador.&nbsp;Hay un estatuto de limitaciones de dos a\u00f1os en el estado de Carolina del Sur para presentar un reclamo contra su empleador por una lesi\u00f3n sufrida en el trabajo.&nbsp;Aunque tiene dos a\u00f1os para presentar un reclamo, solo tiene 90 d\u00edas para presentar un informe de lesiones a su empleador.&nbsp;Sin embargo, dos a\u00f1os es mucho tiempo para vivir con una lesi\u00f3n sin un beneficio de compensaci\u00f3n para trabajadores, y recomendamos encarecidamente que los trabajadores lesionados presenten un reclamo lo antes posible.<\/p>\n\n\n\n<h4 class=\"wp-block-heading\"><strong>2.&nbsp;&nbsp;&nbsp;Presente un informe ante la Comisi\u00f3n de Compensaci\u00f3n para Trabajadores de Carolina del Sur<\/strong><\/h4>\n\n\n\n<p>Los trabajadores lesionados en Rock Hill, SC pueden presentar una solicitud ante la Comisi\u00f3n de Compensaci\u00f3n para Trabajadores de Carolina del Sur (SCWCC) utilizando el&nbsp;<strong>Formulario 50<\/strong>&nbsp;si su empleador no informa el incidente o niega sus beneficios.&nbsp;Puede realizar un seguimiento de su reclamo y acceder a otros formularios necesarios en el&nbsp;<strong>sitio web<\/strong>&nbsp;de la Comisi\u00f3n de Compensaci\u00f3n para Trabajadores de Carolina del Sur .<\/p>\n\n\n\n<h4 class=\"wp-block-heading\"><strong>3.&nbsp;&nbsp;&nbsp;Contrate a un abogado de compensaci\u00f3n laboral<\/strong><\/h4>\n\n\n\n<p>Un abogado de compensaci\u00f3n laboral lo ayudar\u00e1 a presentar los informes y las apelaciones necesarias para su caso y lo ayudar\u00e1 a obtener los beneficios que se merece.<\/p>\n\n\n\n<h2 class=\"wp-block-heading\">\u00bfNecesito un abogado de compensaci\u00f3n laboral para un reclamo en Rock Hill, SC?<\/h2>\n\n\n\n<p>La representaci\u00f3n legal no tiene precio cuando se presenta un reclamo de compensaci\u00f3n para trabajadores en Rock Hill.&nbsp;Un abogado de compensaci\u00f3n de trabajadores de Rock Hill est\u00e1 familiarizado con las leyes de compensaci\u00f3n de trabajadores en Carolina del Sur y est\u00e1 familiarizado con el proceso de presentaci\u00f3n de reclamos de compensaci\u00f3n de trabajadores con las compa\u00f1\u00edas de seguros.<\/p>\n\n\n\n<p>Un accidente en el lugar de trabajo puede ser muy debilitante, y no es raro que las compa\u00f1\u00edas de seguros intenten descalificarlo de los beneficios m\u00e9dicos.&nbsp;El sistema de compensaci\u00f3n para trabajadores en Carolina del Sur puede ser dif\u00edcil de navegar, y un abogado de compensaci\u00f3n para trabajadores puede brindarle asesoramiento legal invaluable mientras se recupera de un accidente en el lugar de trabajo.<\/p>\n\n\n\n<h2 class=\"wp-block-heading\">\u00bfQu\u00e9 hace un abogado de compensaci\u00f3n laboral de Rock Hill?<\/h2>\n\n\n\n<p>Un abogado de compensaci\u00f3n laboral de Rock Hill lo ayudar\u00e1 a:<\/p>\n\n\n\n<ul class=\"wp-block-list\">\n<li>Llevar a cabo una investigaci\u00f3n exhaustiva de la evidencia de su lesi\u00f3n en el lugar de trabajo<\/li>\n\n\n\n<li>Ayude a calcular cu\u00e1nto es un monto de beneficio justo por su lesi\u00f3n en el lugar de trabajo<\/li>\n\n\n\n<li>Presenta tus informes y reclamaciones<\/li>\n<\/ul>\n\n\n\n<p>Dar seguimiento a un reclamo denegado, si es necesario, y presentar apelaciones en su nombre.<\/p>\n\n\n\n<h2 class=\"wp-block-heading\">\u00bfCu\u00e1nta compensaci\u00f3n debo esperar de un reclamo por lesiones laborales en Rock Hill?<\/h2>\n\n\n\n<p>Cada caso de compensaci\u00f3n de trabajadores en Rock Hill, SC diferir\u00e1 en la cantidad de compensaci\u00f3n que se recibe.&nbsp;La compensaci\u00f3n justa incluye salarios perdidos y tratamiento m\u00e9dico como resultado de una lesi\u00f3n en el trabajo.<\/p>\n\n\n\n<h2 class=\"wp-block-heading\">\u00bfCu\u00e1nto cuesta un abogado de compensaci\u00f3n laboral en Rock Hill, South Carolina?<\/h2>\n\n\n\n<p>Los servicios legales var\u00edan seg\u00fan las necesidades.\u00a0Nuestros abogados de compensaci\u00f3n de trabajadores de Rock Hill cobran en base a honorarios de contingencia, lo que significa que solo nos pagan si a usted le pagan.<\/p>\n\n\n\n<figure class=\"wp-block-image size-large\"><img fetchpriority=\"high\" decoding=\"async\" width=\"1024\" height=\"683\" src=\"https:\/\/thelitigator.com\/wp-content\/uploads\/2023\/04\/iStock-1056922410-1024x683.jpg\" alt=\"An industrial safety topic.  A worker tripping over an electrical extension cord in an industrial environment.\" class=\"wp-image-11185\" srcset=\"https:\/\/thelitigator.com\/wp-content\/uploads\/2023\/04\/iStock-1056922410-1024x683.jpg 1024w, https:\/\/thelitigator.com\/wp-content\/uploads\/2023\/04\/iStock-1056922410-300x200.jpg 300w, https:\/\/thelitigator.com\/wp-content\/uploads\/2023\/04\/iStock-1056922410-768x512.jpg 768w, https:\/\/thelitigator.com\/wp-content\/uploads\/2023\/04\/iStock-1056922410-1536x1025.jpg 1536w, https:\/\/thelitigator.com\/wp-content\/uploads\/2023\/04\/iStock-1056922410-1200x800.jpg 1200w\" sizes=\"(max-width: 1024px) 100vw, 1024px\" \/><\/figure>\n\n\n\n<h2 class=\"wp-block-heading\">P\u00f3ngase en contacto con un abogado de compensaci\u00f3n laboral de Rock Hill hoy<\/h2>\n\n\n\n<p>Las Oficinas Legales de Jason E. Taylor en Rock Hill, SC manejan una variedad de \u00e1reas de pr\u00e1ctica.&nbsp;Nuestros abogados de compensaci\u00f3n laboral han estado ayudando a los trabajadores lesionados en Rock Hill, Carolina del Sur y sus alrededores a recibir los beneficios que merecen por sus lesiones en el lugar de trabajo.&nbsp;Nuestro bufete de abogados valora nuestra relaci\u00f3n abogado-cliente.&nbsp;Puede ver algunos de nuestros excelentes resultados de nuestros otros clientes aqu\u00ed.<\/p>\n\n\n\n<p>Nuestro bufete de abogados est\u00e1 aqu\u00ed para brindarle una consulta gratuita sobre su reclamo de compensaci\u00f3n laboral.<\/p>\n\n\n\n<p>Los accidentes laborales y las enfermedades relacionadas con el trabajo pueden ser devastadores para los trabajadores de Rock Hill.&nbsp;La representaci\u00f3n legal es una herramienta invaluable cuando navega por la ley de Carolina del Sur y lucha contra una compa\u00f1\u00eda de seguros por los beneficios.<\/p>\n\n\n\n<p>Cont\u00e1ctenos hoy&nbsp;para que un abogado de compensaci\u00f3n laboral de Rock Hill le brinde una revisi\u00f3n gratuita de su caso.<\/p>\n\n\n\n<p><a href=\"https:\/\/thelitigator.com\/es\/rock-hill-sc\/\"><\/a><\/p>\n","protected":false},"excerpt":{"rendered":"<p>Aunque esto es para lo que est\u00e1 dise\u00f1ado el seguro de compensaci\u00f3n para trabajadores, es posible que un empleado lesionado deba luchar por el monto total de la compensaci\u00f3n a la que tiene derecho. Los empleadores y las compa\u00f1\u00edas de seguros pueden tratar de argumentar que su lesi\u00f3n no estuvo relacionada con el trabajo para negarle los beneficios. Un abogado con experiencia en compensaci\u00f3n de trabajadores est\u00e1 destinado a ayudarlo a argumentar su caso para ayudarlo a recuperar la compensaci\u00f3n.<\/p>\n","protected":false},"author":8,"featured_media":9219,"parent":9776,"menu_order":0,"comment_status":"closed","ping_status":"closed","template":"","meta":{"_acf_changed":false,"footnotes":""},"categories":[1451,1447],"tags":[1454,1456],"attorney":[],"class_list":["post-9782","page","type-page","status-publish","has-post-thumbnail","hentry","category-rock-hill-es","category-workers-compensation-es","tag-rock-hill-es","tag-workers-compensation-es"],"acf":[],"yoast_head":"<!-- This site is optimized with the Yoast SEO plugin v27.6 - https:\/\/yoast.com\/product\/yoast-seo-wordpress\/ -->\n<title>Abogados de Compensaci\u00f3n de Trabajadores de Rock Hill, SC<\/title>\n<meta name=\"description\" content=\"Si est\u00e1 presentando un reclamo de compensaci\u00f3n para trabajadores y tiene preguntas, comun\u00edquese con los abogados de compensaci\u00f3n para trabajadores de Rock Hill en las Oficinas Legales de Jason E. Taylor P.C. hoy.\" \/>\n<meta name=\"robots\" content=\"index, follow, max-snippet:-1, max-image-preview:large, max-video-preview:-1\" \/>\n<link rel=\"canonical\" href=\"https:\/\/thelitigator.com\/es\/rock-hill-sc\/abogados-de-compensacion-de-trabajadores\/\" \/>\n<meta property=\"og:locale\" content=\"es_ES\" \/>\n<meta property=\"og:type\" content=\"article\" \/>\n<meta property=\"og:title\" content=\"Abogados de Compensaci\u00f3n de Trabajadores de Rock Hill, SC\" \/>\n<meta property=\"og:description\" content=\"Si est\u00e1 presentando un reclamo de compensaci\u00f3n para trabajadores y tiene preguntas, comun\u00edquese con los abogados de compensaci\u00f3n para trabajadores de Rock Hill en las Oficinas Legales de Jason E. Taylor P.C. hoy.\" \/>\n<meta property=\"og:url\" content=\"https:\/\/thelitigator.com\/es\/rock-hill-sc\/abogados-de-compensacion-de-trabajadores\/\" \/>\n<meta property=\"og:site_name\" content=\"Taylor | Serbin Injury Lawyers\" \/>\n<meta property=\"article:publisher\" content=\"https:\/\/www.facebook.com\/TheLawOfficesOfJasonETaylor\/\" \/>\n<meta property=\"article:modified_time\" content=\"2024-04-03T16:21:13+00:00\" \/>\n<meta property=\"og:image\" content=\"https:\/\/thelitigator.com\/wp-content\/uploads\/2023\/07\/rockhill-sc2.jpg\" \/>\n\t<meta property=\"og:image:width\" content=\"1360\" \/>\n\t<meta property=\"og:image:height\" content=\"460\" \/>\n\t<meta property=\"og:image:type\" content=\"image\/jpeg\" \/>\n<meta name=\"twitter:card\" content=\"summary_large_image\" \/>\n<meta name=\"twitter:site\" content=\"@lawyerjet\" \/>\n<meta name=\"twitter:label1\" content=\"Est. reading time\" \/>\n\t<meta name=\"twitter:data1\" content=\"5 minutes\" \/>\n<script type=\"application\/ld+json\" class=\"yoast-schema-graph\">{\"@context\":\"https:\\\/\\\/schema.org\",\"@graph\":[{\"@type\":\"WebPage\",\"@id\":\"https:\\\/\\\/thelitigator.com\\\/es\\\/rock-hill-sc\\\/abogados-de-compensacion-de-trabajadores\\\/\",\"url\":\"https:\\\/\\\/thelitigator.com\\\/es\\\/rock-hill-sc\\\/abogados-de-compensacion-de-trabajadores\\\/\",\"name\":\"Abogados de Compensaci\u00f3n de Trabajadores de Rock Hill, SC\",\"isPartOf\":{\"@id\":\"https:\\\/\\\/thelitigator.com\\\/es\\\/#website\"},\"primaryImageOfPage\":{\"@id\":\"https:\\\/\\\/thelitigator.com\\\/es\\\/rock-hill-sc\\\/abogados-de-compensacion-de-trabajadores\\\/#primaryimage\"},\"image\":{\"@id\":\"https:\\\/\\\/thelitigator.com\\\/es\\\/rock-hill-sc\\\/abogados-de-compensacion-de-trabajadores\\\/#primaryimage\"},\"thumbnailUrl\":\"https:\\\/\\\/thelitigator.com\\\/wp-content\\\/uploads\\\/2023\\\/07\\\/rockhill-sc2.jpg\",\"datePublished\":\"2022-01-06T14:49:47+00:00\",\"dateModified\":\"2024-04-03T16:21:13+00:00\",\"description\":\"Si est\u00e1 presentando un reclamo de compensaci\u00f3n para trabajadores y tiene preguntas, comun\u00edquese con los abogados de compensaci\u00f3n para trabajadores de Rock Hill en las Oficinas Legales de Jason E. Taylor P.C. hoy.\",\"breadcrumb\":{\"@id\":\"https:\\\/\\\/thelitigator.com\\\/es\\\/rock-hill-sc\\\/abogados-de-compensacion-de-trabajadores\\\/#breadcrumb\"},\"inLanguage\":\"es-US\",\"potentialAction\":[{\"@type\":\"ReadAction\",\"target\":[\"https:\\\/\\\/thelitigator.com\\\/es\\\/rock-hill-sc\\\/abogados-de-compensacion-de-trabajadores\\\/\"]}]},{\"@type\":\"ImageObject\",\"inLanguage\":\"es-US\",\"@id\":\"https:\\\/\\\/thelitigator.com\\\/es\\\/rock-hill-sc\\\/abogados-de-compensacion-de-trabajadores\\\/#primaryimage\",\"url\":\"https:\\\/\\\/thelitigator.com\\\/wp-content\\\/uploads\\\/2023\\\/07\\\/rockhill-sc2.jpg\",\"contentUrl\":\"https:\\\/\\\/thelitigator.com\\\/wp-content\\\/uploads\\\/2023\\\/07\\\/rockhill-sc2.jpg\",\"width\":1360,\"height\":460},{\"@type\":\"BreadcrumbList\",\"@id\":\"https:\\\/\\\/thelitigator.com\\\/es\\\/rock-hill-sc\\\/abogados-de-compensacion-de-trabajadores\\\/#breadcrumb\",\"itemListElement\":[{\"@type\":\"ListItem\",\"position\":1,\"name\":\"Home\",\"item\":\"https:\\\/\\\/thelitigator.com\\\/es\\\/\"},{\"@type\":\"ListItem\",\"position\":2,\"name\":\"Abogado de lesiones personales de Rock Hill\",\"item\":\"https:\\\/\\\/thelitigator.com\\\/es\\\/rock-hill-sc\\\/\"},{\"@type\":\"ListItem\",\"position\":3,\"name\":\"ABOGADOS DE COMPENSACI\u00d3N DE TRABAJADORES DE ROCK HILL\"}]},{\"@type\":\"WebSite\",\"@id\":\"https:\\\/\\\/thelitigator.com\\\/es\\\/#website\",\"url\":\"https:\\\/\\\/thelitigator.com\\\/es\\\/\",\"name\":\"Taylor | Serbin Injury Lawyers\",\"description\":\"Taylor | Serbin Injury Lawyers Serving North and South Carolina Areas\",\"publisher\":{\"@id\":\"https:\\\/\\\/thelitigator.com\\\/es\\\/#organization\"},\"potentialAction\":[{\"@type\":\"SearchAction\",\"target\":{\"@type\":\"EntryPoint\",\"urlTemplate\":\"https:\\\/\\\/thelitigator.com\\\/es\\\/?s={search_term_string}\"},\"query-input\":{\"@type\":\"PropertyValueSpecification\",\"valueRequired\":true,\"valueName\":\"search_term_string\"}}],\"inLanguage\":\"es-US\"},{\"@type\":\"Organization\",\"@id\":\"https:\\\/\\\/thelitigator.com\\\/es\\\/#organization\",\"name\":\"Taylor | Serbin Injury Lawyers\",\"url\":\"https:\\\/\\\/thelitigator.com\\\/es\\\/\",\"logo\":{\"@type\":\"ImageObject\",\"inLanguage\":\"es-US\",\"@id\":\"https:\\\/\\\/thelitigator.com\\\/es\\\/#\\\/schema\\\/logo\\\/image\\\/\",\"url\":\"https:\\\/\\\/thelitigator.com\\\/wp-content\\\/uploads\\\/2025\\\/12\\\/TSL-brand-final-01.svg\",\"contentUrl\":\"https:\\\/\\\/thelitigator.com\\\/wp-content\\\/uploads\\\/2025\\\/12\\\/TSL-brand-final-01.svg\",\"width\":288,\"height\":198,\"caption\":\"Taylor | Serbin Injury Lawyers\"},\"image\":{\"@id\":\"https:\\\/\\\/thelitigator.com\\\/es\\\/#\\\/schema\\\/logo\\\/image\\\/\"},\"sameAs\":[\"https:\\\/\\\/www.facebook.com\\\/TheLawOfficesOfJasonETaylor\\\/\",\"https:\\\/\\\/x.com\\\/lawyerjet\"]}]}<\/script>\n<!-- \/ Yoast SEO plugin. -->","yoast_head_json":{"title":"Abogados de Compensaci\u00f3n de Trabajadores de Rock Hill, SC","description":"Si est\u00e1 presentando un reclamo de compensaci\u00f3n para trabajadores y tiene preguntas, comun\u00edquese con los abogados de compensaci\u00f3n para trabajadores de Rock Hill en las Oficinas Legales de Jason E. Taylor P.C. hoy.","robots":{"index":"index","follow":"follow","max-snippet":"max-snippet:-1","max-image-preview":"max-image-preview:large","max-video-preview":"max-video-preview:-1"},"canonical":"https:\/\/thelitigator.com\/es\/rock-hill-sc\/abogados-de-compensacion-de-trabajadores\/","og_locale":"es_ES","og_type":"article","og_title":"Abogados de Compensaci\u00f3n de Trabajadores de Rock Hill, SC","og_description":"Si est\u00e1 presentando un reclamo de compensaci\u00f3n para trabajadores y tiene preguntas, comun\u00edquese con los abogados de compensaci\u00f3n para trabajadores de Rock Hill en las Oficinas Legales de Jason E. Taylor P.C. hoy.","og_url":"https:\/\/thelitigator.com\/es\/rock-hill-sc\/abogados-de-compensacion-de-trabajadores\/","og_site_name":"Taylor | Serbin Injury Lawyers","article_publisher":"https:\/\/www.facebook.com\/TheLawOfficesOfJasonETaylor\/","article_modified_time":"2024-04-03T16:21:13+00:00","og_image":[{"width":1360,"height":460,"url":"https:\/\/thelitigator.com\/wp-content\/uploads\/2023\/07\/rockhill-sc2.jpg","type":"image\/jpeg"}],"twitter_card":"summary_large_image","twitter_site":"@lawyerjet","twitter_misc":{"Est. reading time":"5 minutes"},"schema":{"@context":"https:\/\/schema.org","@graph":[{"@type":"WebPage","@id":"https:\/\/thelitigator.com\/es\/rock-hill-sc\/abogados-de-compensacion-de-trabajadores\/","url":"https:\/\/thelitigator.com\/es\/rock-hill-sc\/abogados-de-compensacion-de-trabajadores\/","name":"Abogados de Compensaci\u00f3n de Trabajadores de Rock Hill, SC","isPartOf":{"@id":"https:\/\/thelitigator.com\/es\/#website"},"primaryImageOfPage":{"@id":"https:\/\/thelitigator.com\/es\/rock-hill-sc\/abogados-de-compensacion-de-trabajadores\/#primaryimage"},"image":{"@id":"https:\/\/thelitigator.com\/es\/rock-hill-sc\/abogados-de-compensacion-de-trabajadores\/#primaryimage"},"thumbnailUrl":"https:\/\/thelitigator.com\/wp-content\/uploads\/2023\/07\/rockhill-sc2.jpg","datePublished":"2022-01-06T14:49:47+00:00","dateModified":"2024-04-03T16:21:13+00:00","description":"Si est\u00e1 presentando un reclamo de compensaci\u00f3n para trabajadores y tiene preguntas, comun\u00edquese con los abogados de compensaci\u00f3n para trabajadores de Rock Hill en las Oficinas Legales de Jason E. Taylor P.C. hoy.","breadcrumb":{"@id":"https:\/\/thelitigator.com\/es\/rock-hill-sc\/abogados-de-compensacion-de-trabajadores\/#breadcrumb"},"inLanguage":"es-US","potentialAction":[{"@type":"ReadAction","target":["https:\/\/thelitigator.com\/es\/rock-hill-sc\/abogados-de-compensacion-de-trabajadores\/"]}]},{"@type":"ImageObject","inLanguage":"es-US","@id":"https:\/\/thelitigator.com\/es\/rock-hill-sc\/abogados-de-compensacion-de-trabajadores\/#primaryimage","url":"https:\/\/thelitigator.com\/wp-content\/uploads\/2023\/07\/rockhill-sc2.jpg","contentUrl":"https:\/\/thelitigator.com\/wp-content\/uploads\/2023\/07\/rockhill-sc2.jpg","width":1360,"height":460},{"@type":"BreadcrumbList","@id":"https:\/\/thelitigator.com\/es\/rock-hill-sc\/abogados-de-compensacion-de-trabajadores\/#breadcrumb","itemListElement":[{"@type":"ListItem","position":1,"name":"Home","item":"https:\/\/thelitigator.com\/es\/"},{"@type":"ListItem","position":2,"name":"Abogado de lesiones personales de Rock Hill","item":"https:\/\/thelitigator.com\/es\/rock-hill-sc\/"},{"@type":"ListItem","position":3,"name":"ABOGADOS DE COMPENSACI\u00d3N DE TRABAJADORES DE ROCK HILL"}]},{"@type":"WebSite","@id":"https:\/\/thelitigator.com\/es\/#website","url":"https:\/\/thelitigator.com\/es\/","name":"Taylor | Serbin Injury Lawyers","description":"Taylor | Serbin Injury Lawyers Serving North and South Carolina Areas","publisher":{"@id":"https:\/\/thelitigator.com\/es\/#organization"},"potentialAction":[{"@type":"SearchAction","target":{"@type":"EntryPoint","urlTemplate":"https:\/\/thelitigator.com\/es\/?s={search_term_string}"},"query-input":{"@type":"PropertyValueSpecification","valueRequired":true,"valueName":"search_term_string"}}],"inLanguage":"es-US"},{"@type":"Organization","@id":"https:\/\/thelitigator.com\/es\/#organization","name":"Taylor | Serbin Injury Lawyers","url":"https:\/\/thelitigator.com\/es\/","logo":{"@type":"ImageObject","inLanguage":"es-US","@id":"https:\/\/thelitigator.com\/es\/#\/schema\/logo\/image\/","url":"https:\/\/thelitigator.com\/wp-content\/uploads\/2025\/12\/TSL-brand-final-01.svg","contentUrl":"https:\/\/thelitigator.com\/wp-content\/uploads\/2025\/12\/TSL-brand-final-01.svg","width":288,"height":198,"caption":"Taylor | Serbin Injury Lawyers"},"image":{"@id":"https:\/\/thelitigator.com\/es\/#\/schema\/logo\/image\/"},"sameAs":["https:\/\/www.facebook.com\/TheLawOfficesOfJasonETaylor\/","https:\/\/x.com\/lawyerjet"]}]}},"_links":{"self":[{"href":"https:\/\/thelitigator.com\/es\/wp-json\/wp\/v2\/pages\/9782","targetHints":{"allow":["GET"]}}],"collection":[{"href":"https:\/\/thelitigator.com\/es\/wp-json\/wp\/v2\/pages"}],"about":[{"href":"https:\/\/thelitigator.com\/es\/wp-json\/wp\/v2\/types\/page"}],"author":[{"embeddable":true,"href":"https:\/\/thelitigator.com\/es\/wp-json\/wp\/v2\/users\/8"}],"replies":[{"embeddable":true,"href":"https:\/\/thelitigator.com\/es\/wp-json\/wp\/v2\/comments?post=9782"}],"version-history":[{"count":0,"href":"https:\/\/thelitigator.com\/es\/wp-json\/wp\/v2\/pages\/9782\/revisions"}],"up":[{"embeddable":true,"href":"https:\/\/thelitigator.com\/es\/wp-json\/wp\/v2\/pages\/9776"}],"wp:featuredmedia":[{"embeddable":true,"href":"https:\/\/thelitigator.com\/es\/wp-json\/wp\/v2\/media\/9219"}],"wp:attachment":[{"href":"https:\/\/thelitigator.com\/es\/wp-json\/wp\/v2\/media?parent=9782"}],"wp:term":[{"taxonomy":"category","embeddable":true,"href":"https:\/\/thelitigator.com\/es\/wp-json\/wp\/v2\/categories?post=9782"},{"taxonomy":"post_tag","embeddable":true,"href":"https:\/\/thelitigator.com\/es\/wp-json\/wp\/v2\/tags?post=9782"},{"taxonomy":"attorney","embeddable":true,"href":"https:\/\/thelitigator.com\/es\/wp-json\/wp\/v2\/attorney?post=9782"}],"curies":[{"name":"wp","href":"https:\/\/api.w.org\/{rel}","templated":true}]}}