{"id":9780,"date":"2023-01-05T20:46:41","date_gmt":"2023-01-06T01:46:41","guid":{"rendered":"https:\/\/thelitigator.com\/rock-hill-sc\/wrongful-death-attorneys\/"},"modified":"2025-09-11T10:21:24","modified_gmt":"2025-09-11T14:21:24","slug":"abogados-de-muerte-por-negligencia","status":"publish","type":"page","link":"https:\/\/thelitigator.com\/es\/rock-hill-sc\/abogados-de-muerte-por-negligencia\/","title":{"rendered":"Abogados de muerte por negligencia de Rock Hill"},"content":{"rendered":"\n<h2 class=\"wp-block-heading\">\u00bfQu\u00e9 es una demanda por muerte por negligencia?<\/h2>\n\n\n\n<p>Una demanda por muerte por negligencia es una acci\u00f3n civil presentada por los sobrevivientes de una persona que muri\u00f3 debido a la negligencia o mala conducta intencional de otra parte. Para tener \u00e9xito en una demanda por muerte por negligencia, el demandante debe demostrar que las acciones del demandado fueron la causa de la muerte y que la muerte result\u00f3 en da\u00f1os econ\u00f3micos a los sobrevivientes.<\/p>\n\n\n\n<h2 class=\"wp-block-heading\">\u00bfNecesito un abogado para presentar una demanda por muerte por negligencia en Rock Hill, Carolina del Sur?<\/h2>\n\n\n\n<p>No est\u00e1 legalmente obligado a contratar a un abogado para presentar un reclamo por muerte injusta en Carolina del Sur. Sin embargo, presentar una demanda puede ser complejo y desafiante, especialmente si est\u00e1 de duelo por la p\u00e9rdida de un ser querido. Un abogado con experiencia en muerte por negligencia de Rock Hill puede:<\/p>\n\n\n\n<ul class=\"wp-block-list\">\n<li>Investigue las circunstancias que rodearon la muerte de su ser querido<\/li>\n\n\n\n<li>Ayudarlo a comprender el proceso legal y qu\u00e9 esperar<\/li>\n\n\n\n<li>Re\u00fana evidencia para respaldar su reclamo<\/li>\n\n\n\n<li>Determine la cantidad de compensaci\u00f3n que puede recuperar<\/li>\n\n\n\n<li>Presentar reclamaciones de seguros<\/li>\n\n\n\n<li>Negociar con la compa\u00f1\u00eda de seguros u otras partes involucradas en el caso<\/li>\n\n\n\n<li>Luchar por sus derechos en los tribunales, si es necesario<\/li>\n<\/ul>\n\n\n\n<p>Si ha perdido a un ser querido debido a la negligencia de otra persona, comun\u00edquese hoy con las Oficinas Legales de Jason E. Taylor. Estamos aqu\u00ed para ayudarlo a que pueda concentrarse en cosas importantes como sanar y seguir adelante. Deje que nuestros abogados de homicidio culposo manejen el proceso legal mientras usted se cuida a s\u00ed mismo y a su familia.<\/p>\n\n\n\n<h2 class=\"wp-block-heading\">\u00bfCu\u00e1les son los beneficios de presentar una demanda por muerte por negligencia?<\/h2>\n\n\n\n<p>Despu\u00e9s de perder a un ser querido, pensar en iniciar una demanda por homicidio culposo puede ser lo \u00faltimo que tenga en mente. Sin embargo, presentar un reclamo puede proporcionar el alivio financiero que tanto necesita mientras lucha para hacer frente a su p\u00e9rdida.<\/p>\n\n\n\n<p>Presentar un reclamo tambi\u00e9n puede ayudar a responsabilizar a la parte responsable por sus acciones y evitar que da\u00f1e a otros en el futuro. Si la negligencia de otra persona caus\u00f3 la muerte de su ser querido, tiene derecho a buscar justicia en su nombre.<\/p>\n\n\n\n<h2 class=\"wp-block-heading\">Requisitos para reclamos de muerte por negligencia de Rock Hill<\/h2>\n\n\n\n<p>No todas las p\u00e9rdidas de vidas dan paso a un reclamo por muerte injusta. Para que tal caso sea viable en Rock Hill, Carolina del Sur, debe cumplirse lo siguiente:<\/p>\n\n\n\n<ul class=\"wp-block-list\">\n<li>La muerte fue causada por la negligencia o mala conducta intencional de otra parte.<\/li>\n\n\n\n<li>Los sobrevivientes est\u00e1n sufriendo da\u00f1os econ\u00f3micos como resultado de la muerte.<\/li>\n\n\n\n<li>La persona fallecida habr\u00eda podido presentar una demanda por lesiones personales si hubiera vivido<\/li>\n\n\n\n<li>Los sobrevivientes est\u00e1n presentando el caso en nombre del patrimonio de la persona fallecida.<\/li>\n\n\n\n<li>Los sobrevivientes deben presentar el reclamo dentro de los tres a\u00f1os posteriores a la muerte. Si no lo hacen, se les prohibir\u00e1 hacerlo y no podr\u00e1n recuperar ninguna compensaci\u00f3n.<\/li>\n<\/ul>\n\n\n\n<p>La evidencia que podemos recopilar para construir su caso incluye:<\/p>\n\n\n\n<ul class=\"wp-block-list\">\n<li>Registros m\u00e9dicos que muestran la lesi\u00f3n o enfermedad que condujo a su muerte.<\/li>\n\n\n\n<li>Testimonio del testigo del accidente<\/li>\n\n\n\n<li>Fotograf\u00edas o im\u00e1genes de video del accidente.<\/li>\n\n\n\n<li>Testimonio experto<\/li>\n\n\n\n<li>El certificado de defunci\u00f3n de su ser querido que establezca la causa de la muerte.<\/li>\n<\/ul>\n\n\n\n<h2 class=\"wp-block-heading\">\u00bfQui\u00e9n puede presentar un reclamo de muerte por negligencia de Rock Hill?<\/h2>\n\n\n\n<p>Seg\u00fan la ley de Carolina del Sur, un \u201crepresentante personal\u201d debe presentar una demanda por muerte por negligencia en nombre del patrimonio de la v\u00edctima. El representante personal suele ser la persona que act\u00faa como albacea del testamento de la v\u00edctima fallecida. Sin embargo, un tribunal puede nombrar un representante personal si no hay testamento.<\/p>\n\n\n\n<p>En Carolina del Sur, aunque solo el representante personal puede presentar un reclamo, los siguientes familiares sobrevivientes pueden recuperarse del malhechor o de su seguro:<\/p>\n\n\n\n<ul class=\"wp-block-list\">\n<li>El c\u00f3nyuge de la persona fallecida<\/li>\n\n\n\n<li>Hijo o hijos de la persona fallecida<\/li>\n\n\n\n<li>Los padres de la persona fallecida<\/li>\n\n\n\n<li>Herederos legales, que pueden incluir parientes lejanos, si no hay familiares inmediatos<\/li>\n<\/ul>\n\n\n\n<h2 class=\"wp-block-heading\">\u00bfA qui\u00e9n puedo demandar por la muerte de mi ser querido?<\/h2>\n\n\n\n<p>Puede demandar a cualquier persona cuya negligencia o mala acci\u00f3n intencional haya causado la muerte de su ser querido. En la mayor\u00eda de los casos, ser\u00e1 la persona o entidad responsable de su muerte. Por ejemplo, si su ser querido muri\u00f3 en un accidente automovil\u00edstico, podr\u00eda demandar al otro conductor. Si un producto defectuoso los mata, podr\u00eda demandar al fabricante. Si un conductor ebrio los mat\u00f3, podr\u00eda demandar al conductor y potencialmente al bar o establecimiento que les sirvi\u00f3 alcohol.<\/p>\n\n\n\n<p>La cantidad de compensaci\u00f3n que puede recuperar en su reclamo depender\u00e1 de varios factores, que incluyen:<\/p>\n\n\n\n<ul class=\"wp-block-list\">\n<li>La edad de la v\u00edctima<\/li>\n\n\n\n<li>La salud de la v\u00edctima antes de su muerte.<\/li>\n\n\n\n<li>Los ingresos de la v\u00edctima en el momento de su muerte.<\/li>\n\n\n\n<li>La esperanza de vida de la v\u00edctima.<\/li>\n\n\n\n<li>La cantidad de apoyo financiero que la v\u00edctima estaba brindando a sus dependientes.<\/li>\n\n\n\n<li>La angustia emocional y el sufrimiento de los sobrevivientes<\/li>\n\n\n\n<li>El costo de los gastos del funeral y entierro de la v\u00edctima.<\/li>\n<\/ul>\n\n\n\n<p>Si ha perdido a un ser querido debido a la negligencia de otra persona, comun\u00edquese con Las Oficinas Legales de Jason E. Taylor. Revisaremos su caso de forma gratuita y lo ayudaremos a comprender sus opciones legales mientras navega por su vida sin su ser querido.<\/p>\n\n\n\n<h2 class=\"wp-block-heading\">\u00bfCu\u00e1nta compensaci\u00f3n puedo recuperar en un reclamo de muerte por negligencia de Rock Hill?<\/h2>\n\n\n\n<p>La muerte de su ser querido puede haberlo dejado abrumado y estresado. No solo est\u00e1 de duelo, sino que tambi\u00e9n puede estar enfrentando varios desaf\u00edos financieros. Si su ser querido era el principal sost\u00e9n de su familia, es posible que tenga dificultades para llegar a fin de mes. Un caso de muerte por negligencia puede ayudar a aliviar su carga financiera al proporcionar una compensaci\u00f3n por:<\/p>\n\n\n\n<ul class=\"wp-block-list\">\n<li>Las facturas m\u00e9dicas de la v\u00edctima.<\/li>\n\n\n\n<li>Los gastos del funeral y entierro de la v\u00edctima<\/li>\n\n\n\n<li>La p\u00e9rdida de ingresos y beneficios de la v\u00edctima<\/li>\n\n\n\n<li>La p\u00e9rdida de la compa\u00f1\u00eda, el amor y el afecto de la v\u00edctima.<\/li>\n\n\n\n<li>La angustia emocional y el sufrimiento de los sobrevivientes<\/li>\n<\/ul>\n\n\n\n<p>En algunos casos, tambi\u00e9n puede recuperar da\u00f1os punitivos. Los da\u00f1os punitivos est\u00e1n dise\u00f1ados para castigar a la parte responsable y disuadirlos de participar en un comportamiento atroz similar en el futuro.<\/p>\n\n\n\n<p>Si ha perdido a un ser querido por culpa de otra persona, comun\u00edquese con Las Oficinas Legales de Jason E. Taylor para analizar sus opciones legales.<\/p>\n\n\n\n<h3 class=\"wp-block-heading\">L\u00edmites de da\u00f1os en Carolina del Sur<\/h3>\n\n\n\n<p>En Carolina del Sur, no hay l\u00edmite en la cantidad de da\u00f1os econ\u00f3micos que puede recuperar en una demanda por muerte por negligencia. Sin embargo, los da\u00f1os punitivos tienen un tope de $500,000 o tres veces el monto de los da\u00f1os compensatorios, lo que sea mayor.<\/p>\n\n\n\n<figure class=\"wp-block-image size-large\"><img fetchpriority=\"high\" decoding=\"async\" width=\"1024\" height=\"685\" src=\"https:\/\/thelitigator.com\/wp-content\/uploads\/2024\/03\/iStock-183387658-1024x685.jpg\" alt=\"tombstone with flowers in graveyard after a wrongful death incident\" class=\"wp-image-11042\" srcset=\"https:\/\/thelitigator.com\/wp-content\/uploads\/2024\/03\/iStock-183387658-1024x685.jpg 1024w, https:\/\/thelitigator.com\/wp-content\/uploads\/2024\/03\/iStock-183387658-300x201.jpg 300w, https:\/\/thelitigator.com\/wp-content\/uploads\/2024\/03\/iStock-183387658-768x514.jpg 768w, https:\/\/thelitigator.com\/wp-content\/uploads\/2024\/03\/iStock-183387658-1536x1028.jpg 1536w, https:\/\/thelitigator.com\/wp-content\/uploads\/2024\/03\/iStock-183387658-2048x1371.jpg 2048w, https:\/\/thelitigator.com\/wp-content\/uploads\/2024\/03\/iStock-183387658-1200x803.jpg 1200w, https:\/\/thelitigator.com\/wp-content\/uploads\/2024\/03\/iStock-183387658-1980x1325.jpg 1980w\" sizes=\"(max-width: 1024px) 100vw, 1024px\" \/><\/figure>\n\n\n\n<h2 class=\"wp-block-heading\">Los l\u00edmites de tiempo para los casos de muerte por negligencia en Carolina del Sur<\/h2>\n\n\n\n<p>En Carolina del Sur, la ley de muerte por negligencia establece que el estatuto de limitaciones para los casos de muerte por negligencia es de tres a\u00f1os a partir de la fecha de muerte de su ser querido. Esto significa que tiene tres a\u00f1os a partir de su muerte para presentar una demanda. Se le prohibir\u00e1 recuperar cualquier compensaci\u00f3n si no resuelve el reclamo de su ser querido o presenta una demanda para proteger el estatuto de limitaciones dentro de este per\u00edodo de tiempo. Es importante hablar con su abogado sobre el estatuto de limitaciones en su caso particular.<\/p>\n\n\n\n<h2 class=\"wp-block-heading\">P\u00f3ngase en contacto con un abogado de muerte por negligencia en Rock Hill, SC<\/h2>\n\n\n\n<p>Ninguna cantidad de dinero puede realmente compensar la p\u00e9rdida de un ser querido. Sin embargo, presentar una demanda por muerte por negligencia puede ayudar a aliviar su carga financiera y responsabilizar a la parte responsable por sus acciones.<\/p>\n\n\n\n<p>Si ha perdido a un ser querido debido a la negligencia de otra persona, comun\u00edquese con Las Oficinas Legales de Jason E. Taylor para analizar sus opciones legales. Ofrecemos consultas iniciales gratuitas y no le cobramos ninguna tarifa a menos que recuperemos una compensaci\u00f3n para usted.<\/p>\n","protected":false},"excerpt":{"rendered":"<p>Rock Hill es una hermosa ciudad en Carolina del Sur. Es el hogar de m\u00e1s de 74.000 residentes y muchos lugares de inter\u00e9s hist\u00f3rico. La ciudad tambi\u00e9n alberga varios colegios y universidades, lo que la convierte en un excelente lugar para vivir y trabajar.<br \/>\nSin embargo, Rock Hill no es inmune a la tragedia. En 2020, fue clasificada como una de las principales ciudades de Estados Unidos por colisiones automovil\u00edsticas. Y Carolina del Sur en general ha visto un aumento de m\u00e1s del 5% en las muertes relacionadas con el tr\u00e1fico.<br \/>\nSi bien Rock Hill es un excelente lugar para vivir, trabajar y formar una familia, es importante estar consciente de los peligros que existen en el camino. Puede tener derecho a una compensaci\u00f3n si ha perdido a un ser querido en un accidente.<br \/>\nEn Las Oficinas Legales de Jason E. Taylor, nuestros abogados experimentados en muerte por negligencia de Rock Hill pueden ayudarlo a buscar justicia. Entendemos el dolor y el sufrimiento de perder a un ser querido y lucharemos para obtener la compensaci\u00f3n que merece. P\u00f3ngase en contacto con nosotros hoy para una consulta gratuita. Revisaremos su caso y lo ayudaremos a determinar si tiene un reclamo.<\/p>\n","protected":false},"author":8,"featured_media":9219,"parent":9776,"menu_order":0,"comment_status":"closed","ping_status":"closed","template":"","meta":{"_acf_changed":false,"footnotes":""},"categories":[1451,1450],"tags":[1454,1442],"attorney":[],"class_list":["post-9780","page","type-page","status-publish","has-post-thumbnail","hentry","category-rock-hill-es","category-wrongful-death-es","tag-rock-hill-es","tag-wrongful-death-es"],"acf":[],"yoast_head":"<!-- This site is optimized with the Yoast SEO plugin v27.4 - https:\/\/yoast.com\/product\/yoast-seo-wordpress\/ -->\n<title>Abogados de Muerte por Negligencia de Rock Hill, SC<\/title>\n<meta name=\"description\" content=\"En Rock Hill, SC, podr\u00eda tener derecho a indemnizaci\u00f3n si perdi\u00f3 a un ser querido por la negligencia de otra persona. Conozca sus opciones legales.\" \/>\n<meta name=\"robots\" content=\"index, follow, max-snippet:-1, max-image-preview:large, max-video-preview:-1\" \/>\n<link rel=\"canonical\" href=\"https:\/\/thelitigator.com\/es\/rock-hill-sc\/abogados-de-muerte-por-negligencia\/\" \/>\n<meta property=\"og:locale\" content=\"es_ES\" \/>\n<meta property=\"og:type\" content=\"article\" \/>\n<meta property=\"og:title\" content=\"Abogados de Muerte por Negligencia de Rock Hill, SC\" \/>\n<meta property=\"og:description\" content=\"En Rock Hill, SC, podr\u00eda tener derecho a indemnizaci\u00f3n si perdi\u00f3 a un ser querido por la negligencia de otra persona. Conozca sus opciones legales.\" \/>\n<meta property=\"og:url\" content=\"https:\/\/thelitigator.com\/es\/rock-hill-sc\/abogados-de-muerte-por-negligencia\/\" \/>\n<meta property=\"og:site_name\" content=\"Taylor | Serbin Injury Lawyers\" \/>\n<meta property=\"article:publisher\" content=\"https:\/\/www.facebook.com\/TheLawOfficesOfJasonETaylor\/\" \/>\n<meta property=\"article:modified_time\" content=\"2025-09-11T14:21:24+00:00\" \/>\n<meta property=\"og:image\" content=\"https:\/\/thelitigator.com\/wp-content\/uploads\/2023\/07\/rockhill-sc2.jpg\" \/>\n\t<meta property=\"og:image:width\" content=\"1360\" \/>\n\t<meta property=\"og:image:height\" content=\"460\" \/>\n\t<meta property=\"og:image:type\" content=\"image\/jpeg\" \/>\n<meta name=\"twitter:card\" content=\"summary_large_image\" \/>\n<meta name=\"twitter:site\" content=\"@lawyerjet\" \/>\n<meta name=\"twitter:label1\" content=\"Est. reading time\" \/>\n\t<meta name=\"twitter:data1\" content=\"7 minutes\" \/>\n<script type=\"application\/ld+json\" class=\"yoast-schema-graph\">{\"@context\":\"https:\\\/\\\/schema.org\",\"@graph\":[{\"@type\":\"WebPage\",\"@id\":\"https:\\\/\\\/thelitigator.com\\\/es\\\/rock-hill-sc\\\/abogados-de-muerte-por-negligencia\\\/\",\"url\":\"https:\\\/\\\/thelitigator.com\\\/es\\\/rock-hill-sc\\\/abogados-de-muerte-por-negligencia\\\/\",\"name\":\"Abogados de Muerte por Negligencia de Rock Hill, SC\",\"isPartOf\":{\"@id\":\"https:\\\/\\\/thelitigator.com\\\/es\\\/#website\"},\"primaryImageOfPage\":{\"@id\":\"https:\\\/\\\/thelitigator.com\\\/es\\\/rock-hill-sc\\\/abogados-de-muerte-por-negligencia\\\/#primaryimage\"},\"image\":{\"@id\":\"https:\\\/\\\/thelitigator.com\\\/es\\\/rock-hill-sc\\\/abogados-de-muerte-por-negligencia\\\/#primaryimage\"},\"thumbnailUrl\":\"https:\\\/\\\/thelitigator.com\\\/wp-content\\\/uploads\\\/2023\\\/07\\\/rockhill-sc2.jpg\",\"datePublished\":\"2023-01-06T01:46:41+00:00\",\"dateModified\":\"2025-09-11T14:21:24+00:00\",\"description\":\"En Rock Hill, SC, podr\u00eda tener derecho a indemnizaci\u00f3n si perdi\u00f3 a un ser querido por la negligencia de otra persona. Conozca sus opciones legales.\",\"breadcrumb\":{\"@id\":\"https:\\\/\\\/thelitigator.com\\\/es\\\/rock-hill-sc\\\/abogados-de-muerte-por-negligencia\\\/#breadcrumb\"},\"inLanguage\":\"es-US\",\"potentialAction\":[{\"@type\":\"ReadAction\",\"target\":[\"https:\\\/\\\/thelitigator.com\\\/es\\\/rock-hill-sc\\\/abogados-de-muerte-por-negligencia\\\/\"]}]},{\"@type\":\"ImageObject\",\"inLanguage\":\"es-US\",\"@id\":\"https:\\\/\\\/thelitigator.com\\\/es\\\/rock-hill-sc\\\/abogados-de-muerte-por-negligencia\\\/#primaryimage\",\"url\":\"https:\\\/\\\/thelitigator.com\\\/wp-content\\\/uploads\\\/2023\\\/07\\\/rockhill-sc2.jpg\",\"contentUrl\":\"https:\\\/\\\/thelitigator.com\\\/wp-content\\\/uploads\\\/2023\\\/07\\\/rockhill-sc2.jpg\",\"width\":1360,\"height\":460},{\"@type\":\"BreadcrumbList\",\"@id\":\"https:\\\/\\\/thelitigator.com\\\/es\\\/rock-hill-sc\\\/abogados-de-muerte-por-negligencia\\\/#breadcrumb\",\"itemListElement\":[{\"@type\":\"ListItem\",\"position\":1,\"name\":\"Home\",\"item\":\"https:\\\/\\\/thelitigator.com\\\/es\\\/\"},{\"@type\":\"ListItem\",\"position\":2,\"name\":\"Abogado de lesiones personales de Rock Hill\",\"item\":\"https:\\\/\\\/thelitigator.com\\\/es\\\/rock-hill-sc\\\/\"},{\"@type\":\"ListItem\",\"position\":3,\"name\":\"Abogados de muerte por negligencia de Rock Hill\"}]},{\"@type\":\"WebSite\",\"@id\":\"https:\\\/\\\/thelitigator.com\\\/es\\\/#website\",\"url\":\"https:\\\/\\\/thelitigator.com\\\/es\\\/\",\"name\":\"Taylor | Serbin Injury Lawyers\",\"description\":\"Taylor | Serbin Injury Lawyers Serving North and South Carolina Areas\",\"publisher\":{\"@id\":\"https:\\\/\\\/thelitigator.com\\\/es\\\/#organization\"},\"potentialAction\":[{\"@type\":\"SearchAction\",\"target\":{\"@type\":\"EntryPoint\",\"urlTemplate\":\"https:\\\/\\\/thelitigator.com\\\/es\\\/?s={search_term_string}\"},\"query-input\":{\"@type\":\"PropertyValueSpecification\",\"valueRequired\":true,\"valueName\":\"search_term_string\"}}],\"inLanguage\":\"es-US\"},{\"@type\":\"Organization\",\"@id\":\"https:\\\/\\\/thelitigator.com\\\/es\\\/#organization\",\"name\":\"Taylor | Serbin Injury Lawyers\",\"url\":\"https:\\\/\\\/thelitigator.com\\\/es\\\/\",\"logo\":{\"@type\":\"ImageObject\",\"inLanguage\":\"es-US\",\"@id\":\"https:\\\/\\\/thelitigator.com\\\/es\\\/#\\\/schema\\\/logo\\\/image\\\/\",\"url\":\"https:\\\/\\\/thelitigator.com\\\/wp-content\\\/uploads\\\/2025\\\/12\\\/TSL-brand-final-01.svg\",\"contentUrl\":\"https:\\\/\\\/thelitigator.com\\\/wp-content\\\/uploads\\\/2025\\\/12\\\/TSL-brand-final-01.svg\",\"width\":288,\"height\":198,\"caption\":\"Taylor | Serbin Injury Lawyers\"},\"image\":{\"@id\":\"https:\\\/\\\/thelitigator.com\\\/es\\\/#\\\/schema\\\/logo\\\/image\\\/\"},\"sameAs\":[\"https:\\\/\\\/www.facebook.com\\\/TheLawOfficesOfJasonETaylor\\\/\",\"https:\\\/\\\/x.com\\\/lawyerjet\"]}]}<\/script>\n<!-- \/ Yoast SEO plugin. -->","yoast_head_json":{"title":"Abogados de Muerte por Negligencia de Rock Hill, SC","description":"En Rock Hill, SC, podr\u00eda tener derecho a indemnizaci\u00f3n si perdi\u00f3 a un ser querido por la negligencia de otra persona. Conozca sus opciones legales.","robots":{"index":"index","follow":"follow","max-snippet":"max-snippet:-1","max-image-preview":"max-image-preview:large","max-video-preview":"max-video-preview:-1"},"canonical":"https:\/\/thelitigator.com\/es\/rock-hill-sc\/abogados-de-muerte-por-negligencia\/","og_locale":"es_ES","og_type":"article","og_title":"Abogados de Muerte por Negligencia de Rock Hill, SC","og_description":"En Rock Hill, SC, podr\u00eda tener derecho a indemnizaci\u00f3n si perdi\u00f3 a un ser querido por la negligencia de otra persona. Conozca sus opciones legales.","og_url":"https:\/\/thelitigator.com\/es\/rock-hill-sc\/abogados-de-muerte-por-negligencia\/","og_site_name":"Taylor | Serbin Injury Lawyers","article_publisher":"https:\/\/www.facebook.com\/TheLawOfficesOfJasonETaylor\/","article_modified_time":"2025-09-11T14:21:24+00:00","og_image":[{"width":1360,"height":460,"url":"https:\/\/thelitigator.com\/wp-content\/uploads\/2023\/07\/rockhill-sc2.jpg","type":"image\/jpeg"}],"twitter_card":"summary_large_image","twitter_site":"@lawyerjet","twitter_misc":{"Est. reading time":"7 minutes"},"schema":{"@context":"https:\/\/schema.org","@graph":[{"@type":"WebPage","@id":"https:\/\/thelitigator.com\/es\/rock-hill-sc\/abogados-de-muerte-por-negligencia\/","url":"https:\/\/thelitigator.com\/es\/rock-hill-sc\/abogados-de-muerte-por-negligencia\/","name":"Abogados de Muerte por Negligencia de Rock Hill, SC","isPartOf":{"@id":"https:\/\/thelitigator.com\/es\/#website"},"primaryImageOfPage":{"@id":"https:\/\/thelitigator.com\/es\/rock-hill-sc\/abogados-de-muerte-por-negligencia\/#primaryimage"},"image":{"@id":"https:\/\/thelitigator.com\/es\/rock-hill-sc\/abogados-de-muerte-por-negligencia\/#primaryimage"},"thumbnailUrl":"https:\/\/thelitigator.com\/wp-content\/uploads\/2023\/07\/rockhill-sc2.jpg","datePublished":"2023-01-06T01:46:41+00:00","dateModified":"2025-09-11T14:21:24+00:00","description":"En Rock Hill, SC, podr\u00eda tener derecho a indemnizaci\u00f3n si perdi\u00f3 a un ser querido por la negligencia de otra persona. Conozca sus opciones legales.","breadcrumb":{"@id":"https:\/\/thelitigator.com\/es\/rock-hill-sc\/abogados-de-muerte-por-negligencia\/#breadcrumb"},"inLanguage":"es-US","potentialAction":[{"@type":"ReadAction","target":["https:\/\/thelitigator.com\/es\/rock-hill-sc\/abogados-de-muerte-por-negligencia\/"]}]},{"@type":"ImageObject","inLanguage":"es-US","@id":"https:\/\/thelitigator.com\/es\/rock-hill-sc\/abogados-de-muerte-por-negligencia\/#primaryimage","url":"https:\/\/thelitigator.com\/wp-content\/uploads\/2023\/07\/rockhill-sc2.jpg","contentUrl":"https:\/\/thelitigator.com\/wp-content\/uploads\/2023\/07\/rockhill-sc2.jpg","width":1360,"height":460},{"@type":"BreadcrumbList","@id":"https:\/\/thelitigator.com\/es\/rock-hill-sc\/abogados-de-muerte-por-negligencia\/#breadcrumb","itemListElement":[{"@type":"ListItem","position":1,"name":"Home","item":"https:\/\/thelitigator.com\/es\/"},{"@type":"ListItem","position":2,"name":"Abogado de lesiones personales de Rock Hill","item":"https:\/\/thelitigator.com\/es\/rock-hill-sc\/"},{"@type":"ListItem","position":3,"name":"Abogados de muerte por negligencia de Rock Hill"}]},{"@type":"WebSite","@id":"https:\/\/thelitigator.com\/es\/#website","url":"https:\/\/thelitigator.com\/es\/","name":"Taylor | Serbin Injury Lawyers","description":"Taylor | Serbin Injury Lawyers Serving North and South Carolina Areas","publisher":{"@id":"https:\/\/thelitigator.com\/es\/#organization"},"potentialAction":[{"@type":"SearchAction","target":{"@type":"EntryPoint","urlTemplate":"https:\/\/thelitigator.com\/es\/?s={search_term_string}"},"query-input":{"@type":"PropertyValueSpecification","valueRequired":true,"valueName":"search_term_string"}}],"inLanguage":"es-US"},{"@type":"Organization","@id":"https:\/\/thelitigator.com\/es\/#organization","name":"Taylor | Serbin Injury Lawyers","url":"https:\/\/thelitigator.com\/es\/","logo":{"@type":"ImageObject","inLanguage":"es-US","@id":"https:\/\/thelitigator.com\/es\/#\/schema\/logo\/image\/","url":"https:\/\/thelitigator.com\/wp-content\/uploads\/2025\/12\/TSL-brand-final-01.svg","contentUrl":"https:\/\/thelitigator.com\/wp-content\/uploads\/2025\/12\/TSL-brand-final-01.svg","width":288,"height":198,"caption":"Taylor | Serbin Injury Lawyers"},"image":{"@id":"https:\/\/thelitigator.com\/es\/#\/schema\/logo\/image\/"},"sameAs":["https:\/\/www.facebook.com\/TheLawOfficesOfJasonETaylor\/","https:\/\/x.com\/lawyerjet"]}]}},"_links":{"self":[{"href":"https:\/\/thelitigator.com\/es\/wp-json\/wp\/v2\/pages\/9780","targetHints":{"allow":["GET"]}}],"collection":[{"href":"https:\/\/thelitigator.com\/es\/wp-json\/wp\/v2\/pages"}],"about":[{"href":"https:\/\/thelitigator.com\/es\/wp-json\/wp\/v2\/types\/page"}],"author":[{"embeddable":true,"href":"https:\/\/thelitigator.com\/es\/wp-json\/wp\/v2\/users\/8"}],"replies":[{"embeddable":true,"href":"https:\/\/thelitigator.com\/es\/wp-json\/wp\/v2\/comments?post=9780"}],"version-history":[{"count":0,"href":"https:\/\/thelitigator.com\/es\/wp-json\/wp\/v2\/pages\/9780\/revisions"}],"up":[{"embeddable":true,"href":"https:\/\/thelitigator.com\/es\/wp-json\/wp\/v2\/pages\/9776"}],"wp:featuredmedia":[{"embeddable":true,"href":"https:\/\/thelitigator.com\/es\/wp-json\/wp\/v2\/media\/9219"}],"wp:attachment":[{"href":"https:\/\/thelitigator.com\/es\/wp-json\/wp\/v2\/media?parent=9780"}],"wp:term":[{"taxonomy":"category","embeddable":true,"href":"https:\/\/thelitigator.com\/es\/wp-json\/wp\/v2\/categories?post=9780"},{"taxonomy":"post_tag","embeddable":true,"href":"https:\/\/thelitigator.com\/es\/wp-json\/wp\/v2\/tags?post=9780"},{"taxonomy":"attorney","embeddable":true,"href":"https:\/\/thelitigator.com\/es\/wp-json\/wp\/v2\/attorney?post=9780"}],"curies":[{"name":"wp","href":"https:\/\/api.w.org\/{rel}","templated":true}]}}