{"id":9774,"date":"2022-10-24T11:56:29","date_gmt":"2022-10-24T15:56:29","guid":{"rendered":"https:\/\/thelitigator.com\/concord-nc\/slip-and-fall-lawyers\/"},"modified":"2025-09-11T10:21:20","modified_gmt":"2025-09-11T14:21:20","slug":"abogados-de-resbalones-y-caidas","status":"publish","type":"page","link":"https:\/\/thelitigator.com\/es\/concord-nc\/abogados-de-resbalones-y-caidas\/","title":{"rendered":"Abogados de resbalones y ca\u00eddas de Concord"},"content":{"rendered":"\n<h2 class=\"wp-block-heading\">Qu\u00e9 hacer despu\u00e9s de un resbal\u00f3n y ca\u00edda en Concord, Carolina del Norte<\/h2>\n\n\n\n<p>Si ha resultado lesionado en un accidente de resbal\u00f3n y ca\u00edda, debe:<\/p>\n\n\n\n<h3 class=\"wp-block-heading\">Presente un informe con la tienda o el propietario del negocio<\/h3>\n\n\n\n<p>Si se lesion\u00f3 en un resbal\u00f3n y cay\u00f3 en una tienda u otro negocio, debe presentar un informe con el propietario o gerente. Este informe crear\u00e1 un registro del accidente y ser\u00e1 una evidencia importante si decide presentar un reclamo por lesiones personales.<\/p>\n\n\n\n<p>Recuerde que despu\u00e9s del accidente, es posible que una compa\u00f1\u00eda de seguros le pida que d\u00e9 una declaraci\u00f3n grabada. Siempre debe buscar representaci\u00f3n legal antes de dar cualquier declaraci\u00f3n a la compa\u00f1\u00eda de seguros.<\/p>\n\n\n\n<p>La compa\u00f1\u00eda de seguros utiliza estados de cuenta para minimizar el dinero que tiene que pagar por las reclamaciones. Un abogado de lesiones personales de Concord puede ayudarlo a evitar hacer declaraciones que podr\u00edan da\u00f1ar su caso.<\/p>\n\n\n\n<h3 class=\"wp-block-heading\">Obtenga los nombres y la informaci\u00f3n de contacto de los testigos<\/h3>\n\n\n\n<p>Si hay testigos de su accidente, es importante obtener sus nombres e informaci\u00f3n de contacto. Estos testigos pueden brindar un testimonio valioso sobre lo que sucedi\u00f3 y c\u00f3mo sucedi\u00f3. Este testimonio puede ser crucial para probar su caso y obtener la compensaci\u00f3n que merece.<\/p>\n\n\n\n<h3 class=\"wp-block-heading\">Toma fotos de la escena<\/h3>\n\n\n\n<p>Si puede, tome fotos de la escena del accidente. Estas fotos se pueden usar como evidencia para mostrar qu\u00e9 caus\u00f3 su accidente y c\u00f3mo sucedi\u00f3. Esta evidencia puede ser beneficiosa para probar su caso.<\/p>\n\n\n\n<h3 class=\"wp-block-heading\">Busque tratamiento m\u00e9dico<\/h3>\n\n\n\n<p>Aseg\u00farese de buscar tratamiento m\u00e9dico lo antes posible. Debe asegurarse de que sus lesiones sean atendidas y que est\u00e9 en el camino hacia la recuperaci\u00f3n. Su salud es lo m\u00e1s importante y no debe tardar en recibir la atenci\u00f3n que necesita. Buscar tratamiento m\u00e9dico crear\u00e1 un registro de sus lesiones. Esto ser\u00e1 importante cuando llegue el momento de presentar un reclamo o demanda por lesiones personales.<\/p>\n\n\n\n<h3 class=\"wp-block-heading\">P\u00f3ngase en contacto con un abogado de lesiones personales de Concord<\/h3>\n\n\n\n<p>Si ha resultado lesionado en un resbal\u00f3n y ca\u00edda, necesita un abogado de lesiones personales de su lado. Las Oficinas Legales de Jason E. Taylor tienen experiencia en el manejo de reclamos por lesiones personales, incluidos accidentes por resbalones y ca\u00eddas. Lucharemos por sus derechos y nos aseguraremos de que obtenga la compensaci\u00f3n que se merece.<\/p>\n\n\n\n<h2 class=\"wp-block-heading\">C\u00f3mo se aplican las leyes de responsabilidad de locales a su caso de Concord<\/h2>\n\n\n\n<p>En Carolina del Norte, los due\u00f1os de propiedades tienen el deber de mantener sus instalaciones seguras para los visitantes. Este deber se conoce como el \u201cdeber de diligencia\u201d. Si el due\u00f1o de una propiedad no cumple con este deber y usted resulta lesionado, es posible que pueda presentar una demanda por lesiones personales contra el due\u00f1o de la propiedad.<\/p>\n\n\n\n<p>Hay muchas formas en que el due\u00f1o de una propiedad puede dejar de cumplir con el deber de cuidado. Los accidentes por resbalones y ca\u00eddas son un tipo de accidente que puede ocurrir cuando el due\u00f1o de una propiedad es negligente. Otros tipos de accidentes incluyen mordeduras de perros y m\u00e1s.<\/p>\n\n\n\n<p>Para tener \u00e9xito en un reclamo de responsabilidad de locales, debe probar que el due\u00f1o de la propiedad fue negligente. Tambi\u00e9n deber\u00e1 probar que esta negligencia result\u00f3 en sus lesiones.<\/p>\n\n\n\n<h2 class=\"wp-block-heading\">\u00bfA qui\u00e9n puedo demandar por mis lesiones?&nbsp;<\/h2>\n\n\n\n<p>La respuesta a esta pregunta depende de los hechos espec\u00edficos de su caso. En t\u00e9rminos generales, puede demandar al due\u00f1o de la propiedad o al due\u00f1o del negocio. En algunos casos, es posible que pueda demandar a ambos.<\/p>\n\n\n\n<p>Deber\u00e1 consultar con un abogado de lesiones personales de Concord para determinar qui\u00e9n es responsable de sus lesiones. Los abogados de las Oficinas Legales de Jason E. Taylor tienen experiencia en el manejo de todo tipo de reclamos de responsabilidad de locales, y podremos ayudarlo a determinar qui\u00e9n es responsable de sus lesiones.<\/p>\n\n\n\n<h2 class=\"wp-block-heading\">Lesiones comunes por resbalones y ca\u00eddas<\/h2>\n\n\n\n<p>Los accidentes por resbalones y ca\u00eddas pueden resultar en una variedad de lesiones diferentes. Algunas lesiones comunes incluyen:<\/p>\n\n\n\n<ul class=\"wp-block-list\">\n<li>Huesos rotos<\/li>\n\n\n\n<li>Torceduras y esguinces<\/li>\n\n\n\n<li>Laceraciones<\/li>\n\n\n\n<li>Lesiones cerebrales traum\u00e1ticas<\/li>\n\n\n\n<li>Lesiones de la m\u00e9dula espinal<\/li>\n\n\n\n<li>Conmociones cerebrales<\/li>\n<\/ul>\n\n\n\n<p>Puede tener derecho a una compensaci\u00f3n si ha sufrido alguna de estas lesiones en un resbal\u00f3n y ca\u00edda.<\/p>\n\n\n\n<h2 class=\"wp-block-heading\">\u00bfC\u00f3mo puedo probar que el due\u00f1o de la propiedad fue negligente?<\/h2>\n\n\n\n<p>Necesitar\u00e1 pruebas para probar que el due\u00f1o de la propiedad fue negligente. Esta evidencia puede incluir:<\/p>\n\n\n\n<ul class=\"wp-block-list\">\n<li>Declaraci\u00f3n del testigo<\/li>\n\n\n\n<li>Fotos de la escena del accidente.<\/li>\n\n\n\n<li>El informe policial<\/li>\n\n\n\n<li>Tus registros m\u00e9dicos<\/li>\n<\/ul>\n\n\n\n<h2 class=\"wp-block-heading\">Ejemplos comunes de negligencia en reclamos por resbalones y ca\u00eddas de Concord<\/h2>\n\n\n\n<p>Hay muchas maneras diferentes en las que el due\u00f1o de una propiedad puede ser negligente. Algunos ejemplos comunes incluyen:<\/p>\n\n\n\n<ul class=\"wp-block-list\">\n<li>No limpiar los derrames<\/li>\n\n\n\n<li>No reparar escaleras o aceras rotas<\/li>\n\n\n\n<li>No mantener las instalaciones adecuadamente<\/li>\n\n\n\n<li>No advertir a los visitantes de los peligros potenciales<\/li>\n<\/ul>\n\n\n\n<p>Estos son solo algunos ejemplos. Si ha resultado lesionado en un resbal\u00f3n y ca\u00edda, es importante que hable con un abogado para averiguar si tiene un caso.<\/p>\n\n\n\n<h2 class=\"wp-block-heading\">\u00bfQu\u00e9 da\u00f1os puedo recuperar en un reclamo por lesiones personales de Concord?<\/h2>\n\n\n\n<p>Si ha resultado lesionado en un accidente de resbal\u00f3n y ca\u00edda en Concord, es posible que pueda recuperar los da\u00f1os por sus lesiones. Estos da\u00f1os pueden incluir:<\/p>\n\n\n\n<ul class=\"wp-block-list\">\n<li>Gastos m\u00e9dicos<\/li>\n\n\n\n<li>Salarios perdidos<\/li>\n\n\n\n<li>Dolor y sufrimiento<\/li>\n\n\n\n<li>Estr\u00e9s emocional<\/li>\n<\/ul>\n\n\n\n<h2 class=\"wp-block-heading\">\u00bfCu\u00e1nto dinero puedo esperar recibir?<\/h2>\n\n\n\n<p>Cada caso de resbal\u00f3n y ca\u00edda es diferente, por lo que es dif\u00edcil decir cu\u00e1nto dinero puede esperar recibir. La cantidad de dinero a la que tiene derecho depender\u00e1 de los hechos espec\u00edficos de su caso y de la gravedad de sus lesiones.<\/p>\n\n\n\n<p>Algunos factores que se considerar\u00e1n incluyen:<\/p>\n\n\n\n<ul class=\"wp-block-list\">\n<li>El alcance de sus lesiones<\/li>\n\n\n\n<li>Su edad<\/li>\n\n\n\n<li>tu estado de empleo<\/li>\n\n\n\n<li>La cantidad de facturas m\u00e9dicas en las que ha incurrido.<\/li>\n\n\n\n<li>La cantidad de tiempo que le llevar\u00e1 recuperarse de sus lesiones.<\/li>\n<\/ul>\n\n\n\n<p>Si result\u00f3 lesionado en un accidente de resbal\u00f3n y ca\u00edda en Concord, comun\u00edquese hoy con las Oficinas Legales de Jason E. Taylor. Revisaremos su caso de forma gratuita y le ayudaremos a determinar a cu\u00e1nto dinero puede tener derecho.<\/p>\n\n\n\n<h2 class=\"wp-block-heading\">\u00bfCu\u00e1l es el estatuto de limitaciones para presentar un caso de resbal\u00f3n y ca\u00edda de Concord?<\/h2>\n\n\n\n<p>En Carolina del Norte, tiene tres a\u00f1os a partir de la fecha de su accidente para presentar un reclamo por lesiones personales. Tiene tres a\u00f1os desde su accidente para presentar una demanda contra el due\u00f1o de la propiedad.<\/p>\n\n\n\n<p>Es probable que se le proh\u00edba la recuperaci\u00f3n si no presenta su reclamo dentro de este per\u00edodo de tiempo. Por lo tanto, es importante contactar a un abogado con experiencia en lesiones personales lo antes posible.<\/p>\n\n\n\n<figure class=\"wp-block-image\"><img decoding=\"async\" src=\"https:\/\/lh4.googleusercontent.com\/6PsitobfYCkqo2d5t6hXJNEIapWB9Rf8oRb2BvKaz7SOYWfri7DmDbiJ3NBywwYNdhp0s8wsX0hWcBWYSHiwU8Oid_oLjQpEs7N8bF0-64y_IdoWC07s1tmcX-5ATdmYBKMdPtkj9lvFfr-m-W5f1cU\" alt=\"Abogados de resbalones y ca\u00eddas de Hickory\"\/><\/figure>\n\n\n\n<h2 class=\"wp-block-heading\">Comun\u00edquese con nuestros abogados de resbalones y ca\u00eddas en Concord, Carolina del Norte<\/h2>\n\n\n\n<p>Cont\u00e1ctenos hoy para una consulta gratuita si ha resultado lesionado en un accidente de resbal\u00f3n y ca\u00edda en Concord. Revisaremos su caso y le asesoraremos sobre todas sus opciones legales. No deber\u00eda tener que sufrir por la negligencia de otra persona. Perm\u00edtanos ayudarlo a obtener la compensaci\u00f3n que se merece.<\/p>\n","protected":false},"excerpt":{"rendered":"<p>Los accidentes por resbalones y ca\u00eddas son comunes en supermercados, restaurantes y otros negocios minoristas en Concord, Carolina del Norte. Ya sea que est\u00e9 en el Concord Mall o en uno de los muchos otros centros comerciales de Concord y sufra un resbal\u00f3n y una ca\u00edda, hay ciertos pasos que debe seguir para proteger sus derechos legales.<br \/>\nEn Las Oficinas Legales de Jason E. Taylor, PC, hemos representado a muchas personas lesionadas en accidentes por resbalones y ca\u00eddas. Conocemos los entresijos de estos casos y podemos ayudarlo a obtener la compensaci\u00f3n que se merece.<br \/>\nLl\u00e1menos hoy. Ofrecemos consultas gratuitas a las v\u00edctimas de lesiones personales. Nos sentaremos con usted y revisaremos los detalles de su caso, y le haremos saber cu\u00e1l creemos que es su mejor curso de acci\u00f3n. P\u00f3ngase en contacto con uno de nuestros abogados de lesiones personales de Concord hoy para una consulta gratuita.<\/p>\n","protected":false},"author":8,"featured_media":9054,"parent":9750,"menu_order":0,"comment_status":"closed","ping_status":"closed","template":"","meta":{"_acf_changed":false,"footnotes":""},"categories":[1426,1433],"tags":[],"attorney":[],"class_list":["post-9774","page","type-page","status-publish","has-post-thumbnail","hentry","category-concord-es","category-slip-and-fall-es"],"acf":[],"yoast_head":"<!-- This site is optimized with the Yoast SEO plugin v27.4 - https:\/\/yoast.com\/product\/yoast-seo-wordpress\/ -->\n<title>Abogados de Resbalones y Ca\u00eddas de Concord, NC<\/title>\n<meta name=\"description\" content=\"Lesionado en un resbal\u00f3n y ca\u00edda en Concord, NC? Contacte a las Oficinas Legales de Jason E. Taylor hoy para una consulta gratuita sobre su caso\" \/>\n<meta name=\"robots\" content=\"index, follow, max-snippet:-1, max-image-preview:large, max-video-preview:-1\" \/>\n<link rel=\"canonical\" href=\"https:\/\/thelitigator.com\/es\/concord-nc\/abogados-de-resbalones-y-caidas\/\" \/>\n<meta property=\"og:locale\" content=\"es_ES\" \/>\n<meta property=\"og:type\" content=\"article\" \/>\n<meta property=\"og:title\" content=\"Abogados de Resbalones y Ca\u00eddas de Concord, NC\" \/>\n<meta property=\"og:description\" content=\"Lesionado en un resbal\u00f3n y ca\u00edda en Concord, NC? Contacte a las Oficinas Legales de Jason E. Taylor hoy para una consulta gratuita sobre su caso\" \/>\n<meta property=\"og:url\" content=\"https:\/\/thelitigator.com\/es\/concord-nc\/abogados-de-resbalones-y-caidas\/\" \/>\n<meta property=\"og:site_name\" content=\"Taylor | Serbin Injury Lawyers\" \/>\n<meta property=\"article:publisher\" content=\"https:\/\/www.facebook.com\/TheLawOfficesOfJasonETaylor\/\" \/>\n<meta property=\"article:modified_time\" content=\"2025-09-11T14:21:20+00:00\" \/>\n<meta property=\"og:image\" content=\"https:\/\/thelitigator.com\/wp-content\/uploads\/2022\/10\/oliver-hale-oTvU7Zmteic-unsplash-2-scaled.jpg\" \/>\n\t<meta property=\"og:image:width\" content=\"2560\" \/>\n\t<meta property=\"og:image:height\" content=\"1600\" \/>\n\t<meta property=\"og:image:type\" content=\"image\/jpeg\" \/>\n<meta name=\"twitter:card\" content=\"summary_large_image\" \/>\n<meta name=\"twitter:site\" content=\"@lawyerjet\" \/>\n<meta name=\"twitter:label1\" content=\"Est. reading time\" \/>\n\t<meta name=\"twitter:data1\" content=\"6 minutes\" \/>\n<script type=\"application\/ld+json\" class=\"yoast-schema-graph\">{\"@context\":\"https:\\\/\\\/schema.org\",\"@graph\":[{\"@type\":\"WebPage\",\"@id\":\"https:\\\/\\\/thelitigator.com\\\/es\\\/concord-nc\\\/abogados-de-resbalones-y-caidas\\\/\",\"url\":\"https:\\\/\\\/thelitigator.com\\\/es\\\/concord-nc\\\/abogados-de-resbalones-y-caidas\\\/\",\"name\":\"Abogados de Resbalones y Ca\u00eddas de Concord, NC\",\"isPartOf\":{\"@id\":\"https:\\\/\\\/thelitigator.com\\\/es\\\/#website\"},\"primaryImageOfPage\":{\"@id\":\"https:\\\/\\\/thelitigator.com\\\/es\\\/concord-nc\\\/abogados-de-resbalones-y-caidas\\\/#primaryimage\"},\"image\":{\"@id\":\"https:\\\/\\\/thelitigator.com\\\/es\\\/concord-nc\\\/abogados-de-resbalones-y-caidas\\\/#primaryimage\"},\"thumbnailUrl\":\"https:\\\/\\\/thelitigator.com\\\/wp-content\\\/uploads\\\/2022\\\/10\\\/oliver-hale-oTvU7Zmteic-unsplash-2-scaled.jpg\",\"datePublished\":\"2022-10-24T15:56:29+00:00\",\"dateModified\":\"2025-09-11T14:21:20+00:00\",\"description\":\"Lesionado en un resbal\u00f3n y ca\u00edda en Concord, NC? Contacte a las Oficinas Legales de Jason E. Taylor hoy para una consulta gratuita sobre su caso\",\"breadcrumb\":{\"@id\":\"https:\\\/\\\/thelitigator.com\\\/es\\\/concord-nc\\\/abogados-de-resbalones-y-caidas\\\/#breadcrumb\"},\"inLanguage\":\"es-US\",\"potentialAction\":[{\"@type\":\"ReadAction\",\"target\":[\"https:\\\/\\\/thelitigator.com\\\/es\\\/concord-nc\\\/abogados-de-resbalones-y-caidas\\\/\"]}]},{\"@type\":\"ImageObject\",\"inLanguage\":\"es-US\",\"@id\":\"https:\\\/\\\/thelitigator.com\\\/es\\\/concord-nc\\\/abogados-de-resbalones-y-caidas\\\/#primaryimage\",\"url\":\"https:\\\/\\\/thelitigator.com\\\/wp-content\\\/uploads\\\/2022\\\/10\\\/oliver-hale-oTvU7Zmteic-unsplash-2-scaled.jpg\",\"contentUrl\":\"https:\\\/\\\/thelitigator.com\\\/wp-content\\\/uploads\\\/2022\\\/10\\\/oliver-hale-oTvU7Zmteic-unsplash-2-scaled.jpg\",\"width\":2560,\"height\":1600,\"caption\":\"Greenville Slip and Fall Lawyers\"},{\"@type\":\"BreadcrumbList\",\"@id\":\"https:\\\/\\\/thelitigator.com\\\/es\\\/concord-nc\\\/abogados-de-resbalones-y-caidas\\\/#breadcrumb\",\"itemListElement\":[{\"@type\":\"ListItem\",\"position\":1,\"name\":\"Home\",\"item\":\"https:\\\/\\\/thelitigator.com\\\/es\\\/\"},{\"@type\":\"ListItem\",\"position\":2,\"name\":\"Abogados de lesiones personales de Concord\",\"item\":\"https:\\\/\\\/thelitigator.com\\\/es\\\/concord-nc\\\/\"},{\"@type\":\"ListItem\",\"position\":3,\"name\":\"Abogados de resbalones y ca\u00eddas de Concord\"}]},{\"@type\":\"WebSite\",\"@id\":\"https:\\\/\\\/thelitigator.com\\\/es\\\/#website\",\"url\":\"https:\\\/\\\/thelitigator.com\\\/es\\\/\",\"name\":\"Taylor | Serbin Injury Lawyers\",\"description\":\"Taylor | Serbin Injury Lawyers Serving North and South Carolina Areas\",\"publisher\":{\"@id\":\"https:\\\/\\\/thelitigator.com\\\/es\\\/#organization\"},\"potentialAction\":[{\"@type\":\"SearchAction\",\"target\":{\"@type\":\"EntryPoint\",\"urlTemplate\":\"https:\\\/\\\/thelitigator.com\\\/es\\\/?s={search_term_string}\"},\"query-input\":{\"@type\":\"PropertyValueSpecification\",\"valueRequired\":true,\"valueName\":\"search_term_string\"}}],\"inLanguage\":\"es-US\"},{\"@type\":\"Organization\",\"@id\":\"https:\\\/\\\/thelitigator.com\\\/es\\\/#organization\",\"name\":\"Taylor | Serbin Injury Lawyers\",\"url\":\"https:\\\/\\\/thelitigator.com\\\/es\\\/\",\"logo\":{\"@type\":\"ImageObject\",\"inLanguage\":\"es-US\",\"@id\":\"https:\\\/\\\/thelitigator.com\\\/es\\\/#\\\/schema\\\/logo\\\/image\\\/\",\"url\":\"https:\\\/\\\/thelitigator.com\\\/wp-content\\\/uploads\\\/2025\\\/12\\\/TSL-brand-final-01.svg\",\"contentUrl\":\"https:\\\/\\\/thelitigator.com\\\/wp-content\\\/uploads\\\/2025\\\/12\\\/TSL-brand-final-01.svg\",\"width\":288,\"height\":198,\"caption\":\"Taylor | Serbin Injury Lawyers\"},\"image\":{\"@id\":\"https:\\\/\\\/thelitigator.com\\\/es\\\/#\\\/schema\\\/logo\\\/image\\\/\"},\"sameAs\":[\"https:\\\/\\\/www.facebook.com\\\/TheLawOfficesOfJasonETaylor\\\/\",\"https:\\\/\\\/x.com\\\/lawyerjet\"]}]}<\/script>\n<!-- \/ Yoast SEO plugin. -->","yoast_head_json":{"title":"Abogados de Resbalones y Ca\u00eddas de Concord, NC","description":"Lesionado en un resbal\u00f3n y ca\u00edda en Concord, NC? Contacte a las Oficinas Legales de Jason E. Taylor hoy para una consulta gratuita sobre su caso","robots":{"index":"index","follow":"follow","max-snippet":"max-snippet:-1","max-image-preview":"max-image-preview:large","max-video-preview":"max-video-preview:-1"},"canonical":"https:\/\/thelitigator.com\/es\/concord-nc\/abogados-de-resbalones-y-caidas\/","og_locale":"es_ES","og_type":"article","og_title":"Abogados de Resbalones y Ca\u00eddas de Concord, NC","og_description":"Lesionado en un resbal\u00f3n y ca\u00edda en Concord, NC? Contacte a las Oficinas Legales de Jason E. Taylor hoy para una consulta gratuita sobre su caso","og_url":"https:\/\/thelitigator.com\/es\/concord-nc\/abogados-de-resbalones-y-caidas\/","og_site_name":"Taylor | Serbin Injury Lawyers","article_publisher":"https:\/\/www.facebook.com\/TheLawOfficesOfJasonETaylor\/","article_modified_time":"2025-09-11T14:21:20+00:00","og_image":[{"width":2560,"height":1600,"url":"https:\/\/thelitigator.com\/wp-content\/uploads\/2022\/10\/oliver-hale-oTvU7Zmteic-unsplash-2-scaled.jpg","type":"image\/jpeg"}],"twitter_card":"summary_large_image","twitter_site":"@lawyerjet","twitter_misc":{"Est. reading time":"6 minutes"},"schema":{"@context":"https:\/\/schema.org","@graph":[{"@type":"WebPage","@id":"https:\/\/thelitigator.com\/es\/concord-nc\/abogados-de-resbalones-y-caidas\/","url":"https:\/\/thelitigator.com\/es\/concord-nc\/abogados-de-resbalones-y-caidas\/","name":"Abogados de Resbalones y Ca\u00eddas de Concord, NC","isPartOf":{"@id":"https:\/\/thelitigator.com\/es\/#website"},"primaryImageOfPage":{"@id":"https:\/\/thelitigator.com\/es\/concord-nc\/abogados-de-resbalones-y-caidas\/#primaryimage"},"image":{"@id":"https:\/\/thelitigator.com\/es\/concord-nc\/abogados-de-resbalones-y-caidas\/#primaryimage"},"thumbnailUrl":"https:\/\/thelitigator.com\/wp-content\/uploads\/2022\/10\/oliver-hale-oTvU7Zmteic-unsplash-2-scaled.jpg","datePublished":"2022-10-24T15:56:29+00:00","dateModified":"2025-09-11T14:21:20+00:00","description":"Lesionado en un resbal\u00f3n y ca\u00edda en Concord, NC? Contacte a las Oficinas Legales de Jason E. Taylor hoy para una consulta gratuita sobre su caso","breadcrumb":{"@id":"https:\/\/thelitigator.com\/es\/concord-nc\/abogados-de-resbalones-y-caidas\/#breadcrumb"},"inLanguage":"es-US","potentialAction":[{"@type":"ReadAction","target":["https:\/\/thelitigator.com\/es\/concord-nc\/abogados-de-resbalones-y-caidas\/"]}]},{"@type":"ImageObject","inLanguage":"es-US","@id":"https:\/\/thelitigator.com\/es\/concord-nc\/abogados-de-resbalones-y-caidas\/#primaryimage","url":"https:\/\/thelitigator.com\/wp-content\/uploads\/2022\/10\/oliver-hale-oTvU7Zmteic-unsplash-2-scaled.jpg","contentUrl":"https:\/\/thelitigator.com\/wp-content\/uploads\/2022\/10\/oliver-hale-oTvU7Zmteic-unsplash-2-scaled.jpg","width":2560,"height":1600,"caption":"Greenville Slip and Fall Lawyers"},{"@type":"BreadcrumbList","@id":"https:\/\/thelitigator.com\/es\/concord-nc\/abogados-de-resbalones-y-caidas\/#breadcrumb","itemListElement":[{"@type":"ListItem","position":1,"name":"Home","item":"https:\/\/thelitigator.com\/es\/"},{"@type":"ListItem","position":2,"name":"Abogados de lesiones personales de Concord","item":"https:\/\/thelitigator.com\/es\/concord-nc\/"},{"@type":"ListItem","position":3,"name":"Abogados de resbalones y ca\u00eddas de Concord"}]},{"@type":"WebSite","@id":"https:\/\/thelitigator.com\/es\/#website","url":"https:\/\/thelitigator.com\/es\/","name":"Taylor | Serbin Injury Lawyers","description":"Taylor | Serbin Injury Lawyers Serving North and South Carolina Areas","publisher":{"@id":"https:\/\/thelitigator.com\/es\/#organization"},"potentialAction":[{"@type":"SearchAction","target":{"@type":"EntryPoint","urlTemplate":"https:\/\/thelitigator.com\/es\/?s={search_term_string}"},"query-input":{"@type":"PropertyValueSpecification","valueRequired":true,"valueName":"search_term_string"}}],"inLanguage":"es-US"},{"@type":"Organization","@id":"https:\/\/thelitigator.com\/es\/#organization","name":"Taylor | Serbin Injury Lawyers","url":"https:\/\/thelitigator.com\/es\/","logo":{"@type":"ImageObject","inLanguage":"es-US","@id":"https:\/\/thelitigator.com\/es\/#\/schema\/logo\/image\/","url":"https:\/\/thelitigator.com\/wp-content\/uploads\/2025\/12\/TSL-brand-final-01.svg","contentUrl":"https:\/\/thelitigator.com\/wp-content\/uploads\/2025\/12\/TSL-brand-final-01.svg","width":288,"height":198,"caption":"Taylor | Serbin Injury Lawyers"},"image":{"@id":"https:\/\/thelitigator.com\/es\/#\/schema\/logo\/image\/"},"sameAs":["https:\/\/www.facebook.com\/TheLawOfficesOfJasonETaylor\/","https:\/\/x.com\/lawyerjet"]}]}},"_links":{"self":[{"href":"https:\/\/thelitigator.com\/es\/wp-json\/wp\/v2\/pages\/9774","targetHints":{"allow":["GET"]}}],"collection":[{"href":"https:\/\/thelitigator.com\/es\/wp-json\/wp\/v2\/pages"}],"about":[{"href":"https:\/\/thelitigator.com\/es\/wp-json\/wp\/v2\/types\/page"}],"author":[{"embeddable":true,"href":"https:\/\/thelitigator.com\/es\/wp-json\/wp\/v2\/users\/8"}],"replies":[{"embeddable":true,"href":"https:\/\/thelitigator.com\/es\/wp-json\/wp\/v2\/comments?post=9774"}],"version-history":[{"count":0,"href":"https:\/\/thelitigator.com\/es\/wp-json\/wp\/v2\/pages\/9774\/revisions"}],"up":[{"embeddable":true,"href":"https:\/\/thelitigator.com\/es\/wp-json\/wp\/v2\/pages\/9750"}],"wp:featuredmedia":[{"embeddable":true,"href":"https:\/\/thelitigator.com\/es\/wp-json\/wp\/v2\/media\/9054"}],"wp:attachment":[{"href":"https:\/\/thelitigator.com\/es\/wp-json\/wp\/v2\/media?parent=9774"}],"wp:term":[{"taxonomy":"category","embeddable":true,"href":"https:\/\/thelitigator.com\/es\/wp-json\/wp\/v2\/categories?post=9774"},{"taxonomy":"post_tag","embeddable":true,"href":"https:\/\/thelitigator.com\/es\/wp-json\/wp\/v2\/tags?post=9774"},{"taxonomy":"attorney","embeddable":true,"href":"https:\/\/thelitigator.com\/es\/wp-json\/wp\/v2\/attorney?post=9774"}],"curies":[{"name":"wp","href":"https:\/\/api.w.org\/{rel}","templated":true}]}}