{"id":9773,"date":"2022-10-24T09:34:50","date_gmt":"2022-10-24T13:34:50","guid":{"rendered":"https:\/\/thelitigator.com\/concord-nc\/premises-liability-lawyers\/"},"modified":"2025-09-11T12:10:22","modified_gmt":"2025-09-11T16:10:22","slug":"abogados-de-responsabilidad-de-locales","status":"publish","type":"page","link":"https:\/\/thelitigator.com\/es\/concord-nc\/abogados-de-responsabilidad-de-locales\/","title":{"rendered":"Abogados de responsabilidad de locales de Concord"},"content":{"rendered":"\n<h2 class=\"wp-block-heading\">\u00bfCu\u00e1l es la responsabilidad de las instalaciones?<\/h2>\n\n\n\n<p>La ley de responsabilidad de locales es la doctrina legal que responsabiliza a los due\u00f1os de propiedades por las lesiones que ocurren en su propiedad causadas por peligros ocultos que el due\u00f1o de la propiedad conoc\u00eda o deber\u00eda haber conocido. Esto incluye tanto la propiedad p\u00fablica como la privada. Para responsabilizar al due\u00f1o de una propiedad, debe probar que fue negligente de alguna manera.<\/p>\n\n\n\n<p>Por ejemplo, si se lesion\u00f3 en un accidente de resbal\u00f3n y ca\u00edda, deber\u00e1 demostrar que el due\u00f1o de la propiedad sab\u00eda o deber\u00eda haber sabido sobre la condici\u00f3n peligrosa y no tom\u00f3 medidas para solucionarla o corregirla.<\/p>\n\n\n\n<h2 class=\"wp-block-heading\">Accidentes que pueden dar lugar a reclamaciones de responsabilidad de locales en Concord, NC<\/h2>\n\n\n\n<p>Muchos tipos diferentes de accidentes pueden dar lugar a reclamaciones de responsabilidad de locales. Algunos ejemplos comunes incluyen:<\/p>\n\n\n\n<h3 class=\"wp-block-heading\">Objetos que caen<\/h3>\n\n\n\n<p>Todos hemos caminado por la acera y hemos visto un ladrillo suelto o un escombro. Si bien la mayor\u00eda de nosotros evitar\u00edamos el objeto, a veces no podemos verlo a tiempo y nos golpea. Esto tambi\u00e9n podr\u00eda suceder en una tienda minorista o de abarrotes si los art\u00edculos no est\u00e1n debidamente archivados.<\/p>\n\n\n\n<h3 class=\"wp-block-heading\">Accidentes por resbalones y ca\u00eddas<\/h3>\n\n\n\n<p>Este es uno de los tipos m\u00e1s comunes de casos de responsabilidad de locales. Puede ocurrir en cualquier lugar, pero algunos lugares comunes son estacionamientos, aceras, supermercados y edificios de oficinas.<\/p>\n\n\n\n<h3 class=\"wp-block-heading\">Mantenimiento inadecuado<\/h3>\n\n\n\n<p>Si el propietario de una propiedad no mantiene adecuadamente su propiedad, puede crear condiciones peligrosas que provoquen accidentes. Por ejemplo, si una escalera no recibe el mantenimiento adecuado y alguien se cae y se lesiona, el due\u00f1o de la propiedad puede ser responsable.<\/p>\n\n\n\n<h3 class=\"wp-block-heading\">Mordidas de perro<\/h3>\n\n\n\n<p>A todos nos gusta pensar en los perros como compa\u00f1eros amistosos y leales. Pero a veces, hasta el perro m\u00e1s amistoso puede morder. En Carolina del Norte, los due\u00f1os de perros pueden ser estrictamente responsables de cualquier lesi\u00f3n que cause su perro, seg\u00fan el tipo de perro. Esto significa que incluso si el perro nunca ha mostrado ninguna agresi\u00f3n, el due\u00f1o a\u00fan puede ser considerado responsable si muerde a alguien si se sabe que es una raza peligrosa.&nbsp;<\/p>\n\n\n\n<h3 class=\"wp-block-heading\">Otros casos comunes<\/h3>\n\n\n\n<p>Muchos otros tipos de accidentes pueden dar lugar a reclamaciones de responsabilidad de locales. Algunos otros ejemplos incluyen:<\/p>\n\n\n\n<ul class=\"wp-block-list\">\n<li>Accidentes de ascensores y escaleras mec\u00e1nicas<\/li>\n\n\n\n<li>Accidentes de piscina<\/li>\n\n\n\n<li>Lesiones por fuego y humo<\/li>\n\n\n\n<li>Intoxicaci\u00f3n por mon\u00f3xido de carbono<\/li>\n\n\n\n<li>Explosiones<\/li>\n<\/ul>\n\n\n\n<p>Si ha resultado lesionado en alg\u00fan tipo de accidente en la propiedad de otra persona, es importante que hable con un abogado acerca de sus opciones legales. El equipo de Las Oficinas Legales de Jason E. Taylor tiene una amplia experiencia en el manejo de estos casos y nos complacer\u00e1 ayudarlo. Cont\u00e1ctenos hoy para programar una consulta.<\/p>\n\n\n\n<h2 class=\"wp-block-heading\">\u00bfCu\u00e1nto tiempo tengo para presentar mi reclamo en Carolina del Norte?<\/h2>\n\n\n\n<p>Al igual que otros estados, Carolina del Norte tiene un estatuto de limitaciones para todos los reclamos por lesiones personales. En Carolina del Norte, el plazo de prescripci\u00f3n para estos casos suele ser de tres a\u00f1os a partir de la fecha del accidente. Esto significa que tiene una cierta cantidad de tiempo para presentar su reclamo, o se le prohibir\u00e1 hacerlo.<\/p>\n\n\n\n<p>Tres a\u00f1os pueden parecer mucho tiempo, pero el tiempo despu\u00e9s de una lesi\u00f3n puede pasar r\u00e1pidamente, especialmente si est\u00e1 lidiando con facturas m\u00e9dicas y ausencias al trabajo. Por eso es importante hablar con un abogado de lesiones personales de Concord lo antes posible. Cuanto antes podamos comenzar con su caso, mejor.<\/p>\n\n\n\n<h2 class=\"wp-block-heading\">Compensaci\u00f3n que puede recuperar en un reclamo de responsabilidad de las instalaciones de Concord<\/h2>\n\n\n\n<p>Una de las preguntas m\u00e1s comunes de los clientes potenciales es: &#8220;\u00bfQu\u00e9 y cu\u00e1nto puedo recuperar en mi reclamo?&#8221; La respuesta a esta pregunta depende de los hechos de su caso. En general, es posible que pueda recuperar una compensaci\u00f3n por:<\/p>\n\n\n\n<ul class=\"wp-block-list\">\n<li>Gastos m\u00e9dicos<\/li>\n\n\n\n<li>Salarios perdidos<\/li>\n\n\n\n<li>Dolor y sufrimiento<\/li>\n\n\n\n<li>Estr\u00e9s emocional<\/li>\n\n\n\n<li>P\u00e9rdida del disfrute de la vida.<\/li>\n<\/ul>\n\n\n\n<p>La cantidad de compensaci\u00f3n que puede recuperar tambi\u00e9n depender\u00e1 de la gravedad de sus lesiones. Por ejemplo, alguien que sufre un hueso roto en un accidente de resbal\u00f3n y ca\u00edda probablemente recuperar\u00e1 m\u00e1s que alguien que solo sufre cortes y contusiones menores.<\/p>\n\n\n\n<h2 class=\"wp-block-heading\">\u00bfTengo que ir a la corte?<\/h2>\n\n\n\n<p>La mayor\u00eda de los reclamos por lesiones personales se resuelven antes de ir a la corte. Esto significa que la persona perjudicada y la parte culpable acuerdan la compensaci\u00f3n a pagar. Sin embargo, a veces estos casos van a juicio. Si su caso llega a los tribunales, nuestros abogados de lesiones personales de Concord tienen los recursos y las finanzas necesarias para juzgar su caso.<\/p>\n\n\n\n<h2 class=\"wp-block-heading\">Pasos a seguir inmediatamente despu\u00e9s de su accidente<\/h2>\n\n\n\n<p>Salimos de nuestra casa todos los d\u00edas, sin saber qu\u00e9 va a pasar. Pero aunque no podemos predecir el futuro, hay algunas cosas que podemos hacer para protegernos en caso de que suceda algo. Si est\u00e1 involucrado en un accidente, hay ciertos pasos que debe seguir para proteger sus derechos legales:<\/p>\n\n\n\n<ol class=\"wp-block-list\">\n<li>Obtenga atenci\u00f3n m\u00e9dica: \u00e9sta debe ser su prioridad despu\u00e9s de un accidente. Incluso si cree que no est\u00e1 lesionado, es importante que lo revise un m\u00e9dico. Algunas lesiones, como las conmociones cerebrales, pueden no presentarse hasta d\u00edas o semanas despu\u00e9s del accidente.<\/li>\n\n\n\n<li>Re\u00fana evidencia: si puede, tome fotograf\u00edas de la escena del accidente y obtenga la informaci\u00f3n de contacto de los testigos. Esto ser\u00e1 importante cuando llegue el momento de presentar su reclamo.<\/li>\n\n\n\n<li>Hable con un abogado: una vez que se haya ocupado de sus necesidades m\u00e9dicas, el siguiente paso es hablar con un abogado de lesiones personales de Concord sobre su caso. Nuestro equipo puede ayudarle a comprender sus opciones legales y luchar por la compensaci\u00f3n que merece.<\/li>\n<\/ol>\n\n\n\n<figure class=\"wp-block-image\"><img decoding=\"async\" src=\"https:\/\/lh4.googleusercontent.com\/eiiUPeXNQxgRb-7FoyDXBE_MIeZ079VVM9F8Vke6S-itztzVk_QmtHj7xcmL5pHix4ulo8VyM89Fs2TJA93hDowP0NTOOy9D20I0ZjTo_Bte7pAuHGm8RJrprfBkZuRy4DCzJuFAGoGBRJT__0_tZoA\" alt=\"Abogado de responsabilidad de locales Concord, Carolina del Norte\"\/><\/figure>\n\n\n\n<h2 class=\"wp-block-heading\">Comun\u00edquese con nuestros abogados de responsabilidad de locales en Concord, Carolina del Norte<\/h2>\n\n\n\n<p>Comun\u00edquese con las Oficinas Legales de Jason E. Taylor hoy mismo si ha resultado lesionado en la propiedad de otra persona. Revisaremos su caso y lo ayudaremos a determinar el mejor curso de acci\u00f3n. Entendemos el costo f\u00edsico y emocional que estos accidentes pueden tener para las v\u00edctimas y sus familias, y haremos todo lo posible para ayudarlo a obtener la compensaci\u00f3n que se merece. Ll\u00e1menos hoy para programar una consulta gratuita.<\/p>\n","protected":false},"excerpt":{"rendered":"<p>Como la ciudad m\u00e1s grande del condado de Cabarrus, Concord alberga varios negocios, incluidos restaurantes, tiendas minoristas y edificios de oficinas. Los lugares que frecuenta, como su lugar de trabajo o el supermercado, son responsables de mantenerlo a salvo de posibles peligros.<br \/>\nSi se lesiona en la propiedad de otra persona debido a su negligencia, es posible que pueda presentar un reclamo de responsabilidad del local. Las reclamaciones de responsabilidad de locales pueden ser complejas, por lo que es importante contratar a un abogado con experiencia para que lo ayude a navegar por el sistema legal y obtener la compensaci\u00f3n que merece.<br \/>\nSi usted o alguien a quien ama ha resultado lesionado en la propiedad de otra persona, comun\u00edquese con los abogados con experiencia en responsabilidad de locales en Las Oficinas Legales de Jason E. Taylor. Hemos atendido a clientes en Concord y sus alrededores durante m\u00e1s de 25 a\u00f1os. Ayudamos a las v\u00edctimas de accidentes a obtener la compensaci\u00f3n que merecen por sus lesiones, y tambi\u00e9n podemos ayudarlo a usted. P\u00f3ngase en contacto con nosotros hoy para una consulta gratuita.<\/p>\n","protected":false},"author":8,"featured_media":9055,"parent":9750,"menu_order":0,"comment_status":"closed","ping_status":"closed","template":"","meta":{"_acf_changed":false,"footnotes":""},"categories":[1426,1437],"tags":[],"attorney":[],"class_list":["post-9773","page","type-page","status-publish","has-post-thumbnail","hentry","category-concord-es","category-premises-liability-es"],"acf":[],"yoast_head":"<!-- This site is optimized with the Yoast SEO plugin v27.4 - https:\/\/yoast.com\/product\/yoast-seo-wordpress\/ -->\n<title>Abogados de Responsabilidad de Locales de Concord, NC<\/title>\n<meta name=\"description\" content=\"Lesionado en la propiedad de otra persona en Concord, NC? Llame a las Oficinas Legales de Jason E. Taylor hoy para una consulta gratuita con un abogado experto.\" \/>\n<meta name=\"robots\" content=\"index, follow, max-snippet:-1, max-image-preview:large, max-video-preview:-1\" \/>\n<link rel=\"canonical\" href=\"https:\/\/thelitigator.com\/es\/concord-nc\/abogados-de-responsabilidad-de-locales\/\" \/>\n<meta property=\"og:locale\" content=\"es_ES\" \/>\n<meta property=\"og:type\" content=\"article\" \/>\n<meta property=\"og:title\" content=\"Abogados de Responsabilidad de Locales de Concord, NC\" \/>\n<meta property=\"og:description\" content=\"Lesionado en la propiedad de otra persona en Concord, NC? Llame a las Oficinas Legales de Jason E. Taylor hoy para una consulta gratuita con un abogado experto.\" \/>\n<meta property=\"og:url\" content=\"https:\/\/thelitigator.com\/es\/concord-nc\/abogados-de-responsabilidad-de-locales\/\" \/>\n<meta property=\"og:site_name\" content=\"Taylor | Serbin Injury Lawyers\" \/>\n<meta property=\"article:publisher\" content=\"https:\/\/www.facebook.com\/TheLawOfficesOfJasonETaylor\/\" \/>\n<meta property=\"article:modified_time\" content=\"2025-09-11T16:10:22+00:00\" \/>\n<meta property=\"og:image\" content=\"https:\/\/thelitigator.com\/wp-content\/uploads\/2022\/10\/t-h-chia-zkOg39koe80-unsplash-1-scaled.jpg\" \/>\n\t<meta property=\"og:image:width\" content=\"2560\" \/>\n\t<meta property=\"og:image:height\" content=\"1707\" \/>\n\t<meta property=\"og:image:type\" content=\"image\/jpeg\" \/>\n<meta name=\"twitter:card\" content=\"summary_large_image\" \/>\n<meta name=\"twitter:site\" content=\"@lawyerjet\" \/>\n<meta name=\"twitter:label1\" content=\"Est. reading time\" \/>\n\t<meta name=\"twitter:data1\" content=\"5 minutes\" \/>\n<script type=\"application\/ld+json\" class=\"yoast-schema-graph\">{\"@context\":\"https:\\\/\\\/schema.org\",\"@graph\":[{\"@type\":\"WebPage\",\"@id\":\"https:\\\/\\\/thelitigator.com\\\/es\\\/concord-nc\\\/abogados-de-responsabilidad-de-locales\\\/\",\"url\":\"https:\\\/\\\/thelitigator.com\\\/es\\\/concord-nc\\\/abogados-de-responsabilidad-de-locales\\\/\",\"name\":\"Abogados de Responsabilidad de Locales de Concord, NC\",\"isPartOf\":{\"@id\":\"https:\\\/\\\/thelitigator.com\\\/es\\\/#website\"},\"primaryImageOfPage\":{\"@id\":\"https:\\\/\\\/thelitigator.com\\\/es\\\/concord-nc\\\/abogados-de-responsabilidad-de-locales\\\/#primaryimage\"},\"image\":{\"@id\":\"https:\\\/\\\/thelitigator.com\\\/es\\\/concord-nc\\\/abogados-de-responsabilidad-de-locales\\\/#primaryimage\"},\"thumbnailUrl\":\"https:\\\/\\\/thelitigator.com\\\/wp-content\\\/uploads\\\/2022\\\/10\\\/t-h-chia-zkOg39koe80-unsplash-1-scaled.jpg\",\"datePublished\":\"2022-10-24T13:34:50+00:00\",\"dateModified\":\"2025-09-11T16:10:22+00:00\",\"description\":\"Lesionado en la propiedad de otra persona en Concord, NC? Llame a las Oficinas Legales de Jason E. Taylor hoy para una consulta gratuita con un abogado experto.\",\"breadcrumb\":{\"@id\":\"https:\\\/\\\/thelitigator.com\\\/es\\\/concord-nc\\\/abogados-de-responsabilidad-de-locales\\\/#breadcrumb\"},\"inLanguage\":\"es-US\",\"potentialAction\":[{\"@type\":\"ReadAction\",\"target\":[\"https:\\\/\\\/thelitigator.com\\\/es\\\/concord-nc\\\/abogados-de-responsabilidad-de-locales\\\/\"]}]},{\"@type\":\"ImageObject\",\"inLanguage\":\"es-US\",\"@id\":\"https:\\\/\\\/thelitigator.com\\\/es\\\/concord-nc\\\/abogados-de-responsabilidad-de-locales\\\/#primaryimage\",\"url\":\"https:\\\/\\\/thelitigator.com\\\/wp-content\\\/uploads\\\/2022\\\/10\\\/t-h-chia-zkOg39koe80-unsplash-1-scaled.jpg\",\"contentUrl\":\"https:\\\/\\\/thelitigator.com\\\/wp-content\\\/uploads\\\/2022\\\/10\\\/t-h-chia-zkOg39koe80-unsplash-1-scaled.jpg\",\"width\":2560,\"height\":1707,\"caption\":\"Premises Liability Lawyer Greenville, North Carolina\"},{\"@type\":\"BreadcrumbList\",\"@id\":\"https:\\\/\\\/thelitigator.com\\\/es\\\/concord-nc\\\/abogados-de-responsabilidad-de-locales\\\/#breadcrumb\",\"itemListElement\":[{\"@type\":\"ListItem\",\"position\":1,\"name\":\"Home\",\"item\":\"https:\\\/\\\/thelitigator.com\\\/es\\\/\"},{\"@type\":\"ListItem\",\"position\":2,\"name\":\"Abogados de lesiones personales de Concord\",\"item\":\"https:\\\/\\\/thelitigator.com\\\/es\\\/concord-nc\\\/\"},{\"@type\":\"ListItem\",\"position\":3,\"name\":\"Abogados de responsabilidad de locales de Concord\"}]},{\"@type\":\"WebSite\",\"@id\":\"https:\\\/\\\/thelitigator.com\\\/es\\\/#website\",\"url\":\"https:\\\/\\\/thelitigator.com\\\/es\\\/\",\"name\":\"Taylor | Serbin Injury Lawyers\",\"description\":\"Taylor | Serbin Injury Lawyers Serving North and South Carolina Areas\",\"publisher\":{\"@id\":\"https:\\\/\\\/thelitigator.com\\\/es\\\/#organization\"},\"potentialAction\":[{\"@type\":\"SearchAction\",\"target\":{\"@type\":\"EntryPoint\",\"urlTemplate\":\"https:\\\/\\\/thelitigator.com\\\/es\\\/?s={search_term_string}\"},\"query-input\":{\"@type\":\"PropertyValueSpecification\",\"valueRequired\":true,\"valueName\":\"search_term_string\"}}],\"inLanguage\":\"es-US\"},{\"@type\":\"Organization\",\"@id\":\"https:\\\/\\\/thelitigator.com\\\/es\\\/#organization\",\"name\":\"Taylor | Serbin Injury Lawyers\",\"url\":\"https:\\\/\\\/thelitigator.com\\\/es\\\/\",\"logo\":{\"@type\":\"ImageObject\",\"inLanguage\":\"es-US\",\"@id\":\"https:\\\/\\\/thelitigator.com\\\/es\\\/#\\\/schema\\\/logo\\\/image\\\/\",\"url\":\"https:\\\/\\\/thelitigator.com\\\/wp-content\\\/uploads\\\/2025\\\/12\\\/TSL-brand-final-01.svg\",\"contentUrl\":\"https:\\\/\\\/thelitigator.com\\\/wp-content\\\/uploads\\\/2025\\\/12\\\/TSL-brand-final-01.svg\",\"width\":288,\"height\":198,\"caption\":\"Taylor | Serbin Injury Lawyers\"},\"image\":{\"@id\":\"https:\\\/\\\/thelitigator.com\\\/es\\\/#\\\/schema\\\/logo\\\/image\\\/\"},\"sameAs\":[\"https:\\\/\\\/www.facebook.com\\\/TheLawOfficesOfJasonETaylor\\\/\",\"https:\\\/\\\/x.com\\\/lawyerjet\"]}]}<\/script>\n<!-- \/ Yoast SEO plugin. -->","yoast_head_json":{"title":"Abogados de Responsabilidad de Locales de Concord, NC","description":"Lesionado en la propiedad de otra persona en Concord, NC? Llame a las Oficinas Legales de Jason E. Taylor hoy para una consulta gratuita con un abogado experto.","robots":{"index":"index","follow":"follow","max-snippet":"max-snippet:-1","max-image-preview":"max-image-preview:large","max-video-preview":"max-video-preview:-1"},"canonical":"https:\/\/thelitigator.com\/es\/concord-nc\/abogados-de-responsabilidad-de-locales\/","og_locale":"es_ES","og_type":"article","og_title":"Abogados de Responsabilidad de Locales de Concord, NC","og_description":"Lesionado en la propiedad de otra persona en Concord, NC? Llame a las Oficinas Legales de Jason E. Taylor hoy para una consulta gratuita con un abogado experto.","og_url":"https:\/\/thelitigator.com\/es\/concord-nc\/abogados-de-responsabilidad-de-locales\/","og_site_name":"Taylor | Serbin Injury Lawyers","article_publisher":"https:\/\/www.facebook.com\/TheLawOfficesOfJasonETaylor\/","article_modified_time":"2025-09-11T16:10:22+00:00","og_image":[{"width":2560,"height":1707,"url":"https:\/\/thelitigator.com\/wp-content\/uploads\/2022\/10\/t-h-chia-zkOg39koe80-unsplash-1-scaled.jpg","type":"image\/jpeg"}],"twitter_card":"summary_large_image","twitter_site":"@lawyerjet","twitter_misc":{"Est. reading time":"5 minutes"},"schema":{"@context":"https:\/\/schema.org","@graph":[{"@type":"WebPage","@id":"https:\/\/thelitigator.com\/es\/concord-nc\/abogados-de-responsabilidad-de-locales\/","url":"https:\/\/thelitigator.com\/es\/concord-nc\/abogados-de-responsabilidad-de-locales\/","name":"Abogados de Responsabilidad de Locales de Concord, NC","isPartOf":{"@id":"https:\/\/thelitigator.com\/es\/#website"},"primaryImageOfPage":{"@id":"https:\/\/thelitigator.com\/es\/concord-nc\/abogados-de-responsabilidad-de-locales\/#primaryimage"},"image":{"@id":"https:\/\/thelitigator.com\/es\/concord-nc\/abogados-de-responsabilidad-de-locales\/#primaryimage"},"thumbnailUrl":"https:\/\/thelitigator.com\/wp-content\/uploads\/2022\/10\/t-h-chia-zkOg39koe80-unsplash-1-scaled.jpg","datePublished":"2022-10-24T13:34:50+00:00","dateModified":"2025-09-11T16:10:22+00:00","description":"Lesionado en la propiedad de otra persona en Concord, NC? Llame a las Oficinas Legales de Jason E. Taylor hoy para una consulta gratuita con un abogado experto.","breadcrumb":{"@id":"https:\/\/thelitigator.com\/es\/concord-nc\/abogados-de-responsabilidad-de-locales\/#breadcrumb"},"inLanguage":"es-US","potentialAction":[{"@type":"ReadAction","target":["https:\/\/thelitigator.com\/es\/concord-nc\/abogados-de-responsabilidad-de-locales\/"]}]},{"@type":"ImageObject","inLanguage":"es-US","@id":"https:\/\/thelitigator.com\/es\/concord-nc\/abogados-de-responsabilidad-de-locales\/#primaryimage","url":"https:\/\/thelitigator.com\/wp-content\/uploads\/2022\/10\/t-h-chia-zkOg39koe80-unsplash-1-scaled.jpg","contentUrl":"https:\/\/thelitigator.com\/wp-content\/uploads\/2022\/10\/t-h-chia-zkOg39koe80-unsplash-1-scaled.jpg","width":2560,"height":1707,"caption":"Premises Liability Lawyer Greenville, North Carolina"},{"@type":"BreadcrumbList","@id":"https:\/\/thelitigator.com\/es\/concord-nc\/abogados-de-responsabilidad-de-locales\/#breadcrumb","itemListElement":[{"@type":"ListItem","position":1,"name":"Home","item":"https:\/\/thelitigator.com\/es\/"},{"@type":"ListItem","position":2,"name":"Abogados de lesiones personales de Concord","item":"https:\/\/thelitigator.com\/es\/concord-nc\/"},{"@type":"ListItem","position":3,"name":"Abogados de responsabilidad de locales de Concord"}]},{"@type":"WebSite","@id":"https:\/\/thelitigator.com\/es\/#website","url":"https:\/\/thelitigator.com\/es\/","name":"Taylor | Serbin Injury Lawyers","description":"Taylor | Serbin Injury Lawyers Serving North and South Carolina Areas","publisher":{"@id":"https:\/\/thelitigator.com\/es\/#organization"},"potentialAction":[{"@type":"SearchAction","target":{"@type":"EntryPoint","urlTemplate":"https:\/\/thelitigator.com\/es\/?s={search_term_string}"},"query-input":{"@type":"PropertyValueSpecification","valueRequired":true,"valueName":"search_term_string"}}],"inLanguage":"es-US"},{"@type":"Organization","@id":"https:\/\/thelitigator.com\/es\/#organization","name":"Taylor | Serbin Injury Lawyers","url":"https:\/\/thelitigator.com\/es\/","logo":{"@type":"ImageObject","inLanguage":"es-US","@id":"https:\/\/thelitigator.com\/es\/#\/schema\/logo\/image\/","url":"https:\/\/thelitigator.com\/wp-content\/uploads\/2025\/12\/TSL-brand-final-01.svg","contentUrl":"https:\/\/thelitigator.com\/wp-content\/uploads\/2025\/12\/TSL-brand-final-01.svg","width":288,"height":198,"caption":"Taylor | Serbin Injury Lawyers"},"image":{"@id":"https:\/\/thelitigator.com\/es\/#\/schema\/logo\/image\/"},"sameAs":["https:\/\/www.facebook.com\/TheLawOfficesOfJasonETaylor\/","https:\/\/x.com\/lawyerjet"]}]}},"_links":{"self":[{"href":"https:\/\/thelitigator.com\/es\/wp-json\/wp\/v2\/pages\/9773","targetHints":{"allow":["GET"]}}],"collection":[{"href":"https:\/\/thelitigator.com\/es\/wp-json\/wp\/v2\/pages"}],"about":[{"href":"https:\/\/thelitigator.com\/es\/wp-json\/wp\/v2\/types\/page"}],"author":[{"embeddable":true,"href":"https:\/\/thelitigator.com\/es\/wp-json\/wp\/v2\/users\/8"}],"replies":[{"embeddable":true,"href":"https:\/\/thelitigator.com\/es\/wp-json\/wp\/v2\/comments?post=9773"}],"version-history":[{"count":0,"href":"https:\/\/thelitigator.com\/es\/wp-json\/wp\/v2\/pages\/9773\/revisions"}],"up":[{"embeddable":true,"href":"https:\/\/thelitigator.com\/es\/wp-json\/wp\/v2\/pages\/9750"}],"wp:featuredmedia":[{"embeddable":true,"href":"https:\/\/thelitigator.com\/es\/wp-json\/wp\/v2\/media\/9055"}],"wp:attachment":[{"href":"https:\/\/thelitigator.com\/es\/wp-json\/wp\/v2\/media?parent=9773"}],"wp:term":[{"taxonomy":"category","embeddable":true,"href":"https:\/\/thelitigator.com\/es\/wp-json\/wp\/v2\/categories?post=9773"},{"taxonomy":"post_tag","embeddable":true,"href":"https:\/\/thelitigator.com\/es\/wp-json\/wp\/v2\/tags?post=9773"},{"taxonomy":"attorney","embeddable":true,"href":"https:\/\/thelitigator.com\/es\/wp-json\/wp\/v2\/attorney?post=9773"}],"curies":[{"name":"wp","href":"https:\/\/api.w.org\/{rel}","templated":true}]}}