{"id":9769,"date":"2022-05-18T20:16:39","date_gmt":"2022-05-19T00:16:39","guid":{"rendered":"https:\/\/thelitigator.com\/concord-nc\/motorcycle-accident-lawyers\/"},"modified":"2023-09-18T08:51:44","modified_gmt":"2023-09-18T12:51:44","slug":"abogados-de-accidentes-de-motocicleta","status":"publish","type":"page","link":"https:\/\/thelitigator.com\/es\/concord-nc\/abogados-de-accidentes-de-motocicleta\/","title":{"rendered":"Abogados de accidentes de motocicleta en Concord"},"content":{"rendered":"\n<h2 class=\"wp-block-heading\">Los peligros de los accidentes de motocicleta<\/h2>\n\n\n\n<p>Los motociclistas son vulnerables en la carretera y tienen m\u00e1s probabilidades de sufrir lesiones graves que los automovilistas. No tienen el mismo nivel de protecci\u00f3n que tienen otros automovilistas y, a menudo, son m\u00e1s dif\u00edciles de ver que otros veh\u00edculos en la carretera. Los motociclistas tambi\u00e9n pueden ser derribados f\u00e1cilmente de sus bicicletas por otros veh\u00edculos u obst\u00e1culos en la carretera.<\/p>\n\n\n\n<p>Estos factores hacen que sea esencial que los motociclistas tomen precauciones adicionales. Siempre deben usar equipo de protecci\u00f3n, incluido un casco, y deben estar atentos a su entorno. Desafortunadamente, incluso los conductores m\u00e1s precavidos pueden verse involucrados en accidentes.<\/p>\n\n\n\n<figure class=\"wp-block-image\"><img decoding=\"async\" src=\"https:\/\/lh6.googleusercontent.com\/qDVCoum5e1wvcGPM3yLQt4EN7RGV76YqZnNreb8h2c3UuwQ_nY1GDF4CY3lMuxlSY9bftdJ6ihmWN8kQs6an_zQ-T5729y_Cn_ADpzjClwzzYijuDDGCXLhL7ahLcVkRG-7DysynuyOfChx6rHLGF64\" alt=\"Abogados de motocicletas de Concord\"\/><\/figure>\n\n\n\n<h2 class=\"wp-block-heading\">Causas Comunes de Accidentes de Motocicleta en Concord, NC<\/h2>\n\n\n\n<p>Muchos factores diferentes pueden contribuir a un accidente de motocicleta. La mayor\u00eda de los accidentes de motocicleta ocurren debido al otro conductor. Otras veces, es culpa del motociclista. Y a veces, es culpa de ambas partes. Algunas causas comunes de accidentes de motocicleta incluyen:<\/p>\n\n\n\n<ul class=\"wp-block-list\">\n<li>Exceso de velocidad<\/li>\n\n\n\n<li>Conducir bajo la influencia de drogas o alcohol<\/li>\n\n\n\n<li>Conducci\u00f3n distraida<\/li>\n\n\n\n<li>No ceder el derecho de paso<\/li>\n\n\n\n<li>Malas condiciones de la carretera<\/li>\n<\/ul>\n\n\n\n<p>Si ha estado involucrado en un accidente automovil\u00edstico que involucr\u00f3 a una motocicleta, es importante que se comunique con un abogado de accidentes de motocicleta de Concord, NC, lo antes posible.<\/p>\n\n\n\n<h2 class=\"wp-block-heading\">\u00bfQu\u00e9 debo hacer despu\u00e9s de un accidente de motocicleta en Concord, NC?<\/h2>\n\n\n\n<p>Si ha estado involucrado en un accidente de motocicleta, hay algunos pasos importantes que debe seguir.<\/p>\n\n\n\n<ol class=\"wp-block-list\">\n<li>Busque atenci\u00f3n m\u00e9dica lo antes posible. Incluso si no cree que est\u00e1 lesionado, siempre es mejor prevenir que lamentar.<\/li>\n\n\n\n<li>Reunir pruebas de la escena del accidente. Esto puede incluir tomar fotos del da\u00f1o a su bicicleta, obtener la informaci\u00f3n de contacto de los testigos y presentar un informe policial.<\/li>\n\n\n\n<li>P\u00f3ngase en contacto con un abogado de Concord lo antes posible. Nuestros abogados de lesiones personales pueden ayudarlo a presentar su reclamo, proteger sus derechos y obtener la compensaci\u00f3n que merece.<\/li>\n<\/ol>\n\n\n\n<h2 class=\"wp-block-heading\">\u00bfCu\u00e1les son algunas lesiones comunes sufridas en accidentes de motocicleta?<\/h2>\n\n\n\n<p>Algunas de las lesiones m\u00e1s comunes sufridas en accidentes de motocicleta incluyen:<\/p>\n\n\n\n<ul class=\"wp-block-list\">\n<li>La erupci\u00f3n de la carretera es una lesi\u00f3n grave que puede provocar una infecci\u00f3n.<\/li>\n\n\n\n<li>Los huesos rotos pueden tardar meses en sanar y es posible que algunos nunca sanen adecuadamente.<\/li>\n\n\n\n<li>Las lesiones de la m\u00e9dula espinal pueden causar par\u00e1lisis u otros impedimentos que cambian la vida.<\/li>\n\n\n\n<li>Las lesiones cerebrales traum\u00e1ticas son una de las lesiones m\u00e1s graves que pueden sufrir los motociclistas despu\u00e9s de un accidente y, a menudo, requieren un tratamiento m\u00e9dico extenso.<\/li>\n<\/ul>\n\n\n\n<p>Si ha estado involucrado en un accidente de motocicleta, es importante buscar atenci\u00f3n m\u00e9dica lo antes posible.<\/p>\n\n\n\n<figure class=\"wp-block-image\"><img decoding=\"async\" src=\"https:\/\/lh6.googleusercontent.com\/56p6P-HQYh7WVxgKopkTGe8QTuVY032QckMyFwaDd9Z-GJAKBYSUyl8DmUOYs1yb5iGYRyGqRwTRiYdbT7neDHGLlHXrmdJHRb1nv8i7k-AIV6dGOygJiWB2SR187aG2Le78CV28Rr7m4l6A7-RFg5o\" alt=\"Abogados de motocicletas de Concord\"\/><\/figure>\n\n\n\n<h2 class=\"wp-block-heading\">\u00bfCu\u00e1ndo debo contratar a un abogado de accidentes de motocicleta en Concord, NC?<\/h2>\n\n\n\n<p>Idealmente, debe comunicarse con un abogado de accidentes lo antes posible despu\u00e9s de la colisi\u00f3n. Esto le permitir\u00e1 al abogado recopilar evidencia y testimonios de testigos oculares mientras a\u00fan est\u00e1n frescos. Tambi\u00e9n le dar\u00e1 al abogado m\u00e1s tiempo para construir un caso s\u00f3lido en su nombre. Sin embargo, incluso si espera para contactar a un abogado, es posible que podamos ayudarlo.<\/p>\n\n\n\n<h2 class=\"wp-block-heading\">\u00bfCu\u00e1nto cuesta un abogado de accidentes de motocicleta en Concord, NC?<\/h2>\n\n\n\n<p>La mayor\u00eda de los abogados trabajan sobre una base de contingencia. Esto significa que no paga ning\u00fan dinero hasta que reciba un acuerdo de la compa\u00f1\u00eda de seguros o de la corte. El honorario del abogado es un porcentaje de la cantidad total recuperada.<\/p>\n\n\n\n<p>No debe permitir que el costo le impida buscar ayuda legal. Los abogados de nuestra firma ofrecen consultas gratuitas para obtener m\u00e1s informaci\u00f3n sobre su caso sin compromiso.<\/p>\n\n\n\n<h2 class=\"wp-block-heading\">\u00bfQu\u00e9 debo esperar cuando me re\u00fana con un abogado en Concord, NC?<\/h2>\n\n\n\n<p>Cuando se re\u00fana con un abogado, le har\u00e1n preguntas sobre el accidente y sus lesiones. Tambi\u00e9n le preguntar\u00e1n sobre su tratamiento m\u00e9dico y cualquier salario perdido en el que haya incurrido. Es importante ser honesto con su abogado y darle toda la informaci\u00f3n que necesita para construir un caso s\u00f3lido.<\/p>\n\n\n\n<p>Cont\u00e1ctenos hoy para programar una consulta gratuita con un abogado de accidentes. Estamos aqu\u00ed para ayudarlo a obtener la compensaci\u00f3n que se merece.<\/p>\n\n\n\n<figure class=\"wp-block-image\"><img decoding=\"async\" src=\"https:\/\/lh6.googleusercontent.com\/R1S8j-JhkOxWbu-3PWIQfBx2aIKtW_Tyb_O6tGQCP5EsxB6HieNeAqMOLNv52lzEeBRbsMVVEbp69_mIVT2ZUXpCAELlTSmpWZDHueJ6F6Lk7UE3kaKt5npMdqdP3NVNf4rHORzJRimO6z6PQWWeGhc\" alt=\"Abogados de motocicletas de Concord\"\/><\/figure>\n\n\n\n<h2 class=\"wp-block-heading\">Responsabilidad en accidentes de motocicleta en Concord, Carolina del Norte<\/h2>\n\n\n\n<p>En Carolina del Norte, los conductores deben tener un seguro de responsabilidad civil. Este tipo de seguro pagar\u00e1 los da\u00f1os que sufras si te ves involucrado en un accidente que provoc\u00f3 el otro conductor. Si el otro conductor no tiene seguro o no es suficiente para cubrir sus da\u00f1os, es posible que pueda presentar un reclamo con su propia p\u00f3liza de cobertura de motorista sin seguro o presentar una demanda por lesiones personales contra el conductor.<\/p>\n\n\n\n<p>En algunos casos, otras partes pueden ser responsables de sus lesiones. Por ejemplo, si estuvo involucrado en un accidente causado por una pieza de motocicleta defectuosa. En ese caso, es posible que pueda presentar una demanda por responsabilidad del producto contra el fabricante de la pieza defectuosa.<\/p>\n\n\n\n<h3 class=\"wp-block-heading\">Negligencia contributiva en accidentes de motocicleta en Carolina del Norte<\/h3>\n\n\n\n<p>Carolina del Norte es un estado de negligencia contributiva. Esto significa que si se determina que usted tiene la culpa, aunque sea parcialmente, de un accidente, no podr\u00e1 recuperar ning\u00fan da\u00f1o de la otra parte. Por eso es tan importante contar con un abogado con experiencia que pueda ayudar a probar que la otra parte tuvo la culpa del accidente.<\/p>\n\n\n\n<h2 class=\"wp-block-heading\">\u00bfPuedo presentar un reclamo por muerte injusta por un accidente de motocicleta en Concord, NC?<\/h2>\n\n\n\n<p>Si ha perdido a un ser querido en un accidente automovil\u00edstico, es posible que pueda presentar un reclamo por muerte por negligencia. Estos reclamos son complejos y es importante contar con un abogado con experiencia de su lado. Los abogados de nuestra firma pueden ayudarlo a determinar qui\u00e9n es responsable de la muerte de su ser querido y obtener la compensaci\u00f3n que merece.<\/p>\n\n\n\n<h2 class=\"wp-block-heading\">Comun\u00edquese con nuestros Abogados de Accidentes de Motocicleta en Concord<\/h2>\n\n\n\n<p>Si usted o un ser querido ha estado involucrado en una colisi\u00f3n de veh\u00edculos motorizados con una motocicleta, comun\u00edquese con los abogados de nuestra firma hoy. Nuestros abogados aceptan compa\u00f1\u00edas de seguros y negocian con ellas para garantizar que reciba un trato justo. Tampoco tenemos miedo de ir a juicio cuando es lo mejor para nuestros clientes.<\/p>\n\n\n\n<p>Cont\u00e1ctenos hoy para una revisi\u00f3n gratuita de su caso y obtenga m\u00e1s informaci\u00f3n sobre lo que podemos hacer para ayudarlo. Responderemos sus preguntas y le explicaremos todas sus opciones legales.<\/p>\n","protected":false},"excerpt":{"rendered":"<p>Concord es una hermosa ciudad con mucho que ofrecer tanto a los residentes como a los visitantes. Desafortunadamente, con tres carreteras principales que atraviesan la ciudad, las carreteras pueden ser peligrosas y los motociclistas son particularmente vulnerables a los accidentes.<br \/>\nSi usted o alguien a quien ama ha resultado lesionado en un accidente de motocicleta en Concord, NC, es importante hablar con un abogado con experiencia en accidentes de motocicleta lo antes posible. Los abogados de Las Oficinas Legales de Jason E. Taylor tienen a\u00f1os de experiencia ayudando a los pasajeros lesionados a obtener la compensaci\u00f3n que merecen.<br \/>\nEntendemos los desaf\u00edos \u00fanicos que enfrentan los motociclistas despu\u00e9s de un accidente y estamos aqu\u00ed para ayudarlo a recuperarse de sus lesiones. P\u00f3ngase en contacto con nosotros hoy para una consulta gratuita.<\/p>\n","protected":false},"author":8,"featured_media":9156,"parent":9750,"menu_order":0,"comment_status":"closed","ping_status":"closed","template":"","meta":{"_acf_changed":false,"footnotes":""},"categories":[1426,1448],"tags":[],"attorney":[],"class_list":["post-9769","page","type-page","status-publish","has-post-thumbnail","hentry","category-concord-es","category-motorcycle-accidents-es"],"acf":[],"yoast_head":"<!-- This site is optimized with the Yoast SEO plugin v27.5 - https:\/\/yoast.com\/product\/yoast-seo-wordpress\/ -->\n<title>Abogados de Accidentes de Motocicleta en Concord, NC<\/title>\n<meta name=\"description\" content=\"Demasiadas personas son v\u00edctimas de la negligencia de otros, y nuestros abogados de accidentes de motocicleta en Concord quieren ayudar.\" \/>\n<meta name=\"robots\" content=\"index, follow, max-snippet:-1, max-image-preview:large, max-video-preview:-1\" \/>\n<link rel=\"canonical\" href=\"https:\/\/thelitigator.com\/es\/concord-nc\/abogados-de-accidentes-de-motocicleta\/\" \/>\n<meta property=\"og:locale\" content=\"es_ES\" \/>\n<meta property=\"og:type\" content=\"article\" \/>\n<meta property=\"og:title\" content=\"Abogados de Accidentes de Motocicleta en Concord, NC\" \/>\n<meta property=\"og:description\" content=\"Demasiadas personas son v\u00edctimas de la negligencia de otros, y nuestros abogados de accidentes de motocicleta en Concord quieren ayudar.\" \/>\n<meta property=\"og:url\" content=\"https:\/\/thelitigator.com\/es\/concord-nc\/abogados-de-accidentes-de-motocicleta\/\" \/>\n<meta property=\"og:site_name\" content=\"Taylor | Serbin Injury Lawyers\" \/>\n<meta property=\"article:publisher\" content=\"https:\/\/www.facebook.com\/TheLawOfficesOfJasonETaylor\/\" \/>\n<meta property=\"article:modified_time\" content=\"2023-09-18T12:51:44+00:00\" \/>\n<meta property=\"og:image\" content=\"https:\/\/thelitigator.com\/wp-content\/uploads\/2023\/06\/IMG_8180-scaled.jpg\" \/>\n\t<meta property=\"og:image:width\" content=\"2560\" \/>\n\t<meta property=\"og:image:height\" content=\"1920\" \/>\n\t<meta property=\"og:image:type\" content=\"image\/jpeg\" \/>\n<meta name=\"twitter:card\" content=\"summary_large_image\" \/>\n<meta name=\"twitter:site\" content=\"@lawyerjet\" \/>\n<meta name=\"twitter:label1\" content=\"Est. reading time\" \/>\n\t<meta name=\"twitter:data1\" content=\"6 minutes\" \/>\n<script type=\"application\/ld+json\" class=\"yoast-schema-graph\">{\"@context\":\"https:\\\/\\\/schema.org\",\"@graph\":[{\"@type\":\"WebPage\",\"@id\":\"https:\\\/\\\/thelitigator.com\\\/es\\\/concord-nc\\\/abogados-de-accidentes-de-motocicleta\\\/\",\"url\":\"https:\\\/\\\/thelitigator.com\\\/es\\\/concord-nc\\\/abogados-de-accidentes-de-motocicleta\\\/\",\"name\":\"Abogados de Accidentes de Motocicleta en Concord, NC\",\"isPartOf\":{\"@id\":\"https:\\\/\\\/thelitigator.com\\\/es\\\/#website\"},\"primaryImageOfPage\":{\"@id\":\"https:\\\/\\\/thelitigator.com\\\/es\\\/concord-nc\\\/abogados-de-accidentes-de-motocicleta\\\/#primaryimage\"},\"image\":{\"@id\":\"https:\\\/\\\/thelitigator.com\\\/es\\\/concord-nc\\\/abogados-de-accidentes-de-motocicleta\\\/#primaryimage\"},\"thumbnailUrl\":\"https:\\\/\\\/thelitigator.com\\\/wp-content\\\/uploads\\\/2023\\\/06\\\/IMG_8180-scaled.jpg\",\"datePublished\":\"2022-05-19T00:16:39+00:00\",\"dateModified\":\"2023-09-18T12:51:44+00:00\",\"description\":\"Demasiadas personas son v\u00edctimas de la negligencia de otros, y nuestros abogados de accidentes de motocicleta en Concord quieren ayudar.\",\"breadcrumb\":{\"@id\":\"https:\\\/\\\/thelitigator.com\\\/es\\\/concord-nc\\\/abogados-de-accidentes-de-motocicleta\\\/#breadcrumb\"},\"inLanguage\":\"es-US\",\"potentialAction\":[{\"@type\":\"ReadAction\",\"target\":[\"https:\\\/\\\/thelitigator.com\\\/es\\\/concord-nc\\\/abogados-de-accidentes-de-motocicleta\\\/\"]}]},{\"@type\":\"ImageObject\",\"inLanguage\":\"es-US\",\"@id\":\"https:\\\/\\\/thelitigator.com\\\/es\\\/concord-nc\\\/abogados-de-accidentes-de-motocicleta\\\/#primaryimage\",\"url\":\"https:\\\/\\\/thelitigator.com\\\/wp-content\\\/uploads\\\/2023\\\/06\\\/IMG_8180-scaled.jpg\",\"contentUrl\":\"https:\\\/\\\/thelitigator.com\\\/wp-content\\\/uploads\\\/2023\\\/06\\\/IMG_8180-scaled.jpg\",\"width\":2560,\"height\":1920,\"caption\":\"Harley Davidson Heritage Classic 2019 en aparcamiento\"},{\"@type\":\"BreadcrumbList\",\"@id\":\"https:\\\/\\\/thelitigator.com\\\/es\\\/concord-nc\\\/abogados-de-accidentes-de-motocicleta\\\/#breadcrumb\",\"itemListElement\":[{\"@type\":\"ListItem\",\"position\":1,\"name\":\"Home\",\"item\":\"https:\\\/\\\/thelitigator.com\\\/es\\\/\"},{\"@type\":\"ListItem\",\"position\":2,\"name\":\"Abogados de lesiones personales de Concord\",\"item\":\"https:\\\/\\\/thelitigator.com\\\/es\\\/concord-nc\\\/\"},{\"@type\":\"ListItem\",\"position\":3,\"name\":\"Abogados de accidentes de motocicleta en Concord\"}]},{\"@type\":\"WebSite\",\"@id\":\"https:\\\/\\\/thelitigator.com\\\/es\\\/#website\",\"url\":\"https:\\\/\\\/thelitigator.com\\\/es\\\/\",\"name\":\"Taylor | Serbin Injury Lawyers\",\"description\":\"Taylor | Serbin Injury Lawyers Serving North and South Carolina Areas\",\"publisher\":{\"@id\":\"https:\\\/\\\/thelitigator.com\\\/es\\\/#organization\"},\"potentialAction\":[{\"@type\":\"SearchAction\",\"target\":{\"@type\":\"EntryPoint\",\"urlTemplate\":\"https:\\\/\\\/thelitigator.com\\\/es\\\/?s={search_term_string}\"},\"query-input\":{\"@type\":\"PropertyValueSpecification\",\"valueRequired\":true,\"valueName\":\"search_term_string\"}}],\"inLanguage\":\"es-US\"},{\"@type\":\"Organization\",\"@id\":\"https:\\\/\\\/thelitigator.com\\\/es\\\/#organization\",\"name\":\"Taylor | Serbin Injury Lawyers\",\"url\":\"https:\\\/\\\/thelitigator.com\\\/es\\\/\",\"logo\":{\"@type\":\"ImageObject\",\"inLanguage\":\"es-US\",\"@id\":\"https:\\\/\\\/thelitigator.com\\\/es\\\/#\\\/schema\\\/logo\\\/image\\\/\",\"url\":\"https:\\\/\\\/thelitigator.com\\\/wp-content\\\/uploads\\\/2025\\\/12\\\/TSL-brand-final-01.svg\",\"contentUrl\":\"https:\\\/\\\/thelitigator.com\\\/wp-content\\\/uploads\\\/2025\\\/12\\\/TSL-brand-final-01.svg\",\"width\":288,\"height\":198,\"caption\":\"Taylor | Serbin Injury Lawyers\"},\"image\":{\"@id\":\"https:\\\/\\\/thelitigator.com\\\/es\\\/#\\\/schema\\\/logo\\\/image\\\/\"},\"sameAs\":[\"https:\\\/\\\/www.facebook.com\\\/TheLawOfficesOfJasonETaylor\\\/\",\"https:\\\/\\\/x.com\\\/lawyerjet\"]}]}<\/script>\n<!-- \/ Yoast SEO plugin. -->","yoast_head_json":{"title":"Abogados de Accidentes de Motocicleta en Concord, NC","description":"Demasiadas personas son v\u00edctimas de la negligencia de otros, y nuestros abogados de accidentes de motocicleta en Concord quieren ayudar.","robots":{"index":"index","follow":"follow","max-snippet":"max-snippet:-1","max-image-preview":"max-image-preview:large","max-video-preview":"max-video-preview:-1"},"canonical":"https:\/\/thelitigator.com\/es\/concord-nc\/abogados-de-accidentes-de-motocicleta\/","og_locale":"es_ES","og_type":"article","og_title":"Abogados de Accidentes de Motocicleta en Concord, NC","og_description":"Demasiadas personas son v\u00edctimas de la negligencia de otros, y nuestros abogados de accidentes de motocicleta en Concord quieren ayudar.","og_url":"https:\/\/thelitigator.com\/es\/concord-nc\/abogados-de-accidentes-de-motocicleta\/","og_site_name":"Taylor | Serbin Injury Lawyers","article_publisher":"https:\/\/www.facebook.com\/TheLawOfficesOfJasonETaylor\/","article_modified_time":"2023-09-18T12:51:44+00:00","og_image":[{"width":2560,"height":1920,"url":"https:\/\/thelitigator.com\/wp-content\/uploads\/2023\/06\/IMG_8180-scaled.jpg","type":"image\/jpeg"}],"twitter_card":"summary_large_image","twitter_site":"@lawyerjet","twitter_misc":{"Est. reading time":"6 minutes"},"schema":{"@context":"https:\/\/schema.org","@graph":[{"@type":"WebPage","@id":"https:\/\/thelitigator.com\/es\/concord-nc\/abogados-de-accidentes-de-motocicleta\/","url":"https:\/\/thelitigator.com\/es\/concord-nc\/abogados-de-accidentes-de-motocicleta\/","name":"Abogados de Accidentes de Motocicleta en Concord, NC","isPartOf":{"@id":"https:\/\/thelitigator.com\/es\/#website"},"primaryImageOfPage":{"@id":"https:\/\/thelitigator.com\/es\/concord-nc\/abogados-de-accidentes-de-motocicleta\/#primaryimage"},"image":{"@id":"https:\/\/thelitigator.com\/es\/concord-nc\/abogados-de-accidentes-de-motocicleta\/#primaryimage"},"thumbnailUrl":"https:\/\/thelitigator.com\/wp-content\/uploads\/2023\/06\/IMG_8180-scaled.jpg","datePublished":"2022-05-19T00:16:39+00:00","dateModified":"2023-09-18T12:51:44+00:00","description":"Demasiadas personas son v\u00edctimas de la negligencia de otros, y nuestros abogados de accidentes de motocicleta en Concord quieren ayudar.","breadcrumb":{"@id":"https:\/\/thelitigator.com\/es\/concord-nc\/abogados-de-accidentes-de-motocicleta\/#breadcrumb"},"inLanguage":"es-US","potentialAction":[{"@type":"ReadAction","target":["https:\/\/thelitigator.com\/es\/concord-nc\/abogados-de-accidentes-de-motocicleta\/"]}]},{"@type":"ImageObject","inLanguage":"es-US","@id":"https:\/\/thelitigator.com\/es\/concord-nc\/abogados-de-accidentes-de-motocicleta\/#primaryimage","url":"https:\/\/thelitigator.com\/wp-content\/uploads\/2023\/06\/IMG_8180-scaled.jpg","contentUrl":"https:\/\/thelitigator.com\/wp-content\/uploads\/2023\/06\/IMG_8180-scaled.jpg","width":2560,"height":1920,"caption":"Harley Davidson Heritage Classic 2019 en aparcamiento"},{"@type":"BreadcrumbList","@id":"https:\/\/thelitigator.com\/es\/concord-nc\/abogados-de-accidentes-de-motocicleta\/#breadcrumb","itemListElement":[{"@type":"ListItem","position":1,"name":"Home","item":"https:\/\/thelitigator.com\/es\/"},{"@type":"ListItem","position":2,"name":"Abogados de lesiones personales de Concord","item":"https:\/\/thelitigator.com\/es\/concord-nc\/"},{"@type":"ListItem","position":3,"name":"Abogados de accidentes de motocicleta en Concord"}]},{"@type":"WebSite","@id":"https:\/\/thelitigator.com\/es\/#website","url":"https:\/\/thelitigator.com\/es\/","name":"Taylor | Serbin Injury Lawyers","description":"Taylor | Serbin Injury Lawyers Serving North and South Carolina Areas","publisher":{"@id":"https:\/\/thelitigator.com\/es\/#organization"},"potentialAction":[{"@type":"SearchAction","target":{"@type":"EntryPoint","urlTemplate":"https:\/\/thelitigator.com\/es\/?s={search_term_string}"},"query-input":{"@type":"PropertyValueSpecification","valueRequired":true,"valueName":"search_term_string"}}],"inLanguage":"es-US"},{"@type":"Organization","@id":"https:\/\/thelitigator.com\/es\/#organization","name":"Taylor | Serbin Injury Lawyers","url":"https:\/\/thelitigator.com\/es\/","logo":{"@type":"ImageObject","inLanguage":"es-US","@id":"https:\/\/thelitigator.com\/es\/#\/schema\/logo\/image\/","url":"https:\/\/thelitigator.com\/wp-content\/uploads\/2025\/12\/TSL-brand-final-01.svg","contentUrl":"https:\/\/thelitigator.com\/wp-content\/uploads\/2025\/12\/TSL-brand-final-01.svg","width":288,"height":198,"caption":"Taylor | Serbin Injury Lawyers"},"image":{"@id":"https:\/\/thelitigator.com\/es\/#\/schema\/logo\/image\/"},"sameAs":["https:\/\/www.facebook.com\/TheLawOfficesOfJasonETaylor\/","https:\/\/x.com\/lawyerjet"]}]}},"_links":{"self":[{"href":"https:\/\/thelitigator.com\/es\/wp-json\/wp\/v2\/pages\/9769","targetHints":{"allow":["GET"]}}],"collection":[{"href":"https:\/\/thelitigator.com\/es\/wp-json\/wp\/v2\/pages"}],"about":[{"href":"https:\/\/thelitigator.com\/es\/wp-json\/wp\/v2\/types\/page"}],"author":[{"embeddable":true,"href":"https:\/\/thelitigator.com\/es\/wp-json\/wp\/v2\/users\/8"}],"replies":[{"embeddable":true,"href":"https:\/\/thelitigator.com\/es\/wp-json\/wp\/v2\/comments?post=9769"}],"version-history":[{"count":0,"href":"https:\/\/thelitigator.com\/es\/wp-json\/wp\/v2\/pages\/9769\/revisions"}],"up":[{"embeddable":true,"href":"https:\/\/thelitigator.com\/es\/wp-json\/wp\/v2\/pages\/9750"}],"wp:featuredmedia":[{"embeddable":true,"href":"https:\/\/thelitigator.com\/es\/wp-json\/wp\/v2\/media\/9156"}],"wp:attachment":[{"href":"https:\/\/thelitigator.com\/es\/wp-json\/wp\/v2\/media?parent=9769"}],"wp:term":[{"taxonomy":"category","embeddable":true,"href":"https:\/\/thelitigator.com\/es\/wp-json\/wp\/v2\/categories?post=9769"},{"taxonomy":"post_tag","embeddable":true,"href":"https:\/\/thelitigator.com\/es\/wp-json\/wp\/v2\/tags?post=9769"},{"taxonomy":"attorney","embeddable":true,"href":"https:\/\/thelitigator.com\/es\/wp-json\/wp\/v2\/attorney?post=9769"}],"curies":[{"name":"wp","href":"https:\/\/api.w.org\/{rel}","templated":true}]}}