{"id":9767,"date":"2022-05-18T21:11:27","date_gmt":"2022-05-19T01:11:27","guid":{"rendered":"https:\/\/thelitigator.com\/concord-nc\/workers-compensation-lawyers\/"},"modified":"2023-09-17T19:58:52","modified_gmt":"2023-09-17T23:58:52","slug":"abogados-de-compensacion-laboral","status":"publish","type":"page","link":"https:\/\/thelitigator.com\/es\/concord-nc\/abogados-de-compensacion-laboral\/","title":{"rendered":"Abogados de Compensaci\u00f3n Laboral de Concord"},"content":{"rendered":"\n<h2 class=\"wp-block-heading\">Concord, Carolina del Norte<\/h2>\n\n\n\n<p>Concord se encuentra en el condado de Cabarrus, en la parte central de Carolina del Norte. La ciudad se estableci\u00f3 en 1750 y luego se incorpor\u00f3 en 1806. El nombre Concord, que significa armon\u00eda, se eligi\u00f3 despu\u00e9s de una larga disputa entre los luteranos alemanes y los presbiterianos escoceses-irlandeses sobre d\u00f3nde deber\u00eda ubicarse la sede del condado. Hoy en d\u00eda, este nombre es a\u00fan m\u00e1s apropiado porque la ciudad alberga varios grupos culturales y religiones diferentes.<\/p>\n\n\n\n<p>La mayor\u00eda de las personas eligen vivir en Concord debido a su proximidad a Charlotte. Con m\u00e1s de 96,000 residentes, Concord es la ciudad m\u00e1s grande del condado de Cabarrus, la segunda ciudad m\u00e1s grande del \u00e1rea metropolitana de Charlotte y la d\u00e9cima m\u00e1s grande del estado. Con tres carreteras principales que lo atraviesan y el Aeropuerto Internacional Charlotte Douglas a 30 minutos, los residentes de Concord pueden elegir vivir y trabajar en un entorno m\u00e1s rural o m\u00e1s cerca de la ciudad.<\/p>\n\n\n\n<p>Concord tambi\u00e9n es el hogar de muchos empleadores importantes, incluidos Charlotte Motor Speedway, Concord Mills, Atrium Health y el Aeropuerto Regional de Concord.<\/p>\n\n\n\n<p>Si se lesion\u00f3 mientras trabajaba para uno de estos empleadores, o cualquier otro empleador en Concord, puede tener derecho a los beneficios de compensaci\u00f3n para trabajadores. Comun\u00edquese con las Oficinas Legales de Jason E. Taylor hoy para obtener m\u00e1s informaci\u00f3n sobre sus derechos y opciones.<\/p>\n\n\n\n<h2 class=\"wp-block-heading\">Leyes de compensaci\u00f3n laboral en Concord, NC<\/h2>\n\n\n\n<p>Si se lesion\u00f3 en el trabajo, puede tener derecho a los beneficios de compensaci\u00f3n para trabajadores. La compensaci\u00f3n para trabajadores es un sistema de seguro que brinda beneficios a los empleados que se lesionan o se enferman debido a su trabajo.<\/p>\n\n\n\n<p>En Carolina del Norte, la mayor\u00eda de los empleadores deben tener un seguro de compensaci\u00f3n para trabajadores.<\/p>\n\n\n\n<h3 class=\"wp-block-heading\">El estatuto de limitaciones para reclamos de compensaci\u00f3n laboral<\/h3>\n\n\n\n<p>En Carolina del Norte, los empleados lesionados tienen dos a\u00f1os a partir de la fecha de su lesi\u00f3n para presentar un reclamo de compensaci\u00f3n laboral. Si no presentan la solicitud dentro de este per\u00edodo de tiempo, se les prohibir\u00e1 la recuperaci\u00f3n.<\/p>\n\n\n\n<p>Esto puede parecer mucho tiempo, pero es importante recordar que las reclamaciones de compensaci\u00f3n de los trabajadores pueden ser complejas y, a menudo, llevar tiempo resolverlas.<\/p>\n\n\n\n<p>Si espera demasiado para presentar su reclamo, es posible que no cumpla con la fecha l\u00edmite y no pueda recuperar ninguna compensaci\u00f3n.<\/p>\n\n\n\n<h2 class=\"wp-block-heading\">Presentar un Reclamo de Compensaci\u00f3n para Trabajadores en Concord, NC<\/h2>\n\n\n\n<p>Si se lesion\u00f3 en el trabajo, es importante buscar atenci\u00f3n m\u00e9dica lo antes posible. Entonces deber\u00edas:<\/p>\n\n\n\n<h3 class=\"wp-block-heading\">Notifique a su empleador<\/h3>\n\n\n\n<p>Notificar a la persona adecuada. Suele ser su supervisor o gerente. Poner todo por escrito. Esto incluye la fecha, la hora y el lugar del accidente y una descripci\u00f3n de lo que sucedi\u00f3.<\/p>\n\n\n\n<p>Tiene 30 d\u00edas para informar su lesi\u00f3n a su empleador, o podr\u00eda perder su capacidad de recibir los beneficios disponibles.<\/p>\n\n\n\n<h3 class=\"wp-block-heading\">Busque tratamiento de un profesional de la salud aprobado<\/h3>\n\n\n\n<p>Su empleador debe tener una lista de m\u00e9dicos aprobados que puede visitar. Si elige no buscar tratamiento de los proveedores en la lista, su empleador y su compa\u00f1\u00eda de seguros pueden intentar negar sus beneficios.<\/p>\n\n\n\n<h3 class=\"wp-block-heading\">Presente su reclamo<\/h3>\n\n\n\n<p>Deber\u00e1 completar el Formulario 18 de la Comisi\u00f3n Industrial de Carolina del Norte y enviarlo a la comisi\u00f3n para presentar su reclamo. Este reclamo debe presentarse dentro de los dos a\u00f1os posteriores a su lesi\u00f3n.<\/p>\n\n\n\n<h3 class=\"wp-block-heading\">Contrate a un Abogado de Compensaci\u00f3n de Trabajadores<\/h3>\n\n\n\n<p>Tiene derecho a contratar a un abogado para que lo represente en su reclamo de compensaci\u00f3n para trabajadores. En Las Oficinas Legales de Jason E. Taylor, nos aseguraremos de que reciba los m\u00e1ximos beneficios de compensaci\u00f3n para trabajadores disponibles que se le deben.<\/p>\n\n\n\n<h3 class=\"wp-block-heading\">Mantenga un rastro de papel<\/h3>\n\n\n\n<p>Le pediremos a su empleador todos los documentos relacionados con su accidente. Sin embargo, es importante que realice un seguimiento de todas las comunicaciones con su empleador y la compa\u00f1\u00eda de seguros. Esto incluye llamadas telef\u00f3nicas, correos electr\u00f3nicos y cartas. Guarde copias de todo en un lugar seguro.<\/p>\n\n\n\n<p>Tambi\u00e9n debe realizar un seguimiento de los d\u00edas de trabajo perdidos y las horas reducidas debido a su lesi\u00f3n. Esto incluye el tiempo perdido para citas m\u00e9dicas, fisioterapia y recuperaci\u00f3n.<\/p>\n\n\n\n<h2 class=\"wp-block-heading\">\u00bfCu\u00e1ndo debo contratar a un abogado de compensaci\u00f3n laboral de Concord, NC?<\/h2>\n\n\n\n<p>Lo mejor es contratar a un abogado de compensaci\u00f3n de trabajadores tan pronto como presente su reclamo. Un abogado puede ayudarlo a navegar el sistema de compensaci\u00f3n para trabajadores y garantizar que reciba los beneficios a los que tiene derecho.<\/p>\n\n\n\n<p>Un abogado tambi\u00e9n puede ayudarlo si su empleador no tiene un seguro de compensaci\u00f3n para trabajadores o niega su reclamo. Si necesita presentar una demanda, un abogado puede representarlo en la corte y luchar por la compensaci\u00f3n que merece.<\/p>\n\n\n\n<p>Es posible que desee contratar a un abogado de compensaci\u00f3n laboral de Concord, NC si:<\/p>\n\n\n\n<ul class=\"wp-block-list\">\n<li>Su empleador no tiene seguro de compensaci\u00f3n para trabajadores<\/li>\n\n\n\n<li>Su empleador est\u00e1 impugnando su reclamo<\/li>\n\n\n\n<li>Tiene problemas para obtener los beneficios que se merece<\/li>\n\n\n\n<li>Ha sufrido una incapacidad permanente<\/li>\n\n\n\n<li>Has perdido a un ser querido por un accidente laboral<\/li>\n<\/ul>\n\n\n\n<h2 class=\"wp-block-heading\">\u00bfQu\u00e9 Cubren los Beneficios de Compensaci\u00f3n para Trabajadores en Concord, NC?<\/h2>\n\n\n\n<p>En general, los beneficios de compensaci\u00f3n para trabajadores cubrir\u00e1n su<\/p>\n\n\n\n<h3 class=\"wp-block-heading\">Gastos m\u00e9dicos<\/h3>\n\n\n\n<p>Esto incluye el costo de visitas al m\u00e9dico, cirug\u00edas y estad\u00edas en el hospital. La compensaci\u00f3n para trabajadores tambi\u00e9n cubrir\u00e1 el costo si necesita medicamentos recetados.<\/p>\n\n\n\n<h3 class=\"wp-block-heading\">Salarios perdidos<\/h3>\n\n\n\n<p>Si no puede trabajar debido a su lesi\u00f3n, la compensaci\u00f3n para trabajadores le proporcionar\u00e1 beneficios para ayudar a reemplazar una parte de sus salarios perdidos.<\/p>\n\n\n\n<h3 class=\"wp-block-heading\">Rehabilitacion vocacional<\/h3>\n\n\n\n<p>Si no puede regresar a su trabajo anterior, la rehabilitaci\u00f3n vocacional puede ayudarlo a aprender nuevas habilidades y encontrar un puesto adecuado para sus habilidades.<\/p>\n\n\n\n<h3 class=\"wp-block-heading\">Incapacidad permanente<\/h3>\n\n\n\n<p>Los beneficios por incapacidad permanente pueden ayudarlo a pagar los gastos m\u00e9dicos, los salarios perdidos y la rehabilitaci\u00f3n vocacional.<\/p>\n\n\n\n<h3 class=\"wp-block-heading\">Beneficios por muerte<\/h3>\n\n\n\n<p>Los beneficios por fallecimiento pueden ayudar a pagar los gastos del funeral y reemplazar parte de los ingresos de su familia.<\/p>\n\n\n\n<p>Si se lesiona debido a su propia negligencia, es posible que no sea elegible para los beneficios. Si su empleador no tiene un seguro de compensaci\u00f3n para trabajadores, es posible que deba presentar una demanda para recuperar los da\u00f1os.<\/p>\n\n\n\n<h2 class=\"wp-block-heading\">\u00bfCu\u00e1nto tiempo puedo estar en los beneficios de compensaci\u00f3n para trabajadores en Concord, NC?<\/h2>\n\n\n\n<p>El tiempo que puede recibir beneficios depende de la gravedad de su lesi\u00f3n. En la mayor\u00eda de los casos de compensaci\u00f3n para trabajadores, sus beneficios terminar\u00e1n cuando alcance la mejor\u00eda m\u00e9dica m\u00e1xima o regrese al trabajo, lo que ocurra primero. Sin embargo, si sufre una incapacidad permanente, puede recibir beneficios por el resto de su vida.<\/p>\n\n\n\n<h2 class=\"wp-block-heading\">Empleadores en Concord, Carolina del Norte<\/h2>\n\n\n\n<p>Algunos de los empleadores m\u00e1s grandes en Concord incluyen:<\/p>\n\n\n\n<ul class=\"wp-block-list\">\n<li>Atrium Health: 4500 empleados<\/li>\n\n\n\n<li>Escuelas del condado de Cabarrus: 3800 empleados<\/li>\n\n\n\n<li>Ciudad de Concord: 1100 empleados<\/li>\n\n\n\n<li>Gobierno del condado de Cabarrus: 950 empleados<\/li>\n\n\n\n<li>Conexiones \u2013 900 empleados<\/li>\n\n\n\n<li>Shoe Show &#8211; 800 empleados<\/li>\n\n\n\n<li>Escuelas de la ciudad de Kannapolis: 750 empleados<\/li>\n\n\n\n<li>S&amp;D Coffee &amp; Tea \u2013 625 empleados<\/li>\n<\/ul>\n\n\n\n<p>Otros empleadores notables incluyen:<\/p>\n\n\n\n<ul class=\"wp-block-list\">\n<li>Carreras Roush Fenway,<\/li>\n\n\n\n<li>Red de automovilismo,<\/li>\n\n\n\n<li>Celgard LLC,<\/li>\n\n\n\n<li>Comunicaciones Windstream<\/li>\n\n\n\n<li>ACN inc.<\/li>\n<\/ul>\n\n\n\n<h2 class=\"wp-block-heading\">Comun\u00edquese con nuestros abogados de compensaci\u00f3n laboral en Concord, NC<\/h2>\n\n\n\n<p>Si ha sufrido un accidente de trabajo en Concord, puede tener derecho a beneficios de compensaci\u00f3n. Sin embargo, el proceso para obtener estos beneficios puede ser complejo y confuso.<\/p>\n\n\n\n<p>Un abogado con experiencia en compensaci\u00f3n laboral puede ayudarlo a navegar el proceso y garantizar que reciba la cantidad total de beneficios a los que tiene derecho. Ofrecemos a nuestros clientes una consulta inicial gratuita. P\u00f3ngase en contacto con un abogado de Las Oficinas Legales de Jason E. Taylor hoy para obtener representaci\u00f3n legal.<\/p>\n","protected":false},"excerpt":{"rendered":"<p>Con Charlotte Motor Speedway y Concord Mills y varios empleadores grandes como Atrium Health y el Aeropuerto Regional de Concord, Concord es una ciudad pr\u00f3spera con una fuerza laboral cada vez mayor.<br \/>\nDesafortunadamente, esto tambi\u00e9n significa que cada vez hay m\u00e1s accidentes en el lugar de trabajo. Si se lesion\u00f3 en el trabajo en Concord, tener a su lado a un abogado con experiencia en compensaci\u00f3n laboral es la mejor manera de garantizar que sus derechos est\u00e9n protegidos.<br \/>\nEn Las Oficinas Legales de Jason E. Taylor, representamos agresivamente a los trabajadores lesionados ayud\u00e1ndolos a presentar reclamos de beneficios de compensaci\u00f3n para trabajadores. Entendemos las dificultades que enfrenta y queremos ayudarlo a obtener la compensaci\u00f3n que merece. P\u00f3ngase en contacto con nosotros hoy para una consulta gratuita.<\/p>\n","protected":false},"author":8,"featured_media":8998,"parent":9750,"menu_order":0,"comment_status":"closed","ping_status":"closed","template":"","meta":{"_acf_changed":false,"footnotes":""},"categories":[1426,1447],"tags":[],"attorney":[],"class_list":["post-9767","page","type-page","status-publish","has-post-thumbnail","hentry","category-concord-es","category-workers-compensation-es"],"acf":[],"yoast_head":"<!-- This site is optimized with the Yoast SEO plugin v27.5 - https:\/\/yoast.com\/product\/yoast-seo-wordpress\/ -->\n<title>Abogados de Compensaci\u00f3n Laboral de Concord, NC<\/title>\n<meta name=\"description\" content=\"Si est\u00e1 presentando un reclamo de compensaci\u00f3n para trabajadores y tiene preguntas, comun\u00edquese con los abogados de compensaci\u00f3n para trabajadores de Concord en las Oficinas Legales de Jason E. Taylor P.C. hoy.\" \/>\n<meta name=\"robots\" content=\"index, follow, max-snippet:-1, max-image-preview:large, max-video-preview:-1\" \/>\n<link rel=\"canonical\" href=\"https:\/\/thelitigator.com\/es\/concord-nc\/abogados-de-compensacion-laboral\/\" \/>\n<meta property=\"og:locale\" content=\"es_ES\" \/>\n<meta property=\"og:type\" content=\"article\" \/>\n<meta property=\"og:title\" content=\"Abogados de Compensaci\u00f3n Laboral de Concord, NC\" \/>\n<meta property=\"og:description\" content=\"Si est\u00e1 presentando un reclamo de compensaci\u00f3n para trabajadores y tiene preguntas, comun\u00edquese con los abogados de compensaci\u00f3n para trabajadores de Concord en las Oficinas Legales de Jason E. Taylor P.C. hoy.\" \/>\n<meta property=\"og:url\" content=\"https:\/\/thelitigator.com\/es\/concord-nc\/abogados-de-compensacion-laboral\/\" \/>\n<meta property=\"og:site_name\" content=\"Taylor | Serbin Injury Lawyers\" \/>\n<meta property=\"article:publisher\" content=\"https:\/\/www.facebook.com\/TheLawOfficesOfJasonETaylor\/\" \/>\n<meta property=\"article:modified_time\" content=\"2023-09-17T23:58:52+00:00\" \/>\n<meta property=\"og:image\" content=\"https:\/\/thelitigator.com\/wp-content\/uploads\/2022\/08\/2022-08-09_20-49-57.png\" \/>\n\t<meta property=\"og:image:width\" content=\"766\" \/>\n\t<meta property=\"og:image:height\" content=\"494\" \/>\n\t<meta property=\"og:image:type\" content=\"image\/png\" \/>\n<meta name=\"twitter:card\" content=\"summary_large_image\" \/>\n<meta name=\"twitter:site\" content=\"@lawyerjet\" \/>\n<meta name=\"twitter:label1\" content=\"Est. reading time\" \/>\n\t<meta name=\"twitter:data1\" content=\"6 minutes\" \/>\n<script type=\"application\/ld+json\" class=\"yoast-schema-graph\">{\"@context\":\"https:\\\/\\\/schema.org\",\"@graph\":[{\"@type\":\"WebPage\",\"@id\":\"https:\\\/\\\/thelitigator.com\\\/es\\\/concord-nc\\\/abogados-de-compensacion-laboral\\\/\",\"url\":\"https:\\\/\\\/thelitigator.com\\\/es\\\/concord-nc\\\/abogados-de-compensacion-laboral\\\/\",\"name\":\"Abogados de Compensaci\u00f3n Laboral de Concord, NC\",\"isPartOf\":{\"@id\":\"https:\\\/\\\/thelitigator.com\\\/es\\\/#website\"},\"primaryImageOfPage\":{\"@id\":\"https:\\\/\\\/thelitigator.com\\\/es\\\/concord-nc\\\/abogados-de-compensacion-laboral\\\/#primaryimage\"},\"image\":{\"@id\":\"https:\\\/\\\/thelitigator.com\\\/es\\\/concord-nc\\\/abogados-de-compensacion-laboral\\\/#primaryimage\"},\"thumbnailUrl\":\"https:\\\/\\\/thelitigator.com\\\/wp-content\\\/uploads\\\/2022\\\/08\\\/2022-08-09_20-49-57.png\",\"datePublished\":\"2022-05-19T01:11:27+00:00\",\"dateModified\":\"2023-09-17T23:58:52+00:00\",\"description\":\"Si est\u00e1 presentando un reclamo de compensaci\u00f3n para trabajadores y tiene preguntas, comun\u00edquese con los abogados de compensaci\u00f3n para trabajadores de Concord en las Oficinas Legales de Jason E. Taylor P.C. hoy.\",\"breadcrumb\":{\"@id\":\"https:\\\/\\\/thelitigator.com\\\/es\\\/concord-nc\\\/abogados-de-compensacion-laboral\\\/#breadcrumb\"},\"inLanguage\":\"es-US\",\"potentialAction\":[{\"@type\":\"ReadAction\",\"target\":[\"https:\\\/\\\/thelitigator.com\\\/es\\\/concord-nc\\\/abogados-de-compensacion-laboral\\\/\"]}]},{\"@type\":\"ImageObject\",\"inLanguage\":\"es-US\",\"@id\":\"https:\\\/\\\/thelitigator.com\\\/es\\\/concord-nc\\\/abogados-de-compensacion-laboral\\\/#primaryimage\",\"url\":\"https:\\\/\\\/thelitigator.com\\\/wp-content\\\/uploads\\\/2022\\\/08\\\/2022-08-09_20-49-57.png\",\"contentUrl\":\"https:\\\/\\\/thelitigator.com\\\/wp-content\\\/uploads\\\/2022\\\/08\\\/2022-08-09_20-49-57.png\",\"width\":766,\"height\":494,\"caption\":\"What Does Workers' Compensation Cover in Rock Hill, SC\"},{\"@type\":\"BreadcrumbList\",\"@id\":\"https:\\\/\\\/thelitigator.com\\\/es\\\/concord-nc\\\/abogados-de-compensacion-laboral\\\/#breadcrumb\",\"itemListElement\":[{\"@type\":\"ListItem\",\"position\":1,\"name\":\"Home\",\"item\":\"https:\\\/\\\/thelitigator.com\\\/es\\\/\"},{\"@type\":\"ListItem\",\"position\":2,\"name\":\"Abogados de lesiones personales de Concord\",\"item\":\"https:\\\/\\\/thelitigator.com\\\/es\\\/concord-nc\\\/\"},{\"@type\":\"ListItem\",\"position\":3,\"name\":\"Abogados de Compensaci\u00f3n Laboral de Concord\"}]},{\"@type\":\"WebSite\",\"@id\":\"https:\\\/\\\/thelitigator.com\\\/es\\\/#website\",\"url\":\"https:\\\/\\\/thelitigator.com\\\/es\\\/\",\"name\":\"Taylor | Serbin Injury Lawyers\",\"description\":\"Taylor | Serbin Injury Lawyers Serving North and South Carolina Areas\",\"publisher\":{\"@id\":\"https:\\\/\\\/thelitigator.com\\\/es\\\/#organization\"},\"potentialAction\":[{\"@type\":\"SearchAction\",\"target\":{\"@type\":\"EntryPoint\",\"urlTemplate\":\"https:\\\/\\\/thelitigator.com\\\/es\\\/?s={search_term_string}\"},\"query-input\":{\"@type\":\"PropertyValueSpecification\",\"valueRequired\":true,\"valueName\":\"search_term_string\"}}],\"inLanguage\":\"es-US\"},{\"@type\":\"Organization\",\"@id\":\"https:\\\/\\\/thelitigator.com\\\/es\\\/#organization\",\"name\":\"Taylor | Serbin Injury Lawyers\",\"url\":\"https:\\\/\\\/thelitigator.com\\\/es\\\/\",\"logo\":{\"@type\":\"ImageObject\",\"inLanguage\":\"es-US\",\"@id\":\"https:\\\/\\\/thelitigator.com\\\/es\\\/#\\\/schema\\\/logo\\\/image\\\/\",\"url\":\"https:\\\/\\\/thelitigator.com\\\/wp-content\\\/uploads\\\/2025\\\/12\\\/TSL-brand-final-01.svg\",\"contentUrl\":\"https:\\\/\\\/thelitigator.com\\\/wp-content\\\/uploads\\\/2025\\\/12\\\/TSL-brand-final-01.svg\",\"width\":288,\"height\":198,\"caption\":\"Taylor | Serbin Injury Lawyers\"},\"image\":{\"@id\":\"https:\\\/\\\/thelitigator.com\\\/es\\\/#\\\/schema\\\/logo\\\/image\\\/\"},\"sameAs\":[\"https:\\\/\\\/www.facebook.com\\\/TheLawOfficesOfJasonETaylor\\\/\",\"https:\\\/\\\/x.com\\\/lawyerjet\"]}]}<\/script>\n<!-- \/ Yoast SEO plugin. -->","yoast_head_json":{"title":"Abogados de Compensaci\u00f3n Laboral de Concord, NC","description":"Si est\u00e1 presentando un reclamo de compensaci\u00f3n para trabajadores y tiene preguntas, comun\u00edquese con los abogados de compensaci\u00f3n para trabajadores de Concord en las Oficinas Legales de Jason E. Taylor P.C. hoy.","robots":{"index":"index","follow":"follow","max-snippet":"max-snippet:-1","max-image-preview":"max-image-preview:large","max-video-preview":"max-video-preview:-1"},"canonical":"https:\/\/thelitigator.com\/es\/concord-nc\/abogados-de-compensacion-laboral\/","og_locale":"es_ES","og_type":"article","og_title":"Abogados de Compensaci\u00f3n Laboral de Concord, NC","og_description":"Si est\u00e1 presentando un reclamo de compensaci\u00f3n para trabajadores y tiene preguntas, comun\u00edquese con los abogados de compensaci\u00f3n para trabajadores de Concord en las Oficinas Legales de Jason E. Taylor P.C. hoy.","og_url":"https:\/\/thelitigator.com\/es\/concord-nc\/abogados-de-compensacion-laboral\/","og_site_name":"Taylor | Serbin Injury Lawyers","article_publisher":"https:\/\/www.facebook.com\/TheLawOfficesOfJasonETaylor\/","article_modified_time":"2023-09-17T23:58:52+00:00","og_image":[{"width":766,"height":494,"url":"https:\/\/thelitigator.com\/wp-content\/uploads\/2022\/08\/2022-08-09_20-49-57.png","type":"image\/png"}],"twitter_card":"summary_large_image","twitter_site":"@lawyerjet","twitter_misc":{"Est. reading time":"6 minutes"},"schema":{"@context":"https:\/\/schema.org","@graph":[{"@type":"WebPage","@id":"https:\/\/thelitigator.com\/es\/concord-nc\/abogados-de-compensacion-laboral\/","url":"https:\/\/thelitigator.com\/es\/concord-nc\/abogados-de-compensacion-laboral\/","name":"Abogados de Compensaci\u00f3n Laboral de Concord, NC","isPartOf":{"@id":"https:\/\/thelitigator.com\/es\/#website"},"primaryImageOfPage":{"@id":"https:\/\/thelitigator.com\/es\/concord-nc\/abogados-de-compensacion-laboral\/#primaryimage"},"image":{"@id":"https:\/\/thelitigator.com\/es\/concord-nc\/abogados-de-compensacion-laboral\/#primaryimage"},"thumbnailUrl":"https:\/\/thelitigator.com\/wp-content\/uploads\/2022\/08\/2022-08-09_20-49-57.png","datePublished":"2022-05-19T01:11:27+00:00","dateModified":"2023-09-17T23:58:52+00:00","description":"Si est\u00e1 presentando un reclamo de compensaci\u00f3n para trabajadores y tiene preguntas, comun\u00edquese con los abogados de compensaci\u00f3n para trabajadores de Concord en las Oficinas Legales de Jason E. Taylor P.C. hoy.","breadcrumb":{"@id":"https:\/\/thelitigator.com\/es\/concord-nc\/abogados-de-compensacion-laboral\/#breadcrumb"},"inLanguage":"es-US","potentialAction":[{"@type":"ReadAction","target":["https:\/\/thelitigator.com\/es\/concord-nc\/abogados-de-compensacion-laboral\/"]}]},{"@type":"ImageObject","inLanguage":"es-US","@id":"https:\/\/thelitigator.com\/es\/concord-nc\/abogados-de-compensacion-laboral\/#primaryimage","url":"https:\/\/thelitigator.com\/wp-content\/uploads\/2022\/08\/2022-08-09_20-49-57.png","contentUrl":"https:\/\/thelitigator.com\/wp-content\/uploads\/2022\/08\/2022-08-09_20-49-57.png","width":766,"height":494,"caption":"What Does Workers' Compensation Cover in Rock Hill, SC"},{"@type":"BreadcrumbList","@id":"https:\/\/thelitigator.com\/es\/concord-nc\/abogados-de-compensacion-laboral\/#breadcrumb","itemListElement":[{"@type":"ListItem","position":1,"name":"Home","item":"https:\/\/thelitigator.com\/es\/"},{"@type":"ListItem","position":2,"name":"Abogados de lesiones personales de Concord","item":"https:\/\/thelitigator.com\/es\/concord-nc\/"},{"@type":"ListItem","position":3,"name":"Abogados de Compensaci\u00f3n Laboral de Concord"}]},{"@type":"WebSite","@id":"https:\/\/thelitigator.com\/es\/#website","url":"https:\/\/thelitigator.com\/es\/","name":"Taylor | Serbin Injury Lawyers","description":"Taylor | Serbin Injury Lawyers Serving North and South Carolina Areas","publisher":{"@id":"https:\/\/thelitigator.com\/es\/#organization"},"potentialAction":[{"@type":"SearchAction","target":{"@type":"EntryPoint","urlTemplate":"https:\/\/thelitigator.com\/es\/?s={search_term_string}"},"query-input":{"@type":"PropertyValueSpecification","valueRequired":true,"valueName":"search_term_string"}}],"inLanguage":"es-US"},{"@type":"Organization","@id":"https:\/\/thelitigator.com\/es\/#organization","name":"Taylor | Serbin Injury Lawyers","url":"https:\/\/thelitigator.com\/es\/","logo":{"@type":"ImageObject","inLanguage":"es-US","@id":"https:\/\/thelitigator.com\/es\/#\/schema\/logo\/image\/","url":"https:\/\/thelitigator.com\/wp-content\/uploads\/2025\/12\/TSL-brand-final-01.svg","contentUrl":"https:\/\/thelitigator.com\/wp-content\/uploads\/2025\/12\/TSL-brand-final-01.svg","width":288,"height":198,"caption":"Taylor | Serbin Injury Lawyers"},"image":{"@id":"https:\/\/thelitigator.com\/es\/#\/schema\/logo\/image\/"},"sameAs":["https:\/\/www.facebook.com\/TheLawOfficesOfJasonETaylor\/","https:\/\/x.com\/lawyerjet"]}]}},"_links":{"self":[{"href":"https:\/\/thelitigator.com\/es\/wp-json\/wp\/v2\/pages\/9767","targetHints":{"allow":["GET"]}}],"collection":[{"href":"https:\/\/thelitigator.com\/es\/wp-json\/wp\/v2\/pages"}],"about":[{"href":"https:\/\/thelitigator.com\/es\/wp-json\/wp\/v2\/types\/page"}],"author":[{"embeddable":true,"href":"https:\/\/thelitigator.com\/es\/wp-json\/wp\/v2\/users\/8"}],"replies":[{"embeddable":true,"href":"https:\/\/thelitigator.com\/es\/wp-json\/wp\/v2\/comments?post=9767"}],"version-history":[{"count":0,"href":"https:\/\/thelitigator.com\/es\/wp-json\/wp\/v2\/pages\/9767\/revisions"}],"up":[{"embeddable":true,"href":"https:\/\/thelitigator.com\/es\/wp-json\/wp\/v2\/pages\/9750"}],"wp:featuredmedia":[{"embeddable":true,"href":"https:\/\/thelitigator.com\/es\/wp-json\/wp\/v2\/media\/8998"}],"wp:attachment":[{"href":"https:\/\/thelitigator.com\/es\/wp-json\/wp\/v2\/media?parent=9767"}],"wp:term":[{"taxonomy":"category","embeddable":true,"href":"https:\/\/thelitigator.com\/es\/wp-json\/wp\/v2\/categories?post=9767"},{"taxonomy":"post_tag","embeddable":true,"href":"https:\/\/thelitigator.com\/es\/wp-json\/wp\/v2\/tags?post=9767"},{"taxonomy":"attorney","embeddable":true,"href":"https:\/\/thelitigator.com\/es\/wp-json\/wp\/v2\/attorney?post=9767"}],"curies":[{"name":"wp","href":"https:\/\/api.w.org\/{rel}","templated":true}]}}