{"id":9762,"date":"2022-10-24T20:42:23","date_gmt":"2022-10-25T00:42:23","guid":{"rendered":"https:\/\/thelitigator.com\/hickory-nc\/wrongful-death-attorneys\/"},"modified":"2025-09-11T10:23:10","modified_gmt":"2025-09-11T14:23:10","slug":"abogados-de-muerte-por-negligencia","status":"publish","type":"page","link":"https:\/\/thelitigator.com\/es\/hickory-nc\/abogados-de-muerte-por-negligencia\/","title":{"rendered":"Abogados de muerte por negligencia de Hickory"},"content":{"rendered":"\n<h2 class=\"wp-block-heading\">\u00bfQui\u00e9n puede presentar demandas por muerte por negligencia en Hickory?<\/h2>\n\n\n\n<p>De acuerdo con la ley de Carolina del Norte, un representante personal o cobrador del difunto puede presentar un reclamo o demanda por muerte injusta. Ejemplos de personas que pueden ser aceptadas como representantes personales incluyen:<\/p>\n\n\n\n<ul class=\"wp-block-list\">\n<li>El c\u00f3nyuge sobreviviente<\/li>\n\n\n\n<li>Un hijo del difunto<\/li>\n\n\n\n<li>Padres del difunto<\/li>\n\n\n\n<li>Otros familiares que hayan dependido econ\u00f3micamente del fallecido<\/li>\n<\/ul>\n\n\n\n<p>En algunos casos, el tribunal puede nombrar un representante personal. Si no est\u00e1 seguro de si califica o no para presentar un reclamo por muerte injusta, nuestros abogados con experiencia en Hickory pueden ayudarlo. Revisaremos su caso y le informaremos cu\u00e1l puede ser su mejor curso de acci\u00f3n.<\/p>\n\n\n\n<h2 class=\"wp-block-heading\">\u00bfQu\u00e9 tipos de da\u00f1os est\u00e1n disponibles en casos de muerte por negligencia?<\/h2>\n\n\n\n<p>En Carolina del Norte, los siguientes tipos de da\u00f1os pueden recuperarse en una demanda por muerte por negligencia:<\/p>\n\n\n\n<ul class=\"wp-block-list\">\n<li>Gastos de funeral y entierro<\/li>\n\n\n\n<li>Gastos m\u00e9dicos incurridos antes de la muerte<\/li>\n\n\n\n<li>P\u00e9rdida de ganancias y beneficios<\/li>\n\n\n\n<li>P\u00e9rdida de compa\u00f1\u00eda<\/li>\n\n\n\n<li>Dolor y sufrimiento experimentado por el difunto antes de la muerte<\/li>\n<\/ul>\n\n\n\n<p>En algunos casos, es posible que pueda reclamar da\u00f1os adicionales, como da\u00f1os punitivos o da\u00f1os a la propiedad. Nuestros abogados de lesiones personales de Hickory pueden ayudarlo a comprender qu\u00e9 da\u00f1os pueden estar disponibles para usted y luchar\u00e1n para obtener la m\u00e1xima compensaci\u00f3n posible.<\/p>\n\n\n\n<h2 class=\"wp-block-heading\">C\u00f3mo nuestros abogados de muerte por negligencia pueden ayudarlo con su caso en Hickory, NC<\/h2>\n\n\n\n<p>En nuestra firma, entendemos lo dif\u00edcil que puede ser perder a un ser querido. Tambi\u00e9n sabemos que lidiar con el proceso legal adem\u00e1s de su dolor puede ser demasiado para muchas personas. Es por eso que estamos aqu\u00ed para ayudar. Nuestros abogados experimentados en muerte por negligencia de Hickory se encargar\u00e1n de todos los aspectos de su caso para que pueda concentrarse en su proceso de duelo.<\/p>\n\n\n\n<p>Tambi\u00e9n estaremos aqu\u00ed para responder cualquier pregunta que pueda tener y mantenerlo actualizado sobre el estado de su caso. Cont\u00e1ctenos hoy para obtener m\u00e1s informaci\u00f3n sobre c\u00f3mo podemos ayudarlo a usted y a su familia durante este momento dif\u00edcil.<\/p>\n\n\n\n<h2 class=\"wp-block-heading\">\u00bfCu\u00e1nto tiempo tengo para presentar un reclamo por muerte por negligencia en Hickory, NC?<\/h2>\n\n\n\n<p>En Carolina del Norte, el plazo de prescripci\u00f3n para presentar una demanda por muerte por negligencia es de dos a\u00f1os a partir de la fecha de la muerte. Esto significa que tiene dos a\u00f1os a partir de la fecha en que falleci\u00f3 su ser querido para presentar una demanda. Si no presenta la solicitud dentro de este plazo, es probable que no pueda recuperar los da\u00f1os.<\/p>\n\n\n\n<p>Sin embargo, hay algunas excepciones a esta regla. Por ejemplo, si una entidad gubernamental caus\u00f3 la muerte, es posible que tenga un plazo m\u00e1s corto o m\u00e1s largo para presentar la solicitud. Por eso es importante hablar con un abogado de lesiones personales inmediatamente despu\u00e9s de la muerte de su ser querido.<\/p>\n\n\n\n<p>En nuestro bufete de abogados, revisaremos su caso y le informaremos cu\u00e1nto tiempo tiene para presentarlo. Tambi\u00e9n trabajaremos incansablemente para garantizar que su reclamo se presente dentro del plazo aplicable. Cont\u00e1ctenos hoy para aprender m\u00e1s.<\/p>\n\n\n\n<h2 class=\"wp-block-heading\">Casos comunes de lesiones personales que pueden conducir a un reclamo por muerte por negligencia en Hickory<\/h2>\n\n\n\n<p>Muchos accidentes y lesiones pueden dar lugar a una demanda por muerte por negligencia. Algunos de los casos de lesiones personales m\u00e1s comunes que manejamos incluyen:<\/p>\n\n\n\n<ul class=\"wp-block-list\">\n<li>Accidentes automovil\u00edsticos<\/li>\n\n\n\n<li>accidentes de camiones<\/li>\n\n\n\n<li>accidentes de moto<\/li>\n\n\n\n<li>accidentes de bicicleta<\/li>\n\n\n\n<li>accidentes de peatones<\/li>\n\n\n\n<li>Accidentes por resbalones y ca\u00eddas<\/li>\n\n\n\n<li>accidentes de trabajo<\/li>\n<\/ul>\n\n\n\n<p>En nuestra firma, tenemos experiencia en el manejo de todo tipo de casos de lesiones personales. Pondremos nuestro conocimiento y recursos a trabajar para usted para ayudarlo a obtener la compensaci\u00f3n que se merece.<\/p>\n\n\n\n<h2 class=\"wp-block-heading\">Posibles partes responsables en un reclamo por lesiones personales de Hickory que resulta en la muerte<\/h2>\n\n\n\n<p>M\u00faltiples partes pueden ser responsables por el accidente y las lesiones resultantes en un reclamo por lesiones personales que resulte en la muerte. Algunas de las partes responsables m\u00e1s comunes incluyen:<\/p>\n\n\n\n<ul class=\"wp-block-list\">\n<li>El otro conductor en un accidente automovil\u00edstico.<\/li>\n\n\n\n<li>El propietario del veh\u00edculo conducido por el otro conductor<\/li>\n\n\n\n<li>El empleador de un conductor de cami\u00f3n o autob\u00fas involucrado en un accidente<\/li>\n\n\n\n<li>El fabricante de un producto defectuoso.<\/li>\n\n\n\n<li>Un propietario que no mantiene sus instalaciones<\/li>\n<\/ul>\n\n\n\n<p>En nuestra firma, investigaremos a fondo su caso para determinar todas las partes que pueden ser responsables de la muerte de su ser querido. Luego tomaremos medidas contra todas las partes responsables para ayudarlo a obtener la justicia que se merece.<\/p>\n\n\n\n<figure class=\"wp-block-image\"><img decoding=\"async\" src=\"https:\/\/lh3.googleusercontent.com\/DBqRdbnqFSkZUR3dbCjmaTY501LRW2trTZ6_KFXR7EFeDtEF4CT_mmLomgg77qfnDvCChKsoHSSkZUStLekzw2WyNOfTUKkiNV2EFLlVaWVrw9sY584gAhy-P03xsDFeycX35gx3o61e0TB1F0U9MPg\" alt=\"Abogado de Muerte Injusta de Hickory\"\/><\/figure>\n\n\n\n<h2 class=\"wp-block-heading\">P\u00f3ngase en contacto con nuestros abogados de muerte por negligencia de Hickory hoy<\/h2>\n\n\n\n<p>Puede tener derecho a una compensaci\u00f3n si ha perdido a un ser querido debido a la negligencia o descuido de otra persona. Nuestros abogados experimentados en muerte por negligencia de Hickory pueden ayudarlo a comprender sus derechos y opciones legales. Tambi\u00e9n lucharemos para conseguir la m\u00e1xima compensaci\u00f3n posible.<\/p>\n\n\n\n<p>Entendemos que ninguna cantidad de dinero puede reemplazar la luz y el amor que un ser querido trajo a su vida. Sin embargo, tambi\u00e9n sabemos que una recuperaci\u00f3n financiera puede ayudarlo a usted y a su familia durante este momento dif\u00edcil.<\/p>\n\n\n\n<p>Cont\u00e1ctenos hoy para obtener m\u00e1s informaci\u00f3n sobre c\u00f3mo podemos ayudarlo. Ofrecemos una consulta gratuita para que un abogado con experiencia pueda revisar su caso sin ning\u00fan costo u obligaci\u00f3n. Ll\u00e1menos ahora para comenzar con su reclamo.<\/p>\n","protected":false},"excerpt":{"rendered":"<p>Establecida como ciudad en 1889, Hickory es la sede del condado de Catawba, Carolina del Norte. Es la ciudad m\u00e1s grande dentro del \u00e1rea metropolitana de Hickory-Lenoir-Morganton, con una poblaci\u00f3n de 365,276 en 2020. La ciudad ha sido nombrada previamente como el d\u00e9cimo mejor lugar para vivir y formar una familia en los Estados Unidos por Reader &#8216;s Digest.<br \/>\nDisfrutar de las comodidades de la ciudad o cualquier otra cosa puede ser dif\u00edcil si pierdes a un ser querido. Puede sentir varias emociones, como tristeza, ira, confusi\u00f3n y culpa. Si su ser querido muri\u00f3 debido a la negligencia de otra persona, es posible que tenga derecho a una compensaci\u00f3n financiera a trav\u00e9s de un reclamo por muerte injusta. El primer paso es ponerse en contacto con un abogado de muerte por negligencia de Hickory que pueda ayudarle a navegar el proceso legal.<br \/>\nEn Las Oficinas Legales de Jason E. Taylor, entendemos lo dif\u00edcil que es perder a un ser querido. Tambi\u00e9n sabemos que ninguna cantidad de dinero puede realmente compensar su p\u00e9rdida. Sin embargo, presentar un reclamo por muerte por negligencia puede ayudar a obtener la justicia y el cierre que se merece. Tambi\u00e9n puede responsabilizar a la parte negligente por sus acciones y ayudar a evitar que otros sufran un destino similar.<br \/>\nSi ha perdido a un ser querido, no dude en comunicarse hoy con Las Oficinas Legales de Jason E. Taylor para programar una consulta gratuita con uno de nuestros abogados con experiencia en lesiones personales. Revisaremos su caso y responderemos cualquier pregunta que pueda tener sobre el proceso legal. Tambi\u00e9n le explicaremos sus opciones y le ayudaremos a decidir si presentar un reclamo por muerte injusta es adecuado para usted. Ll\u00e1menos hoy para comenzar.<\/p>\n","protected":false},"author":8,"featured_media":9170,"parent":9747,"menu_order":0,"comment_status":"closed","ping_status":"closed","template":"","meta":{"_acf_changed":false,"footnotes":""},"categories":[1425],"tags":[1441,1442],"attorney":[],"class_list":["post-9762","page","type-page","status-publish","has-post-thumbnail","hentry","category-hickory-es","tag-hickory-wrongful-death-attorneys-es","tag-wrongful-death-es"],"acf":[],"yoast_head":"<!-- This site is optimized with the Yoast SEO plugin v27.3 - https:\/\/yoast.com\/product\/yoast-seo-wordpress\/ -->\n<title>Abogados de Muerte por Negligencia de Hickory, NC<\/title>\n<meta name=\"description\" content=\"Perdi\u00f3 a un ser querido por muerte por negligencia en Hickory, NC? Llame a las Oficinas Legales de Jason E. Taylor hoy para una consulta gratuita con un abogado.\" \/>\n<meta name=\"robots\" content=\"index, follow, max-snippet:-1, max-image-preview:large, max-video-preview:-1\" \/>\n<link rel=\"canonical\" href=\"https:\/\/thelitigator.com\/es\/hickory-nc\/abogados-de-muerte-por-negligencia\/\" \/>\n<meta property=\"og:locale\" content=\"es_ES\" \/>\n<meta property=\"og:type\" content=\"article\" \/>\n<meta property=\"og:title\" content=\"Abogados de Muerte por Negligencia de Hickory, NC\" \/>\n<meta property=\"og:description\" content=\"Perdi\u00f3 a un ser querido por muerte por negligencia en Hickory, NC? Llame a las Oficinas Legales de Jason E. Taylor hoy para una consulta gratuita con un abogado.\" \/>\n<meta property=\"og:url\" content=\"https:\/\/thelitigator.com\/es\/hickory-nc\/abogados-de-muerte-por-negligencia\/\" \/>\n<meta property=\"og:site_name\" content=\"Taylor | Serbin Injury Lawyers\" \/>\n<meta property=\"article:publisher\" content=\"https:\/\/www.facebook.com\/TheLawOfficesOfJasonETaylor\/\" \/>\n<meta property=\"article:modified_time\" content=\"2025-09-11T14:23:10+00:00\" \/>\n<meta property=\"og:image\" content=\"https:\/\/thelitigator.com\/wp-content\/uploads\/2023\/07\/maxresdefault.jpg\" \/>\n\t<meta property=\"og:image:width\" content=\"1280\" \/>\n\t<meta property=\"og:image:height\" content=\"720\" \/>\n\t<meta property=\"og:image:type\" content=\"image\/jpeg\" \/>\n<meta name=\"twitter:card\" content=\"summary_large_image\" \/>\n<meta name=\"twitter:site\" content=\"@lawyerjet\" \/>\n<meta name=\"twitter:label1\" content=\"Est. reading time\" \/>\n\t<meta name=\"twitter:data1\" content=\"5 minutes\" \/>\n<script type=\"application\/ld+json\" class=\"yoast-schema-graph\">{\"@context\":\"https:\\\/\\\/schema.org\",\"@graph\":[{\"@type\":\"WebPage\",\"@id\":\"https:\\\/\\\/thelitigator.com\\\/es\\\/hickory-nc\\\/abogados-de-muerte-por-negligencia\\\/\",\"url\":\"https:\\\/\\\/thelitigator.com\\\/es\\\/hickory-nc\\\/abogados-de-muerte-por-negligencia\\\/\",\"name\":\"Abogados de Muerte por Negligencia de Hickory, NC\",\"isPartOf\":{\"@id\":\"https:\\\/\\\/thelitigator.com\\\/es\\\/#website\"},\"primaryImageOfPage\":{\"@id\":\"https:\\\/\\\/thelitigator.com\\\/es\\\/hickory-nc\\\/abogados-de-muerte-por-negligencia\\\/#primaryimage\"},\"image\":{\"@id\":\"https:\\\/\\\/thelitigator.com\\\/es\\\/hickory-nc\\\/abogados-de-muerte-por-negligencia\\\/#primaryimage\"},\"thumbnailUrl\":\"https:\\\/\\\/thelitigator.com\\\/wp-content\\\/uploads\\\/2023\\\/07\\\/maxresdefault.jpg\",\"datePublished\":\"2022-10-25T00:42:23+00:00\",\"dateModified\":\"2025-09-11T14:23:10+00:00\",\"description\":\"Perdi\u00f3 a un ser querido por muerte por negligencia en Hickory, NC? Llame a las Oficinas Legales de Jason E. Taylor hoy para una consulta gratuita con un abogado.\",\"breadcrumb\":{\"@id\":\"https:\\\/\\\/thelitigator.com\\\/es\\\/hickory-nc\\\/abogados-de-muerte-por-negligencia\\\/#breadcrumb\"},\"inLanguage\":\"es-US\",\"potentialAction\":[{\"@type\":\"ReadAction\",\"target\":[\"https:\\\/\\\/thelitigator.com\\\/es\\\/hickory-nc\\\/abogados-de-muerte-por-negligencia\\\/\"]}]},{\"@type\":\"ImageObject\",\"inLanguage\":\"es-US\",\"@id\":\"https:\\\/\\\/thelitigator.com\\\/es\\\/hickory-nc\\\/abogados-de-muerte-por-negligencia\\\/#primaryimage\",\"url\":\"https:\\\/\\\/thelitigator.com\\\/wp-content\\\/uploads\\\/2023\\\/07\\\/maxresdefault.jpg\",\"contentUrl\":\"https:\\\/\\\/thelitigator.com\\\/wp-content\\\/uploads\\\/2023\\\/07\\\/maxresdefault.jpg\",\"width\":1280,\"height\":720,\"caption\":\"Hickory, NC\"},{\"@type\":\"BreadcrumbList\",\"@id\":\"https:\\\/\\\/thelitigator.com\\\/es\\\/hickory-nc\\\/abogados-de-muerte-por-negligencia\\\/#breadcrumb\",\"itemListElement\":[{\"@type\":\"ListItem\",\"position\":1,\"name\":\"Home\",\"item\":\"https:\\\/\\\/thelitigator.com\\\/es\\\/\"},{\"@type\":\"ListItem\",\"position\":2,\"name\":\"Abogados de lesiones personales en Hickory, NC\",\"item\":\"https:\\\/\\\/thelitigator.com\\\/es\\\/hickory-nc\\\/\"},{\"@type\":\"ListItem\",\"position\":3,\"name\":\"Abogados de muerte por negligencia de Hickory\"}]},{\"@type\":\"WebSite\",\"@id\":\"https:\\\/\\\/thelitigator.com\\\/es\\\/#website\",\"url\":\"https:\\\/\\\/thelitigator.com\\\/es\\\/\",\"name\":\"Taylor | Serbin Injury Lawyers\",\"description\":\"Taylor | Serbin Injury Lawyers Serving North and South Carolina Areas\",\"publisher\":{\"@id\":\"https:\\\/\\\/thelitigator.com\\\/es\\\/#organization\"},\"potentialAction\":[{\"@type\":\"SearchAction\",\"target\":{\"@type\":\"EntryPoint\",\"urlTemplate\":\"https:\\\/\\\/thelitigator.com\\\/es\\\/?s={search_term_string}\"},\"query-input\":{\"@type\":\"PropertyValueSpecification\",\"valueRequired\":true,\"valueName\":\"search_term_string\"}}],\"inLanguage\":\"es-US\"},{\"@type\":\"Organization\",\"@id\":\"https:\\\/\\\/thelitigator.com\\\/es\\\/#organization\",\"name\":\"Taylor | Serbin Injury Lawyers\",\"url\":\"https:\\\/\\\/thelitigator.com\\\/es\\\/\",\"logo\":{\"@type\":\"ImageObject\",\"inLanguage\":\"es-US\",\"@id\":\"https:\\\/\\\/thelitigator.com\\\/es\\\/#\\\/schema\\\/logo\\\/image\\\/\",\"url\":\"https:\\\/\\\/thelitigator.com\\\/wp-content\\\/uploads\\\/2025\\\/12\\\/TSL-brand-final-01.svg\",\"contentUrl\":\"https:\\\/\\\/thelitigator.com\\\/wp-content\\\/uploads\\\/2025\\\/12\\\/TSL-brand-final-01.svg\",\"width\":288,\"height\":198,\"caption\":\"Taylor | Serbin Injury Lawyers\"},\"image\":{\"@id\":\"https:\\\/\\\/thelitigator.com\\\/es\\\/#\\\/schema\\\/logo\\\/image\\\/\"},\"sameAs\":[\"https:\\\/\\\/www.facebook.com\\\/TheLawOfficesOfJasonETaylor\\\/\",\"https:\\\/\\\/x.com\\\/lawyerjet\"]}]}<\/script>\n<!-- \/ Yoast SEO plugin. -->","yoast_head_json":{"title":"Abogados de Muerte por Negligencia de Hickory, NC","description":"Perdi\u00f3 a un ser querido por muerte por negligencia en Hickory, NC? Llame a las Oficinas Legales de Jason E. Taylor hoy para una consulta gratuita con un abogado.","robots":{"index":"index","follow":"follow","max-snippet":"max-snippet:-1","max-image-preview":"max-image-preview:large","max-video-preview":"max-video-preview:-1"},"canonical":"https:\/\/thelitigator.com\/es\/hickory-nc\/abogados-de-muerte-por-negligencia\/","og_locale":"es_ES","og_type":"article","og_title":"Abogados de Muerte por Negligencia de Hickory, NC","og_description":"Perdi\u00f3 a un ser querido por muerte por negligencia en Hickory, NC? Llame a las Oficinas Legales de Jason E. Taylor hoy para una consulta gratuita con un abogado.","og_url":"https:\/\/thelitigator.com\/es\/hickory-nc\/abogados-de-muerte-por-negligencia\/","og_site_name":"Taylor | Serbin Injury Lawyers","article_publisher":"https:\/\/www.facebook.com\/TheLawOfficesOfJasonETaylor\/","article_modified_time":"2025-09-11T14:23:10+00:00","og_image":[{"width":1280,"height":720,"url":"https:\/\/thelitigator.com\/wp-content\/uploads\/2023\/07\/maxresdefault.jpg","type":"image\/jpeg"}],"twitter_card":"summary_large_image","twitter_site":"@lawyerjet","twitter_misc":{"Est. reading time":"5 minutes"},"schema":{"@context":"https:\/\/schema.org","@graph":[{"@type":"WebPage","@id":"https:\/\/thelitigator.com\/es\/hickory-nc\/abogados-de-muerte-por-negligencia\/","url":"https:\/\/thelitigator.com\/es\/hickory-nc\/abogados-de-muerte-por-negligencia\/","name":"Abogados de Muerte por Negligencia de Hickory, NC","isPartOf":{"@id":"https:\/\/thelitigator.com\/es\/#website"},"primaryImageOfPage":{"@id":"https:\/\/thelitigator.com\/es\/hickory-nc\/abogados-de-muerte-por-negligencia\/#primaryimage"},"image":{"@id":"https:\/\/thelitigator.com\/es\/hickory-nc\/abogados-de-muerte-por-negligencia\/#primaryimage"},"thumbnailUrl":"https:\/\/thelitigator.com\/wp-content\/uploads\/2023\/07\/maxresdefault.jpg","datePublished":"2022-10-25T00:42:23+00:00","dateModified":"2025-09-11T14:23:10+00:00","description":"Perdi\u00f3 a un ser querido por muerte por negligencia en Hickory, NC? Llame a las Oficinas Legales de Jason E. Taylor hoy para una consulta gratuita con un abogado.","breadcrumb":{"@id":"https:\/\/thelitigator.com\/es\/hickory-nc\/abogados-de-muerte-por-negligencia\/#breadcrumb"},"inLanguage":"es-US","potentialAction":[{"@type":"ReadAction","target":["https:\/\/thelitigator.com\/es\/hickory-nc\/abogados-de-muerte-por-negligencia\/"]}]},{"@type":"ImageObject","inLanguage":"es-US","@id":"https:\/\/thelitigator.com\/es\/hickory-nc\/abogados-de-muerte-por-negligencia\/#primaryimage","url":"https:\/\/thelitigator.com\/wp-content\/uploads\/2023\/07\/maxresdefault.jpg","contentUrl":"https:\/\/thelitigator.com\/wp-content\/uploads\/2023\/07\/maxresdefault.jpg","width":1280,"height":720,"caption":"Hickory, NC"},{"@type":"BreadcrumbList","@id":"https:\/\/thelitigator.com\/es\/hickory-nc\/abogados-de-muerte-por-negligencia\/#breadcrumb","itemListElement":[{"@type":"ListItem","position":1,"name":"Home","item":"https:\/\/thelitigator.com\/es\/"},{"@type":"ListItem","position":2,"name":"Abogados de lesiones personales en Hickory, NC","item":"https:\/\/thelitigator.com\/es\/hickory-nc\/"},{"@type":"ListItem","position":3,"name":"Abogados de muerte por negligencia de Hickory"}]},{"@type":"WebSite","@id":"https:\/\/thelitigator.com\/es\/#website","url":"https:\/\/thelitigator.com\/es\/","name":"Taylor | Serbin Injury Lawyers","description":"Taylor | Serbin Injury Lawyers Serving North and South Carolina Areas","publisher":{"@id":"https:\/\/thelitigator.com\/es\/#organization"},"potentialAction":[{"@type":"SearchAction","target":{"@type":"EntryPoint","urlTemplate":"https:\/\/thelitigator.com\/es\/?s={search_term_string}"},"query-input":{"@type":"PropertyValueSpecification","valueRequired":true,"valueName":"search_term_string"}}],"inLanguage":"es-US"},{"@type":"Organization","@id":"https:\/\/thelitigator.com\/es\/#organization","name":"Taylor | Serbin Injury Lawyers","url":"https:\/\/thelitigator.com\/es\/","logo":{"@type":"ImageObject","inLanguage":"es-US","@id":"https:\/\/thelitigator.com\/es\/#\/schema\/logo\/image\/","url":"https:\/\/thelitigator.com\/wp-content\/uploads\/2025\/12\/TSL-brand-final-01.svg","contentUrl":"https:\/\/thelitigator.com\/wp-content\/uploads\/2025\/12\/TSL-brand-final-01.svg","width":288,"height":198,"caption":"Taylor | Serbin Injury Lawyers"},"image":{"@id":"https:\/\/thelitigator.com\/es\/#\/schema\/logo\/image\/"},"sameAs":["https:\/\/www.facebook.com\/TheLawOfficesOfJasonETaylor\/","https:\/\/x.com\/lawyerjet"]}]}},"_links":{"self":[{"href":"https:\/\/thelitigator.com\/es\/wp-json\/wp\/v2\/pages\/9762","targetHints":{"allow":["GET"]}}],"collection":[{"href":"https:\/\/thelitigator.com\/es\/wp-json\/wp\/v2\/pages"}],"about":[{"href":"https:\/\/thelitigator.com\/es\/wp-json\/wp\/v2\/types\/page"}],"author":[{"embeddable":true,"href":"https:\/\/thelitigator.com\/es\/wp-json\/wp\/v2\/users\/8"}],"replies":[{"embeddable":true,"href":"https:\/\/thelitigator.com\/es\/wp-json\/wp\/v2\/comments?post=9762"}],"version-history":[{"count":0,"href":"https:\/\/thelitigator.com\/es\/wp-json\/wp\/v2\/pages\/9762\/revisions"}],"up":[{"embeddable":true,"href":"https:\/\/thelitigator.com\/es\/wp-json\/wp\/v2\/pages\/9747"}],"wp:featuredmedia":[{"embeddable":true,"href":"https:\/\/thelitigator.com\/es\/wp-json\/wp\/v2\/media\/9170"}],"wp:attachment":[{"href":"https:\/\/thelitigator.com\/es\/wp-json\/wp\/v2\/media?parent=9762"}],"wp:term":[{"taxonomy":"category","embeddable":true,"href":"https:\/\/thelitigator.com\/es\/wp-json\/wp\/v2\/categories?post=9762"},{"taxonomy":"post_tag","embeddable":true,"href":"https:\/\/thelitigator.com\/es\/wp-json\/wp\/v2\/tags?post=9762"},{"taxonomy":"attorney","embeddable":true,"href":"https:\/\/thelitigator.com\/es\/wp-json\/wp\/v2\/attorney?post=9762"}],"curies":[{"name":"wp","href":"https:\/\/api.w.org\/{rel}","templated":true}]}}