{"id":9760,"date":"2022-10-24T21:00:29","date_gmt":"2022-10-25T01:00:29","guid":{"rendered":"https:\/\/thelitigator.com\/hickory-nc\/premises-liability-lawyers\/"},"modified":"2025-09-11T10:22:01","modified_gmt":"2025-09-11T14:22:01","slug":"abogados-de-responsabilidad-de-locales","status":"publish","type":"page","link":"https:\/\/thelitigator.com\/es\/hickory-nc\/abogados-de-responsabilidad-de-locales\/","title":{"rendered":"Abogados de responsabilidad de locales de Hickory"},"content":{"rendered":"\n<h2 class=\"wp-block-heading\">Responsabilidad de locales en Carolina del Norte<\/h2>\n\n\n\n<p>En Carolina del Norte, las leyes de responsabilidad de locales est\u00e1n dise\u00f1adas para proteger a las personas que resultan lesionadas en la propiedad de otra persona. Estas leyes imponen a los due\u00f1os de propiedades el deber de mantener sus instalaciones seguras para los hu\u00e9spedes y visitantes. Si no lo hacen, pueden ser considerados responsables de las lesiones que se produzcan.<\/p>\n\n\n\n<p>Seg\u00fan la ley de Carolina del Norte, existen tres categor\u00edas de visitantes: invitados, licenciatarios e intrusos. Los invitados son personas invitadas a la propiedad con fines comerciales, como clientes o repartidores. Los licenciatarios son personas en la propiedad para sus propios fines, como invitados sociales o reparadores. Los intrusos son personas que ingresan a la propiedad sin permiso.<\/p>\n\n\n\n<p>Los due\u00f1os de propiedades tienen el deber de mantener a los invitados y licenciatarios a salvo de peligros previsibles. No tienen el deber de proteger a los intrusos, excepto en ciertas circunstancias. Por ejemplo, los due\u00f1os de propiedades no pueden herir intencionalmente a los intrusos o tenderles trampas.<\/p>\n\n\n\n<h2 class=\"wp-block-heading\">Casos comunes de responsabilidad de locales en Hickory, NC<\/h2>\n\n\n\n<p>Aqu\u00ed hay algunos accidentes que pueden conducir a un caso de lesiones personales y compensaci\u00f3n:<\/p>\n\n\n\n<ul class=\"wp-block-list\">\n<li><a href=\"https:\/\/thelitigator.com\/es\/hickory-nc\/abogados-de-resbalones-y-caidas\/\"><strong>Accidentes por resbalones y ca\u00eddas<\/strong><\/a> en una tienda de comestibles o gasolinera<\/li>\n\n\n\n<li>Mordidas de perro<\/li>\n\n\n\n<li>Accidentes de ascensores y escaleras mec\u00e1nicas<\/li>\n\n\n\n<li>Accidentes de piscina<\/li>\n\n\n\n<li>Riesgos de incendio<\/li>\n\n\n\n<li>Objetos que caen<\/li>\n\n\n\n<li>Condiciones peligrosas en aceras o estacionamientos<\/li>\n<\/ul>\n\n\n\n<p>Estos son solo algunos accidentes que pueden ocurrir en la propiedad de otra persona. Si bien algunos de estos accidentes pueden ser solo accidentes, muchos son el resultado de negligencia por parte del due\u00f1o de la propiedad. Debe comunicarse con un abogado de lesiones personales de nuestro bufete de abogados para discutir su caso si ha resultado lesionado en un accidente en la propiedad de otra persona.<\/p>\n\n\n\n<h2 class=\"wp-block-heading\">Qu\u00e9 hacer si se lesiona en la propiedad de otra persona en Hickory, NC<\/h2>\n\n\n\n<p>Si se lesiona en la propiedad de otra persona, hay algunos pasos que debe seguir para proteger sus derechos legales:<\/p>\n\n\n\n<ul class=\"wp-block-list\">\n<li>Informe el accidente al propietario o administrador de la propiedad.<\/li>\n\n\n\n<li>Obtenga atenci\u00f3n m\u00e9dica para sus lesiones.<\/li>\n\n\n\n<li>No d\u00e9 una declaraci\u00f3n a la compa\u00f1\u00eda de seguros del due\u00f1o de la propiedad.<\/li>\n\n\n\n<li>Tome fotos de la escena del accidente, si es posible.<\/li>\n\n\n\n<li>Re\u00fane informaci\u00f3n de testigos.<\/li>\n\n\n\n<li>P\u00f3ngase en contacto con un abogado con experiencia en responsabilidad de locales.<\/li>\n<\/ul>\n\n\n\n<h2 class=\"wp-block-heading\">\u00bfNecesito contratar a un abogado?<\/h2>\n\n\n\n<p>No est\u00e1 obligado legalmente a tener un abogado que lo represente en un caso de responsabilidad de locales. Sin embargo, muchas personas descubren que tienen mejores resultados con un abogado experimentado de su lado. Despu\u00e9s de un accidente, es probable que tenga citas con el m\u00e9dico, llamadas de ajustadores de seguros y otras cosas que manejar, como cuidar de su familia o ir a trabajar. Un abogado le quita ese estr\u00e9s adicional al manejar todos los detalles legales para que pueda concentrarse en lo que m\u00e1s importa, su recuperaci\u00f3n.<\/p>\n\n\n\n<p>En las Oficinas Legales de Jason E. Taylor, hemos dedicado m\u00e1s de 25 a\u00f1os a luchar por la gente de Hickory, NC, en sus casos de lesiones personales. Estamos dedicados a nuestros clientes y sus familias.<\/p>\n\n\n\n<p>Nuestros abogados de lesiones personales trabajan, as\u00ed que usted no tiene que hacerlo. P\u00f3ngase en contacto con nosotros hoy para una consulta gratuita.<\/p>\n\n\n\n<h2 class=\"wp-block-heading\">\u00bfQu\u00e9 tipos de da\u00f1os puedo recuperar en un reclamo por lesiones personales de Hickory?<\/h2>\n\n\n\n<p>Si bien un resbal\u00f3n y una ca\u00edda en su supermercado local pueden no causar lesiones catastr\u00f3ficas, afectan su vida. Es posible que tenga que faltar al trabajo, incurrir en facturas m\u00e9dicas y sufrir dolor y sufrimiento. Todos estos impactos tienen un valor monetario, que se puede recuperar en un reclamo por lesiones.<\/p>\n\n\n\n<p>La compensaci\u00f3n en un caso de responsabilidad de locales puede incluir:<\/p>\n\n\n\n<ul class=\"wp-block-list\">\n<li>Gastos m\u00e9dicos<\/li>\n\n\n\n<li>Salarios perdidos<\/li>\n\n\n\n<li>Dolor y sufrimiento<\/li>\n<\/ul>\n\n\n\n<p>Si bien el dinero no es la respuesta a todo, puede ayudarlo a usted y a su familia a superar este momento dif\u00edcil. Al presentar un reclamo, tambi\u00e9n puede responsabilizar al propietario negligente y ayudar a evitar que ocurran futuros accidentes.<\/p>\n\n\n\n<h2 class=\"wp-block-heading\">\u00bfCu\u00e1nto vale mi reclamo en Hickory, NC?<\/h2>\n\n\n\n<p>El valor de su reclamo depende de varios factores relacionados con su caso. Algunos factores a considerar incluyen:<\/p>\n\n\n\n<ul class=\"wp-block-list\">\n<li>La gravedad de sus lesiones.<\/li>\n\n\n\n<li>La duraci\u00f3n de su tiempo de recuperaci\u00f3n<\/li>\n\n\n\n<li>El monto de sus facturas m\u00e9dicas<\/li>\n\n\n\n<li>Si falt\u00f3 al trabajo y perdi\u00f3 salarios<\/li>\n\n\n\n<li>Cu\u00e1nto afect\u00f3 su vida la lesi\u00f3n<\/li>\n<\/ul>\n\n\n\n<p>Para tener una mejor idea de cu\u00e1nto puede valer su reclamo, comun\u00edquese con un abogado experimentado en lesiones personales de nuestra firma. Ellos pueden revisar su caso y ayudarlo a comprender qu\u00e9 esperar.<\/p>\n\n\n\n<h2 class=\"wp-block-heading\">\u00bfCu\u00e1nto tiempo tengo para presentar mi reclamo?<\/h2>\n\n\n\n<p>En Carolina del Norte, generalmente tiene tres a\u00f1os a partir de la fecha de su accidente para presentar un reclamo por lesiones personales. Si espera demasiado, es posible que se le proh\u00edba recuperar cualquier compensaci\u00f3n por sus lesiones. Por eso es importante contactar a un abogado inmediatamente despu\u00e9s de su accidente.<\/p>\n\n\n\n<figure class=\"wp-block-image\"><img decoding=\"async\" src=\"https:\/\/lh3.googleusercontent.com\/7vn6HbQDMXquvspeloMZSjQ1G26mlrXyuDKb0fLInIhepwgr6a1kS6I1ZkGhBbYWHpoatg2MNV1IHaaROs9O3kaNzoX3hBSY5Ys1LHsKVdns7Uv2vClxrtOpfsiI801-4hoZXU1oYApZx_-5w0ZMBwU\" alt=\"Abogado de Responsabilidad de Locales de Hickory\"\/><\/figure>\n\n\n\n<h2 class=\"wp-block-heading\">Comun\u00edquese con nuestros abogados de responsabilidad de locales de Hickory hoy<\/h2>\n\n\n\n<p>En Las Oficinas Legales de Jason E. Taylor, entendemos lo abrumador que puede ser despu\u00e9s de un accidente. Estamos aqu\u00ed para ayudar. Nuestro equipo experimentado lo guiar\u00e1 a trav\u00e9s de cada paso del proceso y responder\u00e1 cualquier pregunta que tenga en el camino. Cont\u00e1ctenos hoy para una consulta inicial gratuita. Trabajamos sobre la base de una tarifa de contingencia, lo que significa que no nos debe nada a menos que recuperemos una compensaci\u00f3n por sus lesiones.<\/p>\n","protected":false},"excerpt":{"rendered":"<p>Como gran parte de Carolina del Norte, Hickory es un hermoso lugar para vivir. La ciudad alberga varios parques, \u00e1reas recreativas, negocios y restaurantes. Sin embargo, incluso las propiedades m\u00e1s seguras pueden ser peligrosas si no se mantienen adecuadamente. Si ha resultado lesionado en la propiedad de otra persona, es posible que pueda recuperar una compensaci\u00f3n por sus lesiones.<br \/>\nEn Las Oficinas Legales de Jason E. Taylor, nuestros abogados tienen m\u00e1s de 100 a\u00f1os de experiencia combinada en el manejo de reclamos por lesiones. Sabemos c\u00f3mo investigar estos casos y construir un caso s\u00f3lido para nuestros clientes. Podemos ayudarlo a obtener la compensaci\u00f3n que merece si ha resultado lesionado. Comun\u00edquese con un abogado local de responsabilidad de locales hoy para comenzar con su caso.<\/p>\n","protected":false},"author":8,"featured_media":9170,"parent":9747,"menu_order":0,"comment_status":"closed","ping_status":"closed","template":"","meta":{"_acf_changed":false,"footnotes":""},"categories":[1425,1437],"tags":[1438,1439,1440],"attorney":[],"class_list":["post-9760","page","type-page","status-publish","has-post-thumbnail","hentry","category-hickory-es","category-premises-liability-es","tag-hickory-liability-lawyer-es","tag-liability-lawyer-es","tag-premises-liability-es"],"acf":[],"yoast_head":"<!-- This site is optimized with the Yoast SEO plugin v27.4 - https:\/\/yoast.com\/product\/yoast-seo-wordpress\/ -->\n<title>Abogados de Responsabilidad de Locales de Hickory, NC<\/title>\n<meta name=\"description\" content=\"Lesionado en la propiedad de otra persona en Hickory, NC? Llame a las Oficinas Legales de Jason E. Taylor hoy para una consulta gratuita con un abogado experto.\" \/>\n<meta name=\"robots\" content=\"index, follow, max-snippet:-1, max-image-preview:large, max-video-preview:-1\" \/>\n<link rel=\"canonical\" href=\"https:\/\/thelitigator.com\/es\/hickory-nc\/abogados-de-responsabilidad-de-locales\/\" \/>\n<meta property=\"og:locale\" content=\"es_ES\" \/>\n<meta property=\"og:type\" content=\"article\" \/>\n<meta property=\"og:title\" content=\"Abogados de Responsabilidad de Locales de Hickory, NC\" \/>\n<meta property=\"og:description\" content=\"Lesionado en la propiedad de otra persona en Hickory, NC? Llame a las Oficinas Legales de Jason E. Taylor hoy para una consulta gratuita con un abogado experto.\" \/>\n<meta property=\"og:url\" content=\"https:\/\/thelitigator.com\/es\/hickory-nc\/abogados-de-responsabilidad-de-locales\/\" \/>\n<meta property=\"og:site_name\" content=\"Taylor | Serbin Injury Lawyers\" \/>\n<meta property=\"article:publisher\" content=\"https:\/\/www.facebook.com\/TheLawOfficesOfJasonETaylor\/\" \/>\n<meta property=\"article:modified_time\" content=\"2025-09-11T14:22:01+00:00\" \/>\n<meta property=\"og:image\" content=\"https:\/\/thelitigator.com\/wp-content\/uploads\/2023\/07\/maxresdefault.jpg\" \/>\n\t<meta property=\"og:image:width\" content=\"1280\" \/>\n\t<meta property=\"og:image:height\" content=\"720\" \/>\n\t<meta property=\"og:image:type\" content=\"image\/jpeg\" \/>\n<meta name=\"twitter:card\" content=\"summary_large_image\" \/>\n<meta name=\"twitter:site\" content=\"@lawyerjet\" \/>\n<meta name=\"twitter:label1\" content=\"Est. reading time\" \/>\n\t<meta name=\"twitter:data1\" content=\"5 minutes\" \/>\n<script type=\"application\/ld+json\" class=\"yoast-schema-graph\">{\"@context\":\"https:\\\/\\\/schema.org\",\"@graph\":[{\"@type\":\"WebPage\",\"@id\":\"https:\\\/\\\/thelitigator.com\\\/es\\\/hickory-nc\\\/abogados-de-responsabilidad-de-locales\\\/\",\"url\":\"https:\\\/\\\/thelitigator.com\\\/es\\\/hickory-nc\\\/abogados-de-responsabilidad-de-locales\\\/\",\"name\":\"Abogados de Responsabilidad de Locales de Hickory, NC\",\"isPartOf\":{\"@id\":\"https:\\\/\\\/thelitigator.com\\\/es\\\/#website\"},\"primaryImageOfPage\":{\"@id\":\"https:\\\/\\\/thelitigator.com\\\/es\\\/hickory-nc\\\/abogados-de-responsabilidad-de-locales\\\/#primaryimage\"},\"image\":{\"@id\":\"https:\\\/\\\/thelitigator.com\\\/es\\\/hickory-nc\\\/abogados-de-responsabilidad-de-locales\\\/#primaryimage\"},\"thumbnailUrl\":\"https:\\\/\\\/thelitigator.com\\\/wp-content\\\/uploads\\\/2023\\\/07\\\/maxresdefault.jpg\",\"datePublished\":\"2022-10-25T01:00:29+00:00\",\"dateModified\":\"2025-09-11T14:22:01+00:00\",\"description\":\"Lesionado en la propiedad de otra persona en Hickory, NC? Llame a las Oficinas Legales de Jason E. Taylor hoy para una consulta gratuita con un abogado experto.\",\"breadcrumb\":{\"@id\":\"https:\\\/\\\/thelitigator.com\\\/es\\\/hickory-nc\\\/abogados-de-responsabilidad-de-locales\\\/#breadcrumb\"},\"inLanguage\":\"es-US\",\"potentialAction\":[{\"@type\":\"ReadAction\",\"target\":[\"https:\\\/\\\/thelitigator.com\\\/es\\\/hickory-nc\\\/abogados-de-responsabilidad-de-locales\\\/\"]}]},{\"@type\":\"ImageObject\",\"inLanguage\":\"es-US\",\"@id\":\"https:\\\/\\\/thelitigator.com\\\/es\\\/hickory-nc\\\/abogados-de-responsabilidad-de-locales\\\/#primaryimage\",\"url\":\"https:\\\/\\\/thelitigator.com\\\/wp-content\\\/uploads\\\/2023\\\/07\\\/maxresdefault.jpg\",\"contentUrl\":\"https:\\\/\\\/thelitigator.com\\\/wp-content\\\/uploads\\\/2023\\\/07\\\/maxresdefault.jpg\",\"width\":1280,\"height\":720,\"caption\":\"Hickory, NC\"},{\"@type\":\"BreadcrumbList\",\"@id\":\"https:\\\/\\\/thelitigator.com\\\/es\\\/hickory-nc\\\/abogados-de-responsabilidad-de-locales\\\/#breadcrumb\",\"itemListElement\":[{\"@type\":\"ListItem\",\"position\":1,\"name\":\"Home\",\"item\":\"https:\\\/\\\/thelitigator.com\\\/es\\\/\"},{\"@type\":\"ListItem\",\"position\":2,\"name\":\"Abogados de lesiones personales en Hickory, NC\",\"item\":\"https:\\\/\\\/thelitigator.com\\\/es\\\/hickory-nc\\\/\"},{\"@type\":\"ListItem\",\"position\":3,\"name\":\"Abogados de responsabilidad de locales de Hickory\"}]},{\"@type\":\"WebSite\",\"@id\":\"https:\\\/\\\/thelitigator.com\\\/es\\\/#website\",\"url\":\"https:\\\/\\\/thelitigator.com\\\/es\\\/\",\"name\":\"Taylor | Serbin Injury Lawyers\",\"description\":\"Taylor | Serbin Injury Lawyers Serving North and South Carolina Areas\",\"publisher\":{\"@id\":\"https:\\\/\\\/thelitigator.com\\\/es\\\/#organization\"},\"potentialAction\":[{\"@type\":\"SearchAction\",\"target\":{\"@type\":\"EntryPoint\",\"urlTemplate\":\"https:\\\/\\\/thelitigator.com\\\/es\\\/?s={search_term_string}\"},\"query-input\":{\"@type\":\"PropertyValueSpecification\",\"valueRequired\":true,\"valueName\":\"search_term_string\"}}],\"inLanguage\":\"es-US\"},{\"@type\":\"Organization\",\"@id\":\"https:\\\/\\\/thelitigator.com\\\/es\\\/#organization\",\"name\":\"Taylor | Serbin Injury Lawyers\",\"url\":\"https:\\\/\\\/thelitigator.com\\\/es\\\/\",\"logo\":{\"@type\":\"ImageObject\",\"inLanguage\":\"es-US\",\"@id\":\"https:\\\/\\\/thelitigator.com\\\/es\\\/#\\\/schema\\\/logo\\\/image\\\/\",\"url\":\"https:\\\/\\\/thelitigator.com\\\/wp-content\\\/uploads\\\/2025\\\/12\\\/TSL-brand-final-01.svg\",\"contentUrl\":\"https:\\\/\\\/thelitigator.com\\\/wp-content\\\/uploads\\\/2025\\\/12\\\/TSL-brand-final-01.svg\",\"width\":288,\"height\":198,\"caption\":\"Taylor | Serbin Injury Lawyers\"},\"image\":{\"@id\":\"https:\\\/\\\/thelitigator.com\\\/es\\\/#\\\/schema\\\/logo\\\/image\\\/\"},\"sameAs\":[\"https:\\\/\\\/www.facebook.com\\\/TheLawOfficesOfJasonETaylor\\\/\",\"https:\\\/\\\/x.com\\\/lawyerjet\"]}]}<\/script>\n<!-- \/ Yoast SEO plugin. -->","yoast_head_json":{"title":"Abogados de Responsabilidad de Locales de Hickory, NC","description":"Lesionado en la propiedad de otra persona en Hickory, NC? Llame a las Oficinas Legales de Jason E. Taylor hoy para una consulta gratuita con un abogado experto.","robots":{"index":"index","follow":"follow","max-snippet":"max-snippet:-1","max-image-preview":"max-image-preview:large","max-video-preview":"max-video-preview:-1"},"canonical":"https:\/\/thelitigator.com\/es\/hickory-nc\/abogados-de-responsabilidad-de-locales\/","og_locale":"es_ES","og_type":"article","og_title":"Abogados de Responsabilidad de Locales de Hickory, NC","og_description":"Lesionado en la propiedad de otra persona en Hickory, NC? Llame a las Oficinas Legales de Jason E. Taylor hoy para una consulta gratuita con un abogado experto.","og_url":"https:\/\/thelitigator.com\/es\/hickory-nc\/abogados-de-responsabilidad-de-locales\/","og_site_name":"Taylor | Serbin Injury Lawyers","article_publisher":"https:\/\/www.facebook.com\/TheLawOfficesOfJasonETaylor\/","article_modified_time":"2025-09-11T14:22:01+00:00","og_image":[{"width":1280,"height":720,"url":"https:\/\/thelitigator.com\/wp-content\/uploads\/2023\/07\/maxresdefault.jpg","type":"image\/jpeg"}],"twitter_card":"summary_large_image","twitter_site":"@lawyerjet","twitter_misc":{"Est. reading time":"5 minutes"},"schema":{"@context":"https:\/\/schema.org","@graph":[{"@type":"WebPage","@id":"https:\/\/thelitigator.com\/es\/hickory-nc\/abogados-de-responsabilidad-de-locales\/","url":"https:\/\/thelitigator.com\/es\/hickory-nc\/abogados-de-responsabilidad-de-locales\/","name":"Abogados de Responsabilidad de Locales de Hickory, NC","isPartOf":{"@id":"https:\/\/thelitigator.com\/es\/#website"},"primaryImageOfPage":{"@id":"https:\/\/thelitigator.com\/es\/hickory-nc\/abogados-de-responsabilidad-de-locales\/#primaryimage"},"image":{"@id":"https:\/\/thelitigator.com\/es\/hickory-nc\/abogados-de-responsabilidad-de-locales\/#primaryimage"},"thumbnailUrl":"https:\/\/thelitigator.com\/wp-content\/uploads\/2023\/07\/maxresdefault.jpg","datePublished":"2022-10-25T01:00:29+00:00","dateModified":"2025-09-11T14:22:01+00:00","description":"Lesionado en la propiedad de otra persona en Hickory, NC? Llame a las Oficinas Legales de Jason E. Taylor hoy para una consulta gratuita con un abogado experto.","breadcrumb":{"@id":"https:\/\/thelitigator.com\/es\/hickory-nc\/abogados-de-responsabilidad-de-locales\/#breadcrumb"},"inLanguage":"es-US","potentialAction":[{"@type":"ReadAction","target":["https:\/\/thelitigator.com\/es\/hickory-nc\/abogados-de-responsabilidad-de-locales\/"]}]},{"@type":"ImageObject","inLanguage":"es-US","@id":"https:\/\/thelitigator.com\/es\/hickory-nc\/abogados-de-responsabilidad-de-locales\/#primaryimage","url":"https:\/\/thelitigator.com\/wp-content\/uploads\/2023\/07\/maxresdefault.jpg","contentUrl":"https:\/\/thelitigator.com\/wp-content\/uploads\/2023\/07\/maxresdefault.jpg","width":1280,"height":720,"caption":"Hickory, NC"},{"@type":"BreadcrumbList","@id":"https:\/\/thelitigator.com\/es\/hickory-nc\/abogados-de-responsabilidad-de-locales\/#breadcrumb","itemListElement":[{"@type":"ListItem","position":1,"name":"Home","item":"https:\/\/thelitigator.com\/es\/"},{"@type":"ListItem","position":2,"name":"Abogados de lesiones personales en Hickory, NC","item":"https:\/\/thelitigator.com\/es\/hickory-nc\/"},{"@type":"ListItem","position":3,"name":"Abogados de responsabilidad de locales de Hickory"}]},{"@type":"WebSite","@id":"https:\/\/thelitigator.com\/es\/#website","url":"https:\/\/thelitigator.com\/es\/","name":"Taylor | Serbin Injury Lawyers","description":"Taylor | Serbin Injury Lawyers Serving North and South Carolina Areas","publisher":{"@id":"https:\/\/thelitigator.com\/es\/#organization"},"potentialAction":[{"@type":"SearchAction","target":{"@type":"EntryPoint","urlTemplate":"https:\/\/thelitigator.com\/es\/?s={search_term_string}"},"query-input":{"@type":"PropertyValueSpecification","valueRequired":true,"valueName":"search_term_string"}}],"inLanguage":"es-US"},{"@type":"Organization","@id":"https:\/\/thelitigator.com\/es\/#organization","name":"Taylor | Serbin Injury Lawyers","url":"https:\/\/thelitigator.com\/es\/","logo":{"@type":"ImageObject","inLanguage":"es-US","@id":"https:\/\/thelitigator.com\/es\/#\/schema\/logo\/image\/","url":"https:\/\/thelitigator.com\/wp-content\/uploads\/2025\/12\/TSL-brand-final-01.svg","contentUrl":"https:\/\/thelitigator.com\/wp-content\/uploads\/2025\/12\/TSL-brand-final-01.svg","width":288,"height":198,"caption":"Taylor | Serbin Injury Lawyers"},"image":{"@id":"https:\/\/thelitigator.com\/es\/#\/schema\/logo\/image\/"},"sameAs":["https:\/\/www.facebook.com\/TheLawOfficesOfJasonETaylor\/","https:\/\/x.com\/lawyerjet"]}]}},"_links":{"self":[{"href":"https:\/\/thelitigator.com\/es\/wp-json\/wp\/v2\/pages\/9760","targetHints":{"allow":["GET"]}}],"collection":[{"href":"https:\/\/thelitigator.com\/es\/wp-json\/wp\/v2\/pages"}],"about":[{"href":"https:\/\/thelitigator.com\/es\/wp-json\/wp\/v2\/types\/page"}],"author":[{"embeddable":true,"href":"https:\/\/thelitigator.com\/es\/wp-json\/wp\/v2\/users\/8"}],"replies":[{"embeddable":true,"href":"https:\/\/thelitigator.com\/es\/wp-json\/wp\/v2\/comments?post=9760"}],"version-history":[{"count":0,"href":"https:\/\/thelitigator.com\/es\/wp-json\/wp\/v2\/pages\/9760\/revisions"}],"up":[{"embeddable":true,"href":"https:\/\/thelitigator.com\/es\/wp-json\/wp\/v2\/pages\/9747"}],"wp:featuredmedia":[{"embeddable":true,"href":"https:\/\/thelitigator.com\/es\/wp-json\/wp\/v2\/media\/9170"}],"wp:attachment":[{"href":"https:\/\/thelitigator.com\/es\/wp-json\/wp\/v2\/media?parent=9760"}],"wp:term":[{"taxonomy":"category","embeddable":true,"href":"https:\/\/thelitigator.com\/es\/wp-json\/wp\/v2\/categories?post=9760"},{"taxonomy":"post_tag","embeddable":true,"href":"https:\/\/thelitigator.com\/es\/wp-json\/wp\/v2\/tags?post=9760"},{"taxonomy":"attorney","embeddable":true,"href":"https:\/\/thelitigator.com\/es\/wp-json\/wp\/v2\/attorney?post=9760"}],"curies":[{"name":"wp","href":"https:\/\/api.w.org\/{rel}","templated":true}]}}