{"id":9750,"date":"2022-02-15T19:53:54","date_gmt":"2022-02-16T00:53:54","guid":{"rendered":"https:\/\/thelitigator.com\/concord-nc\/"},"modified":"2023-09-17T19:58:51","modified_gmt":"2023-09-17T23:58:51","slug":"concord-nc","status":"publish","type":"page","link":"https:\/\/thelitigator.com\/es\/concord-nc\/","title":{"rendered":"Abogados de lesiones personales de Concord"},"content":{"rendered":"\n<h2 class=\"wp-block-heading\">\u00bfQu\u00e9 hace un abogado de lesiones personales de Concord?<\/h2>\n\n\n\n<p>Cuando contrata a un abogado de lesiones personales de Concord, recopilar\u00e1 las pruebas necesarias para demostrar que la otra parte caus\u00f3 su accidente y es responsable de compensarlo por sus p\u00e9rdidas.<\/p>\n\n\n\n<p>Adem\u00e1s, nuestros abogados manejar\u00e1n todos los aspectos del reclamo en su nombre para que pueda concentrarse en recuperarse de sus lesiones.<\/p>\n\n\n\n<p>Algunas de las tareas que realizan nuestros abogados de lesiones personales de Concord pueden incluir:<\/p>\n\n\n\n<ul class=\"wp-block-list\">\n<li>Investigando la escena del accidente<\/li>\n\n\n\n<li>Entrevistando a testigos<\/li>\n\n\n\n<li>Revisi\u00f3n de informes policiales y registros m\u00e9dicos.<\/li>\n\n\n\n<li>Preparaci\u00f3n de documentos legales.<\/li>\n<\/ul>\n\n\n\n<p>Si ha resultado lesionado en un accidente, hable con un abogado lo antes posible. Las Oficinas Legales de Jason E. Taylor ofrecen consultas gratuitas, as\u00ed que no dude en contactarnos hoy.<\/p>\n\n\n\n<h2 class=\"wp-block-heading\">\u00bfQu\u00e9 tipos de casos de lesiones personales manejan nuestros abogados en Concord, N.C.?<\/h2>\n\n\n\n<p>Las Oficinas Legales de Jason E. Taylor representan a clientes en una variedad de reclamos por lesiones, que incluyen:<\/p>\n\n\n\n<h3 class=\"wp-block-heading\">Accidentes por resbalones y ca\u00eddas<\/h3>\n\n\n\n<p>Los accidentes por resbalones y ca\u00eddas ocurren cuando alguien se resbala, tropieza o cae en una propiedad p\u00fablica o privada. Estos accidentes pueden causar lesiones graves, como huesos rotos, lesiones en la cabeza y lesiones en la m\u00e9dula espinal.<\/p>\n\n\n\n<p>Para tener un reclamo v\u00e1lido por resbal\u00f3n y ca\u00edda, debe poder probar que el due\u00f1o de la propiedad fue negligente en el mantenimiento de su propiedad.<\/p>\n\n\n\n<h3 class=\"wp-block-heading\">Reclamaciones de muerte por negligencia<\/h3>\n\n\n\n<p>Cuando alguien muere debido a las acciones negligentes de otro, las familias pueden presentar un reclamo por muerte injusta. Una demanda exitosa por muerte por negligencia puede ayudar a los familiares en duelo a obtener una compensaci\u00f3n para cubrir los gastos m\u00e9dicos, los costos del funeral y la p\u00e9rdida de ingresos a los que habr\u00edan tenido derecho si su ser querido no hubiera muerto prematuramente.<\/p>\n\n\n\n<h3 class=\"wp-block-heading\"><strong>Accidentes Automovil\u00edsticos<\/strong><\/h3>\n\n\n\n<p>Las v\u00edctimas de accidentes automovil\u00edsticos a menudo sufren lesiones graves, como latigazo cervical, huesos rotos y lesiones en la cabeza. Si result\u00f3 lesionado en un accidente automovil\u00edstico, es posible que pueda presentar un reclamo contra la compa\u00f1\u00eda de seguros del otro conductor.<\/p>\n\n\n\n<h3 class=\"wp-block-heading\"><strong>Accidentes de motocicleta<\/strong><\/h3>\n\n\n\n<p>Las lesiones graves suelen ser comunes en los accidentes de motocicleta. Nuestros abogados de Concord, N.C., est\u00e1n bien versados \u200b\u200ben la operaci\u00f3n de motocicletas, as\u00ed como en accidentes de motocicletas, y pueden ayudarlo a buscar el acuerdo que se merece.<\/p>\n\n\n\n<h3 class=\"wp-block-heading\">Reclamaciones de responsabilidad del producto<\/h3>\n\n\n\n<p>Si resulta lesionado por un producto defectuoso, es posible que pueda presentar un reclamo contra el fabricante, distribuidor o minorista del producto. El defecto puede estar en el dise\u00f1o del producto, el proceso de fabricaci\u00f3n o la falta de advertencia a los consumidores sobre los riesgos potenciales asociados con el uso de sus productos.<\/p>\n\n\n\n<h3 class=\"wp-block-heading\"><strong>Compensaci\u00f3n de trabajadores<\/strong><\/h3>\n\n\n\n<p>Si se lesion\u00f3 en el trabajo, puede tener derecho a los beneficios de compensaci\u00f3n para trabajadores. Un abogado con experiencia en lesiones personales puede ayudarlo a navegar por el sistema de compensaci\u00f3n para trabajadores de Carolina del Norte, presentar un reclamo y asegurarse de que obtenga los beneficios que se merece.<\/p>\n\n\n\n<h3 class=\"wp-block-heading\"><strong>Accidentes de Camiones<\/strong><\/h3>\n\n\n\n<p>Si usted es v\u00edctima de un accidente de cami\u00f3n, un abogado de lesiones personales de las Oficinas Legales de Jason E. Taylor puede ayudarlo a navegar las complejas leyes de camiones y obtener la compensaci\u00f3n que merece.<\/p>\n\n\n\n<h2 class=\"wp-block-heading\">Otros casos de lesiones personales que manejamos<\/h2>\n\n\n\n<ul class=\"wp-block-list\">\n<li>Responsabilidad de los locales<\/li>\n\n\n\n<li>Lesiones Infantiles<\/li>\n\n\n\n<li>Accidentes de Construcci\u00f3n<\/li>\n\n\n\n<li>Accidentes de bicicleta<\/li>\n\n\n\n<li>Mordidas de perro<\/li>\n\n\n\n<li>Lesi\u00f3n cerebral traum\u00e1tica<\/li>\n\n\n\n<li>Accidentes de viajes compartidos<\/li>\n\n\n\n<li>Accidentes de Construcci\u00f3n<\/li>\n\n\n\n<li>Accidentes de navegaci\u00f3n<\/li>\n<\/ul>\n\n\n\n<h2 class=\"wp-block-heading\">\u00bfCu\u00e1nto vale mi caso de lesiones personales en Concord?<\/h2>\n\n\n\n<p>Esta es una pregunta dif\u00edcil de responder sin saber m\u00e1s sobre los hechos de su caso. Sin embargo, nuestros abogados podr\u00e1n proporcionarle un presupuesto basado en la informaci\u00f3n que proporcione.<\/p>\n\n\n\n<p>Las v\u00edctimas de lesiones personales pueden recuperar una compensaci\u00f3n significativa por sus lesiones en la mayor\u00eda de los casos. Esto podr\u00eda incluir da\u00f1os por gastos m\u00e9dicos, salarios perdidos, dolor y sufrimiento, y m\u00e1s.<\/p>\n\n\n\n<p>Si result\u00f3 lesionado en un accidente, es importante que hable con un abogado de lesiones personales lo antes posible para conocer sus derechos y a qu\u00e9 puede tener derecho. Los abogados de las Oficinas Legales de Jason E. Taylor est\u00e1n aqu\u00ed para ayudar.<\/p>\n\n\n\n<h2 class=\"wp-block-heading\">Da\u00f1os que puede recuperar en un reclamo por lesiones personales de Concord<\/h2>\n\n\n\n<p>Si result\u00f3 lesionado en un accidente y est\u00e1 presentando una demanda contra la parte responsable, es posible que tenga varios da\u00f1os disponibles. Los tipos de da\u00f1os m\u00e1s comunes incluyen:<\/p>\n\n\n\n<h3 class=\"wp-block-heading\">Gastos m\u00e9dicos<\/h3>\n\n\n\n<p>Esto incluye gastos por visitas m\u00e9dicas pasadas y futuras, cirug\u00edas, medicamentos recetados, sesiones de fisioterapia y m\u00e1s.<\/p>\n\n\n\n<h3 class=\"wp-block-heading\">Salarios perdidos<\/h3>\n\n\n\n<p>Si no puede trabajar como resultado de sus lesiones, es posible que pueda recuperar una compensaci\u00f3n por los salarios que perdi\u00f3 durante este per\u00edodo de tiempo.<\/p>\n\n\n\n<h3 class=\"wp-block-heading\">Da\u00f1os por discapacidad y desfiguraci\u00f3n<\/h3>\n\n\n\n<p>Las lesiones que resulten en discapacidades permanentes o desfiguraciones pueden dar derecho a las v\u00edctimas a una compensaci\u00f3n adicional. Esto podr\u00eda incluir da\u00f1os por dolor y sufrimiento, p\u00e9rdida del disfrute de la vida, angustia emocional y m\u00e1s.<\/p>\n\n\n\n<h3 class=\"wp-block-heading\">Da\u00f1os por muerte por negligencia<\/h3>\n\n\n\n<p>Si alguien muere como resultado de la negligencia de otra persona, los familiares de la v\u00edctima pueden recuperar da\u00f1os tales como gastos m\u00e9dicos, costos del funeral, p\u00e9rdida de ingresos y m\u00e1s.<\/p>\n\n\n\n<p>Los abogados de las Oficinas Legales de Jason E. Taylor tienen experiencia en el manejo de varios casos de lesiones personales, y lo ayudaremos a determinar qu\u00e9 da\u00f1os pueden estar disponibles para usted en su caso, as\u00ed como cu\u00e1nto valen esos da\u00f1os.<\/p>\n\n\n\n<h2 class=\"wp-block-heading\">\u00bfQu\u00e9 es el Estatuto de Limitaciones en Concord, N.C., para Reclamos por Lesiones Personales?<\/h2>\n\n\n\n<p>Al presentar un reclamo por lesiones personales, hay ciertos l\u00edmites de tiempo que debe cumplir. Estas leyes se denominan estatutos de limitaciones y var\u00edan mucho de un estado a otro. En Carolina del Norte, el estatuto de limitaciones para la mayor\u00eda de los reclamos por lesiones personales es de tres a\u00f1os. Esto significa que tiene tres a\u00f1os a partir de la fecha del accidente para presentar un reclamo.<\/p>\n\n\n\n<h2 class=\"wp-block-heading\">\u00bfC\u00f3mo pueden ayudarlo nuestros abogados de lesiones personales?<\/h2>\n\n\n\n<p>Nuestros abogados investigar\u00e1n a fondo todos los aspectos de su caso para determinar qui\u00e9n fue responsable de sus lesiones. Descubriremos todas las posibles fuentes de cobertura de seguros para que pueda cobrar la m\u00e1xima cantidad posible para su caso.<\/p>\n\n\n\n<p>Sabemos lo importante que es responsabilizar a estas partes negligentes por sus acciones, y nuestros abogados no dejar\u00e1n de luchar hasta que se haga justicia en nombre de nuestros clientes.<\/p>\n\n\n\n<h2 class=\"wp-block-heading\">\u00bfC\u00f3mo presentar un reclamo por lesiones personales en Concord, N.C.?<\/h2>\n\n\n\n<p>Presentar un reclamo por lesiones personales en Concord, N.C., puede ser complejo y llevar mucho tiempo. El proceso normalmente implica los siguientes pasos:<\/p>\n\n\n\n<h4 class=\"wp-block-heading\">Investigaci\u00f3n del Accidente<\/h4>\n\n\n\n<p>El primer paso es investigar qu\u00e9 sucedi\u00f3 y determinar qui\u00e9n tuvo la culpa de sus lesiones. Esto incluye recopilar evidencia de la escena del accidente, tomar fotos o videos, entrevistar a testigos y m\u00e1s.<\/p>\n\n\n\n<h4 class=\"wp-block-heading\">Presentar una demanda<\/h4>\n\n\n\n<p>Si se determina que otra parte es responsable de sus lesiones, deber\u00e1 presentar una demanda en su contra. Este proceso puede ser complicado y debe realizarse con la ayuda de un abogado con experiencia.<\/p>\n\n\n\n<h4 class=\"wp-block-heading\">Liquidaci\u00f3n o Juicio<\/h4>\n\n\n\n<p>La mayor\u00eda de los casos de lesiones personales se resuelven mediante negociaciones de conciliaci\u00f3n entre las partes. Sin embargo, algunos casos proceden a juicio. Nuestros abogados tienen experiencia tanto en acuerdos como en negociaciones de juicios y podr\u00e1n guiarlo a trav\u00e9s del proceso.<\/p>\n\n\n\n<h2 class=\"wp-block-heading\">P\u00f3ngase en contacto con nuestros abogados de lesiones personales de Concord<\/h2>\n\n\n\n<p>Si result\u00f3 lesionado en un accidente, debe hablar con un abogado de lesiones personales lo antes posible. Los abogados de Las Oficinas Legales de Jason E. Taylor est\u00e1n aqu\u00ed para ayudarlo y lucharemos por sus derechos en cada paso del camino.<\/p>\n\n\n\n<p>Cont\u00e1ctenos hoy para hablar con uno de nuestros abogados de lesiones personales. Revisaremos los detalles de su caso y le daremos nuestra evaluaci\u00f3n honesta sobre si tiene o no un reclamo de compensaci\u00f3n bajo la ley civil.<\/p>\n","protected":false},"excerpt":{"rendered":"<p>Si result\u00f3 lesionado en un accidente y se pregunta si tiene un caso, la mejor manera de averiguarlo es hablar con un abogado de lesiones personales de Concord. Un abogado puede revisar los detalles de su accidente y hacerle saber si tiene un reclamo v\u00e1lido. Tambi\u00e9n le aconsejar\u00e1n sobre el mejor curso de acci\u00f3n que pueda tomar.<br \/>\nLos abogados de lesiones personales de Concord en Las Oficinas Legales de Jason E. Taylor, tienen m\u00e1s de 100 a\u00f1os de experiencia combinada ayudando a las v\u00edctimas lesionadas a obtener la compensaci\u00f3n que merecen despu\u00e9s de un accidente con lesiones. Nuestros abogados de Concord est\u00e1n aqu\u00ed para representarlo en varios reclamos por lesiones, incluyendo accidentes automovil\u00edsticos, accidentes de navegaci\u00f3n, resbalones y ca\u00eddas, productos defectuosos, negligencia m\u00e9dica y m\u00e1s.<br \/>\nComun\u00edquese con nuestra oficina para programar una consulta inicial gratuita y obtener m\u00e1s informaci\u00f3n sobre c\u00f3mo podemos ayudarlo.<\/p>\n","protected":false},"author":8,"featured_media":9162,"parent":0,"menu_order":0,"comment_status":"closed","ping_status":"closed","template":"","meta":{"_acf_changed":false,"footnotes":""},"categories":[1426,1427],"tags":[],"attorney":[],"class_list":["post-9750","page","type-page","status-publish","has-post-thumbnail","hentry","category-concord-es","category-personal-injury-es"],"acf":[],"yoast_head":"<!-- This site is optimized with the Yoast SEO plugin v27.5 - https:\/\/yoast.com\/product\/yoast-seo-wordpress\/ -->\n<title>Abogados de Lesiones Personales en Concord, NC<\/title>\n<meta name=\"description\" content=\"Si necesita ayuda para presentar un reclamo por lesiones personales en Concord, nuestro equipo de abogados expertos en lesiones est\u00e1 listo para ayudarlo en nuestra oficina de Concord.\" \/>\n<meta name=\"robots\" content=\"index, follow, max-snippet:-1, max-image-preview:large, max-video-preview:-1\" \/>\n<link rel=\"canonical\" href=\"https:\/\/thelitigator.com\/es\/concord-nc\/\" \/>\n<meta property=\"og:locale\" content=\"es_ES\" \/>\n<meta property=\"og:type\" content=\"article\" \/>\n<meta property=\"og:title\" content=\"Abogados de Lesiones Personales en Concord, NC\" \/>\n<meta property=\"og:description\" content=\"Si necesita ayuda para presentar un reclamo por lesiones personales en Concord, nuestro equipo de abogados expertos en lesiones est\u00e1 listo para ayudarlo en nuestra oficina de Concord.\" \/>\n<meta property=\"og:url\" content=\"https:\/\/thelitigator.com\/es\/concord-nc\/\" \/>\n<meta property=\"og:site_name\" content=\"Taylor | Serbin Injury Lawyers\" \/>\n<meta property=\"article:publisher\" content=\"https:\/\/www.facebook.com\/TheLawOfficesOfJasonETaylor\/\" \/>\n<meta property=\"article:modified_time\" content=\"2023-09-17T23:58:51+00:00\" \/>\n<meta property=\"og:image\" content=\"https:\/\/thelitigator.com\/wp-content\/uploads\/2023\/07\/Concord-NC.jpeg\" \/>\n\t<meta property=\"og:image:width\" content=\"1046\" \/>\n\t<meta property=\"og:image:height\" content=\"697\" \/>\n\t<meta property=\"og:image:type\" content=\"image\/jpeg\" \/>\n<meta name=\"twitter:card\" content=\"summary_large_image\" \/>\n<meta name=\"twitter:site\" content=\"@lawyerjet\" \/>\n<meta name=\"twitter:label1\" content=\"Est. reading time\" \/>\n\t<meta name=\"twitter:data1\" content=\"6 minutes\" \/>\n<script type=\"application\/ld+json\" class=\"yoast-schema-graph\">{\"@context\":\"https:\\\/\\\/schema.org\",\"@graph\":[{\"@type\":\"WebPage\",\"@id\":\"https:\\\/\\\/thelitigator.com\\\/es\\\/concord-nc\\\/\",\"url\":\"https:\\\/\\\/thelitigator.com\\\/es\\\/concord-nc\\\/\",\"name\":\"Abogados de Lesiones Personales en Concord, NC\",\"isPartOf\":{\"@id\":\"https:\\\/\\\/thelitigator.com\\\/es\\\/#website\"},\"primaryImageOfPage\":{\"@id\":\"https:\\\/\\\/thelitigator.com\\\/es\\\/concord-nc\\\/#primaryimage\"},\"image\":{\"@id\":\"https:\\\/\\\/thelitigator.com\\\/es\\\/concord-nc\\\/#primaryimage\"},\"thumbnailUrl\":\"https:\\\/\\\/thelitigator.com\\\/wp-content\\\/uploads\\\/2023\\\/07\\\/Concord-NC.jpeg\",\"datePublished\":\"2022-02-16T00:53:54+00:00\",\"dateModified\":\"2023-09-17T23:58:51+00:00\",\"description\":\"Si necesita ayuda para presentar un reclamo por lesiones personales en Concord, nuestro equipo de abogados expertos en lesiones est\u00e1 listo para ayudarlo en nuestra oficina de Concord.\",\"breadcrumb\":{\"@id\":\"https:\\\/\\\/thelitigator.com\\\/es\\\/concord-nc\\\/#breadcrumb\"},\"inLanguage\":\"es-US\",\"potentialAction\":[{\"@type\":\"ReadAction\",\"target\":[\"https:\\\/\\\/thelitigator.com\\\/es\\\/concord-nc\\\/\"]}]},{\"@type\":\"ImageObject\",\"inLanguage\":\"es-US\",\"@id\":\"https:\\\/\\\/thelitigator.com\\\/es\\\/concord-nc\\\/#primaryimage\",\"url\":\"https:\\\/\\\/thelitigator.com\\\/wp-content\\\/uploads\\\/2023\\\/07\\\/Concord-NC.jpeg\",\"contentUrl\":\"https:\\\/\\\/thelitigator.com\\\/wp-content\\\/uploads\\\/2023\\\/07\\\/Concord-NC.jpeg\",\"width\":1046,\"height\":697},{\"@type\":\"BreadcrumbList\",\"@id\":\"https:\\\/\\\/thelitigator.com\\\/es\\\/concord-nc\\\/#breadcrumb\",\"itemListElement\":[{\"@type\":\"ListItem\",\"position\":1,\"name\":\"Home\",\"item\":\"https:\\\/\\\/thelitigator.com\\\/es\\\/\"},{\"@type\":\"ListItem\",\"position\":2,\"name\":\"Abogados de lesiones personales de Concord\"}]},{\"@type\":\"WebSite\",\"@id\":\"https:\\\/\\\/thelitigator.com\\\/es\\\/#website\",\"url\":\"https:\\\/\\\/thelitigator.com\\\/es\\\/\",\"name\":\"Taylor | Serbin Injury Lawyers\",\"description\":\"Taylor | Serbin Injury Lawyers Serving North and South Carolina Areas\",\"publisher\":{\"@id\":\"https:\\\/\\\/thelitigator.com\\\/es\\\/#organization\"},\"potentialAction\":[{\"@type\":\"SearchAction\",\"target\":{\"@type\":\"EntryPoint\",\"urlTemplate\":\"https:\\\/\\\/thelitigator.com\\\/es\\\/?s={search_term_string}\"},\"query-input\":{\"@type\":\"PropertyValueSpecification\",\"valueRequired\":true,\"valueName\":\"search_term_string\"}}],\"inLanguage\":\"es-US\"},{\"@type\":\"Organization\",\"@id\":\"https:\\\/\\\/thelitigator.com\\\/es\\\/#organization\",\"name\":\"Taylor | Serbin Injury Lawyers\",\"url\":\"https:\\\/\\\/thelitigator.com\\\/es\\\/\",\"logo\":{\"@type\":\"ImageObject\",\"inLanguage\":\"es-US\",\"@id\":\"https:\\\/\\\/thelitigator.com\\\/es\\\/#\\\/schema\\\/logo\\\/image\\\/\",\"url\":\"https:\\\/\\\/thelitigator.com\\\/wp-content\\\/uploads\\\/2025\\\/12\\\/TSL-brand-final-01.svg\",\"contentUrl\":\"https:\\\/\\\/thelitigator.com\\\/wp-content\\\/uploads\\\/2025\\\/12\\\/TSL-brand-final-01.svg\",\"width\":288,\"height\":198,\"caption\":\"Taylor | Serbin Injury Lawyers\"},\"image\":{\"@id\":\"https:\\\/\\\/thelitigator.com\\\/es\\\/#\\\/schema\\\/logo\\\/image\\\/\"},\"sameAs\":[\"https:\\\/\\\/www.facebook.com\\\/TheLawOfficesOfJasonETaylor\\\/\",\"https:\\\/\\\/x.com\\\/lawyerjet\"]}]}<\/script>\n<!-- \/ Yoast SEO plugin. -->","yoast_head_json":{"title":"Abogados de Lesiones Personales en Concord, NC","description":"Si necesita ayuda para presentar un reclamo por lesiones personales en Concord, nuestro equipo de abogados expertos en lesiones est\u00e1 listo para ayudarlo en nuestra oficina de Concord.","robots":{"index":"index","follow":"follow","max-snippet":"max-snippet:-1","max-image-preview":"max-image-preview:large","max-video-preview":"max-video-preview:-1"},"canonical":"https:\/\/thelitigator.com\/es\/concord-nc\/","og_locale":"es_ES","og_type":"article","og_title":"Abogados de Lesiones Personales en Concord, NC","og_description":"Si necesita ayuda para presentar un reclamo por lesiones personales en Concord, nuestro equipo de abogados expertos en lesiones est\u00e1 listo para ayudarlo en nuestra oficina de Concord.","og_url":"https:\/\/thelitigator.com\/es\/concord-nc\/","og_site_name":"Taylor | Serbin Injury Lawyers","article_publisher":"https:\/\/www.facebook.com\/TheLawOfficesOfJasonETaylor\/","article_modified_time":"2023-09-17T23:58:51+00:00","og_image":[{"width":1046,"height":697,"url":"https:\/\/thelitigator.com\/wp-content\/uploads\/2023\/07\/Concord-NC.jpeg","type":"image\/jpeg"}],"twitter_card":"summary_large_image","twitter_site":"@lawyerjet","twitter_misc":{"Est. reading time":"6 minutes"},"schema":{"@context":"https:\/\/schema.org","@graph":[{"@type":"WebPage","@id":"https:\/\/thelitigator.com\/es\/concord-nc\/","url":"https:\/\/thelitigator.com\/es\/concord-nc\/","name":"Abogados de Lesiones Personales en Concord, NC","isPartOf":{"@id":"https:\/\/thelitigator.com\/es\/#website"},"primaryImageOfPage":{"@id":"https:\/\/thelitigator.com\/es\/concord-nc\/#primaryimage"},"image":{"@id":"https:\/\/thelitigator.com\/es\/concord-nc\/#primaryimage"},"thumbnailUrl":"https:\/\/thelitigator.com\/wp-content\/uploads\/2023\/07\/Concord-NC.jpeg","datePublished":"2022-02-16T00:53:54+00:00","dateModified":"2023-09-17T23:58:51+00:00","description":"Si necesita ayuda para presentar un reclamo por lesiones personales en Concord, nuestro equipo de abogados expertos en lesiones est\u00e1 listo para ayudarlo en nuestra oficina de Concord.","breadcrumb":{"@id":"https:\/\/thelitigator.com\/es\/concord-nc\/#breadcrumb"},"inLanguage":"es-US","potentialAction":[{"@type":"ReadAction","target":["https:\/\/thelitigator.com\/es\/concord-nc\/"]}]},{"@type":"ImageObject","inLanguage":"es-US","@id":"https:\/\/thelitigator.com\/es\/concord-nc\/#primaryimage","url":"https:\/\/thelitigator.com\/wp-content\/uploads\/2023\/07\/Concord-NC.jpeg","contentUrl":"https:\/\/thelitigator.com\/wp-content\/uploads\/2023\/07\/Concord-NC.jpeg","width":1046,"height":697},{"@type":"BreadcrumbList","@id":"https:\/\/thelitigator.com\/es\/concord-nc\/#breadcrumb","itemListElement":[{"@type":"ListItem","position":1,"name":"Home","item":"https:\/\/thelitigator.com\/es\/"},{"@type":"ListItem","position":2,"name":"Abogados de lesiones personales de Concord"}]},{"@type":"WebSite","@id":"https:\/\/thelitigator.com\/es\/#website","url":"https:\/\/thelitigator.com\/es\/","name":"Taylor | Serbin Injury Lawyers","description":"Taylor | Serbin Injury Lawyers Serving North and South Carolina Areas","publisher":{"@id":"https:\/\/thelitigator.com\/es\/#organization"},"potentialAction":[{"@type":"SearchAction","target":{"@type":"EntryPoint","urlTemplate":"https:\/\/thelitigator.com\/es\/?s={search_term_string}"},"query-input":{"@type":"PropertyValueSpecification","valueRequired":true,"valueName":"search_term_string"}}],"inLanguage":"es-US"},{"@type":"Organization","@id":"https:\/\/thelitigator.com\/es\/#organization","name":"Taylor | Serbin Injury Lawyers","url":"https:\/\/thelitigator.com\/es\/","logo":{"@type":"ImageObject","inLanguage":"es-US","@id":"https:\/\/thelitigator.com\/es\/#\/schema\/logo\/image\/","url":"https:\/\/thelitigator.com\/wp-content\/uploads\/2025\/12\/TSL-brand-final-01.svg","contentUrl":"https:\/\/thelitigator.com\/wp-content\/uploads\/2025\/12\/TSL-brand-final-01.svg","width":288,"height":198,"caption":"Taylor | Serbin Injury Lawyers"},"image":{"@id":"https:\/\/thelitigator.com\/es\/#\/schema\/logo\/image\/"},"sameAs":["https:\/\/www.facebook.com\/TheLawOfficesOfJasonETaylor\/","https:\/\/x.com\/lawyerjet"]}]}},"_links":{"self":[{"href":"https:\/\/thelitigator.com\/es\/wp-json\/wp\/v2\/pages\/9750","targetHints":{"allow":["GET"]}}],"collection":[{"href":"https:\/\/thelitigator.com\/es\/wp-json\/wp\/v2\/pages"}],"about":[{"href":"https:\/\/thelitigator.com\/es\/wp-json\/wp\/v2\/types\/page"}],"author":[{"embeddable":true,"href":"https:\/\/thelitigator.com\/es\/wp-json\/wp\/v2\/users\/8"}],"replies":[{"embeddable":true,"href":"https:\/\/thelitigator.com\/es\/wp-json\/wp\/v2\/comments?post=9750"}],"version-history":[{"count":0,"href":"https:\/\/thelitigator.com\/es\/wp-json\/wp\/v2\/pages\/9750\/revisions"}],"wp:featuredmedia":[{"embeddable":true,"href":"https:\/\/thelitigator.com\/es\/wp-json\/wp\/v2\/media\/9162"}],"wp:attachment":[{"href":"https:\/\/thelitigator.com\/es\/wp-json\/wp\/v2\/media?parent=9750"}],"wp:term":[{"taxonomy":"category","embeddable":true,"href":"https:\/\/thelitigator.com\/es\/wp-json\/wp\/v2\/categories?post=9750"},{"taxonomy":"post_tag","embeddable":true,"href":"https:\/\/thelitigator.com\/es\/wp-json\/wp\/v2\/tags?post=9750"},{"taxonomy":"attorney","embeddable":true,"href":"https:\/\/thelitigator.com\/es\/wp-json\/wp\/v2\/attorney?post=9750"}],"curies":[{"name":"wp","href":"https:\/\/api.w.org\/{rel}","templated":true}]}}