{"id":9747,"date":"2021-06-13T16:30:07","date_gmt":"2021-06-13T20:30:07","guid":{"rendered":"https:\/\/thelitigator.com\/hickory-nc\/"},"modified":"2023-09-17T19:58:52","modified_gmt":"2023-09-17T23:58:52","slug":"hickory-nc","status":"publish","type":"page","link":"https:\/\/thelitigator.com\/es\/hickory-nc\/","title":{"rendered":"Abogados de lesiones personales en Hickory, NC"},"content":{"rendered":"\n<figure class=\"wp-block-video\"><video controls src=\"https:\/\/thelitigator.com\/wp-content\/uploads\/2023\/05\/Hickory.mp4\"><\/video><\/figure>\n\n\n\n<h2 class=\"wp-block-heading\">\u00bfQu\u00e9 tipos de casos manejan nuestros abogados de lesiones personales de Hickory?<\/h2>\n\n\n\n<p>En nuestra oficina de Hickory, Carolina del Norte, nuestro experimentado equipo legal puede representarlo en una amplia gama de casos de lesiones personales y reclamos de muerte por negligencia. Algunos ejemplos de algunos de los asuntos legales m\u00e1s comunes que manejamos incluyen:<\/p>\n\n\n\n<h3 class=\"wp-block-heading\"><strong>Accidentes automovil\u00edsticos<\/strong><\/h3>\n\n\n\n<p>La poblaci\u00f3n de Hickory puede ser solo de alrededor de 41,000 personas, pero el \u00e1rea es un centro metropolitano para m\u00e1s de 365,000 personas que visitan numerosas actividades al aire libre, cervecer\u00edas, restaurantes, etc. M\u00e1s personas viajando hacia y desde Hickory significa que el riesgo de accidentes es mayor. Nuestros abogados de accidentes automovil\u00edsticos de Hickory pueden ayudarlo a luchar por los da\u00f1os que se le deben despu\u00e9s de una lesi\u00f3n causada por una colisi\u00f3n.<\/p>\n\n\n\n<h3 class=\"wp-block-heading\"><strong>Accidentes de motocicleta<\/strong><\/h3>\n\n\n\n<p>Los accidentes de motocicleta con frecuencia involucran lesiones graves o catastr\u00f3ficas, por falta de equipo de seguridad que tienen los conductores. En muchos casos, el cuerpo de un motociclista impacta directamente al otro veh\u00edculo durante una colisi\u00f3n. Las reclamaciones de motocicletas suelen ser muy complejas y, en general, existen estereotipos injustos sobre los motociclistas. Necesitas a alguien que proteja tus derechos. Desear\u00eda un abogado que tenga experiencia con este tipo de reclamos.<\/p>\n\n\n\n<h3 class=\"wp-block-heading\"><strong>Accidentes de camiones<\/strong><\/h3>\n\n\n\n<p>Si un camionero negligente lo lesion\u00f3 en Hickory, nuestro equipo de abogados de lesiones personales est\u00e1 aqu\u00ed para ayudarlo. Las reclamaciones por accidentes de camiones pueden ser complicadas, especialmente porque puede haber m\u00faltiples demandados y lesiones catastr\u00f3ficas. Esa es una de las razones por las que necesita un defensor legal experimentado de su lado.<\/p>\n\n\n\n<h3 class=\"wp-block-heading\">Reclamaciones por muerte por negligencia<\/h3>\n\n\n\n<p>Comprensiblemente, es un momento devastador cuando un ser querido fallece a causa de las lesiones sufridas en un accidente. Tiene gastos no planificados y cargas financieras adem\u00e1s del duelo por su familiar. Dependiendo de las circunstancias, podr\u00eda tener el derecho legal de presentar un reclamo por muerte injusta.<\/p>\n\n\n\n<h3 class=\"wp-block-heading\"><strong>Compensaci\u00f3n de trabajadores<\/strong><\/h3>\n\n\n\n<p>Si se lesiona en el trabajo y necesita ayuda para presentar un reclamo de compensaci\u00f3n de trabajadores, nuestros abogados de compensaci\u00f3n de trabajadores de Hickory est\u00e1n aqu\u00ed para ayudarlo.<\/p>\n\n\n\n<h3 class=\"wp-block-heading\">Negligencia m\u00e9dica<\/h3>\n\n\n\n<p>Si cree que un profesional m\u00e9dico le caus\u00f3 da\u00f1o, es posible que tenga un reclamo v\u00e1lido por negligencia m\u00e9dica contra el m\u00e9dico, el anestesi\u00f3logo, el centro quir\u00fargico, el hospital, etc.<\/p>\n\n\n\n<h3 class=\"wp-block-heading\">Otros casos que manejamos<\/h3>\n\n\n\n<p>Nuestro equipo legal puede representarlo en una variedad de otros casos, incluyendo:<\/p>\n\n\n\n<ul class=\"wp-block-list\">\n<li>Accidentes por resbalones y ca\u00eddas.<\/li>\n\n\n\n<li>Mordidas de perro.<\/li>\n\n\n\n<li>Otros accidentes de responsabilidad de locales.<\/li>\n\n\n\n<li>Accidentes de viajes compartidos.<\/li>\n\n\n\n<li>Accidentes de navegaci\u00f3n.<\/li>\n\n\n\n<li>Accidentes de Construcci\u00f3n.<\/li>\n\n\n\n<li>Productos defectuosos.<\/li>\n\n\n\n<li>Lesiones Cerebrales Traum\u00e1ticas.<\/li>\n\n\n\n<li><strong>Ley de Empleo.<\/strong><\/li>\n<\/ul>\n\n\n\n<h2 class=\"wp-block-heading\">\u00bfPor qu\u00e9 deber\u00eda contratar a un abogado de lesiones personales?<\/h2>\n\n\n\n<p>Si bien podr\u00eda manejar su caso de lesiones personales de forma independiente, el proceso de reclamos puede volverse complejo r\u00e1pidamente. Debe tener cuidado con todo lo que le diga a la compa\u00f1\u00eda de seguros de la otra parte oa su abogado. Te buscar\u00e1n para decir algo que puedan usar en tu contra y permitir que te culpen m\u00e1s. Cuando contrate a las Oficinas Legales de Jason E. Taylor, PC para que lo represente, manejaremos todas las comunicaciones con las otras partes. Nuestro objetivo es protegerlo y luchar por la compensaci\u00f3n que le deben.<\/p>\n\n\n\n<p>Necesita un defensor legal de su lado para asegurarse de que todas las posibles partes responsables se nombren en el reclamo y se responsabilicen por sus da\u00f1os. Tambi\u00e9n tiene una cantidad limitada de tiempo para presentar una demanda. Su abogado se asegurar\u00e1 de que se conserve el estatuto de limitaciones y presente una demanda dentro del plazo.<\/p>\n\n\n\n<h2 class=\"wp-block-heading\">\u00bfQu\u00e9 tipos de da\u00f1os puedo recuperar en un reclamo por lesiones personales?<\/h2>\n\n\n\n<p>Dependiendo de las circunstancias de su reclamo, existen ciertos tipos de da\u00f1os que podr\u00eda recuperar. Las dos categor\u00edas principales son da\u00f1os compensatorios y punitivos.<\/p>\n\n\n\n<p>Los da\u00f1os compensatorios se pueden dividir en da\u00f1os econ\u00f3micos y no econ\u00f3micos.<\/p>\n\n\n\n<p>Los da\u00f1os econ\u00f3micos son da\u00f1os calculados que consisten en elementos tales como:<\/p>\n\n\n\n<ul class=\"wp-block-list\">\n<li>Facturas m\u00e9dicas, tanto actuales como futuras.<\/li>\n\n\n\n<li>Lucro cesante y p\u00e9rdida futura de la capacidad de generar ingresos.<\/li>\n\n\n\n<li>Da\u00f1o a la propiedad.<\/li>\n\n\n\n<li>Cualquier otra p\u00e9rdida monetaria.<\/li>\n<\/ul>\n\n\n\n<p>Los da\u00f1os no econ\u00f3micos son da\u00f1os que son m\u00e1s subjetivos y no corresponden a p\u00e9rdidas financieras como los da\u00f1os econ\u00f3micos. Los da\u00f1os no econ\u00f3micos consisten en elementos tales como:<\/p>\n\n\n\n<ul class=\"wp-block-list\">\n<li>Dolor y sufrimiento f\u00edsico.<\/li>\n\n\n\n<li>Angustia mental.<\/li>\n\n\n\n<li>P\u00e9rdida de consorcio.<\/li>\n\n\n\n<li>P\u00e9rdida de su compan\u00eda.<\/li>\n\n\n\n<li>Desfiguraci\u00f3n.<\/li>\n<\/ul>\n\n\n\n<p>Los da\u00f1os punitivos est\u00e1n potencialmente disponibles en casos selectos en los que la conducta del acusado fue intencional o gravemente negligente. Los da\u00f1os punitivos \u201ccastigan\u201d a la parte negligente y evitan que se involucre en un comportamiento similar en el futuro. Ejemplos de casos en los que la corte podr\u00eda otorgar da\u00f1os punitivos incluyen:<\/p>\n\n\n\n<ul class=\"wp-block-list\">\n<li>Accidentes por conducir ebrio.<\/li>\n\n\n\n<li>Accidentes de furia en la carretera.<\/li>\n\n\n\n<li>Casos de negligencia m\u00e9dica.<\/li>\n\n\n\n<li>Casos de responsabilidad del producto.<\/li>\n\n\n\n<li>Accidentes de conducci\u00f3n distra\u00eddos.<\/li>\n<\/ul>\n\n\n\n<p>Carolina del Norte es uno de los \u00fanicos estados restantes que utiliza la negligencia contributiva como est\u00e1ndar de responsabilidad. Eso significa que cualquiera que haya contribuido al accidente incluso en un 1% no puede cobrar ninguna compensaci\u00f3n. Las compa\u00f1\u00edas de seguros usan esta ley a su favor y trabajan incansablemente para imponer una parte de la responsabilidad a usted para que no tengan que pagar ninguna parte de su reclamo. Esa es una de las razones por las que es tan importante trabajar con un abogado con experiencia en lesiones personales de Hickory. Su abogado luchar\u00e1 para proteger sus derechos contra la evaluaci\u00f3n de responsabilidad de la compa\u00f1\u00eda de seguros.&nbsp;<\/p>\n\n\n\n<h2 class=\"wp-block-heading\">\u00bfCu\u00e1nto vale mi caso en Hickory, NC?<\/h2>\n\n\n\n<p>No hay dos casos de lesiones personales de Hickory que sean id\u00e9nticos, por lo que es imposible dar un rango o promedio de lo que vale su caso. Una vez que hayamos tenido la oportunidad de revisar los hechos de su caso, podemos proporcionarle una evaluaci\u00f3n honesta del valor. Repasaremos todas las fortalezas y debilidades de su caso. Los abogados de lesiones personales de Hickory en las Oficinas Legales de Jason E. Taylor, PC tienen mucha experiencia en la evaluaci\u00f3n de reclamos por lesiones y pueden proporcionar un desglose completo de c\u00f3mo derivaron en el valor de su caso.<\/p>\n\n\n\n<p>Estos son varios ejemplos de casos de lesiones personales que hemos resuelto con \u00e9xito para clientes:<\/p>\n\n\n\n<p>$3,000,000 Muerte por negligencia de motocicleta<\/p>\n\n\n\n<p>Nuestro cliente muri\u00f3 cuando choc\u00f3 contra un derrame de cami\u00f3n.<\/p>\n\n\n\n<p>$2,225,000 Da\u00f1os personales<\/p>\n\n\n\n<p>Recuperamos esta cantidad en un caso de negligencia m\u00e9dica en nombre de nuestro cliente, que involucr\u00f3 la muerte de un ni\u00f1o.<\/p>\n\n\n\n<p>$1,750,000 Accidente automovil\u00edstico<\/p>\n\n\n\n<p>Recuperamos esta cantidad en un caso de negligencia m\u00e9dica en nombre de nuestro cliente, que involucr\u00f3 la muerte de un ni\u00f1o.<\/p>\n\n\n\n<p>$1,250,000 Accidente de motocicleta<\/p>\n\n\n\n<p>Para un cliente que fue atropellado mientras conduc\u00eda su motocicleta en Williamson Road en Mooresville, condado de Iredell.<\/p>\n\n\n\n<p>$920,000 Accidente automovil\u00edstico<\/p>\n\n\n\n<p>recuperado para nuestro cliente que fue golpeado de frente en NC 18 en Morganton, condado de Burke<\/p>\n\n\n\n<p>$787,000 Accidente automovil\u00edstico DUI<\/p>\n\n\n\n<p>Para un cliente atropellado por un conductor bajo la influencia en la autopista 150 en el condado de Catawba que cruza el lago hacia el lago Norm.<\/p>\n\n\n\n<p><em>*Tenga en cuenta que los resultados de los casos mencionados anteriormente son solo ilustrativos. No son una garant\u00eda de lo que podr\u00eda resolver su caso en un acuerdo o en un juicio.<\/em><\/p>\n\n\n\n<h2 class=\"wp-block-heading\">\u00bfCu\u00e1nto tiempo tengo para presentar una demanda por lesiones personales?<\/h2>\n\n\n\n<p>Al igual que otros estados, Carolina del Norte tiene un estatuto de limitaciones sobre cu\u00e1nto tiempo tiene para presentar una demanda por lesiones personales en Hickory. En la mayor\u00eda de los casos, son tres a\u00f1os a partir de la fecha de la lesi\u00f3n. Si no cumple con la fecha l\u00edmite, es probable que el tribunal desestime todo su caso y no recuperar\u00e1 ninguna compensaci\u00f3n financiera.<\/p>\n\n\n\n<h2 class=\"wp-block-heading\">&nbsp;\u00bfC\u00f3mo funciona el proceso de reclamos por lesiones personales en Hickory?<\/h2>\n\n\n\n<p>El proceso de litigio civil no es r\u00e1pido por dise\u00f1o. Ambas partes necesitan tiempo para construir su caso, raz\u00f3n por la cual la mayor\u00eda de los reclamos se resuelven antes de llegar a juicio. La idea es que la sala est\u00e9 disponible para los asuntos m\u00e1s graves. En la mayor\u00eda de los casos, el proceso sigue estos pasos:&nbsp;<\/p>\n\n\n\n<ol class=\"wp-block-list\">\n<li>El demandante presenta una citaci\u00f3n y demanda.<\/li>\n\n\n\n<li>Los acusados \u200b\u200bcontratan abogados y presentan una respuesta.<\/li>\n\n\n\n<li>Comienza el descubrimiento, donde ambas partes re\u00fanen pruebas, se hacen preguntas e intercambian documentos.<\/li>\n\n\n\n<li>Resoluci\u00f3n Alternativa de Disputas (ADR): Esta fase implica mediaci\u00f3n o arbitraje en algunos casos. Si ambas partes pueden llegar a un acuerdo, el caso se resolver\u00e1 sin ir a juicio.<\/li>\n\n\n\n<li>Prep\u00e1rese para el juicio si el caso no se ha resuelto.<\/li>\n<\/ol>\n\n\n\n<p>Los casos en Hickory, Carolina del Norte, pueden tardar meses o m\u00e1s en resolverse. Si el acusado no es razonable y se niega a llegar a un acuerdo, tenemos las habilidades y los recursos financieros disponibles para llevar su caso a juicio si es necesario.<\/p>\n\n\n\n<h2 class=\"wp-block-heading\">\u00bfQu\u00e9 honorarios cobran por representarme en un reclamo por lesiones personales?<\/h2>\n\n\n\n<p>No cobramos tarifas por hora ni costos iniciales para representarlo en un caso de lesiones personales. Representamos a nuestros clientes de Hickory de forma contingente, lo que significa que no paga nada a menos que recuperemos una compensaci\u00f3n en su nombre.<\/p>\n\n\n\n<h2 class=\"wp-block-heading\">Comun\u00edquese con nuestros abogados de lesiones personales en Hickory, NC<\/h2>\n\n\n\n<p>Si necesita ayuda para presentar un reclamo por lesiones personales en Hickory, nuestro equipo de abogados expertos en lesiones est\u00e1 listo para ayudarlo en nuestra oficina de Hickory. Cont\u00e1ctenos hoy para programar una consulta inicial gratuita.<\/p>\n","protected":false},"excerpt":{"rendered":"<p>Los abogados de lesiones personales de Hickory en Taylor | Serbin Injury Lawyers tienen m\u00e1s de 100 a\u00f1os de experiencia combinada ayudando a las v\u00edctimas lesionadas a obtener la compensaci\u00f3n que merecen despu\u00e9s de un accidente con lesiones, el t\u00e9rmino &#8220;accidente&#8221; es en realidad un nombre inapropiado ya que rara vez hay accidentes. La negligencia juega un papel central en casi todos los tipos de reclamos por lesiones personales.<br \/>\nSi usted o alguien a quien ama result\u00f3 herido debido a la negligencia de otra parte, podr\u00eda tener derecho a presentar un reclamo legal por sus da\u00f1os. Nuestros abogados de lesiones personales de Hickory est\u00e1n aqu\u00ed para representarlo en una amplia variedad de reclamos por lesiones, incluyendo  accidentes automovil\u00edsticos, accidentes de navegaci\u00f3n, resbalones y ca\u00eddas, productos defectuosos, negligencia m\u00e9dica, lesiones en el lugar de trabajo y m\u00e1s. Comun\u00edquese con nuestra oficina para programar una consulta inicial gratuita para obtener m\u00e1s informaci\u00f3n sobre c\u00f3mo podemos ayudar.<\/p>\n","protected":false},"author":8,"featured_media":9170,"parent":0,"menu_order":0,"comment_status":"closed","ping_status":"closed","template":"","meta":{"_acf_changed":false,"footnotes":""},"categories":[1425],"tags":[],"attorney":[],"class_list":["post-9747","page","type-page","status-publish","has-post-thumbnail","hentry","category-hickory-es"],"acf":[],"yoast_head":"<!-- This site is optimized with the Yoast SEO plugin v27.5 - https:\/\/yoast.com\/product\/yoast-seo-wordpress\/ -->\n<title>Abogados de Lesiones Personales en Hickory, NC<\/title>\n<meta name=\"description\" content=\"Si necesita ayuda para presentar un reclamo por lesiones personales en Hickory, nuestro equipo de abogados expertos en lesiones est\u00e1 listo para ayudarlo en nuestra oficina de Hickory.\" \/>\n<meta name=\"robots\" content=\"index, follow, max-snippet:-1, max-image-preview:large, max-video-preview:-1\" \/>\n<link rel=\"canonical\" href=\"https:\/\/thelitigator.com\/es\/hickory-nc\/\" \/>\n<meta property=\"og:locale\" content=\"es_ES\" \/>\n<meta property=\"og:type\" content=\"article\" \/>\n<meta property=\"og:title\" content=\"Abogados de Lesiones Personales en Hickory, NC\" \/>\n<meta property=\"og:description\" content=\"Si necesita ayuda para presentar un reclamo por lesiones personales en Hickory, nuestro equipo de abogados expertos en lesiones est\u00e1 listo para ayudarlo en nuestra oficina de Hickory.\" \/>\n<meta property=\"og:url\" content=\"https:\/\/thelitigator.com\/es\/hickory-nc\/\" \/>\n<meta property=\"og:site_name\" content=\"Taylor | Serbin Injury Lawyers\" \/>\n<meta property=\"article:publisher\" content=\"https:\/\/www.facebook.com\/TheLawOfficesOfJasonETaylor\/\" \/>\n<meta property=\"article:modified_time\" content=\"2023-09-17T23:58:52+00:00\" \/>\n<meta property=\"og:image\" content=\"https:\/\/thelitigator.com\/wp-content\/uploads\/2023\/07\/maxresdefault.jpg\" \/>\n\t<meta property=\"og:image:width\" content=\"1280\" \/>\n\t<meta property=\"og:image:height\" content=\"720\" \/>\n\t<meta property=\"og:image:type\" content=\"image\/jpeg\" \/>\n<meta name=\"twitter:card\" content=\"summary_large_image\" \/>\n<meta name=\"twitter:site\" content=\"@lawyerjet\" \/>\n<meta name=\"twitter:label1\" content=\"Est. reading time\" \/>\n\t<meta name=\"twitter:data1\" content=\"7 minutes\" \/>\n<script type=\"application\/ld+json\" class=\"yoast-schema-graph\">{\"@context\":\"https:\\\/\\\/schema.org\",\"@graph\":[{\"@type\":\"WebPage\",\"@id\":\"https:\\\/\\\/thelitigator.com\\\/es\\\/hickory-nc\\\/\",\"url\":\"https:\\\/\\\/thelitigator.com\\\/es\\\/hickory-nc\\\/\",\"name\":\"Abogados de Lesiones Personales en Hickory, NC\",\"isPartOf\":{\"@id\":\"https:\\\/\\\/thelitigator.com\\\/es\\\/#website\"},\"primaryImageOfPage\":{\"@id\":\"https:\\\/\\\/thelitigator.com\\\/es\\\/hickory-nc\\\/#primaryimage\"},\"image\":{\"@id\":\"https:\\\/\\\/thelitigator.com\\\/es\\\/hickory-nc\\\/#primaryimage\"},\"thumbnailUrl\":\"https:\\\/\\\/thelitigator.com\\\/wp-content\\\/uploads\\\/2023\\\/07\\\/maxresdefault.jpg\",\"datePublished\":\"2021-06-13T20:30:07+00:00\",\"dateModified\":\"2023-09-17T23:58:52+00:00\",\"description\":\"Si necesita ayuda para presentar un reclamo por lesiones personales en Hickory, nuestro equipo de abogados expertos en lesiones est\u00e1 listo para ayudarlo en nuestra oficina de Hickory.\",\"breadcrumb\":{\"@id\":\"https:\\\/\\\/thelitigator.com\\\/es\\\/hickory-nc\\\/#breadcrumb\"},\"inLanguage\":\"es-US\",\"potentialAction\":[{\"@type\":\"ReadAction\",\"target\":[\"https:\\\/\\\/thelitigator.com\\\/es\\\/hickory-nc\\\/\"]}]},{\"@type\":\"ImageObject\",\"inLanguage\":\"es-US\",\"@id\":\"https:\\\/\\\/thelitigator.com\\\/es\\\/hickory-nc\\\/#primaryimage\",\"url\":\"https:\\\/\\\/thelitigator.com\\\/wp-content\\\/uploads\\\/2023\\\/07\\\/maxresdefault.jpg\",\"contentUrl\":\"https:\\\/\\\/thelitigator.com\\\/wp-content\\\/uploads\\\/2023\\\/07\\\/maxresdefault.jpg\",\"width\":1280,\"height\":720,\"caption\":\"Hickory, NC\"},{\"@type\":\"BreadcrumbList\",\"@id\":\"https:\\\/\\\/thelitigator.com\\\/es\\\/hickory-nc\\\/#breadcrumb\",\"itemListElement\":[{\"@type\":\"ListItem\",\"position\":1,\"name\":\"Home\",\"item\":\"https:\\\/\\\/thelitigator.com\\\/es\\\/\"},{\"@type\":\"ListItem\",\"position\":2,\"name\":\"Abogados de lesiones personales en Hickory, NC\"}]},{\"@type\":\"WebSite\",\"@id\":\"https:\\\/\\\/thelitigator.com\\\/es\\\/#website\",\"url\":\"https:\\\/\\\/thelitigator.com\\\/es\\\/\",\"name\":\"Taylor | Serbin Injury Lawyers\",\"description\":\"Taylor | Serbin Injury Lawyers Serving North and South Carolina Areas\",\"publisher\":{\"@id\":\"https:\\\/\\\/thelitigator.com\\\/es\\\/#organization\"},\"potentialAction\":[{\"@type\":\"SearchAction\",\"target\":{\"@type\":\"EntryPoint\",\"urlTemplate\":\"https:\\\/\\\/thelitigator.com\\\/es\\\/?s={search_term_string}\"},\"query-input\":{\"@type\":\"PropertyValueSpecification\",\"valueRequired\":true,\"valueName\":\"search_term_string\"}}],\"inLanguage\":\"es-US\"},{\"@type\":\"Organization\",\"@id\":\"https:\\\/\\\/thelitigator.com\\\/es\\\/#organization\",\"name\":\"Taylor | Serbin Injury Lawyers\",\"url\":\"https:\\\/\\\/thelitigator.com\\\/es\\\/\",\"logo\":{\"@type\":\"ImageObject\",\"inLanguage\":\"es-US\",\"@id\":\"https:\\\/\\\/thelitigator.com\\\/es\\\/#\\\/schema\\\/logo\\\/image\\\/\",\"url\":\"https:\\\/\\\/thelitigator.com\\\/wp-content\\\/uploads\\\/2025\\\/12\\\/TSL-brand-final-01.svg\",\"contentUrl\":\"https:\\\/\\\/thelitigator.com\\\/wp-content\\\/uploads\\\/2025\\\/12\\\/TSL-brand-final-01.svg\",\"width\":288,\"height\":198,\"caption\":\"Taylor | Serbin Injury Lawyers\"},\"image\":{\"@id\":\"https:\\\/\\\/thelitigator.com\\\/es\\\/#\\\/schema\\\/logo\\\/image\\\/\"},\"sameAs\":[\"https:\\\/\\\/www.facebook.com\\\/TheLawOfficesOfJasonETaylor\\\/\",\"https:\\\/\\\/x.com\\\/lawyerjet\"]}]}<\/script>\n<!-- \/ Yoast SEO plugin. -->","yoast_head_json":{"title":"Abogados de Lesiones Personales en Hickory, NC","description":"Si necesita ayuda para presentar un reclamo por lesiones personales en Hickory, nuestro equipo de abogados expertos en lesiones est\u00e1 listo para ayudarlo en nuestra oficina de Hickory.","robots":{"index":"index","follow":"follow","max-snippet":"max-snippet:-1","max-image-preview":"max-image-preview:large","max-video-preview":"max-video-preview:-1"},"canonical":"https:\/\/thelitigator.com\/es\/hickory-nc\/","og_locale":"es_ES","og_type":"article","og_title":"Abogados de Lesiones Personales en Hickory, NC","og_description":"Si necesita ayuda para presentar un reclamo por lesiones personales en Hickory, nuestro equipo de abogados expertos en lesiones est\u00e1 listo para ayudarlo en nuestra oficina de Hickory.","og_url":"https:\/\/thelitigator.com\/es\/hickory-nc\/","og_site_name":"Taylor | Serbin Injury Lawyers","article_publisher":"https:\/\/www.facebook.com\/TheLawOfficesOfJasonETaylor\/","article_modified_time":"2023-09-17T23:58:52+00:00","og_image":[{"width":1280,"height":720,"url":"https:\/\/thelitigator.com\/wp-content\/uploads\/2023\/07\/maxresdefault.jpg","type":"image\/jpeg"}],"twitter_card":"summary_large_image","twitter_site":"@lawyerjet","twitter_misc":{"Est. reading time":"7 minutes"},"schema":{"@context":"https:\/\/schema.org","@graph":[{"@type":"WebPage","@id":"https:\/\/thelitigator.com\/es\/hickory-nc\/","url":"https:\/\/thelitigator.com\/es\/hickory-nc\/","name":"Abogados de Lesiones Personales en Hickory, NC","isPartOf":{"@id":"https:\/\/thelitigator.com\/es\/#website"},"primaryImageOfPage":{"@id":"https:\/\/thelitigator.com\/es\/hickory-nc\/#primaryimage"},"image":{"@id":"https:\/\/thelitigator.com\/es\/hickory-nc\/#primaryimage"},"thumbnailUrl":"https:\/\/thelitigator.com\/wp-content\/uploads\/2023\/07\/maxresdefault.jpg","datePublished":"2021-06-13T20:30:07+00:00","dateModified":"2023-09-17T23:58:52+00:00","description":"Si necesita ayuda para presentar un reclamo por lesiones personales en Hickory, nuestro equipo de abogados expertos en lesiones est\u00e1 listo para ayudarlo en nuestra oficina de Hickory.","breadcrumb":{"@id":"https:\/\/thelitigator.com\/es\/hickory-nc\/#breadcrumb"},"inLanguage":"es-US","potentialAction":[{"@type":"ReadAction","target":["https:\/\/thelitigator.com\/es\/hickory-nc\/"]}]},{"@type":"ImageObject","inLanguage":"es-US","@id":"https:\/\/thelitigator.com\/es\/hickory-nc\/#primaryimage","url":"https:\/\/thelitigator.com\/wp-content\/uploads\/2023\/07\/maxresdefault.jpg","contentUrl":"https:\/\/thelitigator.com\/wp-content\/uploads\/2023\/07\/maxresdefault.jpg","width":1280,"height":720,"caption":"Hickory, NC"},{"@type":"BreadcrumbList","@id":"https:\/\/thelitigator.com\/es\/hickory-nc\/#breadcrumb","itemListElement":[{"@type":"ListItem","position":1,"name":"Home","item":"https:\/\/thelitigator.com\/es\/"},{"@type":"ListItem","position":2,"name":"Abogados de lesiones personales en Hickory, NC"}]},{"@type":"WebSite","@id":"https:\/\/thelitigator.com\/es\/#website","url":"https:\/\/thelitigator.com\/es\/","name":"Taylor | Serbin Injury Lawyers","description":"Taylor | Serbin Injury Lawyers Serving North and South Carolina Areas","publisher":{"@id":"https:\/\/thelitigator.com\/es\/#organization"},"potentialAction":[{"@type":"SearchAction","target":{"@type":"EntryPoint","urlTemplate":"https:\/\/thelitigator.com\/es\/?s={search_term_string}"},"query-input":{"@type":"PropertyValueSpecification","valueRequired":true,"valueName":"search_term_string"}}],"inLanguage":"es-US"},{"@type":"Organization","@id":"https:\/\/thelitigator.com\/es\/#organization","name":"Taylor | Serbin Injury Lawyers","url":"https:\/\/thelitigator.com\/es\/","logo":{"@type":"ImageObject","inLanguage":"es-US","@id":"https:\/\/thelitigator.com\/es\/#\/schema\/logo\/image\/","url":"https:\/\/thelitigator.com\/wp-content\/uploads\/2025\/12\/TSL-brand-final-01.svg","contentUrl":"https:\/\/thelitigator.com\/wp-content\/uploads\/2025\/12\/TSL-brand-final-01.svg","width":288,"height":198,"caption":"Taylor | Serbin Injury Lawyers"},"image":{"@id":"https:\/\/thelitigator.com\/es\/#\/schema\/logo\/image\/"},"sameAs":["https:\/\/www.facebook.com\/TheLawOfficesOfJasonETaylor\/","https:\/\/x.com\/lawyerjet"]}]}},"_links":{"self":[{"href":"https:\/\/thelitigator.com\/es\/wp-json\/wp\/v2\/pages\/9747","targetHints":{"allow":["GET"]}}],"collection":[{"href":"https:\/\/thelitigator.com\/es\/wp-json\/wp\/v2\/pages"}],"about":[{"href":"https:\/\/thelitigator.com\/es\/wp-json\/wp\/v2\/types\/page"}],"author":[{"embeddable":true,"href":"https:\/\/thelitigator.com\/es\/wp-json\/wp\/v2\/users\/8"}],"replies":[{"embeddable":true,"href":"https:\/\/thelitigator.com\/es\/wp-json\/wp\/v2\/comments?post=9747"}],"version-history":[{"count":0,"href":"https:\/\/thelitigator.com\/es\/wp-json\/wp\/v2\/pages\/9747\/revisions"}],"wp:featuredmedia":[{"embeddable":true,"href":"https:\/\/thelitigator.com\/es\/wp-json\/wp\/v2\/media\/9170"}],"wp:attachment":[{"href":"https:\/\/thelitigator.com\/es\/wp-json\/wp\/v2\/media?parent=9747"}],"wp:term":[{"taxonomy":"category","embeddable":true,"href":"https:\/\/thelitigator.com\/es\/wp-json\/wp\/v2\/categories?post=9747"},{"taxonomy":"post_tag","embeddable":true,"href":"https:\/\/thelitigator.com\/es\/wp-json\/wp\/v2\/tags?post=9747"},{"taxonomy":"attorney","embeddable":true,"href":"https:\/\/thelitigator.com\/es\/wp-json\/wp\/v2\/attorney?post=9747"}],"curies":[{"name":"wp","href":"https:\/\/api.w.org\/{rel}","templated":true}]}}