{"id":11606,"date":"2022-08-09T21:52:06","date_gmt":"2022-08-10T01:52:06","guid":{"rendered":"https:\/\/thelitigator.com\/?page_id=11606"},"modified":"2024-10-16T15:20:05","modified_gmt":"2024-10-16T19:20:05","slug":"abogados-de-accidentes-automovilisticos","status":"publish","type":"page","link":"https:\/\/thelitigator.com\/es\/salisbury-nc\/abogados-de-accidentes-automovilisticos\/","title":{"rendered":"Abogados de accidentes automovil\u00edsticos en Salisbury"},"content":{"rendered":"\n<h2 class=\"wp-block-heading\"><strong>\u00bfQu\u00e9 tan comunes son los accidentes automovil\u00edsticos en Salisbury, Carolina del Norte?<\/strong><\/h2>\n\n\n\n<p>Si bien hay poco m\u00e1s de 33.000 personas en Salisbury, seg\u00fan datos del Departamento de Transporte de Carolina del Norte, en 2020 ocurrieron m\u00e1s de 1.100 accidentes automovil\u00edsticos, con 13 v\u00edctimas mortales y 448 heridos.<\/p>\n\n\n\n<h2 class=\"wp-block-heading\"><strong>\u00bfPor qu\u00e9 deber\u00eda contratar a un abogado de accidentes automovil\u00edsticos de Salisbury?<\/strong><\/h2>\n\n\n\n<p>Despu\u00e9s de un accidente automovil\u00edstico, es posible que se sienta abrumado, estresado y concentrado en su recuperaci\u00f3n. Un abogado calificado puede ayudarlo a aliviar parte de su estr\u00e9s al encargarse del papeleo, negociar con las compa\u00f1\u00edas de seguros de autom\u00f3viles y ocuparse de cualquier otro asunto legal. Nuestro bufete de abogados har\u00e1 todo lo posible para obtener la compensaci\u00f3n que se merece por sus facturas m\u00e9dicas, salarios perdidos y dolor y sufrimiento.<\/p>\n\n\n\n<h2 class=\"wp-block-heading\"><strong>Tipos de casos de accidentes automovil\u00edsticos que manejamos<\/strong><\/h2>\n\n\n\n<p>Algunos de los casos de accidentes automovil\u00edsticos m\u00e1s comunes que maneja nuestro equipo legal incluyen:<\/p>\n\n\n\n<ul class=\"wp-block-list\">\n<li>Colisiones frontales<\/li>\n\n\n\n<li>Colisiones traseras<\/li>\n\n\n\n<li>Accidentes de atropello y fuga<\/li>\n\n\n\n<li>Accidentes por conducir ebrio<\/li>\n\n\n\n<li>Accidentes en T<\/li>\n<\/ul>\n\n\n\n<p>Es posible que podamos ayudarle si otra persona caus\u00f3 su accidente, incluso si el otro conductor no tiene seguro o huy\u00f3 del lugar antes de que llegara la polic\u00eda. Tambi\u00e9n podemos ayudarlo a presentar una demanda contra un fabricante de piezas de autom\u00f3vil defectuosas en algunas situaciones.<\/p>\n\n\n\n<h2 class=\"wp-block-heading\"><strong>Qu\u00e9 hacer despu\u00e9s de un accidente de tr\u00e1fico en Salisbury, Carolina del Norte<\/strong><\/h2>\n\n\n\n<p>Si est\u00e1 involucrado en un accidente automovil\u00edstico, debe hacer algunas cosas para protegerse y proteger sus derechos.<\/p>\n\n\n\n<ol class=\"wp-block-list\">\n<li>Llame al 911 y, si es posible, mueva su veh\u00edculo fuera de la carretera.<\/li>\n\n\n\n<li>Busque tratamiento m\u00e9dico inmediatamente.<\/li>\n\n\n\n<li>Re\u00fana informaci\u00f3n de todas las personas involucradas en el accidente. Esto incluye nombres, informaci\u00f3n de contacto, informaci\u00f3n de la compa\u00f1\u00eda de seguros y n\u00famero de p\u00f3liza.<\/li>\n\n\n\n<li>Utilice su tel\u00e9fono para tomar fotograf\u00edas de la escena del accidente, incluidos los da\u00f1os a todos los veh\u00edculos involucrados y sus lesiones.<\/li>\n\n\n\n<li>Si es posible, anote los nombres y la informaci\u00f3n de contacto de todos los testigos.<\/li>\n\n\n\n<li>Comun\u00edquese con un abogado especializado en accidentes automovil\u00edsticos que se ocupe de casos en Salisbury, Carolina del Norte, lo antes posible. En Taylor | Serbin Injury Lawyers, nuestros abogados de Carolina del Norte lo ayudar\u00e1n a presentar una reclamaci\u00f3n al seguro y a buscar una compensaci\u00f3n por sus lesiones.<\/li>\n<\/ol>\n\n\n\n<h2 class=\"wp-block-heading\"><strong>Compensaci\u00f3n por sus lesiones despu\u00e9s de un accidente automovil\u00edstico en Salisbury, Carolina del Norte<\/strong><\/h2>\n\n\n\n<p>Si su accidente fue causado por la negligencia de otra persona, es posible que pueda reclamar una indemnizaci\u00f3n por sus lesiones presentando una demanda por lesiones personales. El monto de su indemnizaci\u00f3n variar\u00e1 seg\u00fan la gravedad de sus lesiones, pero generalmente incluye:<\/p>\n\n\n\n<p><strong>Gastos m\u00e9dicos<\/strong> : esto incluye costos de hospitalizaci\u00f3n, tarifas de ambulancia y otras facturas m\u00e9dicas relacionadas con su lesi\u00f3n.<\/p>\n\n\n\n<p><strong>Salarios perdidos<\/strong> : si no puede trabajar debido a sus lesiones, es posible que le reembolsen los salarios perdidos pasados \u200b\u200by futuros.<\/p>\n\n\n\n<p><strong>Dolor y sufrimiento<\/strong> : restituci\u00f3n financiera por cualquier dolor o malestar causado por el accidente.<\/p>\n\n\n\n<p><strong>Da\u00f1os por muerte por negligencia<\/strong> : si ha perdido a un ser querido debido a la negligencia de otra persona, es posible presentar un reclamo por muerte por negligencia en su nombre.<\/p>\n\n\n\n<figure class=\"wp-block-image\"><img fetchpriority=\"high\" decoding=\"async\" width=\"1024\" height=\"683\" src=\"https:\/\/thelitigator.com\/wp-content\/uploads\/2024\/10\/image-11.jpeg\" alt=\"Un hombre desesperado se sienta al volante de un coche accidentado y agacha la cabeza, llorando. Su coche se rompi\u00f3 debido a la violencia del tr\u00e1fico, ara\u00f1azos y abolladuras en la puerta del coche. Toma al aire libre.\" class=\"wp-image-11607\" srcset=\"https:\/\/thelitigator.com\/wp-content\/uploads\/2024\/10\/image-11.jpeg 1024w, https:\/\/thelitigator.com\/wp-content\/uploads\/2024\/10\/image-11-300x200.jpeg 300w, https:\/\/thelitigator.com\/wp-content\/uploads\/2024\/10\/image-11-768x512.jpeg 768w\" sizes=\"(max-width: 1024px) 100vw, 1024px\" \/><\/figure>\n\n\n\n<h2 class=\"wp-block-heading\"><strong>Comun\u00edquese con nuestros abogados de accidentes automovil\u00edsticos de Salisbury<\/strong><\/h2>\n\n\n\n<p>Si ha resultado lesionado debido a la negligencia o imprudencia de otra persona, merece una compensaci\u00f3n justa por sus lesiones.<\/p>\n\n\n\n<p>Nuestros abogados especializados en accidentes tienen a\u00f1os de experiencia ayudando a las v\u00edctimas de accidentes automovil\u00edsticos a obtener la compensaci\u00f3n que merecen. No tenemos miedo de enfrentarnos a las compa\u00f1\u00edas de seguros para ayudarlo a obtener una compensaci\u00f3n justa. Valoramos la relaci\u00f3n abogado-cliente y trabajaremos incansablemente para proteger sus derechos.<\/p>\n\n\n\n<p>Comun\u00edquese con nuestro bufete de abogados hoy mismo para recibir una consulta inicial gratuita y obtener m\u00e1s informaci\u00f3n sobre lo que podemos hacer para ayudarlo. Responderemos sus preguntas y le explicaremos todas sus opciones legales. Brindamos servicios a clientes en el condado de Rowan y las \u00e1reas circundantes.<\/p>\n","protected":false},"excerpt":{"rendered":"<p>Si ha sufrido lesiones en un accidente de tr\u00e1fico, es posible que se pregunte qu\u00e9 hacer a continuaci\u00f3n. Despu\u00e9s de recibir atenci\u00f3n, el siguiente paso es ponerse en contacto con un abogado especializado en accidentes de tr\u00e1fico que se ocupe de casos en Salisbury, Carolina del Norte. Un buen abogado puede ayudarle a obtener la indemnizaci\u00f3n que merece por sus lesiones. Se encargar\u00e1 de todo el papeleo y las negociaciones con la compa\u00f1\u00eda de seguros para que usted pueda centrarse en recuperarse de sus lesiones. En Las Oficinas Legales de Jason E. Taylor, nuestros abogados especializados en accidentes de tr\u00e1fico tienen a\u00f1os de experiencia ayudando a las v\u00edctimas de accidentes de tr\u00e1fico de Salisbury a obtener la indemnizaci\u00f3n que merecen. Trabajaremos con la compa\u00f1\u00eda de seguros para garantizar que reciba una indemnizaci\u00f3n justa por sus p\u00e9rdidas. P\u00f3ngase en contacto con nosotros hoy mismo para una consulta gratuita.<\/p>\n","protected":false},"author":8,"featured_media":8984,"parent":11580,"menu_order":0,"comment_status":"closed","ping_status":"closed","template":"","meta":{"_acf_changed":false,"footnotes":""},"categories":[1428,1488],"tags":[1452],"attorney":[],"class_list":["post-11606","page","type-page","status-publish","has-post-thumbnail","hentry","category-car-accidents-es","category-general-locations-es","tag-car-accidents-es"],"acf":[],"yoast_head":"<!-- This site is optimized with the Yoast SEO plugin v27.5 - https:\/\/yoast.com\/product\/yoast-seo-wordpress\/ -->\n<title>Abogados de accidentes automovil\u00edsticos en Salisbury<\/title>\n<meta name=\"description\" content=\"Demasiadas personas son v\u00edctimas de la negligencia de otros y nuestros abogados de accidentes automovil\u00edsticos en Salibury quieren ayudar.\" \/>\n<meta name=\"robots\" content=\"index, follow, max-snippet:-1, max-image-preview:large, max-video-preview:-1\" \/>\n<link rel=\"canonical\" href=\"https:\/\/thelitigator.com\/es\/salisbury-nc\/abogados-de-accidentes-automovilisticos\/\" \/>\n<meta property=\"og:locale\" content=\"es_ES\" \/>\n<meta property=\"og:type\" content=\"article\" \/>\n<meta property=\"og:title\" content=\"Abogados de accidentes automovil\u00edsticos en Salisbury\" \/>\n<meta property=\"og:description\" content=\"Demasiadas personas son v\u00edctimas de la negligencia de otros y nuestros abogados de accidentes automovil\u00edsticos en Salibury quieren ayudar.\" \/>\n<meta property=\"og:url\" content=\"https:\/\/thelitigator.com\/es\/salisbury-nc\/abogados-de-accidentes-automovilisticos\/\" \/>\n<meta property=\"og:site_name\" content=\"Taylor | Serbin Injury Lawyers\" \/>\n<meta property=\"article:publisher\" content=\"https:\/\/www.facebook.com\/TheLawOfficesOfJasonETaylor\/\" \/>\n<meta property=\"article:modified_time\" content=\"2024-10-16T19:20:05+00:00\" \/>\n<meta property=\"og:image\" content=\"https:\/\/thelitigator.com\/wp-content\/uploads\/2022\/07\/2022-07-20_9-11-00.png\" \/>\n\t<meta property=\"og:image:width\" content=\"971\" \/>\n\t<meta property=\"og:image:height\" content=\"599\" \/>\n\t<meta property=\"og:image:type\" content=\"image\/png\" \/>\n<meta name=\"twitter:card\" content=\"summary_large_image\" \/>\n<meta name=\"twitter:site\" content=\"@lawyerjet\" \/>\n<meta name=\"twitter:label1\" content=\"Est. reading time\" \/>\n\t<meta name=\"twitter:data1\" content=\"4 minutes\" \/>\n<script type=\"application\/ld+json\" class=\"yoast-schema-graph\">{\"@context\":\"https:\\\/\\\/schema.org\",\"@graph\":[{\"@type\":\"WebPage\",\"@id\":\"https:\\\/\\\/thelitigator.com\\\/es\\\/salisbury-nc\\\/abogados-de-accidentes-automovilisticos\\\/\",\"url\":\"https:\\\/\\\/thelitigator.com\\\/es\\\/salisbury-nc\\\/abogados-de-accidentes-automovilisticos\\\/\",\"name\":\"Abogados de accidentes automovil\u00edsticos en Salisbury\",\"isPartOf\":{\"@id\":\"https:\\\/\\\/thelitigator.com\\\/es\\\/#website\"},\"primaryImageOfPage\":{\"@id\":\"https:\\\/\\\/thelitigator.com\\\/es\\\/salisbury-nc\\\/abogados-de-accidentes-automovilisticos\\\/#primaryimage\"},\"image\":{\"@id\":\"https:\\\/\\\/thelitigator.com\\\/es\\\/salisbury-nc\\\/abogados-de-accidentes-automovilisticos\\\/#primaryimage\"},\"thumbnailUrl\":\"https:\\\/\\\/thelitigator.com\\\/wp-content\\\/uploads\\\/2022\\\/07\\\/2022-07-20_9-11-00.png\",\"datePublished\":\"2022-08-10T01:52:06+00:00\",\"dateModified\":\"2024-10-16T19:20:05+00:00\",\"description\":\"Demasiadas personas son v\u00edctimas de la negligencia de otros y nuestros abogados de accidentes automovil\u00edsticos en Salibury quieren ayudar.\",\"breadcrumb\":{\"@id\":\"https:\\\/\\\/thelitigator.com\\\/es\\\/salisbury-nc\\\/abogados-de-accidentes-automovilisticos\\\/#breadcrumb\"},\"inLanguage\":\"es-US\",\"potentialAction\":[{\"@type\":\"ReadAction\",\"target\":[\"https:\\\/\\\/thelitigator.com\\\/es\\\/salisbury-nc\\\/abogados-de-accidentes-automovilisticos\\\/\"]}]},{\"@type\":\"ImageObject\",\"inLanguage\":\"es-US\",\"@id\":\"https:\\\/\\\/thelitigator.com\\\/es\\\/salisbury-nc\\\/abogados-de-accidentes-automovilisticos\\\/#primaryimage\",\"url\":\"https:\\\/\\\/thelitigator.com\\\/wp-content\\\/uploads\\\/2022\\\/07\\\/2022-07-20_9-11-00.png\",\"contentUrl\":\"https:\\\/\\\/thelitigator.com\\\/wp-content\\\/uploads\\\/2022\\\/07\\\/2022-07-20_9-11-00.png\",\"width\":971,\"height\":599,\"caption\":\"Salisbury NC\"},{\"@type\":\"BreadcrumbList\",\"@id\":\"https:\\\/\\\/thelitigator.com\\\/es\\\/salisbury-nc\\\/abogados-de-accidentes-automovilisticos\\\/#breadcrumb\",\"itemListElement\":[{\"@type\":\"ListItem\",\"position\":1,\"name\":\"Home\",\"item\":\"https:\\\/\\\/thelitigator.com\\\/es\\\/\"},{\"@type\":\"ListItem\",\"position\":2,\"name\":\"Abogados de lesiones personales en Salisbury\",\"item\":\"https:\\\/\\\/thelitigator.com\\\/es\\\/salisbury-nc\\\/\"},{\"@type\":\"ListItem\",\"position\":3,\"name\":\"Abogados de accidentes automovil\u00edsticos en Salisbury\"}]},{\"@type\":\"WebSite\",\"@id\":\"https:\\\/\\\/thelitigator.com\\\/es\\\/#website\",\"url\":\"https:\\\/\\\/thelitigator.com\\\/es\\\/\",\"name\":\"Taylor | Serbin Injury Lawyers\",\"description\":\"Taylor | Serbin Injury Lawyers Serving North and South Carolina Areas\",\"publisher\":{\"@id\":\"https:\\\/\\\/thelitigator.com\\\/es\\\/#organization\"},\"potentialAction\":[{\"@type\":\"SearchAction\",\"target\":{\"@type\":\"EntryPoint\",\"urlTemplate\":\"https:\\\/\\\/thelitigator.com\\\/es\\\/?s={search_term_string}\"},\"query-input\":{\"@type\":\"PropertyValueSpecification\",\"valueRequired\":true,\"valueName\":\"search_term_string\"}}],\"inLanguage\":\"es-US\"},{\"@type\":\"Organization\",\"@id\":\"https:\\\/\\\/thelitigator.com\\\/es\\\/#organization\",\"name\":\"Taylor | Serbin Injury Lawyers\",\"url\":\"https:\\\/\\\/thelitigator.com\\\/es\\\/\",\"logo\":{\"@type\":\"ImageObject\",\"inLanguage\":\"es-US\",\"@id\":\"https:\\\/\\\/thelitigator.com\\\/es\\\/#\\\/schema\\\/logo\\\/image\\\/\",\"url\":\"https:\\\/\\\/thelitigator.com\\\/wp-content\\\/uploads\\\/2025\\\/12\\\/TSL-brand-final-01.svg\",\"contentUrl\":\"https:\\\/\\\/thelitigator.com\\\/wp-content\\\/uploads\\\/2025\\\/12\\\/TSL-brand-final-01.svg\",\"width\":288,\"height\":198,\"caption\":\"Taylor | Serbin Injury Lawyers\"},\"image\":{\"@id\":\"https:\\\/\\\/thelitigator.com\\\/es\\\/#\\\/schema\\\/logo\\\/image\\\/\"},\"sameAs\":[\"https:\\\/\\\/www.facebook.com\\\/TheLawOfficesOfJasonETaylor\\\/\",\"https:\\\/\\\/x.com\\\/lawyerjet\"]}]}<\/script>\n<!-- \/ Yoast SEO plugin. -->","yoast_head_json":{"title":"Abogados de accidentes automovil\u00edsticos en Salisbury","description":"Demasiadas personas son v\u00edctimas de la negligencia de otros y nuestros abogados de accidentes automovil\u00edsticos en Salibury quieren ayudar.","robots":{"index":"index","follow":"follow","max-snippet":"max-snippet:-1","max-image-preview":"max-image-preview:large","max-video-preview":"max-video-preview:-1"},"canonical":"https:\/\/thelitigator.com\/es\/salisbury-nc\/abogados-de-accidentes-automovilisticos\/","og_locale":"es_ES","og_type":"article","og_title":"Abogados de accidentes automovil\u00edsticos en Salisbury","og_description":"Demasiadas personas son v\u00edctimas de la negligencia de otros y nuestros abogados de accidentes automovil\u00edsticos en Salibury quieren ayudar.","og_url":"https:\/\/thelitigator.com\/es\/salisbury-nc\/abogados-de-accidentes-automovilisticos\/","og_site_name":"Taylor | Serbin Injury Lawyers","article_publisher":"https:\/\/www.facebook.com\/TheLawOfficesOfJasonETaylor\/","article_modified_time":"2024-10-16T19:20:05+00:00","og_image":[{"width":971,"height":599,"url":"https:\/\/thelitigator.com\/wp-content\/uploads\/2022\/07\/2022-07-20_9-11-00.png","type":"image\/png"}],"twitter_card":"summary_large_image","twitter_site":"@lawyerjet","twitter_misc":{"Est. reading time":"4 minutes"},"schema":{"@context":"https:\/\/schema.org","@graph":[{"@type":"WebPage","@id":"https:\/\/thelitigator.com\/es\/salisbury-nc\/abogados-de-accidentes-automovilisticos\/","url":"https:\/\/thelitigator.com\/es\/salisbury-nc\/abogados-de-accidentes-automovilisticos\/","name":"Abogados de accidentes automovil\u00edsticos en Salisbury","isPartOf":{"@id":"https:\/\/thelitigator.com\/es\/#website"},"primaryImageOfPage":{"@id":"https:\/\/thelitigator.com\/es\/salisbury-nc\/abogados-de-accidentes-automovilisticos\/#primaryimage"},"image":{"@id":"https:\/\/thelitigator.com\/es\/salisbury-nc\/abogados-de-accidentes-automovilisticos\/#primaryimage"},"thumbnailUrl":"https:\/\/thelitigator.com\/wp-content\/uploads\/2022\/07\/2022-07-20_9-11-00.png","datePublished":"2022-08-10T01:52:06+00:00","dateModified":"2024-10-16T19:20:05+00:00","description":"Demasiadas personas son v\u00edctimas de la negligencia de otros y nuestros abogados de accidentes automovil\u00edsticos en Salibury quieren ayudar.","breadcrumb":{"@id":"https:\/\/thelitigator.com\/es\/salisbury-nc\/abogados-de-accidentes-automovilisticos\/#breadcrumb"},"inLanguage":"es-US","potentialAction":[{"@type":"ReadAction","target":["https:\/\/thelitigator.com\/es\/salisbury-nc\/abogados-de-accidentes-automovilisticos\/"]}]},{"@type":"ImageObject","inLanguage":"es-US","@id":"https:\/\/thelitigator.com\/es\/salisbury-nc\/abogados-de-accidentes-automovilisticos\/#primaryimage","url":"https:\/\/thelitigator.com\/wp-content\/uploads\/2022\/07\/2022-07-20_9-11-00.png","contentUrl":"https:\/\/thelitigator.com\/wp-content\/uploads\/2022\/07\/2022-07-20_9-11-00.png","width":971,"height":599,"caption":"Salisbury NC"},{"@type":"BreadcrumbList","@id":"https:\/\/thelitigator.com\/es\/salisbury-nc\/abogados-de-accidentes-automovilisticos\/#breadcrumb","itemListElement":[{"@type":"ListItem","position":1,"name":"Home","item":"https:\/\/thelitigator.com\/es\/"},{"@type":"ListItem","position":2,"name":"Abogados de lesiones personales en Salisbury","item":"https:\/\/thelitigator.com\/es\/salisbury-nc\/"},{"@type":"ListItem","position":3,"name":"Abogados de accidentes automovil\u00edsticos en Salisbury"}]},{"@type":"WebSite","@id":"https:\/\/thelitigator.com\/es\/#website","url":"https:\/\/thelitigator.com\/es\/","name":"Taylor | Serbin Injury Lawyers","description":"Taylor | Serbin Injury Lawyers Serving North and South Carolina Areas","publisher":{"@id":"https:\/\/thelitigator.com\/es\/#organization"},"potentialAction":[{"@type":"SearchAction","target":{"@type":"EntryPoint","urlTemplate":"https:\/\/thelitigator.com\/es\/?s={search_term_string}"},"query-input":{"@type":"PropertyValueSpecification","valueRequired":true,"valueName":"search_term_string"}}],"inLanguage":"es-US"},{"@type":"Organization","@id":"https:\/\/thelitigator.com\/es\/#organization","name":"Taylor | Serbin Injury Lawyers","url":"https:\/\/thelitigator.com\/es\/","logo":{"@type":"ImageObject","inLanguage":"es-US","@id":"https:\/\/thelitigator.com\/es\/#\/schema\/logo\/image\/","url":"https:\/\/thelitigator.com\/wp-content\/uploads\/2025\/12\/TSL-brand-final-01.svg","contentUrl":"https:\/\/thelitigator.com\/wp-content\/uploads\/2025\/12\/TSL-brand-final-01.svg","width":288,"height":198,"caption":"Taylor | Serbin Injury Lawyers"},"image":{"@id":"https:\/\/thelitigator.com\/es\/#\/schema\/logo\/image\/"},"sameAs":["https:\/\/www.facebook.com\/TheLawOfficesOfJasonETaylor\/","https:\/\/x.com\/lawyerjet"]}]}},"_links":{"self":[{"href":"https:\/\/thelitigator.com\/es\/wp-json\/wp\/v2\/pages\/11606","targetHints":{"allow":["GET"]}}],"collection":[{"href":"https:\/\/thelitigator.com\/es\/wp-json\/wp\/v2\/pages"}],"about":[{"href":"https:\/\/thelitigator.com\/es\/wp-json\/wp\/v2\/types\/page"}],"author":[{"embeddable":true,"href":"https:\/\/thelitigator.com\/es\/wp-json\/wp\/v2\/users\/8"}],"replies":[{"embeddable":true,"href":"https:\/\/thelitigator.com\/es\/wp-json\/wp\/v2\/comments?post=11606"}],"version-history":[{"count":0,"href":"https:\/\/thelitigator.com\/es\/wp-json\/wp\/v2\/pages\/11606\/revisions"}],"up":[{"embeddable":true,"href":"https:\/\/thelitigator.com\/es\/wp-json\/wp\/v2\/pages\/11580"}],"wp:featuredmedia":[{"embeddable":true,"href":"https:\/\/thelitigator.com\/es\/wp-json\/wp\/v2\/media\/8984"}],"wp:attachment":[{"href":"https:\/\/thelitigator.com\/es\/wp-json\/wp\/v2\/media?parent=11606"}],"wp:term":[{"taxonomy":"category","embeddable":true,"href":"https:\/\/thelitigator.com\/es\/wp-json\/wp\/v2\/categories?post=11606"},{"taxonomy":"post_tag","embeddable":true,"href":"https:\/\/thelitigator.com\/es\/wp-json\/wp\/v2\/tags?post=11606"},{"taxonomy":"attorney","embeddable":true,"href":"https:\/\/thelitigator.com\/es\/wp-json\/wp\/v2\/attorney?post=11606"}],"curies":[{"name":"wp","href":"https:\/\/api.w.org\/{rel}","templated":true}]}}