{"id":11596,"date":"2022-08-06T17:32:08","date_gmt":"2022-08-06T21:32:08","guid":{"rendered":"https:\/\/thelitigator.com\/?page_id=11596"},"modified":"2024-10-16T15:13:54","modified_gmt":"2024-10-16T19:13:54","slug":"abogados-de-compensacion-laboral","status":"publish","type":"page","link":"https:\/\/thelitigator.com\/es\/greensboro-nc\/abogados-de-compensacion-laboral\/","title":{"rendered":"Abogados de compensaci\u00f3n laboral en Greensboro"},"content":{"rendered":"\n<h2 class=\"wp-block-heading\"><strong>Ley de compensaci\u00f3n laboral en Greensboro, Carolina del Norte<\/strong><\/h2>\n\n\n\n<p>En Carolina del Norte, la compensaci\u00f3n laboral es un sistema legal que brinda beneficios a los empleados que sufren lesiones o se enferman debido a su trabajo. La mayor\u00eda de los empleadores deben tener un seguro de compensaci\u00f3n laboral, que generalmente cubre a los empleados si sufren lesiones en el trabajo.<\/p>\n\n\n\n<h2 class=\"wp-block-heading\"><strong>\u00bfCu\u00e1ndo debo contratar a un abogado especializado en compensaci\u00f3n laboral?<\/strong><\/h2>\n\n\n\n<p>En general, es bueno hablar con un abogado lo antes posible despu\u00e9s de sufrir una lesi\u00f3n o enfermedad para comprender sus derechos y opciones bajo el sistema de compensaci\u00f3n para trabajadores.<\/p>\n\n\n\n<p>Un abogado especializado en compensaci\u00f3n laboral puede ayudarle a determinar si es elegible para recibir beneficios y puede ayudarle a navegar por el proceso de reclamo. Si su empleador impugna su reclamo, un abogado puede ayudarle a apelar la decisi\u00f3n.<\/p>\n\n\n\n<h2 class=\"wp-block-heading\"><strong>\u00bfQu\u00e9 debo esperar cuando contrat\u00f3 a un abogado de compensaci\u00f3n laboral?<\/strong><\/h2>\n\n\n\n<p>Cuando contrata a un abogado especializado en compensaci\u00f3n laboral, normalmente revisar\u00e1 su caso de forma gratuita y luego le brindar\u00e1 una evaluaci\u00f3n honesta de sus posibilidades de \u00e9xito.<\/p>\n\n\n\n<p>Generalmente se ofrecer\u00e1n a representarlo sobre una base de contingencia, lo que significa que solo recibir\u00e1n un pago si usted recibe una compensaci\u00f3n monetaria por su lesi\u00f3n.<\/p>\n\n\n\n<h2 class=\"wp-block-heading\"><strong>Beneficios de compensaci\u00f3n para trabajadores&nbsp;<\/strong><\/h2>\n\n\n\n<p>Si usted es elegible para recibir beneficios de compensaci\u00f3n laboral, puede tener derecho a beneficios m\u00e9dicos, salarios perdidos y discapacidad permanente. En Carolina del Norte, los beneficios de compensaci\u00f3n laboral generalmente los paga la compa\u00f1\u00eda de seguros del empleador.<\/p>\n\n\n\n<h3 class=\"wp-block-heading\"><strong>Beneficios m\u00e9dicos<\/strong><\/h3>\n\n\n\n<p>Los beneficios m\u00e9dicos bajo la compensaci\u00f3n laboral generalmente cubren todos los gastos razonables y necesarios relacionados con cualquier tratamiento m\u00e9dico que reciba debido a su lesi\u00f3n o enfermedad laboral. Esto puede incluir hospitalizaci\u00f3n, cirug\u00eda, medicamentos, fisioterapia y otros tratamientos.<\/p>\n\n\n\n<h3 class=\"wp-block-heading\"><strong>Beneficios por p\u00e9rdida de salario:<\/strong><\/h3>\n\n\n\n<h3 class=\"wp-block-heading\"><strong>Prestaciones por incapacidad total temporal&nbsp;<\/strong><\/h3>\n\n\n\n<p>Si queda incapacitado temporalmente por completo debido a una lesi\u00f3n o enfermedad, puede tener derecho a recibir beneficios por incapacidad temporal. Estos beneficios suelen ser dos tercios de su salario semanal promedio, hasta un monto m\u00e1ximo.<\/p>\n\n\n\n<h3 class=\"wp-block-heading\"><strong>Prestaciones por incapacidad parcial temporal<\/strong><\/h3>\n\n\n\n<p>Si puede volver a trabajar con una capacidad de ingresos reducida, puede tener derecho a recibir prestaciones por incapacidad parcial temporal. Estas prestaciones suelen ser dos tercios de la diferencia entre su salario actual y el que ten\u00eda antes de la lesi\u00f3n, hasta un monto m\u00e1ximo.<\/p>\n\n\n\n<h3 class=\"wp-block-heading\"><strong>Incapacidad permanente<\/strong><\/h3>\n\n\n\n<p>Si sufre una discapacidad permanente debido a una lesi\u00f3n o enfermedad, puede recibir prestaciones por incapacidad permanente. Estas prestaciones suelen basarse en la gravedad de la discapacidad y pueden pagarse en una suma global o en pagos peri\u00f3dicos.<\/p>\n\n\n\n<h3 class=\"wp-block-heading\"><strong>Beneficios por muerte<\/strong><\/h3>\n\n\n\n<p>Si ha perdido a un ser querido debido a una lesi\u00f3n o enfermedad en el lugar de trabajo, es posible que tenga derecho a recibir prestaciones por fallecimiento. Estas prestaciones pueden ayudar a cubrir los gastos funerarios y la p\u00e9rdida de ingresos.<\/p>\n\n\n\n<h2 class=\"wp-block-heading\"><strong>Lesiones comunes en el lugar de trabajo<\/strong><\/h2>\n\n\n\n<p>Existe una variedad de lesiones que pueden ocurrir en el lugar de trabajo, desde cortes y moretones menores hasta lesiones m\u00e1s graves, como huesos rotos y conmociones cerebrales.<\/p>\n\n\n\n<p>Algunas de las lesiones laborales m\u00e1s comunes incluyen:<\/p>\n\n\n\n<ul class=\"wp-block-list\">\n<li>Cortes y laceraciones<\/li>\n\n\n\n<li>Moretones y contusiones<\/li>\n\n\n\n<li>Esguinces y distensiones<\/li>\n\n\n\n<li>Fracturas<\/li>\n\n\n\n<li>Dislocaciones<\/li>\n\n\n\n<li>Conmociones cerebrales<\/li>\n\n\n\n<li>Lesiones internas<\/li>\n\n\n\n<li>Quemaduras<\/li>\n\n\n\n<li>Exposici\u00f3n a sustancias nocivas<\/li>\n\n\n\n<li>Lesiones por movimientos repetitivos<\/li>\n\n\n\n<li>S\u00edndrome del t\u00fanel carpiano<\/li>\n\n\n\n<li>Golpe de calor<\/li>\n\n\n\n<li>Lesiones por estr\u00e9s por fr\u00edo<\/li>\n\n\n\n<li>Descargas el\u00e9ctricas y quemaduras<\/li>\n\n\n\n<li>Amputaciones<\/li>\n<\/ul>\n\n\n\n<p>Si bien algunas de estas lesiones pueden requerir un breve per\u00edodo de recuperaci\u00f3n, otras pueden tener un impacto m\u00e1s duradero en su salud y bienestar. Si ha sufrido una lesi\u00f3n en el lugar de trabajo, es importante que busque atenci\u00f3n m\u00e9dica lo antes posible.<\/p>\n\n\n\n<h2 class=\"wp-block-heading\"><strong>Casos de compensaci\u00f3n laboral que manejamos<\/strong><\/h2>\n\n\n\n<p>En las Oficinas Legales de Jason E. Taylor, manejamos todo tipo de casos de compensaci\u00f3n laboral, incluidos:<\/p>\n\n\n\n<ul class=\"wp-block-list\">\n<li>Lesiones causadas por accidentes laborales<\/li>\n\n\n\n<li>Lesiones causadas por movimientos repetitivos o exposici\u00f3n a condiciones peligrosas<\/li>\n\n\n\n<li>Casos de enfermedades profesionales<\/li>\n\n\n\n<li>Reclamaciones por muerte por negligencia presentadas por los familiares sobrevivientes de un trabajador que muri\u00f3 en el trabajo.<\/li>\n<\/ul>\n\n\n\n<p>No importa c\u00f3mo ocurri\u00f3 su lesi\u00f3n, un abogado especializado en compensaci\u00f3n laboral puede ayudarlo a obtener los beneficios a los que tiene derecho.<\/p>\n\n\n\n<h2 class=\"wp-block-heading\"><strong>Qu\u00e9 hacer despu\u00e9s de una lesi\u00f3n en Greensboro, Carolina del Norte<\/strong><\/h2>\n\n\n\n<p>Si ha sufrido una lesi\u00f3n en el trabajo, hay algunos pasos importantes que debe seguir:<\/p>\n\n\n\n<ol class=\"wp-block-list\">\n<li>Obtenga atenci\u00f3n m\u00e9dica: es importante buscar atenci\u00f3n m\u00e9dica lo antes posible despu\u00e9s de la lesi\u00f3n. Esto garantizar\u00e1 que reciba el tratamiento que necesita y crear\u00e1 un registro de su lesi\u00f3n.<\/li>\n\n\n\n<li>Informe la lesi\u00f3n a su empleador: Tiene 30 d\u00edas para dar aviso por escrito a su empleador.<\/li>\n\n\n\n<li>Comun\u00edquese con un abogado especializado en compensaci\u00f3n laboral: un abogado con experiencia en compensaci\u00f3n laboral puede ayudarle a navegar por el proceso de reclamos y garantizar que reciba los beneficios a los que tiene derecho.<\/li>\n<\/ol>\n\n\n\n<h2 class=\"wp-block-heading\"><strong>\u00bfCu\u00e1nto tiempo tengo para presentar un reclamo de compensaci\u00f3n laboral?<\/strong><\/h2>\n\n\n\n<p>En Carolina del Norte, tiene dos a\u00f1os a partir de la fecha de su lesi\u00f3n para presentar una reclamaci\u00f3n de indemnizaci\u00f3n por accidente de trabajo. Si no la presenta dentro de este plazo, es posible que no pueda recibir los beneficios. Sin embargo, tenga en cuenta que si no notifica a su empleador dentro de los 30 d\u00edas, es probable que la compa\u00f1\u00eda de seguros rechace su reclamaci\u00f3n por falta de notificaci\u00f3n.<\/p>\n\n\n\n<h2 class=\"wp-block-heading\"><strong>\u00bfCu\u00e1nto recibir\u00e9 en beneficios?<\/strong><\/h2>\n\n\n\n<p>La cantidad de beneficios que reciba depender\u00e1 de varios factores, entre ellos: su salario semanal promedio antes de su lesi\u00f3n, la parte del cuerpo lesionada, la gravedad de su lesi\u00f3n, la duraci\u00f3n de su recuperaci\u00f3n y si puede regresar a trabajar.<\/p>\n\n\n\n<h2 class=\"wp-block-heading\"><strong>\u00bfCu\u00e1nto tiempo tardar\u00e9 en recibir los beneficios?<\/strong><\/h2>\n\n\n\n<p>Una vez que haya presentado su reclamo, deber\u00eda recibir una decisi\u00f3n dentro de los 14 d\u00edas. Deber\u00eda comenzar a recibir los beneficios dentro de los 21 d\u00edas si se acepta su reclamo.<\/p>\n\n\n\n<h3 class=\"wp-block-heading\"><strong>\u00bfQu\u00e9 pasa si mi reclamo es rechazado?<\/strong><\/h3>\n\n\n\n<p>La denegaci\u00f3n debe impugnarse y debe presentarse una solicitud de audiencia ante la Comisi\u00f3n Industrial de Carolina del Norte. Un abogado con experiencia en compensaci\u00f3n laboral puede ayudarlo a transitar este proceso.<\/p>\n\n\n\n<h3 class=\"wp-block-heading\"><strong>Principales empleadores en Greensboro, Carolina del Norte<\/strong><\/h3>\n\n\n\n<p>Seg\u00fan News &amp; Record, estos son algunos de los principales empleadores de la ciudad:<\/p>\n\n\n\n<ul class=\"wp-block-list\">\n<li>Escuelas del condado de Guilford: 9545<\/li>\n\n\n\n<li>Salud del cono \u2013 9.287<\/li>\n\n\n\n<li>La ciudad de Greensboro \u2013 2,945<\/li>\n\n\n\n<li>Ralph Lauren Corp. \u2013 2.853<\/li>\n\n\n\n<li>Condado de Guilford \u2013 2,603<\/li>\n\n\n\n<li>Atenci\u00f3n m\u00e9dica regional de UNC en High Point: 2500<\/li>\n\n\n\n<li>UNCG \u2013 2.481<\/li>\n<\/ul>\n\n\n\n<figure class=\"wp-block-image\"><img fetchpriority=\"high\" decoding=\"async\" width=\"1024\" height=\"683\" src=\"https:\/\/thelitigator.com\/wp-content\/uploads\/2024\/10\/image-9.jpeg\" alt=\"Tropezar en el trabajo, compensaci\u00f3n laboral por lesiones\" class=\"wp-image-11597\" srcset=\"https:\/\/thelitigator.com\/wp-content\/uploads\/2024\/10\/image-9.jpeg 1024w, https:\/\/thelitigator.com\/wp-content\/uploads\/2024\/10\/image-9-300x200.jpeg 300w, https:\/\/thelitigator.com\/wp-content\/uploads\/2024\/10\/image-9-768x512.jpeg 768w\" sizes=\"(max-width: 1024px) 100vw, 1024px\" \/><\/figure>\n\n\n\n<h2 class=\"wp-block-heading\"><strong>Comun\u00edquese con nuestros abogados especializados en lesiones laborales en Greensboro<\/strong><\/h2>\n\n\n\n<p>El sistema de compensaci\u00f3n para trabajadores est\u00e1 dise\u00f1ado para ayudar a los trabajadores lesionados y a sus familias a obtener los beneficios que necesitan para recuperarse de lesiones y enfermedades laborales. Sin embargo, el proceso de reclamo puede ser complejo y confuso.<\/p>\n\n\n\n<p>En Las Oficinas Legales de Jason E. Taylor, contamos con un equipo de abogados que pueden ayudarlo en cada paso del proceso de reclamo. Un abogado con experiencia en compensaci\u00f3n laboral puede ayudarle a navegar por el sistema y obtener los beneficios a los que tiene derecho.<\/p>\n\n\n\n<p><strong><em>Cont\u00e1ctenos hoy para una consulta gratuita.<\/em><\/strong><\/p>\n","protected":false},"excerpt":{"rendered":"<p>Despu\u00e9s de sufrir una lesi\u00f3n en el trabajo, lo \u00faltimo de lo que debe preocuparse es si podr\u00e1 o no obtener los beneficios que necesita para mantenerse a s\u00ed mismo y a su familia. Con un abogado con experiencia en el manejo de casos de compensaci\u00f3n laboral de Greensboro de su lado, puede concentrarse en su recuperaci\u00f3n mientras nosotros nos encargamos del resto. En Oficinas Legales de Jason E. Taylor, representamos agresivamente a los trabajadores lesionados ayud\u00e1ndolos a presentar reclamos de compensaci\u00f3n laboral. Entendemos las dificultades que enfrenta y queremos ayudarlo a obtener la compensaci\u00f3n que se merece. Cont\u00e1ctenos hoy para una consulta gratuita.<\/p>\n","protected":false},"author":8,"featured_media":0,"parent":11567,"menu_order":0,"comment_status":"closed","ping_status":"closed","template":"","meta":{"_acf_changed":false,"footnotes":""},"categories":[1488,1447],"tags":[],"attorney":[],"class_list":["post-11596","page","type-page","status-publish","hentry","category-general-locations-es","category-workers-compensation-es"],"acf":[],"yoast_head":"<!-- This site is optimized with the Yoast SEO plugin v27.5 - https:\/\/yoast.com\/product\/yoast-seo-wordpress\/ -->\n<title>Abogados de compensaci\u00f3n laboral en Greensboro<\/title>\n<meta name=\"description\" content=\"Si est\u00e1 presentando un reclamo de compensaci\u00f3n para trabajadores y tiene preguntas, comun\u00edquese con los abogados de compensaci\u00f3n para trabajadores de Greensboro en las Oficinas Legales de Jason E. Taylor P.C. hoy.\" \/>\n<meta name=\"robots\" content=\"index, follow, max-snippet:-1, max-image-preview:large, max-video-preview:-1\" \/>\n<link rel=\"canonical\" href=\"https:\/\/thelitigator.com\/es\/greensboro-nc\/abogados-de-compensacion-laboral\/\" \/>\n<meta property=\"og:locale\" content=\"es_ES\" \/>\n<meta property=\"og:type\" content=\"article\" \/>\n<meta property=\"og:title\" content=\"Abogados de compensaci\u00f3n laboral en Greensboro\" \/>\n<meta property=\"og:description\" content=\"Si est\u00e1 presentando un reclamo de compensaci\u00f3n para trabajadores y tiene preguntas, comun\u00edquese con los abogados de compensaci\u00f3n para trabajadores de Greensboro en las Oficinas Legales de Jason E. Taylor P.C. hoy.\" \/>\n<meta property=\"og:url\" content=\"https:\/\/thelitigator.com\/es\/greensboro-nc\/abogados-de-compensacion-laboral\/\" \/>\n<meta property=\"og:site_name\" content=\"Taylor | Serbin Injury Lawyers\" \/>\n<meta property=\"article:publisher\" content=\"https:\/\/www.facebook.com\/TheLawOfficesOfJasonETaylor\/\" \/>\n<meta property=\"article:modified_time\" content=\"2024-10-16T19:13:54+00:00\" \/>\n<meta property=\"og:image\" content=\"https:\/\/thelitigator.com\/wp-content\/uploads\/2024\/10\/image-9.jpeg\" \/>\n\t<meta property=\"og:image:width\" content=\"1024\" \/>\n\t<meta property=\"og:image:height\" content=\"683\" \/>\n\t<meta property=\"og:image:type\" content=\"image\/jpeg\" \/>\n<meta name=\"twitter:card\" content=\"summary_large_image\" \/>\n<meta name=\"twitter:site\" content=\"@lawyerjet\" \/>\n<meta name=\"twitter:label1\" content=\"Est. reading time\" \/>\n\t<meta name=\"twitter:data1\" content=\"6 minutes\" \/>\n<script type=\"application\/ld+json\" class=\"yoast-schema-graph\">{\"@context\":\"https:\\\/\\\/schema.org\",\"@graph\":[{\"@type\":\"WebPage\",\"@id\":\"https:\\\/\\\/thelitigator.com\\\/es\\\/greensboro-nc\\\/abogados-de-compensacion-laboral\\\/\",\"url\":\"https:\\\/\\\/thelitigator.com\\\/es\\\/greensboro-nc\\\/abogados-de-compensacion-laboral\\\/\",\"name\":\"Abogados de compensaci\u00f3n laboral en Greensboro\",\"isPartOf\":{\"@id\":\"https:\\\/\\\/thelitigator.com\\\/es\\\/#website\"},\"primaryImageOfPage\":{\"@id\":\"https:\\\/\\\/thelitigator.com\\\/es\\\/greensboro-nc\\\/abogados-de-compensacion-laboral\\\/#primaryimage\"},\"image\":{\"@id\":\"https:\\\/\\\/thelitigator.com\\\/es\\\/greensboro-nc\\\/abogados-de-compensacion-laboral\\\/#primaryimage\"},\"thumbnailUrl\":\"https:\\\/\\\/thelitigator.com\\\/wp-content\\\/uploads\\\/2024\\\/10\\\/image-9.jpeg\",\"datePublished\":\"2022-08-06T21:32:08+00:00\",\"dateModified\":\"2024-10-16T19:13:54+00:00\",\"description\":\"Si est\u00e1 presentando un reclamo de compensaci\u00f3n para trabajadores y tiene preguntas, comun\u00edquese con los abogados de compensaci\u00f3n para trabajadores de Greensboro en las Oficinas Legales de Jason E. Taylor P.C. hoy.\",\"breadcrumb\":{\"@id\":\"https:\\\/\\\/thelitigator.com\\\/es\\\/greensboro-nc\\\/abogados-de-compensacion-laboral\\\/#breadcrumb\"},\"inLanguage\":\"es-US\",\"potentialAction\":[{\"@type\":\"ReadAction\",\"target\":[\"https:\\\/\\\/thelitigator.com\\\/es\\\/greensboro-nc\\\/abogados-de-compensacion-laboral\\\/\"]}]},{\"@type\":\"ImageObject\",\"inLanguage\":\"es-US\",\"@id\":\"https:\\\/\\\/thelitigator.com\\\/es\\\/greensboro-nc\\\/abogados-de-compensacion-laboral\\\/#primaryimage\",\"url\":\"https:\\\/\\\/thelitigator.com\\\/wp-content\\\/uploads\\\/2024\\\/10\\\/image-9.jpeg\",\"contentUrl\":\"https:\\\/\\\/thelitigator.com\\\/wp-content\\\/uploads\\\/2024\\\/10\\\/image-9.jpeg\"},{\"@type\":\"BreadcrumbList\",\"@id\":\"https:\\\/\\\/thelitigator.com\\\/es\\\/greensboro-nc\\\/abogados-de-compensacion-laboral\\\/#breadcrumb\",\"itemListElement\":[{\"@type\":\"ListItem\",\"position\":1,\"name\":\"Home\",\"item\":\"https:\\\/\\\/thelitigator.com\\\/es\\\/\"},{\"@type\":\"ListItem\",\"position\":2,\"name\":\"Abogados de lesiones personales en Greensboro\",\"item\":\"https:\\\/\\\/thelitigator.com\\\/es\\\/greensboro-nc\\\/\"},{\"@type\":\"ListItem\",\"position\":3,\"name\":\"Abogados de compensaci\u00f3n laboral en Greensboro\"}]},{\"@type\":\"WebSite\",\"@id\":\"https:\\\/\\\/thelitigator.com\\\/es\\\/#website\",\"url\":\"https:\\\/\\\/thelitigator.com\\\/es\\\/\",\"name\":\"Taylor | Serbin Injury Lawyers\",\"description\":\"Taylor | Serbin Injury Lawyers Serving North and South Carolina Areas\",\"publisher\":{\"@id\":\"https:\\\/\\\/thelitigator.com\\\/es\\\/#organization\"},\"potentialAction\":[{\"@type\":\"SearchAction\",\"target\":{\"@type\":\"EntryPoint\",\"urlTemplate\":\"https:\\\/\\\/thelitigator.com\\\/es\\\/?s={search_term_string}\"},\"query-input\":{\"@type\":\"PropertyValueSpecification\",\"valueRequired\":true,\"valueName\":\"search_term_string\"}}],\"inLanguage\":\"es-US\"},{\"@type\":\"Organization\",\"@id\":\"https:\\\/\\\/thelitigator.com\\\/es\\\/#organization\",\"name\":\"Taylor | Serbin Injury Lawyers\",\"url\":\"https:\\\/\\\/thelitigator.com\\\/es\\\/\",\"logo\":{\"@type\":\"ImageObject\",\"inLanguage\":\"es-US\",\"@id\":\"https:\\\/\\\/thelitigator.com\\\/es\\\/#\\\/schema\\\/logo\\\/image\\\/\",\"url\":\"https:\\\/\\\/thelitigator.com\\\/wp-content\\\/uploads\\\/2025\\\/12\\\/TSL-brand-final-01.svg\",\"contentUrl\":\"https:\\\/\\\/thelitigator.com\\\/wp-content\\\/uploads\\\/2025\\\/12\\\/TSL-brand-final-01.svg\",\"width\":288,\"height\":198,\"caption\":\"Taylor | Serbin Injury Lawyers\"},\"image\":{\"@id\":\"https:\\\/\\\/thelitigator.com\\\/es\\\/#\\\/schema\\\/logo\\\/image\\\/\"},\"sameAs\":[\"https:\\\/\\\/www.facebook.com\\\/TheLawOfficesOfJasonETaylor\\\/\",\"https:\\\/\\\/x.com\\\/lawyerjet\"]}]}<\/script>\n<!-- \/ Yoast SEO plugin. -->","yoast_head_json":{"title":"Abogados de compensaci\u00f3n laboral en Greensboro","description":"Si est\u00e1 presentando un reclamo de compensaci\u00f3n para trabajadores y tiene preguntas, comun\u00edquese con los abogados de compensaci\u00f3n para trabajadores de Greensboro en las Oficinas Legales de Jason E. Taylor P.C. hoy.","robots":{"index":"index","follow":"follow","max-snippet":"max-snippet:-1","max-image-preview":"max-image-preview:large","max-video-preview":"max-video-preview:-1"},"canonical":"https:\/\/thelitigator.com\/es\/greensboro-nc\/abogados-de-compensacion-laboral\/","og_locale":"es_ES","og_type":"article","og_title":"Abogados de compensaci\u00f3n laboral en Greensboro","og_description":"Si est\u00e1 presentando un reclamo de compensaci\u00f3n para trabajadores y tiene preguntas, comun\u00edquese con los abogados de compensaci\u00f3n para trabajadores de Greensboro en las Oficinas Legales de Jason E. Taylor P.C. hoy.","og_url":"https:\/\/thelitigator.com\/es\/greensboro-nc\/abogados-de-compensacion-laboral\/","og_site_name":"Taylor | Serbin Injury Lawyers","article_publisher":"https:\/\/www.facebook.com\/TheLawOfficesOfJasonETaylor\/","article_modified_time":"2024-10-16T19:13:54+00:00","og_image":[{"width":1024,"height":683,"url":"https:\/\/thelitigator.com\/wp-content\/uploads\/2024\/10\/image-9.jpeg","type":"image\/jpeg"}],"twitter_card":"summary_large_image","twitter_site":"@lawyerjet","twitter_misc":{"Est. reading time":"6 minutes"},"schema":{"@context":"https:\/\/schema.org","@graph":[{"@type":"WebPage","@id":"https:\/\/thelitigator.com\/es\/greensboro-nc\/abogados-de-compensacion-laboral\/","url":"https:\/\/thelitigator.com\/es\/greensboro-nc\/abogados-de-compensacion-laboral\/","name":"Abogados de compensaci\u00f3n laboral en Greensboro","isPartOf":{"@id":"https:\/\/thelitigator.com\/es\/#website"},"primaryImageOfPage":{"@id":"https:\/\/thelitigator.com\/es\/greensboro-nc\/abogados-de-compensacion-laboral\/#primaryimage"},"image":{"@id":"https:\/\/thelitigator.com\/es\/greensboro-nc\/abogados-de-compensacion-laboral\/#primaryimage"},"thumbnailUrl":"https:\/\/thelitigator.com\/wp-content\/uploads\/2024\/10\/image-9.jpeg","datePublished":"2022-08-06T21:32:08+00:00","dateModified":"2024-10-16T19:13:54+00:00","description":"Si est\u00e1 presentando un reclamo de compensaci\u00f3n para trabajadores y tiene preguntas, comun\u00edquese con los abogados de compensaci\u00f3n para trabajadores de Greensboro en las Oficinas Legales de Jason E. Taylor P.C. hoy.","breadcrumb":{"@id":"https:\/\/thelitigator.com\/es\/greensboro-nc\/abogados-de-compensacion-laboral\/#breadcrumb"},"inLanguage":"es-US","potentialAction":[{"@type":"ReadAction","target":["https:\/\/thelitigator.com\/es\/greensboro-nc\/abogados-de-compensacion-laboral\/"]}]},{"@type":"ImageObject","inLanguage":"es-US","@id":"https:\/\/thelitigator.com\/es\/greensboro-nc\/abogados-de-compensacion-laboral\/#primaryimage","url":"https:\/\/thelitigator.com\/wp-content\/uploads\/2024\/10\/image-9.jpeg","contentUrl":"https:\/\/thelitigator.com\/wp-content\/uploads\/2024\/10\/image-9.jpeg"},{"@type":"BreadcrumbList","@id":"https:\/\/thelitigator.com\/es\/greensboro-nc\/abogados-de-compensacion-laboral\/#breadcrumb","itemListElement":[{"@type":"ListItem","position":1,"name":"Home","item":"https:\/\/thelitigator.com\/es\/"},{"@type":"ListItem","position":2,"name":"Abogados de lesiones personales en Greensboro","item":"https:\/\/thelitigator.com\/es\/greensboro-nc\/"},{"@type":"ListItem","position":3,"name":"Abogados de compensaci\u00f3n laboral en Greensboro"}]},{"@type":"WebSite","@id":"https:\/\/thelitigator.com\/es\/#website","url":"https:\/\/thelitigator.com\/es\/","name":"Taylor | Serbin Injury Lawyers","description":"Taylor | Serbin Injury Lawyers Serving North and South Carolina Areas","publisher":{"@id":"https:\/\/thelitigator.com\/es\/#organization"},"potentialAction":[{"@type":"SearchAction","target":{"@type":"EntryPoint","urlTemplate":"https:\/\/thelitigator.com\/es\/?s={search_term_string}"},"query-input":{"@type":"PropertyValueSpecification","valueRequired":true,"valueName":"search_term_string"}}],"inLanguage":"es-US"},{"@type":"Organization","@id":"https:\/\/thelitigator.com\/es\/#organization","name":"Taylor | Serbin Injury Lawyers","url":"https:\/\/thelitigator.com\/es\/","logo":{"@type":"ImageObject","inLanguage":"es-US","@id":"https:\/\/thelitigator.com\/es\/#\/schema\/logo\/image\/","url":"https:\/\/thelitigator.com\/wp-content\/uploads\/2025\/12\/TSL-brand-final-01.svg","contentUrl":"https:\/\/thelitigator.com\/wp-content\/uploads\/2025\/12\/TSL-brand-final-01.svg","width":288,"height":198,"caption":"Taylor | Serbin Injury Lawyers"},"image":{"@id":"https:\/\/thelitigator.com\/es\/#\/schema\/logo\/image\/"},"sameAs":["https:\/\/www.facebook.com\/TheLawOfficesOfJasonETaylor\/","https:\/\/x.com\/lawyerjet"]}]}},"_links":{"self":[{"href":"https:\/\/thelitigator.com\/es\/wp-json\/wp\/v2\/pages\/11596","targetHints":{"allow":["GET"]}}],"collection":[{"href":"https:\/\/thelitigator.com\/es\/wp-json\/wp\/v2\/pages"}],"about":[{"href":"https:\/\/thelitigator.com\/es\/wp-json\/wp\/v2\/types\/page"}],"author":[{"embeddable":true,"href":"https:\/\/thelitigator.com\/es\/wp-json\/wp\/v2\/users\/8"}],"replies":[{"embeddable":true,"href":"https:\/\/thelitigator.com\/es\/wp-json\/wp\/v2\/comments?post=11596"}],"version-history":[{"count":0,"href":"https:\/\/thelitigator.com\/es\/wp-json\/wp\/v2\/pages\/11596\/revisions"}],"up":[{"embeddable":true,"href":"https:\/\/thelitigator.com\/es\/wp-json\/wp\/v2\/pages\/11567"}],"wp:attachment":[{"href":"https:\/\/thelitigator.com\/es\/wp-json\/wp\/v2\/media?parent=11596"}],"wp:term":[{"taxonomy":"category","embeddable":true,"href":"https:\/\/thelitigator.com\/es\/wp-json\/wp\/v2\/categories?post=11596"},{"taxonomy":"post_tag","embeddable":true,"href":"https:\/\/thelitigator.com\/es\/wp-json\/wp\/v2\/tags?post=11596"},{"taxonomy":"attorney","embeddable":true,"href":"https:\/\/thelitigator.com\/es\/wp-json\/wp\/v2\/attorney?post=11596"}],"curies":[{"name":"wp","href":"https:\/\/api.w.org\/{rel}","templated":true}]}}