{"id":11580,"date":"2022-07-20T09:04:13","date_gmt":"2022-07-20T13:04:13","guid":{"rendered":"https:\/\/thelitigator.com\/?page_id=11580"},"modified":"2024-10-16T15:04:33","modified_gmt":"2024-10-16T19:04:33","slug":"salisbury-nc","status":"publish","type":"page","link":"https:\/\/thelitigator.com\/es\/salisbury-nc\/","title":{"rendered":"Abogados de lesiones personales en Salisbury"},"content":{"rendered":"\n<h2 class=\"wp-block-heading\"><strong>Ley de lesiones personales en Salisbury, Carolina del Norte<\/strong><\/h2>\n\n\n\n<p>En Carolina del Norte, las v\u00edctimas de lesiones deben resolver su reclamo por lesiones personales o presentar una demanda dentro de los tres a\u00f1os posteriores a la fecha del accidente. Esto se conoce como el plazo de prescripci\u00f3n. Si no presenta su reclamo dentro de este plazo, no podr\u00e1 recuperar ninguna compensaci\u00f3n por sus lesiones.<\/p>\n\n\n\n<h2 class=\"wp-block-heading\"><strong>Casos de lesiones personales que manejamos en Salisbury, Carolina del Norte<\/strong><\/h2>\n\n\n\n<p>Nuestro bufete de abogados se ocupa de diversos asuntos legales relacionados con lesiones personales, entre ellos:<\/p>\n\n\n\n<ul class=\"wp-block-list\">\n<li>Accidentes de tr\u00e1fico<\/li>\n\n\n\n<li>Accidentes de camiones<\/li>\n\n\n\n<li>Accidentes de motocicleta<\/li>\n\n\n\n<li>Accidentes de bicicleta<\/li>\n\n\n\n<li>Accidentes de peatones<\/li>\n\n\n\n<li>Accidentes por resbalones y ca\u00eddas<\/li>\n\n\n\n<li>Mordeduras de perro<\/li>\n<\/ul>\n\n\n\n<p>Si ha sufrido lesiones graves en un accidente, es importante ponerse en contacto con un abogado de lesiones personales en Salisbury, Carolina del Norte, lo antes posible.<\/p>\n\n\n\n<h2 class=\"wp-block-heading\"><strong>C\u00f3mo elegir el abogado de lesiones personales adecuado en Salisbury, Carolina del Norte<\/strong><\/h2>\n\n\n\n<p>Existen varios bufetes de abogados que se ocupan de casos en Salisbury, pero para elegir el adecuado, es importante encontrar a alguien con experiencia en el manejo de casos como el suyo. Supongamos que est\u00e1 buscando representaci\u00f3n legal para un caso de derecho laboral. Un abogado especializado en muerte por negligencia, defensa penal o derecho de familia puede no ser el abogado adecuado para llevar su caso.&nbsp;<\/p>\n\n\n\n<p>Tambi\u00e9n es importante encontrar un abogado de lesiones personales que se ocupe de casos en Salisbury con el que se sienta c\u00f3modo. Debe poder comunicarse abierta y honestamente con su abogado. Nunca debe sentirse presionado para aceptar un acuerdo o que sus preguntas no est\u00e1n siendo respondidas.<\/p>\n\n\n\n<figure class=\"wp-block-image\"><img fetchpriority=\"high\" decoding=\"async\" width=\"1024\" height=\"683\" src=\"https:\/\/thelitigator.com\/wp-content\/uploads\/2024\/10\/image-6.jpeg\" alt=\"M\u00e9dico aplicando vendaje en el pie de un paciente en el hospital, primer plano, lesi\u00f3n por resbal\u00f3n y ca\u00edda en Hickory\" class=\"wp-image-11581\" srcset=\"https:\/\/thelitigator.com\/wp-content\/uploads\/2024\/10\/image-6.jpeg 1024w, https:\/\/thelitigator.com\/wp-content\/uploads\/2024\/10\/image-6-300x200.jpeg 300w, https:\/\/thelitigator.com\/wp-content\/uploads\/2024\/10\/image-6-768x512.jpeg 768w\" sizes=\"(max-width: 1024px) 100vw, 1024px\" \/><\/figure>\n\n\n\n<h2 class=\"wp-block-heading\"><strong>Comun\u00edquese con nuestros abogados de lesiones personales de Salisbury<\/strong><\/h2>\n\n\n\n<p>El bufete de abogados de Jason E. Taylor se centra en obtener resultados r\u00e1pidos para nuestros clientes que han resultado heridos en un accidente. Si ha resultado herido en un accidente de tr\u00e1fico o necesita ayuda para obtener los beneficios de una reclamaci\u00f3n de indemnizaci\u00f3n por accidente de trabajo, nuestro equipo legal est\u00e1 aqu\u00ed para ayudarle.<\/p>\n\n\n\n<p>Comun\u00edquese hoy mismo con nuestros abogados especializados en lesiones personales para programar una consulta inicial gratuita y obtener m\u00e1s informaci\u00f3n sobre c\u00f3mo podemos ayudarlo con su caso de lesiones personales. Brindamos servicios a clientes en Salisbury y las \u00e1reas circundantes.<\/p>\n","protected":false},"excerpt":{"rendered":"<p>Salisbury ha sido la sede del condado de Rowan desde 1753. Cerca de Charlotte y dentro de su \u00e1rea metropolitana, la ciudad ha crecido a lo largo de los a\u00f1os hasta tener m\u00e1s de 35.000 residentes. Est\u00e1 ubicada en la regi\u00f3n de Piedmont y es el hogar de muchos tipos diferentes de empresas, incluidas varias instalaciones m\u00e9dicas grandes. Con toda la gente y el tr\u00e1fico en Salisbury, no es de extra\u00f1ar que ocurran accidentes aqu\u00ed con regularidad. Si ha resultado herido en un accidente que no fue su culpa, es posible que se pregunte cu\u00e1les deben ser sus pr\u00f3ximos pasos. Lo primero que debe hacer es buscar la ayuda de un abogado de lesiones personales calificado. Si est\u00e1 buscando un abogado de lesiones personales en Salisbury, Carolina del Norte, no dude en ponerse en contacto con los abogados de Las Oficinas Legales de Jason E. Taylor. Nuestros abogados est\u00e1n aqu\u00ed para representar a clientes lesionados en varias \u00e1reas de pr\u00e1ctica. Podemos guiarlo a trav\u00e9s del proceso legal y ayudarlo a obtener la compensaci\u00f3n que se merece. Comun\u00edquese con nuestro bufete de abogados para concertar una consulta inicial gratuita para obtener m\u00e1s informaci\u00f3n sobre c\u00f3mo podemos ayudarlo.<\/p>\n","protected":false},"author":8,"featured_media":8984,"parent":0,"menu_order":0,"comment_status":"closed","ping_status":"closed","template":"","meta":{"_acf_changed":false,"footnotes":""},"categories":[1488,1427],"tags":[],"attorney":[],"class_list":["post-11580","page","type-page","status-publish","has-post-thumbnail","hentry","category-general-locations-es","category-personal-injury-es"],"acf":[],"yoast_head":"<!-- This site is optimized with the Yoast SEO plugin v27.3 - https:\/\/yoast.com\/product\/yoast-seo-wordpress\/ -->\n<title>Abogados de lesiones personales en Salisbury<\/title>\n<meta name=\"description\" content=\"Si necesita ayuda para presentar un reclamo por lesiones personales en Salisbury, nuestro equipo de abogados expertos en lesiones est\u00e1 listo para ayudarlo en nuestra oficina de Salisbury.\" \/>\n<meta name=\"robots\" content=\"index, follow, max-snippet:-1, max-image-preview:large, max-video-preview:-1\" \/>\n<link rel=\"canonical\" href=\"https:\/\/thelitigator.com\/es\/salisbury-nc\/\" \/>\n<meta property=\"og:locale\" content=\"es_ES\" \/>\n<meta property=\"og:type\" content=\"article\" \/>\n<meta property=\"og:title\" content=\"Abogados de lesiones personales en Salisbury\" \/>\n<meta property=\"og:description\" content=\"Si necesita ayuda para presentar un reclamo por lesiones personales en Salisbury, nuestro equipo de abogados expertos en lesiones est\u00e1 listo para ayudarlo en nuestra oficina de Salisbury.\" \/>\n<meta property=\"og:url\" content=\"https:\/\/thelitigator.com\/es\/salisbury-nc\/\" \/>\n<meta property=\"og:site_name\" content=\"Taylor | Serbin Injury Lawyers\" \/>\n<meta property=\"article:publisher\" content=\"https:\/\/www.facebook.com\/TheLawOfficesOfJasonETaylor\/\" \/>\n<meta property=\"article:modified_time\" content=\"2024-10-16T19:04:33+00:00\" \/>\n<meta property=\"og:image\" content=\"https:\/\/thelitigator.com\/wp-content\/uploads\/2022\/07\/2022-07-20_9-11-00.png\" \/>\n\t<meta property=\"og:image:width\" content=\"971\" \/>\n\t<meta property=\"og:image:height\" content=\"599\" \/>\n\t<meta property=\"og:image:type\" content=\"image\/png\" \/>\n<meta name=\"twitter:card\" content=\"summary_large_image\" \/>\n<meta name=\"twitter:site\" content=\"@lawyerjet\" \/>\n<meta name=\"twitter:label1\" content=\"Est. reading time\" \/>\n\t<meta name=\"twitter:data1\" content=\"3 minutes\" \/>\n<script type=\"application\/ld+json\" class=\"yoast-schema-graph\">{\"@context\":\"https:\\\/\\\/schema.org\",\"@graph\":[{\"@type\":\"WebPage\",\"@id\":\"https:\\\/\\\/thelitigator.com\\\/es\\\/salisbury-nc\\\/\",\"url\":\"https:\\\/\\\/thelitigator.com\\\/es\\\/salisbury-nc\\\/\",\"name\":\"Abogados de lesiones personales en Salisbury\",\"isPartOf\":{\"@id\":\"https:\\\/\\\/thelitigator.com\\\/es\\\/#website\"},\"primaryImageOfPage\":{\"@id\":\"https:\\\/\\\/thelitigator.com\\\/es\\\/salisbury-nc\\\/#primaryimage\"},\"image\":{\"@id\":\"https:\\\/\\\/thelitigator.com\\\/es\\\/salisbury-nc\\\/#primaryimage\"},\"thumbnailUrl\":\"https:\\\/\\\/thelitigator.com\\\/wp-content\\\/uploads\\\/2022\\\/07\\\/2022-07-20_9-11-00.png\",\"datePublished\":\"2022-07-20T13:04:13+00:00\",\"dateModified\":\"2024-10-16T19:04:33+00:00\",\"description\":\"Si necesita ayuda para presentar un reclamo por lesiones personales en Salisbury, nuestro equipo de abogados expertos en lesiones est\u00e1 listo para ayudarlo en nuestra oficina de Salisbury.\",\"breadcrumb\":{\"@id\":\"https:\\\/\\\/thelitigator.com\\\/es\\\/salisbury-nc\\\/#breadcrumb\"},\"inLanguage\":\"es-US\",\"potentialAction\":[{\"@type\":\"ReadAction\",\"target\":[\"https:\\\/\\\/thelitigator.com\\\/es\\\/salisbury-nc\\\/\"]}]},{\"@type\":\"ImageObject\",\"inLanguage\":\"es-US\",\"@id\":\"https:\\\/\\\/thelitigator.com\\\/es\\\/salisbury-nc\\\/#primaryimage\",\"url\":\"https:\\\/\\\/thelitigator.com\\\/wp-content\\\/uploads\\\/2022\\\/07\\\/2022-07-20_9-11-00.png\",\"contentUrl\":\"https:\\\/\\\/thelitigator.com\\\/wp-content\\\/uploads\\\/2022\\\/07\\\/2022-07-20_9-11-00.png\",\"width\":971,\"height\":599,\"caption\":\"Salisbury NC\"},{\"@type\":\"BreadcrumbList\",\"@id\":\"https:\\\/\\\/thelitigator.com\\\/es\\\/salisbury-nc\\\/#breadcrumb\",\"itemListElement\":[{\"@type\":\"ListItem\",\"position\":1,\"name\":\"Home\",\"item\":\"https:\\\/\\\/thelitigator.com\\\/es\\\/\"},{\"@type\":\"ListItem\",\"position\":2,\"name\":\"Abogados de lesiones personales en Salisbury\"}]},{\"@type\":\"WebSite\",\"@id\":\"https:\\\/\\\/thelitigator.com\\\/es\\\/#website\",\"url\":\"https:\\\/\\\/thelitigator.com\\\/es\\\/\",\"name\":\"Taylor | Serbin Injury Lawyers\",\"description\":\"Taylor | Serbin Injury Lawyers Serving North and South Carolina Areas\",\"publisher\":{\"@id\":\"https:\\\/\\\/thelitigator.com\\\/es\\\/#organization\"},\"potentialAction\":[{\"@type\":\"SearchAction\",\"target\":{\"@type\":\"EntryPoint\",\"urlTemplate\":\"https:\\\/\\\/thelitigator.com\\\/es\\\/?s={search_term_string}\"},\"query-input\":{\"@type\":\"PropertyValueSpecification\",\"valueRequired\":true,\"valueName\":\"search_term_string\"}}],\"inLanguage\":\"es-US\"},{\"@type\":\"Organization\",\"@id\":\"https:\\\/\\\/thelitigator.com\\\/es\\\/#organization\",\"name\":\"Taylor | Serbin Injury Lawyers\",\"url\":\"https:\\\/\\\/thelitigator.com\\\/es\\\/\",\"logo\":{\"@type\":\"ImageObject\",\"inLanguage\":\"es-US\",\"@id\":\"https:\\\/\\\/thelitigator.com\\\/es\\\/#\\\/schema\\\/logo\\\/image\\\/\",\"url\":\"https:\\\/\\\/thelitigator.com\\\/wp-content\\\/uploads\\\/2025\\\/12\\\/TSL-brand-final-01.svg\",\"contentUrl\":\"https:\\\/\\\/thelitigator.com\\\/wp-content\\\/uploads\\\/2025\\\/12\\\/TSL-brand-final-01.svg\",\"width\":288,\"height\":198,\"caption\":\"Taylor | Serbin Injury Lawyers\"},\"image\":{\"@id\":\"https:\\\/\\\/thelitigator.com\\\/es\\\/#\\\/schema\\\/logo\\\/image\\\/\"},\"sameAs\":[\"https:\\\/\\\/www.facebook.com\\\/TheLawOfficesOfJasonETaylor\\\/\",\"https:\\\/\\\/x.com\\\/lawyerjet\"]}]}<\/script>\n<!-- \/ Yoast SEO plugin. -->","yoast_head_json":{"title":"Abogados de lesiones personales en Salisbury","description":"Si necesita ayuda para presentar un reclamo por lesiones personales en Salisbury, nuestro equipo de abogados expertos en lesiones est\u00e1 listo para ayudarlo en nuestra oficina de Salisbury.","robots":{"index":"index","follow":"follow","max-snippet":"max-snippet:-1","max-image-preview":"max-image-preview:large","max-video-preview":"max-video-preview:-1"},"canonical":"https:\/\/thelitigator.com\/es\/salisbury-nc\/","og_locale":"es_ES","og_type":"article","og_title":"Abogados de lesiones personales en Salisbury","og_description":"Si necesita ayuda para presentar un reclamo por lesiones personales en Salisbury, nuestro equipo de abogados expertos en lesiones est\u00e1 listo para ayudarlo en nuestra oficina de Salisbury.","og_url":"https:\/\/thelitigator.com\/es\/salisbury-nc\/","og_site_name":"Taylor | Serbin Injury Lawyers","article_publisher":"https:\/\/www.facebook.com\/TheLawOfficesOfJasonETaylor\/","article_modified_time":"2024-10-16T19:04:33+00:00","og_image":[{"width":971,"height":599,"url":"https:\/\/thelitigator.com\/wp-content\/uploads\/2022\/07\/2022-07-20_9-11-00.png","type":"image\/png"}],"twitter_card":"summary_large_image","twitter_site":"@lawyerjet","twitter_misc":{"Est. reading time":"3 minutes"},"schema":{"@context":"https:\/\/schema.org","@graph":[{"@type":"WebPage","@id":"https:\/\/thelitigator.com\/es\/salisbury-nc\/","url":"https:\/\/thelitigator.com\/es\/salisbury-nc\/","name":"Abogados de lesiones personales en Salisbury","isPartOf":{"@id":"https:\/\/thelitigator.com\/es\/#website"},"primaryImageOfPage":{"@id":"https:\/\/thelitigator.com\/es\/salisbury-nc\/#primaryimage"},"image":{"@id":"https:\/\/thelitigator.com\/es\/salisbury-nc\/#primaryimage"},"thumbnailUrl":"https:\/\/thelitigator.com\/wp-content\/uploads\/2022\/07\/2022-07-20_9-11-00.png","datePublished":"2022-07-20T13:04:13+00:00","dateModified":"2024-10-16T19:04:33+00:00","description":"Si necesita ayuda para presentar un reclamo por lesiones personales en Salisbury, nuestro equipo de abogados expertos en lesiones est\u00e1 listo para ayudarlo en nuestra oficina de Salisbury.","breadcrumb":{"@id":"https:\/\/thelitigator.com\/es\/salisbury-nc\/#breadcrumb"},"inLanguage":"es-US","potentialAction":[{"@type":"ReadAction","target":["https:\/\/thelitigator.com\/es\/salisbury-nc\/"]}]},{"@type":"ImageObject","inLanguage":"es-US","@id":"https:\/\/thelitigator.com\/es\/salisbury-nc\/#primaryimage","url":"https:\/\/thelitigator.com\/wp-content\/uploads\/2022\/07\/2022-07-20_9-11-00.png","contentUrl":"https:\/\/thelitigator.com\/wp-content\/uploads\/2022\/07\/2022-07-20_9-11-00.png","width":971,"height":599,"caption":"Salisbury NC"},{"@type":"BreadcrumbList","@id":"https:\/\/thelitigator.com\/es\/salisbury-nc\/#breadcrumb","itemListElement":[{"@type":"ListItem","position":1,"name":"Home","item":"https:\/\/thelitigator.com\/es\/"},{"@type":"ListItem","position":2,"name":"Abogados de lesiones personales en Salisbury"}]},{"@type":"WebSite","@id":"https:\/\/thelitigator.com\/es\/#website","url":"https:\/\/thelitigator.com\/es\/","name":"Taylor | Serbin Injury Lawyers","description":"Taylor | Serbin Injury Lawyers Serving North and South Carolina Areas","publisher":{"@id":"https:\/\/thelitigator.com\/es\/#organization"},"potentialAction":[{"@type":"SearchAction","target":{"@type":"EntryPoint","urlTemplate":"https:\/\/thelitigator.com\/es\/?s={search_term_string}"},"query-input":{"@type":"PropertyValueSpecification","valueRequired":true,"valueName":"search_term_string"}}],"inLanguage":"es-US"},{"@type":"Organization","@id":"https:\/\/thelitigator.com\/es\/#organization","name":"Taylor | Serbin Injury Lawyers","url":"https:\/\/thelitigator.com\/es\/","logo":{"@type":"ImageObject","inLanguage":"es-US","@id":"https:\/\/thelitigator.com\/es\/#\/schema\/logo\/image\/","url":"https:\/\/thelitigator.com\/wp-content\/uploads\/2025\/12\/TSL-brand-final-01.svg","contentUrl":"https:\/\/thelitigator.com\/wp-content\/uploads\/2025\/12\/TSL-brand-final-01.svg","width":288,"height":198,"caption":"Taylor | Serbin Injury Lawyers"},"image":{"@id":"https:\/\/thelitigator.com\/es\/#\/schema\/logo\/image\/"},"sameAs":["https:\/\/www.facebook.com\/TheLawOfficesOfJasonETaylor\/","https:\/\/x.com\/lawyerjet"]}]}},"_links":{"self":[{"href":"https:\/\/thelitigator.com\/es\/wp-json\/wp\/v2\/pages\/11580","targetHints":{"allow":["GET"]}}],"collection":[{"href":"https:\/\/thelitigator.com\/es\/wp-json\/wp\/v2\/pages"}],"about":[{"href":"https:\/\/thelitigator.com\/es\/wp-json\/wp\/v2\/types\/page"}],"author":[{"embeddable":true,"href":"https:\/\/thelitigator.com\/es\/wp-json\/wp\/v2\/users\/8"}],"replies":[{"embeddable":true,"href":"https:\/\/thelitigator.com\/es\/wp-json\/wp\/v2\/comments?post=11580"}],"version-history":[{"count":0,"href":"https:\/\/thelitigator.com\/es\/wp-json\/wp\/v2\/pages\/11580\/revisions"}],"wp:featuredmedia":[{"embeddable":true,"href":"https:\/\/thelitigator.com\/es\/wp-json\/wp\/v2\/media\/8984"}],"wp:attachment":[{"href":"https:\/\/thelitigator.com\/es\/wp-json\/wp\/v2\/media?parent=11580"}],"wp:term":[{"taxonomy":"category","embeddable":true,"href":"https:\/\/thelitigator.com\/es\/wp-json\/wp\/v2\/categories?post=11580"},{"taxonomy":"post_tag","embeddable":true,"href":"https:\/\/thelitigator.com\/es\/wp-json\/wp\/v2\/tags?post=11580"},{"taxonomy":"attorney","embeddable":true,"href":"https:\/\/thelitigator.com\/es\/wp-json\/wp\/v2\/attorney?post=11580"}],"curies":[{"name":"wp","href":"https:\/\/api.w.org\/{rel}","templated":true}]}}