{"id":11567,"date":"2022-07-17T19:05:50","date_gmt":"2022-07-17T23:05:50","guid":{"rendered":"https:\/\/thelitigator.com\/?page_id=11567"},"modified":"2024-10-16T14:52:54","modified_gmt":"2024-10-16T18:52:54","slug":"greensboro-nc","status":"publish","type":"page","link":"https:\/\/thelitigator.com\/es\/greensboro-nc\/","title":{"rendered":"Abogados de lesiones personales en Greensboro"},"content":{"rendered":"\n<h2 class=\"wp-block-heading\"><strong>Ley de lesiones personales en Greensboro, Carolina del Norte<\/strong><\/h2>\n\n\n\n<p>El primer paso para emprender acciones legales despu\u00e9s de sufrir lesiones en un accidente es ponerse en contacto con un abogado especializado en lesiones personales. La ley de Carolina del Norte exige que todas las reclamaciones por lesiones personales se presenten en un plazo de tres a\u00f1os a partir de la fecha del accidente.<\/p>\n\n\n\n<p>Puede parecer mucho tiempo, pero es importante comenzar a trabajar en su caso lo antes posible. Cuanto antes se ponga en contacto con un abogado, antes podr\u00e1 empezar a trabajar en su nombre. Adem\u00e1s, existen algunas excepciones a este plazo de prescripci\u00f3n de tres a\u00f1os, por lo que es importante hablar con su abogado sobre cu\u00e1l es el plazo de prescripci\u00f3n en su caso.&nbsp;<\/p>\n\n\n\n<h2 class=\"wp-block-heading\"><strong>\u00bfQu\u00e9 hace un abogado de lesiones personales de Greensboro?<\/strong><\/h2>\n\n\n\n<p>Un abogado especializado en lesiones personales investigar\u00e1 su caso y reunir\u00e1 pruebas para respaldar su demanda. Tambi\u00e9n entrevistar\u00e1 a testigos y revisar\u00e1 los registros m\u00e9dicos. Una vez que tenga todos los hechos, trabajar\u00e1 con usted para construir un caso legal s\u00f3lido y maximizar su indemnizaci\u00f3n.<\/p>\n\n\n\n<p>Adem\u00e1s, su abogado negociar\u00e1 con la compa\u00f1\u00eda de seguros en su nombre. Las compa\u00f1\u00edas de seguros suelen ser reacias a pagar las reclamaciones, pero un buen abogado luchar\u00e1 para conseguirle la indemnizaci\u00f3n que merece.<\/p>\n\n\n\n<h2 class=\"wp-block-heading\"><strong>Casos de lesiones personales que manejamos en Greensboro, Carolina del Norte<\/strong><\/h2>\n\n\n\n<p>Estos son algunos de los casos de lesiones con los que podemos ayudarle:<\/p>\n\n\n\n<ul class=\"wp-block-list\">\n<li><a href=\"https:\/\/thelitigator.com\/es\/greensboro-nc\/abogados-de-accidentes-automovilisticos\/\">Accidentes de tr\u00e1fico<\/a><\/li>\n\n\n\n<li>Accidentes de camiones<\/li>\n\n\n\n<li>Accidentes de motocicleta<\/li>\n\n\n\n<li>Accidentes de bicicleta<\/li>\n\n\n\n<li>Accidentes de peatones<\/li>\n\n\n\n<li>Accidentes por resbalones y ca\u00eddas<\/li>\n\n\n\n<li>Mordeduras de perro<\/li>\n\n\n\n<li>Mala praxis m\u00e9dica<\/li>\n<\/ul>\n\n\n\n<p>Si ha resultado lesionado en cualquier tipo de accidente en el que otra persona puede tener la culpa, es importante ponerse en contacto con un abogado de lesiones personales en Greensboro, Carolina del Norte, lo antes posible.<\/p>\n\n\n\n<h2 class=\"wp-block-heading\"><strong>Por qu\u00e9 necesita un abogado especializado en lesiones personales<\/strong><\/h2>\n\n\n\n<p>Cuando sufre lesiones en un accidente, se enfrenta a muchos desaf\u00edos. Puede tener que hacer frente a costosas facturas m\u00e9dicas, p\u00e9rdida de salarios y el dolor y sufrimiento causados \u200b\u200bpor sus lesiones. Lo \u00faltimo de lo que debe preocuparse es c\u00f3mo pagar\u00e1 sus facturas.<\/p>\n\n\n\n<p>Los abogados especializados en lesiones personales se encargan de todos los aspectos legales de su caso para que usted pueda centrarse en su recuperaci\u00f3n. Trabajar\u00e1n para conseguirle el mejor resultado posible en su caso, ya sea un acuerdo o un veredicto judicial.<\/p>\n\n\n\n<h2 class=\"wp-block-heading\"><strong>C\u00f3mo demostrar negligencia y responsabilidad en demandas por lesiones personales<\/strong><\/h2>\n\n\n\n<p>Para ganar un caso de lesiones personales, debe demostrar que la otra parte fue negligente, es decir, que no tom\u00f3 las precauciones razonables para evitar sus lesiones.<\/p>\n\n\n\n<p>Existen muchas formas distintas de demostrar negligencia. Por ejemplo, si la otra parte conduc\u00eda a exceso de velocidad o bajo los efectos del alcohol, se la puede considerar negligente.<\/p>\n\n\n\n<p>Una vez que haya demostrado que la otra parte fue negligente, deber\u00e1 demostrar que su negligencia caus\u00f3 sus lesiones. Esto se puede hacer demostrando que sus lesiones no habr\u00edan ocurrido si la otra parte no hubiera sido negligente.<\/p>\n\n\n\n<h2 class=\"wp-block-heading\"><strong>Lo que necesitas para probar la negligencia<\/strong><\/h2>\n\n\n\n<p>Para demostrar negligencia, deber\u00e1 reunir pruebas, que pueden incluir declaraciones de testigos, fotograf\u00edas o videos de la escena del accidente y su propio testimonio.<\/p>\n\n\n\n<p>Es importante reunir esta evidencia lo antes posible. Cuanto antes se comunique con un abogado especializado en lesiones personales que se ocupe de casos en Greensboro, Carolina del Norte, antes podr\u00e1 comenzar a trabajar en su caso.<\/p>\n\n\n\n<h3 class=\"wp-block-heading\"><strong>\u00bfQu\u00e9 sucede si usted es parcialmente responsable de su accidente?<\/strong><\/h3>\n\n\n\n<p>En algunos casos, la parte lesionada puede ser parcialmente responsable de su propio accidente. Esto se conoce como negligencia contributiva.<\/p>\n\n\n\n<p>Por ejemplo, si usted estaba cruzando la calle y fue atropellado por un autom\u00f3vil, pero no estaba utilizando un cruce de peatones, es posible que sea parcialmente culpable de sus lesiones.<\/p>\n\n\n\n<p>Si se determina que usted fue parcialmente culpable de su accidente, no podr\u00e1 recuperar ninguna compensaci\u00f3n por sus da\u00f1os.<\/p>\n\n\n\n<p>Es importante discutir su caso con un abogado de lesiones personales que maneje casos en Greensboro, NC, lo antes posible para que pueda ayudarlo a determinar si la negligencia contributiva afectar\u00e1 su caso.<\/p>\n\n\n\n<h2 class=\"wp-block-heading\"><strong>C\u00f3mo determinar el valor de su reclamaci\u00f3n<\/strong><\/h2>\n\n\n\n<p>El valor de su demanda por lesiones personales depender\u00e1 de muchos factores, entre ellos, la gravedad de sus lesiones, si son permanentes, el monto de las facturas m\u00e9dicas que haya tenido y el tiempo que haya estado incapacitado para trabajar.<\/p>\n\n\n\n<p>Un bufete de abogados especializado en lesiones personales trabajar\u00e1 con usted para determinar el valor de su reclamaci\u00f3n. Tambi\u00e9n negociar\u00e1 con las compa\u00f1\u00edas de seguros en su nombre para conseguirle el mejor acuerdo posible.<\/p>\n\n\n\n<h2 class=\"wp-block-heading\"><strong>\u00bfC\u00f3mo s\u00e9 si tengo un reclamo v\u00e1lido por lesiones personales?<\/strong><\/h2>\n\n\n\n<p>La mejor manera de averiguar si tiene una demanda por lesiones personales v\u00e1lida es ponerse en contacto con un abogado especializado en lesiones personales. Ellos revisar\u00e1n los hechos de su caso y le informar\u00e1n cu\u00e1les son sus opciones legales.<\/p>\n\n\n\n<p>No debe intentar manejar su caso por su cuenta, ya que las compa\u00f1\u00edas de seguros a menudo se aprovechan de las personas que no tienen representaci\u00f3n legal.<\/p>\n\n\n\n<p>Ponerse en contacto con un abogado especializado en lesiones personales es la mejor manera de asegurarse de obtener la compensaci\u00f3n que merece.<\/p>\n\n\n\n<h2 class=\"wp-block-heading\"><strong>Da\u00f1os que puede recuperar en un reclamo por lesiones personales en Greensboro<\/strong><\/h2>\n\n\n\n<p>Si tiene \u00e9xito en su demanda por lesiones personales, es posible que pueda recuperar una variedad de da\u00f1os y perjuicios. Estos pueden incluir:<\/p>\n\n\n\n<ul class=\"wp-block-list\">\n<li>Gastos m\u00e9dicos<\/li>\n\n\n\n<li>Salarios perdidos<\/li>\n\n\n\n<li>Dolor y sufrimiento<\/li>\n\n\n\n<li>Da\u00f1os a la propiedad<\/li>\n<\/ul>\n\n\n\n<p>Su abogado de lesiones personales que maneja reclamos en Greensboro trabajar\u00e1 con usted para determinar a qu\u00e9 da\u00f1os tiene derecho.<\/p>\n\n\n\n<h2 class=\"wp-block-heading\"><strong>Reclamaciones por muerte por negligencia en Greensboro, Carolina del Norte<\/strong><\/h2>\n\n\n\n<p>Si ha perdido a un ser querido en un accidente, es posible que pueda presentar una demanda por muerte por negligencia. Este tipo de demanda es diferente de una demanda por lesiones personales, ya que la presentan los familiares del fallecido y no la parte lesionada.<\/p>\n\n\n\n<p>Las demandas por muerte por negligencia son complejas y pueden ser muy emotivas. Es importante contar con un abogado experimentado de su lado que pueda ayudarlo en este momento dif\u00edcil.<\/p>\n\n\n\n<h2 class=\"wp-block-heading\"><strong>Comun\u00edquese con nuestros abogados de lesiones personales de Greensboro<\/strong><\/h2>\n\n\n\n<p>El bufete de abogados de Jason E. Taylor se centra en obtener resultados lo m\u00e1s r\u00e1pido posible para nuestros clientes que han resultado heridos en un accidente. Si ha resultado herido en un accidente de coche, de cami\u00f3n, de motocicleta u otro caso de lesiones personales, nuestro equipo legal est\u00e1 aqu\u00ed para ayudarle.<\/p>\n\n\n\n<p>Comun\u00edquese hoy mismo con nuestros abogados especializados en lesiones personales para recibir una consulta inicial gratuita y obtener m\u00e1s informaci\u00f3n sobre c\u00f3mo podemos ayudarlo con su caso de lesiones personales. Brindamos servicios a clientes en todo Greensboro y las \u00e1reas circundantes.<\/p>\n","protected":false},"excerpt":{"rendered":"<p>La vida en Greensboro, Carolina del Norte, gira en torno a la familia, los amigos y la comunidad. Como resultado, cuando algo malo le sucede a uno de los nuestros, afecta a todos. Es por eso que tomamos cada caso como algo personal. Si ha resultado herido en un accidente, es posible que se pregunte qu\u00e9 hacer a continuaci\u00f3n. Debe buscar ayuda legal de inmediato y el mejor lugar para comenzar es con un abogado de lesiones personales. En Las Oficinas Legales de Jason E. Taylor, tenemos a\u00f1os de experiencia ayudando a personas como usted a obtener la compensaci\u00f3n que merecen por sus lesiones. Trabajaremos incansablemente para obtener el mejor resultado posible en su caso. Comun\u00edquese con nuestra oficina para programar una consulta gratuita y obtener m\u00e1s informaci\u00f3n sobre c\u00f3mo podemos ayudarlo.<\/p>\n","protected":false},"author":8,"featured_media":8975,"parent":0,"menu_order":0,"comment_status":"closed","ping_status":"closed","template":"","meta":{"_acf_changed":false,"footnotes":""},"categories":[1488,1427],"tags":[],"attorney":[],"class_list":["post-11567","page","type-page","status-publish","has-post-thumbnail","hentry","category-general-locations-es","category-personal-injury-es"],"acf":[],"yoast_head":"<!-- This site is optimized with the Yoast SEO plugin v27.5 - https:\/\/yoast.com\/product\/yoast-seo-wordpress\/ -->\n<title>Abogados de lesiones personales en Greensboro<\/title>\n<meta name=\"description\" content=\"Si necesita ayuda para presentar un reclamo por lesiones personales en Greensboro, nuestro equipo de abogados expertos en lesiones est\u00e1 listo para ayudarlo en nuestra oficina de Greensboro.\" \/>\n<meta name=\"robots\" content=\"index, follow, max-snippet:-1, max-image-preview:large, max-video-preview:-1\" \/>\n<link rel=\"canonical\" href=\"https:\/\/thelitigator.com\/es\/greensboro-nc\/\" \/>\n<meta property=\"og:locale\" content=\"es_ES\" \/>\n<meta property=\"og:type\" content=\"article\" \/>\n<meta property=\"og:title\" content=\"Abogados de lesiones personales en Greensboro\" \/>\n<meta property=\"og:description\" content=\"Si necesita ayuda para presentar un reclamo por lesiones personales en Greensboro, nuestro equipo de abogados expertos en lesiones est\u00e1 listo para ayudarlo en nuestra oficina de Greensboro.\" \/>\n<meta property=\"og:url\" content=\"https:\/\/thelitigator.com\/es\/greensboro-nc\/\" \/>\n<meta property=\"og:site_name\" content=\"Taylor | Serbin Injury Lawyers\" \/>\n<meta property=\"article:publisher\" content=\"https:\/\/www.facebook.com\/TheLawOfficesOfJasonETaylor\/\" \/>\n<meta property=\"article:modified_time\" content=\"2024-10-16T18:52:54+00:00\" \/>\n<meta property=\"og:image\" content=\"https:\/\/thelitigator.com\/wp-content\/uploads\/2022\/07\/2022-07-17_19-15-25.png\" \/>\n\t<meta property=\"og:image:width\" content=\"694\" \/>\n\t<meta property=\"og:image:height\" content=\"480\" \/>\n\t<meta property=\"og:image:type\" content=\"image\/png\" \/>\n<meta name=\"twitter:card\" content=\"summary_large_image\" \/>\n<meta name=\"twitter:site\" content=\"@lawyerjet\" \/>\n<meta name=\"twitter:label1\" content=\"Est. reading time\" \/>\n\t<meta name=\"twitter:data1\" content=\"5 minutes\" \/>\n<script type=\"application\/ld+json\" class=\"yoast-schema-graph\">{\"@context\":\"https:\\\/\\\/schema.org\",\"@graph\":[{\"@type\":\"WebPage\",\"@id\":\"https:\\\/\\\/thelitigator.com\\\/es\\\/greensboro-nc\\\/\",\"url\":\"https:\\\/\\\/thelitigator.com\\\/es\\\/greensboro-nc\\\/\",\"name\":\"Abogados de lesiones personales en Greensboro\",\"isPartOf\":{\"@id\":\"https:\\\/\\\/thelitigator.com\\\/es\\\/#website\"},\"primaryImageOfPage\":{\"@id\":\"https:\\\/\\\/thelitigator.com\\\/es\\\/greensboro-nc\\\/#primaryimage\"},\"image\":{\"@id\":\"https:\\\/\\\/thelitigator.com\\\/es\\\/greensboro-nc\\\/#primaryimage\"},\"thumbnailUrl\":\"https:\\\/\\\/thelitigator.com\\\/wp-content\\\/uploads\\\/2022\\\/07\\\/2022-07-17_19-15-25.png\",\"datePublished\":\"2022-07-17T23:05:50+00:00\",\"dateModified\":\"2024-10-16T18:52:54+00:00\",\"description\":\"Si necesita ayuda para presentar un reclamo por lesiones personales en Greensboro, nuestro equipo de abogados expertos en lesiones est\u00e1 listo para ayudarlo en nuestra oficina de Greensboro.\",\"breadcrumb\":{\"@id\":\"https:\\\/\\\/thelitigator.com\\\/es\\\/greensboro-nc\\\/#breadcrumb\"},\"inLanguage\":\"es-US\",\"potentialAction\":[{\"@type\":\"ReadAction\",\"target\":[\"https:\\\/\\\/thelitigator.com\\\/es\\\/greensboro-nc\\\/\"]}]},{\"@type\":\"ImageObject\",\"inLanguage\":\"es-US\",\"@id\":\"https:\\\/\\\/thelitigator.com\\\/es\\\/greensboro-nc\\\/#primaryimage\",\"url\":\"https:\\\/\\\/thelitigator.com\\\/wp-content\\\/uploads\\\/2022\\\/07\\\/2022-07-17_19-15-25.png\",\"contentUrl\":\"https:\\\/\\\/thelitigator.com\\\/wp-content\\\/uploads\\\/2022\\\/07\\\/2022-07-17_19-15-25.png\",\"width\":694,\"height\":480,\"caption\":\"Greensboro NC\"},{\"@type\":\"BreadcrumbList\",\"@id\":\"https:\\\/\\\/thelitigator.com\\\/es\\\/greensboro-nc\\\/#breadcrumb\",\"itemListElement\":[{\"@type\":\"ListItem\",\"position\":1,\"name\":\"Home\",\"item\":\"https:\\\/\\\/thelitigator.com\\\/es\\\/\"},{\"@type\":\"ListItem\",\"position\":2,\"name\":\"Abogados de lesiones personales en Greensboro\"}]},{\"@type\":\"WebSite\",\"@id\":\"https:\\\/\\\/thelitigator.com\\\/es\\\/#website\",\"url\":\"https:\\\/\\\/thelitigator.com\\\/es\\\/\",\"name\":\"Taylor | Serbin Injury Lawyers\",\"description\":\"Taylor | Serbin Injury Lawyers Serving North and South Carolina Areas\",\"publisher\":{\"@id\":\"https:\\\/\\\/thelitigator.com\\\/es\\\/#organization\"},\"potentialAction\":[{\"@type\":\"SearchAction\",\"target\":{\"@type\":\"EntryPoint\",\"urlTemplate\":\"https:\\\/\\\/thelitigator.com\\\/es\\\/?s={search_term_string}\"},\"query-input\":{\"@type\":\"PropertyValueSpecification\",\"valueRequired\":true,\"valueName\":\"search_term_string\"}}],\"inLanguage\":\"es-US\"},{\"@type\":\"Organization\",\"@id\":\"https:\\\/\\\/thelitigator.com\\\/es\\\/#organization\",\"name\":\"Taylor | Serbin Injury Lawyers\",\"url\":\"https:\\\/\\\/thelitigator.com\\\/es\\\/\",\"logo\":{\"@type\":\"ImageObject\",\"inLanguage\":\"es-US\",\"@id\":\"https:\\\/\\\/thelitigator.com\\\/es\\\/#\\\/schema\\\/logo\\\/image\\\/\",\"url\":\"https:\\\/\\\/thelitigator.com\\\/wp-content\\\/uploads\\\/2025\\\/12\\\/TSL-brand-final-01.svg\",\"contentUrl\":\"https:\\\/\\\/thelitigator.com\\\/wp-content\\\/uploads\\\/2025\\\/12\\\/TSL-brand-final-01.svg\",\"width\":288,\"height\":198,\"caption\":\"Taylor | Serbin Injury Lawyers\"},\"image\":{\"@id\":\"https:\\\/\\\/thelitigator.com\\\/es\\\/#\\\/schema\\\/logo\\\/image\\\/\"},\"sameAs\":[\"https:\\\/\\\/www.facebook.com\\\/TheLawOfficesOfJasonETaylor\\\/\",\"https:\\\/\\\/x.com\\\/lawyerjet\"]}]}<\/script>\n<!-- \/ Yoast SEO plugin. -->","yoast_head_json":{"title":"Abogados de lesiones personales en Greensboro","description":"Si necesita ayuda para presentar un reclamo por lesiones personales en Greensboro, nuestro equipo de abogados expertos en lesiones est\u00e1 listo para ayudarlo en nuestra oficina de Greensboro.","robots":{"index":"index","follow":"follow","max-snippet":"max-snippet:-1","max-image-preview":"max-image-preview:large","max-video-preview":"max-video-preview:-1"},"canonical":"https:\/\/thelitigator.com\/es\/greensboro-nc\/","og_locale":"es_ES","og_type":"article","og_title":"Abogados de lesiones personales en Greensboro","og_description":"Si necesita ayuda para presentar un reclamo por lesiones personales en Greensboro, nuestro equipo de abogados expertos en lesiones est\u00e1 listo para ayudarlo en nuestra oficina de Greensboro.","og_url":"https:\/\/thelitigator.com\/es\/greensboro-nc\/","og_site_name":"Taylor | Serbin Injury Lawyers","article_publisher":"https:\/\/www.facebook.com\/TheLawOfficesOfJasonETaylor\/","article_modified_time":"2024-10-16T18:52:54+00:00","og_image":[{"width":694,"height":480,"url":"https:\/\/thelitigator.com\/wp-content\/uploads\/2022\/07\/2022-07-17_19-15-25.png","type":"image\/png"}],"twitter_card":"summary_large_image","twitter_site":"@lawyerjet","twitter_misc":{"Est. reading time":"5 minutes"},"schema":{"@context":"https:\/\/schema.org","@graph":[{"@type":"WebPage","@id":"https:\/\/thelitigator.com\/es\/greensboro-nc\/","url":"https:\/\/thelitigator.com\/es\/greensboro-nc\/","name":"Abogados de lesiones personales en Greensboro","isPartOf":{"@id":"https:\/\/thelitigator.com\/es\/#website"},"primaryImageOfPage":{"@id":"https:\/\/thelitigator.com\/es\/greensboro-nc\/#primaryimage"},"image":{"@id":"https:\/\/thelitigator.com\/es\/greensboro-nc\/#primaryimage"},"thumbnailUrl":"https:\/\/thelitigator.com\/wp-content\/uploads\/2022\/07\/2022-07-17_19-15-25.png","datePublished":"2022-07-17T23:05:50+00:00","dateModified":"2024-10-16T18:52:54+00:00","description":"Si necesita ayuda para presentar un reclamo por lesiones personales en Greensboro, nuestro equipo de abogados expertos en lesiones est\u00e1 listo para ayudarlo en nuestra oficina de Greensboro.","breadcrumb":{"@id":"https:\/\/thelitigator.com\/es\/greensboro-nc\/#breadcrumb"},"inLanguage":"es-US","potentialAction":[{"@type":"ReadAction","target":["https:\/\/thelitigator.com\/es\/greensboro-nc\/"]}]},{"@type":"ImageObject","inLanguage":"es-US","@id":"https:\/\/thelitigator.com\/es\/greensboro-nc\/#primaryimage","url":"https:\/\/thelitigator.com\/wp-content\/uploads\/2022\/07\/2022-07-17_19-15-25.png","contentUrl":"https:\/\/thelitigator.com\/wp-content\/uploads\/2022\/07\/2022-07-17_19-15-25.png","width":694,"height":480,"caption":"Greensboro NC"},{"@type":"BreadcrumbList","@id":"https:\/\/thelitigator.com\/es\/greensboro-nc\/#breadcrumb","itemListElement":[{"@type":"ListItem","position":1,"name":"Home","item":"https:\/\/thelitigator.com\/es\/"},{"@type":"ListItem","position":2,"name":"Abogados de lesiones personales en Greensboro"}]},{"@type":"WebSite","@id":"https:\/\/thelitigator.com\/es\/#website","url":"https:\/\/thelitigator.com\/es\/","name":"Taylor | Serbin Injury Lawyers","description":"Taylor | Serbin Injury Lawyers Serving North and South Carolina Areas","publisher":{"@id":"https:\/\/thelitigator.com\/es\/#organization"},"potentialAction":[{"@type":"SearchAction","target":{"@type":"EntryPoint","urlTemplate":"https:\/\/thelitigator.com\/es\/?s={search_term_string}"},"query-input":{"@type":"PropertyValueSpecification","valueRequired":true,"valueName":"search_term_string"}}],"inLanguage":"es-US"},{"@type":"Organization","@id":"https:\/\/thelitigator.com\/es\/#organization","name":"Taylor | Serbin Injury Lawyers","url":"https:\/\/thelitigator.com\/es\/","logo":{"@type":"ImageObject","inLanguage":"es-US","@id":"https:\/\/thelitigator.com\/es\/#\/schema\/logo\/image\/","url":"https:\/\/thelitigator.com\/wp-content\/uploads\/2025\/12\/TSL-brand-final-01.svg","contentUrl":"https:\/\/thelitigator.com\/wp-content\/uploads\/2025\/12\/TSL-brand-final-01.svg","width":288,"height":198,"caption":"Taylor | Serbin Injury Lawyers"},"image":{"@id":"https:\/\/thelitigator.com\/es\/#\/schema\/logo\/image\/"},"sameAs":["https:\/\/www.facebook.com\/TheLawOfficesOfJasonETaylor\/","https:\/\/x.com\/lawyerjet"]}]}},"_links":{"self":[{"href":"https:\/\/thelitigator.com\/es\/wp-json\/wp\/v2\/pages\/11567","targetHints":{"allow":["GET"]}}],"collection":[{"href":"https:\/\/thelitigator.com\/es\/wp-json\/wp\/v2\/pages"}],"about":[{"href":"https:\/\/thelitigator.com\/es\/wp-json\/wp\/v2\/types\/page"}],"author":[{"embeddable":true,"href":"https:\/\/thelitigator.com\/es\/wp-json\/wp\/v2\/users\/8"}],"replies":[{"embeddable":true,"href":"https:\/\/thelitigator.com\/es\/wp-json\/wp\/v2\/comments?post=11567"}],"version-history":[{"count":0,"href":"https:\/\/thelitigator.com\/es\/wp-json\/wp\/v2\/pages\/11567\/revisions"}],"wp:featuredmedia":[{"embeddable":true,"href":"https:\/\/thelitigator.com\/es\/wp-json\/wp\/v2\/media\/8975"}],"wp:attachment":[{"href":"https:\/\/thelitigator.com\/es\/wp-json\/wp\/v2\/media?parent=11567"}],"wp:term":[{"taxonomy":"category","embeddable":true,"href":"https:\/\/thelitigator.com\/es\/wp-json\/wp\/v2\/categories?post=11567"},{"taxonomy":"post_tag","embeddable":true,"href":"https:\/\/thelitigator.com\/es\/wp-json\/wp\/v2\/tags?post=11567"},{"taxonomy":"attorney","embeddable":true,"href":"https:\/\/thelitigator.com\/es\/wp-json\/wp\/v2\/attorney?post=11567"}],"curies":[{"name":"wp","href":"https:\/\/api.w.org\/{rel}","templated":true}]}}