{"id":11557,"date":"2022-02-15T20:48:35","date_gmt":"2022-02-16T01:48:35","guid":{"rendered":"https:\/\/thelitigator.com\/?page_id=11557"},"modified":"2024-10-16T14:45:59","modified_gmt":"2024-10-16T18:45:59","slug":"fort-mill-sc","status":"publish","type":"page","link":"https:\/\/thelitigator.com\/es\/fort-mill-sc\/","title":{"rendered":"Abogados de lesiones personales en Fort Mill"},"content":{"rendered":"\n<h2 class=\"wp-block-heading\"><strong>\u00bfQu\u00e9 tipos de casos de lesiones personales manejamos en Fort Mill, SC?<\/strong><\/h2>\n\n\n\n<p>Nuestros abogados se ocupan de una amplia variedad de casos de lesiones personales. Algunos de los tipos de casos m\u00e1s comunes que manejamos incluyen:<\/p>\n\n\n\n<h3 class=\"wp-block-heading\"><a href=\"https:\/\/thelitigator.com\/es\/fort-mill-sc\/abogados-de-accidentes-automovilisticos\/\"><strong>Accidentes automovil\u00edsticos<\/strong><\/a><\/h3>\n\n\n\n<p>Seg\u00fan el Instituto de Seguros para la Seguridad Vial, en 2018, Carolina del Sur fue el estado con m\u00e1s muertes en los EE. UU. por cada 100 millones de veh\u00edculos en circulaci\u00f3n. Si usted o un ser querido ha resultado herido en un accidente de tr\u00e1fico, nuestros abogados luchar\u00e1n por sus derechos y se asegurar\u00e1n de que reciba la indemnizaci\u00f3n que merece.<\/p>\n\n\n\n<p>Investigaremos su caso y determinaremos si existe responsabilidad o negligencia por parte del otro conductor. Tambi\u00e9n trabajaremos para obtener la m\u00e1xima compensaci\u00f3n por sus lesiones, incluidos los gastos m\u00e9dicos, los salarios perdidos y el dolor y el sufrimiento.<\/p>\n\n\n\n<h3 class=\"wp-block-heading\"><strong>Accidentes por resbalones y ca\u00eddas<\/strong><\/h3>\n\n\n\n<p>Si ha resultado herido en un accidente por resbal\u00f3n y ca\u00edda, nuestros abogados pueden ayudarle. Investigaremos su caso para determinar si tiene una reclamaci\u00f3n legal v\u00e1lida contra el propietario de la propiedad o la empresa.<\/p>\n\n\n\n<h3 class=\"wp-block-heading\"><strong>Muerte por negligencia<\/strong><\/h3>\n\n\n\n<p>Si un familiar ha fallecido debido a la negligencia o el acto il\u00edcito de otra persona, nuestros abogados investigar\u00e1n las circunstancias que rodearon la muerte de su ser querido y determinar\u00e1n si tiene una reclamaci\u00f3n legal v\u00e1lida. De ser as\u00ed, trabajaremos para obtener la compensaci\u00f3n que merece por gastos m\u00e9dicos y costos funerarios.<\/p>\n\n\n\n<h3 class=\"wp-block-heading\"><strong>Compensaci\u00f3n de trabajadores<\/strong><\/h3>\n\n\n\n<p>Si ha sufrido una lesi\u00f3n en el trabajo, es posible que tenga derecho a recibir beneficios de compensaci\u00f3n para trabajadores. Un abogado con experiencia en lesiones personales puede ayudarle a navegar por el sistema de compensaci\u00f3n para trabajadores de Carolina del Sur, presentar una reclamaci\u00f3n y asegurarse de que reciba los beneficios que merece.<\/p>\n\n\n\n<h3 class=\"wp-block-heading\"><strong>Otros casos de lesiones personales que manejamos<\/strong><\/h3>\n\n\n\n<ul class=\"wp-block-list\">\n<li>Accidentes por resbalones y ca\u00eddas<\/li>\n\n\n\n<li>Mordeduras de perro<\/li>\n\n\n\n<li>Lesiones laborales<\/li>\n\n\n\n<li>Muerte por negligencia<\/li>\n\n\n\n<li>Lesiones en ni\u00f1os<\/li>\n\n\n\n<li>Accidentes en la construcci\u00f3n<\/li>\n\n\n\n<li>Accidentes de bicicleta<\/li>\n\n\n\n<li>Responsabilidad de las instalaciones<\/li>\n\n\n\n<li>Lesi\u00f3n cerebral traum\u00e1tica<\/li>\n\n\n\n<li>Accidentes en viajes compartidos<\/li>\n\n\n\n<li>Responsabilidad del producto y productos defectuosos<\/li>\n\n\n\n<li>Accidentes de navegaci\u00f3n<\/li>\n<\/ul>\n\n\n\n<h2 class=\"wp-block-heading\"><strong>\u00bfPor qu\u00e9 deber\u00eda contratar a un abogado de lesiones personales de Fort Mill, SC?<\/strong><\/h2>\n\n\n\n<p>Si ha sufrido lesiones en un accidente, es posible que se pregunte si necesita un abogado especializado en lesiones personales. A continuaci\u00f3n, se indican algunas razones por las que deber\u00eda considerar contratar a un abogado especializado en lesiones personales:<\/p>\n\n\n\n<p><strong>Es posible que tenga derecho a una indemnizaci\u00f3n<\/strong> : si ha sufrido lesiones en un accidente, es posible que tenga derecho a una indemnizaci\u00f3n por sus lesiones. Un abogado especializado en lesiones personales puede ayudarle a presentar una reclamaci\u00f3n y asegurarse de que reciba la indemnizaci\u00f3n que merece.<\/p>\n\n\n\n<p><strong>Es posible que no conozca sus derechos<\/strong> : muchas personas lesionadas en accidentes no conocen sus derechos. Un abogado especializado en lesiones personales puede ayudarle a comprender sus derechos y protegerlos.<\/p>\n\n\n\n<p><strong>Es posible que la compa\u00f1\u00eda de seguros no est\u00e9 de su lado<\/strong> : las compa\u00f1\u00edas de seguros suelen utilizar t\u00e1cticas para evitar pagar las reclamaciones o pagar lo menos posible. Un abogado especializado en lesiones personales puede ayudarle a tratar con la compa\u00f1\u00eda de seguros y asegurarse de que reciba la indemnizaci\u00f3n que merece.<\/p>\n\n\n\n<p><strong>Es posible que no tenga tiempo<\/strong> : si ha sufrido lesiones en un accidente, debe concentrarse en recuperarse, no en el papeleo y las negociaciones. Un abogado especializado en lesiones personales puede encargarse de todo el papeleo y las negociaciones para que usted pueda concentrarse en su recuperaci\u00f3n.<\/p>\n\n\n\n<p>Las Oficinas Legales de Jason E. Taylor est\u00e1n aqu\u00ed para representarlo en diversos reclamos por lesiones, incluidos accidentes automovil\u00edsticos, accidentes de navegaci\u00f3n, resbalones y ca\u00eddas, productos defectuosos, negligencia m\u00e9dica y m\u00e1s.<\/p>\n\n\n\n<h2 class=\"wp-block-heading\"><strong>Da\u00f1os que puede recuperar en un reclamo por lesiones personales en Fort Mill<\/strong><\/h2>\n\n\n\n<p>Si ha sufrido lesiones en un accidente, es posible que tenga derecho a una indemnizaci\u00f3n por sus lesiones. Los tipos de da\u00f1os que puede recuperar en una demanda por lesiones personales incluyen:<\/p>\n\n\n\n<p><strong>Gastos m\u00e9dicos<\/strong> : puede obtener una compensaci\u00f3n por cualquier gasto m\u00e9dico relacionado con el accidente, incluidas facturas de hospital, medicamentos recetados y fisioterapia.<\/p>\n\n\n\n<p><strong>Salarios perdidos<\/strong> : si no pudo trabajar debido al accidente, podr\u00eda obtener una compensaci\u00f3n por los salarios perdidos.<\/p>\n\n\n\n<p><strong>Dolor y sufrimiento<\/strong> : puede obtener una compensaci\u00f3n por cualquier dolor y sufrimiento causado por el accidente.<\/p>\n\n\n\n<h2 class=\"wp-block-heading\"><strong>\u00bfCu\u00e1nto tiempo tengo para presentar un reclamo por lesiones personales en Fort Mill?<\/strong><\/h2>\n\n\n\n<p>Si ha sufrido lesiones en un accidente, es importante que presente una reclamaci\u00f3n por lesiones personales lo antes posible. En Carolina del Sur, tiene tres a\u00f1os para presentar una reclamaci\u00f3n por lesiones personales. Sin embargo, cuanto antes presente la reclamaci\u00f3n, antes podr\u00e1 recuperar la compensaci\u00f3n econ\u00f3mica por sus lesiones.<\/p>\n\n\n\n<h2 class=\"wp-block-heading\"><strong>\u00bfCu\u00e1nto vale mi caso de lesiones personales en Fort Mill?<\/strong><\/h2>\n\n\n\n<p>Es imposible determinar cu\u00e1nto vale su caso de lesiones personales sin conocer los detalles de su caso. Sin embargo, un abogado especializado en lesiones personales podr\u00e1 darle una estimaci\u00f3n en funci\u00f3n de los hechos de su caso.<\/p>\n\n\n\n<h2 class=\"wp-block-heading\"><strong>\u00bfCu\u00e1les son los pasos para presentar reclamos por lesiones personales en Fort Mill, SC?<\/strong><\/h2>\n\n\n\n<p>Si ha resultado lesionado en un accidente, el proceso de reclamo por lesiones personales generalmente implica los siguientes pasos:<\/p>\n\n\n\n<p><strong>Paso uno<\/strong> : obtenga tratamiento m\u00e9dico. Si ha sufrido lesiones en un accidente, es importante que reciba tratamiento m\u00e9dico lo antes posible. Aunque sus lesiones parezcan menores al principio, podr\u00edan ser m\u00e1s graves de lo que cree.<\/p>\n\n\n\n<p><strong>Segundo paso<\/strong> : Re\u00fana pruebas. Es importante reunir pruebas despu\u00e9s de un accidente, incluidas fotograf\u00edas de la escena, facturas m\u00e9dicas y documentaci\u00f3n de salarios perdidos.<\/p>\n\n\n\n<p><strong>Paso tres<\/strong> : contacte a un bufete de abogados especializado en lesiones personales. Un abogado especializado en lesiones personales puede ayudarle durante todo el proceso de presentaci\u00f3n de una reclamaci\u00f3n y asegurarse de que reciba la indemnizaci\u00f3n que merece.<\/p>\n\n\n\n<p><strong>Paso cuatro<\/strong> : Negocie con la compa\u00f1\u00eda de seguros. Es posible que la compa\u00f1\u00eda de seguros no est\u00e9 de su lado. Un abogado especializado en lesiones personales puede ayudarle a negociar con la compa\u00f1\u00eda de seguros y asegurarse de que reciba la compensaci\u00f3n que merece.<\/p>\n\n\n\n<p><strong>Paso cinco<\/strong> : presente una demanda si es necesario. Si las negociaciones con la compa\u00f1\u00eda de seguros fracasan, su abogado podr\u00eda tener que presentar una demanda. Sin embargo, la mayor\u00eda de los casos de lesiones personales se resuelven fuera de los tribunales.<\/p>\n\n\n\n<figure class=\"wp-block-image\"><img fetchpriority=\"high\" decoding=\"async\" width=\"1024\" height=\"683\" src=\"https:\/\/thelitigator.com\/wp-content\/uploads\/2024\/10\/image-2.jpeg\" alt=\"Persona que usa muletas despu\u00e9s de sufrir una lesi\u00f3n en un accidente automovil\u00edstico\" class=\"wp-image-11558\" srcset=\"https:\/\/thelitigator.com\/wp-content\/uploads\/2024\/10\/image-2.jpeg 1024w, https:\/\/thelitigator.com\/wp-content\/uploads\/2024\/10\/image-2-300x200.jpeg 300w, https:\/\/thelitigator.com\/wp-content\/uploads\/2024\/10\/image-2-768x512.jpeg 768w\" sizes=\"(max-width: 1024px) 100vw, 1024px\" \/><\/figure>\n\n\n\n<h2 class=\"wp-block-heading\"><strong>Comun\u00edquese con nuestros abogados de lesiones personales de Fort Mill<\/strong><\/h2>\n\n\n\n<p>Si ha resultado herido en un accidente, p\u00f3ngase en contacto hoy mismo con los abogados expertos en lesiones personales de Las Oficinas Legales de Jason E. Taylor para recibir una consulta gratuita. Revisaremos su caso y le informaremos qu\u00e9 indemnizaci\u00f3n podr\u00eda tener derecho a recibir. Trabajamos sobre la base de honorarios contingentes, lo que significa que no nos pagar\u00e1 nada a menos que ganemos su caso.<\/p>\n","protected":false},"excerpt":{"rendered":"<p>Si ha sufrido lesiones en un accidente en Fort Mill, Carolina del Sur o sus alrededores, es posible que necesite la ayuda de un abogado especializado en lesiones personales. Los abogados especializados en lesiones personales se especializan en ayudar a las personas que han sufrido lesiones en accidentes a recibir la compensaci\u00f3n que merecen. Si se encuentra en el \u00e1rea de Fort Mill, Carolina del Sur, le recomendamos que se comunique con Las Oficinas Legales de Jason E. Taylor. Nuestros abogados especializados en lesiones personales tienen m\u00e1s de 100 a\u00f1os de experiencia combinada ayudando a v\u00edctimas lesionadas. Lucharemos por sus derechos y nos aseguraremos de que obtenga la compensaci\u00f3n que merece. Comun\u00edquese con nosotros hoy para una consulta gratuita.<\/p>\n","protected":false},"author":8,"featured_media":8852,"parent":0,"menu_order":0,"comment_status":"closed","ping_status":"closed","template":"","meta":{"_acf_changed":false,"footnotes":""},"categories":[1488,1427],"tags":[],"attorney":[],"class_list":["post-11557","page","type-page","status-publish","has-post-thumbnail","hentry","category-general-locations-es","category-personal-injury-es"],"acf":[],"yoast_head":"<!-- This site is optimized with the Yoast SEO plugin v27.3 - https:\/\/yoast.com\/product\/yoast-seo-wordpress\/ -->\n<title>Abogados de lesiones personales en Fort Mill<\/title>\n<meta name=\"description\" content=\"Si necesita ayuda para presentar un reclamo por lesiones personales en Fort Mill, nuestro equipo de abogados expertos en lesiones est\u00e1 listo para ayudarlo en nuestra oficina de Fort Mill.\" \/>\n<meta name=\"robots\" content=\"index, follow, max-snippet:-1, max-image-preview:large, max-video-preview:-1\" \/>\n<link rel=\"canonical\" href=\"https:\/\/thelitigator.com\/es\/fort-mill-sc\/\" \/>\n<meta property=\"og:locale\" content=\"es_ES\" \/>\n<meta property=\"og:type\" content=\"article\" \/>\n<meta property=\"og:title\" content=\"Abogados de lesiones personales en Fort Mill\" \/>\n<meta property=\"og:description\" content=\"Si necesita ayuda para presentar un reclamo por lesiones personales en Fort Mill, nuestro equipo de abogados expertos en lesiones est\u00e1 listo para ayudarlo en nuestra oficina de Fort Mill.\" \/>\n<meta property=\"og:url\" content=\"https:\/\/thelitigator.com\/es\/fort-mill-sc\/\" \/>\n<meta property=\"og:site_name\" content=\"Taylor | Serbin Injury Lawyers\" \/>\n<meta property=\"article:publisher\" content=\"https:\/\/www.facebook.com\/TheLawOfficesOfJasonETaylor\/\" \/>\n<meta property=\"article:modified_time\" content=\"2024-10-16T18:45:59+00:00\" \/>\n<meta property=\"og:image\" content=\"https:\/\/thelitigator.com\/wp-content\/uploads\/2022\/02\/fort_mill_sc.jpg\" \/>\n\t<meta property=\"og:image:width\" content=\"1903\" \/>\n\t<meta property=\"og:image:height\" content=\"743\" \/>\n\t<meta property=\"og:image:type\" content=\"image\/jpeg\" \/>\n<meta name=\"twitter:card\" content=\"summary_large_image\" \/>\n<meta name=\"twitter:site\" content=\"@lawyerjet\" \/>\n<meta name=\"twitter:label1\" content=\"Est. reading time\" \/>\n\t<meta name=\"twitter:data1\" content=\"6 minutes\" \/>\n<script type=\"application\/ld+json\" class=\"yoast-schema-graph\">{\"@context\":\"https:\\\/\\\/schema.org\",\"@graph\":[{\"@type\":\"WebPage\",\"@id\":\"https:\\\/\\\/thelitigator.com\\\/es\\\/fort-mill-sc\\\/\",\"url\":\"https:\\\/\\\/thelitigator.com\\\/es\\\/fort-mill-sc\\\/\",\"name\":\"Abogados de lesiones personales en Fort Mill\",\"isPartOf\":{\"@id\":\"https:\\\/\\\/thelitigator.com\\\/es\\\/#website\"},\"primaryImageOfPage\":{\"@id\":\"https:\\\/\\\/thelitigator.com\\\/es\\\/fort-mill-sc\\\/#primaryimage\"},\"image\":{\"@id\":\"https:\\\/\\\/thelitigator.com\\\/es\\\/fort-mill-sc\\\/#primaryimage\"},\"thumbnailUrl\":\"https:\\\/\\\/thelitigator.com\\\/wp-content\\\/uploads\\\/2022\\\/02\\\/fort_mill_sc.jpg\",\"datePublished\":\"2022-02-16T01:48:35+00:00\",\"dateModified\":\"2024-10-16T18:45:59+00:00\",\"description\":\"Si necesita ayuda para presentar un reclamo por lesiones personales en Fort Mill, nuestro equipo de abogados expertos en lesiones est\u00e1 listo para ayudarlo en nuestra oficina de Fort Mill.\",\"breadcrumb\":{\"@id\":\"https:\\\/\\\/thelitigator.com\\\/es\\\/fort-mill-sc\\\/#breadcrumb\"},\"inLanguage\":\"es-US\",\"potentialAction\":[{\"@type\":\"ReadAction\",\"target\":[\"https:\\\/\\\/thelitigator.com\\\/es\\\/fort-mill-sc\\\/\"]}]},{\"@type\":\"ImageObject\",\"inLanguage\":\"es-US\",\"@id\":\"https:\\\/\\\/thelitigator.com\\\/es\\\/fort-mill-sc\\\/#primaryimage\",\"url\":\"https:\\\/\\\/thelitigator.com\\\/wp-content\\\/uploads\\\/2022\\\/02\\\/fort_mill_sc.jpg\",\"contentUrl\":\"https:\\\/\\\/thelitigator.com\\\/wp-content\\\/uploads\\\/2022\\\/02\\\/fort_mill_sc.jpg\",\"width\":1903,\"height\":743,\"caption\":\"Fort Mill, SC\"},{\"@type\":\"BreadcrumbList\",\"@id\":\"https:\\\/\\\/thelitigator.com\\\/es\\\/fort-mill-sc\\\/#breadcrumb\",\"itemListElement\":[{\"@type\":\"ListItem\",\"position\":1,\"name\":\"Home\",\"item\":\"https:\\\/\\\/thelitigator.com\\\/es\\\/\"},{\"@type\":\"ListItem\",\"position\":2,\"name\":\"Abogados de lesiones personales en Fort Mill\"}]},{\"@type\":\"WebSite\",\"@id\":\"https:\\\/\\\/thelitigator.com\\\/es\\\/#website\",\"url\":\"https:\\\/\\\/thelitigator.com\\\/es\\\/\",\"name\":\"Taylor | Serbin Injury Lawyers\",\"description\":\"Taylor | Serbin Injury Lawyers Serving North and South Carolina Areas\",\"publisher\":{\"@id\":\"https:\\\/\\\/thelitigator.com\\\/es\\\/#organization\"},\"potentialAction\":[{\"@type\":\"SearchAction\",\"target\":{\"@type\":\"EntryPoint\",\"urlTemplate\":\"https:\\\/\\\/thelitigator.com\\\/es\\\/?s={search_term_string}\"},\"query-input\":{\"@type\":\"PropertyValueSpecification\",\"valueRequired\":true,\"valueName\":\"search_term_string\"}}],\"inLanguage\":\"es-US\"},{\"@type\":\"Organization\",\"@id\":\"https:\\\/\\\/thelitigator.com\\\/es\\\/#organization\",\"name\":\"Taylor | Serbin Injury Lawyers\",\"url\":\"https:\\\/\\\/thelitigator.com\\\/es\\\/\",\"logo\":{\"@type\":\"ImageObject\",\"inLanguage\":\"es-US\",\"@id\":\"https:\\\/\\\/thelitigator.com\\\/es\\\/#\\\/schema\\\/logo\\\/image\\\/\",\"url\":\"https:\\\/\\\/thelitigator.com\\\/wp-content\\\/uploads\\\/2025\\\/12\\\/TSL-brand-final-01.svg\",\"contentUrl\":\"https:\\\/\\\/thelitigator.com\\\/wp-content\\\/uploads\\\/2025\\\/12\\\/TSL-brand-final-01.svg\",\"width\":288,\"height\":198,\"caption\":\"Taylor | Serbin Injury Lawyers\"},\"image\":{\"@id\":\"https:\\\/\\\/thelitigator.com\\\/es\\\/#\\\/schema\\\/logo\\\/image\\\/\"},\"sameAs\":[\"https:\\\/\\\/www.facebook.com\\\/TheLawOfficesOfJasonETaylor\\\/\",\"https:\\\/\\\/x.com\\\/lawyerjet\"]}]}<\/script>\n<!-- \/ Yoast SEO plugin. -->","yoast_head_json":{"title":"Abogados de lesiones personales en Fort Mill","description":"Si necesita ayuda para presentar un reclamo por lesiones personales en Fort Mill, nuestro equipo de abogados expertos en lesiones est\u00e1 listo para ayudarlo en nuestra oficina de Fort Mill.","robots":{"index":"index","follow":"follow","max-snippet":"max-snippet:-1","max-image-preview":"max-image-preview:large","max-video-preview":"max-video-preview:-1"},"canonical":"https:\/\/thelitigator.com\/es\/fort-mill-sc\/","og_locale":"es_ES","og_type":"article","og_title":"Abogados de lesiones personales en Fort Mill","og_description":"Si necesita ayuda para presentar un reclamo por lesiones personales en Fort Mill, nuestro equipo de abogados expertos en lesiones est\u00e1 listo para ayudarlo en nuestra oficina de Fort Mill.","og_url":"https:\/\/thelitigator.com\/es\/fort-mill-sc\/","og_site_name":"Taylor | Serbin Injury Lawyers","article_publisher":"https:\/\/www.facebook.com\/TheLawOfficesOfJasonETaylor\/","article_modified_time":"2024-10-16T18:45:59+00:00","og_image":[{"width":1903,"height":743,"url":"https:\/\/thelitigator.com\/wp-content\/uploads\/2022\/02\/fort_mill_sc.jpg","type":"image\/jpeg"}],"twitter_card":"summary_large_image","twitter_site":"@lawyerjet","twitter_misc":{"Est. reading time":"6 minutes"},"schema":{"@context":"https:\/\/schema.org","@graph":[{"@type":"WebPage","@id":"https:\/\/thelitigator.com\/es\/fort-mill-sc\/","url":"https:\/\/thelitigator.com\/es\/fort-mill-sc\/","name":"Abogados de lesiones personales en Fort Mill","isPartOf":{"@id":"https:\/\/thelitigator.com\/es\/#website"},"primaryImageOfPage":{"@id":"https:\/\/thelitigator.com\/es\/fort-mill-sc\/#primaryimage"},"image":{"@id":"https:\/\/thelitigator.com\/es\/fort-mill-sc\/#primaryimage"},"thumbnailUrl":"https:\/\/thelitigator.com\/wp-content\/uploads\/2022\/02\/fort_mill_sc.jpg","datePublished":"2022-02-16T01:48:35+00:00","dateModified":"2024-10-16T18:45:59+00:00","description":"Si necesita ayuda para presentar un reclamo por lesiones personales en Fort Mill, nuestro equipo de abogados expertos en lesiones est\u00e1 listo para ayudarlo en nuestra oficina de Fort Mill.","breadcrumb":{"@id":"https:\/\/thelitigator.com\/es\/fort-mill-sc\/#breadcrumb"},"inLanguage":"es-US","potentialAction":[{"@type":"ReadAction","target":["https:\/\/thelitigator.com\/es\/fort-mill-sc\/"]}]},{"@type":"ImageObject","inLanguage":"es-US","@id":"https:\/\/thelitigator.com\/es\/fort-mill-sc\/#primaryimage","url":"https:\/\/thelitigator.com\/wp-content\/uploads\/2022\/02\/fort_mill_sc.jpg","contentUrl":"https:\/\/thelitigator.com\/wp-content\/uploads\/2022\/02\/fort_mill_sc.jpg","width":1903,"height":743,"caption":"Fort Mill, SC"},{"@type":"BreadcrumbList","@id":"https:\/\/thelitigator.com\/es\/fort-mill-sc\/#breadcrumb","itemListElement":[{"@type":"ListItem","position":1,"name":"Home","item":"https:\/\/thelitigator.com\/es\/"},{"@type":"ListItem","position":2,"name":"Abogados de lesiones personales en Fort Mill"}]},{"@type":"WebSite","@id":"https:\/\/thelitigator.com\/es\/#website","url":"https:\/\/thelitigator.com\/es\/","name":"Taylor | Serbin Injury Lawyers","description":"Taylor | Serbin Injury Lawyers Serving North and South Carolina Areas","publisher":{"@id":"https:\/\/thelitigator.com\/es\/#organization"},"potentialAction":[{"@type":"SearchAction","target":{"@type":"EntryPoint","urlTemplate":"https:\/\/thelitigator.com\/es\/?s={search_term_string}"},"query-input":{"@type":"PropertyValueSpecification","valueRequired":true,"valueName":"search_term_string"}}],"inLanguage":"es-US"},{"@type":"Organization","@id":"https:\/\/thelitigator.com\/es\/#organization","name":"Taylor | Serbin Injury Lawyers","url":"https:\/\/thelitigator.com\/es\/","logo":{"@type":"ImageObject","inLanguage":"es-US","@id":"https:\/\/thelitigator.com\/es\/#\/schema\/logo\/image\/","url":"https:\/\/thelitigator.com\/wp-content\/uploads\/2025\/12\/TSL-brand-final-01.svg","contentUrl":"https:\/\/thelitigator.com\/wp-content\/uploads\/2025\/12\/TSL-brand-final-01.svg","width":288,"height":198,"caption":"Taylor | Serbin Injury Lawyers"},"image":{"@id":"https:\/\/thelitigator.com\/es\/#\/schema\/logo\/image\/"},"sameAs":["https:\/\/www.facebook.com\/TheLawOfficesOfJasonETaylor\/","https:\/\/x.com\/lawyerjet"]}]}},"_links":{"self":[{"href":"https:\/\/thelitigator.com\/es\/wp-json\/wp\/v2\/pages\/11557","targetHints":{"allow":["GET"]}}],"collection":[{"href":"https:\/\/thelitigator.com\/es\/wp-json\/wp\/v2\/pages"}],"about":[{"href":"https:\/\/thelitigator.com\/es\/wp-json\/wp\/v2\/types\/page"}],"author":[{"embeddable":true,"href":"https:\/\/thelitigator.com\/es\/wp-json\/wp\/v2\/users\/8"}],"replies":[{"embeddable":true,"href":"https:\/\/thelitigator.com\/es\/wp-json\/wp\/v2\/comments?post=11557"}],"version-history":[{"count":0,"href":"https:\/\/thelitigator.com\/es\/wp-json\/wp\/v2\/pages\/11557\/revisions"}],"wp:featuredmedia":[{"embeddable":true,"href":"https:\/\/thelitigator.com\/es\/wp-json\/wp\/v2\/media\/8852"}],"wp:attachment":[{"href":"https:\/\/thelitigator.com\/es\/wp-json\/wp\/v2\/media?parent=11557"}],"wp:term":[{"taxonomy":"category","embeddable":true,"href":"https:\/\/thelitigator.com\/es\/wp-json\/wp\/v2\/categories?post=11557"},{"taxonomy":"post_tag","embeddable":true,"href":"https:\/\/thelitigator.com\/es\/wp-json\/wp\/v2\/tags?post=11557"},{"taxonomy":"attorney","embeddable":true,"href":"https:\/\/thelitigator.com\/es\/wp-json\/wp\/v2\/attorney?post=11557"}],"curies":[{"name":"wp","href":"https:\/\/api.w.org\/{rel}","templated":true}]}}