{"id":11547,"date":"2022-02-15T20:22:58","date_gmt":"2022-02-16T01:22:58","guid":{"rendered":"https:\/\/thelitigator.com\/?page_id=11547"},"modified":"2024-10-16T14:35:21","modified_gmt":"2024-10-16T18:35:21","slug":"gastonia-nc","status":"publish","type":"page","link":"https:\/\/thelitigator.com\/es\/gastonia-nc\/","title":{"rendered":"Abogados de lesiones personales en Gastonia"},"content":{"rendered":"\n<h2 class=\"wp-block-heading\"><strong>\u00bfPor qu\u00e9 necesito un abogado de lesiones personales en Gastonia, Carolina del Norte?<\/strong><\/h2>\n\n\n\n<p>Si ha sufrido lesiones debido a la negligencia de otra persona, es importante que hable con un abogado especializado en lesiones personales lo antes posible. Si bien muchas personas creen que pueden manejar su propio caso sin representaci\u00f3n legal, en realidad existen varias ventajas de contar con un abogado.<\/p>\n\n\n\n<p>Un abogado con experiencia en lesiones personales conocer\u00e1 todos los detalles del sistema legal y podr\u00e1 guiarlo a lo largo del proceso. Tambi\u00e9n contar\u00e1 con una red de expertos en los que puede confiar para ayudarlo a construir su caso.<\/p>\n\n\n\n<p>Lo m\u00e1s importante es que un abogado luchar\u00e1 por usted cuando llegue el momento de negociar un acuerdo. Las compa\u00f1\u00edas de seguros pueden intentar llegar a un acuerdo por la menor cantidad de dinero posible, pero un abogado le ayudar\u00e1 a obtener la m\u00e1xima cantidad de indemnizaci\u00f3n disponible seg\u00fan la ley.<\/p>\n\n\n\n<h2 class=\"wp-block-heading\"><strong>Casos que manejan nuestros abogados de lesiones personales<\/strong><\/h2>\n\n\n\n<p>Nuestros abogados de Gastonia representan una variedad de casos de lesiones personales y muerte por negligencia. Algunas de las demandas por lesiones personales m\u00e1s comunes que manejamos son:<\/p>\n\n\n\n<h3 class=\"wp-block-heading\"><a href=\"https:\/\/thelitigator.com\/gastonia-nc\/car-accident-lawyers\/\"><strong>Accidentes de tr\u00e1fico<\/strong><\/a><\/h3>\n\n\n\n<p>Los accidentes automovil\u00edsticos son la causa m\u00e1s com\u00fan de reclamos por lesiones personales en Carolina del Norte. Seg\u00fan los datos del Departamento de Transporte de Carolina del Norte, ocurrieron m\u00e1s de 3000 accidentes automovil\u00edsticos en Gastonia en 2019.<\/p>\n\n\n\n<p>Si ha sufrido lesiones en un accidente de tr\u00e1fico en Gastonia, p\u00f3ngase en contacto con uno de nuestros abogados especializados en accidentes. Pueden ayudarle a luchar por los da\u00f1os que merece despu\u00e9s de una lesi\u00f3n causada por un accidente de tr\u00e1fico.<\/p>\n\n\n\n<h3 class=\"wp-block-heading\"><strong>Accidentes de motocicleta<\/strong><\/h3>\n\n\n\n<p>Seg\u00fan la NHTSA, la mayor\u00eda de las colisiones entre motocicletas y veh\u00edculos ocurren en intersecciones. Muchas colisiones entre autom\u00f3viles y motocicletas ocurren porque el conductor del autom\u00f3vil no vio la motocicleta. Los conductores buscan autom\u00f3viles y camiones y, a menudo, no se dan cuenta de que la silueta de la motocicleta y su conductor son mucho m\u00e1s peque\u00f1os.<\/p>\n\n\n\n<h3 class=\"wp-block-heading\"><strong>Accidentes de bicicleta<\/strong><\/h3>\n\n\n\n<p>Los accidentes de bicicleta est\u00e1n aumentando en Carolina del Norte y, a menudo, provocan lesiones graves a los ciclistas. Podemos ayudarlo a presentar una demanda contra el conductor negligente que caus\u00f3 su accidente y obtener la compensaci\u00f3n financiera que necesita.<\/p>\n\n\n\n<h3 class=\"wp-block-heading\"><strong>Accidentes de camiones<\/strong><\/h3>\n\n\n\n<p>Los accidentes de camiones son muy diferentes a los accidentes de autom\u00f3viles. Si ha estado involucrado en un accidente con un cami\u00f3n o un veh\u00edculo comercial grande, necesita un equipo legal experimentado de su lado.<\/p>\n\n\n\n<h3 class=\"wp-block-heading\"><strong>Mala praxis m\u00e9dica<\/strong><\/h3>\n\n\n\n<p>La mala praxis m\u00e9dica incluye errores durante una cirug\u00eda, diagn\u00f3stico o tratamiento incorrectos y errores en la prescripci\u00f3n de medicamentos. Nuestros abogados pueden ayudarlo a determinar si tiene una demanda v\u00e1lida por mala praxis m\u00e9dica y guiarlo a trav\u00e9s del proceso de presentaci\u00f3n de una demanda.<\/p>\n\n\n\n<h2 class=\"wp-block-heading\"><strong>Otros casos de lesiones personales que manejamos en Gastonia, Carolina del Norte<\/strong><\/h2>\n\n\n\n<ul class=\"wp-block-list\">\n<li>Accidentes por resbalones y ca\u00eddas<\/li>\n\n\n\n<li>Mordeduras de perro<\/li>\n\n\n\n<li>Lesiones laborales<\/li>\n\n\n\n<li><a href=\"https:\/\/thelitigator.com\/gastonia-nc\/wrongful-death-attorneys\/\">Muerte por negligencia<\/a><\/li>\n\n\n\n<li>Lesiones en ni\u00f1os<\/li>\n\n\n\n<li>Accidentes en la construcci\u00f3n<\/li>\n\n\n\n<li>Responsabilidad de las instalaciones<\/li>\n\n\n\n<li>Lesi\u00f3n cerebral traum\u00e1tica<\/li>\n\n\n\n<li>Accidentes en viajes compartidos<\/li>\n\n\n\n<li>Responsabilidad del producto y productos defectuosos<\/li>\n\n\n\n<li>Accidentes de navegaci\u00f3n<\/li>\n<\/ul>\n\n\n\n<h2 class=\"wp-block-heading\"><strong>\u00bfC\u00f3mo pueden ayudarle nuestros abogados de lesiones personales de Gastonia?<\/strong><\/h2>\n\n\n\n<p>Si ha sufrido lesiones en un accidente, hablar con uno de nuestros abogados puede ayudarle a determinar si tiene o no derecho a presentar una demanda. Ellos revisar\u00e1n los detalles de su accidente y sus lesiones para ver si califican para recibir una compensaci\u00f3n econ\u00f3mica seg\u00fan la ley civil.<\/p>\n\n\n\n<h3 class=\"wp-block-heading\"><strong>Investigue su caso<\/strong><\/h3>\n\n\n\n<p>Nuestros abogados se encargan de todos los aspectos de su demanda en su nombre para que usted pueda centrarse en su curaci\u00f3n y recuperaci\u00f3n. Trabajar\u00e1n para reunir todas las pruebas de su caso, incluidos los registros m\u00e9dicos, los informes policiales, las fotograf\u00edas y los v\u00eddeos de la escena del accidente, las declaraciones de testigos oculares y m\u00e1s.<\/p>\n\n\n\n<h3 class=\"wp-block-heading\"><strong>Negocie su acuerdo<\/strong><\/h3>\n\n\n\n<p>Nuestros abogados son h\u00e1biles negociadores que entienden c\u00f3mo funcionan las compa\u00f1\u00edas de seguros. Cuando se acercan a una compa\u00f1\u00eda de seguros con una reclamaci\u00f3n en nombre de uno de sus clientes, saben c\u00f3mo obtener los mejores resultados para ese cliente. En muchos casos, esto significa asegurar un acuerdo justo y completo sin tener que acudir a los tribunales.<\/p>\n\n\n\n<h3 class=\"wp-block-heading\"><strong>Lleve su caso a juicio<\/strong><\/h3>\n\n\n\n<p>Sin embargo, si no se puede llegar a un acuerdo, nuestros abogados est\u00e1n preparados para llevar su caso hasta el juicio. Tenemos un historial comprobado de \u00e9xito en casos de lesiones personales y lucharemos incansablemente para obtener la compensaci\u00f3n que se merece.<\/p>\n\n\n\n<h2 class=\"wp-block-heading\"><strong>C\u00f3mo presentar una reclamaci\u00f3n por lesiones personales en Gastonia, Carolina del Norte<\/strong><\/h2>\n\n\n\n<p>Si sufri\u00f3 lesiones en un accidente, primero deber\u00e1 presentar una demanda por lesiones personales. En Carolina del Norte, las v\u00edctimas tienen tres a\u00f1os a partir de la fecha de la lesi\u00f3n para presentar una demanda. Si bien puede que no sea necesario para que su caso avance, no puede dejar pasar esta fecha l\u00edmite.<\/p>\n\n\n\n<p>Si decide presentar una demanda, su abogado de lesiones personales tendr\u00e1 que demostrar que la otra parte fue negligente y caus\u00f3 sus lesiones. Esto se puede hacer aportando pruebas como testimonios de testigos, registros m\u00e9dicos e informes policiales.<\/p>\n\n\n\n<p>Una vez que su abogado haya presentado la documentaci\u00f3n necesaria y haya comenzado a preparar su caso, es importante que no hable con la compa\u00f1\u00eda de seguros sin que su abogado est\u00e9 presente. Las compa\u00f1\u00edas de seguros intentar\u00e1n enga\u00f1arlo para que diga algo que pueda usarse en su contra en el tribunal, por lo que es importante que solo hablen con su abogado.<\/p>\n\n\n\n<p>Si decide presentar una demanda por lesiones personales en Gastonia, nuestros abogados pueden ayudarlo en cada paso del proceso. Trabajaremos para conseguirle la compensaci\u00f3n financiera que se merece por sus lesiones y p\u00e9rdidas.<\/p>\n\n\n\n<h2 class=\"wp-block-heading\"><strong>\u00bfCu\u00e1l es la mejor manera de recuperar los da\u00f1os de un reclamo por lesiones personales en Gastonia, Carolina del Norte?<\/strong><\/h2>\n\n\n\n<p>Los tipos m\u00e1s comunes de da\u00f1os otorgados en casos de lesiones personales incluyen los siguientes:<\/p>\n\n\n\n<h3 class=\"wp-block-heading\"><strong>Salarios perdidos<\/strong><\/h3>\n\n\n\n<p>Si no puede trabajar debido a sus lesiones personales, puede recuperar los salarios perdidos mediante su reclamaci\u00f3n. Esto incluye tanto las p\u00e9rdidas presentes como las futuras, as\u00ed como los bonos o aumentos no recibidos. Tambi\u00e9n cubre la p\u00e9rdida de capacidad de generar ingresos si sus lesiones le impiden regresar a su trabajo anterior.<\/p>\n\n\n\n<h3 class=\"wp-block-heading\"><strong>Facturas m\u00e9dicas<\/strong><\/h3>\n\n\n\n<p>Ya sea que sufra lesiones menores o graves, si ha tenido que pagar gastos m\u00e9dicos como resultado de la negligencia de otra persona, puede recuperar esos costos. Esto incluye los gastos m\u00e9dicos pasados \u200b\u200by futuros relacionados con el tratamiento m\u00e9dico necesario.<\/p>\n\n\n\n<h3 class=\"wp-block-heading\"><strong>Da\u00f1os a la propiedad<\/strong><\/h3>\n\n\n\n<p>Tambi\u00e9n puede recuperar da\u00f1os por cualquier da\u00f1o a la propiedad que haya sido causado por su accidente, incluidos los da\u00f1os a su veh\u00edculo y otros bienes personales.<\/p>\n\n\n\n<h3 class=\"wp-block-heading\"><strong>Dolor y sufrimiento<\/strong><\/h3>\n\n\n\n<p>Si ha sufrido dolor y sufrimiento debido a un accidente con lesiones personales, es posible que pueda recuperar los da\u00f1os por esas p\u00e9rdidas de la parte negligente. Esto incluye tanto la angustia f\u00edsica como la emocional, as\u00ed como la p\u00e9rdida del disfrute de la vida.<\/p>\n\n\n\n<h3 class=\"wp-block-heading\"><strong>Da\u00f1os por muerte por negligencia<\/strong><\/h3>\n\n\n\n<p>Si ha perdido a un ser querido en un accidente con lesiones personales, es posible que pueda recuperar los da\u00f1os causados \u200b\u200bpor la p\u00e9rdida de la vida. Esto incluye los gastos funerarios y de entierro, as\u00ed como las p\u00e9rdidas no econ\u00f3micas, como la p\u00e9rdida del amor y la compa\u00f1\u00eda.<\/p>\n\n\n\n<h3 class=\"wp-block-heading\"><strong>Da\u00f1os punitivos<\/strong><\/h3>\n\n\n\n<p>En algunos casos, el tribunal puede conceder da\u00f1os punitivos al demandante. Se trata de una indemnizaci\u00f3n monetaria destinada a castigar al demandado por una conducta especialmente atroz.<\/p>\n\n\n\n<h2 class=\"wp-block-heading\"><strong>\u00bfCu\u00e1nto vale mi caso de lesiones personales en Gastonia?<\/strong><\/h2>\n\n\n\n<p>Si ha sufrido lesiones en un accidente, es posible que se pregunte cu\u00e1nto vale su caso. Hay varios factores que influyen en el valor de su reclamaci\u00f3n, entre ellos la gravedad y el alcance de sus lesiones, as\u00ed como el importe de las facturas m\u00e9dicas y los salarios perdidos en los que incurra debido a su lesi\u00f3n.<\/p>\n\n\n\n<p>Nuestros abogados podr\u00e1n darle una estimaci\u00f3n m\u00e1s precisa una vez que hayan tenido la oportunidad de revisar todos los detalles de su caso.<\/p>\n\n\n\n<figure class=\"wp-block-image\"><img fetchpriority=\"high\" decoding=\"async\" width=\"1024\" height=\"684\" src=\"https:\/\/thelitigator.com\/wp-content\/uploads\/2024\/10\/image.jpeg\" alt=\"Pierna vendada apoyada sobre una mesa, trabajando con una computadora port\u00e1til para presentar un reclamo por lesiones personales\" class=\"wp-image-11548\" srcset=\"https:\/\/thelitigator.com\/wp-content\/uploads\/2024\/10\/image.jpeg 1024w, https:\/\/thelitigator.com\/wp-content\/uploads\/2024\/10\/image-300x200.jpeg 300w, https:\/\/thelitigator.com\/wp-content\/uploads\/2024\/10\/image-768x513.jpeg 768w\" sizes=\"(max-width: 1024px) 100vw, 1024px\" \/><\/figure>\n\n\n\n<h2 class=\"wp-block-heading\"><strong>Comun\u00edquese con nuestros abogados de lesiones personales de Gastonia<\/strong><\/h2>\n\n\n\n<p>Si ha sufrido lesiones en un accidente y busca asistencia legal, podemos ayudarle. P\u00f3ngase en contacto con nosotros hoy mismo para hablar con uno de nuestros abogados especializados en lesiones personales. Revisaremos los detalles de su caso y le daremos nuestra evaluaci\u00f3n honesta sobre si tiene derecho o no a una indemnizaci\u00f3n en virtud del derecho civil.<\/p>\n\n\n\n<p>Nuestro equipo est\u00e1 aqu\u00ed para ayudarlo durante este momento de incertidumbre y estr\u00e9s. La consulta inicial no tiene costo para usted y no le cobraremos honorarios a menos que ganemos su caso.<\/p>\n","protected":false},"excerpt":{"rendered":"<p>Si ha resultado herido en un accidente que no fue su culpa, es posible que tenga derecho a una indemnizaci\u00f3n. P\u00f3ngase en contacto con un abogado de lesiones personales de Gastonia hoy mismo para hablar sobre su caso y ver si es elegible para recibir una indemnizaci\u00f3n por da\u00f1os y perjuicios econ\u00f3micos. Los abogados de lesiones personales de Gastonia de Las Oficinas Legales de Jason E. Taylor est\u00e1n muy versados \u200b\u200ben la ley de lesiones personales y tienen m\u00e1s de 100 a\u00f1os de experiencia combinada ayudando a las v\u00edctimas lesionadas a obtener la compensaci\u00f3n que merecen despu\u00e9s de un accidente con lesiones. Nuestros abogados est\u00e1n aqu\u00ed para representarlo en diversas reclamaciones por lesiones, incluidos accidentes automovil\u00edsticos, accidentes de navegaci\u00f3n, resbalones y ca\u00eddas, productos defectuosos, mala praxis m\u00e9dica y m\u00e1s. P\u00f3ngase en contacto con nuestra oficina para concertar una consulta inicial gratuita para obtener m\u00e1s informaci\u00f3n sobre c\u00f3mo podemos ayudarlo.<\/p>\n","protected":false},"author":8,"featured_media":9165,"parent":0,"menu_order":0,"comment_status":"closed","ping_status":"closed","template":"","meta":{"_acf_changed":false,"footnotes":""},"categories":[1488,1427],"tags":[],"attorney":[],"class_list":["post-11547","page","type-page","status-publish","has-post-thumbnail","hentry","category-general-locations-es","category-personal-injury-es"],"acf":[],"yoast_head":"<!-- This site is optimized with the Yoast SEO plugin v27.6 - https:\/\/yoast.com\/product\/yoast-seo-wordpress\/ -->\n<title>Abogados de Lesiones Personales en Gastonia, NC<\/title>\n<meta name=\"description\" content=\"Si necesita ayuda para presentar un reclamo por lesiones personales en Gastonia, nuestro equipo de abogados expertos en lesiones est\u00e1 listo para ayudarlo en nuestra oficina de Gastonia.\" \/>\n<meta name=\"robots\" content=\"index, follow, max-snippet:-1, max-image-preview:large, max-video-preview:-1\" \/>\n<link rel=\"canonical\" href=\"https:\/\/thelitigator.com\/es\/gastonia-nc\/\" \/>\n<meta property=\"og:locale\" content=\"es_ES\" \/>\n<meta property=\"og:type\" content=\"article\" \/>\n<meta property=\"og:title\" content=\"Abogados de Lesiones Personales en Gastonia, NC\" \/>\n<meta property=\"og:description\" content=\"Si necesita ayuda para presentar un reclamo por lesiones personales en Gastonia, nuestro equipo de abogados expertos en lesiones est\u00e1 listo para ayudarlo en nuestra oficina de Gastonia.\" \/>\n<meta property=\"og:url\" content=\"https:\/\/thelitigator.com\/es\/gastonia-nc\/\" \/>\n<meta property=\"og:site_name\" content=\"Taylor | Serbin Injury Lawyers\" \/>\n<meta property=\"article:publisher\" content=\"https:\/\/www.facebook.com\/TheLawOfficesOfJasonETaylor\/\" \/>\n<meta property=\"article:modified_time\" content=\"2024-10-16T18:35:21+00:00\" \/>\n<meta property=\"og:image\" content=\"https:\/\/thelitigator.com\/wp-content\/uploads\/2023\/07\/North_Carolina_Charlotte_FC0BCK.jpg\" \/>\n\t<meta property=\"og:image:width\" content=\"810\" \/>\n\t<meta property=\"og:image:height\" content=\"540\" \/>\n\t<meta property=\"og:image:type\" content=\"image\/jpeg\" \/>\n<meta name=\"twitter:card\" content=\"summary_large_image\" \/>\n<meta name=\"twitter:site\" content=\"@lawyerjet\" \/>\n<meta name=\"twitter:label1\" content=\"Est. reading time\" \/>\n\t<meta name=\"twitter:data1\" content=\"7 minutes\" \/>\n<script type=\"application\/ld+json\" class=\"yoast-schema-graph\">{\"@context\":\"https:\\\/\\\/schema.org\",\"@graph\":[{\"@type\":\"WebPage\",\"@id\":\"https:\\\/\\\/thelitigator.com\\\/es\\\/gastonia-nc\\\/\",\"url\":\"https:\\\/\\\/thelitigator.com\\\/es\\\/gastonia-nc\\\/\",\"name\":\"Abogados de Lesiones Personales en Gastonia, NC\",\"isPartOf\":{\"@id\":\"https:\\\/\\\/thelitigator.com\\\/es\\\/#website\"},\"primaryImageOfPage\":{\"@id\":\"https:\\\/\\\/thelitigator.com\\\/es\\\/gastonia-nc\\\/#primaryimage\"},\"image\":{\"@id\":\"https:\\\/\\\/thelitigator.com\\\/es\\\/gastonia-nc\\\/#primaryimage\"},\"thumbnailUrl\":\"https:\\\/\\\/thelitigator.com\\\/wp-content\\\/uploads\\\/2023\\\/07\\\/North_Carolina_Charlotte_FC0BCK.jpg\",\"datePublished\":\"2022-02-16T01:22:58+00:00\",\"dateModified\":\"2024-10-16T18:35:21+00:00\",\"description\":\"Si necesita ayuda para presentar un reclamo por lesiones personales en Gastonia, nuestro equipo de abogados expertos en lesiones est\u00e1 listo para ayudarlo en nuestra oficina de Gastonia.\",\"breadcrumb\":{\"@id\":\"https:\\\/\\\/thelitigator.com\\\/es\\\/gastonia-nc\\\/#breadcrumb\"},\"inLanguage\":\"es-US\",\"potentialAction\":[{\"@type\":\"ReadAction\",\"target\":[\"https:\\\/\\\/thelitigator.com\\\/es\\\/gastonia-nc\\\/\"]}]},{\"@type\":\"ImageObject\",\"inLanguage\":\"es-US\",\"@id\":\"https:\\\/\\\/thelitigator.com\\\/es\\\/gastonia-nc\\\/#primaryimage\",\"url\":\"https:\\\/\\\/thelitigator.com\\\/wp-content\\\/uploads\\\/2023\\\/07\\\/North_Carolina_Charlotte_FC0BCK.jpg\",\"contentUrl\":\"https:\\\/\\\/thelitigator.com\\\/wp-content\\\/uploads\\\/2023\\\/07\\\/North_Carolina_Charlotte_FC0BCK.jpg\",\"width\":810,\"height\":540,\"caption\":\"Gastonia, NC\"},{\"@type\":\"BreadcrumbList\",\"@id\":\"https:\\\/\\\/thelitigator.com\\\/es\\\/gastonia-nc\\\/#breadcrumb\",\"itemListElement\":[{\"@type\":\"ListItem\",\"position\":1,\"name\":\"Home\",\"item\":\"https:\\\/\\\/thelitigator.com\\\/es\\\/\"},{\"@type\":\"ListItem\",\"position\":2,\"name\":\"Abogados de lesiones personales en Gastonia\"}]},{\"@type\":\"WebSite\",\"@id\":\"https:\\\/\\\/thelitigator.com\\\/es\\\/#website\",\"url\":\"https:\\\/\\\/thelitigator.com\\\/es\\\/\",\"name\":\"Taylor | Serbin Injury Lawyers\",\"description\":\"Taylor | Serbin Injury Lawyers Serving North and South Carolina Areas\",\"publisher\":{\"@id\":\"https:\\\/\\\/thelitigator.com\\\/es\\\/#organization\"},\"potentialAction\":[{\"@type\":\"SearchAction\",\"target\":{\"@type\":\"EntryPoint\",\"urlTemplate\":\"https:\\\/\\\/thelitigator.com\\\/es\\\/?s={search_term_string}\"},\"query-input\":{\"@type\":\"PropertyValueSpecification\",\"valueRequired\":true,\"valueName\":\"search_term_string\"}}],\"inLanguage\":\"es-US\"},{\"@type\":\"Organization\",\"@id\":\"https:\\\/\\\/thelitigator.com\\\/es\\\/#organization\",\"name\":\"Taylor | Serbin Injury Lawyers\",\"url\":\"https:\\\/\\\/thelitigator.com\\\/es\\\/\",\"logo\":{\"@type\":\"ImageObject\",\"inLanguage\":\"es-US\",\"@id\":\"https:\\\/\\\/thelitigator.com\\\/es\\\/#\\\/schema\\\/logo\\\/image\\\/\",\"url\":\"https:\\\/\\\/thelitigator.com\\\/wp-content\\\/uploads\\\/2025\\\/12\\\/TSL-brand-final-01.svg\",\"contentUrl\":\"https:\\\/\\\/thelitigator.com\\\/wp-content\\\/uploads\\\/2025\\\/12\\\/TSL-brand-final-01.svg\",\"width\":288,\"height\":198,\"caption\":\"Taylor | Serbin Injury Lawyers\"},\"image\":{\"@id\":\"https:\\\/\\\/thelitigator.com\\\/es\\\/#\\\/schema\\\/logo\\\/image\\\/\"},\"sameAs\":[\"https:\\\/\\\/www.facebook.com\\\/TheLawOfficesOfJasonETaylor\\\/\",\"https:\\\/\\\/x.com\\\/lawyerjet\"]}]}<\/script>\n<!-- \/ Yoast SEO plugin. -->","yoast_head_json":{"title":"Abogados de Lesiones Personales en Gastonia, NC","description":"Si necesita ayuda para presentar un reclamo por lesiones personales en Gastonia, nuestro equipo de abogados expertos en lesiones est\u00e1 listo para ayudarlo en nuestra oficina de Gastonia.","robots":{"index":"index","follow":"follow","max-snippet":"max-snippet:-1","max-image-preview":"max-image-preview:large","max-video-preview":"max-video-preview:-1"},"canonical":"https:\/\/thelitigator.com\/es\/gastonia-nc\/","og_locale":"es_ES","og_type":"article","og_title":"Abogados de Lesiones Personales en Gastonia, NC","og_description":"Si necesita ayuda para presentar un reclamo por lesiones personales en Gastonia, nuestro equipo de abogados expertos en lesiones est\u00e1 listo para ayudarlo en nuestra oficina de Gastonia.","og_url":"https:\/\/thelitigator.com\/es\/gastonia-nc\/","og_site_name":"Taylor | Serbin Injury Lawyers","article_publisher":"https:\/\/www.facebook.com\/TheLawOfficesOfJasonETaylor\/","article_modified_time":"2024-10-16T18:35:21+00:00","og_image":[{"width":810,"height":540,"url":"https:\/\/thelitigator.com\/wp-content\/uploads\/2023\/07\/North_Carolina_Charlotte_FC0BCK.jpg","type":"image\/jpeg"}],"twitter_card":"summary_large_image","twitter_site":"@lawyerjet","twitter_misc":{"Est. reading time":"7 minutes"},"schema":{"@context":"https:\/\/schema.org","@graph":[{"@type":"WebPage","@id":"https:\/\/thelitigator.com\/es\/gastonia-nc\/","url":"https:\/\/thelitigator.com\/es\/gastonia-nc\/","name":"Abogados de Lesiones Personales en Gastonia, NC","isPartOf":{"@id":"https:\/\/thelitigator.com\/es\/#website"},"primaryImageOfPage":{"@id":"https:\/\/thelitigator.com\/es\/gastonia-nc\/#primaryimage"},"image":{"@id":"https:\/\/thelitigator.com\/es\/gastonia-nc\/#primaryimage"},"thumbnailUrl":"https:\/\/thelitigator.com\/wp-content\/uploads\/2023\/07\/North_Carolina_Charlotte_FC0BCK.jpg","datePublished":"2022-02-16T01:22:58+00:00","dateModified":"2024-10-16T18:35:21+00:00","description":"Si necesita ayuda para presentar un reclamo por lesiones personales en Gastonia, nuestro equipo de abogados expertos en lesiones est\u00e1 listo para ayudarlo en nuestra oficina de Gastonia.","breadcrumb":{"@id":"https:\/\/thelitigator.com\/es\/gastonia-nc\/#breadcrumb"},"inLanguage":"es-US","potentialAction":[{"@type":"ReadAction","target":["https:\/\/thelitigator.com\/es\/gastonia-nc\/"]}]},{"@type":"ImageObject","inLanguage":"es-US","@id":"https:\/\/thelitigator.com\/es\/gastonia-nc\/#primaryimage","url":"https:\/\/thelitigator.com\/wp-content\/uploads\/2023\/07\/North_Carolina_Charlotte_FC0BCK.jpg","contentUrl":"https:\/\/thelitigator.com\/wp-content\/uploads\/2023\/07\/North_Carolina_Charlotte_FC0BCK.jpg","width":810,"height":540,"caption":"Gastonia, NC"},{"@type":"BreadcrumbList","@id":"https:\/\/thelitigator.com\/es\/gastonia-nc\/#breadcrumb","itemListElement":[{"@type":"ListItem","position":1,"name":"Home","item":"https:\/\/thelitigator.com\/es\/"},{"@type":"ListItem","position":2,"name":"Abogados de lesiones personales en Gastonia"}]},{"@type":"WebSite","@id":"https:\/\/thelitigator.com\/es\/#website","url":"https:\/\/thelitigator.com\/es\/","name":"Taylor | Serbin Injury Lawyers","description":"Taylor | Serbin Injury Lawyers Serving North and South Carolina Areas","publisher":{"@id":"https:\/\/thelitigator.com\/es\/#organization"},"potentialAction":[{"@type":"SearchAction","target":{"@type":"EntryPoint","urlTemplate":"https:\/\/thelitigator.com\/es\/?s={search_term_string}"},"query-input":{"@type":"PropertyValueSpecification","valueRequired":true,"valueName":"search_term_string"}}],"inLanguage":"es-US"},{"@type":"Organization","@id":"https:\/\/thelitigator.com\/es\/#organization","name":"Taylor | Serbin Injury Lawyers","url":"https:\/\/thelitigator.com\/es\/","logo":{"@type":"ImageObject","inLanguage":"es-US","@id":"https:\/\/thelitigator.com\/es\/#\/schema\/logo\/image\/","url":"https:\/\/thelitigator.com\/wp-content\/uploads\/2025\/12\/TSL-brand-final-01.svg","contentUrl":"https:\/\/thelitigator.com\/wp-content\/uploads\/2025\/12\/TSL-brand-final-01.svg","width":288,"height":198,"caption":"Taylor | Serbin Injury Lawyers"},"image":{"@id":"https:\/\/thelitigator.com\/es\/#\/schema\/logo\/image\/"},"sameAs":["https:\/\/www.facebook.com\/TheLawOfficesOfJasonETaylor\/","https:\/\/x.com\/lawyerjet"]}]}},"_links":{"self":[{"href":"https:\/\/thelitigator.com\/es\/wp-json\/wp\/v2\/pages\/11547","targetHints":{"allow":["GET"]}}],"collection":[{"href":"https:\/\/thelitigator.com\/es\/wp-json\/wp\/v2\/pages"}],"about":[{"href":"https:\/\/thelitigator.com\/es\/wp-json\/wp\/v2\/types\/page"}],"author":[{"embeddable":true,"href":"https:\/\/thelitigator.com\/es\/wp-json\/wp\/v2\/users\/8"}],"replies":[{"embeddable":true,"href":"https:\/\/thelitigator.com\/es\/wp-json\/wp\/v2\/comments?post=11547"}],"version-history":[{"count":0,"href":"https:\/\/thelitigator.com\/es\/wp-json\/wp\/v2\/pages\/11547\/revisions"}],"wp:featuredmedia":[{"embeddable":true,"href":"https:\/\/thelitigator.com\/es\/wp-json\/wp\/v2\/media\/9165"}],"wp:attachment":[{"href":"https:\/\/thelitigator.com\/es\/wp-json\/wp\/v2\/media?parent=11547"}],"wp:term":[{"taxonomy":"category","embeddable":true,"href":"https:\/\/thelitigator.com\/es\/wp-json\/wp\/v2\/categories?post=11547"},{"taxonomy":"post_tag","embeddable":true,"href":"https:\/\/thelitigator.com\/es\/wp-json\/wp\/v2\/tags?post=11547"},{"taxonomy":"attorney","embeddable":true,"href":"https:\/\/thelitigator.com\/es\/wp-json\/wp\/v2\/attorney?post=11547"}],"curies":[{"name":"wp","href":"https:\/\/api.w.org\/{rel}","templated":true}]}}