{"id":11503,"date":"2024-06-17T07:52:39","date_gmt":"2024-06-17T11:52:39","guid":{"rendered":"https:\/\/thelitigator.com\/?page_id=11503"},"modified":"2024-12-13T07:16:12","modified_gmt":"2024-12-13T12:16:12","slug":"gastonia-nc-abogados-de-compensacion-laboral","status":"publish","type":"page","link":"https:\/\/thelitigator.com\/es\/gastonia-nc\/gastonia-nc-abogados-de-compensacion-laboral\/","title":{"rendered":"Abogados De Compensaci\u00f3n Laboral En Gastonia"},"content":{"rendered":"\n<h2 class=\"wp-block-heading\"><strong>\u00bfQu\u00e9 es la compensaci\u00f3n laboral y c\u00f3mo funciona?<\/strong><\/h2>\n\n\n\n<p>La Ley de Compensaci\u00f3n de los Trabajadores de Carolina del Norte exige que los empleadores con tres o m\u00e1s empleados fijos tengan un seguro de compensaci\u00f3n de los trabajadores. Esta ley se aplica a casi todos los empleadores de Gastonia, independientemente de su industria o tipo de negocio. Hay casos en los que un empleador debe proporcionar cobertura de compensaci\u00f3n de los trabajadores incluso si tiene menos empleados, como las empresas donde los empleados est\u00e1n expuestos a la radiaci\u00f3n.<\/p>\n\n\n\n<p>Ciertos tipos de trabajadores est\u00e1n exentos de este requisito, incluidos los empleados eventuales, los trabajadores dom\u00e9sticos, ciertos empleados ferroviarios, los empleados federales que trabajan en Carolina del Norte y algunos trabajadores agr\u00edcolas.<\/p>\n\n\n\n<p>Los empleadores que no cuentan con el seguro de compensaci\u00f3n laboral necesario pueden enfrentar multas o incluso penas de c\u00e1rcel.<\/p>\n\n\n\n<figure class=\"wp-block-image\"><img fetchpriority=\"high\" decoding=\"async\" width=\"1024\" height=\"683\" src=\"https:\/\/thelitigator.com\/wp-content\/uploads\/2024\/09\/image-3.jpeg\" alt=\"Formulario de compensaci\u00f3n laboral por lesiones asociadas al empleo.\" class=\"wp-image-11510\" srcset=\"https:\/\/thelitigator.com\/wp-content\/uploads\/2024\/09\/image-3.jpeg 1024w, https:\/\/thelitigator.com\/wp-content\/uploads\/2024\/09\/image-3-300x200.jpeg 300w, https:\/\/thelitigator.com\/wp-content\/uploads\/2024\/09\/image-3-768x512.jpeg 768w\" sizes=\"(max-width: 1024px) 100vw, 1024px\" \/><\/figure>\n\n\n\n<h2 class=\"wp-block-heading\"><strong>Qu\u00e9 hacer si sufre una lesi\u00f3n en el trabajo en Gastonia<\/strong><\/h2>\n\n\n\n<p>Si se lesiona en el trabajo en Gastonia, debe notificarlo inmediatamente a su empleador. Lleve un registro detallado de su lesi\u00f3n y s\u00edntomas a diario. Busque atenci\u00f3n m\u00e9dica de inmediato, incluso si la lesi\u00f3n parece menor, ya que las lesiones menores pueden empeorar con el tiempo. Si su reclamo es complicado o ha sido rechazado, comun\u00edquese con los abogados de compensaci\u00f3n laboral de Gastonia en las Oficinas Legales de Jason E. Taylor PC lo antes posible.<\/p>\n\n\n\n<h2 class=\"wp-block-heading\"><strong>Desaf\u00edos en las reclamaciones de indemnizaci\u00f3n laboral<\/strong><\/h2>\n\n\n\n<p>Al presentar una reclamaci\u00f3n de indemnizaci\u00f3n laboral en Gastonia, prep\u00e1rese para posibles obst\u00e1culos. No todas las denegaciones son injustificadas. Las reclamaciones pueden ser denegadas si la lesi\u00f3n fue resultado de actos intencionales, juegos bruscos o actividades bajo la influencia de drogas o alcohol. Las denegaciones tambi\u00e9n pueden ocurrir debido a errores del empleado, no notificar al empleador dentro del tiempo requerido, no seguir el tratamiento prescrito o cometer errores en los formularios.<\/p>\n\n\n\n<p>A veces, las compa\u00f1\u00edas de seguros cometen errores. Estas compa\u00f1\u00edas intentan minimizar los pagos y pueden alegar que sus lesiones son exageradas, preexistentes o no relacionadas con el trabajo. Pueden autorizarlo a volver a trabajar incluso si usted no est\u00e1 de acuerdo o argumenta que es un contratista independiente en lugar de un empleado.<\/p>\n\n\n\n<h2 class=\"wp-block-heading\"><strong>\u00bfNecesita un abogado de compensaci\u00f3n laboral en Gastonia?<\/strong><\/h2>\n\n\n\n<p>Si rechazan su reclamo, consulte de inmediato con nuestros abogados especializados en compensaci\u00f3n laboral de Gastonia. Si atraviesa el proceso legal por su cuenta, puede poner en peligro su derecho a recibir los beneficios. Un abogado con experiencia puede ayudarle a obtener la compensaci\u00f3n que se merece.<\/p>\n\n\n\n<figure class=\"wp-block-image\"><img decoding=\"async\" width=\"1024\" height=\"681\" src=\"https:\/\/thelitigator.com\/wp-content\/uploads\/2024\/09\/image-2.jpeg\" alt=\"Los supervisores de construcci\u00f3n o ingenieros ayudan a los trabajadores de la construcci\u00f3n que tienen lesiones en las rodillas y las piernas, causadas por accidentes en el sitio de construcci\u00f3n. Tema de compensaci\u00f3n de trabajadores\" class=\"wp-image-11508\" srcset=\"https:\/\/thelitigator.com\/wp-content\/uploads\/2024\/09\/image-2.jpeg 1024w, https:\/\/thelitigator.com\/wp-content\/uploads\/2024\/09\/image-2-300x200.jpeg 300w, https:\/\/thelitigator.com\/wp-content\/uploads\/2024\/09\/image-2-768x511.jpeg 768w\" sizes=\"(max-width: 1024px) 100vw, 1024px\" \/><\/figure>\n\n\n\n<h2 class=\"wp-block-heading\"><strong>El papel de la Comisi\u00f3n Industrial de Carolina del Norte (NCIC)<\/strong><\/h2>\n\n\n\n<p>La Comisi\u00f3n Industrial de Carolina del Norte (NCIC, por sus siglas en ingl\u00e9s) es responsable de supervisar la Ley de Compensaci\u00f3n de los Trabajadores de Carolina del Norte. Esto incluye manejar reclamos en disputa facilitando la mediaci\u00f3n y tomando decisiones imparciales. La NCIC tambi\u00e9n investiga supuestas violaciones de las leyes de compensaci\u00f3n de los trabajadores y brinda capacitaci\u00f3n a los empleadores para ayudar a reducir los accidentes en el lugar de trabajo. Adem\u00e1s, la NCIC puede ayudar a los trabajadores lesionados facilit\u00e1ndoles la atenci\u00f3n m\u00e9dica y los servicios de rehabilitaci\u00f3n necesarios.<\/p>\n\n\n\n<h2 class=\"wp-block-heading\"><strong>Solicitud de compensaci\u00f3n laboral en Gastonia<\/strong><\/h2>\n\n\n\n<p>Si sufre una lesi\u00f3n o enfermedad relacionada con el trabajo en Gastonia, inf\u00f3rmeselo a su empleador de inmediato y busque tratamiento m\u00e9dico sin demora. Su empleador debe brindarle informaci\u00f3n sobre el proceso de compensaci\u00f3n para trabajadores de la empresa. Aseg\u00farese de informar al m\u00e9dico que la lesi\u00f3n o enfermedad est\u00e1 relacionada con su trabajo y proporci\u00f3nele los datos de contacto de su empleador para fines de facturaci\u00f3n.<\/p>\n\n\n\n<p>Debe enviar un aviso por escrito de su lesi\u00f3n a su empleador dentro de los 30 d\u00edas. Guarde una copia de este aviso para sus propios registros. Si tiene alguna evidencia adicional, como fotograf\u00edas, guarde tambi\u00e9n copias de ellas. Es fundamental seguir el plan de tratamiento proporcionado por su m\u00e9dico de compensaci\u00f3n laboral para evitar que se rechace su reclamo.<\/p>\n\n\n\n<h2 class=\"wp-block-heading\"><strong>Fechas l\u00edmite para presentar la solicitud de beneficios de compensaci\u00f3n para trabajadores<\/strong><\/h2>\n\n\n\n<p>En Gastonia, debe notificar a su empleador dentro de los 30 d\u00edas posteriores a cualquier accidente laboral. Presentar un Formulario 18 ante la Comisi\u00f3n Industrial de Carolina del Norte (NCIC) generalmente satisface este requisito. El plazo de prescripci\u00f3n para reclamos de compensaci\u00f3n laboral en Carolina del Norte es de dos a\u00f1os. Si no tiene un Formulario 18 en el expediente de la NCIC dentro de este per\u00edodo, perder\u00e1 su derecho a recibir beneficios.<\/p>\n\n\n\n<h2 class=\"wp-block-heading\"><strong>Qu\u00e9 hacer si le niegan los beneficios de compensaci\u00f3n laboral<\/strong><\/h2>\n\n\n\n<p>Si rechazan su solicitud de compensaci\u00f3n laboral, no se asuste. Una denegaci\u00f3n no significa necesariamente que no recibir\u00e1 los beneficios. Hay varias opciones de apelaci\u00f3n disponibles, pero debe actuar r\u00e1pidamente. Es fundamental ponerse en contacto con un abogado de inmediato para analizar sus opciones y asegurarse de cumplir con todos los plazos necesarios.<\/p>\n\n\n\n<figure class=\"wp-block-image\"><img decoding=\"async\" width=\"1024\" height=\"683\" src=\"https:\/\/thelitigator.com\/wp-content\/uploads\/2024\/09\/image-1.jpeg\" alt=\"Un tema de seguridad en el lugar de trabajo en un almac\u00e9n industrial. Una trabajadora distra\u00edda con su tel\u00e9fono m\u00f3vil mientras se acerca una carretilla elevadora. Accidentes que involucran a empleados distra\u00eddos y veh\u00edculos de manipulaci\u00f3n de materiales. Compensaci\u00f3n de trabajadores\" class=\"wp-image-11506\" srcset=\"https:\/\/thelitigator.com\/wp-content\/uploads\/2024\/09\/image-1.jpeg 1024w, https:\/\/thelitigator.com\/wp-content\/uploads\/2024\/09\/image-1-300x200.jpeg 300w, https:\/\/thelitigator.com\/wp-content\/uploads\/2024\/09\/image-1-768x512.jpeg 768w\" sizes=\"(max-width: 1024px) 100vw, 1024px\" \/><\/figure>\n\n\n\n<h3 class=\"wp-block-heading\"><strong>Preguntas frecuentes<\/strong><\/h3>\n\n\n\n<p>Los clientes potenciales suelen tener muchas preguntas sobre los beneficios de compensaci\u00f3n para trabajadores. A continuaci\u00f3n, se ofrecen respuestas a algunas preguntas comunes:<\/p>\n\n\n\n<h4 class=\"wp-block-heading\"><strong>\u00bfPueden despedirlo mientras recibe compensaci\u00f3n laboral?<\/strong><\/h4>\n\n\n\n<p>En Gastonia, no pueden despedirlo \u00fanicamente por presentar una reclamaci\u00f3n de indemnizaci\u00f3n laboral o como una forma de represalia. Sin embargo, pueden despedirlo por otras razones leg\u00edtimas mientras recibe beneficios. Si su lesi\u00f3n resulta en un despido, a\u00fan puede calificar para recibir beneficios por incapacidad total o parcial temporal.<\/p>\n\n\n\n<h4 class=\"wp-block-heading\"><strong>\u00bfPuede usted demandar si acepta la compensaci\u00f3n laboral?<\/strong><\/h4>\n\n\n\n<p>Por lo general, no puede presentar una demanda contra su empleador si recibe beneficios de compensaci\u00f3n laboral. Sin embargo, es posible que pueda demandar a un tercero que sea responsable de sus lesiones. Por ejemplo, si estuvo involucrado en un accidente automovil\u00edstico mientras trabajaba, podr\u00eda iniciar una acci\u00f3n legal contra el conductor culpable.<\/p>\n\n\n\n<h3 class=\"wp-block-heading\"><strong>\u00bfLa compensaci\u00f3n para trabajadores siempre ofrece un acuerdo?<\/strong><\/h3>\n\n\n\n<p>Recibir los beneficios de compensaci\u00f3n para trabajadores no garantiza que recibir\u00e1 una oferta de acuerdo. En Gastonia, no todos los casos se resuelven y no puede obligar a la compa\u00f1\u00eda de seguros de compensaci\u00f3n para trabajadores a ofrecer un acuerdo. Dependiendo de sus circunstancias, podr\u00eda ser ventajoso mantener su caso abierto. A veces, la compa\u00f1\u00eda de seguros puede proponer un acuerdo de suma global para cerrar su caso, lo que le impedir\u00eda buscar una compensaci\u00f3n o beneficios adicionales en el futuro si surgen m\u00e1s problemas.<\/p>\n\n\n\n<h3 class=\"wp-block-heading\"><strong>\u00bfTengo que pagar impuestos sobre un acuerdo de compensaci\u00f3n laboral?<\/strong><\/h3>\n\n\n\n<p>No, los beneficios de compensaci\u00f3n para trabajadores no est\u00e1n sujetos a impuestos federales ni a impuestos estatales de Carolina del Norte. Esta exenci\u00f3n impositiva tambi\u00e9n se aplica a los acuerdos de pago \u00fanico. Sin embargo, si recibe beneficios de Seguro Social por Incapacidad (SSD) simult\u00e1neamente, puede haber una compensaci\u00f3n (reducci\u00f3n) de sus beneficios de SSD.<\/p>\n\n\n\n<h3 class=\"wp-block-heading\"><strong>\u00bfEs necesario demostrar negligencia del empleador en Gastonia?<\/strong><\/h3>\n\n\n\n<p>No, no es necesario que demuestre negligencia por parte de su empleador o de sus compa\u00f1eros de trabajo. Incluso si su propia negligencia contribuy\u00f3 a su lesi\u00f3n, no se utilizar\u00e1 en su contra. El sistema de compensaci\u00f3n de los trabajadores funciona como un programa sin culpa, lo que garantiza que usted reciba beneficios por lesiones o enfermedades relacionadas con el trabajo independientemente de qui\u00e9n haya tenido la culpa.<\/p>\n\n\n\n<figure class=\"wp-block-image\"><img loading=\"lazy\" decoding=\"async\" width=\"1024\" height=\"683\" src=\"https:\/\/thelitigator.com\/wp-content\/uploads\/2024\/09\/image.jpeg\" alt=\"Un hombre con una lesi\u00f3n por compensaci\u00f3n laboral se re\u00fane con su abogado de compensaci\u00f3n laboral de Charlotte\" class=\"wp-image-11504\" srcset=\"https:\/\/thelitigator.com\/wp-content\/uploads\/2024\/09\/image.jpeg 1024w, https:\/\/thelitigator.com\/wp-content\/uploads\/2024\/09\/image-300x200.jpeg 300w, https:\/\/thelitigator.com\/wp-content\/uploads\/2024\/09\/image-768x512.jpeg 768w\" sizes=\"(max-width: 1024px) 100vw, 1024px\" \/><\/figure>\n\n\n\n<h2 class=\"wp-block-heading\"><strong>Comun\u00edquese con nuestros abogados de compensaci\u00f3n laboral en Gastonia, Carolina del Norte<\/strong><\/h2>\n\n\n\n<p>Si tiene preguntas sobre c\u00f3mo presentar un reclamo de compensaci\u00f3n laboral, comun\u00edquese hoy mismo con los abogados de compensaci\u00f3n laboral de Gastonia en las Oficinas Legales de Jason E. Taylor PC. Con a\u00f1os de experiencia en el manejo de casos de compensaci\u00f3n laboral en Carolina del Norte, hemos ayudado a muchos clientes a obtener los beneficios y acuerdos que se merecen. Para saber c\u00f3mo podemos ayudarlo, programe una consulta con nuestra oficina hoy mismo.<\/p>\n","protected":false},"excerpt":{"rendered":"<p>Cuando sufre una lesi\u00f3n en el lugar de trabajo, depende del seguro de compensaci\u00f3n laboral de su empleador para cubrir sus gastos m\u00e9dicos y salarios perdidos. Lamentablemente, algunas reclamaciones v\u00e1lidas se rechazan injustamente. Esto puede suceder por varias razones, pero independientemente de la causa, tiene derecho a una audiencia si cree que la decisi\u00f3n fue incorrecta. No se d\u00e9 por vencido sin consultar a un abogado de compensaci\u00f3n laboral en Gastonia, Carolina del Norte. En las Oficinas Legales de Jason E. Taylor PC, ayudamos a trabajadores como usted que merecen beneficios de compensaci\u00f3n laboral.<\/p>\n","protected":false},"author":8,"featured_media":9165,"parent":11547,"menu_order":0,"comment_status":"closed","ping_status":"closed","template":"","meta":{"_acf_changed":false,"footnotes":""},"categories":[1488,1447],"tags":[],"attorney":[],"class_list":["post-11503","page","type-page","status-publish","has-post-thumbnail","hentry","category-general-locations-es","category-workers-compensation-es"],"acf":[],"yoast_head":"<!-- This site is optimized with the Yoast SEO plugin v27.4 - https:\/\/yoast.com\/product\/yoast-seo-wordpress\/ -->\n<title>Abogados De Compensaci\u00f3n Laboral En Gastonia<\/title>\n<meta name=\"description\" content=\"Si est\u00e1 presentando un reclamo de compensaci\u00f3n para trabajadores y tiene preguntas, comun\u00edquese con los abogados de compensaci\u00f3n para trabajadores de Gastonia en las Oficinas Legales de Jason E. Taylor P.C. hoy.\" \/>\n<meta name=\"robots\" content=\"index, follow, max-snippet:-1, max-image-preview:large, max-video-preview:-1\" \/>\n<link rel=\"canonical\" href=\"https:\/\/thelitigator.com\/es\/gastonia-nc\/gastonia-nc-abogados-de-compensacion-laboral\/\" \/>\n<meta property=\"og:locale\" content=\"es_ES\" \/>\n<meta property=\"og:type\" content=\"article\" \/>\n<meta property=\"og:title\" content=\"Abogados De Compensaci\u00f3n Laboral En Gastonia\" \/>\n<meta property=\"og:description\" content=\"Si est\u00e1 presentando un reclamo de compensaci\u00f3n para trabajadores y tiene preguntas, comun\u00edquese con los abogados de compensaci\u00f3n para trabajadores de Gastonia en las Oficinas Legales de Jason E. Taylor P.C. hoy.\" \/>\n<meta property=\"og:url\" content=\"https:\/\/thelitigator.com\/es\/gastonia-nc\/gastonia-nc-abogados-de-compensacion-laboral\/\" \/>\n<meta property=\"og:site_name\" content=\"Taylor | Serbin Injury Lawyers\" \/>\n<meta property=\"article:publisher\" content=\"https:\/\/www.facebook.com\/TheLawOfficesOfJasonETaylor\/\" \/>\n<meta property=\"article:modified_time\" content=\"2024-12-13T12:16:12+00:00\" \/>\n<meta property=\"og:image\" content=\"https:\/\/thelitigator.com\/wp-content\/uploads\/2023\/07\/North_Carolina_Charlotte_FC0BCK.jpg\" \/>\n\t<meta property=\"og:image:width\" content=\"810\" \/>\n\t<meta property=\"og:image:height\" content=\"540\" \/>\n\t<meta property=\"og:image:type\" content=\"image\/jpeg\" \/>\n<meta name=\"twitter:card\" content=\"summary_large_image\" \/>\n<meta name=\"twitter:site\" content=\"@lawyerjet\" \/>\n<meta name=\"twitter:label1\" content=\"Est. reading time\" \/>\n\t<meta name=\"twitter:data1\" content=\"7 minutes\" \/>\n<script type=\"application\/ld+json\" class=\"yoast-schema-graph\">{\"@context\":\"https:\\\/\\\/schema.org\",\"@graph\":[{\"@type\":\"WebPage\",\"@id\":\"https:\\\/\\\/thelitigator.com\\\/es\\\/gastonia-nc\\\/gastonia-nc-abogados-de-compensacion-laboral\\\/\",\"url\":\"https:\\\/\\\/thelitigator.com\\\/es\\\/gastonia-nc\\\/gastonia-nc-abogados-de-compensacion-laboral\\\/\",\"name\":\"Abogados De Compensaci\u00f3n Laboral En Gastonia\",\"isPartOf\":{\"@id\":\"https:\\\/\\\/thelitigator.com\\\/es\\\/#website\"},\"primaryImageOfPage\":{\"@id\":\"https:\\\/\\\/thelitigator.com\\\/es\\\/gastonia-nc\\\/gastonia-nc-abogados-de-compensacion-laboral\\\/#primaryimage\"},\"image\":{\"@id\":\"https:\\\/\\\/thelitigator.com\\\/es\\\/gastonia-nc\\\/gastonia-nc-abogados-de-compensacion-laboral\\\/#primaryimage\"},\"thumbnailUrl\":\"https:\\\/\\\/thelitigator.com\\\/wp-content\\\/uploads\\\/2023\\\/07\\\/North_Carolina_Charlotte_FC0BCK.jpg\",\"datePublished\":\"2024-06-17T11:52:39+00:00\",\"dateModified\":\"2024-12-13T12:16:12+00:00\",\"description\":\"Si est\u00e1 presentando un reclamo de compensaci\u00f3n para trabajadores y tiene preguntas, comun\u00edquese con los abogados de compensaci\u00f3n para trabajadores de Gastonia en las Oficinas Legales de Jason E. Taylor P.C. hoy.\",\"breadcrumb\":{\"@id\":\"https:\\\/\\\/thelitigator.com\\\/es\\\/gastonia-nc\\\/gastonia-nc-abogados-de-compensacion-laboral\\\/#breadcrumb\"},\"inLanguage\":\"es-US\",\"potentialAction\":[{\"@type\":\"ReadAction\",\"target\":[\"https:\\\/\\\/thelitigator.com\\\/es\\\/gastonia-nc\\\/gastonia-nc-abogados-de-compensacion-laboral\\\/\"]}]},{\"@type\":\"ImageObject\",\"inLanguage\":\"es-US\",\"@id\":\"https:\\\/\\\/thelitigator.com\\\/es\\\/gastonia-nc\\\/gastonia-nc-abogados-de-compensacion-laboral\\\/#primaryimage\",\"url\":\"https:\\\/\\\/thelitigator.com\\\/wp-content\\\/uploads\\\/2023\\\/07\\\/North_Carolina_Charlotte_FC0BCK.jpg\",\"contentUrl\":\"https:\\\/\\\/thelitigator.com\\\/wp-content\\\/uploads\\\/2023\\\/07\\\/North_Carolina_Charlotte_FC0BCK.jpg\",\"width\":810,\"height\":540,\"caption\":\"Gastonia, NC\"},{\"@type\":\"BreadcrumbList\",\"@id\":\"https:\\\/\\\/thelitigator.com\\\/es\\\/gastonia-nc\\\/gastonia-nc-abogados-de-compensacion-laboral\\\/#breadcrumb\",\"itemListElement\":[{\"@type\":\"ListItem\",\"position\":1,\"name\":\"Home\",\"item\":\"https:\\\/\\\/thelitigator.com\\\/es\\\/\"},{\"@type\":\"ListItem\",\"position\":2,\"name\":\"Abogados de lesiones personales en Gastonia\",\"item\":\"https:\\\/\\\/thelitigator.com\\\/es\\\/gastonia-nc\\\/\"},{\"@type\":\"ListItem\",\"position\":3,\"name\":\"Abogados De Compensaci\u00f3n Laboral En Gastonia\"}]},{\"@type\":\"WebSite\",\"@id\":\"https:\\\/\\\/thelitigator.com\\\/es\\\/#website\",\"url\":\"https:\\\/\\\/thelitigator.com\\\/es\\\/\",\"name\":\"Taylor | Serbin Injury Lawyers\",\"description\":\"Taylor | Serbin Injury Lawyers Serving North and South Carolina Areas\",\"publisher\":{\"@id\":\"https:\\\/\\\/thelitigator.com\\\/es\\\/#organization\"},\"potentialAction\":[{\"@type\":\"SearchAction\",\"target\":{\"@type\":\"EntryPoint\",\"urlTemplate\":\"https:\\\/\\\/thelitigator.com\\\/es\\\/?s={search_term_string}\"},\"query-input\":{\"@type\":\"PropertyValueSpecification\",\"valueRequired\":true,\"valueName\":\"search_term_string\"}}],\"inLanguage\":\"es-US\"},{\"@type\":\"Organization\",\"@id\":\"https:\\\/\\\/thelitigator.com\\\/es\\\/#organization\",\"name\":\"Taylor | Serbin Injury Lawyers\",\"url\":\"https:\\\/\\\/thelitigator.com\\\/es\\\/\",\"logo\":{\"@type\":\"ImageObject\",\"inLanguage\":\"es-US\",\"@id\":\"https:\\\/\\\/thelitigator.com\\\/es\\\/#\\\/schema\\\/logo\\\/image\\\/\",\"url\":\"https:\\\/\\\/thelitigator.com\\\/wp-content\\\/uploads\\\/2025\\\/12\\\/TSL-brand-final-01.svg\",\"contentUrl\":\"https:\\\/\\\/thelitigator.com\\\/wp-content\\\/uploads\\\/2025\\\/12\\\/TSL-brand-final-01.svg\",\"width\":288,\"height\":198,\"caption\":\"Taylor | Serbin Injury Lawyers\"},\"image\":{\"@id\":\"https:\\\/\\\/thelitigator.com\\\/es\\\/#\\\/schema\\\/logo\\\/image\\\/\"},\"sameAs\":[\"https:\\\/\\\/www.facebook.com\\\/TheLawOfficesOfJasonETaylor\\\/\",\"https:\\\/\\\/x.com\\\/lawyerjet\"]}]}<\/script>\n<!-- \/ Yoast SEO plugin. -->","yoast_head_json":{"title":"Abogados De Compensaci\u00f3n Laboral En Gastonia","description":"Si est\u00e1 presentando un reclamo de compensaci\u00f3n para trabajadores y tiene preguntas, comun\u00edquese con los abogados de compensaci\u00f3n para trabajadores de Gastonia en las Oficinas Legales de Jason E. Taylor P.C. hoy.","robots":{"index":"index","follow":"follow","max-snippet":"max-snippet:-1","max-image-preview":"max-image-preview:large","max-video-preview":"max-video-preview:-1"},"canonical":"https:\/\/thelitigator.com\/es\/gastonia-nc\/gastonia-nc-abogados-de-compensacion-laboral\/","og_locale":"es_ES","og_type":"article","og_title":"Abogados De Compensaci\u00f3n Laboral En Gastonia","og_description":"Si est\u00e1 presentando un reclamo de compensaci\u00f3n para trabajadores y tiene preguntas, comun\u00edquese con los abogados de compensaci\u00f3n para trabajadores de Gastonia en las Oficinas Legales de Jason E. Taylor P.C. hoy.","og_url":"https:\/\/thelitigator.com\/es\/gastonia-nc\/gastonia-nc-abogados-de-compensacion-laboral\/","og_site_name":"Taylor | Serbin Injury Lawyers","article_publisher":"https:\/\/www.facebook.com\/TheLawOfficesOfJasonETaylor\/","article_modified_time":"2024-12-13T12:16:12+00:00","og_image":[{"width":810,"height":540,"url":"https:\/\/thelitigator.com\/wp-content\/uploads\/2023\/07\/North_Carolina_Charlotte_FC0BCK.jpg","type":"image\/jpeg"}],"twitter_card":"summary_large_image","twitter_site":"@lawyerjet","twitter_misc":{"Est. reading time":"7 minutes"},"schema":{"@context":"https:\/\/schema.org","@graph":[{"@type":"WebPage","@id":"https:\/\/thelitigator.com\/es\/gastonia-nc\/gastonia-nc-abogados-de-compensacion-laboral\/","url":"https:\/\/thelitigator.com\/es\/gastonia-nc\/gastonia-nc-abogados-de-compensacion-laboral\/","name":"Abogados De Compensaci\u00f3n Laboral En Gastonia","isPartOf":{"@id":"https:\/\/thelitigator.com\/es\/#website"},"primaryImageOfPage":{"@id":"https:\/\/thelitigator.com\/es\/gastonia-nc\/gastonia-nc-abogados-de-compensacion-laboral\/#primaryimage"},"image":{"@id":"https:\/\/thelitigator.com\/es\/gastonia-nc\/gastonia-nc-abogados-de-compensacion-laboral\/#primaryimage"},"thumbnailUrl":"https:\/\/thelitigator.com\/wp-content\/uploads\/2023\/07\/North_Carolina_Charlotte_FC0BCK.jpg","datePublished":"2024-06-17T11:52:39+00:00","dateModified":"2024-12-13T12:16:12+00:00","description":"Si est\u00e1 presentando un reclamo de compensaci\u00f3n para trabajadores y tiene preguntas, comun\u00edquese con los abogados de compensaci\u00f3n para trabajadores de Gastonia en las Oficinas Legales de Jason E. Taylor P.C. hoy.","breadcrumb":{"@id":"https:\/\/thelitigator.com\/es\/gastonia-nc\/gastonia-nc-abogados-de-compensacion-laboral\/#breadcrumb"},"inLanguage":"es-US","potentialAction":[{"@type":"ReadAction","target":["https:\/\/thelitigator.com\/es\/gastonia-nc\/gastonia-nc-abogados-de-compensacion-laboral\/"]}]},{"@type":"ImageObject","inLanguage":"es-US","@id":"https:\/\/thelitigator.com\/es\/gastonia-nc\/gastonia-nc-abogados-de-compensacion-laboral\/#primaryimage","url":"https:\/\/thelitigator.com\/wp-content\/uploads\/2023\/07\/North_Carolina_Charlotte_FC0BCK.jpg","contentUrl":"https:\/\/thelitigator.com\/wp-content\/uploads\/2023\/07\/North_Carolina_Charlotte_FC0BCK.jpg","width":810,"height":540,"caption":"Gastonia, NC"},{"@type":"BreadcrumbList","@id":"https:\/\/thelitigator.com\/es\/gastonia-nc\/gastonia-nc-abogados-de-compensacion-laboral\/#breadcrumb","itemListElement":[{"@type":"ListItem","position":1,"name":"Home","item":"https:\/\/thelitigator.com\/es\/"},{"@type":"ListItem","position":2,"name":"Abogados de lesiones personales en Gastonia","item":"https:\/\/thelitigator.com\/es\/gastonia-nc\/"},{"@type":"ListItem","position":3,"name":"Abogados De Compensaci\u00f3n Laboral En Gastonia"}]},{"@type":"WebSite","@id":"https:\/\/thelitigator.com\/es\/#website","url":"https:\/\/thelitigator.com\/es\/","name":"Taylor | Serbin Injury Lawyers","description":"Taylor | Serbin Injury Lawyers Serving North and South Carolina Areas","publisher":{"@id":"https:\/\/thelitigator.com\/es\/#organization"},"potentialAction":[{"@type":"SearchAction","target":{"@type":"EntryPoint","urlTemplate":"https:\/\/thelitigator.com\/es\/?s={search_term_string}"},"query-input":{"@type":"PropertyValueSpecification","valueRequired":true,"valueName":"search_term_string"}}],"inLanguage":"es-US"},{"@type":"Organization","@id":"https:\/\/thelitigator.com\/es\/#organization","name":"Taylor | Serbin Injury Lawyers","url":"https:\/\/thelitigator.com\/es\/","logo":{"@type":"ImageObject","inLanguage":"es-US","@id":"https:\/\/thelitigator.com\/es\/#\/schema\/logo\/image\/","url":"https:\/\/thelitigator.com\/wp-content\/uploads\/2025\/12\/TSL-brand-final-01.svg","contentUrl":"https:\/\/thelitigator.com\/wp-content\/uploads\/2025\/12\/TSL-brand-final-01.svg","width":288,"height":198,"caption":"Taylor | Serbin Injury Lawyers"},"image":{"@id":"https:\/\/thelitigator.com\/es\/#\/schema\/logo\/image\/"},"sameAs":["https:\/\/www.facebook.com\/TheLawOfficesOfJasonETaylor\/","https:\/\/x.com\/lawyerjet"]}]}},"_links":{"self":[{"href":"https:\/\/thelitigator.com\/es\/wp-json\/wp\/v2\/pages\/11503","targetHints":{"allow":["GET"]}}],"collection":[{"href":"https:\/\/thelitigator.com\/es\/wp-json\/wp\/v2\/pages"}],"about":[{"href":"https:\/\/thelitigator.com\/es\/wp-json\/wp\/v2\/types\/page"}],"author":[{"embeddable":true,"href":"https:\/\/thelitigator.com\/es\/wp-json\/wp\/v2\/users\/8"}],"replies":[{"embeddable":true,"href":"https:\/\/thelitigator.com\/es\/wp-json\/wp\/v2\/comments?post=11503"}],"version-history":[{"count":0,"href":"https:\/\/thelitigator.com\/es\/wp-json\/wp\/v2\/pages\/11503\/revisions"}],"up":[{"embeddable":true,"href":"https:\/\/thelitigator.com\/es\/wp-json\/wp\/v2\/pages\/11547"}],"wp:featuredmedia":[{"embeddable":true,"href":"https:\/\/thelitigator.com\/es\/wp-json\/wp\/v2\/media\/9165"}],"wp:attachment":[{"href":"https:\/\/thelitigator.com\/es\/wp-json\/wp\/v2\/media?parent=11503"}],"wp:term":[{"taxonomy":"category","embeddable":true,"href":"https:\/\/thelitigator.com\/es\/wp-json\/wp\/v2\/categories?post=11503"},{"taxonomy":"post_tag","embeddable":true,"href":"https:\/\/thelitigator.com\/es\/wp-json\/wp\/v2\/tags?post=11503"},{"taxonomy":"attorney","embeddable":true,"href":"https:\/\/thelitigator.com\/es\/wp-json\/wp\/v2\/attorney?post=11503"}],"curies":[{"name":"wp","href":"https:\/\/api.w.org\/{rel}","templated":true}]}}