{"id":10257,"date":"2021-04-21T17:13:28","date_gmt":"2021-04-21T21:13:28","guid":{"rendered":"https:\/\/thelitigator.com\/privacy-policy\/"},"modified":"2023-10-12T20:56:39","modified_gmt":"2023-10-13T00:56:39","slug":"politica-de-privacidad","status":"publish","type":"page","link":"https:\/\/thelitigator.com\/es\/politica-de-privacidad\/","title":{"rendered":"POL\u00cdTICA DE PRIVACIDAD"},"content":{"rendered":"\n<h4 class=\"wp-block-heading\"><strong>Importante Pol\u00edtica de Privacidad Legal<\/strong><\/h4>\n\n\n\n<p><em>Fecha de vigencia: 1 de marzo de 2019<\/em><\/p>\n\n\n\n<h2 class=\"wp-block-heading\"><strong>Recopilaci\u00f3n y uso de informaci\u00f3n<\/strong><\/h2>\n\n\n\n<p>Recopilamos dos tipos de informaci\u00f3n de nuestros visitantes: informaci\u00f3n an\u00f3nima e informaci\u00f3n personal.<\/p>\n\n\n\n<h2 class=\"wp-block-heading\"><strong>Informaci\u00f3n an\u00f3nima<\/strong><\/h2>\n\n\n\n<p>No es necesario que proporcione ninguna informaci\u00f3n personal para utilizar muchas de las funciones de este sitio web. Sin embargo, su navegador web o aplicaci\u00f3n pueden proporcionar autom\u00e1ticamente cierta informaci\u00f3n sobre usted (\u201cinformaci\u00f3n an\u00f3nima\u201d), como su direcci\u00f3n IP, que puede incluir su ubicaci\u00f3n geogr\u00e1fica; detalles sobre el software del navegador, el sistema operativo y el dispositivo; fechas y horarios de acceso; y URL de referencia y de salida.<\/p>\n\n\n\n<p>Usamos esta informaci\u00f3n, tanto individualmente como en conjunto, para ayudarnos a comprender c\u00f3mo los visitantes usan nuestro sitio y para mejorar nuestro contenido y su experiencia al visitar nuestro sitio. Podemos conservar este tipo de informaci\u00f3n de forma indefinida o en la medida permitida por la ley.<\/p>\n\n\n\n<h2 class=\"wp-block-heading\"><strong>Informaci\u00f3n personal<\/strong><\/h2>\n\n\n\n<p>Nuestro sitio web contiene ciertas funciones, como formularios de contacto, donde usted tiene la opci\u00f3n de proporcionar afirmativamente informaci\u00f3n sobre usted (&#8220;informaci\u00f3n personal&#8221;). Es posible que se le solicite que proporcione informaci\u00f3n personal, incluido su nombre, direcci\u00f3n, direcci\u00f3n de correo electr\u00f3nico y n\u00famero(s) de tel\u00e9fono. No tiene ninguna obligaci\u00f3n de utilizar estas funciones de nuestro sitio web. Si elige proporcionarnos informaci\u00f3n personal enviando un formulario de contacto en este sitio web, podemos usar esa informaci\u00f3n para comunicarnos con usted y mejorar las comunicaciones posteriores con usted, si corresponde. Tambi\u00e9n podemos usar su informaci\u00f3n personal enviada voluntariamente para mantenerlo informado sobre noticias y eventos de la firma de abogados, pero solo si se le brinda la oportunidad de optar por no participar en este tipo de uso (consulte Eliminaci\u00f3n de informaci\u00f3n y exclusi\u00f3n voluntaria) <strong>.<\/strong> secci\u00f3n m\u00e1s abajo). Buscaremos su consentimiento afirmativo antes de utilizar su informaci\u00f3n personal para cualquier fin distinto de los descritos en esta pol\u00edtica.<\/p>\n\n\n\n<p>La informaci\u00f3n transmitida en Internet, incluso a trav\u00e9s de los formularios de contacto de nuestro sitio web, no es segura y no debe considerarse confidencial. El env\u00edo de un formulario en nuestro sitio web no constituye una comunicaci\u00f3n entre abogado y cliente y no crea una relaci\u00f3n entre abogado y cliente.<\/p>\n\n\n\n<p>Nuestro sitio web tambi\u00e9n puede proporcionar una funci\u00f3n de \u201cChat en vivo\u201d de terceros, con la que usted puede optar por proporcionar informaci\u00f3n personal a la empresa. La informaci\u00f3n proporcionada en la funci\u00f3n Live Chat no es confidencial y su uso del Live Chat no constituye comunicaci\u00f3n entre abogado y cliente y no crea una relaci\u00f3n abogado-cliente. Si elige proporcionarnos informaci\u00f3n personal mediante la funci\u00f3n de chat en vivo, podemos usar esa informaci\u00f3n para comunicarnos con usted y mejorar las comunicaciones posteriores con usted, si corresponde.<\/p>\n\n\n\n<p>El proveedor externo de chat en vivo tiene su propia pol\u00edtica de privacidad, que le recomendamos que revise. No somos responsables de las pol\u00edticas de privacidad de terceros, incluido el proveedor de Live Chat.<\/p>\n\n\n\n<p><strong>No divulgue informaci\u00f3n confidencial, incluida cualquier informaci\u00f3n que pueda exponerlo a responsabilidad civil o penal, a trav\u00e9s de formularios de contacto o chat en vivo en este sitio web.<\/strong><\/p>\n\n\n\n<p>No incluya ninguna informaci\u00f3n confidencial o sensible en un formulario de contacto, mensaje de texto o correo de voz. El formulario de contacto env\u00eda informaci\u00f3n por correo electr\u00f3nico no cifrado, lo cual no es seguro. Enviar un formulario de contacto, enviar un mensaje de texto, hacer una llamada telef\u00f3nica o dejar un mensaje de voz no crea una relaci\u00f3n abogado-cliente.<\/p>\n\n\n\n<p>Podemos conservar la informaci\u00f3n recopilada de los formularios de contacto y del chat en vivo de forma indefinida, o en la medida que lo permita la ley.<\/p>\n\n\n\n<h2 class=\"wp-block-heading\"><strong>Uso de cookies<\/strong><\/h2>\n\n\n\n<p>Utilizamos \u201ccookies\u201d (peque\u00f1os archivos de datos) para mejorar la funcionalidad de nuestro sitio web y la experiencia de nuestros visitantes. Estas cookies no lo identifican personalmente ni nos dan acceso a su computadora. Puede desactivar las cookies en la configuraci\u00f3n de su navegador o de la aplicaci\u00f3n, pero hacerlo puede reducir la funcionalidad del sitio web. Al visitar nuestro sitio web y no deshabilitar las cookies, usted acepta nuestro uso de cookies para los fines descritos en esta pol\u00edtica.<\/p>\n\n\n\n<p>Utilizamos un proveedor de an\u00e1lisis externo (Google Analytics) para ayudarnos a comprender c\u00f3mo los visitantes utilizan nuestro sitio. Google Analytics utiliza cookies para recopilar informaci\u00f3n sobre nuestros visitantes, pero no recibe informaci\u00f3n de identificaci\u00f3n personal a trav\u00e9s de estas cookies y tiene prohibido combinar, comparar o hacer referencias cruzadas de informaci\u00f3n de nuestro sitio con cualquier otra informaci\u00f3n. Puede revisar la&nbsp; <a href=\"https:\/\/support.google.com\/analytics\/answer\/6004245?hl=en\">pol\u00edtica de privacidad de Google Analytics<\/a>&nbsp; para obtener informaci\u00f3n adicional.<\/p>\n\n\n\n<p>Nuestro sitio web tambi\u00e9n puede utilizar el servicio de \u201cremarketing\u201d de Google AdWords para mostrar anuncios en sitios web de terceros (incluido Google) a visitantes anteriores de nuestro sitio. Este servicio tambi\u00e9n utiliza cookies y cualquier informaci\u00f3n recopilada ser\u00e1 de acuerdo con esta pol\u00edtica de privacidad y <a href=\"https:\/\/policies.google.com\/technologies\/ads\">la pol\u00edtica de privacidad de Google<\/a> .<\/p>\n\n\n\n<h2 class=\"wp-block-heading\"><strong>Distribuci\u00f3n de la informaci\u00f3n recopilada<\/strong><\/h2>\n\n\n\n<p>No divulgaremos, sin su consentimiento, la informaci\u00f3n personal recopilada sobre usted, a menos que as\u00ed lo exija la ley. En determinadas circunstancias limitadas, y de conformidad con las leyes aplicables, podemos compartir informaci\u00f3n personal con autoridades gubernamentales u otros seg\u00fan sea necesario para proteger a la empresa o a ciertos terceros; o seg\u00fan sea necesario para el cumplimiento de la ley o proceso legal aplicable. No distribuiremos ni venderemos informaci\u00f3n personal a organizaciones de terceros.<\/p>\n\n\n\n<h2 class=\"wp-block-heading\"><strong>No realizar seguimiento de solicitudes<\/strong><\/h2>\n\n\n\n<p>No respondemos ni tomamos ninguna medida con respecto a las solicitudes de \u201cNo rastrear\u201d.<\/p>\n\n\n\n<h2 class=\"wp-block-heading\"><strong>Terceros y enlaces externos<\/strong><\/h2>\n\n\n\n<p>Algunas p\u00e1ginas de nuestro sitio web pueden contener hiperv\u00ednculos a sitios web de terceros. No asumimos ninguna responsabilidad por el contenido o los sitios web de terceros, ni por la informaci\u00f3n que usted revele a terceros al visitar sus sitios web.<\/p>\n\n\n\n<h2 class=\"wp-block-heading\"><strong>Eliminaci\u00f3n de informaci\u00f3n y exclusi\u00f3n voluntaria<\/strong><\/h2>\n\n\n\n<p>Los usuarios que deseen optar por no recibir comunicaciones de la empresa pueden responder a cualquier comunicaci\u00f3n de marketing con el asunto &#8220;cancelar suscripci\u00f3n&#8221;.<\/p>\n","protected":false},"excerpt":{"rendered":"<p>Entendemos la importancia de su privacidad y nos esforzamos por hacer todos los esfuerzos razonables para ser transparentes sobre la informaci\u00f3n que recopilamos sobre usted y para salvaguardar esa informaci\u00f3n contra intrusiones o uso indebido. Excepto que lo requiera un tribunal u otra orden legal, nunca redistribuiremos ni venderemos informaci\u00f3n personal recopilada en nuestros servidores web. Esta pol\u00edtica de privacidad detalla las formas en que recopilamos informaci\u00f3n sobre usted, qu\u00e9 informaci\u00f3n recopilamos y qu\u00e9 hacemos con esa informaci\u00f3n. Siempre puede visitar esta p\u00e1gina para obtener la versi\u00f3n m\u00e1s actualizada de esta pol\u00edtica de privacidad.<\/p>\n","protected":false},"author":8,"featured_media":0,"parent":0,"menu_order":0,"comment_status":"closed","ping_status":"closed","template":"","meta":{"_acf_changed":false,"footnotes":""},"categories":[],"tags":[],"attorney":[],"class_list":["post-10257","page","type-page","status-publish","hentry"],"acf":[],"yoast_head":"<!-- This site is optimized with the Yoast SEO plugin v27.4 - https:\/\/yoast.com\/product\/yoast-seo-wordpress\/ -->\n<title>Pol\u00edtica De Privacidad | Taylor | Serbin Injury Lawyers, P.C.<\/title>\n<meta name=\"description\" content=\"En esta p\u00e1gina encontrar\u00e1 la pol\u00edtica de privacidad de Taylor | Serbin Injury Lawyers, P.C.\" \/>\n<meta name=\"robots\" content=\"index, follow, max-snippet:-1, max-image-preview:large, max-video-preview:-1\" \/>\n<link rel=\"canonical\" href=\"https:\/\/thelitigator.com\/es\/politica-de-privacidad\/\" \/>\n<meta property=\"og:locale\" content=\"es_ES\" \/>\n<meta property=\"og:type\" content=\"article\" \/>\n<meta property=\"og:title\" content=\"Pol\u00edtica De Privacidad | Taylor | Serbin Injury Lawyers, P.C.\" \/>\n<meta property=\"og:description\" content=\"En esta p\u00e1gina encontrar\u00e1 la pol\u00edtica de privacidad de Taylor | Serbin Injury Lawyers, P.C.\" \/>\n<meta property=\"og:url\" content=\"https:\/\/thelitigator.com\/es\/politica-de-privacidad\/\" \/>\n<meta property=\"og:site_name\" content=\"Taylor | Serbin Injury Lawyers\" \/>\n<meta property=\"article:publisher\" content=\"https:\/\/www.facebook.com\/TheLawOfficesOfJasonETaylor\/\" \/>\n<meta property=\"article:modified_time\" content=\"2023-10-13T00:56:39+00:00\" \/>\n<meta name=\"twitter:card\" content=\"summary_large_image\" \/>\n<meta name=\"twitter:site\" content=\"@lawyerjet\" \/>\n<meta name=\"twitter:label1\" content=\"Est. reading time\" \/>\n\t<meta name=\"twitter:data1\" content=\"5 minutes\" \/>\n<script type=\"application\/ld+json\" class=\"yoast-schema-graph\">{\"@context\":\"https:\\\/\\\/schema.org\",\"@graph\":[{\"@type\":\"WebPage\",\"@id\":\"https:\\\/\\\/thelitigator.com\\\/es\\\/politica-de-privacidad\\\/\",\"url\":\"https:\\\/\\\/thelitigator.com\\\/es\\\/politica-de-privacidad\\\/\",\"name\":\"Pol\u00edtica De Privacidad | Taylor | Serbin Injury Lawyers, P.C.\",\"isPartOf\":{\"@id\":\"https:\\\/\\\/thelitigator.com\\\/es\\\/#website\"},\"datePublished\":\"2021-04-21T21:13:28+00:00\",\"dateModified\":\"2023-10-13T00:56:39+00:00\",\"description\":\"En esta p\u00e1gina encontrar\u00e1 la pol\u00edtica de privacidad de Taylor | Serbin Injury Lawyers, P.C.\",\"breadcrumb\":{\"@id\":\"https:\\\/\\\/thelitigator.com\\\/es\\\/politica-de-privacidad\\\/#breadcrumb\"},\"inLanguage\":\"es-US\",\"potentialAction\":[{\"@type\":\"ReadAction\",\"target\":[\"https:\\\/\\\/thelitigator.com\\\/es\\\/politica-de-privacidad\\\/\"]}]},{\"@type\":\"BreadcrumbList\",\"@id\":\"https:\\\/\\\/thelitigator.com\\\/es\\\/politica-de-privacidad\\\/#breadcrumb\",\"itemListElement\":[{\"@type\":\"ListItem\",\"position\":1,\"name\":\"Home\",\"item\":\"https:\\\/\\\/thelitigator.com\\\/es\\\/\"},{\"@type\":\"ListItem\",\"position\":2,\"name\":\"POL\u00cdTICA DE PRIVACIDAD\"}]},{\"@type\":\"WebSite\",\"@id\":\"https:\\\/\\\/thelitigator.com\\\/es\\\/#website\",\"url\":\"https:\\\/\\\/thelitigator.com\\\/es\\\/\",\"name\":\"Taylor | Serbin Injury Lawyers\",\"description\":\"Taylor | Serbin Injury Lawyers Serving North and South Carolina Areas\",\"publisher\":{\"@id\":\"https:\\\/\\\/thelitigator.com\\\/es\\\/#organization\"},\"potentialAction\":[{\"@type\":\"SearchAction\",\"target\":{\"@type\":\"EntryPoint\",\"urlTemplate\":\"https:\\\/\\\/thelitigator.com\\\/es\\\/?s={search_term_string}\"},\"query-input\":{\"@type\":\"PropertyValueSpecification\",\"valueRequired\":true,\"valueName\":\"search_term_string\"}}],\"inLanguage\":\"es-US\"},{\"@type\":\"Organization\",\"@id\":\"https:\\\/\\\/thelitigator.com\\\/es\\\/#organization\",\"name\":\"Taylor | Serbin Injury Lawyers\",\"url\":\"https:\\\/\\\/thelitigator.com\\\/es\\\/\",\"logo\":{\"@type\":\"ImageObject\",\"inLanguage\":\"es-US\",\"@id\":\"https:\\\/\\\/thelitigator.com\\\/es\\\/#\\\/schema\\\/logo\\\/image\\\/\",\"url\":\"https:\\\/\\\/thelitigator.com\\\/wp-content\\\/uploads\\\/2025\\\/12\\\/TSL-brand-final-01.svg\",\"contentUrl\":\"https:\\\/\\\/thelitigator.com\\\/wp-content\\\/uploads\\\/2025\\\/12\\\/TSL-brand-final-01.svg\",\"width\":288,\"height\":198,\"caption\":\"Taylor | Serbin Injury Lawyers\"},\"image\":{\"@id\":\"https:\\\/\\\/thelitigator.com\\\/es\\\/#\\\/schema\\\/logo\\\/image\\\/\"},\"sameAs\":[\"https:\\\/\\\/www.facebook.com\\\/TheLawOfficesOfJasonETaylor\\\/\",\"https:\\\/\\\/x.com\\\/lawyerjet\"]}]}<\/script>\n<!-- \/ Yoast SEO plugin. -->","yoast_head_json":{"title":"Pol\u00edtica De Privacidad | Taylor | Serbin Injury Lawyers, P.C.","description":"En esta p\u00e1gina encontrar\u00e1 la pol\u00edtica de privacidad de Taylor | Serbin Injury Lawyers, P.C.","robots":{"index":"index","follow":"follow","max-snippet":"max-snippet:-1","max-image-preview":"max-image-preview:large","max-video-preview":"max-video-preview:-1"},"canonical":"https:\/\/thelitigator.com\/es\/politica-de-privacidad\/","og_locale":"es_ES","og_type":"article","og_title":"Pol\u00edtica De Privacidad | Taylor | Serbin Injury Lawyers, P.C.","og_description":"En esta p\u00e1gina encontrar\u00e1 la pol\u00edtica de privacidad de Taylor | Serbin Injury Lawyers, P.C.","og_url":"https:\/\/thelitigator.com\/es\/politica-de-privacidad\/","og_site_name":"Taylor | Serbin Injury Lawyers","article_publisher":"https:\/\/www.facebook.com\/TheLawOfficesOfJasonETaylor\/","article_modified_time":"2023-10-13T00:56:39+00:00","twitter_card":"summary_large_image","twitter_site":"@lawyerjet","twitter_misc":{"Est. reading time":"5 minutes"},"schema":{"@context":"https:\/\/schema.org","@graph":[{"@type":"WebPage","@id":"https:\/\/thelitigator.com\/es\/politica-de-privacidad\/","url":"https:\/\/thelitigator.com\/es\/politica-de-privacidad\/","name":"Pol\u00edtica De Privacidad | Taylor | Serbin Injury Lawyers, P.C.","isPartOf":{"@id":"https:\/\/thelitigator.com\/es\/#website"},"datePublished":"2021-04-21T21:13:28+00:00","dateModified":"2023-10-13T00:56:39+00:00","description":"En esta p\u00e1gina encontrar\u00e1 la pol\u00edtica de privacidad de Taylor | Serbin Injury Lawyers, P.C.","breadcrumb":{"@id":"https:\/\/thelitigator.com\/es\/politica-de-privacidad\/#breadcrumb"},"inLanguage":"es-US","potentialAction":[{"@type":"ReadAction","target":["https:\/\/thelitigator.com\/es\/politica-de-privacidad\/"]}]},{"@type":"BreadcrumbList","@id":"https:\/\/thelitigator.com\/es\/politica-de-privacidad\/#breadcrumb","itemListElement":[{"@type":"ListItem","position":1,"name":"Home","item":"https:\/\/thelitigator.com\/es\/"},{"@type":"ListItem","position":2,"name":"POL\u00cdTICA DE PRIVACIDAD"}]},{"@type":"WebSite","@id":"https:\/\/thelitigator.com\/es\/#website","url":"https:\/\/thelitigator.com\/es\/","name":"Taylor | Serbin Injury Lawyers","description":"Taylor | Serbin Injury Lawyers Serving North and South Carolina Areas","publisher":{"@id":"https:\/\/thelitigator.com\/es\/#organization"},"potentialAction":[{"@type":"SearchAction","target":{"@type":"EntryPoint","urlTemplate":"https:\/\/thelitigator.com\/es\/?s={search_term_string}"},"query-input":{"@type":"PropertyValueSpecification","valueRequired":true,"valueName":"search_term_string"}}],"inLanguage":"es-US"},{"@type":"Organization","@id":"https:\/\/thelitigator.com\/es\/#organization","name":"Taylor | Serbin Injury Lawyers","url":"https:\/\/thelitigator.com\/es\/","logo":{"@type":"ImageObject","inLanguage":"es-US","@id":"https:\/\/thelitigator.com\/es\/#\/schema\/logo\/image\/","url":"https:\/\/thelitigator.com\/wp-content\/uploads\/2025\/12\/TSL-brand-final-01.svg","contentUrl":"https:\/\/thelitigator.com\/wp-content\/uploads\/2025\/12\/TSL-brand-final-01.svg","width":288,"height":198,"caption":"Taylor | Serbin Injury Lawyers"},"image":{"@id":"https:\/\/thelitigator.com\/es\/#\/schema\/logo\/image\/"},"sameAs":["https:\/\/www.facebook.com\/TheLawOfficesOfJasonETaylor\/","https:\/\/x.com\/lawyerjet"]}]}},"_links":{"self":[{"href":"https:\/\/thelitigator.com\/es\/wp-json\/wp\/v2\/pages\/10257","targetHints":{"allow":["GET"]}}],"collection":[{"href":"https:\/\/thelitigator.com\/es\/wp-json\/wp\/v2\/pages"}],"about":[{"href":"https:\/\/thelitigator.com\/es\/wp-json\/wp\/v2\/types\/page"}],"author":[{"embeddable":true,"href":"https:\/\/thelitigator.com\/es\/wp-json\/wp\/v2\/users\/8"}],"replies":[{"embeddable":true,"href":"https:\/\/thelitigator.com\/es\/wp-json\/wp\/v2\/comments?post=10257"}],"version-history":[{"count":0,"href":"https:\/\/thelitigator.com\/es\/wp-json\/wp\/v2\/pages\/10257\/revisions"}],"wp:attachment":[{"href":"https:\/\/thelitigator.com\/es\/wp-json\/wp\/v2\/media?parent=10257"}],"wp:term":[{"taxonomy":"category","embeddable":true,"href":"https:\/\/thelitigator.com\/es\/wp-json\/wp\/v2\/categories?post=10257"},{"taxonomy":"post_tag","embeddable":true,"href":"https:\/\/thelitigator.com\/es\/wp-json\/wp\/v2\/tags?post=10257"},{"taxonomy":"attorney","embeddable":true,"href":"https:\/\/thelitigator.com\/es\/wp-json\/wp\/v2\/attorney?post=10257"}],"curies":[{"name":"wp","href":"https:\/\/api.w.org\/{rel}","templated":true}]}}