{"id":10208,"date":"2021-06-13T16:20:38","date_gmt":"2021-06-13T20:20:38","guid":{"rendered":"https:\/\/thelitigator.com\/greenville-nc\/"},"modified":"2024-04-03T12:14:40","modified_gmt":"2024-04-03T16:14:40","slug":"greenville-nc","status":"publish","type":"page","link":"https:\/\/thelitigator.com\/es\/greenville-nc\/","title":{"rendered":"Abogados de lesiones personales de Greenville"},"content":{"rendered":"\n<h2 class=\"wp-block-heading\">\u00bfPor qu\u00e9 contratar a un abogado de lesiones personales?<\/h2>\n\n\n\n<p>Los casos de lesiones personales pueden ser complejos, involucrando necesidades m\u00e9dicas a largo plazo, probar la culpa de la otra parte y tratar con compa\u00f1\u00edas de seguros que buscan llegar a un acuerdo. Hable con uno de nuestros abogados de Greenville poco despu\u00e9s de un accidente para asegurarse de que sus facturas m\u00e9dicas est\u00e9n cubiertas y que los registros de accidentes est\u00e9n disponibles. Contratar a un abogado para que represente sus intereses puede ser beneficioso por las siguientes tres razones clave:<\/p>\n\n\n\n<ol class=\"wp-block-list\">\n<li>Tiene lesiones incapacitantes o graves a causa de un accidente.&nbsp; Las discapacidades permanentes y las lesiones graves pueden tener gastos a largo plazo que requieren los recursos de un abogado con experiencia para calcular la atenci\u00f3n m\u00e9dica, la p\u00e9rdida de la capacidad de generar ingresos y los da\u00f1os no econ\u00f3micos; como el dolor y el sufrimiento, pueden alcanzar montos elevados en d\u00f3lares. Los abogados pueden buscar agregar da\u00f1os punitivos m\u00e1s all\u00e1 de los da\u00f1os econ\u00f3micos y no econ\u00f3micos en casos de negligencia grave.<\/li>\n\n\n\n<li>La responsabilidad no est\u00e1 clara o varias partes son potencialmente responsables del accidente.&nbsp; En Greenville, nuestros abogados de lesiones personales tienen experiencia en la comunicaci\u00f3n efectiva con las compa\u00f1\u00edas de seguros y otras personas involucradas en un caso. Tambi\u00e9n abogar\u00e1n por sus clientes cuando m\u00faltiples v\u00edctimas de accidentes busquen un acuerdo, protegiendo a las v\u00edctimas de accidentes contra reconvenciones y contrademandas.<\/li>\n\n\n\n<li>Una compa\u00f1\u00eda de seguros no coopera o es injusta en sus acciones. Las compa\u00f1\u00edas de seguros pueden negarse a aceptar un acuerdo justo. Algunas compa\u00f1\u00edas de seguros pueden participar en pr\u00e1cticas de mala fe, como negar reclamos sin motivo, no investigar adecuadamente un accidente u ofrecer un monto de liquidaci\u00f3n insuficiente.<\/li>\n<\/ol>\n\n\n\n<p>Un abogado de lesiones personales de nuestra oficina de Greenville, podr\u00e1 navegar circunstancias complejas y ayudarlo a comprender sus derechos y el acuerdo que tiene derecho a recibir. Al considerar un abogado, aseg\u00farese de proporcionar detalles sobre el accidente y traiga toda la documentaci\u00f3n que pueda tener. Esta informaci\u00f3n ayudar\u00e1 a nuestros abogados a aconsejarle sobre el mejor curso de acci\u00f3n.<\/p>\n\n\n\n<p>La liquidaci\u00f3n de casos puede ocurrir de tres maneras diferentes. El primero, un acuerdo negociado, es bastante com\u00fan. Los juicios con jurado son otra forma y pueden ser necesarios si las partes no pueden llegar a un acuerdo satisfactorio. Una tercera opci\u00f3n es la resoluci\u00f3n alternativa de disputas. Conocido como ADR, este m\u00e9todo utiliza tomadores de decisiones que ayudan con la mediaci\u00f3n o el arbitraje. La mediaci\u00f3n involucra a un facilitador que re\u00fane a ambas partes para llegar a una resoluci\u00f3n. El arbitraje es similar a un juicio con jurado, pero involucra un peque\u00f1o panel de aproximadamente tres participantes que emiten una decisi\u00f3n vinculante.<\/p>\n\n\n\n<h2 class=\"wp-block-heading\">\u00bfCu\u00e1l es la tarifa est\u00e1ndar para un abogado de lesiones personales de Greenville?<\/h2>\n\n\n\n<p>Los abogados de lesiones personales con frecuencia trabajan en una contingencia en la que se les paga solo despu\u00e9s de la resoluci\u00f3n exitosa de un caso. Los honorarios var\u00edan entre un 25% y un 40%, seg\u00fan el bufete de abogados y las circunstancias del caso. En promedio, las tarifas son alrededor del 33%. Estos honorarios salen del monto del acuerdo e incluyen honorarios de abogados, costos de investigaci\u00f3n, costos judiciales, honorarios de testigos expertos y otros gastos.<\/p>\n\n\n\n<p>Los honorarios de los abogados de lesiones personales pueden variar dependiendo de cu\u00e1ndo se resuelva el caso. Las escalas m\u00f3viles pueden resultar en tarifas m\u00e1s bajas si un caso resulta en una resoluci\u00f3n r\u00e1pida. Los casos que involucran un juicio con jurado u otras complejidades pueden generar tarifas m\u00e1s altas. Las v\u00edctimas de accidentes tambi\u00e9n pueden tener costos adicionales, como tarifas de presentaci\u00f3n de documentos o tarifas separadas que imponen los tribunales.<\/p>\n\n\n\n<h2 class=\"wp-block-heading\">\u00bfQu\u00e9 cualidades debo buscar en un abogado de lesiones personales en Greenville, Carolina del Norte?<\/h2>\n\n\n\n<p>Busque un abogado de lesiones personales de buena reputaci\u00f3n que tenga experiencia en el manejo de su tipo de caso, valore la relaci\u00f3n abogado-cliente y anteponga sus necesidades. No debe sentirse presionado para aceptar la representaci\u00f3n o sentirse inc\u00f3modo con la situaci\u00f3n. Busque un abogado que primero ofrezca consultas gratuitas. Nuestro equipo de abogados de lesiones personales de Greenville cree en ser comunicadores altamente efectivos y ser transparentes sobre la informaci\u00f3n, incluidos los honorarios y los detalles sobre su caso: el monto aproximado en d\u00f3lares del acuerdo buscado, un cronograma para la resoluci\u00f3n y otros detalles cr\u00edticos.<\/p>\n\n\n\n<p>Un abogado de lesiones personales tambi\u00e9n tendr\u00e1 que trabajar con las compa\u00f1\u00edas de seguros y otros abogados mientras desarrolla su caso de lesiones personales. La cooperaci\u00f3n es esencial durante la fase de descubrimiento, un per\u00edodo en el que ambas partes intercambian hechos y documentaci\u00f3n. Los abogados de lesiones personales tambi\u00e9n realizan investigaciones, especialmente cuando a las investigaciones policiales o de seguros les faltan detalles clave. Las investigaciones pueden aportar testigos expertos o reconstrucci\u00f3n de accidentes, as\u00ed como nuevas pruebas, como comunicaciones en l\u00ednea.<\/p>\n\n\n\n<p>En nuestra oficina de Greenville, nos enorgullece guiar a los clientes a trav\u00e9s de sus casos utilizando hechos y asesoramiento legal sin dejar que las emociones controlen la situaci\u00f3n. Las personas lesionadas deben concentrarse en la recuperaci\u00f3n, pero pueden sentirse presionadas a tomar decisiones basadas en las emociones durante este momento dif\u00edcil. Nuestros abogados podr\u00e1n negociar en su nombre y descubrir hechos que fortalecer\u00e1n su caso de reclamos por lesiones personales.<\/p>\n\n\n\n<h2 class=\"wp-block-heading\">\u00bfLos abogados de lesiones personales manejan una variedad de casos?<\/h2>\n\n\n\n<p>Los abogados de lesiones personales en Greenville pueden representar a personas con una variedad de lesiones y circunstancias que conducen a estas lesiones. Tambi\u00e9n pueden ayudar a las v\u00edctimas de accidentes a recuperar p\u00e9rdidas de propiedad. Las lesiones personales en s\u00ed mismas pueden ser diversas, incluidas lesiones catastr\u00f3ficas, amputaciones y otras lesiones con gastos a largo plazo. Conocer una compensaci\u00f3n justa por lesiones requiere el conocimiento de los efectos a corto y largo plazo. Los tipos comunes de casos que manejan nuestros abogados de lesiones personales en Greenville, N.C. son:<\/p>\n\n\n\n<h3 class=\"wp-block-heading\"><strong>Accidentes automovil\u00edsticos<\/strong><\/h3>\n\n\n\n<p>Los accidentes automovil\u00edsticos son la causa principal de lesiones en los Estados Unidos y pueden ocurrirle a cualquier persona en cualquier momento. Los abogados de lesiones personales en Greenville deben estar bien versados \u200b\u200ben el \u00e1rea de los accidentes automovil\u00edsticos para obtener la compensaci\u00f3n que merece. Esto incluye da\u00f1os a su veh\u00edculo, facturas m\u00e9dicas, p\u00e9rdida de ingresos, dolor y sufrimiento, y cualquier gasto funerario que pueda resultar del accidente.<\/p>\n\n\n\n<h3 class=\"wp-block-heading\"><strong>Accidentes de motocicleta<\/strong><\/h3>\n\n\n\n<p>Cuando un motociclista se ve involucrado en un accidente, la persona puede sufrir lesiones m\u00e1s graves. Los abogados con experiencia en motocicletas en Greenville pueden ayudarlo a obtener el acuerdo que se merece para cubrir las facturas del hospital, la p\u00e9rdida de ingresos y la posible atenci\u00f3n a largo plazo.<\/p>\n\n\n\n<h3 class=\"wp-block-heading\"><strong>Accidentes de Camiones<\/strong><\/h3>\n\n\n\n<p>Si est\u00e1 involucrado en un accidente con un cami\u00f3n grande en Greenville, corre el riesgo de da\u00f1os significativos a su veh\u00edculo y posibles lesiones graves. Querr\u00e1 un abogado que posea conocimiento de las leyes de conducci\u00f3n comercial y los detalles del manejo de un accidente de cami\u00f3n.<\/p>\n\n\n\n<h3 class=\"wp-block-heading\">Negligencia m\u00e9dica<\/h3>\n\n\n\n<p>Si cree que es v\u00edctima de mala pr\u00e1ctica m\u00e9dica o negligencia m\u00e9dica, usted querr\u00e1 un abogado de Greenville que tenga conocimientos sobre los complejos problemas que rodean las reclamaciones por negligencia m\u00e9dica.<\/p>\n\n\n\n<h3 class=\"wp-block-heading\">Otros casos que manejamos<\/h3>\n\n\n\n<p>Los abogados de lesiones personales tambi\u00e9n manejan casos relacionados con:<\/p>\n\n\n\n<ul class=\"wp-block-list\">\n<li>Muerte injusta.<\/li>\n\n\n\n<li><strong>Lesiones en el lugar de trabajo<\/strong><\/li>\n\n\n\n<li>Accidentes de navegaci\u00f3n<\/li>\n\n\n\n<li>Medicamentos defectuosos<\/li>\n\n\n\n<li>Hogares de ancianos<\/li>\n\n\n\n<li>Productos defectuosos<\/li>\n\n\n\n<li>Mordidas de perro<\/li>\n\n\n\n<li>Responsabilidad de los locales<\/li>\n\n\n\n<li>Accidentes de viajes compartidos<\/li>\n\n\n\n<li>Lesiones cerebrales traum\u00e1ticas (TBI)<\/li>\n\n\n\n<li>Accidentes de construcci\u00f3n<\/li>\n\n\n\n<li>Productos defectuosos<\/li>\n\n\n\n<li><strong>Ley de Empleo<\/strong><\/li>\n<\/ul>\n\n\n\n<h2 class=\"wp-block-heading\">\u00bfQu\u00e9 tipo de da\u00f1os puede reclamar en un caso de lesiones personales?<\/h2>\n\n\n\n<p>En Greenville, Carolina del Norte, las demandas por lesiones personales pueden buscar tres tipos de da\u00f1os:<\/p>\n\n\n\n<ul class=\"wp-block-list\">\n<li>Los da\u00f1os econ\u00f3micos cubren la p\u00e9rdida de ingresos, atenci\u00f3n m\u00e9dica, medicamentos, p\u00e9rdidas de propiedad y otras lesiones actuales y futuras.<\/li>\n\n\n\n<li>Los da\u00f1os no econ\u00f3micos, que no son tan f\u00e1ciles de cuantificar, incluyen dolor y sufrimiento, p\u00e9rdida del disfrute de la vida y problemas de salud mental.<\/li>\n\n\n\n<li>Los da\u00f1os punitivos brindan una compensaci\u00f3n adicional a las v\u00edctimas cuando se prueba un alto grado de negligencia. Los da\u00f1os punitivos son castigos adicionales para disuadir la negligencia.<\/li>\n<\/ul>\n\n\n\n<p>Los estados tienen leyes con respecto a los casos de lesiones personales, y muchos estados siguen la doctrina de la negligencia comparativa, que reduce los da\u00f1os proporcionalmente hasta en un 50 % en funci\u00f3n de la culpa de la v\u00edctima. Carolina del Norte es un estado culpable. En Carolina del Norte, la parte responsable debe pagar a la parte lesionada los da\u00f1os m\u00e9dicos y a la propiedad que resulten de un accidente. Carolina del Norte tambi\u00e9n tiene negligencia contributiva, lo que significa que si ha estado involucrado en un accidente en Greenville, se debe probar que la parte responsable del accidente tuvo el 100% de la culpa para que se realice la recuperaci\u00f3n. La negligencia o culpa parcial por parte de la v\u00edctima del accidente puede impedir la compensaci\u00f3n.\u00a0<\/p>\n\n\n\n<figure class=\"wp-block-image size-large\"><img fetchpriority=\"high\" decoding=\"async\" width=\"1024\" height=\"683\" src=\"https:\/\/thelitigator.com\/wp-content\/uploads\/2023\/04\/iStock-1056922410-1024x683.jpg\" alt=\"An industrial safety topic.  A worker tripping over an electrical extension cord in an industrial environment.\" class=\"wp-image-11185\" srcset=\"https:\/\/thelitigator.com\/wp-content\/uploads\/2023\/04\/iStock-1056922410-1024x683.jpg 1024w, https:\/\/thelitigator.com\/wp-content\/uploads\/2023\/04\/iStock-1056922410-300x200.jpg 300w, https:\/\/thelitigator.com\/wp-content\/uploads\/2023\/04\/iStock-1056922410-768x512.jpg 768w, https:\/\/thelitigator.com\/wp-content\/uploads\/2023\/04\/iStock-1056922410-1536x1025.jpg 1536w, https:\/\/thelitigator.com\/wp-content\/uploads\/2023\/04\/iStock-1056922410-1200x800.jpg 1200w\" sizes=\"(max-width: 1024px) 100vw, 1024px\" \/><\/figure>\n\n\n\n<h2 class=\"wp-block-heading\">P\u00f3ngase en contacto con nuestros abogados de lesiones personales en Greenville, N.C.<\/h2>\n\n\n\n<p>Nuestro equipo de abogados de lesiones personales est\u00e1 capacitado para garantizar que se respeten todas las leyes aplicables para garantizar un caso exitoso. Ponemos las necesidades del cliente en primer lugar y tomamos decisiones acertadas basadas en hechos e investigaciones, evitando que los clientes se sientan presionados a conformarse con una cantidad insuficiente. Daremos seguimiento a un caso para asegurar la distribuci\u00f3n de reclamos y el cumplimiento de los contratos. Si usted o un miembro de su familia se ha visto afectado por una lesi\u00f3n como resultado de la negligencia de otra persona, cont\u00e1ctenos en Las Oficinas Legales de Jason E. Taylor, PC<\/p>\n","protected":false},"excerpt":{"rendered":"<p>Las lesiones causadas por la negligencia de otra persona pueden afectarlo financialmente, f\u00edsica y mentalmente. Las personas lesionadas deben concentrarse en la recuperaci\u00f3n y buscar un abogado de lesiones personales que ponga las necesidades del cliente en primer lugar, gui\u00e1ndolos para tomar decisiones basadas en hechos. Los abogados de lesiones personales son negociadores h\u00e1biles que realizan investigaciones detalladas para probar la culpa en un accidente y llegar a un monto justo. Descubra c\u00f3mo Las Oficinas Legales de Jason E. Taylor, abogados de lesiones personales que prestan servicios en el \u00e1rea de Greenville, Carolina del Norte, pueden ayudarlo a usted o a un miembro de su familia a recibir un acuerdo justo que cubra las necesidades actuales y futuras. Nuestro equipo legal tiene m\u00e1s de un siglo combinado de experiencia legal al servicio de nuestros clientes.<\/p>\n","protected":false},"author":8,"featured_media":8600,"parent":0,"menu_order":0,"comment_status":"closed","ping_status":"closed","template":"","meta":{"_acf_changed":false,"footnotes":""},"categories":[1488,1489,1427],"tags":[],"attorney":[],"class_list":["post-10208","page","type-page","status-publish","has-post-thumbnail","hentry","category-general-locations-es","category-greenville-es","category-personal-injury-es"],"acf":[],"yoast_head":"<!-- This site is optimized with the Yoast SEO plugin v27.4 - https:\/\/yoast.com\/product\/yoast-seo-wordpress\/ -->\n<title>Abogados De Lesiones Personales De Greenville | Abogados De Lesiones Personales En Greenville, NC<\/title>\n<meta name=\"description\" content=\"P\u00f3ngase en contacto con nuestros abogados de lesiones personales de Greenville, Carolina del Norte de Taylor | Serbin Injury Lawyers P.C. Si usted o un ser querido han resultado heridos por la negligencia de otra persona.\" \/>\n<meta name=\"robots\" content=\"index, follow, max-snippet:-1, max-image-preview:large, max-video-preview:-1\" \/>\n<link rel=\"canonical\" href=\"https:\/\/thelitigator.com\/es\/greenville-nc\/\" \/>\n<meta property=\"og:locale\" content=\"es_ES\" \/>\n<meta property=\"og:type\" content=\"article\" \/>\n<meta property=\"og:title\" content=\"Abogados De Lesiones Personales De Greenville | Abogados De Lesiones Personales En Greenville, NC\" \/>\n<meta property=\"og:description\" content=\"P\u00f3ngase en contacto con nuestros abogados de lesiones personales de Greenville, Carolina del Norte de Taylor | Serbin Injury Lawyers P.C. Si usted o un ser querido han resultado heridos por la negligencia de otra persona.\" \/>\n<meta property=\"og:url\" content=\"https:\/\/thelitigator.com\/es\/greenville-nc\/\" \/>\n<meta property=\"og:site_name\" content=\"Taylor | Serbin Injury Lawyers\" \/>\n<meta property=\"article:publisher\" content=\"https:\/\/www.facebook.com\/TheLawOfficesOfJasonETaylor\/\" \/>\n<meta property=\"article:modified_time\" content=\"2024-04-03T16:14:40+00:00\" \/>\n<meta property=\"og:image\" content=\"https:\/\/thelitigator.com\/wp-content\/uploads\/2021\/06\/Depositphotos_417274662_xl-2015-scaled.jpg\" \/>\n\t<meta property=\"og:image:width\" content=\"2560\" \/>\n\t<meta property=\"og:image:height\" content=\"1707\" \/>\n\t<meta property=\"og:image:type\" content=\"image\/jpeg\" \/>\n<meta name=\"twitter:card\" content=\"summary_large_image\" \/>\n<meta name=\"twitter:site\" content=\"@lawyerjet\" \/>\n<meta name=\"twitter:label1\" content=\"Est. reading time\" \/>\n\t<meta name=\"twitter:data1\" content=\"8 minutes\" \/>\n<script type=\"application\/ld+json\" class=\"yoast-schema-graph\">{\"@context\":\"https:\\\/\\\/schema.org\",\"@graph\":[{\"@type\":\"WebPage\",\"@id\":\"https:\\\/\\\/thelitigator.com\\\/es\\\/greenville-nc\\\/\",\"url\":\"https:\\\/\\\/thelitigator.com\\\/es\\\/greenville-nc\\\/\",\"name\":\"Abogados De Lesiones Personales De Greenville | Abogados De Lesiones Personales En Greenville, NC\",\"isPartOf\":{\"@id\":\"https:\\\/\\\/thelitigator.com\\\/es\\\/#website\"},\"primaryImageOfPage\":{\"@id\":\"https:\\\/\\\/thelitigator.com\\\/es\\\/greenville-nc\\\/#primaryimage\"},\"image\":{\"@id\":\"https:\\\/\\\/thelitigator.com\\\/es\\\/greenville-nc\\\/#primaryimage\"},\"thumbnailUrl\":\"https:\\\/\\\/thelitigator.com\\\/wp-content\\\/uploads\\\/2021\\\/06\\\/Depositphotos_417274662_xl-2015-scaled.jpg\",\"datePublished\":\"2021-06-13T20:20:38+00:00\",\"dateModified\":\"2024-04-03T16:14:40+00:00\",\"description\":\"P\u00f3ngase en contacto con nuestros abogados de lesiones personales de Greenville, Carolina del Norte de Taylor | Serbin Injury Lawyers P.C. Si usted o un ser querido han resultado heridos por la negligencia de otra persona.\",\"breadcrumb\":{\"@id\":\"https:\\\/\\\/thelitigator.com\\\/es\\\/greenville-nc\\\/#breadcrumb\"},\"inLanguage\":\"es-US\",\"potentialAction\":[{\"@type\":\"ReadAction\",\"target\":[\"https:\\\/\\\/thelitigator.com\\\/es\\\/greenville-nc\\\/\"]}]},{\"@type\":\"ImageObject\",\"inLanguage\":\"es-US\",\"@id\":\"https:\\\/\\\/thelitigator.com\\\/es\\\/greenville-nc\\\/#primaryimage\",\"url\":\"https:\\\/\\\/thelitigator.com\\\/wp-content\\\/uploads\\\/2021\\\/06\\\/Depositphotos_417274662_xl-2015-scaled.jpg\",\"contentUrl\":\"https:\\\/\\\/thelitigator.com\\\/wp-content\\\/uploads\\\/2021\\\/06\\\/Depositphotos_417274662_xl-2015-scaled.jpg\",\"width\":2560,\"height\":1707,\"caption\":\"Greenville, NC \\\/ USA - September 24, 2020: Believe in Greenville NC mural in the Greenville Arts District\"},{\"@type\":\"BreadcrumbList\",\"@id\":\"https:\\\/\\\/thelitigator.com\\\/es\\\/greenville-nc\\\/#breadcrumb\",\"itemListElement\":[{\"@type\":\"ListItem\",\"position\":1,\"name\":\"Home\",\"item\":\"https:\\\/\\\/thelitigator.com\\\/es\\\/\"},{\"@type\":\"ListItem\",\"position\":2,\"name\":\"Abogados de lesiones personales de Greenville\"}]},{\"@type\":\"WebSite\",\"@id\":\"https:\\\/\\\/thelitigator.com\\\/es\\\/#website\",\"url\":\"https:\\\/\\\/thelitigator.com\\\/es\\\/\",\"name\":\"Taylor | Serbin Injury Lawyers\",\"description\":\"Taylor | Serbin Injury Lawyers Serving North and South Carolina Areas\",\"publisher\":{\"@id\":\"https:\\\/\\\/thelitigator.com\\\/es\\\/#organization\"},\"potentialAction\":[{\"@type\":\"SearchAction\",\"target\":{\"@type\":\"EntryPoint\",\"urlTemplate\":\"https:\\\/\\\/thelitigator.com\\\/es\\\/?s={search_term_string}\"},\"query-input\":{\"@type\":\"PropertyValueSpecification\",\"valueRequired\":true,\"valueName\":\"search_term_string\"}}],\"inLanguage\":\"es-US\"},{\"@type\":\"Organization\",\"@id\":\"https:\\\/\\\/thelitigator.com\\\/es\\\/#organization\",\"name\":\"Taylor | Serbin Injury Lawyers\",\"url\":\"https:\\\/\\\/thelitigator.com\\\/es\\\/\",\"logo\":{\"@type\":\"ImageObject\",\"inLanguage\":\"es-US\",\"@id\":\"https:\\\/\\\/thelitigator.com\\\/es\\\/#\\\/schema\\\/logo\\\/image\\\/\",\"url\":\"https:\\\/\\\/thelitigator.com\\\/wp-content\\\/uploads\\\/2025\\\/12\\\/TSL-brand-final-01.svg\",\"contentUrl\":\"https:\\\/\\\/thelitigator.com\\\/wp-content\\\/uploads\\\/2025\\\/12\\\/TSL-brand-final-01.svg\",\"width\":288,\"height\":198,\"caption\":\"Taylor | Serbin Injury Lawyers\"},\"image\":{\"@id\":\"https:\\\/\\\/thelitigator.com\\\/es\\\/#\\\/schema\\\/logo\\\/image\\\/\"},\"sameAs\":[\"https:\\\/\\\/www.facebook.com\\\/TheLawOfficesOfJasonETaylor\\\/\",\"https:\\\/\\\/x.com\\\/lawyerjet\"]}]}<\/script>\n<!-- \/ Yoast SEO plugin. -->","yoast_head_json":{"title":"Abogados De Lesiones Personales De Greenville | Abogados De Lesiones Personales En Greenville, NC","description":"P\u00f3ngase en contacto con nuestros abogados de lesiones personales de Greenville, Carolina del Norte de Taylor | Serbin Injury Lawyers P.C. Si usted o un ser querido han resultado heridos por la negligencia de otra persona.","robots":{"index":"index","follow":"follow","max-snippet":"max-snippet:-1","max-image-preview":"max-image-preview:large","max-video-preview":"max-video-preview:-1"},"canonical":"https:\/\/thelitigator.com\/es\/greenville-nc\/","og_locale":"es_ES","og_type":"article","og_title":"Abogados De Lesiones Personales De Greenville | Abogados De Lesiones Personales En Greenville, NC","og_description":"P\u00f3ngase en contacto con nuestros abogados de lesiones personales de Greenville, Carolina del Norte de Taylor | Serbin Injury Lawyers P.C. Si usted o un ser querido han resultado heridos por la negligencia de otra persona.","og_url":"https:\/\/thelitigator.com\/es\/greenville-nc\/","og_site_name":"Taylor | Serbin Injury Lawyers","article_publisher":"https:\/\/www.facebook.com\/TheLawOfficesOfJasonETaylor\/","article_modified_time":"2024-04-03T16:14:40+00:00","og_image":[{"width":2560,"height":1707,"url":"https:\/\/thelitigator.com\/wp-content\/uploads\/2021\/06\/Depositphotos_417274662_xl-2015-scaled.jpg","type":"image\/jpeg"}],"twitter_card":"summary_large_image","twitter_site":"@lawyerjet","twitter_misc":{"Est. reading time":"8 minutes"},"schema":{"@context":"https:\/\/schema.org","@graph":[{"@type":"WebPage","@id":"https:\/\/thelitigator.com\/es\/greenville-nc\/","url":"https:\/\/thelitigator.com\/es\/greenville-nc\/","name":"Abogados De Lesiones Personales De Greenville | Abogados De Lesiones Personales En Greenville, NC","isPartOf":{"@id":"https:\/\/thelitigator.com\/es\/#website"},"primaryImageOfPage":{"@id":"https:\/\/thelitigator.com\/es\/greenville-nc\/#primaryimage"},"image":{"@id":"https:\/\/thelitigator.com\/es\/greenville-nc\/#primaryimage"},"thumbnailUrl":"https:\/\/thelitigator.com\/wp-content\/uploads\/2021\/06\/Depositphotos_417274662_xl-2015-scaled.jpg","datePublished":"2021-06-13T20:20:38+00:00","dateModified":"2024-04-03T16:14:40+00:00","description":"P\u00f3ngase en contacto con nuestros abogados de lesiones personales de Greenville, Carolina del Norte de Taylor | Serbin Injury Lawyers P.C. Si usted o un ser querido han resultado heridos por la negligencia de otra persona.","breadcrumb":{"@id":"https:\/\/thelitigator.com\/es\/greenville-nc\/#breadcrumb"},"inLanguage":"es-US","potentialAction":[{"@type":"ReadAction","target":["https:\/\/thelitigator.com\/es\/greenville-nc\/"]}]},{"@type":"ImageObject","inLanguage":"es-US","@id":"https:\/\/thelitigator.com\/es\/greenville-nc\/#primaryimage","url":"https:\/\/thelitigator.com\/wp-content\/uploads\/2021\/06\/Depositphotos_417274662_xl-2015-scaled.jpg","contentUrl":"https:\/\/thelitigator.com\/wp-content\/uploads\/2021\/06\/Depositphotos_417274662_xl-2015-scaled.jpg","width":2560,"height":1707,"caption":"Greenville, NC \/ USA - September 24, 2020: Believe in Greenville NC mural in the Greenville Arts District"},{"@type":"BreadcrumbList","@id":"https:\/\/thelitigator.com\/es\/greenville-nc\/#breadcrumb","itemListElement":[{"@type":"ListItem","position":1,"name":"Home","item":"https:\/\/thelitigator.com\/es\/"},{"@type":"ListItem","position":2,"name":"Abogados de lesiones personales de Greenville"}]},{"@type":"WebSite","@id":"https:\/\/thelitigator.com\/es\/#website","url":"https:\/\/thelitigator.com\/es\/","name":"Taylor | Serbin Injury Lawyers","description":"Taylor | Serbin Injury Lawyers Serving North and South Carolina Areas","publisher":{"@id":"https:\/\/thelitigator.com\/es\/#organization"},"potentialAction":[{"@type":"SearchAction","target":{"@type":"EntryPoint","urlTemplate":"https:\/\/thelitigator.com\/es\/?s={search_term_string}"},"query-input":{"@type":"PropertyValueSpecification","valueRequired":true,"valueName":"search_term_string"}}],"inLanguage":"es-US"},{"@type":"Organization","@id":"https:\/\/thelitigator.com\/es\/#organization","name":"Taylor | Serbin Injury Lawyers","url":"https:\/\/thelitigator.com\/es\/","logo":{"@type":"ImageObject","inLanguage":"es-US","@id":"https:\/\/thelitigator.com\/es\/#\/schema\/logo\/image\/","url":"https:\/\/thelitigator.com\/wp-content\/uploads\/2025\/12\/TSL-brand-final-01.svg","contentUrl":"https:\/\/thelitigator.com\/wp-content\/uploads\/2025\/12\/TSL-brand-final-01.svg","width":288,"height":198,"caption":"Taylor | Serbin Injury Lawyers"},"image":{"@id":"https:\/\/thelitigator.com\/es\/#\/schema\/logo\/image\/"},"sameAs":["https:\/\/www.facebook.com\/TheLawOfficesOfJasonETaylor\/","https:\/\/x.com\/lawyerjet"]}]}},"_links":{"self":[{"href":"https:\/\/thelitigator.com\/es\/wp-json\/wp\/v2\/pages\/10208","targetHints":{"allow":["GET"]}}],"collection":[{"href":"https:\/\/thelitigator.com\/es\/wp-json\/wp\/v2\/pages"}],"about":[{"href":"https:\/\/thelitigator.com\/es\/wp-json\/wp\/v2\/types\/page"}],"author":[{"embeddable":true,"href":"https:\/\/thelitigator.com\/es\/wp-json\/wp\/v2\/users\/8"}],"replies":[{"embeddable":true,"href":"https:\/\/thelitigator.com\/es\/wp-json\/wp\/v2\/comments?post=10208"}],"version-history":[{"count":0,"href":"https:\/\/thelitigator.com\/es\/wp-json\/wp\/v2\/pages\/10208\/revisions"}],"wp:featuredmedia":[{"embeddable":true,"href":"https:\/\/thelitigator.com\/es\/wp-json\/wp\/v2\/media\/8600"}],"wp:attachment":[{"href":"https:\/\/thelitigator.com\/es\/wp-json\/wp\/v2\/media?parent=10208"}],"wp:term":[{"taxonomy":"category","embeddable":true,"href":"https:\/\/thelitigator.com\/es\/wp-json\/wp\/v2\/categories?post=10208"},{"taxonomy":"post_tag","embeddable":true,"href":"https:\/\/thelitigator.com\/es\/wp-json\/wp\/v2\/tags?post=10208"},{"taxonomy":"attorney","embeddable":true,"href":"https:\/\/thelitigator.com\/es\/wp-json\/wp\/v2\/attorney?post=10208"}],"curies":[{"name":"wp","href":"https:\/\/api.w.org\/{rel}","templated":true}]}}