{"id":10205,"date":"2021-06-11T01:47:15","date_gmt":"2021-06-11T05:47:15","guid":{"rendered":"https:\/\/thelitigator.com\/columbia-sc\/"},"modified":"2023-10-12T20:56:35","modified_gmt":"2023-10-13T00:56:35","slug":"columbia-sc","status":"publish","type":"page","link":"https:\/\/thelitigator.com\/es\/columbia-sc\/","title":{"rendered":"Abogados de Lesiones Personales de Columbia"},"content":{"rendered":"\n<h2 class=\"wp-block-heading\">\u00bfQu\u00e9 tipos de casos manejan sus abogados de lesiones personales en Columbia, Carolina del Sur?<\/h2>\n\n\n\n<p>Nuestros abogados de lesiones personales en Columbia, Carolina del Sur, representan a clientes en una amplia gama de asuntos de lesiones personales. Aqu\u00ed hay un vistazo a algunos de los tipos de casos m\u00e1s comunes que manejamos en Columbia:<\/p>\n\n\n\n<h3 class=\"wp-block-heading\"><strong>Accidentes Automovil\u00edsticos<\/strong><\/h3>\n\n\n\n<p>Como ciudad capital de Carolina del Sur, no sorprende que haya mucho tr\u00e1fico dentro y fuera de Columbia. Con m\u00e1s y m\u00e1s autom\u00f3viles en la carretera, el riesgo de accidentes tambi\u00e9n aumenta. Nuestro equipo de abogados experimentados est\u00e1 aqu\u00ed para ayudarlo a superar el desafiante proceso de reclamos y luchar por la compensaci\u00f3n m\u00e1xima que se le debe.<\/p>\n\n\n\n<h3 class=\"wp-block-heading\"><strong>Accidentes de motocicleta<\/strong><\/h3>\n\n\n\n<p>Las v\u00edctimas de accidentes de motocicleta suelen tener lesiones mucho m\u00e1s graves en comparaci\u00f3n con los ocupantes de veh\u00edculos de pasajeros. Los motociclistas tienen menos equipo de seguridad y sus cuerpos muchas veces impactan directamente al otro veh\u00edculo. Pueden quedar con lesiones permanentes y requerir atenci\u00f3n m\u00e9dica continua costosa.<\/p>\n\n\n\n<h3 class=\"wp-block-heading\">Accidentes de Camiones<\/h3>\n\n\n\n<p>Los accidentes que involucran camiones comerciales grandes pueden ser mortales y, muchas veces, involucran varios veh\u00edculos. Proseguir un reclamo en un accidente de cami\u00f3n suele ser complejo, ya que est\u00e1 persiguiendo a varios acusados. Los conductores de camiones y sus empleadores tambi\u00e9n est\u00e1n sujetos a leyes federales estrictas, por lo que necesita un abogado que comprenda c\u00f3mo funcionan estos reclamos.<\/p>\n\n\n\n<h3 class=\"wp-block-heading\">Muerte injusta<\/h3>\n\n\n\n<p>Si un miembro de la familia fallece a causa de las lesiones sufridas en un accidente de lesiones personales en Columbia, usted podr\u00eda tener el derecho legal de presentar una demanda por muerte injusta. Si bien la compensaci\u00f3n financiera no traer\u00e1 de regreso a su ser querido, puede ayudar con gastos inesperados, costos funerarios, etc.<\/p>\n\n\n\n<h3 class=\"wp-block-heading\">Compensaci\u00f3n de trabajadores<\/h3>\n\n\n\n<p>Si se lesion\u00f3 en su trabajo, nuestro equipo legal puede ayudarlo con su reclamo de compensaci\u00f3n para trabajadores de Columbia.<\/p>\n\n\n\n<h3 class=\"wp-block-heading\">Negligencia m\u00e9dica<\/h3>\n\n\n\n<p>En nuestra oficina de Columbia, contamos con los abogados y el personal de apoyo legal para evaluar adecuadamente su reclamo por negligencia m\u00e9dica.<\/p>\n\n\n\n<h3 class=\"wp-block-heading\">Otros tipos de casos que manejamos<\/h3>\n\n\n\n<p>Adem\u00e1s de los tipos de casos mencionados anteriormente, tambi\u00e9n manejamos de forma rutinaria:<\/p>\n\n\n\n<ul class=\"wp-block-list\">\n<li>Mordidas de perro<\/li>\n\n\n\n<li>Accidentes en Piscinas<\/li>\n\n\n\n<li>Accidentes por resbalones y ca\u00eddas<\/li>\n\n\n\n<li>Responsabilidad de los locales<\/li>\n\n\n\n<li>Accidentes de viajes compartidos<\/li>\n\n\n\n<li>Lesiones cerebrales traum\u00e1ticas (TBI)<\/li>\n\n\n\n<li>Accidentes de navegaci\u00f3n<\/li>\n\n\n\n<li>Accidentes de Construcci\u00f3n<\/li>\n\n\n\n<li><strong>Ley de Empleo<\/strong><\/li>\n\n\n\n<li>Productos defectuosos<\/li>\n<\/ul>\n\n\n\n<h2 class=\"wp-block-heading\">\u00bfPor qu\u00e9 debo contratar a un abogado de lesiones personales?<\/h2>\n\n\n\n<p>No hay ninguna ley que le exija contratar a un abogado de lesiones personales de Columbia, pero sin duda es lo mejor para usted. En Las Oficinas Legales de Jason E. Taylor, PC, nuestra principal prioridad es proteger sus derechos. Manejaremos todas las comunicaciones con la compa\u00f1\u00eda de seguros y los abogados defensores de la otra parte. La otra parte est\u00e1 buscando cualquier cosa que pueda usar en su contra para culparlo, evitando que tenga que pagar su reclamo.<\/p>\n\n\n\n<h2 class=\"wp-block-heading\">\u00bfQu\u00e9 tipos de da\u00f1os puedo recuperar?<\/h2>\n\n\n\n<p>El tipo de da\u00f1os disponibles en su caso depende del tipo de demanda por lesiones personales que presente y cu\u00e1les sean sus lesiones. Hay dos tipos principales de da\u00f1os disponibles en los reclamos por lesiones personales: compensatorios y punitivos.<\/p>\n\n\n\n<p>Los da\u00f1os compensatorios consisten en da\u00f1os econ\u00f3micos o no econ\u00f3micos.<\/p>\n\n\n\n<p>Los da\u00f1os econ\u00f3micos consisten en elementos tales como:<\/p>\n\n\n\n<ul class=\"wp-block-list\">\n<li>Gastos m\u00e9dicos al d\u00eda.<\/li>\n\n\n\n<li>Gastos m\u00e9dicos futuros.<\/li>\n\n\n\n<li>Perdida de ganancias.<\/li>\n\n\n\n<li>P\u00e9rdida futura de la capacidad de generar ingresos.<\/li>\n\n\n\n<li>Da\u00f1os a la propiedad.<\/li>\n\n\n\n<li>Rehabilitaci\u00f3n y cuidados futuros.<\/li>\n<\/ul>\n\n\n\n<p>Los da\u00f1os no econ\u00f3micos tienen un valor m\u00e1s subjetivo en comparaci\u00f3n con los da\u00f1os econ\u00f3micos, e incluyen cosas como:<\/p>\n\n\n\n<ul class=\"wp-block-list\">\n<li>Dolor y sufrimiento f\u00edsico.<\/li>\n\n\n\n<li>Angustia mental.<\/li>\n\n\n\n<li>P\u00e9rdida de consorcio.<\/li>\n\n\n\n<li>P\u00e9rdida del disfrute de las actividades.<\/li>\n<\/ul>\n\n\n\n<p>En escenarios limitados, es posible que tenga derecho a recibir da\u00f1os punitivos. Estos est\u00e1n reservados para casos en los que las acciones del acusado fueron intencionales o por negligencia grave. La idea detr\u00e1s de los da\u00f1os punitivos es \u201ccastigar\u201d al demandado, sirviendo como elemento disuasorio contra un comportamiento futuro similar. Los ejemplos de casos en los que se pueden otorgar da\u00f1os punitivos incluyen:<\/p>\n\n\n\n<ul class=\"wp-block-list\">\n<li>Accidentes de furia en la carretera<\/li>\n\n\n\n<li>Accidentes por conducir ebrio<\/li>\n\n\n\n<li>Negligencia m\u00e9dica<\/li>\n\n\n\n<li>Casos de productos defectuosos<\/li>\n<\/ul>\n\n\n\n<p>Carolina del Sur es un estado de negligencia comparativa modificada. Eso significa que a\u00fan podr\u00eda cobrar una compensaci\u00f3n financiera por sus lesiones, pero su porcentaje de culpa reducir\u00e1 la cantidad que recibe. Es por eso que necesita un fuerte argumento de responsabilidad para recuperar la m\u00e1xima compensaci\u00f3n posible. Cuando tenga un abogado de lesiones personales que lo represente, prepararemos el caso m\u00e1s s\u00f3lido posible para garantizar que reciba la compensaci\u00f3n a la que tiene derecho despu\u00e9s de haber sido lesionado por una parte negligente.<\/p>\n\n\n\n<h2 class=\"wp-block-heading\">\u00bfCu\u00e1nto vale mi caso en Columbia, S.C.?<\/h2>\n\n\n\n<p>No hay una cantidad definitiva que su caso valga en cada situaci\u00f3n. No hay dos accidentes exactamente iguales, y tampoco lo son sus valores generales. Cuando programe una consulta gratuita con nosotros, evaluaremos su caso y le daremos una opini\u00f3n honesta de cu\u00e1l creemos que es el valor de su caso. Analizaremos las fortalezas y debilidades de su caso y revisaremos todo con usted, para que comprenda c\u00f3mo alcanzamos este valor.<\/p>\n\n\n\n<p>Las compa\u00f1\u00edas de seguros siempre buscan echarle m\u00e1s culpa a usted para reducir su pago potencial. Cuanta m\u00e1s responsabilidad puedan atribuirle, menos responsabilidad tendr\u00e1n. No se deje caer v\u00edctima de las compa\u00f1\u00edas de seguros y sus pr\u00e1cticas agresivas. Cuando contrate a un abogado de lesiones personales, protegeremos sus derechos y evitaremos que la compa\u00f1\u00eda de seguros lo culpe injustamente.<\/p>\n\n\n\n<h2 class=\"wp-block-heading\">\u00bfCu\u00e1nto tiempo tengo para presentar un reclamo por lesiones personales en Columbia, S.C.?<\/h2>\n\n\n\n<p>Solo tiene una cantidad limitada de tiempo para presentar una demanda por lesiones personales en Columbia. En general, tiene tres a\u00f1os a partir de la fecha del accidente. Si no presenta una demanda dentro del plazo, el tribunal podr\u00eda desestimar su caso y no recuperar\u00e1 ninguna compensaci\u00f3n por sus lesiones. Cuando contrata a un abogado desde el principio de su caso, puede relajarse sabiendo que presentaremos la demanda de manera oportuna y conservaremos el estatuto de limitaciones.<\/p>\n\n\n\n<h2 class=\"wp-block-heading\">\u00bfCu\u00e1les son los pasos principales en un reclamo por lesiones personales en Columbia?<\/h2>\n\n\n\n<p>Una vez que contrate a un abogado, intentaremos negociar un acuerdo con la compa\u00f1\u00eda de seguros del demandado. Si las negociaciones fracasan, el proceso habitual es:<\/p>\n\n\n\n<ol class=\"wp-block-list\">\n<li>Presentar una demanda y notificar una citaci\u00f3n y una denuncia al demandado.<\/li>\n\n\n\n<li>El acusado contratar\u00e1 a un abogado y presentar\u00e1 una respuesta en su nombre.<\/li>\n\n\n\n<li>Comienza el descubrimiento, que es donde comenzamos a recopilar pruebas, solicitar documentos y hacer preguntas a la otra parte. Las negociaciones seguir\u00e1n en curso en la mayor\u00eda de los casos.<\/li>\n\n\n\n<li>Participar en t\u00e9cnicas de resoluci\u00f3n alternativa de disputas (ADR), como la mediaci\u00f3n o el arbitraje, para tratar de resolver el caso.<\/li>\n<\/ol>\n\n\n\n<p>Si su caso a\u00fan no se ha resuelto, continuaremos prepar\u00e1ndolo para el juicio.<\/p>\n\n\n\n<h2 class=\"wp-block-heading\">\u00bfCu\u00e1les son los honorarios est\u00e1ndar de su empresa en un caso de lesiones personales?<\/h2>\n\n\n\n<p>En Las Oficinas Legales de Jason E. Taylor, PC, trabajamos de manera contingente. Lo que eso significa es que no le cobramos por hora ni le pedimos grandes pagos por adelantado. En cambio, solo nos pagan si recuperamos con \u00e9xito la compensaci\u00f3n en su caso. Los abogados de lesiones personales luego toman un porcentaje de cualquier acuerdo o adjudicaci\u00f3n judicial para cubrir los honorarios y costos.<\/p>\n\n\n\n<h2 class=\"wp-block-heading\">P\u00f3ngase en contacto con nuestros abogados de lesiones personales en Columbia, S.C.<\/h2>\n\n\n\n<p>Si necesita ayuda para presentar un reclamo por da\u00f1os y perjuicios en un accidente de lesiones personales en Columbia, Carolina del Sur, deje que el equipo calificado de Las Oficinas Legales de&nbsp; Jason E. Taylor, PC, lo ayude. P\u00f3ngase en contacto con nuestra oficina hoy para programar una consulta inicial gratuita y sin compromiso.<\/p>\n","protected":false},"excerpt":{"rendered":"<p>En Las Oficinas Legales de Jason E. Taylor, nuestro equipo experimentado est\u00e1 aqu\u00ed para ayudarlo con todas sus necesidades legales de lesiones personales. Si est\u00e1 buscando un abogado de lesiones personales en Columbia, Carolina del Sur, comun\u00edquese con nuestra oficina para saber c\u00f3mo podemos ayudarlo. Nuestros abogados tienen m\u00e1s de un siglo de experiencia combinada ayudando a las v\u00edctimas con sus casos de lesiones personales. Hemos visto todos los tipos de reclamos por lesiones personales imaginables, y podemos luchar por la compensaci\u00f3n que se merece. La negligencia generalmente juega un papel central en la mayor\u00eda de los casos de lesiones personales, y nos aseguraremos de que todas las partes responsables rindan cuentas.<\/p>\n","protected":false},"author":8,"featured_media":8599,"parent":0,"menu_order":0,"comment_status":"closed","ping_status":"closed","template":"","meta":{"_acf_changed":false,"footnotes":""},"categories":[1487,1488],"tags":[],"attorney":[],"class_list":["post-10205","page","type-page","status-publish","has-post-thumbnail","hentry","category-columbia-es","category-general-locations-es"],"acf":[],"yoast_head":"<!-- This site is optimized with the Yoast SEO plugin v27.5 - https:\/\/yoast.com\/product\/yoast-seo-wordpress\/ -->\n<title>Abogados De Lesiones Personales De Columbia | Abogados En Columbia, SC<\/title>\n<meta name=\"description\" content=\"P\u00f3ngase en contacto con nuestros abogados de lesiones personales de Columbia, SC de Taylor | Serbin Injury Lawyers P.C. Si ha resultado herido debido a la negligencia de otra persona.\" \/>\n<meta name=\"robots\" content=\"index, follow, max-snippet:-1, max-image-preview:large, max-video-preview:-1\" \/>\n<link rel=\"canonical\" href=\"https:\/\/thelitigator.com\/es\/columbia-sc\/\" \/>\n<meta property=\"og:locale\" content=\"es_ES\" \/>\n<meta property=\"og:type\" content=\"article\" \/>\n<meta property=\"og:title\" content=\"Abogados De Lesiones Personales De Columbia | Abogados En Columbia, SC\" \/>\n<meta property=\"og:description\" content=\"P\u00f3ngase en contacto con nuestros abogados de lesiones personales de Columbia, SC de Taylor | Serbin Injury Lawyers P.C. Si ha resultado herido debido a la negligencia de otra persona.\" \/>\n<meta property=\"og:url\" content=\"https:\/\/thelitigator.com\/es\/columbia-sc\/\" \/>\n<meta property=\"og:site_name\" content=\"Taylor | Serbin Injury Lawyers\" \/>\n<meta property=\"article:publisher\" content=\"https:\/\/www.facebook.com\/TheLawOfficesOfJasonETaylor\/\" \/>\n<meta property=\"article:modified_time\" content=\"2023-10-13T00:56:35+00:00\" \/>\n<meta property=\"og:image\" content=\"https:\/\/thelitigator.com\/wp-content\/uploads\/2021\/06\/Depositphotos_11636023_xl-2015-scaled.jpg\" \/>\n\t<meta property=\"og:image:width\" content=\"2560\" \/>\n\t<meta property=\"og:image:height\" content=\"1696\" \/>\n\t<meta property=\"og:image:type\" content=\"image\/jpeg\" \/>\n<meta name=\"twitter:card\" content=\"summary_large_image\" \/>\n<meta name=\"twitter:site\" content=\"@lawyerjet\" \/>\n<meta name=\"twitter:label1\" content=\"Est. reading time\" \/>\n\t<meta name=\"twitter:data1\" content=\"6 minutes\" \/>\n<script type=\"application\/ld+json\" class=\"yoast-schema-graph\">{\"@context\":\"https:\\\/\\\/schema.org\",\"@graph\":[{\"@type\":\"WebPage\",\"@id\":\"https:\\\/\\\/thelitigator.com\\\/es\\\/columbia-sc\\\/\",\"url\":\"https:\\\/\\\/thelitigator.com\\\/es\\\/columbia-sc\\\/\",\"name\":\"Abogados De Lesiones Personales De Columbia | Abogados En Columbia, SC\",\"isPartOf\":{\"@id\":\"https:\\\/\\\/thelitigator.com\\\/es\\\/#website\"},\"primaryImageOfPage\":{\"@id\":\"https:\\\/\\\/thelitigator.com\\\/es\\\/columbia-sc\\\/#primaryimage\"},\"image\":{\"@id\":\"https:\\\/\\\/thelitigator.com\\\/es\\\/columbia-sc\\\/#primaryimage\"},\"thumbnailUrl\":\"https:\\\/\\\/thelitigator.com\\\/wp-content\\\/uploads\\\/2021\\\/06\\\/Depositphotos_11636023_xl-2015-scaled.jpg\",\"datePublished\":\"2021-06-11T05:47:15+00:00\",\"dateModified\":\"2023-10-13T00:56:35+00:00\",\"description\":\"P\u00f3ngase en contacto con nuestros abogados de lesiones personales de Columbia, SC de Taylor | Serbin Injury Lawyers P.C. Si ha resultado herido debido a la negligencia de otra persona.\",\"breadcrumb\":{\"@id\":\"https:\\\/\\\/thelitigator.com\\\/es\\\/columbia-sc\\\/#breadcrumb\"},\"inLanguage\":\"es-US\",\"potentialAction\":[{\"@type\":\"ReadAction\",\"target\":[\"https:\\\/\\\/thelitigator.com\\\/es\\\/columbia-sc\\\/\"]}]},{\"@type\":\"ImageObject\",\"inLanguage\":\"es-US\",\"@id\":\"https:\\\/\\\/thelitigator.com\\\/es\\\/columbia-sc\\\/#primaryimage\",\"url\":\"https:\\\/\\\/thelitigator.com\\\/wp-content\\\/uploads\\\/2021\\\/06\\\/Depositphotos_11636023_xl-2015-scaled.jpg\",\"contentUrl\":\"https:\\\/\\\/thelitigator.com\\\/wp-content\\\/uploads\\\/2021\\\/06\\\/Depositphotos_11636023_xl-2015-scaled.jpg\",\"width\":2560,\"height\":1696,\"caption\":\"Horizonte del centro de Columbia, Carolina del Sur desde arriba de Jarvis Kaplan Blvd.\"},{\"@type\":\"BreadcrumbList\",\"@id\":\"https:\\\/\\\/thelitigator.com\\\/es\\\/columbia-sc\\\/#breadcrumb\",\"itemListElement\":[{\"@type\":\"ListItem\",\"position\":1,\"name\":\"Home\",\"item\":\"https:\\\/\\\/thelitigator.com\\\/es\\\/\"},{\"@type\":\"ListItem\",\"position\":2,\"name\":\"Abogados de Lesiones Personales de Columbia\"}]},{\"@type\":\"WebSite\",\"@id\":\"https:\\\/\\\/thelitigator.com\\\/es\\\/#website\",\"url\":\"https:\\\/\\\/thelitigator.com\\\/es\\\/\",\"name\":\"Taylor | Serbin Injury Lawyers\",\"description\":\"Taylor | Serbin Injury Lawyers Serving North and South Carolina Areas\",\"publisher\":{\"@id\":\"https:\\\/\\\/thelitigator.com\\\/es\\\/#organization\"},\"potentialAction\":[{\"@type\":\"SearchAction\",\"target\":{\"@type\":\"EntryPoint\",\"urlTemplate\":\"https:\\\/\\\/thelitigator.com\\\/es\\\/?s={search_term_string}\"},\"query-input\":{\"@type\":\"PropertyValueSpecification\",\"valueRequired\":true,\"valueName\":\"search_term_string\"}}],\"inLanguage\":\"es-US\"},{\"@type\":\"Organization\",\"@id\":\"https:\\\/\\\/thelitigator.com\\\/es\\\/#organization\",\"name\":\"Taylor | Serbin Injury Lawyers\",\"url\":\"https:\\\/\\\/thelitigator.com\\\/es\\\/\",\"logo\":{\"@type\":\"ImageObject\",\"inLanguage\":\"es-US\",\"@id\":\"https:\\\/\\\/thelitigator.com\\\/es\\\/#\\\/schema\\\/logo\\\/image\\\/\",\"url\":\"https:\\\/\\\/thelitigator.com\\\/wp-content\\\/uploads\\\/2025\\\/12\\\/TSL-brand-final-01.svg\",\"contentUrl\":\"https:\\\/\\\/thelitigator.com\\\/wp-content\\\/uploads\\\/2025\\\/12\\\/TSL-brand-final-01.svg\",\"width\":288,\"height\":198,\"caption\":\"Taylor | Serbin Injury Lawyers\"},\"image\":{\"@id\":\"https:\\\/\\\/thelitigator.com\\\/es\\\/#\\\/schema\\\/logo\\\/image\\\/\"},\"sameAs\":[\"https:\\\/\\\/www.facebook.com\\\/TheLawOfficesOfJasonETaylor\\\/\",\"https:\\\/\\\/x.com\\\/lawyerjet\"]}]}<\/script>\n<!-- \/ Yoast SEO plugin. -->","yoast_head_json":{"title":"Abogados De Lesiones Personales De Columbia | Abogados En Columbia, SC","description":"P\u00f3ngase en contacto con nuestros abogados de lesiones personales de Columbia, SC de Taylor | Serbin Injury Lawyers P.C. Si ha resultado herido debido a la negligencia de otra persona.","robots":{"index":"index","follow":"follow","max-snippet":"max-snippet:-1","max-image-preview":"max-image-preview:large","max-video-preview":"max-video-preview:-1"},"canonical":"https:\/\/thelitigator.com\/es\/columbia-sc\/","og_locale":"es_ES","og_type":"article","og_title":"Abogados De Lesiones Personales De Columbia | Abogados En Columbia, SC","og_description":"P\u00f3ngase en contacto con nuestros abogados de lesiones personales de Columbia, SC de Taylor | Serbin Injury Lawyers P.C. Si ha resultado herido debido a la negligencia de otra persona.","og_url":"https:\/\/thelitigator.com\/es\/columbia-sc\/","og_site_name":"Taylor | Serbin Injury Lawyers","article_publisher":"https:\/\/www.facebook.com\/TheLawOfficesOfJasonETaylor\/","article_modified_time":"2023-10-13T00:56:35+00:00","og_image":[{"width":2560,"height":1696,"url":"https:\/\/thelitigator.com\/wp-content\/uploads\/2021\/06\/Depositphotos_11636023_xl-2015-scaled.jpg","type":"image\/jpeg"}],"twitter_card":"summary_large_image","twitter_site":"@lawyerjet","twitter_misc":{"Est. reading time":"6 minutes"},"schema":{"@context":"https:\/\/schema.org","@graph":[{"@type":"WebPage","@id":"https:\/\/thelitigator.com\/es\/columbia-sc\/","url":"https:\/\/thelitigator.com\/es\/columbia-sc\/","name":"Abogados De Lesiones Personales De Columbia | Abogados En Columbia, SC","isPartOf":{"@id":"https:\/\/thelitigator.com\/es\/#website"},"primaryImageOfPage":{"@id":"https:\/\/thelitigator.com\/es\/columbia-sc\/#primaryimage"},"image":{"@id":"https:\/\/thelitigator.com\/es\/columbia-sc\/#primaryimage"},"thumbnailUrl":"https:\/\/thelitigator.com\/wp-content\/uploads\/2021\/06\/Depositphotos_11636023_xl-2015-scaled.jpg","datePublished":"2021-06-11T05:47:15+00:00","dateModified":"2023-10-13T00:56:35+00:00","description":"P\u00f3ngase en contacto con nuestros abogados de lesiones personales de Columbia, SC de Taylor | Serbin Injury Lawyers P.C. Si ha resultado herido debido a la negligencia de otra persona.","breadcrumb":{"@id":"https:\/\/thelitigator.com\/es\/columbia-sc\/#breadcrumb"},"inLanguage":"es-US","potentialAction":[{"@type":"ReadAction","target":["https:\/\/thelitigator.com\/es\/columbia-sc\/"]}]},{"@type":"ImageObject","inLanguage":"es-US","@id":"https:\/\/thelitigator.com\/es\/columbia-sc\/#primaryimage","url":"https:\/\/thelitigator.com\/wp-content\/uploads\/2021\/06\/Depositphotos_11636023_xl-2015-scaled.jpg","contentUrl":"https:\/\/thelitigator.com\/wp-content\/uploads\/2021\/06\/Depositphotos_11636023_xl-2015-scaled.jpg","width":2560,"height":1696,"caption":"Horizonte del centro de Columbia, Carolina del Sur desde arriba de Jarvis Kaplan Blvd."},{"@type":"BreadcrumbList","@id":"https:\/\/thelitigator.com\/es\/columbia-sc\/#breadcrumb","itemListElement":[{"@type":"ListItem","position":1,"name":"Home","item":"https:\/\/thelitigator.com\/es\/"},{"@type":"ListItem","position":2,"name":"Abogados de Lesiones Personales de Columbia"}]},{"@type":"WebSite","@id":"https:\/\/thelitigator.com\/es\/#website","url":"https:\/\/thelitigator.com\/es\/","name":"Taylor | Serbin Injury Lawyers","description":"Taylor | Serbin Injury Lawyers Serving North and South Carolina Areas","publisher":{"@id":"https:\/\/thelitigator.com\/es\/#organization"},"potentialAction":[{"@type":"SearchAction","target":{"@type":"EntryPoint","urlTemplate":"https:\/\/thelitigator.com\/es\/?s={search_term_string}"},"query-input":{"@type":"PropertyValueSpecification","valueRequired":true,"valueName":"search_term_string"}}],"inLanguage":"es-US"},{"@type":"Organization","@id":"https:\/\/thelitigator.com\/es\/#organization","name":"Taylor | Serbin Injury Lawyers","url":"https:\/\/thelitigator.com\/es\/","logo":{"@type":"ImageObject","inLanguage":"es-US","@id":"https:\/\/thelitigator.com\/es\/#\/schema\/logo\/image\/","url":"https:\/\/thelitigator.com\/wp-content\/uploads\/2025\/12\/TSL-brand-final-01.svg","contentUrl":"https:\/\/thelitigator.com\/wp-content\/uploads\/2025\/12\/TSL-brand-final-01.svg","width":288,"height":198,"caption":"Taylor | Serbin Injury Lawyers"},"image":{"@id":"https:\/\/thelitigator.com\/es\/#\/schema\/logo\/image\/"},"sameAs":["https:\/\/www.facebook.com\/TheLawOfficesOfJasonETaylor\/","https:\/\/x.com\/lawyerjet"]}]}},"_links":{"self":[{"href":"https:\/\/thelitigator.com\/es\/wp-json\/wp\/v2\/pages\/10205","targetHints":{"allow":["GET"]}}],"collection":[{"href":"https:\/\/thelitigator.com\/es\/wp-json\/wp\/v2\/pages"}],"about":[{"href":"https:\/\/thelitigator.com\/es\/wp-json\/wp\/v2\/types\/page"}],"author":[{"embeddable":true,"href":"https:\/\/thelitigator.com\/es\/wp-json\/wp\/v2\/users\/8"}],"replies":[{"embeddable":true,"href":"https:\/\/thelitigator.com\/es\/wp-json\/wp\/v2\/comments?post=10205"}],"version-history":[{"count":0,"href":"https:\/\/thelitigator.com\/es\/wp-json\/wp\/v2\/pages\/10205\/revisions"}],"wp:featuredmedia":[{"embeddable":true,"href":"https:\/\/thelitigator.com\/es\/wp-json\/wp\/v2\/media\/8599"}],"wp:attachment":[{"href":"https:\/\/thelitigator.com\/es\/wp-json\/wp\/v2\/media?parent=10205"}],"wp:term":[{"taxonomy":"category","embeddable":true,"href":"https:\/\/thelitigator.com\/es\/wp-json\/wp\/v2\/categories?post=10205"},{"taxonomy":"post_tag","embeddable":true,"href":"https:\/\/thelitigator.com\/es\/wp-json\/wp\/v2\/tags?post=10205"},{"taxonomy":"attorney","embeddable":true,"href":"https:\/\/thelitigator.com\/es\/wp-json\/wp\/v2\/attorney?post=10205"}],"curies":[{"name":"wp","href":"https:\/\/api.w.org\/{rel}","templated":true}]}}