{"id":10049,"date":"2021-05-13T23:58:53","date_gmt":"2021-05-14T03:58:53","guid":{"rendered":"https:\/\/thelitigator.com\/bicycle\/"},"modified":"2023-09-20T09:35:09","modified_gmt":"2023-09-20T13:35:09","slug":"accidentes-de-bicicleta","status":"publish","type":"page","link":"https:\/\/thelitigator.com\/es\/areas-de-practica\/accidentes-de-bicicleta\/","title":{"rendered":"ACCIDENTES DE BICICLETA"},"content":{"rendered":"\n<h2 class=\"wp-block-heading\"><strong>Las lesiones en bicicleta est\u00e1n aumentando<\/strong><\/h2>\n\n\n\n<p>Muchos automovilistas creen que los ciclistas que circulan por la carretera son ciudadanos de segunda clase. Sin embargo, tienen los mismos derechos y protecciones que cualquier otro veh\u00edculo en la carretera. Debido a que las bicicletas funcionan de manera diferente a los autom\u00f3viles, camiones y motocicletas, es esencial que tanto los automovilistas como los ciclistas conozcan algunas diferencias.<\/p>\n\n\n\n<p>Una bicicleta es un veh\u00edculo seg\u00fan la ley de Carolina del Norte. Las leyes que controlan los veh\u00edculos, incluidas las luces rojas, las se\u00f1ales de alto y la conducci\u00f3n bajo los efectos del alcohol, se aplican igualmente a las bicicletas. Lo que es muy diferente es que hay mucha flexibilidad sobre d\u00f3nde puedes andar en bicicleta.<\/p>\n\n\n\n<h2 class=\"wp-block-heading\"><strong>Las ordenanzas inconsistentes sobre bicicletas generan confusi\u00f3n<\/strong><\/h2>\n\n\n\n<p>A las ciudades se les permite dictar leyes y ordenanzas que controlen sus carreteras. Estas leyes pueden variar de un lugar a otro. No puede circular por autopistas de acceso totalmente controlado, como las interestatales, si circula por la carretera. Adem\u00e1s, debe circular con el flujo del tr\u00e1fico.<\/p>\n\n\n\n<p>No existe ning\u00fan estatuto en Carolina del Norte que controle si se puede andar en bicicleta en la acera. Algunas ciudades han habilitado carriles para bicicletas que dependen del ciclista si desea utilizarlos. Sin embargo, las leyes locales decidir\u00e1n si est\u00e1n obligados a utilizar ese carril.<\/p>\n\n\n\n<p>En Charlotte, por ejemplo, no se puede andar en bicicleta en la acera en algunas regiones de la ciudad, principalmente ubicadas alrededor del &#8220;centro&#8221;. A\u00fan as\u00ed, fuera de esa zona, podr\u00e1s montarlos en la acera.<\/p>\n\n\n\n<p>Sin embargo, Charleston, Carolina del Sur, no permite que las bicicletas anden por la acera en ning\u00fan momento. Mientras que Hickory, Carolina del Norte, exige que los ciclistas utilicen un carril para bicicletas si es posible. Si no hay uno, pueden viajar tanto en la carretera como en la acera. Si necesita saber si su ciudad o pueblo requiere carriles para bicicletas o permite circular por las aceras, consulte&nbsp; <a href=\"http:\/\/www.municode.com\/\">www.municode.com<\/a>&nbsp; y busque en su \u00e1rea.<\/p>\n\n\n\n<p>A menudo existe una desconexi\u00f3n entre ciclistas, peatones y automovilistas. Puede resultar confuso determinar qui\u00e9n tiene el derecho de paso porque un ciclista puede ser tanto peat\u00f3n como automovilista en momentos diferentes. Si est\u00e1 en la carretera, es un veh\u00edculo y debe seguir las leyes aplicables. Sin embargo, un veh\u00edculo que sale de un callej\u00f3n, entrada de un edificio, camino privado o camino de entrada deber\u00e1 ceder el paso a cualquier peat\u00f3n o persona en bicicleta que se acerque por cualquier acera o camino.<\/p>\n\n\n\n<p><strong>Un ciclista debe ser consciente del rol que ocupa y asegurarse de seguir esas reglas.<\/strong><\/p>\n\n\n\n<p>Las lesiones por una colisi\u00f3n de bicicletas pueden variar mucho. A diferencia de un coche, no hay nada entre el cuerpo del ciclista y la carretera. Esto puede provocar erupciones en la carretera, traumatismos por objetos contundentes, fracturas de huesos e incluso la muerte. Adem\u00e1s, a diferencia de lo que ocurre en un autom\u00f3vil, estas lesiones pueden resultar de colisiones aparentemente menores.<\/p>\n\n\n\n<p>Las personas a menudo no est\u00e1n seguras de qui\u00e9n tiene el derecho de paso en bicicleta. Esto y el estigma que los automovilistas tienen contra los ciclistas en la carretera a menudo crean problemas a la hora de determinar la culpa. Conocer la ley es s\u00f3lo el primer paso. Los abogados de las Oficinas Legales de Jason E. Taylor conocen la ley que lo protege como ciclista y tienen la experiencia para explicar esa ley y contar su historia al jurado para defenderlo mejor.<\/p>\n\n\n\n<p>Con oficinas ubicadas en Charlotte, Concord, Hickory, Carolina del Norte y Rock Hill, Carolina del Sur, estamos aqu\u00ed para protegerlo desde las monta\u00f1as hasta la playa.<\/p>\n\n\n\n<p>Si resulta lesionado en una colisi\u00f3n mientras anda en bicicleta, no permita que la compa\u00f1\u00eda de seguros le diga que usted asumi\u00f3 el riesgo. Hable con un abogado que conozca las leyes relativas a las bicicletas y c\u00f3mo luchar para recuperar su integridad.<\/p>\n\n\n\n<h4 class=\"wp-block-heading\"><strong>P\u00f3ngase en contacto con nuestros abogados de lesiones personales<\/strong><\/h4>\n\n\n\n<p><a href=\"https:\/\/thelitigator.com\/es\/contactenos\/\">Cont\u00e1ctenos<\/a>&nbsp; hoy para hablar con uno de nuestros abogados de Charlotte, Concord, Hickory o Rock Hill.<\/p>\n","protected":false},"excerpt":{"rendered":"<p>A medida que las bicicletas se convierten en un medio de transporte cada vez m\u00e1s popular en Carolina del Norte y del Sur con una mayor vida urbana y numerosos recursos para compartir bicicletas, las lesiones al andar en bicicleta tambi\u00e9n est\u00e1n aumentando.<\/p>\n","protected":false},"author":8,"featured_media":0,"parent":10002,"menu_order":0,"comment_status":"closed","ping_status":"closed","template":"","meta":{"_acf_changed":false,"footnotes":""},"categories":[1449],"tags":[],"attorney":[],"class_list":["post-10049","page","type-page","status-publish","hentry","category-bicycle-accidents-es"],"acf":[],"yoast_head":"<!-- This site is optimized with the Yoast SEO plugin v27.4 - https:\/\/yoast.com\/product\/yoast-seo-wordpress\/ -->\n<title>Abogados de Accidentes de Bicicleta en Carolina del Norte y del Sur<\/title>\n<meta name=\"description\" content=\"Contacte a nuestros abogados de accidentes de bicicleta en Taylor | Serbin Injury Lawyers, P.C. para una consulta gratuita en Carolina del Norte y del Sur.\" \/>\n<meta name=\"robots\" content=\"index, follow, max-snippet:-1, max-image-preview:large, max-video-preview:-1\" \/>\n<link rel=\"canonical\" href=\"https:\/\/thelitigator.com\/es\/areas-de-practica\/accidentes-de-bicicleta\/\" \/>\n<meta property=\"og:locale\" content=\"es_ES\" \/>\n<meta property=\"og:type\" content=\"article\" \/>\n<meta property=\"og:title\" content=\"Abogados de Accidentes de Bicicleta en Carolina del Norte y del Sur\" \/>\n<meta property=\"og:description\" content=\"Contacte a nuestros abogados de accidentes de bicicleta en Taylor | Serbin Injury Lawyers, P.C. para una consulta gratuita en Carolina del Norte y del Sur.\" \/>\n<meta property=\"og:url\" content=\"https:\/\/thelitigator.com\/es\/areas-de-practica\/accidentes-de-bicicleta\/\" \/>\n<meta property=\"og:site_name\" content=\"Taylor | Serbin Injury Lawyers\" \/>\n<meta property=\"article:publisher\" content=\"https:\/\/www.facebook.com\/TheLawOfficesOfJasonETaylor\/\" \/>\n<meta property=\"article:modified_time\" content=\"2023-09-20T13:35:09+00:00\" \/>\n<meta name=\"twitter:card\" content=\"summary_large_image\" \/>\n<meta name=\"twitter:site\" content=\"@lawyerjet\" \/>\n<meta name=\"twitter:label1\" content=\"Est. reading time\" \/>\n\t<meta name=\"twitter:data1\" content=\"3 minutes\" \/>\n<script type=\"application\/ld+json\" class=\"yoast-schema-graph\">{\"@context\":\"https:\\\/\\\/schema.org\",\"@graph\":[{\"@type\":\"WebPage\",\"@id\":\"https:\\\/\\\/thelitigator.com\\\/es\\\/areas-de-practica\\\/accidentes-de-bicicleta\\\/\",\"url\":\"https:\\\/\\\/thelitigator.com\\\/es\\\/areas-de-practica\\\/accidentes-de-bicicleta\\\/\",\"name\":\"Abogados de Accidentes de Bicicleta en Carolina del Norte y del Sur\",\"isPartOf\":{\"@id\":\"https:\\\/\\\/thelitigator.com\\\/es\\\/#website\"},\"datePublished\":\"2021-05-14T03:58:53+00:00\",\"dateModified\":\"2023-09-20T13:35:09+00:00\",\"description\":\"Contacte a nuestros abogados de accidentes de bicicleta en Taylor | Serbin Injury Lawyers, P.C. para una consulta gratuita en Carolina del Norte y del Sur.\",\"breadcrumb\":{\"@id\":\"https:\\\/\\\/thelitigator.com\\\/es\\\/areas-de-practica\\\/accidentes-de-bicicleta\\\/#breadcrumb\"},\"inLanguage\":\"es-US\",\"potentialAction\":[{\"@type\":\"ReadAction\",\"target\":[\"https:\\\/\\\/thelitigator.com\\\/es\\\/areas-de-practica\\\/accidentes-de-bicicleta\\\/\"]}]},{\"@type\":\"BreadcrumbList\",\"@id\":\"https:\\\/\\\/thelitigator.com\\\/es\\\/areas-de-practica\\\/accidentes-de-bicicleta\\\/#breadcrumb\",\"itemListElement\":[{\"@type\":\"ListItem\",\"position\":1,\"name\":\"Home\",\"item\":\"https:\\\/\\\/thelitigator.com\\\/es\\\/\"},{\"@type\":\"ListItem\",\"position\":2,\"name\":\"\u00c1REAS DE PR\u00c1CTICA\",\"item\":\"https:\\\/\\\/thelitigator.com\\\/es\\\/practice-areas\\\/\"},{\"@type\":\"ListItem\",\"position\":3,\"name\":\"ACCIDENTES DE BICICLETA\"}]},{\"@type\":\"WebSite\",\"@id\":\"https:\\\/\\\/thelitigator.com\\\/es\\\/#website\",\"url\":\"https:\\\/\\\/thelitigator.com\\\/es\\\/\",\"name\":\"Taylor | Serbin Injury Lawyers\",\"description\":\"Taylor | Serbin Injury Lawyers Serving North and South Carolina Areas\",\"publisher\":{\"@id\":\"https:\\\/\\\/thelitigator.com\\\/es\\\/#organization\"},\"potentialAction\":[{\"@type\":\"SearchAction\",\"target\":{\"@type\":\"EntryPoint\",\"urlTemplate\":\"https:\\\/\\\/thelitigator.com\\\/es\\\/?s={search_term_string}\"},\"query-input\":{\"@type\":\"PropertyValueSpecification\",\"valueRequired\":true,\"valueName\":\"search_term_string\"}}],\"inLanguage\":\"es-US\"},{\"@type\":\"Organization\",\"@id\":\"https:\\\/\\\/thelitigator.com\\\/es\\\/#organization\",\"name\":\"Taylor | Serbin Injury Lawyers\",\"url\":\"https:\\\/\\\/thelitigator.com\\\/es\\\/\",\"logo\":{\"@type\":\"ImageObject\",\"inLanguage\":\"es-US\",\"@id\":\"https:\\\/\\\/thelitigator.com\\\/es\\\/#\\\/schema\\\/logo\\\/image\\\/\",\"url\":\"https:\\\/\\\/thelitigator.com\\\/wp-content\\\/uploads\\\/2025\\\/12\\\/TSL-brand-final-01.svg\",\"contentUrl\":\"https:\\\/\\\/thelitigator.com\\\/wp-content\\\/uploads\\\/2025\\\/12\\\/TSL-brand-final-01.svg\",\"width\":288,\"height\":198,\"caption\":\"Taylor | Serbin Injury Lawyers\"},\"image\":{\"@id\":\"https:\\\/\\\/thelitigator.com\\\/es\\\/#\\\/schema\\\/logo\\\/image\\\/\"},\"sameAs\":[\"https:\\\/\\\/www.facebook.com\\\/TheLawOfficesOfJasonETaylor\\\/\",\"https:\\\/\\\/x.com\\\/lawyerjet\"]}]}<\/script>\n<!-- \/ Yoast SEO plugin. -->","yoast_head_json":{"title":"Abogados de Accidentes de Bicicleta en Carolina del Norte y del Sur","description":"Contacte a nuestros abogados de accidentes de bicicleta en Taylor | Serbin Injury Lawyers, P.C. para una consulta gratuita en Carolina del Norte y del Sur.","robots":{"index":"index","follow":"follow","max-snippet":"max-snippet:-1","max-image-preview":"max-image-preview:large","max-video-preview":"max-video-preview:-1"},"canonical":"https:\/\/thelitigator.com\/es\/areas-de-practica\/accidentes-de-bicicleta\/","og_locale":"es_ES","og_type":"article","og_title":"Abogados de Accidentes de Bicicleta en Carolina del Norte y del Sur","og_description":"Contacte a nuestros abogados de accidentes de bicicleta en Taylor | Serbin Injury Lawyers, P.C. para una consulta gratuita en Carolina del Norte y del Sur.","og_url":"https:\/\/thelitigator.com\/es\/areas-de-practica\/accidentes-de-bicicleta\/","og_site_name":"Taylor | Serbin Injury Lawyers","article_publisher":"https:\/\/www.facebook.com\/TheLawOfficesOfJasonETaylor\/","article_modified_time":"2023-09-20T13:35:09+00:00","twitter_card":"summary_large_image","twitter_site":"@lawyerjet","twitter_misc":{"Est. reading time":"3 minutes"},"schema":{"@context":"https:\/\/schema.org","@graph":[{"@type":"WebPage","@id":"https:\/\/thelitigator.com\/es\/areas-de-practica\/accidentes-de-bicicleta\/","url":"https:\/\/thelitigator.com\/es\/areas-de-practica\/accidentes-de-bicicleta\/","name":"Abogados de Accidentes de Bicicleta en Carolina del Norte y del Sur","isPartOf":{"@id":"https:\/\/thelitigator.com\/es\/#website"},"datePublished":"2021-05-14T03:58:53+00:00","dateModified":"2023-09-20T13:35:09+00:00","description":"Contacte a nuestros abogados de accidentes de bicicleta en Taylor | Serbin Injury Lawyers, P.C. para una consulta gratuita en Carolina del Norte y del Sur.","breadcrumb":{"@id":"https:\/\/thelitigator.com\/es\/areas-de-practica\/accidentes-de-bicicleta\/#breadcrumb"},"inLanguage":"es-US","potentialAction":[{"@type":"ReadAction","target":["https:\/\/thelitigator.com\/es\/areas-de-practica\/accidentes-de-bicicleta\/"]}]},{"@type":"BreadcrumbList","@id":"https:\/\/thelitigator.com\/es\/areas-de-practica\/accidentes-de-bicicleta\/#breadcrumb","itemListElement":[{"@type":"ListItem","position":1,"name":"Home","item":"https:\/\/thelitigator.com\/es\/"},{"@type":"ListItem","position":2,"name":"\u00c1REAS DE PR\u00c1CTICA","item":"https:\/\/thelitigator.com\/es\/practice-areas\/"},{"@type":"ListItem","position":3,"name":"ACCIDENTES DE BICICLETA"}]},{"@type":"WebSite","@id":"https:\/\/thelitigator.com\/es\/#website","url":"https:\/\/thelitigator.com\/es\/","name":"Taylor | Serbin Injury Lawyers","description":"Taylor | Serbin Injury Lawyers Serving North and South Carolina Areas","publisher":{"@id":"https:\/\/thelitigator.com\/es\/#organization"},"potentialAction":[{"@type":"SearchAction","target":{"@type":"EntryPoint","urlTemplate":"https:\/\/thelitigator.com\/es\/?s={search_term_string}"},"query-input":{"@type":"PropertyValueSpecification","valueRequired":true,"valueName":"search_term_string"}}],"inLanguage":"es-US"},{"@type":"Organization","@id":"https:\/\/thelitigator.com\/es\/#organization","name":"Taylor | Serbin Injury Lawyers","url":"https:\/\/thelitigator.com\/es\/","logo":{"@type":"ImageObject","inLanguage":"es-US","@id":"https:\/\/thelitigator.com\/es\/#\/schema\/logo\/image\/","url":"https:\/\/thelitigator.com\/wp-content\/uploads\/2025\/12\/TSL-brand-final-01.svg","contentUrl":"https:\/\/thelitigator.com\/wp-content\/uploads\/2025\/12\/TSL-brand-final-01.svg","width":288,"height":198,"caption":"Taylor | Serbin Injury Lawyers"},"image":{"@id":"https:\/\/thelitigator.com\/es\/#\/schema\/logo\/image\/"},"sameAs":["https:\/\/www.facebook.com\/TheLawOfficesOfJasonETaylor\/","https:\/\/x.com\/lawyerjet"]}]}},"_links":{"self":[{"href":"https:\/\/thelitigator.com\/es\/wp-json\/wp\/v2\/pages\/10049","targetHints":{"allow":["GET"]}}],"collection":[{"href":"https:\/\/thelitigator.com\/es\/wp-json\/wp\/v2\/pages"}],"about":[{"href":"https:\/\/thelitigator.com\/es\/wp-json\/wp\/v2\/types\/page"}],"author":[{"embeddable":true,"href":"https:\/\/thelitigator.com\/es\/wp-json\/wp\/v2\/users\/8"}],"replies":[{"embeddable":true,"href":"https:\/\/thelitigator.com\/es\/wp-json\/wp\/v2\/comments?post=10049"}],"version-history":[{"count":0,"href":"https:\/\/thelitigator.com\/es\/wp-json\/wp\/v2\/pages\/10049\/revisions"}],"up":[{"embeddable":true,"href":"https:\/\/thelitigator.com\/es\/wp-json\/wp\/v2\/pages\/10002"}],"wp:attachment":[{"href":"https:\/\/thelitigator.com\/es\/wp-json\/wp\/v2\/media?parent=10049"}],"wp:term":[{"taxonomy":"category","embeddable":true,"href":"https:\/\/thelitigator.com\/es\/wp-json\/wp\/v2\/categories?post=10049"},{"taxonomy":"post_tag","embeddable":true,"href":"https:\/\/thelitigator.com\/es\/wp-json\/wp\/v2\/tags?post=10049"},{"taxonomy":"attorney","embeddable":true,"href":"https:\/\/thelitigator.com\/es\/wp-json\/wp\/v2\/attorney?post=10049"}],"curies":[{"name":"wp","href":"https:\/\/api.w.org\/{rel}","templated":true}]}}