{"id":10016,"date":"2021-05-13T23:51:54","date_gmt":"2021-05-14T03:51:54","guid":{"rendered":"https:\/\/thelitigator.com\/areas-de-practica\/wrongful-death\/"},"modified":"2023-09-20T09:35:09","modified_gmt":"2023-09-20T13:35:09","slug":"muerte-injusta","status":"publish","type":"page","link":"https:\/\/thelitigator.com\/es\/areas-de-practica\/muerte-injusta\/","title":{"rendered":"MUERTE INJUSTA"},"content":{"rendered":"\n<h2 class=\"wp-block-heading\"><strong>Seg\u00fan la ley de Carolina del Norte, la familia sobreviviente de una demanda por muerte por negligencia puede recuperarse<\/strong><\/h2>\n\n\n\n<ul class=\"wp-block-list\">\n<li>Costos m\u00e9dicos del fallecido.<\/li>\n\n\n\n<li>Da\u00f1os por dolor y sufrimiento<\/li>\n\n\n\n<li>Gastos de funeral<\/li>\n\n\n\n<li>P\u00e9rdida de ingreso<\/li>\n\n\n\n<li>P\u00e9rdida de consorcio<\/li>\n<\/ul>\n\n\n\n<p>Despu\u00e9s de un accidente, para obtener asesoramiento legal compasivo, llame a las Oficinas Legales de Jason E. Taylor al (800) 351-3008 para programar una evaluaci\u00f3n gratuita de su caso con nuestros abogados de muerte por negligencia en Carolina del Norte y Carolina del Sur.<\/p>\n\n\n\n<h2 class=\"wp-block-heading\"><strong>Comprender la ley de muerte por negligencia en Carolina del Norte<\/strong><\/h2>\n\n\n\n<p>Cuando se pregunte si es elegible para presentar una demanda por muerte por negligencia en nombre de un ser querido, considere esta pregunta:<\/p>\n\n\n\n<p>Si el fallecido hubiera sobrevivido al accidente, \u00bfhabr\u00eda tenido motivos para presentar una demanda por lesiones personales?<\/p>\n\n\n\n<p>En otras palabras, \u00bffue el accidente resultado de la negligencia o el descuido de otra persona? Si es as\u00ed, un familiar directo u otra parte puede presentar una demanda por muerte por negligencia y recibir la compensaci\u00f3n que se le habr\u00eda debido al fallecido. Es posible que se les deba m\u00e1s dada la gravedad de la situaci\u00f3n y la angustia emocional que han sufrido los seres queridos.<\/p>\n\n\n\n<h2 class=\"wp-block-heading\"><strong>Hay varios objetivos finales en una demanda por muerte por negligencia<\/strong><\/h2>\n\n\n\n<ol class=\"wp-block-list\">\n<li>Recuperaci\u00f3n de los gastos m\u00e9dicos utilizados para tratar al fallecido antes de su muerte, en su caso, y de los gastos funerarios en que haya incurrido la familia superviviente.<\/li>\n\n\n\n<li>Ayuda con la p\u00e9rdida de ingresos por fallecimiento. Esto podr\u00eda aplicarse a los salarios perdidos que alguna vez gan\u00f3 el fallecido o cuando los deudos necesitan dejar sus trabajos para procesar el dolor y lidiar con las consecuencias de la tragedia.<\/li>\n\n\n\n<li>Buscar da\u00f1os punitivos contra los responsables. Estos da\u00f1os promulgan alg\u00fan castigo directo a los responsables. No todas las demandas por muerte por negligencia implican la b\u00fasqueda de da\u00f1os punitivos. Por lo general, se les imputan casos en los que la negligencia fue tan atroz que se podr\u00eda decir que las partes responsables permitieron intencionalmente que sucediera.<\/li>\n<\/ol>\n\n\n\n<h2 class=\"wp-block-heading\"><strong>Obtenga justicia por muerte por negligencia en Carolina del Norte y Carolina del Sur<\/strong><\/h2>\n\n\n\n<p>Las Oficinas Legales de Jason E. Taylor est\u00e1n llenas de gente decente y trabajadora, como nuestros clientes.<\/p>\n\n\n\n<p>Nuestros abogados de muerte por negligencia de Carolina del Norte y Carolina del Sur son personas con los pies en la tierra y muy emp\u00e1ticas con la dif\u00edcil situaci\u00f3n de los heridos. Ofrecemos asesoramiento legal compasivo a los familiares sobrevivientes y los mantenemos involucrados en el caso de principio a fin. Nuestro equipo est\u00e1 formado por litigantes fervientes y agresivos que se enorgullecen de ayudar a la gente de nuestra comunidad.<\/p>\n\n\n\n<h5 class=\"wp-block-heading\"><strong>Ll\u00e1menos hoy al (800) 351-3008 y solicite una consulta gratuita para analizar sus opciones de recurso legal.<\/strong><\/h5>\n","protected":false},"excerpt":{"rendered":"<p>Las familias se ven puestas en situaciones muy dif\u00edciles cuando un ser querido muere en un accidente. Adem\u00e1s de la angustia emocional, estos casos tambi\u00e9n tienen ramificaciones financieras si el fallecido contribu\u00eda a los ingresos del hogar. No es f\u00e1cil afrontar estas tragedias y la idea de motivarse para presentar una demanda puede parecer desalentadora. Aun as\u00ed, en \u00faltima instancia ser\u00e1 beneficioso para usted, su familia y el difunto. Puede compensar las p\u00e9rdidas financieras y generar una sensaci\u00f3n de cierre, sabiendo que los responsables rindieron cuentas.<\/p>\n","protected":false},"author":8,"featured_media":0,"parent":10002,"menu_order":0,"comment_status":"closed","ping_status":"closed","template":"","meta":{"_acf_changed":false,"footnotes":""},"categories":[1450],"tags":[],"attorney":[],"class_list":["post-10016","page","type-page","status-publish","hentry","category-wrongful-death-es"],"acf":[],"yoast_head":"<!-- This site is optimized with the Yoast SEO plugin v27.3 - https:\/\/yoast.com\/product\/yoast-seo-wordpress\/ -->\n<title>Abogados de Muerte Injusta en Carolina del Norte y del Sur<\/title>\n<meta name=\"description\" content=\"Contacte a nuestros abogados de muerte injusta en Taylor | Serbin Injury Lawyers, P.C. para una consulta gratuita en Carolina del Norte y del Sur.\" \/>\n<meta name=\"robots\" content=\"index, follow, max-snippet:-1, max-image-preview:large, max-video-preview:-1\" \/>\n<link rel=\"canonical\" href=\"https:\/\/thelitigator.com\/es\/areas-de-practica\/muerte-injusta\/\" \/>\n<meta property=\"og:locale\" content=\"es_ES\" \/>\n<meta property=\"og:type\" content=\"article\" \/>\n<meta property=\"og:title\" content=\"Abogados de Muerte Injusta en Carolina del Norte y del Sur\" \/>\n<meta property=\"og:description\" content=\"Contacte a nuestros abogados de muerte injusta en Taylor | Serbin Injury Lawyers, P.C. para una consulta gratuita en Carolina del Norte y del Sur.\" \/>\n<meta property=\"og:url\" content=\"https:\/\/thelitigator.com\/es\/areas-de-practica\/muerte-injusta\/\" \/>\n<meta property=\"og:site_name\" content=\"Taylor | Serbin Injury Lawyers\" \/>\n<meta property=\"article:publisher\" content=\"https:\/\/www.facebook.com\/TheLawOfficesOfJasonETaylor\/\" \/>\n<meta property=\"article:modified_time\" content=\"2023-09-20T13:35:09+00:00\" \/>\n<meta name=\"twitter:card\" content=\"summary_large_image\" \/>\n<meta name=\"twitter:site\" content=\"@lawyerjet\" \/>\n<meta name=\"twitter:label1\" content=\"Est. reading time\" \/>\n\t<meta name=\"twitter:data1\" content=\"2 minutes\" \/>\n<script type=\"application\/ld+json\" class=\"yoast-schema-graph\">{\"@context\":\"https:\\\/\\\/schema.org\",\"@graph\":[{\"@type\":\"WebPage\",\"@id\":\"https:\\\/\\\/thelitigator.com\\\/es\\\/areas-de-practica\\\/muerte-injusta\\\/\",\"url\":\"https:\\\/\\\/thelitigator.com\\\/es\\\/areas-de-practica\\\/muerte-injusta\\\/\",\"name\":\"Abogados de Muerte Injusta en Carolina del Norte y del Sur\",\"isPartOf\":{\"@id\":\"https:\\\/\\\/thelitigator.com\\\/es\\\/#website\"},\"datePublished\":\"2021-05-14T03:51:54+00:00\",\"dateModified\":\"2023-09-20T13:35:09+00:00\",\"description\":\"Contacte a nuestros abogados de muerte injusta en Taylor | Serbin Injury Lawyers, P.C. para una consulta gratuita en Carolina del Norte y del Sur.\",\"breadcrumb\":{\"@id\":\"https:\\\/\\\/thelitigator.com\\\/es\\\/areas-de-practica\\\/muerte-injusta\\\/#breadcrumb\"},\"inLanguage\":\"es-US\",\"potentialAction\":[{\"@type\":\"ReadAction\",\"target\":[\"https:\\\/\\\/thelitigator.com\\\/es\\\/areas-de-practica\\\/muerte-injusta\\\/\"]}]},{\"@type\":\"BreadcrumbList\",\"@id\":\"https:\\\/\\\/thelitigator.com\\\/es\\\/areas-de-practica\\\/muerte-injusta\\\/#breadcrumb\",\"itemListElement\":[{\"@type\":\"ListItem\",\"position\":1,\"name\":\"Home\",\"item\":\"https:\\\/\\\/thelitigator.com\\\/es\\\/\"},{\"@type\":\"ListItem\",\"position\":2,\"name\":\"\u00c1REAS DE PR\u00c1CTICA\",\"item\":\"https:\\\/\\\/thelitigator.com\\\/es\\\/practice-areas\\\/\"},{\"@type\":\"ListItem\",\"position\":3,\"name\":\"MUERTE INJUSTA\"}]},{\"@type\":\"WebSite\",\"@id\":\"https:\\\/\\\/thelitigator.com\\\/es\\\/#website\",\"url\":\"https:\\\/\\\/thelitigator.com\\\/es\\\/\",\"name\":\"Taylor | Serbin Injury Lawyers\",\"description\":\"Taylor | Serbin Injury Lawyers Serving North and South Carolina Areas\",\"publisher\":{\"@id\":\"https:\\\/\\\/thelitigator.com\\\/es\\\/#organization\"},\"potentialAction\":[{\"@type\":\"SearchAction\",\"target\":{\"@type\":\"EntryPoint\",\"urlTemplate\":\"https:\\\/\\\/thelitigator.com\\\/es\\\/?s={search_term_string}\"},\"query-input\":{\"@type\":\"PropertyValueSpecification\",\"valueRequired\":true,\"valueName\":\"search_term_string\"}}],\"inLanguage\":\"es-US\"},{\"@type\":\"Organization\",\"@id\":\"https:\\\/\\\/thelitigator.com\\\/es\\\/#organization\",\"name\":\"Taylor | Serbin Injury Lawyers\",\"url\":\"https:\\\/\\\/thelitigator.com\\\/es\\\/\",\"logo\":{\"@type\":\"ImageObject\",\"inLanguage\":\"es-US\",\"@id\":\"https:\\\/\\\/thelitigator.com\\\/es\\\/#\\\/schema\\\/logo\\\/image\\\/\",\"url\":\"https:\\\/\\\/thelitigator.com\\\/wp-content\\\/uploads\\\/2025\\\/12\\\/TSL-brand-final-01.svg\",\"contentUrl\":\"https:\\\/\\\/thelitigator.com\\\/wp-content\\\/uploads\\\/2025\\\/12\\\/TSL-brand-final-01.svg\",\"width\":288,\"height\":198,\"caption\":\"Taylor | Serbin Injury Lawyers\"},\"image\":{\"@id\":\"https:\\\/\\\/thelitigator.com\\\/es\\\/#\\\/schema\\\/logo\\\/image\\\/\"},\"sameAs\":[\"https:\\\/\\\/www.facebook.com\\\/TheLawOfficesOfJasonETaylor\\\/\",\"https:\\\/\\\/x.com\\\/lawyerjet\"]}]}<\/script>\n<!-- \/ Yoast SEO plugin. -->","yoast_head_json":{"title":"Abogados de Muerte Injusta en Carolina del Norte y del Sur","description":"Contacte a nuestros abogados de muerte injusta en Taylor | Serbin Injury Lawyers, P.C. para una consulta gratuita en Carolina del Norte y del Sur.","robots":{"index":"index","follow":"follow","max-snippet":"max-snippet:-1","max-image-preview":"max-image-preview:large","max-video-preview":"max-video-preview:-1"},"canonical":"https:\/\/thelitigator.com\/es\/areas-de-practica\/muerte-injusta\/","og_locale":"es_ES","og_type":"article","og_title":"Abogados de Muerte Injusta en Carolina del Norte y del Sur","og_description":"Contacte a nuestros abogados de muerte injusta en Taylor | Serbin Injury Lawyers, P.C. para una consulta gratuita en Carolina del Norte y del Sur.","og_url":"https:\/\/thelitigator.com\/es\/areas-de-practica\/muerte-injusta\/","og_site_name":"Taylor | Serbin Injury Lawyers","article_publisher":"https:\/\/www.facebook.com\/TheLawOfficesOfJasonETaylor\/","article_modified_time":"2023-09-20T13:35:09+00:00","twitter_card":"summary_large_image","twitter_site":"@lawyerjet","twitter_misc":{"Est. reading time":"2 minutes"},"schema":{"@context":"https:\/\/schema.org","@graph":[{"@type":"WebPage","@id":"https:\/\/thelitigator.com\/es\/areas-de-practica\/muerte-injusta\/","url":"https:\/\/thelitigator.com\/es\/areas-de-practica\/muerte-injusta\/","name":"Abogados de Muerte Injusta en Carolina del Norte y del Sur","isPartOf":{"@id":"https:\/\/thelitigator.com\/es\/#website"},"datePublished":"2021-05-14T03:51:54+00:00","dateModified":"2023-09-20T13:35:09+00:00","description":"Contacte a nuestros abogados de muerte injusta en Taylor | Serbin Injury Lawyers, P.C. para una consulta gratuita en Carolina del Norte y del Sur.","breadcrumb":{"@id":"https:\/\/thelitigator.com\/es\/areas-de-practica\/muerte-injusta\/#breadcrumb"},"inLanguage":"es-US","potentialAction":[{"@type":"ReadAction","target":["https:\/\/thelitigator.com\/es\/areas-de-practica\/muerte-injusta\/"]}]},{"@type":"BreadcrumbList","@id":"https:\/\/thelitigator.com\/es\/areas-de-practica\/muerte-injusta\/#breadcrumb","itemListElement":[{"@type":"ListItem","position":1,"name":"Home","item":"https:\/\/thelitigator.com\/es\/"},{"@type":"ListItem","position":2,"name":"\u00c1REAS DE PR\u00c1CTICA","item":"https:\/\/thelitigator.com\/es\/practice-areas\/"},{"@type":"ListItem","position":3,"name":"MUERTE INJUSTA"}]},{"@type":"WebSite","@id":"https:\/\/thelitigator.com\/es\/#website","url":"https:\/\/thelitigator.com\/es\/","name":"Taylor | Serbin Injury Lawyers","description":"Taylor | Serbin Injury Lawyers Serving North and South Carolina Areas","publisher":{"@id":"https:\/\/thelitigator.com\/es\/#organization"},"potentialAction":[{"@type":"SearchAction","target":{"@type":"EntryPoint","urlTemplate":"https:\/\/thelitigator.com\/es\/?s={search_term_string}"},"query-input":{"@type":"PropertyValueSpecification","valueRequired":true,"valueName":"search_term_string"}}],"inLanguage":"es-US"},{"@type":"Organization","@id":"https:\/\/thelitigator.com\/es\/#organization","name":"Taylor | Serbin Injury Lawyers","url":"https:\/\/thelitigator.com\/es\/","logo":{"@type":"ImageObject","inLanguage":"es-US","@id":"https:\/\/thelitigator.com\/es\/#\/schema\/logo\/image\/","url":"https:\/\/thelitigator.com\/wp-content\/uploads\/2025\/12\/TSL-brand-final-01.svg","contentUrl":"https:\/\/thelitigator.com\/wp-content\/uploads\/2025\/12\/TSL-brand-final-01.svg","width":288,"height":198,"caption":"Taylor | Serbin Injury Lawyers"},"image":{"@id":"https:\/\/thelitigator.com\/es\/#\/schema\/logo\/image\/"},"sameAs":["https:\/\/www.facebook.com\/TheLawOfficesOfJasonETaylor\/","https:\/\/x.com\/lawyerjet"]}]}},"_links":{"self":[{"href":"https:\/\/thelitigator.com\/es\/wp-json\/wp\/v2\/pages\/10016","targetHints":{"allow":["GET"]}}],"collection":[{"href":"https:\/\/thelitigator.com\/es\/wp-json\/wp\/v2\/pages"}],"about":[{"href":"https:\/\/thelitigator.com\/es\/wp-json\/wp\/v2\/types\/page"}],"author":[{"embeddable":true,"href":"https:\/\/thelitigator.com\/es\/wp-json\/wp\/v2\/users\/8"}],"replies":[{"embeddable":true,"href":"https:\/\/thelitigator.com\/es\/wp-json\/wp\/v2\/comments?post=10016"}],"version-history":[{"count":0,"href":"https:\/\/thelitigator.com\/es\/wp-json\/wp\/v2\/pages\/10016\/revisions"}],"up":[{"embeddable":true,"href":"https:\/\/thelitigator.com\/es\/wp-json\/wp\/v2\/pages\/10002"}],"wp:attachment":[{"href":"https:\/\/thelitigator.com\/es\/wp-json\/wp\/v2\/media?parent=10016"}],"wp:term":[{"taxonomy":"category","embeddable":true,"href":"https:\/\/thelitigator.com\/es\/wp-json\/wp\/v2\/categories?post=10016"},{"taxonomy":"post_tag","embeddable":true,"href":"https:\/\/thelitigator.com\/es\/wp-json\/wp\/v2\/tags?post=10016"},{"taxonomy":"attorney","embeddable":true,"href":"https:\/\/thelitigator.com\/es\/wp-json\/wp\/v2\/attorney?post=10016"}],"curies":[{"name":"wp","href":"https:\/\/api.w.org\/{rel}","templated":true}]}}