{"id":10015,"date":"2021-05-14T00:09:07","date_gmt":"2021-05-14T04:09:07","guid":{"rendered":"https:\/\/thelitigator.com\/areas-de-practica\/premises-liability\/"},"modified":"2023-09-20T09:35:09","modified_gmt":"2023-09-20T13:35:09","slug":"responsabilidad-de-las-instalaciones","status":"publish","type":"page","link":"https:\/\/thelitigator.com\/es\/areas-de-practica\/responsabilidad-de-las-instalaciones\/","title":{"rendered":"RESPONSABILIDAD DE LAS INSTALACIONES"},"content":{"rendered":"\n<h2 class=\"wp-block-heading\"><strong>\u00bfQu\u00e9 caus\u00f3 la ca\u00edda o la lesi\u00f3n?<\/strong><\/h2>\n\n\n\n<p>Carolina del Norte exige que los visitantes, invitados, clientes, etc., ejerzan un cuidado razonable cuando se encuentren en la propiedad de una persona o empresa, y el propietario de la propiedad debe haber incumplido su deber de proporcionar un entorno seguro. Por eso es fundamental poder identificar qu\u00e9 provoc\u00f3 la ca\u00edda.<\/p>\n\n\n\n<p>Si no se puede identificar la causa de su ca\u00edda, demostrar la culpa puede resultar complicado, pero no imposible. Si puede identificar qu\u00e9 caus\u00f3 la ca\u00edda, \u00bffue lo suficientemente abierta y obvia como para poder evitarla razonablemente? La ley no espera ni exige que usted camine con el mayor cuidado posible, pero s\u00ed espera que usted se maneje con cuidado. A continuaci\u00f3n, necesita saber qui\u00e9n es responsable de lo que provoc\u00f3 su ca\u00edda.<\/p>\n\n\n\n<h2 class=\"wp-block-heading\"><strong>\u00bfQui\u00e9n es responsable de lo que caus\u00f3 la ca\u00edda\/lesi\u00f3n?<\/strong><\/h2>\n\n\n\n<p>A veces es el due\u00f1o de la tienda. A veces es un vendedor en la tienda. Teniendo experiencia en estos casos es donde tambi\u00e9n se pueden ver resultados. Muchos abogados en Carolina del Norte ya no aceptan estos casos porque se han vuelto muy complejos. Sin embargo, los abogados de las Oficinas Legales de Jason E. Taylor escuchar\u00e1n su caso y evaluar\u00e1n si podemos ayudarlo.<\/p>\n\n\n\n<p>Con oficinas en Charlotte, Hickory, Concord y Rock Hill, y miembros del equipo que viven en Lenoir, Newton, Charlotte, Huntersville, Greenville y Columbia, por nombrar algunos, tenemos el conocimiento local para comprender mejor su caso.<\/p>\n\n\n\n<p>No todas las ca\u00eddas se generan por igual. Los hechos que rodean el caso de su local son extremadamente cr\u00edticos para determinar si tiene un reclamo o no. Documente todo.<\/p>\n\n\n\n<h2 class=\"wp-block-heading\"><strong>Re\u00fana los hechos<\/strong><\/h2>\n\n\n\n<p>Tome fotograf\u00edas de la escena, averig\u00fce qu\u00e9 caus\u00f3 su ca\u00edda, si fue en una tienda, complete un informe con el gerente y solicite el informe, y escriba el nombre de todos los que estuvieron presentes. Cuanto m\u00e1s sepa sobre el accidente y cuanto antes lo sepa, mejor podremos analizar si tiene un reclamo viable.<\/p>\n\n\n\n<h2 class=\"wp-block-heading\"><strong>Objetos que caen<\/strong><\/h2>\n\n\n\n<p>La mayor\u00eda de la gente piensa que los casos de premisas ocurren cuando usted se resbala, tropieza y cae en la propiedad de alguien. Sin embargo, a veces algo m\u00e1s cae, rueda o choca contra usted mientras est\u00e1 en una tienda.<\/p>\n\n\n\n<p>Si usted resulta lesionado por algo que cae sobre usted bajo el control exclusivo del due\u00f1o de la propiedad, se presume negligente. La carga de demostrar que no fueron negligentes recae sobre ellos. Sorprendentemente, esto sucede con m\u00e1s frecuencia de lo que piensas. Muchas tiendas grandes mantienen sus existencias en estantes altos hasta que las necesitan, y no siempre se apilan o aseguran adecuadamente.<\/p>\n\n\n\n<p>Estas situaciones pueden provocar lesiones graves, ya que los objetos que caen suelen golpear primero la cabeza y el cuello de la persona. En este caso, los hechos siguen siendo vitales y debemos tomar las mismas medidas que en un resbal\u00f3n y ca\u00edda para presentar su caso de la mejor manera posible.<\/p>\n\n\n\n<h2 class=\"wp-block-heading\"><strong>Buscar atenci\u00f3n m\u00e9dica<\/strong><\/h2>\n\n\n\n<p>Las lesiones de un caso local son tan variadas como los hechos que las rodean y van desde un ego magullado hasta ligamentos desgarrados, huesos rotos e incluso lesiones cerebrales traum\u00e1ticas. Como ocurre con cualquier caso de lesiones personales, es imperativo buscar tratamiento si cree que algo anda mal. Debido a la gran variedad de lesiones, es posible que no sepas durante un d\u00eda o m\u00e1s si algo anda mal. Ning\u00fan abogado puede decir si usted est\u00e1 herido o no. Este es un trabajo para un m\u00e9dico. Si crees que puede haber algo mal, lo mejor es que pienses primero en tu salud y despu\u00e9s en tu caso.<\/p>\n\n\n\n<h2 class=\"wp-block-heading\"><strong>Buscar ayuda legal<\/strong><\/h2>\n\n\n\n<p>Aunque los casos de responsabilidad de locales son extremadamente complejos y a menudo deben litigarse, los abogados de las Oficinas Legales de Jason E. Taylor quieren conocer su caso para determinar si merece una compensaci\u00f3n.<\/p>\n\n\n\n<p>No hay excusa para un propietario negligente y una negligencia que resulte en lesiones a otra persona. Las compa\u00f1\u00edas de seguros quieren esconderse detr\u00e1s de leyes que no protegen adecuadamente a las personas lesionadas. Pero, si usted est\u00e1 lesionado y cree que alguien m\u00e1s puede tener la culpa, deje que los abogados de las Oficinas Legales de Jason E. Taylor determinen qu\u00e9 podemos hacer.<\/p>\n\n\n\n<h2 class=\"wp-block-heading\"><strong>P\u00f3ngase en contacto con nuestros abogados de lesiones personales<\/strong><\/h2>\n\n\n\n<p><a href=\"https:\/\/thelitigator.com\/es\/contactenos\/\">Cont\u00e1ctenos<\/a>&nbsp; hoy para hablar con uno de nuestros abogados de Charlotte, Concord, Hickory o Rock Hill.<\/p>\n","protected":false},"excerpt":{"rendered":"<p>Todo el mundo recuerda los dibujos animados en los que alguien se resbala con una c\u00e1scara de pl\u00e1tano y se produce una hilaridad. Lo que queda fuera de estas caricaturas es \u00bfqui\u00e9n paga las facturas m\u00e9dicas, los salarios perdidos y el dolor y sufrimiento de la persona ca\u00edda? Tener un equipo legal que est\u00e9 completamente preparado para analizar los hechos relacionados con su resbal\u00f3n y ca\u00edda hace todo lo posible para obtener una compensaci\u00f3n.<\/p>\n","protected":false},"author":8,"featured_media":9055,"parent":10002,"menu_order":0,"comment_status":"closed","ping_status":"closed","template":"","meta":{"_acf_changed":false,"footnotes":""},"categories":[1437],"tags":[],"attorney":[],"class_list":["post-10015","page","type-page","status-publish","has-post-thumbnail","hentry","category-premises-liability-es"],"acf":[],"yoast_head":"<!-- This site is optimized with the Yoast SEO plugin v27.4 - https:\/\/yoast.com\/product\/yoast-seo-wordpress\/ -->\n<title>Abogados de Responsabilidad por Accidentes en Propiedades en Carolina del Norte y del Sur<\/title>\n<meta name=\"description\" content=\"Contacte a nuestros abogados de responsabilidad civil por accidentes en propiedades en Taylor | Serbin Injury Lawyers, P.C. para una consulta gratuita en Carolina del Norte y del Sur.\" \/>\n<meta name=\"robots\" content=\"index, follow, max-snippet:-1, max-image-preview:large, max-video-preview:-1\" \/>\n<link rel=\"canonical\" href=\"https:\/\/thelitigator.com\/es\/areas-de-practica\/responsabilidad-de-las-instalaciones\/\" \/>\n<meta property=\"og:locale\" content=\"es_ES\" \/>\n<meta property=\"og:type\" content=\"article\" \/>\n<meta property=\"og:title\" content=\"Abogados de Responsabilidad por Accidentes en Propiedades en Carolina del Norte y del Sur\" \/>\n<meta property=\"og:description\" content=\"Contacte a nuestros abogados de responsabilidad civil por accidentes en propiedades en Taylor | Serbin Injury Lawyers, P.C. para una consulta gratuita en Carolina del Norte y del Sur.\" \/>\n<meta property=\"og:url\" content=\"https:\/\/thelitigator.com\/es\/areas-de-practica\/responsabilidad-de-las-instalaciones\/\" \/>\n<meta property=\"og:site_name\" content=\"Taylor | Serbin Injury Lawyers\" \/>\n<meta property=\"article:publisher\" content=\"https:\/\/www.facebook.com\/TheLawOfficesOfJasonETaylor\/\" \/>\n<meta property=\"article:modified_time\" content=\"2023-09-20T13:35:09+00:00\" \/>\n<meta property=\"og:image\" content=\"https:\/\/thelitigator.com\/wp-content\/uploads\/2022\/10\/t-h-chia-zkOg39koe80-unsplash-1-scaled.jpg\" \/>\n\t<meta property=\"og:image:width\" content=\"2560\" \/>\n\t<meta property=\"og:image:height\" content=\"1707\" \/>\n\t<meta property=\"og:image:type\" content=\"image\/jpeg\" \/>\n<meta name=\"twitter:card\" content=\"summary_large_image\" \/>\n<meta name=\"twitter:site\" content=\"@lawyerjet\" \/>\n<meta name=\"twitter:label1\" content=\"Est. reading time\" \/>\n\t<meta name=\"twitter:data1\" content=\"4 minutes\" \/>\n<script type=\"application\/ld+json\" class=\"yoast-schema-graph\">{\"@context\":\"https:\\\/\\\/schema.org\",\"@graph\":[{\"@type\":\"WebPage\",\"@id\":\"https:\\\/\\\/thelitigator.com\\\/es\\\/areas-de-practica\\\/responsabilidad-de-las-instalaciones\\\/\",\"url\":\"https:\\\/\\\/thelitigator.com\\\/es\\\/areas-de-practica\\\/responsabilidad-de-las-instalaciones\\\/\",\"name\":\"Abogados de Responsabilidad por Accidentes en Propiedades en Carolina del Norte y del Sur\",\"isPartOf\":{\"@id\":\"https:\\\/\\\/thelitigator.com\\\/es\\\/#website\"},\"primaryImageOfPage\":{\"@id\":\"https:\\\/\\\/thelitigator.com\\\/es\\\/areas-de-practica\\\/responsabilidad-de-las-instalaciones\\\/#primaryimage\"},\"image\":{\"@id\":\"https:\\\/\\\/thelitigator.com\\\/es\\\/areas-de-practica\\\/responsabilidad-de-las-instalaciones\\\/#primaryimage\"},\"thumbnailUrl\":\"https:\\\/\\\/thelitigator.com\\\/wp-content\\\/uploads\\\/2022\\\/10\\\/t-h-chia-zkOg39koe80-unsplash-1-scaled.jpg\",\"datePublished\":\"2021-05-14T04:09:07+00:00\",\"dateModified\":\"2023-09-20T13:35:09+00:00\",\"description\":\"Contacte a nuestros abogados de responsabilidad civil por accidentes en propiedades en Taylor | Serbin Injury Lawyers, P.C. para una consulta gratuita en Carolina del Norte y del Sur.\",\"breadcrumb\":{\"@id\":\"https:\\\/\\\/thelitigator.com\\\/es\\\/areas-de-practica\\\/responsabilidad-de-las-instalaciones\\\/#breadcrumb\"},\"inLanguage\":\"es-US\",\"potentialAction\":[{\"@type\":\"ReadAction\",\"target\":[\"https:\\\/\\\/thelitigator.com\\\/es\\\/areas-de-practica\\\/responsabilidad-de-las-instalaciones\\\/\"]}]},{\"@type\":\"ImageObject\",\"inLanguage\":\"es-US\",\"@id\":\"https:\\\/\\\/thelitigator.com\\\/es\\\/areas-de-practica\\\/responsabilidad-de-las-instalaciones\\\/#primaryimage\",\"url\":\"https:\\\/\\\/thelitigator.com\\\/wp-content\\\/uploads\\\/2022\\\/10\\\/t-h-chia-zkOg39koe80-unsplash-1-scaled.jpg\",\"contentUrl\":\"https:\\\/\\\/thelitigator.com\\\/wp-content\\\/uploads\\\/2022\\\/10\\\/t-h-chia-zkOg39koe80-unsplash-1-scaled.jpg\",\"width\":2560,\"height\":1707,\"caption\":\"Premises Liability Lawyer Greenville, North Carolina\"},{\"@type\":\"BreadcrumbList\",\"@id\":\"https:\\\/\\\/thelitigator.com\\\/es\\\/areas-de-practica\\\/responsabilidad-de-las-instalaciones\\\/#breadcrumb\",\"itemListElement\":[{\"@type\":\"ListItem\",\"position\":1,\"name\":\"Home\",\"item\":\"https:\\\/\\\/thelitigator.com\\\/es\\\/\"},{\"@type\":\"ListItem\",\"position\":2,\"name\":\"\u00c1REAS DE PR\u00c1CTICA\",\"item\":\"https:\\\/\\\/thelitigator.com\\\/es\\\/practice-areas\\\/\"},{\"@type\":\"ListItem\",\"position\":3,\"name\":\"RESPONSABILIDAD DE LAS INSTALACIONES\"}]},{\"@type\":\"WebSite\",\"@id\":\"https:\\\/\\\/thelitigator.com\\\/es\\\/#website\",\"url\":\"https:\\\/\\\/thelitigator.com\\\/es\\\/\",\"name\":\"Taylor | Serbin Injury Lawyers\",\"description\":\"Taylor | Serbin Injury Lawyers Serving North and South Carolina Areas\",\"publisher\":{\"@id\":\"https:\\\/\\\/thelitigator.com\\\/es\\\/#organization\"},\"potentialAction\":[{\"@type\":\"SearchAction\",\"target\":{\"@type\":\"EntryPoint\",\"urlTemplate\":\"https:\\\/\\\/thelitigator.com\\\/es\\\/?s={search_term_string}\"},\"query-input\":{\"@type\":\"PropertyValueSpecification\",\"valueRequired\":true,\"valueName\":\"search_term_string\"}}],\"inLanguage\":\"es-US\"},{\"@type\":\"Organization\",\"@id\":\"https:\\\/\\\/thelitigator.com\\\/es\\\/#organization\",\"name\":\"Taylor | Serbin Injury Lawyers\",\"url\":\"https:\\\/\\\/thelitigator.com\\\/es\\\/\",\"logo\":{\"@type\":\"ImageObject\",\"inLanguage\":\"es-US\",\"@id\":\"https:\\\/\\\/thelitigator.com\\\/es\\\/#\\\/schema\\\/logo\\\/image\\\/\",\"url\":\"https:\\\/\\\/thelitigator.com\\\/wp-content\\\/uploads\\\/2025\\\/12\\\/TSL-brand-final-01.svg\",\"contentUrl\":\"https:\\\/\\\/thelitigator.com\\\/wp-content\\\/uploads\\\/2025\\\/12\\\/TSL-brand-final-01.svg\",\"width\":288,\"height\":198,\"caption\":\"Taylor | Serbin Injury Lawyers\"},\"image\":{\"@id\":\"https:\\\/\\\/thelitigator.com\\\/es\\\/#\\\/schema\\\/logo\\\/image\\\/\"},\"sameAs\":[\"https:\\\/\\\/www.facebook.com\\\/TheLawOfficesOfJasonETaylor\\\/\",\"https:\\\/\\\/x.com\\\/lawyerjet\"]}]}<\/script>\n<!-- \/ Yoast SEO plugin. -->","yoast_head_json":{"title":"Abogados de Responsabilidad por Accidentes en Propiedades en Carolina del Norte y del Sur","description":"Contacte a nuestros abogados de responsabilidad civil por accidentes en propiedades en Taylor | Serbin Injury Lawyers, P.C. para una consulta gratuita en Carolina del Norte y del Sur.","robots":{"index":"index","follow":"follow","max-snippet":"max-snippet:-1","max-image-preview":"max-image-preview:large","max-video-preview":"max-video-preview:-1"},"canonical":"https:\/\/thelitigator.com\/es\/areas-de-practica\/responsabilidad-de-las-instalaciones\/","og_locale":"es_ES","og_type":"article","og_title":"Abogados de Responsabilidad por Accidentes en Propiedades en Carolina del Norte y del Sur","og_description":"Contacte a nuestros abogados de responsabilidad civil por accidentes en propiedades en Taylor | Serbin Injury Lawyers, P.C. para una consulta gratuita en Carolina del Norte y del Sur.","og_url":"https:\/\/thelitigator.com\/es\/areas-de-practica\/responsabilidad-de-las-instalaciones\/","og_site_name":"Taylor | Serbin Injury Lawyers","article_publisher":"https:\/\/www.facebook.com\/TheLawOfficesOfJasonETaylor\/","article_modified_time":"2023-09-20T13:35:09+00:00","og_image":[{"width":2560,"height":1707,"url":"https:\/\/thelitigator.com\/wp-content\/uploads\/2022\/10\/t-h-chia-zkOg39koe80-unsplash-1-scaled.jpg","type":"image\/jpeg"}],"twitter_card":"summary_large_image","twitter_site":"@lawyerjet","twitter_misc":{"Est. reading time":"4 minutes"},"schema":{"@context":"https:\/\/schema.org","@graph":[{"@type":"WebPage","@id":"https:\/\/thelitigator.com\/es\/areas-de-practica\/responsabilidad-de-las-instalaciones\/","url":"https:\/\/thelitigator.com\/es\/areas-de-practica\/responsabilidad-de-las-instalaciones\/","name":"Abogados de Responsabilidad por Accidentes en Propiedades en Carolina del Norte y del Sur","isPartOf":{"@id":"https:\/\/thelitigator.com\/es\/#website"},"primaryImageOfPage":{"@id":"https:\/\/thelitigator.com\/es\/areas-de-practica\/responsabilidad-de-las-instalaciones\/#primaryimage"},"image":{"@id":"https:\/\/thelitigator.com\/es\/areas-de-practica\/responsabilidad-de-las-instalaciones\/#primaryimage"},"thumbnailUrl":"https:\/\/thelitigator.com\/wp-content\/uploads\/2022\/10\/t-h-chia-zkOg39koe80-unsplash-1-scaled.jpg","datePublished":"2021-05-14T04:09:07+00:00","dateModified":"2023-09-20T13:35:09+00:00","description":"Contacte a nuestros abogados de responsabilidad civil por accidentes en propiedades en Taylor | Serbin Injury Lawyers, P.C. para una consulta gratuita en Carolina del Norte y del Sur.","breadcrumb":{"@id":"https:\/\/thelitigator.com\/es\/areas-de-practica\/responsabilidad-de-las-instalaciones\/#breadcrumb"},"inLanguage":"es-US","potentialAction":[{"@type":"ReadAction","target":["https:\/\/thelitigator.com\/es\/areas-de-practica\/responsabilidad-de-las-instalaciones\/"]}]},{"@type":"ImageObject","inLanguage":"es-US","@id":"https:\/\/thelitigator.com\/es\/areas-de-practica\/responsabilidad-de-las-instalaciones\/#primaryimage","url":"https:\/\/thelitigator.com\/wp-content\/uploads\/2022\/10\/t-h-chia-zkOg39koe80-unsplash-1-scaled.jpg","contentUrl":"https:\/\/thelitigator.com\/wp-content\/uploads\/2022\/10\/t-h-chia-zkOg39koe80-unsplash-1-scaled.jpg","width":2560,"height":1707,"caption":"Premises Liability Lawyer Greenville, North Carolina"},{"@type":"BreadcrumbList","@id":"https:\/\/thelitigator.com\/es\/areas-de-practica\/responsabilidad-de-las-instalaciones\/#breadcrumb","itemListElement":[{"@type":"ListItem","position":1,"name":"Home","item":"https:\/\/thelitigator.com\/es\/"},{"@type":"ListItem","position":2,"name":"\u00c1REAS DE PR\u00c1CTICA","item":"https:\/\/thelitigator.com\/es\/practice-areas\/"},{"@type":"ListItem","position":3,"name":"RESPONSABILIDAD DE LAS INSTALACIONES"}]},{"@type":"WebSite","@id":"https:\/\/thelitigator.com\/es\/#website","url":"https:\/\/thelitigator.com\/es\/","name":"Taylor | Serbin Injury Lawyers","description":"Taylor | Serbin Injury Lawyers Serving North and South Carolina Areas","publisher":{"@id":"https:\/\/thelitigator.com\/es\/#organization"},"potentialAction":[{"@type":"SearchAction","target":{"@type":"EntryPoint","urlTemplate":"https:\/\/thelitigator.com\/es\/?s={search_term_string}"},"query-input":{"@type":"PropertyValueSpecification","valueRequired":true,"valueName":"search_term_string"}}],"inLanguage":"es-US"},{"@type":"Organization","@id":"https:\/\/thelitigator.com\/es\/#organization","name":"Taylor | Serbin Injury Lawyers","url":"https:\/\/thelitigator.com\/es\/","logo":{"@type":"ImageObject","inLanguage":"es-US","@id":"https:\/\/thelitigator.com\/es\/#\/schema\/logo\/image\/","url":"https:\/\/thelitigator.com\/wp-content\/uploads\/2025\/12\/TSL-brand-final-01.svg","contentUrl":"https:\/\/thelitigator.com\/wp-content\/uploads\/2025\/12\/TSL-brand-final-01.svg","width":288,"height":198,"caption":"Taylor | Serbin Injury Lawyers"},"image":{"@id":"https:\/\/thelitigator.com\/es\/#\/schema\/logo\/image\/"},"sameAs":["https:\/\/www.facebook.com\/TheLawOfficesOfJasonETaylor\/","https:\/\/x.com\/lawyerjet"]}]}},"_links":{"self":[{"href":"https:\/\/thelitigator.com\/es\/wp-json\/wp\/v2\/pages\/10015","targetHints":{"allow":["GET"]}}],"collection":[{"href":"https:\/\/thelitigator.com\/es\/wp-json\/wp\/v2\/pages"}],"about":[{"href":"https:\/\/thelitigator.com\/es\/wp-json\/wp\/v2\/types\/page"}],"author":[{"embeddable":true,"href":"https:\/\/thelitigator.com\/es\/wp-json\/wp\/v2\/users\/8"}],"replies":[{"embeddable":true,"href":"https:\/\/thelitigator.com\/es\/wp-json\/wp\/v2\/comments?post=10015"}],"version-history":[{"count":0,"href":"https:\/\/thelitigator.com\/es\/wp-json\/wp\/v2\/pages\/10015\/revisions"}],"up":[{"embeddable":true,"href":"https:\/\/thelitigator.com\/es\/wp-json\/wp\/v2\/pages\/10002"}],"wp:featuredmedia":[{"embeddable":true,"href":"https:\/\/thelitigator.com\/es\/wp-json\/wp\/v2\/media\/9055"}],"wp:attachment":[{"href":"https:\/\/thelitigator.com\/es\/wp-json\/wp\/v2\/media?parent=10015"}],"wp:term":[{"taxonomy":"category","embeddable":true,"href":"https:\/\/thelitigator.com\/es\/wp-json\/wp\/v2\/categories?post=10015"},{"taxonomy":"post_tag","embeddable":true,"href":"https:\/\/thelitigator.com\/es\/wp-json\/wp\/v2\/tags?post=10015"},{"taxonomy":"attorney","embeddable":true,"href":"https:\/\/thelitigator.com\/es\/wp-json\/wp\/v2\/attorney?post=10015"}],"curies":[{"name":"wp","href":"https:\/\/api.w.org\/{rel}","templated":true}]}}