{"id":10005,"date":"2021-04-15T00:45:37","date_gmt":"2021-04-15T04:45:37","guid":{"rendered":"https:\/\/thelitigator.com\/auto\/"},"modified":"2023-09-20T09:35:08","modified_gmt":"2023-09-20T13:35:08","slug":"accidentes-automovilisticos","status":"publish","type":"page","link":"https:\/\/thelitigator.com\/es\/areas-de-practica\/accidentes-automovilisticos\/","title":{"rendered":"ACCIDENTES AUTOMOVIL\u00cdSTICOS"},"content":{"rendered":"\n<h4 class=\"wp-block-heading\"><strong>Nuestro equipo de abogados, investigadores y administradores de casos de accidentes automovil\u00edsticos est\u00e1n listos para servirle desde nuestras oficinas ubicadas en las Carolinas.<\/strong><\/h4>\n\n\n\n<p><a href=\"https:\/\/thelitigator.com\/es\/charlotte-nc\/abogados-de-accidentes-automovilisticos\/\">Abogados de accidentes automovil\u00edsticos en Charlotte, Carolina del Norte<\/a><\/p>\n\n\n\n<p><a href=\"https:\/\/thelitigator.com\/es\/hickory-nc\/abogados-de-accidentes-automovilisticos\/\">Hickory, Carolina del Norte Abogados de accidentes automovil\u00edsticos<\/a><\/p>\n\n\n\n<p><a href=\"https:\/\/thelitigator.com\/es\/concord-nc\/abogados-de-accidentes-automovilisticos\/\">Concord, Carolina del Norte Abogados de accidentes automovil\u00edsticos<\/a><\/p>\n\n\n\n<p><a href=\"https:\/\/thelitigator.com\/es\/rock-hill-sc\/abogados-de-accidentes-automovilisticos\/\">Rock-Hill, SC Abogados de accidentes automovil\u00edsticos<\/a><\/p>\n\n\n\n<h2 class=\"wp-block-heading\"><strong>\u00bfCu\u00e1les son las causas comunes de los accidentes automovil\u00edsticos?<\/strong><\/h2>\n\n\n\n<p>Es posible que tenga derecho a una compensaci\u00f3n si result\u00f3 lesionado en un accidente automovil\u00edstico causado por la culpa o negligencia de otra persona.<\/p>\n\n\n\n<p>Los conductores pueden ser negligentes y provocar accidentes de varias maneras, entre ellas:<\/p>\n\n\n\n<p><strong>Conducir en estado de ebriedad:<\/strong>&nbsp; en Carolina del Norte, el 23,7% de todas las muertes por accidentes de tr\u00e1fico en 2019 se debieron a problemas de alcohol, seg\u00fan la NHTSA.<\/p>\n\n\n\n<p><strong>Conducci\u00f3n distra\u00edda:<\/strong>&nbsp; Se estima que 53,541 personas resultaron heridas en accidentes por conducci\u00f3n distra\u00edda en Carolina del Norte en 2019. La conducci\u00f3n distra\u00edda incluye enviar mensajes de texto, hablar por tel\u00e9fono celular o cualquier actividad que distraiga al conductor de operar el veh\u00edculo.<\/p>\n\n\n\n<p><strong>Conducir con sue\u00f1o:<\/strong>&nbsp; Seg\u00fan una encuesta realizada por la National Sleep Foundation, 103 millones de estadounidenses admitieron haberse quedado dormidos al volante. Aproximadamente 11 millones de personas admitieron haber sufrido accidentes por conducir con sue\u00f1o.<\/p>\n\n\n\n<p><strong>Conducci\u00f3n agresiva:<\/strong>&nbsp; este comportamiento peligroso adopta muchas formas. Actos como exceso de velocidad, seguir demasiado de cerca, pasarse los sem\u00e1foros en rojo y zigzaguear entre carriles son formas de conducci\u00f3n agresiva.<\/p>\n\n\n\n<h2 class=\"wp-block-heading\"><strong>Qu\u00e9 hacer cuando se ve involucrado en un accidente automovil\u00edstico<\/strong><\/h2>\n\n\n\n<p>Nadie planea verse involucrado en un accidente, pero es fundamental saber qu\u00e9 hacer si ocurre uno. Tomar las medidas adecuadas desde el principio puede mejorar sus posibilidades de recuperarse de los da\u00f1os.<\/p>\n\n\n\n<p>A continuaci\u00f3n se detallan algunas cosas que debe hacer despu\u00e9s de un accidente, si es posible:<\/p>\n\n\n\n<p><strong>Detenga su veh\u00edculo. <\/strong>&nbsp;Abandonar la escena de un accidente es un delito.<\/p>\n\n\n\n<p><strong>Llame al 911 si alguien resulta herido. <\/strong>&nbsp;Si no, llama a la polic\u00eda. Ellos pueden decirle si debe mover o no el veh\u00edculo.<\/p>\n\n\n\n<p><strong>Obtenga los nombres, direcciones y n\u00fameros de tel\u00e9fono de todas las personas en el lugar, en particular de los testigos.<\/strong><\/p>\n\n\n\n<p><strong>Ver un doctor. <\/strong>&nbsp;Sea espec\u00edfico al explicar el accidente y cualquier lesi\u00f3n o problema que est\u00e9 experimentando.<\/p>\n\n\n\n<p><strong>Llame a las oficinas legales de Jason E. Taylor. <\/strong>&nbsp;Es posible que necesite un abogado de accidentes automovil\u00edsticos para asegurarse de que se haga todo lo posible para lograr una resoluci\u00f3n justa de su reclamo.<\/p>\n\n\n\n<p><strong>No firme nada<\/strong>&nbsp; y no haga declaraciones si se presenta un tasador de seguros.<\/p>\n\n\n\n<p><strong>Llame a su compa\u00f1\u00eda de seguros<\/strong>&nbsp; despu\u00e9s de haber hablado con su abogado.<\/p>\n\n\n\n<h2 class=\"wp-block-heading\"><strong>Abogados que lo tratan como a una persona, no como a un cliente m\u00e1s<\/strong><\/h2>\n\n\n\n<p>Jason Taylor tiene una calificaci\u00f3n Martindale-Hubbell\u00ae AV\u00ae. Realmente nos preocupamos por nuestros clientes y los tratamos como miembros de la familia. Cuando trabaje con nuestra firma, colaborar\u00e1 con personas con los pies en la tierra que conforman un equipo legal dedicado con a\u00f1os de capacitaci\u00f3n y experiencia legal. Programar una consulta gratuita est\u00e1 a solo una llamada de distancia.<\/p>\n\n\n\n<h4 class=\"wp-block-heading\"><strong>P\u00f3ngase en contacto con nuestros abogados de lesiones personales<\/strong><\/h4>\n\n\n\n<p><a href=\"https:\/\/thelitigator.com\/es\/contactenos\/\">Cont\u00e1ctenos<\/a>&nbsp; hoy para hablar con uno de nuestros abogados de Charlotte, Concord, Hickory o Rock Hill.<\/p>\n","protected":false},"excerpt":{"rendered":"<p>Los accidentes automovil\u00edsticos son una de las principales causas de lesiones en todo el pa\u00eds. Seg\u00fan la Divisi\u00f3n de Veh\u00edculos Motorizados, solo en Carolina del Norte, 80,277 personas resultaron heridas y 1,369 murieron en accidentes de tr\u00e1nsito en 2019. En las Oficinas Legales de Jason E. Taylor, nuestros abogados de accidentes automovil\u00edsticos en Carolina del Norte y del Sur ayudan a las personas perjudicadas en Accidentes automovil\u00edsticos causados \u200b\u200bpor otros conductores. Nuestra firma ha obtenido indemnizaciones por accidentes automovil\u00edsticos para muchas v\u00edctimas de accidentes que sufrieron da\u00f1os, incluidas facturas m\u00e9dicas y hospitalarias, p\u00e9rdida de ingresos y dolor y sufrimiento.<\/p>\n","protected":false},"author":8,"featured_media":9009,"parent":10002,"menu_order":0,"comment_status":"closed","ping_status":"closed","template":"","meta":{"_acf_changed":false,"footnotes":""},"categories":[1428],"tags":[],"attorney":[],"class_list":["post-10005","page","type-page","status-publish","has-post-thumbnail","hentry","category-car-accidents-es"],"acf":[],"yoast_head":"<!-- This site is optimized with the Yoast SEO plugin v27.4 - https:\/\/yoast.com\/product\/yoast-seo-wordpress\/ -->\n<title>Abogados de Accidentes de Autom\u00f3vil en Carolina del Norte y del Sur<\/title>\n<meta name=\"description\" content=\"Contacte a nuestros abogados de accidentes de autom\u00f3vil en Taylor | Serbin Injury Lawyers, P.C. para una consulta gratuita en Carolina del Norte y del Sur.\" \/>\n<meta name=\"robots\" content=\"index, follow, max-snippet:-1, max-image-preview:large, max-video-preview:-1\" \/>\n<link rel=\"canonical\" href=\"https:\/\/thelitigator.com\/es\/areas-de-practica\/accidentes-automovilisticos\/\" \/>\n<meta property=\"og:locale\" content=\"es_ES\" \/>\n<meta property=\"og:type\" content=\"article\" \/>\n<meta property=\"og:title\" content=\"Abogados de Accidentes de Autom\u00f3vil en Carolina del Norte y del Sur\" \/>\n<meta property=\"og:description\" content=\"Contacte a nuestros abogados de accidentes de autom\u00f3vil en Taylor | Serbin Injury Lawyers, P.C. para una consulta gratuita en Carolina del Norte y del Sur.\" \/>\n<meta property=\"og:url\" content=\"https:\/\/thelitigator.com\/es\/areas-de-practica\/accidentes-automovilisticos\/\" \/>\n<meta property=\"og:site_name\" content=\"Taylor | Serbin Injury Lawyers\" \/>\n<meta property=\"article:publisher\" content=\"https:\/\/www.facebook.com\/TheLawOfficesOfJasonETaylor\/\" \/>\n<meta property=\"article:modified_time\" content=\"2023-09-20T13:35:08+00:00\" \/>\n<meta property=\"og:image\" content=\"https:\/\/thelitigator.com\/wp-content\/uploads\/2022\/08\/2022-08-09_21-45-59.png\" \/>\n\t<meta property=\"og:image:width\" content=\"794\" \/>\n\t<meta property=\"og:image:height\" content=\"497\" \/>\n\t<meta property=\"og:image:type\" content=\"image\/png\" \/>\n<meta name=\"twitter:card\" content=\"summary_large_image\" \/>\n<meta name=\"twitter:site\" content=\"@lawyerjet\" \/>\n<meta name=\"twitter:label1\" content=\"Est. reading time\" \/>\n\t<meta name=\"twitter:data1\" content=\"3 minutes\" \/>\n<script type=\"application\/ld+json\" class=\"yoast-schema-graph\">{\"@context\":\"https:\\\/\\\/schema.org\",\"@graph\":[{\"@type\":\"WebPage\",\"@id\":\"https:\\\/\\\/thelitigator.com\\\/es\\\/areas-de-practica\\\/accidentes-automovilisticos\\\/\",\"url\":\"https:\\\/\\\/thelitigator.com\\\/es\\\/areas-de-practica\\\/accidentes-automovilisticos\\\/\",\"name\":\"Abogados de Accidentes de Autom\u00f3vil en Carolina del Norte y del Sur\",\"isPartOf\":{\"@id\":\"https:\\\/\\\/thelitigator.com\\\/es\\\/#website\"},\"primaryImageOfPage\":{\"@id\":\"https:\\\/\\\/thelitigator.com\\\/es\\\/areas-de-practica\\\/accidentes-automovilisticos\\\/#primaryimage\"},\"image\":{\"@id\":\"https:\\\/\\\/thelitigator.com\\\/es\\\/areas-de-practica\\\/accidentes-automovilisticos\\\/#primaryimage\"},\"thumbnailUrl\":\"https:\\\/\\\/thelitigator.com\\\/wp-content\\\/uploads\\\/2022\\\/08\\\/2022-08-09_21-45-59.png\",\"datePublished\":\"2021-04-15T04:45:37+00:00\",\"dateModified\":\"2023-09-20T13:35:08+00:00\",\"description\":\"Contacte a nuestros abogados de accidentes de autom\u00f3vil en Taylor | Serbin Injury Lawyers, P.C. para una consulta gratuita en Carolina del Norte y del Sur.\",\"breadcrumb\":{\"@id\":\"https:\\\/\\\/thelitigator.com\\\/es\\\/areas-de-practica\\\/accidentes-automovilisticos\\\/#breadcrumb\"},\"inLanguage\":\"es-US\",\"potentialAction\":[{\"@type\":\"ReadAction\",\"target\":[\"https:\\\/\\\/thelitigator.com\\\/es\\\/areas-de-practica\\\/accidentes-automovilisticos\\\/\"]}]},{\"@type\":\"ImageObject\",\"inLanguage\":\"es-US\",\"@id\":\"https:\\\/\\\/thelitigator.com\\\/es\\\/areas-de-practica\\\/accidentes-automovilisticos\\\/#primaryimage\",\"url\":\"https:\\\/\\\/thelitigator.com\\\/wp-content\\\/uploads\\\/2022\\\/08\\\/2022-08-09_21-45-59.png\",\"contentUrl\":\"https:\\\/\\\/thelitigator.com\\\/wp-content\\\/uploads\\\/2022\\\/08\\\/2022-08-09_21-45-59.png\",\"width\":794,\"height\":497,\"caption\":\"When Should I Hire a Car Accident Lawyer in Columbia, SC?\"},{\"@type\":\"BreadcrumbList\",\"@id\":\"https:\\\/\\\/thelitigator.com\\\/es\\\/areas-de-practica\\\/accidentes-automovilisticos\\\/#breadcrumb\",\"itemListElement\":[{\"@type\":\"ListItem\",\"position\":1,\"name\":\"Home\",\"item\":\"https:\\\/\\\/thelitigator.com\\\/es\\\/\"},{\"@type\":\"ListItem\",\"position\":2,\"name\":\"\u00c1REAS DE PR\u00c1CTICA\",\"item\":\"https:\\\/\\\/thelitigator.com\\\/es\\\/practice-areas\\\/\"},{\"@type\":\"ListItem\",\"position\":3,\"name\":\"ACCIDENTES AUTOMOVIL\u00cdSTICOS\"}]},{\"@type\":\"WebSite\",\"@id\":\"https:\\\/\\\/thelitigator.com\\\/es\\\/#website\",\"url\":\"https:\\\/\\\/thelitigator.com\\\/es\\\/\",\"name\":\"Taylor | Serbin Injury Lawyers\",\"description\":\"Taylor | Serbin Injury Lawyers Serving North and South Carolina Areas\",\"publisher\":{\"@id\":\"https:\\\/\\\/thelitigator.com\\\/es\\\/#organization\"},\"potentialAction\":[{\"@type\":\"SearchAction\",\"target\":{\"@type\":\"EntryPoint\",\"urlTemplate\":\"https:\\\/\\\/thelitigator.com\\\/es\\\/?s={search_term_string}\"},\"query-input\":{\"@type\":\"PropertyValueSpecification\",\"valueRequired\":true,\"valueName\":\"search_term_string\"}}],\"inLanguage\":\"es-US\"},{\"@type\":\"Organization\",\"@id\":\"https:\\\/\\\/thelitigator.com\\\/es\\\/#organization\",\"name\":\"Taylor | Serbin Injury Lawyers\",\"url\":\"https:\\\/\\\/thelitigator.com\\\/es\\\/\",\"logo\":{\"@type\":\"ImageObject\",\"inLanguage\":\"es-US\",\"@id\":\"https:\\\/\\\/thelitigator.com\\\/es\\\/#\\\/schema\\\/logo\\\/image\\\/\",\"url\":\"https:\\\/\\\/thelitigator.com\\\/wp-content\\\/uploads\\\/2025\\\/12\\\/TSL-brand-final-01.svg\",\"contentUrl\":\"https:\\\/\\\/thelitigator.com\\\/wp-content\\\/uploads\\\/2025\\\/12\\\/TSL-brand-final-01.svg\",\"width\":288,\"height\":198,\"caption\":\"Taylor | Serbin Injury Lawyers\"},\"image\":{\"@id\":\"https:\\\/\\\/thelitigator.com\\\/es\\\/#\\\/schema\\\/logo\\\/image\\\/\"},\"sameAs\":[\"https:\\\/\\\/www.facebook.com\\\/TheLawOfficesOfJasonETaylor\\\/\",\"https:\\\/\\\/x.com\\\/lawyerjet\"]}]}<\/script>\n<!-- \/ Yoast SEO plugin. -->","yoast_head_json":{"title":"Abogados de Accidentes de Autom\u00f3vil en Carolina del Norte y del Sur","description":"Contacte a nuestros abogados de accidentes de autom\u00f3vil en Taylor | Serbin Injury Lawyers, P.C. para una consulta gratuita en Carolina del Norte y del Sur.","robots":{"index":"index","follow":"follow","max-snippet":"max-snippet:-1","max-image-preview":"max-image-preview:large","max-video-preview":"max-video-preview:-1"},"canonical":"https:\/\/thelitigator.com\/es\/areas-de-practica\/accidentes-automovilisticos\/","og_locale":"es_ES","og_type":"article","og_title":"Abogados de Accidentes de Autom\u00f3vil en Carolina del Norte y del Sur","og_description":"Contacte a nuestros abogados de accidentes de autom\u00f3vil en Taylor | Serbin Injury Lawyers, P.C. para una consulta gratuita en Carolina del Norte y del Sur.","og_url":"https:\/\/thelitigator.com\/es\/areas-de-practica\/accidentes-automovilisticos\/","og_site_name":"Taylor | Serbin Injury Lawyers","article_publisher":"https:\/\/www.facebook.com\/TheLawOfficesOfJasonETaylor\/","article_modified_time":"2023-09-20T13:35:08+00:00","og_image":[{"width":794,"height":497,"url":"https:\/\/thelitigator.com\/wp-content\/uploads\/2022\/08\/2022-08-09_21-45-59.png","type":"image\/png"}],"twitter_card":"summary_large_image","twitter_site":"@lawyerjet","twitter_misc":{"Est. reading time":"3 minutes"},"schema":{"@context":"https:\/\/schema.org","@graph":[{"@type":"WebPage","@id":"https:\/\/thelitigator.com\/es\/areas-de-practica\/accidentes-automovilisticos\/","url":"https:\/\/thelitigator.com\/es\/areas-de-practica\/accidentes-automovilisticos\/","name":"Abogados de Accidentes de Autom\u00f3vil en Carolina del Norte y del Sur","isPartOf":{"@id":"https:\/\/thelitigator.com\/es\/#website"},"primaryImageOfPage":{"@id":"https:\/\/thelitigator.com\/es\/areas-de-practica\/accidentes-automovilisticos\/#primaryimage"},"image":{"@id":"https:\/\/thelitigator.com\/es\/areas-de-practica\/accidentes-automovilisticos\/#primaryimage"},"thumbnailUrl":"https:\/\/thelitigator.com\/wp-content\/uploads\/2022\/08\/2022-08-09_21-45-59.png","datePublished":"2021-04-15T04:45:37+00:00","dateModified":"2023-09-20T13:35:08+00:00","description":"Contacte a nuestros abogados de accidentes de autom\u00f3vil en Taylor | Serbin Injury Lawyers, P.C. para una consulta gratuita en Carolina del Norte y del Sur.","breadcrumb":{"@id":"https:\/\/thelitigator.com\/es\/areas-de-practica\/accidentes-automovilisticos\/#breadcrumb"},"inLanguage":"es-US","potentialAction":[{"@type":"ReadAction","target":["https:\/\/thelitigator.com\/es\/areas-de-practica\/accidentes-automovilisticos\/"]}]},{"@type":"ImageObject","inLanguage":"es-US","@id":"https:\/\/thelitigator.com\/es\/areas-de-practica\/accidentes-automovilisticos\/#primaryimage","url":"https:\/\/thelitigator.com\/wp-content\/uploads\/2022\/08\/2022-08-09_21-45-59.png","contentUrl":"https:\/\/thelitigator.com\/wp-content\/uploads\/2022\/08\/2022-08-09_21-45-59.png","width":794,"height":497,"caption":"When Should I Hire a Car Accident Lawyer in Columbia, SC?"},{"@type":"BreadcrumbList","@id":"https:\/\/thelitigator.com\/es\/areas-de-practica\/accidentes-automovilisticos\/#breadcrumb","itemListElement":[{"@type":"ListItem","position":1,"name":"Home","item":"https:\/\/thelitigator.com\/es\/"},{"@type":"ListItem","position":2,"name":"\u00c1REAS DE PR\u00c1CTICA","item":"https:\/\/thelitigator.com\/es\/practice-areas\/"},{"@type":"ListItem","position":3,"name":"ACCIDENTES AUTOMOVIL\u00cdSTICOS"}]},{"@type":"WebSite","@id":"https:\/\/thelitigator.com\/es\/#website","url":"https:\/\/thelitigator.com\/es\/","name":"Taylor | Serbin Injury Lawyers","description":"Taylor | Serbin Injury Lawyers Serving North and South Carolina Areas","publisher":{"@id":"https:\/\/thelitigator.com\/es\/#organization"},"potentialAction":[{"@type":"SearchAction","target":{"@type":"EntryPoint","urlTemplate":"https:\/\/thelitigator.com\/es\/?s={search_term_string}"},"query-input":{"@type":"PropertyValueSpecification","valueRequired":true,"valueName":"search_term_string"}}],"inLanguage":"es-US"},{"@type":"Organization","@id":"https:\/\/thelitigator.com\/es\/#organization","name":"Taylor | Serbin Injury Lawyers","url":"https:\/\/thelitigator.com\/es\/","logo":{"@type":"ImageObject","inLanguage":"es-US","@id":"https:\/\/thelitigator.com\/es\/#\/schema\/logo\/image\/","url":"https:\/\/thelitigator.com\/wp-content\/uploads\/2025\/12\/TSL-brand-final-01.svg","contentUrl":"https:\/\/thelitigator.com\/wp-content\/uploads\/2025\/12\/TSL-brand-final-01.svg","width":288,"height":198,"caption":"Taylor | Serbin Injury Lawyers"},"image":{"@id":"https:\/\/thelitigator.com\/es\/#\/schema\/logo\/image\/"},"sameAs":["https:\/\/www.facebook.com\/TheLawOfficesOfJasonETaylor\/","https:\/\/x.com\/lawyerjet"]}]}},"_links":{"self":[{"href":"https:\/\/thelitigator.com\/es\/wp-json\/wp\/v2\/pages\/10005","targetHints":{"allow":["GET"]}}],"collection":[{"href":"https:\/\/thelitigator.com\/es\/wp-json\/wp\/v2\/pages"}],"about":[{"href":"https:\/\/thelitigator.com\/es\/wp-json\/wp\/v2\/types\/page"}],"author":[{"embeddable":true,"href":"https:\/\/thelitigator.com\/es\/wp-json\/wp\/v2\/users\/8"}],"replies":[{"embeddable":true,"href":"https:\/\/thelitigator.com\/es\/wp-json\/wp\/v2\/comments?post=10005"}],"version-history":[{"count":0,"href":"https:\/\/thelitigator.com\/es\/wp-json\/wp\/v2\/pages\/10005\/revisions"}],"up":[{"embeddable":true,"href":"https:\/\/thelitigator.com\/es\/wp-json\/wp\/v2\/pages\/10002"}],"wp:featuredmedia":[{"embeddable":true,"href":"https:\/\/thelitigator.com\/es\/wp-json\/wp\/v2\/media\/9009"}],"wp:attachment":[{"href":"https:\/\/thelitigator.com\/es\/wp-json\/wp\/v2\/media?parent=10005"}],"wp:term":[{"taxonomy":"category","embeddable":true,"href":"https:\/\/thelitigator.com\/es\/wp-json\/wp\/v2\/categories?post=10005"},{"taxonomy":"post_tag","embeddable":true,"href":"https:\/\/thelitigator.com\/es\/wp-json\/wp\/v2\/tags?post=10005"},{"taxonomy":"attorney","embeddable":true,"href":"https:\/\/thelitigator.com\/es\/wp-json\/wp\/v2\/attorney?post=10005"}],"curies":[{"name":"wp","href":"https:\/\/api.w.org\/{rel}","templated":true}]}}